{"id":43529,"date":"2023-12-11T16:12:10","date_gmt":"2023-12-11T15:12:10","guid":{"rendered":"https:\/\/artistics.com\/?post_type=product&#038;p=43529"},"modified":"2024-02-14T13:58:14","modified_gmt":"2024-02-14T12:58:14","slug":"concrete-scaffolding-01","status":"publish","type":"product","link":"https:\/\/artistics.com\/fr\/oeuvre\/concrete-scaffolding-01\/","title":{"rendered":"Concrete Scaffolding 01"},"content":{"rendered":"","protected":false},"excerpt":{"rendered":"","protected":false},"featured_media":43526,"template":"","meta":{"_acf_changed":false,"_searchwp_excluded":"","inline_featured_image":false},"product_cat":[410,163,191,193,200,216,236],"product_tag":[565,566,2505],"series":[2197],"class_list":{"0":"post-43529","1":"product","2":"type-product","3":"status-publish","4":"has-post-thumbnail","6":"product_cat-photographie-abstraite","7":"product_cat-photographie-contemporaine","8":"product_cat-architectures","9":"product_cat-geometrique","10":"product_cat-photographie-darchitecture","11":"product_cat-moyen","12":"product_cat-de-3000-a-10-000-e","13":"product_tag-dore","14":"product_tag-gris","15":"product_tag-oeuvres-dart-verticales","16":"series-bruno-fontana-golden-scaffolding-fr","18":"first","19":"instock","20":"shipping-taxable","21":"purchasable","22":"product-type-simple"},"acf":{"artwork_artist":[35890],"artwork_medium":163,"artwork_categories":[200,410],"artwork_overall-tones":[],"artwork_main-material":[],"artwork_art-genre":[191],"artwork_art-movement":[],"artwork_miscellaneous":[193],"artwork_formats":[216],"artwork_price-ranges":[236],"artwork_main_subject":[],"artwork_technique":[],"artwork_featured_location":[],"artwork_dominant_color":[565,566],"artwork_physical_attributes":[2505],"artwork_creation_date":"20210101","artwork_unique_piece":false,"artwork_description":"S\u00e9rigraphie encrage or sur gr\u00e8s b\u00e9ton","artwork_signature":"\u0152uvre sign\u00e9e","artwork_authenticity":"L\u2019\u0153uvre est vendue avec un certificat d\u2019authenticit\u00e9 sign\u00e9 par l\u2019artiste.","artwork_framing":"framed","artwork_has_custom_framing_info":true,"artwork_custom_framing_info":"L'\u0153uvre est vendue encadr\u00e9e avec un cadre noir (syst\u00e8me d\u2019accrochage inclus)\r\n","artwork_location_country":"FR","artwork_location_city":"","artwork_location_zipcode":"","artwork_shipment_type":"2D_flat_artwork","artwork_shipping_delivery":"photography_production_time","artwork_has_custom_shipping_delivery_info":false,"artwork_custom_shipping_delivery_info":"Not specified","artwork_360_view_url":"","artwork_video_url":"","artwork_video_format":[],"artwork_preview_type":"auto","artwork_reserved":false,"artwork_hide_price":false,"artwork_about":"<strong><em>Concrete Scaffolding 01<\/em><\/strong> est une photographie de l\u2019artiste contemporain Bruno Fontana.\r\n\r\n\u00c0 propos de la s\u00e9rie 'Golden Scaffolding\u2019, le photographe contemporain explique : \u00ab\u00a0<em>j'ai photographi\u00e9 des \u00e9chafaudages que j'ai d\u00e9tour\u00e9s comme s'il s'agissait de dentelle. Ensuite, je les ai pos\u00e9s sur une plaque de b\u00e9ton pour rappeler un peu l'id\u00e9e du chantier.\u00a0J'avais envie de valoriser cette forme qui est vraiment une forme fonctionnelle et une architecture \u00e9ph\u00e9m\u00e8re. J\u2019ai ensuite utilis\u00e9 la technique de la s\u00e9rigraphie, qui m'a permis de cr\u00e9er vraiment\u00a0\u2018l'encre d\u2019or\u2019 que je souhaitais afin de valoriser ces \u00e9chafaudages.<\/em>\u00a0\u00bb\r\n\r\nLe photographe contemporain Bruno Fontana explore les environnements urbains et les territoires. Il pousse le spectateur \u00e0 regarder les d\u00e9tails ordinaires, les \u00e9l\u00e9ments architecturaux et les paysages du quotidien. Chaque s\u00e9rie de photographies est une v\u00e9ritable invitation \u00e0 observer avec curiosit\u00e9 et \u00e0 laisser derri\u00e8re soi id\u00e9es re\u00e7ues, imaginaires et fantasmes. La figure humaine est absente du travail de l\u2019artiste et, pourtant, ce sont les m\u00e9canismes de la soci\u00e9t\u00e9 contemporaine, que Bruno Fontana d\u00e9cortique photographie apr\u00e8s photographie \u00e0 travers ses mosa\u00efques, ses inventaires et ses typologies. Bruno Dubreuil, enseignant et critique d\u2019art, r\u00e9sume ainsi sa d\u00e9marche : \u00ab <em>Entomologiste du quotidien, Bruno Fontana examine en d\u00e9tail nos cadres de vie, collecte et rassemble des formes, des images \u00e9pingl\u00e9es et pr\u00e9sent\u00e9es en planches.<\/em> \u00bb\r\n\r\nL'\u0153uvre est vendue encadr\u00e9e avec un cadre noir (syst\u00e8me d\u2019accrochage inclus)","artwork_series":[2197],"artwork_query_group":"20","artwork_lowest_grid_position":1,"artwork_random_position":8695046,"explicit_sensitive_content":false,"drupal_id":""},"yoast_head":"<!-- This site is optimized with the Yoast SEO Premium plugin v27.3 (Yoast SEO v27.3) - https:\/\/yoast.com\/product\/yoast-seo-premium-wordpress\/ -->\n<title>Concrete Scaffolding 01 par Bruno Fontana - Photographie contemporaine | Artistics<\/title>\n<meta name=\"description\" content=\"Concrete Scaffolding 01 par Bruno Fontana - achetez en ligne cette \u0153uvre d\u2019art originale avec son certificat d\u2019authenticit\u00e9 et b\u00e9n\u00e9ficiez de notre service premium.\" \/>\n<meta name=\"robots\" content=\"index, follow, max-snippet:-1, max-image-preview:large, max-video-preview:-1\" \/>\n<link rel=\"canonical\" href=\"https:\/\/artistics.com\/fr\/oeuvre\/concrete-scaffolding-01\/\" \/>\n<meta property=\"og:locale\" content=\"fr_FR\" \/>\n<meta property=\"og:type\" content=\"article\" \/>\n<meta property=\"og:title\" content=\"Concrete Scaffolding 01\" \/>\n<meta property=\"og:description\" content=\"Concrete Scaffolding 01 par Bruno Fontana - achetez en ligne cette \u0153uvre d\u2019art originale avec son certificat d\u2019authenticit\u00e9 et b\u00e9n\u00e9ficiez de notre service premium.\" \/>\n<meta property=\"og:url\" content=\"https:\/\/artistics.com\/fr\/oeuvre\/concrete-scaffolding-01\/\" \/>\n<meta property=\"og:site_name\" content=\"Artistics\" \/>\n<meta property=\"article:publisher\" content=\"https:\/\/www.facebook.com\/ArtisticsMag\" \/>\n<meta property=\"article:modified_time\" content=\"2024-02-14T12:58:14+00:00\" \/>\n<meta property=\"og:image\" content=\"https:\/\/artistics.com\/wp-content\/uploads\/2023\/11\/golden-scaffolding-concrete-photo-by-bruno-fontana-1.jpg\" \/>\n\t<meta property=\"og:image:width\" content=\"1032\" \/>\n\t<meta property=\"og:image:height\" content=\"2000\" \/>\n\t<meta property=\"og:image:type\" content=\"image\/jpeg\" \/>\n<meta name=\"twitter:card\" content=\"summary_large_image\" \/>\n<meta name=\"twitter:site\" content=\"@Artistics_FR\" \/>\n<meta name=\"twitter:label1\" content=\"Prix\" \/>\n\t<meta name=\"twitter:data1\" content=\"5 000&nbsp;&euro;\" \/>\n\t<meta name=\"twitter:label2\" content=\"Disponibilit\u00e9\" \/>\n\t<meta name=\"twitter:data2\" content=\"En stock\" \/>\n<script type=\"application\/ld+json\" class=\"yoast-schema-graph\">{\"@context\":\"https:\\\/\\\/schema.org\",\"@graph\":[{\"@type\":[\"WebPage\",\"ItemPage\"],\"@id\":\"https:\\\/\\\/artistics.com\\\/fr\\\/oeuvre\\\/concrete-scaffolding-01\\\/\",\"url\":\"https:\\\/\\\/artistics.com\\\/fr\\\/oeuvre\\\/concrete-scaffolding-01\\\/\",\"name\":\"Concrete Scaffolding 01 par Bruno Fontana - Photographie contemporaine | Artistics\",\"isPartOf\":{\"@id\":\"https:\\\/\\\/artistics.com\\\/fr\\\/#website\"},\"primaryImageOfPage\":{\"@id\":\"https:\\\/\\\/artistics.com\\\/fr\\\/oeuvre\\\/concrete-scaffolding-01\\\/#primaryimage\"},\"image\":{\"@id\":\"https:\\\/\\\/artistics.com\\\/fr\\\/oeuvre\\\/concrete-scaffolding-01\\\/#primaryimage\"},\"thumbnailUrl\":\"https:\\\/\\\/artistics.com\\\/wp-content\\\/uploads\\\/2023\\\/11\\\/golden-scaffolding-concrete-photo-by-bruno-fontana-1.jpg\",\"datePublished\":\"2023-12-11T15:12:10+00:00\",\"dateModified\":\"2024-02-14T12:58:14+00:00\",\"description\":\"Concrete Scaffolding 01 par Bruno Fontana - achetez en ligne cette \u0153uvre d\u2019art originale avec son certificat d\u2019authenticit\u00e9 et b\u00e9n\u00e9ficiez de notre service premium.\",\"breadcrumb\":{\"@id\":\"https:\\\/\\\/artistics.com\\\/fr\\\/oeuvre\\\/concrete-scaffolding-01\\\/#breadcrumb\"},\"inLanguage\":\"fr-FR\",\"potentialAction\":[{\"@type\":\"ReadAction\",\"target\":[\"https:\\\/\\\/artistics.com\\\/fr\\\/oeuvre\\\/concrete-scaffolding-01\\\/\"]}]},{\"@type\":\"ImageObject\",\"inLanguage\":\"fr-FR\",\"@id\":\"https:\\\/\\\/artistics.com\\\/fr\\\/oeuvre\\\/concrete-scaffolding-01\\\/#primaryimage\",\"url\":\"https:\\\/\\\/artistics.com\\\/wp-content\\\/uploads\\\/2023\\\/11\\\/golden-scaffolding-concrete-photo-by-bruno-fontana-1.jpg\",\"contentUrl\":\"https:\\\/\\\/artistics.com\\\/wp-content\\\/uploads\\\/2023\\\/11\\\/golden-scaffolding-concrete-photo-by-bruno-fontana-1.jpg\",\"width\":1032,\"height\":2000},{\"@type\":\"BreadcrumbList\",\"@id\":\"https:\\\/\\\/artistics.com\\\/fr\\\/oeuvre\\\/concrete-scaffolding-01\\\/#breadcrumb\",\"itemListElement\":[{\"@type\":\"ListItem\",\"position\":1,\"name\":\"Achat \u0153uvre d'art\",\"item\":\"https:\\\/\\\/artistics.com\\\/fr\\\/\"},{\"@type\":\"ListItem\",\"position\":2,\"name\":\"Galerie\",\"item\":\"https:\\\/\\\/artistics.com\\\/fr\\\/galerie\\\/\"},{\"@type\":\"ListItem\",\"position\":3,\"name\":\"Photographie contemporaine\",\"item\":\"https:\\\/\\\/artistics.com\\\/fr\\\/categorie-oeuvre\\\/photographie-contemporaine\\\/\"},{\"@type\":\"ListItem\",\"position\":4,\"name\":\"Concrete Scaffolding 01\"}]},{\"@type\":\"WebSite\",\"@id\":\"https:\\\/\\\/artistics.com\\\/fr\\\/#website\",\"url\":\"https:\\\/\\\/artistics.com\\\/fr\\\/\",\"name\":\"Artistics\",\"description\":\"The online art gallery\",\"publisher\":{\"@id\":\"https:\\\/\\\/artistics.com\\\/fr\\\/#organization\"},\"potentialAction\":[{\"@type\":\"SearchAction\",\"target\":{\"@type\":\"EntryPoint\",\"urlTemplate\":\"https:\\\/\\\/artistics.com\\\/fr\\\/?s={search_term_string}\"},\"query-input\":{\"@type\":\"PropertyValueSpecification\",\"valueRequired\":true,\"valueName\":\"search_term_string\"}}],\"inLanguage\":\"fr-FR\"},{\"@type\":\"Organization\",\"@id\":\"https:\\\/\\\/artistics.com\\\/fr\\\/#organization\",\"name\":\"Artistics\",\"url\":\"https:\\\/\\\/artistics.com\\\/fr\\\/\",\"logo\":{\"@type\":\"ImageObject\",\"inLanguage\":\"fr-FR\",\"@id\":\"https:\\\/\\\/artistics.com\\\/fr\\\/#\\\/schema\\\/logo\\\/image\\\/\",\"url\":\"https:\\\/\\\/artistics.com\\\/wp-content\\\/uploads\\\/2023\\\/02\\\/artistics-logo-web-1.svg\",\"contentUrl\":\"https:\\\/\\\/artistics.com\\\/wp-content\\\/uploads\\\/2023\\\/02\\\/artistics-logo-web-1.svg\",\"caption\":\"Artistics\"},\"image\":{\"@id\":\"https:\\\/\\\/artistics.com\\\/fr\\\/#\\\/schema\\\/logo\\\/image\\\/\"},\"sameAs\":[\"https:\\\/\\\/www.facebook.com\\\/ArtisticsMag\",\"https:\\\/\\\/x.com\\\/Artistics_FR\",\"http:\\\/\\\/www.linkedin.com\\\/company\\\/artistics\",\"https:\\\/\\\/www.instagram.com\\\/artistics_com\\\/\",\"http:\\\/\\\/www.pinterest.com\\\/ArtisticsMag\"],\"hasMerchantReturnPolicy\":{\"@type\":\"MerchantReturnPolicy\",\"merchantReturnLink\":\"https:\\\/\\\/artistics.com\\\/free-return-policy\\\/\"}}]}<\/script>\n<meta property=\"product:price:amount\" content=\"5000\" \/>\n<meta property=\"product:price:currency\" content=\"EUR\" \/>\n<meta property=\"og:availability\" content=\"instock\" \/>\n<meta property=\"product:availability\" content=\"instock\" \/>\n<meta property=\"product:condition\" content=\"new\" \/>\n<!-- \/ Yoast SEO Premium plugin. -->","yoast_head_json":{"title":"Concrete Scaffolding 01 par Bruno Fontana - Photographie contemporaine | Artistics","description":"Concrete Scaffolding 01 par Bruno Fontana - achetez en ligne cette \u0153uvre d\u2019art originale avec son certificat d\u2019authenticit\u00e9 et b\u00e9n\u00e9ficiez de notre service premium.","robots":{"index":"index","follow":"follow","max-snippet":"max-snippet:-1","max-image-preview":"max-image-preview:large","max-video-preview":"max-video-preview:-1"},"canonical":"https:\/\/artistics.com\/fr\/oeuvre\/concrete-scaffolding-01\/","og_locale":"fr_FR","og_type":"article","og_title":"Concrete Scaffolding 01","og_description":"Concrete Scaffolding 01 par Bruno Fontana - achetez en ligne cette \u0153uvre d\u2019art originale avec son certificat d\u2019authenticit\u00e9 et b\u00e9n\u00e9ficiez de notre service premium.","og_url":"https:\/\/artistics.com\/fr\/oeuvre\/concrete-scaffolding-01\/","og_site_name":"Artistics","article_publisher":"https:\/\/www.facebook.com\/ArtisticsMag","article_modified_time":"2024-02-14T12:58:14+00:00","og_image":[{"width":1032,"height":2000,"url":"https:\/\/artistics.com\/wp-content\/uploads\/2023\/11\/golden-scaffolding-concrete-photo-by-bruno-fontana-1.jpg","type":"image\/jpeg"}],"twitter_card":"summary_large_image","twitter_site":"@Artistics_FR","twitter_misc":{"Prix":"5 000&nbsp;&euro;","Disponibilit\u00e9":"En stock"},"schema":{"@context":"https:\/\/schema.org","@graph":[{"@type":["WebPage","ItemPage"],"@id":"https:\/\/artistics.com\/fr\/oeuvre\/concrete-scaffolding-01\/","url":"https:\/\/artistics.com\/fr\/oeuvre\/concrete-scaffolding-01\/","name":"Concrete Scaffolding 01 par Bruno Fontana - Photographie contemporaine | Artistics","isPartOf":{"@id":"https:\/\/artistics.com\/fr\/#website"},"primaryImageOfPage":{"@id":"https:\/\/artistics.com\/fr\/oeuvre\/concrete-scaffolding-01\/#primaryimage"},"image":{"@id":"https:\/\/artistics.com\/fr\/oeuvre\/concrete-scaffolding-01\/#primaryimage"},"thumbnailUrl":"https:\/\/artistics.com\/wp-content\/uploads\/2023\/11\/golden-scaffolding-concrete-photo-by-bruno-fontana-1.jpg","datePublished":"2023-12-11T15:12:10+00:00","dateModified":"2024-02-14T12:58:14+00:00","description":"Concrete Scaffolding 01 par Bruno Fontana - achetez en ligne cette \u0153uvre d\u2019art originale avec son certificat d\u2019authenticit\u00e9 et b\u00e9n\u00e9ficiez de notre service premium.","breadcrumb":{"@id":"https:\/\/artistics.com\/fr\/oeuvre\/concrete-scaffolding-01\/#breadcrumb"},"inLanguage":"fr-FR","potentialAction":[{"@type":"ReadAction","target":["https:\/\/artistics.com\/fr\/oeuvre\/concrete-scaffolding-01\/"]}]},{"@type":"ImageObject","inLanguage":"fr-FR","@id":"https:\/\/artistics.com\/fr\/oeuvre\/concrete-scaffolding-01\/#primaryimage","url":"https:\/\/artistics.com\/wp-content\/uploads\/2023\/11\/golden-scaffolding-concrete-photo-by-bruno-fontana-1.jpg","contentUrl":"https:\/\/artistics.com\/wp-content\/uploads\/2023\/11\/golden-scaffolding-concrete-photo-by-bruno-fontana-1.jpg","width":1032,"height":2000},{"@type":"BreadcrumbList","@id":"https:\/\/artistics.com\/fr\/oeuvre\/concrete-scaffolding-01\/#breadcrumb","itemListElement":[{"@type":"ListItem","position":1,"name":"Achat \u0153uvre d'art","item":"https:\/\/artistics.com\/fr\/"},{"@type":"ListItem","position":2,"name":"Galerie","item":"https:\/\/artistics.com\/fr\/galerie\/"},{"@type":"ListItem","position":3,"name":"Photographie contemporaine","item":"https:\/\/artistics.com\/fr\/categorie-oeuvre\/photographie-contemporaine\/"},{"@type":"ListItem","position":4,"name":"Concrete Scaffolding 01"}]},{"@type":"WebSite","@id":"https:\/\/artistics.com\/fr\/#website","url":"https:\/\/artistics.com\/fr\/","name":"Artistics","description":"The online art gallery","publisher":{"@id":"https:\/\/artistics.com\/fr\/#organization"},"potentialAction":[{"@type":"SearchAction","target":{"@type":"EntryPoint","urlTemplate":"https:\/\/artistics.com\/fr\/?s={search_term_string}"},"query-input":{"@type":"PropertyValueSpecification","valueRequired":true,"valueName":"search_term_string"}}],"inLanguage":"fr-FR"},{"@type":"Organization","@id":"https:\/\/artistics.com\/fr\/#organization","name":"Artistics","url":"https:\/\/artistics.com\/fr\/","logo":{"@type":"ImageObject","inLanguage":"fr-FR","@id":"https:\/\/artistics.com\/fr\/#\/schema\/logo\/image\/","url":"https:\/\/artistics.com\/wp-content\/uploads\/2023\/02\/artistics-logo-web-1.svg","contentUrl":"https:\/\/artistics.com\/wp-content\/uploads\/2023\/02\/artistics-logo-web-1.svg","caption":"Artistics"},"image":{"@id":"https:\/\/artistics.com\/fr\/#\/schema\/logo\/image\/"},"sameAs":["https:\/\/www.facebook.com\/ArtisticsMag","https:\/\/x.com\/Artistics_FR","http:\/\/www.linkedin.com\/company\/artistics","https:\/\/www.instagram.com\/artistics_com\/","http:\/\/www.pinterest.com\/ArtisticsMag"],"hasMerchantReturnPolicy":{"@type":"MerchantReturnPolicy","merchantReturnLink":"https:\/\/artistics.com\/free-return-policy\/"}}]},"product_price_amount":"5000","product_price_currency":"EUR","og_availability":"instock","product_availability":"instock","product_condition":"new"},"_links":{"self":[{"href":"https:\/\/artistics.com\/fr\/wp-json\/wp\/v2\/product\/43529","targetHints":{"allow":["GET"]}}],"collection":[{"href":"https:\/\/artistics.com\/fr\/wp-json\/wp\/v2\/product"}],"about":[{"href":"https:\/\/artistics.com\/fr\/wp-json\/wp\/v2\/types\/product"}],"acf:term":[{"embeddable":true,"taxonomy":"series","href":"https:\/\/artistics.com\/fr\/wp-json\/wp\/v2\/series\/2197"},{"embeddable":true,"taxonomy":"product_tag","href":"https:\/\/artistics.com\/fr\/wp-json\/wp\/v2\/product_tag\/2505"},{"embeddable":true,"taxonomy":"product_tag","href":"https:\/\/artistics.com\/fr\/wp-json\/wp\/v2\/product_tag\/566"},{"embeddable":true,"taxonomy":"product_tag","href":"https:\/\/artistics.com\/fr\/wp-json\/wp\/v2\/product_tag\/565"},{"embeddable":true,"taxonomy":"product_cat","href":"https:\/\/artistics.com\/fr\/wp-json\/wp\/v2\/product_cat\/236"},{"embeddable":true,"taxonomy":"product_cat","href":"https:\/\/artistics.com\/fr\/wp-json\/wp\/v2\/product_cat\/216"},{"embeddable":true,"taxonomy":"product_cat","href":"https:\/\/artistics.com\/fr\/wp-json\/wp\/v2\/product_cat\/193"},{"embeddable":true,"taxonomy":"product_cat","href":"https:\/\/artistics.com\/fr\/wp-json\/wp\/v2\/product_cat\/191"},{"embeddable":true,"taxonomy":"product_cat","href":"https:\/\/artistics.com\/fr\/wp-json\/wp\/v2\/product_cat\/410"},{"embeddable":true,"taxonomy":"product_cat","href":"https:\/\/artistics.com\/fr\/wp-json\/wp\/v2\/product_cat\/200"},{"embeddable":true,"taxonomy":"product_cat","href":"https:\/\/artistics.com\/fr\/wp-json\/wp\/v2\/product_cat\/163"}],"acf:post":[{"embeddable":true,"href":"https:\/\/artistics.com\/fr\/wp-json\/wp\/v2\/artist\/35890"}],"wp:featuredmedia":[{"embeddable":true,"href":"https:\/\/artistics.com\/fr\/wp-json\/wp\/v2\/media\/43526"}],"wp:attachment":[{"href":"https:\/\/artistics.com\/fr\/wp-json\/wp\/v2\/media?parent=43529"}],"wp:term":[{"taxonomy":"product_cat","embeddable":true,"href":"https:\/\/artistics.com\/fr\/wp-json\/wp\/v2\/product_cat?post=43529"},{"taxonomy":"product_tag","embeddable":true,"href":"https:\/\/artistics.com\/fr\/wp-json\/wp\/v2\/product_tag?post=43529"},{"taxonomy":"series","embeddable":true,"href":"https:\/\/artistics.com\/fr\/wp-json\/wp\/v2\/series?post=43529"}],"curies":[{"name":"wp","href":"https:\/\/api.w.org\/{rel}","templated":true}]}}