{"id":38625,"date":"2023-09-19T12:45:40","date_gmt":"2023-09-19T10:45:40","guid":{"rendered":"https:\/\/artistics.com\/?post_type=product&#038;p=38625"},"modified":"2024-06-17T17:38:37","modified_gmt":"2024-06-17T15:38:37","slug":"kore-portovenere-portoro","status":"publish","type":"product","link":"https:\/\/artistics.com\/fr\/oeuvre\/kore-portovenere-portoro\/","title":{"rendered":"Kore\u0300-Portovenere Portoro"},"content":{"rendered":"","protected":false},"excerpt":{"rendered":"","protected":false},"featured_media":39306,"template":"","meta":{"_acf_changed":false,"_searchwp_excluded":"","inline_featured_image":false},"product_cat":[2067,2491,164,189,204,215,238,338],"product_tag":[566,368],"series":[2153],"class_list":{"0":"post-38625","1":"product","2":"type-product","3":"status-publish","4":"has-post-thumbnail","6":"product_cat-sculpture-en-marbre","7":"product_cat-sculpture-soustractive","8":"product_cat-sculpture-contemporaine","9":"product_cat-art-abstrait","10":"product_cat-sculpture-abstraite","11":"product_cat-grand","12":"product_cat-plus-de-10-000-e","13":"product_cat-sculpture-en-pierre","14":"product_tag-gris","15":"product_tag-sculpture-grand-format","16":"series-mattia-bosco-korai-fr","18":"first","19":"outofstock","20":"shipping-taxable","21":"purchasable","22":"product-type-simple"},"acf":{"artwork_artist":[2796],"artwork_medium":164,"artwork_categories":[204,338,2067,2491],"artwork_overall-tones":[],"artwork_main-material":[],"artwork_art-genre":[],"artwork_art-movement":[189],"artwork_miscellaneous":[],"artwork_formats":[215],"artwork_price-ranges":[238],"artwork_main_subject":[],"artwork_technique":[],"artwork_featured_location":[],"artwork_dominant_color":[566],"artwork_physical_attributes":[368,368],"artwork_creation_date":"20230101","artwork_unique_piece":true,"artwork_description":"Marbre de Portoro, Portovenere","artwork_signature":"x","artwork_authenticity":"L\u2019\u0153uvre est vendue avec un certificat d\u2019authenticit\u00e9 sign\u00e9 par l\u2019artiste.","artwork_framing":"not_specified","artwork_has_custom_framing_info":false,"artwork_custom_framing_info":"Not specified","artwork_location_country":"IT","artwork_location_city":"Milan","artwork_location_zipcode":"20159","artwork_shipment_type":"3D_artwork","artwork_shipping_delivery":"sculpture_unique_piece_immediate_availability","artwork_has_custom_shipping_delivery_info":false,"artwork_custom_shipping_delivery_info":"Not specified","artwork_360_view_url":"","artwork_video_url":"https:\/\/youtu.be\/a3QqnN5hlD4","artwork_video_format":[],"artwork_preview_type":"featured_image","artwork_reserved":false,"artwork_hide_price":false,"artwork_about":"<strong><em>Kore\u0300-Portovenere Portoro<\/em><\/strong> est une sculpture de taille humaine de l\u2019artiste contemporain italien Mattia Bosco. Elle fait partie de la se\u0301rie \u00ab Korai \u00bb et elle est re\u0301alise\u0301e en marbre de Portoro, Portovenere. Cette \u0153uvre est vendue mais une similaire peut \u00eatre disponible sur commande et sera r\u00e9alis\u00e9e sur le m\u00eame mod\u00e8le et dans les m\u00eames conditions que celle pr\u00e9sent\u00e9e sur les photos. Le processus de cr\u00e9ation garantie l\u2019unicit\u00e9 de chaque pi\u00e8ce.\r\n\r\nCette \u0153uvre appartient \u00e0 un ensemble de douze sculptures, dont neuf korai, conc\u0327ues spe\u0301cifiquement pour l\u2019exposition personnelle de Mattia Bosco \u201cKorai\u201d du 22 septembre 2023 au 14 janvier 2024 dans le Parc arche\u0301ologique du Colise\u0301e de Rome.\r\n\r\nChaque \u0153uvre de la se\u0301rie \u00ab Korai \u00bb est de forme identique, mais est re\u0301alise\u0301e dans un marbre d\u2019exception distincte : Cipollino d'Elbe, Fantastico d\u2019Arni, Rosso Collemandina, Portoro, Bardiglio, le marbre statuaire de la carrie\u0300re de Michel-Ange... Ces marbres sont typiques de l'e\u0301poque de l'architecture romaine impe\u0301riale, en profonde harmonie avec l'essence du lieu qui les abrite le temps de l\u2019exposition : le Temple de Ve\u0301nus et de Rome, immense ba\u0302timent sacre\u0301 inaugure\u0301 en 136 apre\u0300s J.-C.\r\n\r\nMattia Bosco de\u0301taille le projet derrie\u0300re cet e\u0301ve\u0300nement : \u00ab <em>Dans le temple de Rome, neuf sculptures de taille humaine sont dispose\u0301es en cercle, faites de marbres diffe\u0301rents, mais avec la me\u0302me disposition formelle, a\u0300 la fois semblables et distinctes, que j'ai appele\u0301 \"Ko\u0300rai\" parce qu'elles ont la pre\u0301sence hi\u00e9rarchique des vierges de la sculpture grecque archai\u0308que.<\/em> \u00bb\r\n\r\nLes korai entrent en re\u0301sonance profonde avec le Temple de Ve\u0301nus et de Rome. Les anciens habitants du Temple semblent de retour, mais sous une tout autre forme, contemporaine, ne\u0301e des mains du sculpteur.\r\n\r\nPour plus d\u2019information sur l\u2019exposition, veuillez retrouver un article d\u00e9di\u00e9 <a href=\"https:\/\/artistics.com\/artzine\/korai-sculptures-by-mattia-bosco-at-the-colosseum-archeological-park\/\" target=\"_blank\" rel=\"noopener\">ici<\/a>.\r\n\r\nLe marbre de Portoro provient de la r\u00e9gion de la Ligurie, dans le golfe de La Spezia (aussi appel\u00e9 golfe des Po\u00e8tes) situ\u00e9 sur la c\u00f4te nord-ouest de l\u2019Italie. Le nom Portoro vient de la traduction italienne du terme fran\u00e7ais \u2018porte d\u2019or\u2019 par lequel il a \u00e9t\u00e9 appel\u00e9 au cours de la tutelle fran\u00e7aise du Golfe de la Spezia au d\u00e9but du XIXe si\u00e8cle. Il s\u2019agit d\u2019un marbre d\u2019un noir intense, \u00e0 grain fin, serpent\u00e9 par de nombreuses veines jaunes de tonalit\u00e9 or. La production de ce marbre est tr\u00e8s limit\u00e9e et les blocs sont toujours de petite ou moyenne taille. \u00c0 l'\u00e9poque romaine, le marbre Portoro (ou marbre de Portovenere) \u00e9tait souvent utilis\u00e9 afin d\u2019embellir les villas imp\u00e9riales.\r\n\r\nCertains des visuels de la sculpture ont \u00e9t\u00e9 pris au moment de sa r\u00e9alisation sur l\u2019Ile d\u2019Elbe. La poussi\u00e8re qui recouvre l\u2019oeuvre \u00e0 ce moment-l\u00e0 explique la diff\u00e9rence de couleur avec les autres photographies.","artwork_series":[2153],"artwork_query_group":"10","artwork_lowest_grid_position":1,"artwork_random_position":3234169,"explicit_sensitive_content":false,"drupal_id":"9258"},"yoast_head":"<!-- This site is optimized with the Yoast SEO Premium plugin v27.3 (Yoast SEO v27.3) - https:\/\/yoast.com\/product\/yoast-seo-premium-wordpress\/ -->\n<title>Artistics | Kore\u0300-Portovenere Portoro par Mattia Bosco - Sculpture contemporaine<\/title>\n<meta name=\"description\" content=\"Kore\u0300-Portovenere Portoro par Mattia Bosco - achat d&#039;\u0153uvres d&#039;art contemporain originales sur la galerie d&#039;art en ligne Artistics.\" \/>\n<meta name=\"robots\" content=\"index, follow, max-snippet:-1, max-image-preview:large, max-video-preview:-1\" \/>\n<link rel=\"canonical\" href=\"https:\/\/artistics.com\/fr\/oeuvre\/kore-portovenere-portoro\/\" \/>\n<meta property=\"og:locale\" content=\"fr_FR\" \/>\n<meta property=\"og:type\" content=\"article\" \/>\n<meta property=\"og:title\" content=\"Kore\u0300-Portovenere Portoro\" \/>\n<meta property=\"og:description\" content=\"Kore\u0300-Portovenere Portoro par Mattia Bosco - achat d&#039;\u0153uvres d&#039;art contemporain originales sur la galerie d&#039;art en ligne Artistics.\" \/>\n<meta property=\"og:url\" content=\"https:\/\/artistics.com\/fr\/oeuvre\/kore-portovenere-portoro\/\" \/>\n<meta property=\"og:site_name\" content=\"Artistics\" \/>\n<meta property=\"article:publisher\" content=\"https:\/\/www.facebook.com\/ArtisticsMag\" \/>\n<meta property=\"article:modified_time\" content=\"2024-06-17T15:38:37+00:00\" \/>\n<meta property=\"og:image\" content=\"https:\/\/artistics.com\/wp-content\/uploads\/2023\/09\/kore-portovenere-portoro-sculpture-by-mattia-bosco-7-1-scaled.jpg\" \/>\n\t<meta property=\"og:image:width\" content=\"1813\" \/>\n\t<meta property=\"og:image:height\" content=\"2560\" \/>\n\t<meta property=\"og:image:type\" content=\"image\/jpeg\" \/>\n<meta name=\"twitter:card\" content=\"summary_large_image\" \/>\n<meta name=\"twitter:site\" content=\"@Artistics_FR\" \/>\n<meta name=\"twitter:label1\" content=\"Prix\" \/>\n\t<meta name=\"twitter:data1\" content=\"25 000&nbsp;&euro;\" \/>\n\t<meta name=\"twitter:label2\" content=\"Disponibilit\u00e9\" \/>\n\t<meta name=\"twitter:data2\" content=\"Rupture de stock\" \/>\n<script type=\"application\/ld+json\" class=\"yoast-schema-graph\">{\"@context\":\"https:\\\/\\\/schema.org\",\"@graph\":[{\"@type\":[\"WebPage\",\"ItemPage\"],\"@id\":\"https:\\\/\\\/artistics.com\\\/fr\\\/oeuvre\\\/kore-portovenere-portoro\\\/\",\"url\":\"https:\\\/\\\/artistics.com\\\/fr\\\/oeuvre\\\/kore-portovenere-portoro\\\/\",\"name\":\"Artistics | Kore\u0300-Portovenere Portoro par Mattia Bosco - Sculpture contemporaine\",\"isPartOf\":{\"@id\":\"https:\\\/\\\/artistics.com\\\/fr\\\/#website\"},\"primaryImageOfPage\":{\"@id\":\"https:\\\/\\\/artistics.com\\\/fr\\\/oeuvre\\\/kore-portovenere-portoro\\\/#primaryimage\"},\"image\":{\"@id\":\"https:\\\/\\\/artistics.com\\\/fr\\\/oeuvre\\\/kore-portovenere-portoro\\\/#primaryimage\"},\"thumbnailUrl\":\"https:\\\/\\\/artistics.com\\\/wp-content\\\/uploads\\\/2023\\\/09\\\/kore-portovenere-portoro-sculpture-by-mattia-bosco-7-1-scaled.jpg\",\"datePublished\":\"2023-09-19T10:45:40+00:00\",\"dateModified\":\"2024-06-17T15:38:37+00:00\",\"description\":\"Kore\u0300-Portovenere Portoro par Mattia Bosco - achat d'\u0153uvres d'art contemporain originales sur la galerie d'art en ligne Artistics.\",\"breadcrumb\":{\"@id\":\"https:\\\/\\\/artistics.com\\\/fr\\\/oeuvre\\\/kore-portovenere-portoro\\\/#breadcrumb\"},\"inLanguage\":\"fr-FR\",\"potentialAction\":[{\"@type\":\"ReadAction\",\"target\":[\"https:\\\/\\\/artistics.com\\\/fr\\\/oeuvre\\\/kore-portovenere-portoro\\\/\"]}]},{\"@type\":\"ImageObject\",\"inLanguage\":\"fr-FR\",\"@id\":\"https:\\\/\\\/artistics.com\\\/fr\\\/oeuvre\\\/kore-portovenere-portoro\\\/#primaryimage\",\"url\":\"https:\\\/\\\/artistics.com\\\/wp-content\\\/uploads\\\/2023\\\/09\\\/kore-portovenere-portoro-sculpture-by-mattia-bosco-7-1-scaled.jpg\",\"contentUrl\":\"https:\\\/\\\/artistics.com\\\/wp-content\\\/uploads\\\/2023\\\/09\\\/kore-portovenere-portoro-sculpture-by-mattia-bosco-7-1-scaled.jpg\",\"width\":1813,\"height\":2560,\"caption\":\"Photography credits: Giuseppe D'Aleo, 2023\"},{\"@type\":\"BreadcrumbList\",\"@id\":\"https:\\\/\\\/artistics.com\\\/fr\\\/oeuvre\\\/kore-portovenere-portoro\\\/#breadcrumb\",\"itemListElement\":[{\"@type\":\"ListItem\",\"position\":1,\"name\":\"Achat \u0153uvre d'art\",\"item\":\"https:\\\/\\\/artistics.com\\\/fr\\\/\"},{\"@type\":\"ListItem\",\"position\":2,\"name\":\"Galerie\",\"item\":\"https:\\\/\\\/artistics.com\\\/fr\\\/galerie\\\/\"},{\"@type\":\"ListItem\",\"position\":3,\"name\":\"Sculpture contemporaine\",\"item\":\"https:\\\/\\\/artistics.com\\\/fr\\\/categorie-oeuvre\\\/sculpture-contemporaine\\\/\"},{\"@type\":\"ListItem\",\"position\":4,\"name\":\"Kore\u0300-Portovenere Portoro\"}]},{\"@type\":\"WebSite\",\"@id\":\"https:\\\/\\\/artistics.com\\\/fr\\\/#website\",\"url\":\"https:\\\/\\\/artistics.com\\\/fr\\\/\",\"name\":\"Artistics\",\"description\":\"The online art gallery\",\"publisher\":{\"@id\":\"https:\\\/\\\/artistics.com\\\/fr\\\/#organization\"},\"potentialAction\":[{\"@type\":\"SearchAction\",\"target\":{\"@type\":\"EntryPoint\",\"urlTemplate\":\"https:\\\/\\\/artistics.com\\\/fr\\\/?s={search_term_string}\"},\"query-input\":{\"@type\":\"PropertyValueSpecification\",\"valueRequired\":true,\"valueName\":\"search_term_string\"}}],\"inLanguage\":\"fr-FR\"},{\"@type\":\"Organization\",\"@id\":\"https:\\\/\\\/artistics.com\\\/fr\\\/#organization\",\"name\":\"Artistics\",\"url\":\"https:\\\/\\\/artistics.com\\\/fr\\\/\",\"logo\":{\"@type\":\"ImageObject\",\"inLanguage\":\"fr-FR\",\"@id\":\"https:\\\/\\\/artistics.com\\\/fr\\\/#\\\/schema\\\/logo\\\/image\\\/\",\"url\":\"https:\\\/\\\/artistics.com\\\/wp-content\\\/uploads\\\/2023\\\/02\\\/artistics-logo-web-1.svg\",\"contentUrl\":\"https:\\\/\\\/artistics.com\\\/wp-content\\\/uploads\\\/2023\\\/02\\\/artistics-logo-web-1.svg\",\"caption\":\"Artistics\"},\"image\":{\"@id\":\"https:\\\/\\\/artistics.com\\\/fr\\\/#\\\/schema\\\/logo\\\/image\\\/\"},\"sameAs\":[\"https:\\\/\\\/www.facebook.com\\\/ArtisticsMag\",\"https:\\\/\\\/x.com\\\/Artistics_FR\",\"http:\\\/\\\/www.linkedin.com\\\/company\\\/artistics\",\"https:\\\/\\\/www.instagram.com\\\/artistics_com\\\/\",\"http:\\\/\\\/www.pinterest.com\\\/ArtisticsMag\"],\"hasMerchantReturnPolicy\":{\"@type\":\"MerchantReturnPolicy\",\"merchantReturnLink\":\"https:\\\/\\\/artistics.com\\\/free-return-policy\\\/\"}}]}<\/script>\n<meta property=\"product:price:amount\" content=\"25000\" \/>\n<meta property=\"product:price:currency\" content=\"EUR\" \/>\n<meta property=\"og:availability\" content=\"out of stock\" \/>\n<meta property=\"product:availability\" content=\"out of stock\" \/>\n<meta property=\"product:retailer_item_id\" content=\"9259-1\" \/>\n<meta property=\"product:condition\" content=\"new\" \/>\n<!-- \/ Yoast SEO Premium plugin. -->","yoast_head_json":{"title":"Artistics | Kore\u0300-Portovenere Portoro par Mattia Bosco - Sculpture contemporaine","description":"Kore\u0300-Portovenere Portoro par Mattia Bosco - achat d'\u0153uvres d'art contemporain originales sur la galerie d'art en ligne Artistics.","robots":{"index":"index","follow":"follow","max-snippet":"max-snippet:-1","max-image-preview":"max-image-preview:large","max-video-preview":"max-video-preview:-1"},"canonical":"https:\/\/artistics.com\/fr\/oeuvre\/kore-portovenere-portoro\/","og_locale":"fr_FR","og_type":"article","og_title":"Kore\u0300-Portovenere Portoro","og_description":"Kore\u0300-Portovenere Portoro par Mattia Bosco - achat d'\u0153uvres d'art contemporain originales sur la galerie d'art en ligne Artistics.","og_url":"https:\/\/artistics.com\/fr\/oeuvre\/kore-portovenere-portoro\/","og_site_name":"Artistics","article_publisher":"https:\/\/www.facebook.com\/ArtisticsMag","article_modified_time":"2024-06-17T15:38:37+00:00","og_image":[{"width":1813,"height":2560,"url":"https:\/\/artistics.com\/wp-content\/uploads\/2023\/09\/kore-portovenere-portoro-sculpture-by-mattia-bosco-7-1-scaled.jpg","type":"image\/jpeg"}],"twitter_card":"summary_large_image","twitter_site":"@Artistics_FR","twitter_misc":{"Prix":"25 000&nbsp;&euro;","Disponibilit\u00e9":"Rupture de stock"},"schema":{"@context":"https:\/\/schema.org","@graph":[{"@type":["WebPage","ItemPage"],"@id":"https:\/\/artistics.com\/fr\/oeuvre\/kore-portovenere-portoro\/","url":"https:\/\/artistics.com\/fr\/oeuvre\/kore-portovenere-portoro\/","name":"Artistics | Kore\u0300-Portovenere Portoro par Mattia Bosco - Sculpture contemporaine","isPartOf":{"@id":"https:\/\/artistics.com\/fr\/#website"},"primaryImageOfPage":{"@id":"https:\/\/artistics.com\/fr\/oeuvre\/kore-portovenere-portoro\/#primaryimage"},"image":{"@id":"https:\/\/artistics.com\/fr\/oeuvre\/kore-portovenere-portoro\/#primaryimage"},"thumbnailUrl":"https:\/\/artistics.com\/wp-content\/uploads\/2023\/09\/kore-portovenere-portoro-sculpture-by-mattia-bosco-7-1-scaled.jpg","datePublished":"2023-09-19T10:45:40+00:00","dateModified":"2024-06-17T15:38:37+00:00","description":"Kore\u0300-Portovenere Portoro par Mattia Bosco - achat d'\u0153uvres d'art contemporain originales sur la galerie d'art en ligne Artistics.","breadcrumb":{"@id":"https:\/\/artistics.com\/fr\/oeuvre\/kore-portovenere-portoro\/#breadcrumb"},"inLanguage":"fr-FR","potentialAction":[{"@type":"ReadAction","target":["https:\/\/artistics.com\/fr\/oeuvre\/kore-portovenere-portoro\/"]}]},{"@type":"ImageObject","inLanguage":"fr-FR","@id":"https:\/\/artistics.com\/fr\/oeuvre\/kore-portovenere-portoro\/#primaryimage","url":"https:\/\/artistics.com\/wp-content\/uploads\/2023\/09\/kore-portovenere-portoro-sculpture-by-mattia-bosco-7-1-scaled.jpg","contentUrl":"https:\/\/artistics.com\/wp-content\/uploads\/2023\/09\/kore-portovenere-portoro-sculpture-by-mattia-bosco-7-1-scaled.jpg","width":1813,"height":2560,"caption":"Photography credits: Giuseppe D'Aleo, 2023"},{"@type":"BreadcrumbList","@id":"https:\/\/artistics.com\/fr\/oeuvre\/kore-portovenere-portoro\/#breadcrumb","itemListElement":[{"@type":"ListItem","position":1,"name":"Achat \u0153uvre d'art","item":"https:\/\/artistics.com\/fr\/"},{"@type":"ListItem","position":2,"name":"Galerie","item":"https:\/\/artistics.com\/fr\/galerie\/"},{"@type":"ListItem","position":3,"name":"Sculpture contemporaine","item":"https:\/\/artistics.com\/fr\/categorie-oeuvre\/sculpture-contemporaine\/"},{"@type":"ListItem","position":4,"name":"Kore\u0300-Portovenere Portoro"}]},{"@type":"WebSite","@id":"https:\/\/artistics.com\/fr\/#website","url":"https:\/\/artistics.com\/fr\/","name":"Artistics","description":"The online art gallery","publisher":{"@id":"https:\/\/artistics.com\/fr\/#organization"},"potentialAction":[{"@type":"SearchAction","target":{"@type":"EntryPoint","urlTemplate":"https:\/\/artistics.com\/fr\/?s={search_term_string}"},"query-input":{"@type":"PropertyValueSpecification","valueRequired":true,"valueName":"search_term_string"}}],"inLanguage":"fr-FR"},{"@type":"Organization","@id":"https:\/\/artistics.com\/fr\/#organization","name":"Artistics","url":"https:\/\/artistics.com\/fr\/","logo":{"@type":"ImageObject","inLanguage":"fr-FR","@id":"https:\/\/artistics.com\/fr\/#\/schema\/logo\/image\/","url":"https:\/\/artistics.com\/wp-content\/uploads\/2023\/02\/artistics-logo-web-1.svg","contentUrl":"https:\/\/artistics.com\/wp-content\/uploads\/2023\/02\/artistics-logo-web-1.svg","caption":"Artistics"},"image":{"@id":"https:\/\/artistics.com\/fr\/#\/schema\/logo\/image\/"},"sameAs":["https:\/\/www.facebook.com\/ArtisticsMag","https:\/\/x.com\/Artistics_FR","http:\/\/www.linkedin.com\/company\/artistics","https:\/\/www.instagram.com\/artistics_com\/","http:\/\/www.pinterest.com\/ArtisticsMag"],"hasMerchantReturnPolicy":{"@type":"MerchantReturnPolicy","merchantReturnLink":"https:\/\/artistics.com\/free-return-policy\/"}}]},"product_price_amount":"25000","product_price_currency":"EUR","og_availability":"out of stock","product_availability":"out of stock","product_retailer_item_id":"9259-1","product_condition":"new"},"_links":{"self":[{"href":"https:\/\/artistics.com\/fr\/wp-json\/wp\/v2\/product\/38625","targetHints":{"allow":["GET"]}}],"collection":[{"href":"https:\/\/artistics.com\/fr\/wp-json\/wp\/v2\/product"}],"about":[{"href":"https:\/\/artistics.com\/fr\/wp-json\/wp\/v2\/types\/product"}],"acf:term":[{"embeddable":true,"taxonomy":"series","href":"https:\/\/artistics.com\/fr\/wp-json\/wp\/v2\/series\/2153"},{"embeddable":true,"taxonomy":"product_tag","href":"https:\/\/artistics.com\/fr\/wp-json\/wp\/v2\/product_tag\/368"},{"embeddable":true,"taxonomy":"product_tag","href":"https:\/\/artistics.com\/fr\/wp-json\/wp\/v2\/product_tag\/566"},{"embeddable":true,"taxonomy":"product_cat","href":"https:\/\/artistics.com\/fr\/wp-json\/wp\/v2\/product_cat\/238"},{"embeddable":true,"taxonomy":"product_cat","href":"https:\/\/artistics.com\/fr\/wp-json\/wp\/v2\/product_cat\/215"},{"embeddable":true,"taxonomy":"product_cat","href":"https:\/\/artistics.com\/fr\/wp-json\/wp\/v2\/product_cat\/189"},{"embeddable":true,"taxonomy":"product_cat","href":"https:\/\/artistics.com\/fr\/wp-json\/wp\/v2\/product_cat\/2491"},{"embeddable":true,"taxonomy":"product_cat","href":"https:\/\/artistics.com\/fr\/wp-json\/wp\/v2\/product_cat\/2067"},{"embeddable":true,"taxonomy":"product_cat","href":"https:\/\/artistics.com\/fr\/wp-json\/wp\/v2\/product_cat\/338"},{"embeddable":true,"taxonomy":"product_cat","href":"https:\/\/artistics.com\/fr\/wp-json\/wp\/v2\/product_cat\/204"},{"embeddable":true,"taxonomy":"product_cat","href":"https:\/\/artistics.com\/fr\/wp-json\/wp\/v2\/product_cat\/164"}],"acf:post":[{"embeddable":true,"href":"https:\/\/artistics.com\/fr\/wp-json\/wp\/v2\/artist\/2796"}],"wp:featuredmedia":[{"embeddable":true,"href":"https:\/\/artistics.com\/fr\/wp-json\/wp\/v2\/media\/39306"}],"wp:attachment":[{"href":"https:\/\/artistics.com\/fr\/wp-json\/wp\/v2\/media?parent=38625"}],"wp:term":[{"taxonomy":"product_cat","embeddable":true,"href":"https:\/\/artistics.com\/fr\/wp-json\/wp\/v2\/product_cat?post=38625"},{"taxonomy":"product_tag","embeddable":true,"href":"https:\/\/artistics.com\/fr\/wp-json\/wp\/v2\/product_tag?post=38625"},{"taxonomy":"series","embeddable":true,"href":"https:\/\/artistics.com\/fr\/wp-json\/wp\/v2\/series?post=38625"}],"curies":[{"name":"wp","href":"https:\/\/api.w.org\/{rel}","templated":true}]}}