{"id":38542,"date":"2023-09-22T14:30:23","date_gmt":"2023-09-22T12:30:23","guid":{"rendered":"https:\/\/artistics.com\/?post_type=product&#038;p=38542"},"modified":"2023-09-22T14:23:53","modified_gmt":"2023-09-22T12:23:53","slug":"sezione-aurea-r1","status":"publish","type":"product","link":"https:\/\/artistics.com\/fr\/oeuvre\/sezione-aurea-r1\/","title":{"rendered":"Sezione Aurea R1"},"content":{"rendered":"","protected":false},"excerpt":{"rendered":"","protected":false},"featured_media":39268,"template":"","meta":{"_acf_changed":false,"_searchwp_excluded":"","inline_featured_image":false},"product_cat":[189,215,238,204,164,421,2067,338,2491],"product_tag":[565,537,566,368],"series":[1969],"class_list":{"0":"post-38542","1":"product","2":"type-product","3":"status-publish","4":"has-post-thumbnail","6":"product_cat-art-abstrait","7":"product_cat-grand","8":"product_cat-plus-de-10-000-e","9":"product_cat-sculpture-abstraite","10":"product_cat-sculpture-contemporaine","11":"product_cat-sculpture-dexterieur","12":"product_cat-sculpture-en-marbre","13":"product_cat-sculpture-en-pierre","14":"product_cat-sculpture-soustractive","15":"product_tag-dore","16":"product_tag-feuille-dor","17":"product_tag-gris","18":"product_tag-sculpture-grand-format","19":"series-mattia-bosco-sezione-aurea-section-doree-fr","21":"first","22":"outofstock","23":"shipping-taxable","24":"purchasable","25":"product-type-simple"},"acf":{"artwork_artist":2796,"artwork_medium":164,"artwork_categories":[204,338,2067,421,2491],"artwork_overall-tones":[],"artwork_main-material":[],"artwork_art-genre":[],"artwork_art-movement":[189],"artwork_miscellaneous":[],"artwork_formats":[215],"artwork_price-ranges":[238],"artwork_main_subject":[],"artwork_technique":[537],"artwork_featured_location":[],"artwork_dominant_color":[565,566],"artwork_physical_attributes":[368,368],"artwork_creation_date":"20230101","artwork_unique_piece":true,"artwork_description":"Marbre noir Palissandro de Crevoladossola et feuilles d\u2019or","artwork_signature":"x","artwork_authenticity":"L\u2019\u0153uvre est vendue avec un certificat d\u2019authenticit\u00e9 sign\u00e9 par l\u2019artiste.","artwork_framing":"not_specified","artwork_has_custom_framing_info":false,"artwork_custom_framing_info":"Not specified","artwork_location_country":"IT","artwork_location_city":"Milan","artwork_location_zipcode":"20159","artwork_shipment_type":"3D_artwork","artwork_shipping_delivery":"sculpture_unique_piece_immediate_availability","artwork_has_custom_shipping_delivery_info":false,"artwork_custom_shipping_delivery_info":"Not specified","artwork_360_view_url":"","artwork_video_url":"https:\/\/youtube.com\/watch\/UPb2B7IPWiY","artwork_video_format":[],"artwork_preview_type":"featured_image","artwork_reserved":false,"artwork_hide_price":false,"artwork_about":"<strong><em>Sezione Aurea R1<\/em> <\/strong>est une sculpture monumentale de l\u2019artiste contemporain italien Mattia Bosco. Elle est re\u0301alise\u0301e en marbre noir Palissandro de Crevoladossola et feuilles d\u2019or.\r\n\r\nCette \u0153uvre appartient \u00e0 un ensemble de douze sculptures, dont \u00ab Sezione Aurea \u00bb (\u00ab Section Dor\u00e9e \u00bb), conc\u0327ues spe\u0301cifiquement pour l\u2019exposition personnelle de Mattia Bosco \u201cKorai\u201d du 22 septembre 2023 au 14 janvier 2024 dans le Parc arche\u0301ologique du Colise\u0301e de Rome.\r\n\r\nAfin d\u2019accentuer certaines formes et lignes de la pierre, l\u2019artiste applique de la feuille d\u2019or. Cette se\u0301rie d\u2019\u0153uvres d\u2019art, appele\u0301e \u00ab Sezione Aurea \u00bb, est ne\u0301e de l\u2019observation des pierres contenant du mica. Gra\u0302ce a\u0300 ce mine\u0301ral faisant scintiller la pierre, l\u2019artiste a de\u0301cide\u0301 de cristalliser cette pre\u0301sence aurife\u0300re avec de la feuille d\u2019or. Pour Mattia Bosco, si la pierre est une incarnation solide du temps, l\u2019or s\u2019apparente a\u0300 de la lumie\u0300re a\u0300 l\u2019e\u0301tat solide.\r\n\r\nL\u2019artiste italien contemporain explique ainsi sa de\u0301marche : \u00ab <em>Je fais mes sculptures en plein soleil, en plein air, dans le chaud et dans le froid, dans la poussie\u0300re, je travaille avec mes mains, avec mes yeux, dans un exercice permanent d'attention, dans un e\u0301change rapide, rebondissant entre ce que je de\u0301cide de faire et ce qui arrive, entre l'e\u0301lan et la de\u0301couverte, entre le courage et la prudence. Pluto\u0302t que de choisir, je mets en jeu certaines possibilite\u0301s et pas d'autres, je regarde un morceau de pierre et de\u0301cide d'intervenir la\u0300 et pas ailleurs, sachant qu'a\u0300 chaque fois, comme avec le ge\u0301nie de la lampe, je ne peux poser qu'une, deux ou au maximum trois questions.<\/em> \u00bb\r\n\r\nPour plus d\u2019information sur l\u2019exposition, veuillez retrouver un article d\u00e9di\u00e9 <a href=\"https:\/\/artistics.com\/artzine\/korai-sculptures-by-mattia-bosco-at-the-colosseum-archeological-park\/\" rel=\"noopener\" target=\"_blank\">ici<\/a>.\r\n\r\nLe marbre Palissandro se caract\u00e9rise par un fond beige assez uniforme et neutre travers\u00e9 par des veines, des rayures et des ombres grises et brunes. Il est ici extrait de la carri\u00e8re de Crevoladossola, situ\u00e9e dans la province du Verbano-Cusio-Ossola, dans la r\u00e9gion Pi\u00e9mont. Le marbre Palissandro a \u00e9t\u00e9 utilis\u00e9 dans le pass\u00e9 pour des constructions prestigieuses, comme les cath\u00e9drales de Milan et de Pavie. \r\n","artwork_series":[1969],"artwork_query_group":"10","artwork_lowest_grid_position":1,"artwork_random_position":9134191,"explicit_sensitive_content":false,"drupal_id":"9258"},"yoast_head":"<!-- This site is optimized with the Yoast SEO Premium plugin v27.3 (Yoast SEO v27.3) - https:\/\/yoast.com\/product\/yoast-seo-premium-wordpress\/ -->\n<title>Artistics | Sezione Aurea R1 par Mattia Bosco - Sculpture contemporaine<\/title>\n<meta name=\"description\" content=\"Sezione Aurea R1 par Mattia Bosco - achat d&#039;\u0153uvres d&#039;art contemporain originales sur la galerie d&#039;art en ligne Artistics.\" \/>\n<meta name=\"robots\" content=\"index, follow, max-snippet:-1, max-image-preview:large, max-video-preview:-1\" \/>\n<link rel=\"canonical\" href=\"https:\/\/artistics.com\/fr\/oeuvre\/sezione-aurea-r1\/\" \/>\n<meta property=\"og:locale\" content=\"fr_FR\" \/>\n<meta property=\"og:type\" content=\"article\" \/>\n<meta property=\"og:title\" content=\"Sezione Aurea R1\" \/>\n<meta property=\"og:description\" content=\"Sezione Aurea R1 par Mattia Bosco - achat d&#039;\u0153uvres d&#039;art contemporain originales sur la galerie d&#039;art en ligne Artistics.\" \/>\n<meta property=\"og:url\" content=\"https:\/\/artistics.com\/fr\/oeuvre\/sezione-aurea-r1\/\" \/>\n<meta property=\"og:site_name\" content=\"Artistics\" \/>\n<meta property=\"article:publisher\" content=\"https:\/\/www.facebook.com\/ArtisticsMag\" \/>\n<meta property=\"og:image\" content=\"https:\/\/artistics.com\/wp-content\/uploads\/2023\/09\/sezione-aurea-r1-sculpture-by-mattia-bosco-3-1024x683.jpg\" \/>\n\t<meta property=\"og:image:width\" content=\"1024\" \/>\n\t<meta property=\"og:image:height\" content=\"683\" \/>\n\t<meta property=\"og:image:type\" content=\"image\/jpeg\" \/>\n<meta name=\"twitter:card\" content=\"summary_large_image\" \/>\n<meta name=\"twitter:site\" content=\"@Artistics_FR\" \/>\n<meta name=\"twitter:label1\" content=\"Prix\" \/>\n\t<meta name=\"twitter:data1\" content=\"25 000&nbsp;&euro;\" \/>\n\t<meta name=\"twitter:label2\" content=\"Disponibilit\u00e9\" \/>\n\t<meta name=\"twitter:data2\" content=\"Rupture de stock\" \/>\n<script type=\"application\/ld+json\" class=\"yoast-schema-graph\">{\"@context\":\"https:\\\/\\\/schema.org\",\"@graph\":[{\"@type\":[\"WebPage\",\"ItemPage\"],\"@id\":\"https:\\\/\\\/artistics.com\\\/fr\\\/oeuvre\\\/sezione-aurea-r1\\\/\",\"url\":\"https:\\\/\\\/artistics.com\\\/fr\\\/oeuvre\\\/sezione-aurea-r1\\\/\",\"name\":\"Artistics | Sezione Aurea R1 par Mattia Bosco - Sculpture contemporaine\",\"isPartOf\":{\"@id\":\"https:\\\/\\\/artistics.com\\\/fr\\\/#website\"},\"primaryImageOfPage\":{\"@id\":\"https:\\\/\\\/artistics.com\\\/fr\\\/oeuvre\\\/sezione-aurea-r1\\\/#primaryimage\"},\"image\":{\"@id\":\"https:\\\/\\\/artistics.com\\\/fr\\\/oeuvre\\\/sezione-aurea-r1\\\/#primaryimage\"},\"thumbnailUrl\":\"https:\\\/\\\/artistics.com\\\/wp-content\\\/uploads\\\/2023\\\/09\\\/sezione-aurea-r1-sculpture-by-mattia-bosco-12-1-scaled.jpg\",\"datePublished\":\"2023-09-22T12:30:23+00:00\",\"description\":\"Sezione Aurea R1 par Mattia Bosco - achat d'\u0153uvres d'art contemporain originales sur la galerie d'art en ligne Artistics.\",\"breadcrumb\":{\"@id\":\"https:\\\/\\\/artistics.com\\\/fr\\\/oeuvre\\\/sezione-aurea-r1\\\/#breadcrumb\"},\"inLanguage\":\"fr-FR\",\"potentialAction\":[{\"@type\":\"ReadAction\",\"target\":[\"https:\\\/\\\/artistics.com\\\/fr\\\/oeuvre\\\/sezione-aurea-r1\\\/\"]}]},{\"@type\":\"ImageObject\",\"inLanguage\":\"fr-FR\",\"@id\":\"https:\\\/\\\/artistics.com\\\/fr\\\/oeuvre\\\/sezione-aurea-r1\\\/#primaryimage\",\"url\":\"https:\\\/\\\/artistics.com\\\/wp-content\\\/uploads\\\/2023\\\/09\\\/sezione-aurea-r1-sculpture-by-mattia-bosco-12-1-scaled.jpg\",\"contentUrl\":\"https:\\\/\\\/artistics.com\\\/wp-content\\\/uploads\\\/2023\\\/09\\\/sezione-aurea-r1-sculpture-by-mattia-bosco-12-1-scaled.jpg\",\"width\":2560,\"height\":1707,\"caption\":\"Photo credit: Giuseppe D\u2019Aleo\"},{\"@type\":\"BreadcrumbList\",\"@id\":\"https:\\\/\\\/artistics.com\\\/fr\\\/oeuvre\\\/sezione-aurea-r1\\\/#breadcrumb\",\"itemListElement\":[{\"@type\":\"ListItem\",\"position\":1,\"name\":\"Achat \u0153uvre d'art\",\"item\":\"https:\\\/\\\/artistics.com\\\/fr\\\/\"},{\"@type\":\"ListItem\",\"position\":2,\"name\":\"Galerie\",\"item\":\"https:\\\/\\\/artistics.com\\\/fr\\\/galerie\\\/\"},{\"@type\":\"ListItem\",\"position\":3,\"name\":\"Sculpture contemporaine\",\"item\":\"https:\\\/\\\/artistics.com\\\/fr\\\/categorie-oeuvre\\\/sculpture-contemporaine\\\/\"},{\"@type\":\"ListItem\",\"position\":4,\"name\":\"Sezione Aurea R1\"}]},{\"@type\":\"WebSite\",\"@id\":\"https:\\\/\\\/artistics.com\\\/fr\\\/#website\",\"url\":\"https:\\\/\\\/artistics.com\\\/fr\\\/\",\"name\":\"Artistics\",\"description\":\"The online art gallery\",\"publisher\":{\"@id\":\"https:\\\/\\\/artistics.com\\\/fr\\\/#organization\"},\"potentialAction\":[{\"@type\":\"SearchAction\",\"target\":{\"@type\":\"EntryPoint\",\"urlTemplate\":\"https:\\\/\\\/artistics.com\\\/fr\\\/?s={search_term_string}\"},\"query-input\":{\"@type\":\"PropertyValueSpecification\",\"valueRequired\":true,\"valueName\":\"search_term_string\"}}],\"inLanguage\":\"fr-FR\"},{\"@type\":\"Organization\",\"@id\":\"https:\\\/\\\/artistics.com\\\/fr\\\/#organization\",\"name\":\"Artistics\",\"url\":\"https:\\\/\\\/artistics.com\\\/fr\\\/\",\"logo\":{\"@type\":\"ImageObject\",\"inLanguage\":\"fr-FR\",\"@id\":\"https:\\\/\\\/artistics.com\\\/fr\\\/#\\\/schema\\\/logo\\\/image\\\/\",\"url\":\"https:\\\/\\\/artistics.com\\\/wp-content\\\/uploads\\\/2023\\\/02\\\/artistics-logo-web-1.svg\",\"contentUrl\":\"https:\\\/\\\/artistics.com\\\/wp-content\\\/uploads\\\/2023\\\/02\\\/artistics-logo-web-1.svg\",\"caption\":\"Artistics\"},\"image\":{\"@id\":\"https:\\\/\\\/artistics.com\\\/fr\\\/#\\\/schema\\\/logo\\\/image\\\/\"},\"sameAs\":[\"https:\\\/\\\/www.facebook.com\\\/ArtisticsMag\",\"https:\\\/\\\/x.com\\\/Artistics_FR\",\"http:\\\/\\\/www.linkedin.com\\\/company\\\/artistics\",\"https:\\\/\\\/www.instagram.com\\\/artistics_com\\\/\",\"http:\\\/\\\/www.pinterest.com\\\/ArtisticsMag\"],\"hasMerchantReturnPolicy\":{\"@type\":\"MerchantReturnPolicy\",\"merchantReturnLink\":\"https:\\\/\\\/artistics.com\\\/free-return-policy\\\/\"}}]}<\/script>\n<meta property=\"product:price:amount\" content=\"25000\" \/>\n<meta property=\"product:price:currency\" content=\"EUR\" \/>\n<meta property=\"og:availability\" content=\"out of stock\" \/>\n<meta property=\"product:availability\" content=\"out of stock\" \/>\n<meta property=\"product:retailer_item_id\" content=\"9259-1\" \/>\n<meta property=\"product:condition\" content=\"new\" \/>\n<!-- \/ Yoast SEO Premium plugin. -->","yoast_head_json":{"title":"Artistics | Sezione Aurea R1 par Mattia Bosco - Sculpture contemporaine","description":"Sezione Aurea R1 par Mattia Bosco - achat d'\u0153uvres d'art contemporain originales sur la galerie d'art en ligne Artistics.","robots":{"index":"index","follow":"follow","max-snippet":"max-snippet:-1","max-image-preview":"max-image-preview:large","max-video-preview":"max-video-preview:-1"},"canonical":"https:\/\/artistics.com\/fr\/oeuvre\/sezione-aurea-r1\/","og_locale":"fr_FR","og_type":"article","og_title":"Sezione Aurea R1","og_description":"Sezione Aurea R1 par Mattia Bosco - achat d'\u0153uvres d'art contemporain originales sur la galerie d'art en ligne Artistics.","og_url":"https:\/\/artistics.com\/fr\/oeuvre\/sezione-aurea-r1\/","og_site_name":"Artistics","article_publisher":"https:\/\/www.facebook.com\/ArtisticsMag","og_image":[{"width":1024,"height":683,"url":"https:\/\/artistics.com\/wp-content\/uploads\/2023\/09\/sezione-aurea-r1-sculpture-by-mattia-bosco-3-1024x683.jpg","type":"image\/jpeg"}],"twitter_card":"summary_large_image","twitter_site":"@Artistics_FR","twitter_misc":{"Prix":"25 000&nbsp;&euro;","Disponibilit\u00e9":"Rupture de stock"},"schema":{"@context":"https:\/\/schema.org","@graph":[{"@type":["WebPage","ItemPage"],"@id":"https:\/\/artistics.com\/fr\/oeuvre\/sezione-aurea-r1\/","url":"https:\/\/artistics.com\/fr\/oeuvre\/sezione-aurea-r1\/","name":"Artistics | Sezione Aurea R1 par Mattia Bosco - Sculpture contemporaine","isPartOf":{"@id":"https:\/\/artistics.com\/fr\/#website"},"primaryImageOfPage":{"@id":"https:\/\/artistics.com\/fr\/oeuvre\/sezione-aurea-r1\/#primaryimage"},"image":{"@id":"https:\/\/artistics.com\/fr\/oeuvre\/sezione-aurea-r1\/#primaryimage"},"thumbnailUrl":"https:\/\/artistics.com\/wp-content\/uploads\/2023\/09\/sezione-aurea-r1-sculpture-by-mattia-bosco-12-1-scaled.jpg","datePublished":"2023-09-22T12:30:23+00:00","description":"Sezione Aurea R1 par Mattia Bosco - achat d'\u0153uvres d'art contemporain originales sur la galerie d'art en ligne Artistics.","breadcrumb":{"@id":"https:\/\/artistics.com\/fr\/oeuvre\/sezione-aurea-r1\/#breadcrumb"},"inLanguage":"fr-FR","potentialAction":[{"@type":"ReadAction","target":["https:\/\/artistics.com\/fr\/oeuvre\/sezione-aurea-r1\/"]}]},{"@type":"ImageObject","inLanguage":"fr-FR","@id":"https:\/\/artistics.com\/fr\/oeuvre\/sezione-aurea-r1\/#primaryimage","url":"https:\/\/artistics.com\/wp-content\/uploads\/2023\/09\/sezione-aurea-r1-sculpture-by-mattia-bosco-12-1-scaled.jpg","contentUrl":"https:\/\/artistics.com\/wp-content\/uploads\/2023\/09\/sezione-aurea-r1-sculpture-by-mattia-bosco-12-1-scaled.jpg","width":2560,"height":1707,"caption":"Photo credit: Giuseppe D\u2019Aleo"},{"@type":"BreadcrumbList","@id":"https:\/\/artistics.com\/fr\/oeuvre\/sezione-aurea-r1\/#breadcrumb","itemListElement":[{"@type":"ListItem","position":1,"name":"Achat \u0153uvre d'art","item":"https:\/\/artistics.com\/fr\/"},{"@type":"ListItem","position":2,"name":"Galerie","item":"https:\/\/artistics.com\/fr\/galerie\/"},{"@type":"ListItem","position":3,"name":"Sculpture contemporaine","item":"https:\/\/artistics.com\/fr\/categorie-oeuvre\/sculpture-contemporaine\/"},{"@type":"ListItem","position":4,"name":"Sezione Aurea R1"}]},{"@type":"WebSite","@id":"https:\/\/artistics.com\/fr\/#website","url":"https:\/\/artistics.com\/fr\/","name":"Artistics","description":"The online art gallery","publisher":{"@id":"https:\/\/artistics.com\/fr\/#organization"},"potentialAction":[{"@type":"SearchAction","target":{"@type":"EntryPoint","urlTemplate":"https:\/\/artistics.com\/fr\/?s={search_term_string}"},"query-input":{"@type":"PropertyValueSpecification","valueRequired":true,"valueName":"search_term_string"}}],"inLanguage":"fr-FR"},{"@type":"Organization","@id":"https:\/\/artistics.com\/fr\/#organization","name":"Artistics","url":"https:\/\/artistics.com\/fr\/","logo":{"@type":"ImageObject","inLanguage":"fr-FR","@id":"https:\/\/artistics.com\/fr\/#\/schema\/logo\/image\/","url":"https:\/\/artistics.com\/wp-content\/uploads\/2023\/02\/artistics-logo-web-1.svg","contentUrl":"https:\/\/artistics.com\/wp-content\/uploads\/2023\/02\/artistics-logo-web-1.svg","caption":"Artistics"},"image":{"@id":"https:\/\/artistics.com\/fr\/#\/schema\/logo\/image\/"},"sameAs":["https:\/\/www.facebook.com\/ArtisticsMag","https:\/\/x.com\/Artistics_FR","http:\/\/www.linkedin.com\/company\/artistics","https:\/\/www.instagram.com\/artistics_com\/","http:\/\/www.pinterest.com\/ArtisticsMag"],"hasMerchantReturnPolicy":{"@type":"MerchantReturnPolicy","merchantReturnLink":"https:\/\/artistics.com\/free-return-policy\/"}}]},"product_price_amount":"25000","product_price_currency":"EUR","og_availability":"out of stock","product_availability":"out of stock","product_retailer_item_id":"9259-1","product_condition":"new"},"_links":{"self":[{"href":"https:\/\/artistics.com\/fr\/wp-json\/wp\/v2\/product\/38542","targetHints":{"allow":["GET"]}}],"collection":[{"href":"https:\/\/artistics.com\/fr\/wp-json\/wp\/v2\/product"}],"about":[{"href":"https:\/\/artistics.com\/fr\/wp-json\/wp\/v2\/types\/product"}],"acf:term":[{"embeddable":true,"taxonomy":"series","href":"https:\/\/artistics.com\/fr\/wp-json\/wp\/v2\/series\/1969"},{"embeddable":true,"taxonomy":"product_tag","href":"https:\/\/artistics.com\/fr\/wp-json\/wp\/v2\/product_tag\/368"},{"embeddable":true,"taxonomy":"product_tag","href":"https:\/\/artistics.com\/fr\/wp-json\/wp\/v2\/product_tag\/566"},{"embeddable":true,"taxonomy":"product_tag","href":"https:\/\/artistics.com\/fr\/wp-json\/wp\/v2\/product_tag\/565"},{"embeddable":true,"taxonomy":"product_tag","href":"https:\/\/artistics.com\/fr\/wp-json\/wp\/v2\/product_tag\/537"},{"embeddable":true,"taxonomy":"product_cat","href":"https:\/\/artistics.com\/fr\/wp-json\/wp\/v2\/product_cat\/238"},{"embeddable":true,"taxonomy":"product_cat","href":"https:\/\/artistics.com\/fr\/wp-json\/wp\/v2\/product_cat\/215"},{"embeddable":true,"taxonomy":"product_cat","href":"https:\/\/artistics.com\/fr\/wp-json\/wp\/v2\/product_cat\/189"},{"embeddable":true,"taxonomy":"product_cat","href":"https:\/\/artistics.com\/fr\/wp-json\/wp\/v2\/product_cat\/2491"},{"embeddable":true,"taxonomy":"product_cat","href":"https:\/\/artistics.com\/fr\/wp-json\/wp\/v2\/product_cat\/421"},{"embeddable":true,"taxonomy":"product_cat","href":"https:\/\/artistics.com\/fr\/wp-json\/wp\/v2\/product_cat\/2067"},{"embeddable":true,"taxonomy":"product_cat","href":"https:\/\/artistics.com\/fr\/wp-json\/wp\/v2\/product_cat\/338"},{"embeddable":true,"taxonomy":"product_cat","href":"https:\/\/artistics.com\/fr\/wp-json\/wp\/v2\/product_cat\/204"},{"embeddable":true,"taxonomy":"product_cat","href":"https:\/\/artistics.com\/fr\/wp-json\/wp\/v2\/product_cat\/164"}],"acf:post":[{"embeddable":true,"href":"https:\/\/artistics.com\/fr\/wp-json\/wp\/v2\/artist\/2796"}],"wp:featuredmedia":[{"embeddable":true,"href":"https:\/\/artistics.com\/fr\/wp-json\/wp\/v2\/media\/39268"}],"wp:attachment":[{"href":"https:\/\/artistics.com\/fr\/wp-json\/wp\/v2\/media?parent=38542"}],"wp:term":[{"taxonomy":"product_cat","embeddable":true,"href":"https:\/\/artistics.com\/fr\/wp-json\/wp\/v2\/product_cat?post=38542"},{"taxonomy":"product_tag","embeddable":true,"href":"https:\/\/artistics.com\/fr\/wp-json\/wp\/v2\/product_tag?post=38542"},{"taxonomy":"series","embeddable":true,"href":"https:\/\/artistics.com\/fr\/wp-json\/wp\/v2\/series?post=38542"}],"curies":[{"name":"wp","href":"https:\/\/api.w.org\/{rel}","templated":true}]}}