{"id":38170,"date":"2023-09-07T10:18:36","date_gmt":"2023-09-07T08:18:36","guid":{"rendered":"https:\/\/artistics.com\/?post_type=product&#038;p=38170"},"modified":"2024-01-24T10:25:34","modified_gmt":"2024-01-24T09:25:34","slug":"orangutan-blue-background-2022","status":"publish","type":"product","link":"https:\/\/artistics.com\/fr\/oeuvre\/orangutan-blue-background-2022\/","title":{"rendered":"Orangutan, Blue Background, 2022"},"content":{"rendered":"","protected":false},"excerpt":{"rendered":"","protected":false},"featured_media":47144,"template":"","meta":{"_acf_changed":false,"_searchwp_excluded":"","inline_featured_image":false},"product_cat":[2173,418,163,190,199,216,235],"product_tag":[],"series":[2145],"class_list":{"0":"post-38170","1":"product","2":"type-product","3":"status-publish","4":"has-post-thumbnail","6":"product_cat-mise-en-scene-photographique","7":"product_cat-photographie-de-studio","8":"product_cat-photographie-contemporaine","9":"product_cat-animal","10":"product_cat-photographie-animaliere","11":"product_cat-moyen","12":"product_cat-de-1000-a-3000-e","13":"series-brad-wilson-couleur-fr","15":"first","16":"instock","17":"shipping-taxable","18":"purchasable","19":"product-type-variable","20":"has-default-attributes"},"acf":{"artwork_artist":2786,"artwork_medium":163,"artwork_categories":[199,2173,418],"artwork_overall-tones":[],"artwork_main-material":[],"artwork_art-genre":[418],"artwork_art-movement":[],"artwork_miscellaneous":[190],"artwork_formats":[216,216],"artwork_price-ranges":[235],"artwork_main_subject":[],"artwork_technique":[],"artwork_featured_location":[],"artwork_dominant_color":[],"artwork_physical_attributes":[],"artwork_creation_date":"20220101","artwork_unique_piece":false,"artwork_description":"Tirage pigmentaire Archival sur papier Hahnem\u00fchle Fine Art Baryta.","artwork_signature":"x","artwork_authenticity":"L\u2019\u0153uvre est vendue avec un certificat d\u2019authenticit\u00e9 sign\u00e9 par l\u2019artiste.","artwork_framing":"unframed","artwork_has_custom_framing_info":false,"artwork_custom_framing_info":"Not specified","artwork_location_country":"US","artwork_location_city":"Santa Fe","artwork_location_zipcode":"87507","artwork_shipment_type":"2D_rolled_artwork","artwork_shipping_delivery":"photography_production_time","artwork_has_custom_shipping_delivery_info":false,"artwork_custom_shipping_delivery_info":"Not specified","artwork_360_view_url":"","artwork_video_url":"","artwork_video_format":[],"artwork_preview_type":"featured_image","artwork_reserved":false,"artwork_hide_price":false,"artwork_about":"<strong><em>Orangutan, fond bleu, 2022<\/em><\/strong> est une photographie de l\u2019artiste am\u00e9ricain Brad Wilson. Ce tirage d\u2019art repr\u00e9sente un orang-outan.\r\n\r\n\"<em>Il y a quelques ann\u00e9es, j'ai eu le rare privil\u00e8ge de photographier un jeune orang-outan m\u00e2le dans un studio de Los Angeles. Nous avons pass\u00e9 plusieurs heures ensemble dans un grand espace o\u00f9 il \u00e9tait libre de se d\u00e9placer, d'interagir et de manger une vari\u00e9t\u00e9 de ses aliments pr\u00e9f\u00e9r\u00e9s. Cette s\u00e9ance photo, comme toutes mes s\u00e9ances avec des animaux, avait pour but de trouver des moments uniques et connect\u00e9s - des moments o\u00f9 l'humeur, l'immobilit\u00e9 et la composition s'alignent pour rendre quelque chose de commun soudainement inhabituel, quelque chose d'attendu soudainement inattendu. Pour trouver ces moments, je passe la plupart de mon temps \u00e0 observer et \u00e0 attendre que mes sujets se calment et se d\u00e9tendent. Ce n'est qu'\u00e0 ce moment-l\u00e0 qu'un comportement plus normal, et plus int\u00e9ressant, commence \u00e0 se manifester. Dans le cas pr\u00e9sent, l'orang-outan a simplement lev\u00e9 les bras et ferm\u00e9 les yeux dans un geste spontan\u00e9 - quelque chose de compl\u00e8tement impr\u00e9vu, mais tr\u00e8s humain dans l'esprit. Je pense que c'est pour cette raison que nous voyons une partie de nous-m\u00eames dans la photographie, ce qui la rend encore plus convaincante.<\/em>\" Brad Wilson\r\n\r\nBrad Wilson vit et travaille \u00e0 Santa Fe, au Nouveau-Mexique. Le photographe a d\u00e9but\u00e9 en 2010 un projet tr\u00e8s ambitieux et original qui pr\u00e9sente des portraits d\u2019animaux sauvages en studio. Le choix du sujet a \u00e9t\u00e9 pour l\u2019artiste un vrai d\u00e9fi : les animaux \u00e9tant impr\u00e9visibles et incontr\u00f4lables, il peut arriver \u00e0 l\u2019artiste d\u2019attendre des heures avant d\u2019atteindre la composition souhait\u00e9e, c\u2019est-\u00e0-dire le moment de connexion profonde avec l\u2019animal qu\u2019il souhaite r\u00e9v\u00e9ler dans chaque portrait.\r\n\r\nGr\u00e2ce au fond bleu qui \u00e9limine les possibles distractions visuelles, le focus est amen\u00e9 sur les d\u00e9tails de chaque animal et en particulier sur son regard et ses yeux. Les photographies apparaissent hors du temps et de l\u2019espace, sugg\u00e9rant \u00e0 l\u2019observateur une r\u00e9flexion sur l\u2019importance et le caract\u00e8re unique des autres esp\u00e8ces ainsi que sur leur relation avec les \u00eatres humains. Qu\u2019il s\u2019agisse de tigres, singes, serpents ou oiseaux rares, tous les animaux sont toujours repr\u00e9sent\u00e9s par l\u2019artiste avec grand respect et dignit\u00e9.\r\n\r\n<em>Les tirages des photographies de Brad Wilson sont vendus en \u00e9dition limit\u00e9e. Le prix indiqu\u00e9 correspond au tirage seul, vendu non mont\u00e9 et non encadr\u00e9. Pour toute demande particuli\u00e8re concernant le montage ou l'encadrement, merci de nous contacter. Chaque tirage est accompagn\u00e9 d\u2019un certificat d\u2019authenticit\u00e9 sign\u00e9 par l\u2019artiste.<\/em>","artwork_series":[2145],"artwork_query_group":"20","artwork_lowest_grid_position":1,"artwork_random_position":1701592,"explicit_sensitive_content":false,"drupal_id":"4520"},"yoast_head":"<!-- This site is optimized with the Yoast SEO Premium plugin v27.3 (Yoast SEO v27.3) - https:\/\/yoast.com\/product\/yoast-seo-premium-wordpress\/ -->\n<title>Artistics | Orangutan, Blue Background, 2022 par Brad Wilson - Photographie contemporaine<\/title>\n<meta name=\"description\" content=\"Orangutan, Blue Background, 2022 par Brad Wilson - achat d&#039;\u0153uvres d&#039;art contemporain originales sur la galerie d&#039;art en ligne Artistics.\" \/>\n<meta name=\"robots\" content=\"index, follow, max-snippet:-1, max-image-preview:large, max-video-preview:-1\" \/>\n<link rel=\"canonical\" href=\"https:\/\/artistics.com\/fr\/oeuvre\/orangutan-blue-background-2022\/\" \/>\n<meta property=\"og:locale\" content=\"fr_FR\" \/>\n<meta property=\"og:type\" content=\"article\" \/>\n<meta property=\"og:title\" content=\"Orangutan, Blue Background, 2022\" \/>\n<meta property=\"og:description\" content=\"Orangutan, Blue Background, 2022 par Brad Wilson - achat d&#039;\u0153uvres d&#039;art contemporain originales sur la galerie d&#039;art en ligne Artistics.\" \/>\n<meta property=\"og:url\" content=\"https:\/\/artistics.com\/fr\/oeuvre\/orangutan-blue-background-2022\/\" \/>\n<meta property=\"og:site_name\" content=\"Artistics\" \/>\n<meta property=\"article:publisher\" content=\"https:\/\/www.facebook.com\/ArtisticsMag\" \/>\n<meta property=\"article:modified_time\" content=\"2024-01-24T09:25:34+00:00\" \/>\n<meta property=\"og:image\" content=\"https:\/\/artistics.com\/wp-content\/uploads\/2024\/01\/orangutan-blue-animal-photography-by-brad-wilson-1.jpg\" \/>\n\t<meta property=\"og:image:width\" content=\"1024\" \/>\n\t<meta property=\"og:image:height\" content=\"1024\" \/>\n\t<meta property=\"og:image:type\" content=\"image\/jpeg\" \/>\n<meta name=\"twitter:card\" content=\"summary_large_image\" \/>\n<meta name=\"twitter:site\" content=\"@Artistics_FR\" \/>\n<meta name=\"twitter:label1\" content=\"Disponibilit\u00e9\" \/>\n\t<meta name=\"twitter:data1\" content=\"En stock\" \/>\n<script type=\"application\/ld+json\" class=\"yoast-schema-graph\">{\"@context\":\"https:\\\/\\\/schema.org\",\"@graph\":[{\"@type\":[\"WebPage\",\"ItemPage\"],\"@id\":\"https:\\\/\\\/artistics.com\\\/fr\\\/oeuvre\\\/orangutan-blue-background-2022\\\/\",\"url\":\"https:\\\/\\\/artistics.com\\\/fr\\\/oeuvre\\\/orangutan-blue-background-2022\\\/\",\"name\":\"Artistics | Orangutan, Blue Background, 2022 par Brad Wilson - Photographie contemporaine\",\"isPartOf\":{\"@id\":\"https:\\\/\\\/artistics.com\\\/fr\\\/#website\"},\"primaryImageOfPage\":{\"@id\":\"https:\\\/\\\/artistics.com\\\/fr\\\/oeuvre\\\/orangutan-blue-background-2022\\\/#primaryimage\"},\"image\":{\"@id\":\"https:\\\/\\\/artistics.com\\\/fr\\\/oeuvre\\\/orangutan-blue-background-2022\\\/#primaryimage\"},\"thumbnailUrl\":\"https:\\\/\\\/artistics.com\\\/wp-content\\\/uploads\\\/2024\\\/01\\\/orangutan-blue-animal-photography-by-brad-wilson-1.jpg\",\"datePublished\":\"2023-09-07T08:18:36+00:00\",\"dateModified\":\"2024-01-24T09:25:34+00:00\",\"description\":\"Orangutan, Blue Background, 2022 par Brad Wilson - achat d'\u0153uvres d'art contemporain originales sur la galerie d'art en ligne Artistics.\",\"breadcrumb\":{\"@id\":\"https:\\\/\\\/artistics.com\\\/fr\\\/oeuvre\\\/orangutan-blue-background-2022\\\/#breadcrumb\"},\"inLanguage\":\"fr-FR\",\"potentialAction\":[{\"@type\":\"ReadAction\",\"target\":[\"https:\\\/\\\/artistics.com\\\/fr\\\/oeuvre\\\/orangutan-blue-background-2022\\\/\"]}]},{\"@type\":\"ImageObject\",\"inLanguage\":\"fr-FR\",\"@id\":\"https:\\\/\\\/artistics.com\\\/fr\\\/oeuvre\\\/orangutan-blue-background-2022\\\/#primaryimage\",\"url\":\"https:\\\/\\\/artistics.com\\\/wp-content\\\/uploads\\\/2024\\\/01\\\/orangutan-blue-animal-photography-by-brad-wilson-1.jpg\",\"contentUrl\":\"https:\\\/\\\/artistics.com\\\/wp-content\\\/uploads\\\/2024\\\/01\\\/orangutan-blue-animal-photography-by-brad-wilson-1.jpg\",\"width\":1024,\"height\":1024},{\"@type\":\"BreadcrumbList\",\"@id\":\"https:\\\/\\\/artistics.com\\\/fr\\\/oeuvre\\\/orangutan-blue-background-2022\\\/#breadcrumb\",\"itemListElement\":[{\"@type\":\"ListItem\",\"position\":1,\"name\":\"Achat \u0153uvre d'art\",\"item\":\"https:\\\/\\\/artistics.com\\\/fr\\\/\"},{\"@type\":\"ListItem\",\"position\":2,\"name\":\"Galerie\",\"item\":\"https:\\\/\\\/artistics.com\\\/fr\\\/galerie\\\/\"},{\"@type\":\"ListItem\",\"position\":3,\"name\":\"Photographie contemporaine\",\"item\":\"https:\\\/\\\/artistics.com\\\/fr\\\/categorie-oeuvre\\\/photographie-contemporaine\\\/\"},{\"@type\":\"ListItem\",\"position\":4,\"name\":\"Orangutan, Blue Background, 2022\"}]},{\"@type\":\"WebSite\",\"@id\":\"https:\\\/\\\/artistics.com\\\/fr\\\/#website\",\"url\":\"https:\\\/\\\/artistics.com\\\/fr\\\/\",\"name\":\"Artistics\",\"description\":\"The online art gallery\",\"publisher\":{\"@id\":\"https:\\\/\\\/artistics.com\\\/fr\\\/#organization\"},\"potentialAction\":[{\"@type\":\"SearchAction\",\"target\":{\"@type\":\"EntryPoint\",\"urlTemplate\":\"https:\\\/\\\/artistics.com\\\/fr\\\/?s={search_term_string}\"},\"query-input\":{\"@type\":\"PropertyValueSpecification\",\"valueRequired\":true,\"valueName\":\"search_term_string\"}}],\"inLanguage\":\"fr-FR\"},{\"@type\":\"Organization\",\"@id\":\"https:\\\/\\\/artistics.com\\\/fr\\\/#organization\",\"name\":\"Artistics\",\"url\":\"https:\\\/\\\/artistics.com\\\/fr\\\/\",\"logo\":{\"@type\":\"ImageObject\",\"inLanguage\":\"fr-FR\",\"@id\":\"https:\\\/\\\/artistics.com\\\/fr\\\/#\\\/schema\\\/logo\\\/image\\\/\",\"url\":\"https:\\\/\\\/artistics.com\\\/wp-content\\\/uploads\\\/2023\\\/02\\\/artistics-logo-web-1.svg\",\"contentUrl\":\"https:\\\/\\\/artistics.com\\\/wp-content\\\/uploads\\\/2023\\\/02\\\/artistics-logo-web-1.svg\",\"caption\":\"Artistics\"},\"image\":{\"@id\":\"https:\\\/\\\/artistics.com\\\/fr\\\/#\\\/schema\\\/logo\\\/image\\\/\"},\"sameAs\":[\"https:\\\/\\\/www.facebook.com\\\/ArtisticsMag\",\"https:\\\/\\\/x.com\\\/Artistics_FR\",\"http:\\\/\\\/www.linkedin.com\\\/company\\\/artistics\",\"https:\\\/\\\/www.instagram.com\\\/artistics_com\\\/\",\"http:\\\/\\\/www.pinterest.com\\\/ArtisticsMag\"],\"hasMerchantReturnPolicy\":{\"@type\":\"MerchantReturnPolicy\",\"merchantReturnLink\":\"https:\\\/\\\/artistics.com\\\/free-return-policy\\\/\"}}]}<\/script>\n<meta property=\"og:availability\" content=\"instock\" \/>\n<meta property=\"product:availability\" content=\"instock\" \/>\n<meta property=\"product:retailer_item_id\" content=\"4570-5-1-1\" \/>\n<meta property=\"product:condition\" content=\"new\" \/>\n<!-- \/ Yoast SEO Premium plugin. -->","yoast_head_json":{"title":"Artistics | Orangutan, Blue Background, 2022 par Brad Wilson - Photographie contemporaine","description":"Orangutan, Blue Background, 2022 par Brad Wilson - achat d'\u0153uvres d'art contemporain originales sur la galerie d'art en ligne Artistics.","robots":{"index":"index","follow":"follow","max-snippet":"max-snippet:-1","max-image-preview":"max-image-preview:large","max-video-preview":"max-video-preview:-1"},"canonical":"https:\/\/artistics.com\/fr\/oeuvre\/orangutan-blue-background-2022\/","og_locale":"fr_FR","og_type":"article","og_title":"Orangutan, Blue Background, 2022","og_description":"Orangutan, Blue Background, 2022 par Brad Wilson - achat d'\u0153uvres d'art contemporain originales sur la galerie d'art en ligne Artistics.","og_url":"https:\/\/artistics.com\/fr\/oeuvre\/orangutan-blue-background-2022\/","og_site_name":"Artistics","article_publisher":"https:\/\/www.facebook.com\/ArtisticsMag","article_modified_time":"2024-01-24T09:25:34+00:00","og_image":[{"width":1024,"height":1024,"url":"https:\/\/artistics.com\/wp-content\/uploads\/2024\/01\/orangutan-blue-animal-photography-by-brad-wilson-1.jpg","type":"image\/jpeg"}],"twitter_card":"summary_large_image","twitter_site":"@Artistics_FR","twitter_misc":{"Disponibilit\u00e9":"En stock"},"schema":{"@context":"https:\/\/schema.org","@graph":[{"@type":["WebPage","ItemPage"],"@id":"https:\/\/artistics.com\/fr\/oeuvre\/orangutan-blue-background-2022\/","url":"https:\/\/artistics.com\/fr\/oeuvre\/orangutan-blue-background-2022\/","name":"Artistics | Orangutan, Blue Background, 2022 par Brad Wilson - Photographie contemporaine","isPartOf":{"@id":"https:\/\/artistics.com\/fr\/#website"},"primaryImageOfPage":{"@id":"https:\/\/artistics.com\/fr\/oeuvre\/orangutan-blue-background-2022\/#primaryimage"},"image":{"@id":"https:\/\/artistics.com\/fr\/oeuvre\/orangutan-blue-background-2022\/#primaryimage"},"thumbnailUrl":"https:\/\/artistics.com\/wp-content\/uploads\/2024\/01\/orangutan-blue-animal-photography-by-brad-wilson-1.jpg","datePublished":"2023-09-07T08:18:36+00:00","dateModified":"2024-01-24T09:25:34+00:00","description":"Orangutan, Blue Background, 2022 par Brad Wilson - achat d'\u0153uvres d'art contemporain originales sur la galerie d'art en ligne Artistics.","breadcrumb":{"@id":"https:\/\/artistics.com\/fr\/oeuvre\/orangutan-blue-background-2022\/#breadcrumb"},"inLanguage":"fr-FR","potentialAction":[{"@type":"ReadAction","target":["https:\/\/artistics.com\/fr\/oeuvre\/orangutan-blue-background-2022\/"]}]},{"@type":"ImageObject","inLanguage":"fr-FR","@id":"https:\/\/artistics.com\/fr\/oeuvre\/orangutan-blue-background-2022\/#primaryimage","url":"https:\/\/artistics.com\/wp-content\/uploads\/2024\/01\/orangutan-blue-animal-photography-by-brad-wilson-1.jpg","contentUrl":"https:\/\/artistics.com\/wp-content\/uploads\/2024\/01\/orangutan-blue-animal-photography-by-brad-wilson-1.jpg","width":1024,"height":1024},{"@type":"BreadcrumbList","@id":"https:\/\/artistics.com\/fr\/oeuvre\/orangutan-blue-background-2022\/#breadcrumb","itemListElement":[{"@type":"ListItem","position":1,"name":"Achat \u0153uvre d'art","item":"https:\/\/artistics.com\/fr\/"},{"@type":"ListItem","position":2,"name":"Galerie","item":"https:\/\/artistics.com\/fr\/galerie\/"},{"@type":"ListItem","position":3,"name":"Photographie contemporaine","item":"https:\/\/artistics.com\/fr\/categorie-oeuvre\/photographie-contemporaine\/"},{"@type":"ListItem","position":4,"name":"Orangutan, Blue Background, 2022"}]},{"@type":"WebSite","@id":"https:\/\/artistics.com\/fr\/#website","url":"https:\/\/artistics.com\/fr\/","name":"Artistics","description":"The online art gallery","publisher":{"@id":"https:\/\/artistics.com\/fr\/#organization"},"potentialAction":[{"@type":"SearchAction","target":{"@type":"EntryPoint","urlTemplate":"https:\/\/artistics.com\/fr\/?s={search_term_string}"},"query-input":{"@type":"PropertyValueSpecification","valueRequired":true,"valueName":"search_term_string"}}],"inLanguage":"fr-FR"},{"@type":"Organization","@id":"https:\/\/artistics.com\/fr\/#organization","name":"Artistics","url":"https:\/\/artistics.com\/fr\/","logo":{"@type":"ImageObject","inLanguage":"fr-FR","@id":"https:\/\/artistics.com\/fr\/#\/schema\/logo\/image\/","url":"https:\/\/artistics.com\/wp-content\/uploads\/2023\/02\/artistics-logo-web-1.svg","contentUrl":"https:\/\/artistics.com\/wp-content\/uploads\/2023\/02\/artistics-logo-web-1.svg","caption":"Artistics"},"image":{"@id":"https:\/\/artistics.com\/fr\/#\/schema\/logo\/image\/"},"sameAs":["https:\/\/www.facebook.com\/ArtisticsMag","https:\/\/x.com\/Artistics_FR","http:\/\/www.linkedin.com\/company\/artistics","https:\/\/www.instagram.com\/artistics_com\/","http:\/\/www.pinterest.com\/ArtisticsMag"],"hasMerchantReturnPolicy":{"@type":"MerchantReturnPolicy","merchantReturnLink":"https:\/\/artistics.com\/free-return-policy\/"}}]},"og_availability":"instock","product_availability":"instock","product_retailer_item_id":"4570-5-1-1","product_condition":"new"},"_links":{"self":[{"href":"https:\/\/artistics.com\/fr\/wp-json\/wp\/v2\/product\/38170","targetHints":{"allow":["GET"]}}],"collection":[{"href":"https:\/\/artistics.com\/fr\/wp-json\/wp\/v2\/product"}],"about":[{"href":"https:\/\/artistics.com\/fr\/wp-json\/wp\/v2\/types\/product"}],"acf:term":[{"embeddable":true,"taxonomy":"series","href":"https:\/\/artistics.com\/fr\/wp-json\/wp\/v2\/series\/2145"},{"embeddable":true,"taxonomy":"product_cat","href":"https:\/\/artistics.com\/fr\/wp-json\/wp\/v2\/product_cat\/235"},{"embeddable":true,"taxonomy":"product_cat","href":"https:\/\/artistics.com\/fr\/wp-json\/wp\/v2\/product_cat\/216"},{"embeddable":true,"taxonomy":"product_cat","href":"https:\/\/artistics.com\/fr\/wp-json\/wp\/v2\/product_cat\/190"},{"embeddable":true,"taxonomy":"product_cat","href":"https:\/\/artistics.com\/fr\/wp-json\/wp\/v2\/product_cat\/418"},{"embeddable":true,"taxonomy":"product_cat","href":"https:\/\/artistics.com\/fr\/wp-json\/wp\/v2\/product_cat\/2173"},{"embeddable":true,"taxonomy":"product_cat","href":"https:\/\/artistics.com\/fr\/wp-json\/wp\/v2\/product_cat\/199"},{"embeddable":true,"taxonomy":"product_cat","href":"https:\/\/artistics.com\/fr\/wp-json\/wp\/v2\/product_cat\/163"}],"acf:post":[{"embeddable":true,"href":"https:\/\/artistics.com\/fr\/wp-json\/wp\/v2\/artist\/2786"}],"wp:featuredmedia":[{"embeddable":true,"href":"https:\/\/artistics.com\/fr\/wp-json\/wp\/v2\/media\/47144"}],"wp:attachment":[{"href":"https:\/\/artistics.com\/fr\/wp-json\/wp\/v2\/media?parent=38170"}],"wp:term":[{"taxonomy":"product_cat","embeddable":true,"href":"https:\/\/artistics.com\/fr\/wp-json\/wp\/v2\/product_cat?post=38170"},{"taxonomy":"product_tag","embeddable":true,"href":"https:\/\/artistics.com\/fr\/wp-json\/wp\/v2\/product_tag?post=38170"},{"taxonomy":"series","embeddable":true,"href":"https:\/\/artistics.com\/fr\/wp-json\/wp\/v2\/series?post=38170"}],"curies":[{"name":"wp","href":"https:\/\/api.w.org\/{rel}","templated":true}]}}