{"id":32919,"date":"2020-06-25T11:04:41","date_gmt":"2020-06-25T09:04:41","guid":{"rendered":"https:\/\/2022.devartistics.com\/artwork\/elk-serie-residence-impermanence\/"},"modified":"2025-07-18T18:57:19","modified_gmt":"2025-07-18T16:57:19","slug":"elk-serie-residence-impermanence","status":"publish","type":"product","link":"https:\/\/artistics.com\/fr\/oeuvre\/elk-serie-residence-impermanence\/","title":{"rendered":"Elk, s\u00e9rie Residence of Impermanence"},"content":{"rendered":"","protected":false},"excerpt":{"rendered":"","protected":false},"featured_media":32572,"template":"","meta":{"_acf_changed":false,"_searchwp_excluded":"","inline_featured_image":false},"product_cat":[418,163,190,215,216,228,236],"product_tag":[],"series":[2060],"class_list":{"0":"post-32919","1":"product","2":"type-product","3":"status-publish","4":"has-post-thumbnail","6":"product_cat-photographie-de-studio","7":"product_cat-photographie-contemporaine","8":"product_cat-animal","9":"product_cat-grand","10":"product_cat-moyen","11":"product_cat-couleurs-vives","12":"product_cat-de-3000-a-10-000-e","13":"series-christian-houge-residence-of-impermanence-fr","15":"first","16":"instock","17":"shipping-taxable","18":"purchasable","19":"product-type-variable","20":"has-default-attributes"},"acf":{"artwork_artist":[2763],"artwork_medium":163,"artwork_categories":[418],"artwork_overall-tones":[228],"artwork_main-material":[],"artwork_art-genre":[],"artwork_art-movement":[],"artwork_miscellaneous":[190],"artwork_formats":[215,216],"artwork_price-ranges":[236],"artwork_main_subject":[],"artwork_technique":[],"artwork_featured_location":[],"artwork_dominant_color":[],"artwork_physical_attributes":[],"artwork_creation_date":"20180101","artwork_unique_piece":false,"artwork_description":"Impression pigmentaire Archival ou C-print contrecoll\u00e9e sur dibond","artwork_signature":"\u0152uvre sign\u00e9e","artwork_authenticity":"L\u2019\u0153uvre est vendue avec un certificat d\u2019authenticit\u00e9 sign\u00e9 par l\u2019artiste.","artwork_framing":"unframed","artwork_has_custom_framing_info":false,"artwork_custom_framing_info":"Cadre en bois noir avec verre antireflet","artwork_location_country":"NO","artwork_location_city":"Oslo","artwork_location_zipcode":"0170","artwork_shipment_type":"2D_flat_artwork","artwork_shipping_delivery":"photography_production_time","artwork_has_custom_shipping_delivery_info":false,"artwork_custom_shipping_delivery_info":"Not specified","artwork_360_view_url":"","artwork_video_url":"https:\/\/youtu.be\/hHSVUkc3ac4","artwork_video_format":[],"artwork_preview_type":"featured_image","artwork_reserved":false,"artwork_hide_price":false,"artwork_about":"<p class=\"ai-optimize-24\"><strong><em>Elk <\/em><\/strong>est une photographie de l\u2019artiste norv\u00e9gien Christian Houge issue de la s\u00e9rie\u00a0<em>Residence of Impermanence<\/em>. La s\u00e9rie a s\u00e9rie a obtenu neuf nominations pour le prix Pictet (2021) et a \u00e9t\u00e9 expos\u00e9e dans plusieurs mus\u00e9es de photographie : Preus Museum (Horten, Norv\u00e8ge, 2019), Fotografiska Museum (Stockholm, Su\u00e8de, 2019), California Museum of Photography (Los Angeles, USA, 2020). La s\u00e9rie est propos\u00e9e pour la premi\u00e8re fois \u00e0 la vente sur Artistics.<\/p>\r\n<p class=\"ai-optimize-27\">Sortie en 2019, cette s\u00e9rie est le fruit d\u2019une obsession de l\u2019artiste pour les pi\u00e8ces de taxidermie qu\u2019il a collectionn\u00e9es par dizaines pendant pr\u00e8s de sept ann\u00e9es, avant de donner un sens \u00e0 ces objets \u00e0 l\u2019apparence vivante. Le long processus de pr\u00e9paration a n\u00e9cessit\u00e9 des ressources logistiques et techniques importantes, notamment pour le transport et la bonne conservation des animaux.<\/p>\r\n<p class=\"ai-optimize-28\">Ces photographies sont des espaces de r\u00e9f\u00e9rences culturelles et mythologiques multiples par lesquels Christian Houge se fait d\u00e9miurge. Immortalisant le feu qui d\u00e9truit, il c\u00e9l\u00e8bre la lib\u00e9ration d\u2019animaux condamn\u00e9s \u00e0 un \u00e9tat de d\u00e9gradation permanent et \u00e9ternel. Cette mise en sc\u00e8ne aussi troublante qu\u2019effrayante repr\u00e9sente un triomphe passif pour ces animaux qui s\u2019\u00e9teignent progressivement sur le fond d\u2019une nature luxuriante reproduite par les tapisseries victoriennes. Ces derni\u00e8res ont \u00e9t\u00e9 choisies par le photographe pour incarner l\u2019imp\u00e9rialisme centenaire des humains sur la nature et sur leurs semblables.<\/p>\r\n<p class=\"ai-optimize-29\">Avec cette s\u00e9rie-performance, Christian Houge entend poursuivre sa recherche artistique et questionner une nouvelle fois la hi\u00e9rarchie mise en place par l\u2019homme avec la Nature qu\u2019il habite. Il d\u00e9clare : \u00ab\u00a0<em>L\u2019exploration de notre relation et nos conflits vis-\u00e0-vis de la Nature est un th\u00e8me r\u00e9current de toutes mes s\u00e9ries ces vingt derni\u00e8res ann\u00e9es. Residence of Impermanence est pour s\u00fbr la plus expressive mais \u00e9galement celle qui invite le plus \u00e0 r\u00e9fl\u00e9chir<\/em>\u00a0\u00bb.<\/p>\r\n<p class=\"ai-optimize-30\">Si chaque s\u00e9rie de l\u2019artiste repr\u00e9sente un biais par lequel cette question est pos\u00e9e,\u00a0<em>Residence of Impermanence<\/em>\u00a0entend provoquer une prise de conscience. Les animaux sont faits m\u00e9tonymies du monde naturel, et deviennent des images dont l\u2019impact esth\u00e9tique fort est enrichi par des r\u00e9f\u00e9rences symboliques mises en sc\u00e8ne par l\u2019artiste.\u00a0Ces images mettent en exergue un paradoxe :\u00a0 l\u2019\u00e9motion que suscite la vision de ces \u00eatres que la vie a d\u00e9j\u00e0 quitt\u00e9s mais dont le photographe nous rend t\u00e9moins de la disparition nous oblige \u00e0 questionner la relative indiff\u00e9rence avec laquelle nous assistons par ailleurs \u00e0 la disparition acc\u00e9l\u00e9r\u00e9e de nombreuses esp\u00e8ces, il est vrai silencieuse et presque invisible \u00e0 nos yeux.<\/p>\r\n<p class=\"ai-optimize-23\">Petit format : impression pigmentaire Archival sur papier coton contrecoll\u00e9e sur dibond \/ Grand format : tirage C-print contrecoll\u00e9 sur dibond<\/p>","artwork_series":[2060],"artwork_query_group":"10","artwork_lowest_grid_position":1,"artwork_random_position":2615211,"explicit_sensitive_content":false,"drupal_id":"7374"},"yoast_head":"<!-- This site is optimized with the Yoast SEO Premium plugin v27.3 (Yoast SEO v27.3) - https:\/\/yoast.com\/product\/yoast-seo-premium-wordpress\/ -->\n<title>Artistics | Elk, s\u00e9rie Residence of Impermanence par Christian Houge - Photographie contemporaine<\/title>\n<meta name=\"description\" content=\"Elk, s\u00e9rie Residence of Impermanence par Christian Houge - achat d&#039;\u0153uvres d&#039;art contemporain originales sur la galerie d&#039;art en ligne Artistics.\" \/>\n<meta name=\"robots\" content=\"index, follow, max-snippet:-1, max-image-preview:large, max-video-preview:-1\" \/>\n<link rel=\"canonical\" href=\"https:\/\/artistics.com\/fr\/oeuvre\/elk-serie-residence-impermanence\/\" \/>\n<meta property=\"og:locale\" content=\"fr_FR\" \/>\n<meta property=\"og:type\" content=\"article\" \/>\n<meta property=\"og:title\" content=\"Elk, s\u00e9rie Residence of Impermanence\" \/>\n<meta property=\"og:description\" content=\"Elk, s\u00e9rie Residence of Impermanence par Christian Houge - achat d&#039;\u0153uvres d&#039;art contemporain originales sur la galerie d&#039;art en ligne Artistics.\" \/>\n<meta property=\"og:url\" content=\"https:\/\/artistics.com\/fr\/oeuvre\/elk-serie-residence-impermanence\/\" \/>\n<meta property=\"og:site_name\" content=\"Artistics\" \/>\n<meta property=\"article:publisher\" content=\"https:\/\/www.facebook.com\/ArtisticsMag\" \/>\n<meta property=\"article:modified_time\" content=\"2025-07-18T16:57:19+00:00\" \/>\n<meta property=\"og:image\" content=\"https:\/\/artistics.com\/wp-content\/uploads\/2023\/04\/elk-scandinavian-photography-by-christian-houge_3-1.jpg\" \/>\n\t<meta property=\"og:image:width\" content=\"1020\" \/>\n\t<meta property=\"og:image:height\" content=\"1360\" \/>\n\t<meta property=\"og:image:type\" content=\"image\/jpeg\" \/>\n<meta name=\"twitter:card\" content=\"summary_large_image\" \/>\n<meta name=\"twitter:site\" content=\"@Artistics_FR\" \/>\n<meta name=\"twitter:label1\" content=\"Disponibilit\u00e9\" \/>\n\t<meta name=\"twitter:data1\" content=\"En stock\" \/>\n<script type=\"application\/ld+json\" class=\"yoast-schema-graph\">{\"@context\":\"https:\\\/\\\/schema.org\",\"@graph\":[{\"@type\":[\"WebPage\",\"ItemPage\"],\"@id\":\"https:\\\/\\\/artistics.com\\\/fr\\\/oeuvre\\\/elk-serie-residence-impermanence\\\/\",\"url\":\"https:\\\/\\\/artistics.com\\\/fr\\\/oeuvre\\\/elk-serie-residence-impermanence\\\/\",\"name\":\"Artistics | Elk, s\u00e9rie Residence of Impermanence par Christian Houge - Photographie contemporaine\",\"isPartOf\":{\"@id\":\"https:\\\/\\\/artistics.com\\\/fr\\\/#website\"},\"primaryImageOfPage\":{\"@id\":\"https:\\\/\\\/artistics.com\\\/fr\\\/oeuvre\\\/elk-serie-residence-impermanence\\\/#primaryimage\"},\"image\":{\"@id\":\"https:\\\/\\\/artistics.com\\\/fr\\\/oeuvre\\\/elk-serie-residence-impermanence\\\/#primaryimage\"},\"thumbnailUrl\":\"https:\\\/\\\/artistics.com\\\/wp-content\\\/uploads\\\/2023\\\/04\\\/elk-scandinavian-photography-by-christian-houge_3-1.jpg\",\"datePublished\":\"2020-06-25T09:04:41+00:00\",\"dateModified\":\"2025-07-18T16:57:19+00:00\",\"description\":\"Elk, s\u00e9rie Residence of Impermanence par Christian Houge - achat d'\u0153uvres d'art contemporain originales sur la galerie d'art en ligne Artistics.\",\"breadcrumb\":{\"@id\":\"https:\\\/\\\/artistics.com\\\/fr\\\/oeuvre\\\/elk-serie-residence-impermanence\\\/#breadcrumb\"},\"inLanguage\":\"fr-FR\",\"potentialAction\":[{\"@type\":\"ReadAction\",\"target\":[\"https:\\\/\\\/artistics.com\\\/fr\\\/oeuvre\\\/elk-serie-residence-impermanence\\\/\"]}]},{\"@type\":\"ImageObject\",\"inLanguage\":\"fr-FR\",\"@id\":\"https:\\\/\\\/artistics.com\\\/fr\\\/oeuvre\\\/elk-serie-residence-impermanence\\\/#primaryimage\",\"url\":\"https:\\\/\\\/artistics.com\\\/wp-content\\\/uploads\\\/2023\\\/04\\\/elk-scandinavian-photography-by-christian-houge_3-1.jpg\",\"contentUrl\":\"https:\\\/\\\/artistics.com\\\/wp-content\\\/uploads\\\/2023\\\/04\\\/elk-scandinavian-photography-by-christian-houge_3-1.jpg\",\"width\":1020,\"height\":1360},{\"@type\":\"BreadcrumbList\",\"@id\":\"https:\\\/\\\/artistics.com\\\/fr\\\/oeuvre\\\/elk-serie-residence-impermanence\\\/#breadcrumb\",\"itemListElement\":[{\"@type\":\"ListItem\",\"position\":1,\"name\":\"Achat \u0153uvre d'art\",\"item\":\"https:\\\/\\\/artistics.com\\\/fr\\\/\"},{\"@type\":\"ListItem\",\"position\":2,\"name\":\"Galerie\",\"item\":\"https:\\\/\\\/artistics.com\\\/fr\\\/galerie\\\/\"},{\"@type\":\"ListItem\",\"position\":3,\"name\":\"Photographie contemporaine\",\"item\":\"https:\\\/\\\/artistics.com\\\/fr\\\/categorie-oeuvre\\\/photographie-contemporaine\\\/\"},{\"@type\":\"ListItem\",\"position\":4,\"name\":\"Elk, s\u00e9rie Residence of Impermanence\"}]},{\"@type\":\"WebSite\",\"@id\":\"https:\\\/\\\/artistics.com\\\/fr\\\/#website\",\"url\":\"https:\\\/\\\/artistics.com\\\/fr\\\/\",\"name\":\"Artistics\",\"description\":\"The online art gallery\",\"publisher\":{\"@id\":\"https:\\\/\\\/artistics.com\\\/fr\\\/#organization\"},\"potentialAction\":[{\"@type\":\"SearchAction\",\"target\":{\"@type\":\"EntryPoint\",\"urlTemplate\":\"https:\\\/\\\/artistics.com\\\/fr\\\/?s={search_term_string}\"},\"query-input\":{\"@type\":\"PropertyValueSpecification\",\"valueRequired\":true,\"valueName\":\"search_term_string\"}}],\"inLanguage\":\"fr-FR\"},{\"@type\":\"Organization\",\"@id\":\"https:\\\/\\\/artistics.com\\\/fr\\\/#organization\",\"name\":\"Artistics\",\"url\":\"https:\\\/\\\/artistics.com\\\/fr\\\/\",\"logo\":{\"@type\":\"ImageObject\",\"inLanguage\":\"fr-FR\",\"@id\":\"https:\\\/\\\/artistics.com\\\/fr\\\/#\\\/schema\\\/logo\\\/image\\\/\",\"url\":\"https:\\\/\\\/artistics.com\\\/wp-content\\\/uploads\\\/2023\\\/02\\\/artistics-logo-web-1.svg\",\"contentUrl\":\"https:\\\/\\\/artistics.com\\\/wp-content\\\/uploads\\\/2023\\\/02\\\/artistics-logo-web-1.svg\",\"caption\":\"Artistics\"},\"image\":{\"@id\":\"https:\\\/\\\/artistics.com\\\/fr\\\/#\\\/schema\\\/logo\\\/image\\\/\"},\"sameAs\":[\"https:\\\/\\\/www.facebook.com\\\/ArtisticsMag\",\"https:\\\/\\\/x.com\\\/Artistics_FR\",\"http:\\\/\\\/www.linkedin.com\\\/company\\\/artistics\",\"https:\\\/\\\/www.instagram.com\\\/artistics_com\\\/\",\"http:\\\/\\\/www.pinterest.com\\\/ArtisticsMag\"],\"hasMerchantReturnPolicy\":{\"@type\":\"MerchantReturnPolicy\",\"merchantReturnLink\":\"https:\\\/\\\/artistics.com\\\/free-return-policy\\\/\"}}]}<\/script>\n<meta property=\"og:availability\" content=\"instock\" \/>\n<meta property=\"product:availability\" content=\"instock\" \/>\n<meta property=\"product:retailer_item_id\" content=\"7375\" \/>\n<meta property=\"product:condition\" content=\"new\" \/>\n<!-- \/ Yoast SEO Premium plugin. -->","yoast_head_json":{"title":"Artistics | Elk, s\u00e9rie Residence of Impermanence par Christian Houge - Photographie contemporaine","description":"Elk, s\u00e9rie Residence of Impermanence par Christian Houge - achat d'\u0153uvres d'art contemporain originales sur la galerie d'art en ligne Artistics.","robots":{"index":"index","follow":"follow","max-snippet":"max-snippet:-1","max-image-preview":"max-image-preview:large","max-video-preview":"max-video-preview:-1"},"canonical":"https:\/\/artistics.com\/fr\/oeuvre\/elk-serie-residence-impermanence\/","og_locale":"fr_FR","og_type":"article","og_title":"Elk, s\u00e9rie Residence of Impermanence","og_description":"Elk, s\u00e9rie Residence of Impermanence par Christian Houge - achat d'\u0153uvres d'art contemporain originales sur la galerie d'art en ligne Artistics.","og_url":"https:\/\/artistics.com\/fr\/oeuvre\/elk-serie-residence-impermanence\/","og_site_name":"Artistics","article_publisher":"https:\/\/www.facebook.com\/ArtisticsMag","article_modified_time":"2025-07-18T16:57:19+00:00","og_image":[{"width":1020,"height":1360,"url":"https:\/\/artistics.com\/wp-content\/uploads\/2023\/04\/elk-scandinavian-photography-by-christian-houge_3-1.jpg","type":"image\/jpeg"}],"twitter_card":"summary_large_image","twitter_site":"@Artistics_FR","twitter_misc":{"Disponibilit\u00e9":"En stock"},"schema":{"@context":"https:\/\/schema.org","@graph":[{"@type":["WebPage","ItemPage"],"@id":"https:\/\/artistics.com\/fr\/oeuvre\/elk-serie-residence-impermanence\/","url":"https:\/\/artistics.com\/fr\/oeuvre\/elk-serie-residence-impermanence\/","name":"Artistics | Elk, s\u00e9rie Residence of Impermanence par Christian Houge - Photographie contemporaine","isPartOf":{"@id":"https:\/\/artistics.com\/fr\/#website"},"primaryImageOfPage":{"@id":"https:\/\/artistics.com\/fr\/oeuvre\/elk-serie-residence-impermanence\/#primaryimage"},"image":{"@id":"https:\/\/artistics.com\/fr\/oeuvre\/elk-serie-residence-impermanence\/#primaryimage"},"thumbnailUrl":"https:\/\/artistics.com\/wp-content\/uploads\/2023\/04\/elk-scandinavian-photography-by-christian-houge_3-1.jpg","datePublished":"2020-06-25T09:04:41+00:00","dateModified":"2025-07-18T16:57:19+00:00","description":"Elk, s\u00e9rie Residence of Impermanence par Christian Houge - achat d'\u0153uvres d'art contemporain originales sur la galerie d'art en ligne Artistics.","breadcrumb":{"@id":"https:\/\/artistics.com\/fr\/oeuvre\/elk-serie-residence-impermanence\/#breadcrumb"},"inLanguage":"fr-FR","potentialAction":[{"@type":"ReadAction","target":["https:\/\/artistics.com\/fr\/oeuvre\/elk-serie-residence-impermanence\/"]}]},{"@type":"ImageObject","inLanguage":"fr-FR","@id":"https:\/\/artistics.com\/fr\/oeuvre\/elk-serie-residence-impermanence\/#primaryimage","url":"https:\/\/artistics.com\/wp-content\/uploads\/2023\/04\/elk-scandinavian-photography-by-christian-houge_3-1.jpg","contentUrl":"https:\/\/artistics.com\/wp-content\/uploads\/2023\/04\/elk-scandinavian-photography-by-christian-houge_3-1.jpg","width":1020,"height":1360},{"@type":"BreadcrumbList","@id":"https:\/\/artistics.com\/fr\/oeuvre\/elk-serie-residence-impermanence\/#breadcrumb","itemListElement":[{"@type":"ListItem","position":1,"name":"Achat \u0153uvre d'art","item":"https:\/\/artistics.com\/fr\/"},{"@type":"ListItem","position":2,"name":"Galerie","item":"https:\/\/artistics.com\/fr\/galerie\/"},{"@type":"ListItem","position":3,"name":"Photographie contemporaine","item":"https:\/\/artistics.com\/fr\/categorie-oeuvre\/photographie-contemporaine\/"},{"@type":"ListItem","position":4,"name":"Elk, s\u00e9rie Residence of Impermanence"}]},{"@type":"WebSite","@id":"https:\/\/artistics.com\/fr\/#website","url":"https:\/\/artistics.com\/fr\/","name":"Artistics","description":"The online art gallery","publisher":{"@id":"https:\/\/artistics.com\/fr\/#organization"},"potentialAction":[{"@type":"SearchAction","target":{"@type":"EntryPoint","urlTemplate":"https:\/\/artistics.com\/fr\/?s={search_term_string}"},"query-input":{"@type":"PropertyValueSpecification","valueRequired":true,"valueName":"search_term_string"}}],"inLanguage":"fr-FR"},{"@type":"Organization","@id":"https:\/\/artistics.com\/fr\/#organization","name":"Artistics","url":"https:\/\/artistics.com\/fr\/","logo":{"@type":"ImageObject","inLanguage":"fr-FR","@id":"https:\/\/artistics.com\/fr\/#\/schema\/logo\/image\/","url":"https:\/\/artistics.com\/wp-content\/uploads\/2023\/02\/artistics-logo-web-1.svg","contentUrl":"https:\/\/artistics.com\/wp-content\/uploads\/2023\/02\/artistics-logo-web-1.svg","caption":"Artistics"},"image":{"@id":"https:\/\/artistics.com\/fr\/#\/schema\/logo\/image\/"},"sameAs":["https:\/\/www.facebook.com\/ArtisticsMag","https:\/\/x.com\/Artistics_FR","http:\/\/www.linkedin.com\/company\/artistics","https:\/\/www.instagram.com\/artistics_com\/","http:\/\/www.pinterest.com\/ArtisticsMag"],"hasMerchantReturnPolicy":{"@type":"MerchantReturnPolicy","merchantReturnLink":"https:\/\/artistics.com\/free-return-policy\/"}}]},"og_availability":"instock","product_availability":"instock","product_retailer_item_id":"7375","product_condition":"new"},"_links":{"self":[{"href":"https:\/\/artistics.com\/fr\/wp-json\/wp\/v2\/product\/32919","targetHints":{"allow":["GET"]}}],"collection":[{"href":"https:\/\/artistics.com\/fr\/wp-json\/wp\/v2\/product"}],"about":[{"href":"https:\/\/artistics.com\/fr\/wp-json\/wp\/v2\/types\/product"}],"acf:term":[{"embeddable":true,"taxonomy":"series","href":"https:\/\/artistics.com\/fr\/wp-json\/wp\/v2\/series\/2060"},{"embeddable":true,"taxonomy":"product_cat","href":"https:\/\/artistics.com\/fr\/wp-json\/wp\/v2\/product_cat\/236"},{"embeddable":true,"taxonomy":"product_cat","href":"https:\/\/artistics.com\/fr\/wp-json\/wp\/v2\/product_cat\/216"},{"embeddable":true,"taxonomy":"product_cat","href":"https:\/\/artistics.com\/fr\/wp-json\/wp\/v2\/product_cat\/215"},{"embeddable":true,"taxonomy":"product_cat","href":"https:\/\/artistics.com\/fr\/wp-json\/wp\/v2\/product_cat\/190"},{"embeddable":true,"taxonomy":"product_cat","href":"https:\/\/artistics.com\/fr\/wp-json\/wp\/v2\/product_cat\/228"},{"embeddable":true,"taxonomy":"product_cat","href":"https:\/\/artistics.com\/fr\/wp-json\/wp\/v2\/product_cat\/418"},{"embeddable":true,"taxonomy":"product_cat","href":"https:\/\/artistics.com\/fr\/wp-json\/wp\/v2\/product_cat\/163"}],"acf:post":[{"embeddable":true,"href":"https:\/\/artistics.com\/fr\/wp-json\/wp\/v2\/artist\/2763"}],"wp:featuredmedia":[{"embeddable":true,"href":"https:\/\/artistics.com\/fr\/wp-json\/wp\/v2\/media\/32572"}],"wp:attachment":[{"href":"https:\/\/artistics.com\/fr\/wp-json\/wp\/v2\/media?parent=32919"}],"wp:term":[{"taxonomy":"product_cat","embeddable":true,"href":"https:\/\/artistics.com\/fr\/wp-json\/wp\/v2\/product_cat?post=32919"},{"taxonomy":"product_tag","embeddable":true,"href":"https:\/\/artistics.com\/fr\/wp-json\/wp\/v2\/product_tag?post=32919"},{"taxonomy":"series","embeddable":true,"href":"https:\/\/artistics.com\/fr\/wp-json\/wp\/v2\/series?post=32919"}],"curies":[{"name":"wp","href":"https:\/\/api.w.org\/{rel}","templated":true}]}}