{"id":32777,"date":"2015-11-05T11:25:14","date_gmt":"2015-11-05T10:25:14","guid":{"rendered":"https:\/\/2022.devartistics.com\/artwork\/untitled-22-shadow-within-norwayusa\/"},"modified":"2025-08-14T11:15:13","modified_gmt":"2025-08-14T09:15:13","slug":"untitled-22-shadow-within-norwayusa","status":"publish","type":"product","link":"https:\/\/artistics.com\/fr\/oeuvre\/untitled-22-shadow-within-norwayusa\/","title":{"rendered":"Untitled 22, Shadow Within, Norway\/USA"},"content":{"rendered":"","protected":false},"excerpt":{"rendered":"","protected":false},"featured_media":32297,"template":"","meta":{"_acf_changed":false,"_searchwp_excluded":"","inline_featured_image":false},"product_cat":[163,190,194,199,201,202,215,216,235],"product_tag":[568],"series":[2054],"class_list":{"0":"post-32777","1":"product","2":"type-product","3":"status-publish","4":"has-post-thumbnail","6":"product_cat-photographie-contemporaine","7":"product_cat-animal","8":"product_cat-nature-et-paysage","9":"product_cat-photographie-animaliere","10":"product_cat-photographie-noir-et-blanc","11":"product_cat-photographie-nature-et-paysage","12":"product_cat-grand","13":"product_cat-moyen","14":"product_cat-de-1000-a-3000-e","15":"product_tag-noir-et-blanc","16":"series-christian-houge-shadow-within-norway-usa-2010-2013-fr","18":"first","19":"instock","20":"shipping-taxable","21":"purchasable","22":"product-type-variable","23":"has-default-attributes"},"acf":{"artwork_artist":[2763],"artwork_medium":163,"artwork_categories":[201,199,202],"artwork_overall-tones":[],"artwork_main-material":[],"artwork_art-genre":[194],"artwork_art-movement":[],"artwork_miscellaneous":[190],"artwork_formats":[215,216,216],"artwork_price-ranges":[235],"artwork_main_subject":[],"artwork_technique":[],"artwork_featured_location":[],"artwork_dominant_color":[568],"artwork_physical_attributes":[],"artwork_creation_date":"20120101","artwork_unique_piece":false,"artwork_description":"Impression pigmentaire Archival contrecoll\u00e9e sur aluminium","artwork_signature":"\u0152uvre sign\u00e9e","artwork_authenticity":"L\u2019\u0153uvre est vendue avec un certificat d\u2019authenticit\u00e9 sign\u00e9 par l\u2019artiste.","artwork_framing":"not_specified","artwork_has_custom_framing_info":false,"artwork_custom_framing_info":"Not specified","artwork_location_country":"NO","artwork_location_city":"Oslo","artwork_location_zipcode":"0170","artwork_shipment_type":"2D_rolled_artwork","artwork_shipping_delivery":"photography_production_time","artwork_has_custom_shipping_delivery_info":false,"artwork_custom_shipping_delivery_info":"Not specified","artwork_360_view_url":"","artwork_video_url":"","artwork_video_format":[],"artwork_preview_type":"featured_image","artwork_reserved":false,"artwork_hide_price":false,"artwork_about":"<p class=\"ai-optimize-24\"><em><strong>Untitled 22, Shadow within, Norway\/USA<\/strong><\/em> est une \u0153uvre du photographe contemporain Christian Houge issue de la s\u00e9rie <em>Shadow Within<\/em>.\u00a0Dans cette photographie en noir et blanc, un loup immacul\u00e9 occupe la quasi-totalit\u00e9 de la composition. La blancheur de son pelage se d\u00e9tache de l\u2019obscurit\u00e9 du bois dans lequel il \u00e9volue. L\u2019animal semble calme et paisible.<\/p>\r\n<p class=\"ai-optimize-37\"><em>Shadow Within<\/em>\u00a0est une s\u00e9rie de photographies de loups prises en Norv\u00e8ge et aux \u00c9tats-Unis. L\u2019artiste a voulu explorer la relation de l\u2019humanit\u00e9 avec le loup, et finalement avec elle-m\u00eame : sa condition et ses ombres, refl\u00e9t\u00e9es \u00e0 travers cet animal \u00e9nigmatique et hautement stigmatis\u00e9. Christian Houge a voulu r\u00e9aliser une s\u00e9rie de photographies de loups dans leur habitat naturel. Il est all\u00e9 \u00e0 leur rencontre de la mani\u00e8re la plus simple possible et a saisi l\u2019instant avec ce qu\u2019il appelle \u00ab l\u2019\u0153il de l\u2019homme moderne \u00bb : son appareil photo.<\/p>\r\n<p class=\"ai-optimize-29\">L\u2019artiste d\u00e9clarait \u00ab : \u00ab\u00a0<em>Les loups ont depuis toujours \u00e9t\u00e9 mystifi\u00e9s par l\u2019Homme \u00e0 travers les arts, les contes et l\u00e9gendes. Tout ce que nous entendons sur le loup depuis notre enfance ont transform\u00e9 cet animal en monstre sans piti\u00e9 dans nos esprits. Nous restons terrifi\u00e9s par son regard, son hurlement, ses m\u00e2choires, la meute\u2026 Pourtant, en travaillant sur ce projet, j\u2019ai d\u00e9couvert que le loup avait des similitudes avec l\u2019homme dans son comportement social, et qu\u2019il venait \u00e9clairer les facettes sombres de l\u2019Homme. Je souhaite amener le spectateur \u00e0 ressentir son propre instinct et sa propre nature int\u00e9rieure. C\u2019est son instinct qui le guidera dans l\u2019interpr\u00e9tation de la situation face \u00e0 laquelle il se trouve, uniquement \u00e0 travers l\u2019analyse du langage corporel du loup et de son regard. Les spectateurs pourront avoir une interpr\u00e9tation diff\u00e9rente selon leurs propres associations personnelles. Celles-ci pourront \u00eatre l\u2019agression, le scepticisme, la peur, la r\u00e9signation, la vuln\u00e9rabilit\u00e9 ou encore la curiosit\u00e9.<\/em>\u00a0\u00bb<\/p>\r\n<p class=\"ai-optimize-24\">Cette photographie a \u00e9t\u00e9 expos\u00e9e \u00e0 la Bomuldsfabriken Kunsthall d\u2019Arendal, en Norv\u00e8ge, lors de l\u2019exposition personnelle de Christian Houge, Lost Paradise, en 2025.<\/p>\r\n<p class=\"ai-optimize-31\">Les tirages des photographies de Christian Houge sont vendus en \u00e9dition limit\u00e9e. Le prix indiqu\u00e9 correspond au tirage mont\u00e9 sur aluminium, non encadr\u00e9. Pour toute demande particuli\u00e8re concernant l\u2019encadrement, merci de nous contacter. Chaque tirage est num\u00e9rot\u00e9 et sign\u00e9 par l\u2019artiste.<\/p>","artwork_series":[2054],"artwork_query_group":"10","artwork_lowest_grid_position":1,"artwork_random_position":9978859,"explicit_sensitive_content":false,"drupal_id":"2507"},"yoast_head":"<!-- This site is optimized with the Yoast SEO Premium plugin v27.3 (Yoast SEO v27.3) - https:\/\/yoast.com\/product\/yoast-seo-premium-wordpress\/ -->\n<title>Artistics | Untitled 22, Shadow Within, Norway\/USA par Christian Houge - Photographie contemporaine<\/title>\n<meta name=\"description\" content=\"Untitled 22, Shadow Within, Norway\/USA par Christian Houge - achat d&#039;\u0153uvres d&#039;art contemporain originales sur la galerie d&#039;art en ligne Artistics.\" \/>\n<meta name=\"robots\" content=\"index, follow, max-snippet:-1, max-image-preview:large, max-video-preview:-1\" \/>\n<link rel=\"canonical\" href=\"https:\/\/artistics.com\/fr\/oeuvre\/untitled-22-shadow-within-norwayusa\/\" \/>\n<meta property=\"og:locale\" content=\"fr_FR\" \/>\n<meta property=\"og:type\" content=\"article\" \/>\n<meta property=\"og:title\" content=\"Untitled 22, Shadow Within, Norway\/USA\" \/>\n<meta property=\"og:description\" content=\"Untitled 22, Shadow Within, Norway\/USA par Christian Houge - achat d&#039;\u0153uvres d&#039;art contemporain originales sur la galerie d&#039;art en ligne Artistics.\" \/>\n<meta property=\"og:url\" content=\"https:\/\/artistics.com\/fr\/oeuvre\/untitled-22-shadow-within-norwayusa\/\" \/>\n<meta property=\"og:site_name\" content=\"Artistics\" \/>\n<meta property=\"article:publisher\" content=\"https:\/\/www.facebook.com\/ArtisticsMag\" \/>\n<meta property=\"article:modified_time\" content=\"2025-08-14T09:15:13+00:00\" \/>\n<meta property=\"og:image\" content=\"https:\/\/artistics.com\/wp-content\/uploads\/2023\/04\/untitled-22-shadow-within-norway-usa-by-christian-houge-1-scaled.jpg\" \/>\n\t<meta property=\"og:image:width\" content=\"2560\" \/>\n\t<meta property=\"og:image:height\" content=\"1706\" \/>\n\t<meta property=\"og:image:type\" content=\"image\/jpeg\" \/>\n<meta name=\"twitter:card\" content=\"summary_large_image\" \/>\n<meta name=\"twitter:site\" content=\"@Artistics_FR\" \/>\n<meta name=\"twitter:label1\" content=\"Disponibilit\u00e9\" \/>\n\t<meta name=\"twitter:data1\" content=\"En stock\" \/>\n<script type=\"application\/ld+json\" class=\"yoast-schema-graph\">{\"@context\":\"https:\\\/\\\/schema.org\",\"@graph\":[{\"@type\":[\"WebPage\",\"ItemPage\"],\"@id\":\"https:\\\/\\\/artistics.com\\\/fr\\\/oeuvre\\\/untitled-22-shadow-within-norwayusa\\\/\",\"url\":\"https:\\\/\\\/artistics.com\\\/fr\\\/oeuvre\\\/untitled-22-shadow-within-norwayusa\\\/\",\"name\":\"Artistics | Untitled 22, Shadow Within, Norway\\\/USA par Christian Houge - Photographie contemporaine\",\"isPartOf\":{\"@id\":\"https:\\\/\\\/artistics.com\\\/fr\\\/#website\"},\"primaryImageOfPage\":{\"@id\":\"https:\\\/\\\/artistics.com\\\/fr\\\/oeuvre\\\/untitled-22-shadow-within-norwayusa\\\/#primaryimage\"},\"image\":{\"@id\":\"https:\\\/\\\/artistics.com\\\/fr\\\/oeuvre\\\/untitled-22-shadow-within-norwayusa\\\/#primaryimage\"},\"thumbnailUrl\":\"https:\\\/\\\/artistics.com\\\/wp-content\\\/uploads\\\/2023\\\/04\\\/untitled-22-shadow-within-norway-usa-by-christian-houge-1-scaled.jpg\",\"datePublished\":\"2015-11-05T10:25:14+00:00\",\"dateModified\":\"2025-08-14T09:15:13+00:00\",\"description\":\"Untitled 22, Shadow Within, Norway\\\/USA par Christian Houge - achat d'\u0153uvres d'art contemporain originales sur la galerie d'art en ligne Artistics.\",\"breadcrumb\":{\"@id\":\"https:\\\/\\\/artistics.com\\\/fr\\\/oeuvre\\\/untitled-22-shadow-within-norwayusa\\\/#breadcrumb\"},\"inLanguage\":\"fr-FR\",\"potentialAction\":[{\"@type\":\"ReadAction\",\"target\":[\"https:\\\/\\\/artistics.com\\\/fr\\\/oeuvre\\\/untitled-22-shadow-within-norwayusa\\\/\"]}]},{\"@type\":\"ImageObject\",\"inLanguage\":\"fr-FR\",\"@id\":\"https:\\\/\\\/artistics.com\\\/fr\\\/oeuvre\\\/untitled-22-shadow-within-norwayusa\\\/#primaryimage\",\"url\":\"https:\\\/\\\/artistics.com\\\/wp-content\\\/uploads\\\/2023\\\/04\\\/untitled-22-shadow-within-norway-usa-by-christian-houge-1-scaled.jpg\",\"contentUrl\":\"https:\\\/\\\/artistics.com\\\/wp-content\\\/uploads\\\/2023\\\/04\\\/untitled-22-shadow-within-norway-usa-by-christian-houge-1-scaled.jpg\",\"width\":2560,\"height\":1706},{\"@type\":\"BreadcrumbList\",\"@id\":\"https:\\\/\\\/artistics.com\\\/fr\\\/oeuvre\\\/untitled-22-shadow-within-norwayusa\\\/#breadcrumb\",\"itemListElement\":[{\"@type\":\"ListItem\",\"position\":1,\"name\":\"Achat \u0153uvre d'art\",\"item\":\"https:\\\/\\\/artistics.com\\\/fr\\\/\"},{\"@type\":\"ListItem\",\"position\":2,\"name\":\"Galerie\",\"item\":\"https:\\\/\\\/artistics.com\\\/fr\\\/galerie\\\/\"},{\"@type\":\"ListItem\",\"position\":3,\"name\":\"Photographie contemporaine\",\"item\":\"https:\\\/\\\/artistics.com\\\/fr\\\/categorie-oeuvre\\\/photographie-contemporaine\\\/\"},{\"@type\":\"ListItem\",\"position\":4,\"name\":\"Untitled 22, Shadow Within, Norway\\\/USA\"}]},{\"@type\":\"WebSite\",\"@id\":\"https:\\\/\\\/artistics.com\\\/fr\\\/#website\",\"url\":\"https:\\\/\\\/artistics.com\\\/fr\\\/\",\"name\":\"Artistics\",\"description\":\"The online art gallery\",\"publisher\":{\"@id\":\"https:\\\/\\\/artistics.com\\\/fr\\\/#organization\"},\"potentialAction\":[{\"@type\":\"SearchAction\",\"target\":{\"@type\":\"EntryPoint\",\"urlTemplate\":\"https:\\\/\\\/artistics.com\\\/fr\\\/?s={search_term_string}\"},\"query-input\":{\"@type\":\"PropertyValueSpecification\",\"valueRequired\":true,\"valueName\":\"search_term_string\"}}],\"inLanguage\":\"fr-FR\"},{\"@type\":\"Organization\",\"@id\":\"https:\\\/\\\/artistics.com\\\/fr\\\/#organization\",\"name\":\"Artistics\",\"url\":\"https:\\\/\\\/artistics.com\\\/fr\\\/\",\"logo\":{\"@type\":\"ImageObject\",\"inLanguage\":\"fr-FR\",\"@id\":\"https:\\\/\\\/artistics.com\\\/fr\\\/#\\\/schema\\\/logo\\\/image\\\/\",\"url\":\"https:\\\/\\\/artistics.com\\\/wp-content\\\/uploads\\\/2023\\\/02\\\/artistics-logo-web-1.svg\",\"contentUrl\":\"https:\\\/\\\/artistics.com\\\/wp-content\\\/uploads\\\/2023\\\/02\\\/artistics-logo-web-1.svg\",\"caption\":\"Artistics\"},\"image\":{\"@id\":\"https:\\\/\\\/artistics.com\\\/fr\\\/#\\\/schema\\\/logo\\\/image\\\/\"},\"sameAs\":[\"https:\\\/\\\/www.facebook.com\\\/ArtisticsMag\",\"https:\\\/\\\/x.com\\\/Artistics_FR\",\"http:\\\/\\\/www.linkedin.com\\\/company\\\/artistics\",\"https:\\\/\\\/www.instagram.com\\\/artistics_com\\\/\",\"http:\\\/\\\/www.pinterest.com\\\/ArtisticsMag\"],\"hasMerchantReturnPolicy\":{\"@type\":\"MerchantReturnPolicy\",\"merchantReturnLink\":\"https:\\\/\\\/artistics.com\\\/free-return-policy\\\/\"}}]}<\/script>\n<meta property=\"og:availability\" content=\"instock\" \/>\n<meta property=\"product:availability\" content=\"instock\" \/>\n<meta property=\"product:retailer_item_id\" content=\"2508\" \/>\n<meta property=\"product:condition\" content=\"new\" \/>\n<!-- \/ Yoast SEO Premium plugin. -->","yoast_head_json":{"title":"Artistics | Untitled 22, Shadow Within, Norway\/USA par Christian Houge - Photographie contemporaine","description":"Untitled 22, Shadow Within, Norway\/USA par Christian Houge - achat d'\u0153uvres d'art contemporain originales sur la galerie d'art en ligne Artistics.","robots":{"index":"index","follow":"follow","max-snippet":"max-snippet:-1","max-image-preview":"max-image-preview:large","max-video-preview":"max-video-preview:-1"},"canonical":"https:\/\/artistics.com\/fr\/oeuvre\/untitled-22-shadow-within-norwayusa\/","og_locale":"fr_FR","og_type":"article","og_title":"Untitled 22, Shadow Within, Norway\/USA","og_description":"Untitled 22, Shadow Within, Norway\/USA par Christian Houge - achat d'\u0153uvres d'art contemporain originales sur la galerie d'art en ligne Artistics.","og_url":"https:\/\/artistics.com\/fr\/oeuvre\/untitled-22-shadow-within-norwayusa\/","og_site_name":"Artistics","article_publisher":"https:\/\/www.facebook.com\/ArtisticsMag","article_modified_time":"2025-08-14T09:15:13+00:00","og_image":[{"width":2560,"height":1706,"url":"https:\/\/artistics.com\/wp-content\/uploads\/2023\/04\/untitled-22-shadow-within-norway-usa-by-christian-houge-1-scaled.jpg","type":"image\/jpeg"}],"twitter_card":"summary_large_image","twitter_site":"@Artistics_FR","twitter_misc":{"Disponibilit\u00e9":"En stock"},"schema":{"@context":"https:\/\/schema.org","@graph":[{"@type":["WebPage","ItemPage"],"@id":"https:\/\/artistics.com\/fr\/oeuvre\/untitled-22-shadow-within-norwayusa\/","url":"https:\/\/artistics.com\/fr\/oeuvre\/untitled-22-shadow-within-norwayusa\/","name":"Artistics | Untitled 22, Shadow Within, Norway\/USA par Christian Houge - Photographie contemporaine","isPartOf":{"@id":"https:\/\/artistics.com\/fr\/#website"},"primaryImageOfPage":{"@id":"https:\/\/artistics.com\/fr\/oeuvre\/untitled-22-shadow-within-norwayusa\/#primaryimage"},"image":{"@id":"https:\/\/artistics.com\/fr\/oeuvre\/untitled-22-shadow-within-norwayusa\/#primaryimage"},"thumbnailUrl":"https:\/\/artistics.com\/wp-content\/uploads\/2023\/04\/untitled-22-shadow-within-norway-usa-by-christian-houge-1-scaled.jpg","datePublished":"2015-11-05T10:25:14+00:00","dateModified":"2025-08-14T09:15:13+00:00","description":"Untitled 22, Shadow Within, Norway\/USA par Christian Houge - achat d'\u0153uvres d'art contemporain originales sur la galerie d'art en ligne Artistics.","breadcrumb":{"@id":"https:\/\/artistics.com\/fr\/oeuvre\/untitled-22-shadow-within-norwayusa\/#breadcrumb"},"inLanguage":"fr-FR","potentialAction":[{"@type":"ReadAction","target":["https:\/\/artistics.com\/fr\/oeuvre\/untitled-22-shadow-within-norwayusa\/"]}]},{"@type":"ImageObject","inLanguage":"fr-FR","@id":"https:\/\/artistics.com\/fr\/oeuvre\/untitled-22-shadow-within-norwayusa\/#primaryimage","url":"https:\/\/artistics.com\/wp-content\/uploads\/2023\/04\/untitled-22-shadow-within-norway-usa-by-christian-houge-1-scaled.jpg","contentUrl":"https:\/\/artistics.com\/wp-content\/uploads\/2023\/04\/untitled-22-shadow-within-norway-usa-by-christian-houge-1-scaled.jpg","width":2560,"height":1706},{"@type":"BreadcrumbList","@id":"https:\/\/artistics.com\/fr\/oeuvre\/untitled-22-shadow-within-norwayusa\/#breadcrumb","itemListElement":[{"@type":"ListItem","position":1,"name":"Achat \u0153uvre d'art","item":"https:\/\/artistics.com\/fr\/"},{"@type":"ListItem","position":2,"name":"Galerie","item":"https:\/\/artistics.com\/fr\/galerie\/"},{"@type":"ListItem","position":3,"name":"Photographie contemporaine","item":"https:\/\/artistics.com\/fr\/categorie-oeuvre\/photographie-contemporaine\/"},{"@type":"ListItem","position":4,"name":"Untitled 22, Shadow Within, Norway\/USA"}]},{"@type":"WebSite","@id":"https:\/\/artistics.com\/fr\/#website","url":"https:\/\/artistics.com\/fr\/","name":"Artistics","description":"The online art gallery","publisher":{"@id":"https:\/\/artistics.com\/fr\/#organization"},"potentialAction":[{"@type":"SearchAction","target":{"@type":"EntryPoint","urlTemplate":"https:\/\/artistics.com\/fr\/?s={search_term_string}"},"query-input":{"@type":"PropertyValueSpecification","valueRequired":true,"valueName":"search_term_string"}}],"inLanguage":"fr-FR"},{"@type":"Organization","@id":"https:\/\/artistics.com\/fr\/#organization","name":"Artistics","url":"https:\/\/artistics.com\/fr\/","logo":{"@type":"ImageObject","inLanguage":"fr-FR","@id":"https:\/\/artistics.com\/fr\/#\/schema\/logo\/image\/","url":"https:\/\/artistics.com\/wp-content\/uploads\/2023\/02\/artistics-logo-web-1.svg","contentUrl":"https:\/\/artistics.com\/wp-content\/uploads\/2023\/02\/artistics-logo-web-1.svg","caption":"Artistics"},"image":{"@id":"https:\/\/artistics.com\/fr\/#\/schema\/logo\/image\/"},"sameAs":["https:\/\/www.facebook.com\/ArtisticsMag","https:\/\/x.com\/Artistics_FR","http:\/\/www.linkedin.com\/company\/artistics","https:\/\/www.instagram.com\/artistics_com\/","http:\/\/www.pinterest.com\/ArtisticsMag"],"hasMerchantReturnPolicy":{"@type":"MerchantReturnPolicy","merchantReturnLink":"https:\/\/artistics.com\/free-return-policy\/"}}]},"og_availability":"instock","product_availability":"instock","product_retailer_item_id":"2508","product_condition":"new"},"_links":{"self":[{"href":"https:\/\/artistics.com\/fr\/wp-json\/wp\/v2\/product\/32777","targetHints":{"allow":["GET"]}}],"collection":[{"href":"https:\/\/artistics.com\/fr\/wp-json\/wp\/v2\/product"}],"about":[{"href":"https:\/\/artistics.com\/fr\/wp-json\/wp\/v2\/types\/product"}],"acf:term":[{"embeddable":true,"taxonomy":"series","href":"https:\/\/artistics.com\/fr\/wp-json\/wp\/v2\/series\/2054"},{"embeddable":true,"taxonomy":"product_tag","href":"https:\/\/artistics.com\/fr\/wp-json\/wp\/v2\/product_tag\/568"},{"embeddable":true,"taxonomy":"product_cat","href":"https:\/\/artistics.com\/fr\/wp-json\/wp\/v2\/product_cat\/235"},{"embeddable":true,"taxonomy":"product_cat","href":"https:\/\/artistics.com\/fr\/wp-json\/wp\/v2\/product_cat\/216"},{"embeddable":true,"taxonomy":"product_cat","href":"https:\/\/artistics.com\/fr\/wp-json\/wp\/v2\/product_cat\/215"},{"embeddable":true,"taxonomy":"product_cat","href":"https:\/\/artistics.com\/fr\/wp-json\/wp\/v2\/product_cat\/190"},{"embeddable":true,"taxonomy":"product_cat","href":"https:\/\/artistics.com\/fr\/wp-json\/wp\/v2\/product_cat\/194"},{"embeddable":true,"taxonomy":"product_cat","href":"https:\/\/artistics.com\/fr\/wp-json\/wp\/v2\/product_cat\/202"},{"embeddable":true,"taxonomy":"product_cat","href":"https:\/\/artistics.com\/fr\/wp-json\/wp\/v2\/product_cat\/199"},{"embeddable":true,"taxonomy":"product_cat","href":"https:\/\/artistics.com\/fr\/wp-json\/wp\/v2\/product_cat\/201"},{"embeddable":true,"taxonomy":"product_cat","href":"https:\/\/artistics.com\/fr\/wp-json\/wp\/v2\/product_cat\/163"}],"acf:post":[{"embeddable":true,"href":"https:\/\/artistics.com\/fr\/wp-json\/wp\/v2\/artist\/2763"}],"wp:featuredmedia":[{"embeddable":true,"href":"https:\/\/artistics.com\/fr\/wp-json\/wp\/v2\/media\/32297"}],"wp:attachment":[{"href":"https:\/\/artistics.com\/fr\/wp-json\/wp\/v2\/media?parent=32777"}],"wp:term":[{"taxonomy":"product_cat","embeddable":true,"href":"https:\/\/artistics.com\/fr\/wp-json\/wp\/v2\/product_cat?post=32777"},{"taxonomy":"product_tag","embeddable":true,"href":"https:\/\/artistics.com\/fr\/wp-json\/wp\/v2\/product_tag?post=32777"},{"taxonomy":"series","embeddable":true,"href":"https:\/\/artistics.com\/fr\/wp-json\/wp\/v2\/series?post=32777"}],"curies":[{"name":"wp","href":"https:\/\/api.w.org\/{rel}","templated":true}]}}