{"id":32705,"date":"2013-12-06T15:00:41","date_gmt":"2013-12-06T14:00:41","guid":{"rendered":"https:\/\/2022.devartistics.com\/artwork\/beauchene-skull-study-7-new-york-2011\/"},"modified":"2025-07-01T13:28:50","modified_gmt":"2025-07-01T11:28:50","slug":"beauchene-skull-study-7-new-york-2011","status":"publish","type":"product","link":"https:\/\/artistics.com\/fr\/oeuvre\/beauchene-skull-study-7-new-york-2011\/","title":{"rendered":"Beauch\u00eane Skull Study 7, New York 2011"},"content":{"rendered":"","protected":false},"excerpt":{"rendered":"","protected":false},"featured_media":32161,"template":"","meta":{"_acf_changed":false,"_searchwp_excluded":"","inline_featured_image":false},"product_cat":[428,2244,163,216,237],"product_tag":[530],"series":[2056],"class_list":{"0":"post-32705","1":"product","2":"type-product","3":"status-publish","4":"has-post-thumbnail","6":"product_cat-couleurs-neutres","7":"product_cat-photographie-nature-morte","8":"product_cat-photographie-contemporaine","9":"product_cat-moyen","10":"product_cat-moins-de-1000-e","11":"product_tag-vanite","12":"series-christian-houge-evolution-1997-2012-fr","14":"first","15":"instock","16":"shipping-taxable","17":"purchasable","18":"product-type-variable","19":"has-default-attributes"},"acf":{"artwork_artist":[2763],"artwork_medium":163,"artwork_categories":[2244],"artwork_overall-tones":[428],"artwork_main-material":[],"artwork_art-genre":[],"artwork_art-movement":[],"artwork_miscellaneous":[],"artwork_formats":[216,216,216],"artwork_price-ranges":[237],"artwork_main_subject":[530],"artwork_technique":[],"artwork_featured_location":[],"artwork_dominant_color":[],"artwork_physical_attributes":[],"artwork_creation_date":"20110101","artwork_unique_piece":false,"artwork_description":"Impression pigmentaire Archival","artwork_signature":"\u0152uvre sign\u00e9e","artwork_authenticity":"L\u2019\u0153uvre est vendue avec un certificat d\u2019authenticit\u00e9 sign\u00e9 par l\u2019artiste.","artwork_framing":"unframed","artwork_has_custom_framing_info":false,"artwork_custom_framing_info":"Not specified","artwork_location_country":"NO","artwork_location_city":"Oslo","artwork_location_zipcode":"0170","artwork_shipment_type":"2D_rolled_artwork","artwork_shipping_delivery":"photography_production_time","artwork_has_custom_shipping_delivery_info":false,"artwork_custom_shipping_delivery_info":"Not specified","artwork_360_view_url":"","artwork_video_url":"","artwork_video_format":[],"artwork_preview_type":"featured_image","artwork_reserved":false,"artwork_hide_price":false,"artwork_about":"<p class=\"ai-optimize-30\"><strong><em>Beauch\u00eane Skull Study 7<\/em><\/strong> est une photographie de l'artiste contemporain norv\u00e9gien Christian Houge. Elle fait partie du projet <em>Evolution<\/em>, qui vise \u00e0 r\u00e9interpr\u00e9ter l'\u00e9tude de l'\u00e9volution \u00e0 travers l'objectif de la photographie contemporaine. D\u00e9velopp\u00e9 au cours de deux d\u00e9cennies, <em>Evolution<\/em> explore la beaut\u00e9 cach\u00e9e qui r\u00e9side dans la perfection \u00e0 travers l'imperfection que l'on peut trouver dans la nature.<\/p>\r\n<p class=\"ai-optimize-31\">Fascin\u00e9 par le long et fastidieux processus de syst\u00e9matisation et de cat\u00e9gorisation des milliers d'esp\u00e8ces d\u00e9velopp\u00e9es par les entomologistes et les pal\u00e9ontologues, l'artiste (qui collectionne lui-m\u00eame des squelettes et des cornes, des embryons de rats, des cr\u00e2nes humains et des animaux dans le formol) s'est inspir\u00e9 de ces collections qui fusionnent le myst\u00e8re, l'art et la science. L'ouvrage approfondi sur l'anatomie humaine r\u00e9alis\u00e9 par L\u00e9onard de Vinci dans les ann\u00e9es 1500 a \u00e9galement eu une grande influence sur son travail. \u00ab <em>L'\u00e9tude de l'ost\u00e9ologie et de la myologie par L\u00e9onard de Vinci n'\u00e9tait pas seulement un travail secret et r\u00e9volutionnaire, c'\u00e9tait aussi de l'art<\/em> \u00bb, explique Christian Houge, qui cite \u00e9galement l'humaniste et scientifique italien Celio Calcagnini (1479-1541) : \u00ab <em>Sunt Quaedam formosa adeo, deformia si sint : Et tunc cum multum displicuere, placent<\/em> \u00bb (Certaines choses sont belles parce qu'elles sont d\u00e9form\u00e9es : elles nous plaisent par l'inconfort qu'elles cr\u00e9ent).<\/p>\r\n<p class=\"ai-optimize-32\">Dans ce projet, Houge a utilis\u00e9 tous les moyens possibles, di grand format \u00e0 l'objectif macro, ainsi que des mat\u00e9riaux organiques et plusieurs techniques diff\u00e9rentes, tr\u00e8s ludiques. Comme dans la plupart de ses s\u00e9ries photographiques, Houge explore la relation entre la nature et la culture, et poursuit sa recherche du beau et du brutal, de l'organique et du ludique. La r\u00e9alit\u00e9 et l'exp\u00e9rience de chaque spectateur d\u00e9terminent sa r\u00e9action \u00e0 chaque image et \u00e0 chaque s\u00e9rie. Par les tabous qui surgissent dans nombre de ces s\u00e9ries et le fort impact visuel qu'elles cr\u00e9ent, Houge aime g\u00e9n\u00e9rer une dissonance cognitive chez le spectateur, d\u00e9chir\u00e9 entre des \u00e9motions contradictoires.<\/p>\r\n<p class=\"ai-optimize-34\">L'\u00e9tude du cr\u00e2ne de Beauch\u00eane est la derni\u00e8re s\u00e9rie \u00e0 \u00eatre incluse dans le projet <em>Evolution<\/em> et vise \u00e0 cr\u00e9er une dissonance cognitive chez le spectateur. Ces images peuvent \u00eatre per\u00e7ues \u00e0 la fois comme brutales, captivantes, belles et naturelles. Cette s\u00e9rie nous rappelle notre propre structure et ce vers quoi nous nous dirigeons lentement dans la vie. Le cr\u00e2ne humain est utilis\u00e9 dans les arts depuis des centaines d'ann\u00e9es. Il symbolise la vie et la mort, la nature, l'ego, la vanit\u00e9 et en m\u00eame temps une \u00e9tude anatomique de notre propre esp\u00e8ce. Cette m\u00e9thode d'\u00ab explosion \u00bb des os du cr\u00e2ne a \u00e9t\u00e9 mise au point par l'anatomiste fran\u00e7ais du XIXe si\u00e8cle Edm\u00e9 Fran\u00e7ois Chauvot de Beauch\u00eane pour \u00e9tudier et pr\u00e9senter l'architecture du cr\u00e2ne humain.<\/p>","artwork_series":[2056],"artwork_query_group":"10","artwork_lowest_grid_position":1,"artwork_random_position":2943270,"explicit_sensitive_content":false,"drupal_id":"1094"},"yoast_head":"<!-- This site is optimized with the Yoast SEO Premium plugin v27.3 (Yoast SEO v27.3) - https:\/\/yoast.com\/product\/yoast-seo-premium-wordpress\/ -->\n<title>Artistics | Beauch\u00eane Skull Study 7, New York 2011 par Christian Houge - Photographie contemporaine<\/title>\n<meta name=\"description\" content=\"Beauch\u00eane Skull Study 7, New York 2011 par Christian Houge - achat d&#039;\u0153uvres d&#039;art contemporain originales sur la galerie d&#039;art en ligne Artistics.\" \/>\n<meta name=\"robots\" content=\"index, follow, max-snippet:-1, max-image-preview:large, max-video-preview:-1\" \/>\n<link rel=\"canonical\" href=\"https:\/\/artistics.com\/fr\/oeuvre\/beauchene-skull-study-7-new-york-2011\/\" \/>\n<meta property=\"og:locale\" content=\"fr_FR\" \/>\n<meta property=\"og:type\" content=\"article\" \/>\n<meta property=\"og:title\" content=\"Beauch\u00eane Skull Study 7, New York 2011\" \/>\n<meta property=\"og:description\" content=\"Beauch\u00eane Skull Study 7, New York 2011 par Christian Houge - achat d&#039;\u0153uvres d&#039;art contemporain originales sur la galerie d&#039;art en ligne Artistics.\" \/>\n<meta property=\"og:url\" content=\"https:\/\/artistics.com\/fr\/oeuvre\/beauchene-skull-study-7-new-york-2011\/\" \/>\n<meta property=\"og:site_name\" content=\"Artistics\" \/>\n<meta property=\"article:publisher\" content=\"https:\/\/www.facebook.com\/ArtisticsMag\" \/>\n<meta property=\"article:modified_time\" content=\"2025-07-01T11:28:50+00:00\" \/>\n<meta property=\"og:image\" content=\"https:\/\/artistics.com\/wp-content\/uploads\/2023\/04\/beauchene-skull-study-7-new-york-2011-by-christian-houge-1.jpg\" \/>\n\t<meta property=\"og:image:width\" content=\"945\" \/>\n\t<meta property=\"og:image:height\" content=\"1422\" \/>\n\t<meta property=\"og:image:type\" content=\"image\/jpeg\" \/>\n<meta name=\"twitter:card\" content=\"summary_large_image\" \/>\n<meta name=\"twitter:site\" content=\"@Artistics_FR\" \/>\n<meta name=\"twitter:label1\" content=\"Disponibilit\u00e9\" \/>\n\t<meta name=\"twitter:data1\" content=\"En stock\" \/>\n<script type=\"application\/ld+json\" class=\"yoast-schema-graph\">{\"@context\":\"https:\\\/\\\/schema.org\",\"@graph\":[{\"@type\":[\"WebPage\",\"ItemPage\"],\"@id\":\"https:\\\/\\\/artistics.com\\\/fr\\\/oeuvre\\\/beauchene-skull-study-7-new-york-2011\\\/\",\"url\":\"https:\\\/\\\/artistics.com\\\/fr\\\/oeuvre\\\/beauchene-skull-study-7-new-york-2011\\\/\",\"name\":\"Artistics | Beauch\u00eane Skull Study 7, New York 2011 par Christian Houge - Photographie contemporaine\",\"isPartOf\":{\"@id\":\"https:\\\/\\\/artistics.com\\\/fr\\\/#website\"},\"primaryImageOfPage\":{\"@id\":\"https:\\\/\\\/artistics.com\\\/fr\\\/oeuvre\\\/beauchene-skull-study-7-new-york-2011\\\/#primaryimage\"},\"image\":{\"@id\":\"https:\\\/\\\/artistics.com\\\/fr\\\/oeuvre\\\/beauchene-skull-study-7-new-york-2011\\\/#primaryimage\"},\"thumbnailUrl\":\"https:\\\/\\\/artistics.com\\\/wp-content\\\/uploads\\\/2023\\\/04\\\/beauchene-skull-study-7-new-york-2011-by-christian-houge-1.jpg\",\"datePublished\":\"2013-12-06T14:00:41+00:00\",\"dateModified\":\"2025-07-01T11:28:50+00:00\",\"description\":\"Beauch\u00eane Skull Study 7, New York 2011 par Christian Houge - achat d'\u0153uvres d'art contemporain originales sur la galerie d'art en ligne Artistics.\",\"breadcrumb\":{\"@id\":\"https:\\\/\\\/artistics.com\\\/fr\\\/oeuvre\\\/beauchene-skull-study-7-new-york-2011\\\/#breadcrumb\"},\"inLanguage\":\"fr-FR\",\"potentialAction\":[{\"@type\":\"ReadAction\",\"target\":[\"https:\\\/\\\/artistics.com\\\/fr\\\/oeuvre\\\/beauchene-skull-study-7-new-york-2011\\\/\"]}]},{\"@type\":\"ImageObject\",\"inLanguage\":\"fr-FR\",\"@id\":\"https:\\\/\\\/artistics.com\\\/fr\\\/oeuvre\\\/beauchene-skull-study-7-new-york-2011\\\/#primaryimage\",\"url\":\"https:\\\/\\\/artistics.com\\\/wp-content\\\/uploads\\\/2023\\\/04\\\/beauchene-skull-study-7-new-york-2011-by-christian-houge-1.jpg\",\"contentUrl\":\"https:\\\/\\\/artistics.com\\\/wp-content\\\/uploads\\\/2023\\\/04\\\/beauchene-skull-study-7-new-york-2011-by-christian-houge-1.jpg\",\"width\":945,\"height\":1422},{\"@type\":\"BreadcrumbList\",\"@id\":\"https:\\\/\\\/artistics.com\\\/fr\\\/oeuvre\\\/beauchene-skull-study-7-new-york-2011\\\/#breadcrumb\",\"itemListElement\":[{\"@type\":\"ListItem\",\"position\":1,\"name\":\"Achat \u0153uvre d'art\",\"item\":\"https:\\\/\\\/artistics.com\\\/fr\\\/\"},{\"@type\":\"ListItem\",\"position\":2,\"name\":\"Galerie\",\"item\":\"https:\\\/\\\/artistics.com\\\/fr\\\/galerie\\\/\"},{\"@type\":\"ListItem\",\"position\":3,\"name\":\"Photographie contemporaine\",\"item\":\"https:\\\/\\\/artistics.com\\\/fr\\\/categorie-oeuvre\\\/photographie-contemporaine\\\/\"},{\"@type\":\"ListItem\",\"position\":4,\"name\":\"Beauch\u00eane Skull Study 7, New York 2011\"}]},{\"@type\":\"WebSite\",\"@id\":\"https:\\\/\\\/artistics.com\\\/fr\\\/#website\",\"url\":\"https:\\\/\\\/artistics.com\\\/fr\\\/\",\"name\":\"Artistics\",\"description\":\"The online art gallery\",\"publisher\":{\"@id\":\"https:\\\/\\\/artistics.com\\\/fr\\\/#organization\"},\"potentialAction\":[{\"@type\":\"SearchAction\",\"target\":{\"@type\":\"EntryPoint\",\"urlTemplate\":\"https:\\\/\\\/artistics.com\\\/fr\\\/?s={search_term_string}\"},\"query-input\":{\"@type\":\"PropertyValueSpecification\",\"valueRequired\":true,\"valueName\":\"search_term_string\"}}],\"inLanguage\":\"fr-FR\"},{\"@type\":\"Organization\",\"@id\":\"https:\\\/\\\/artistics.com\\\/fr\\\/#organization\",\"name\":\"Artistics\",\"url\":\"https:\\\/\\\/artistics.com\\\/fr\\\/\",\"logo\":{\"@type\":\"ImageObject\",\"inLanguage\":\"fr-FR\",\"@id\":\"https:\\\/\\\/artistics.com\\\/fr\\\/#\\\/schema\\\/logo\\\/image\\\/\",\"url\":\"https:\\\/\\\/artistics.com\\\/wp-content\\\/uploads\\\/2023\\\/02\\\/artistics-logo-web-1.svg\",\"contentUrl\":\"https:\\\/\\\/artistics.com\\\/wp-content\\\/uploads\\\/2023\\\/02\\\/artistics-logo-web-1.svg\",\"caption\":\"Artistics\"},\"image\":{\"@id\":\"https:\\\/\\\/artistics.com\\\/fr\\\/#\\\/schema\\\/logo\\\/image\\\/\"},\"sameAs\":[\"https:\\\/\\\/www.facebook.com\\\/ArtisticsMag\",\"https:\\\/\\\/x.com\\\/Artistics_FR\",\"http:\\\/\\\/www.linkedin.com\\\/company\\\/artistics\",\"https:\\\/\\\/www.instagram.com\\\/artistics_com\\\/\",\"http:\\\/\\\/www.pinterest.com\\\/ArtisticsMag\"],\"hasMerchantReturnPolicy\":{\"@type\":\"MerchantReturnPolicy\",\"merchantReturnLink\":\"https:\\\/\\\/artistics.com\\\/free-return-policy\\\/\"}}]}<\/script>\n<meta property=\"og:availability\" content=\"instock\" \/>\n<meta property=\"product:availability\" content=\"instock\" \/>\n<meta property=\"product:retailer_item_id\" content=\"1095\" \/>\n<meta property=\"product:condition\" content=\"new\" \/>\n<!-- \/ Yoast SEO Premium plugin. -->","yoast_head_json":{"title":"Artistics | Beauch\u00eane Skull Study 7, New York 2011 par Christian Houge - Photographie contemporaine","description":"Beauch\u00eane Skull Study 7, New York 2011 par Christian Houge - achat d'\u0153uvres d'art contemporain originales sur la galerie d'art en ligne Artistics.","robots":{"index":"index","follow":"follow","max-snippet":"max-snippet:-1","max-image-preview":"max-image-preview:large","max-video-preview":"max-video-preview:-1"},"canonical":"https:\/\/artistics.com\/fr\/oeuvre\/beauchene-skull-study-7-new-york-2011\/","og_locale":"fr_FR","og_type":"article","og_title":"Beauch\u00eane Skull Study 7, New York 2011","og_description":"Beauch\u00eane Skull Study 7, New York 2011 par Christian Houge - achat d'\u0153uvres d'art contemporain originales sur la galerie d'art en ligne Artistics.","og_url":"https:\/\/artistics.com\/fr\/oeuvre\/beauchene-skull-study-7-new-york-2011\/","og_site_name":"Artistics","article_publisher":"https:\/\/www.facebook.com\/ArtisticsMag","article_modified_time":"2025-07-01T11:28:50+00:00","og_image":[{"width":945,"height":1422,"url":"https:\/\/artistics.com\/wp-content\/uploads\/2023\/04\/beauchene-skull-study-7-new-york-2011-by-christian-houge-1.jpg","type":"image\/jpeg"}],"twitter_card":"summary_large_image","twitter_site":"@Artistics_FR","twitter_misc":{"Disponibilit\u00e9":"En stock"},"schema":{"@context":"https:\/\/schema.org","@graph":[{"@type":["WebPage","ItemPage"],"@id":"https:\/\/artistics.com\/fr\/oeuvre\/beauchene-skull-study-7-new-york-2011\/","url":"https:\/\/artistics.com\/fr\/oeuvre\/beauchene-skull-study-7-new-york-2011\/","name":"Artistics | Beauch\u00eane Skull Study 7, New York 2011 par Christian Houge - Photographie contemporaine","isPartOf":{"@id":"https:\/\/artistics.com\/fr\/#website"},"primaryImageOfPage":{"@id":"https:\/\/artistics.com\/fr\/oeuvre\/beauchene-skull-study-7-new-york-2011\/#primaryimage"},"image":{"@id":"https:\/\/artistics.com\/fr\/oeuvre\/beauchene-skull-study-7-new-york-2011\/#primaryimage"},"thumbnailUrl":"https:\/\/artistics.com\/wp-content\/uploads\/2023\/04\/beauchene-skull-study-7-new-york-2011-by-christian-houge-1.jpg","datePublished":"2013-12-06T14:00:41+00:00","dateModified":"2025-07-01T11:28:50+00:00","description":"Beauch\u00eane Skull Study 7, New York 2011 par Christian Houge - achat d'\u0153uvres d'art contemporain originales sur la galerie d'art en ligne Artistics.","breadcrumb":{"@id":"https:\/\/artistics.com\/fr\/oeuvre\/beauchene-skull-study-7-new-york-2011\/#breadcrumb"},"inLanguage":"fr-FR","potentialAction":[{"@type":"ReadAction","target":["https:\/\/artistics.com\/fr\/oeuvre\/beauchene-skull-study-7-new-york-2011\/"]}]},{"@type":"ImageObject","inLanguage":"fr-FR","@id":"https:\/\/artistics.com\/fr\/oeuvre\/beauchene-skull-study-7-new-york-2011\/#primaryimage","url":"https:\/\/artistics.com\/wp-content\/uploads\/2023\/04\/beauchene-skull-study-7-new-york-2011-by-christian-houge-1.jpg","contentUrl":"https:\/\/artistics.com\/wp-content\/uploads\/2023\/04\/beauchene-skull-study-7-new-york-2011-by-christian-houge-1.jpg","width":945,"height":1422},{"@type":"BreadcrumbList","@id":"https:\/\/artistics.com\/fr\/oeuvre\/beauchene-skull-study-7-new-york-2011\/#breadcrumb","itemListElement":[{"@type":"ListItem","position":1,"name":"Achat \u0153uvre d'art","item":"https:\/\/artistics.com\/fr\/"},{"@type":"ListItem","position":2,"name":"Galerie","item":"https:\/\/artistics.com\/fr\/galerie\/"},{"@type":"ListItem","position":3,"name":"Photographie contemporaine","item":"https:\/\/artistics.com\/fr\/categorie-oeuvre\/photographie-contemporaine\/"},{"@type":"ListItem","position":4,"name":"Beauch\u00eane Skull Study 7, New York 2011"}]},{"@type":"WebSite","@id":"https:\/\/artistics.com\/fr\/#website","url":"https:\/\/artistics.com\/fr\/","name":"Artistics","description":"The online art gallery","publisher":{"@id":"https:\/\/artistics.com\/fr\/#organization"},"potentialAction":[{"@type":"SearchAction","target":{"@type":"EntryPoint","urlTemplate":"https:\/\/artistics.com\/fr\/?s={search_term_string}"},"query-input":{"@type":"PropertyValueSpecification","valueRequired":true,"valueName":"search_term_string"}}],"inLanguage":"fr-FR"},{"@type":"Organization","@id":"https:\/\/artistics.com\/fr\/#organization","name":"Artistics","url":"https:\/\/artistics.com\/fr\/","logo":{"@type":"ImageObject","inLanguage":"fr-FR","@id":"https:\/\/artistics.com\/fr\/#\/schema\/logo\/image\/","url":"https:\/\/artistics.com\/wp-content\/uploads\/2023\/02\/artistics-logo-web-1.svg","contentUrl":"https:\/\/artistics.com\/wp-content\/uploads\/2023\/02\/artistics-logo-web-1.svg","caption":"Artistics"},"image":{"@id":"https:\/\/artistics.com\/fr\/#\/schema\/logo\/image\/"},"sameAs":["https:\/\/www.facebook.com\/ArtisticsMag","https:\/\/x.com\/Artistics_FR","http:\/\/www.linkedin.com\/company\/artistics","https:\/\/www.instagram.com\/artistics_com\/","http:\/\/www.pinterest.com\/ArtisticsMag"],"hasMerchantReturnPolicy":{"@type":"MerchantReturnPolicy","merchantReturnLink":"https:\/\/artistics.com\/free-return-policy\/"}}]},"og_availability":"instock","product_availability":"instock","product_retailer_item_id":"1095","product_condition":"new"},"_links":{"self":[{"href":"https:\/\/artistics.com\/fr\/wp-json\/wp\/v2\/product\/32705","targetHints":{"allow":["GET"]}}],"collection":[{"href":"https:\/\/artistics.com\/fr\/wp-json\/wp\/v2\/product"}],"about":[{"href":"https:\/\/artistics.com\/fr\/wp-json\/wp\/v2\/types\/product"}],"acf:term":[{"embeddable":true,"taxonomy":"series","href":"https:\/\/artistics.com\/fr\/wp-json\/wp\/v2\/series\/2056"},{"embeddable":true,"taxonomy":"product_tag","href":"https:\/\/artistics.com\/fr\/wp-json\/wp\/v2\/product_tag\/530"},{"embeddable":true,"taxonomy":"product_cat","href":"https:\/\/artistics.com\/fr\/wp-json\/wp\/v2\/product_cat\/237"},{"embeddable":true,"taxonomy":"product_cat","href":"https:\/\/artistics.com\/fr\/wp-json\/wp\/v2\/product_cat\/216"},{"embeddable":true,"taxonomy":"product_cat","href":"https:\/\/artistics.com\/fr\/wp-json\/wp\/v2\/product_cat\/428"},{"embeddable":true,"taxonomy":"product_cat","href":"https:\/\/artistics.com\/fr\/wp-json\/wp\/v2\/product_cat\/2244"},{"embeddable":true,"taxonomy":"product_cat","href":"https:\/\/artistics.com\/fr\/wp-json\/wp\/v2\/product_cat\/163"}],"acf:post":[{"embeddable":true,"href":"https:\/\/artistics.com\/fr\/wp-json\/wp\/v2\/artist\/2763"}],"wp:featuredmedia":[{"embeddable":true,"href":"https:\/\/artistics.com\/fr\/wp-json\/wp\/v2\/media\/32161"}],"wp:attachment":[{"href":"https:\/\/artistics.com\/fr\/wp-json\/wp\/v2\/media?parent=32705"}],"wp:term":[{"taxonomy":"product_cat","embeddable":true,"href":"https:\/\/artistics.com\/fr\/wp-json\/wp\/v2\/product_cat?post=32705"},{"taxonomy":"product_tag","embeddable":true,"href":"https:\/\/artistics.com\/fr\/wp-json\/wp\/v2\/product_tag?post=32705"},{"taxonomy":"series","embeddable":true,"href":"https:\/\/artistics.com\/fr\/wp-json\/wp\/v2\/series?post=32705"}],"curies":[{"name":"wp","href":"https:\/\/api.w.org\/{rel}","templated":true}]}}