{"id":32651,"date":"2013-07-04T17:49:54","date_gmt":"2013-07-04T15:49:54","guid":{"rendered":"https:\/\/2022.devartistics.com\/artwork\/oleg-barentsburg-spitsbergen\/"},"modified":"2025-08-14T13:10:43","modified_gmt":"2025-08-14T11:10:43","slug":"oleg-barentsburg-spitsbergen","status":"publish","type":"product","link":"https:\/\/artistics.com\/fr\/oeuvre\/oleg-barentsburg-spitsbergen\/","title":{"rendered":"Oleg, Barentsburg, Spitsbergen"},"content":{"rendered":"","protected":false},"excerpt":{"rendered":"","protected":false},"featured_media":32026,"template":"","meta":{"_acf_changed":false,"_searchwp_excluded":"","inline_featured_image":false},"product_cat":[163,191,197,200,216,235],"product_tag":[575,518,556,572],"series":[2053],"class_list":{"0":"post-32651","1":"product","2":"type-product","3":"status-publish","4":"has-post-thumbnail","6":"product_cat-photographie-contemporaine","7":"product_cat-architectures","8":"product_cat-lieux-abandonnes","9":"product_cat-photographie-darchitecture","10":"product_cat-moyen","11":"product_cat-de-1000-a-3000-e","12":"product_tag-format-panoramique","13":"product_tag-homme","14":"product_tag-norvege","15":"product_tag-vert","16":"series-christian-houge-barentsburg-spitsbergen-2000-2014-fr","18":"first","19":"instock","20":"shipping-taxable","21":"purchasable","22":"product-type-variable","23":"has-default-attributes"},"acf":{"artwork_artist":[2763],"artwork_medium":163,"artwork_categories":[200,197],"artwork_overall-tones":[],"artwork_main-material":[],"artwork_art-genre":[191],"artwork_art-movement":[],"artwork_miscellaneous":[],"artwork_formats":[216,216],"artwork_price-ranges":[235],"artwork_main_subject":[518],"artwork_technique":[],"artwork_featured_location":[556],"artwork_dominant_color":[572],"artwork_physical_attributes":[575],"artwork_creation_date":"20030101","artwork_unique_piece":false,"artwork_description":"Impression pigmentaire Archival","artwork_signature":"\u0152uvre sign\u00e9e","artwork_authenticity":"L\u2019\u0153uvre est vendue avec un certificat d\u2019authenticit\u00e9 sign\u00e9 par l\u2019artiste.","artwork_framing":"unframed","artwork_has_custom_framing_info":false,"artwork_custom_framing_info":"Not specified","artwork_location_country":"NO","artwork_location_city":"Oslo","artwork_location_zipcode":"0170","artwork_shipment_type":"2D_rolled_artwork","artwork_shipping_delivery":"photography_production_time","artwork_has_custom_shipping_delivery_info":false,"artwork_custom_shipping_delivery_info":"Not specified","artwork_360_view_url":"","artwork_video_url":"","artwork_video_format":[],"artwork_preview_type":"featured_image","artwork_reserved":false,"artwork_hide_price":false,"artwork_about":"<p class=\"ai-optimize-24\"><strong><em>Oleg <\/em><\/strong>est une photographie de l\u2019artiste norv\u00e9gien Christian Houge issue de la s\u00e9rie\u00a0<em>Barentsburg, Spitsbergen<\/em> 2000-2014. Cette photographie montre un homme assis \u00e0 cot\u00e9 d'une piscine.<\/p>\r\n<p class=\"ai-optimize-30\">Toutes les photographies de cette s\u00e9rie ont \u00e9t\u00e9 prises au Spitzberg, la plus grande \u00eele de l\u2019archipel du Svalbard, situ\u00e9 entre la Norv\u00e8ge continentale et le p\u00f4le Nord. Cette r\u00e9gion est r\u00e9put\u00e9e pour ses paysages intacts, semblables \u00e0 ceux de la lune, et pour la lumi\u00e8re magique qui y r\u00e8gne. Elle poss\u00e8de \u00e9galement l\u2019atmosph\u00e8re la plus pure de la plan\u00e8te, ce qui la rend particuli\u00e8rement adapt\u00e9e \u00e0 la recherche climatique et \u00e0 l\u2019observation spatiale.\u00a0Dans\u00a0<em>Barentsburg<\/em>, le travail de Christian Houge documente \u00e0 la fois l\u2019environnement naturel et les vestiges des colonies mini\u00e8res de l\u2019\u00e8re sovi\u00e9tique, comme Barentsburg et Pyramid, \u00e9tablies dans les ann\u00e9es 1930. Autrefois symboles de l\u2019ambition sovi\u00e9tique, ces communaut\u00e9s sont aujourd\u2019hui en d\u00e9clin, leur population diminuant et leurs infrastructures se d\u00e9gradant. Les int\u00e9rieurs et les installations d\u00e9suets refl\u00e8tent une communaut\u00e9 fig\u00e9e dans le temps, tandis que la pr\u00e9sence humaine dans cette s\u00e9rie est marqu\u00e9e par l\u2019immobilit\u00e9 et l\u2019isolement. Les personnages solitaires semblent prisonniers d\u2019un \u00e9tat d\u2019attente, entre un pass\u00e9 r\u00e9volu et un avenir incertain. Esth\u00e9tiquement captivantes, les photographies de Christian Houge suscitent une r\u00e9flexion sur la relation entre la technologie et la nature. Le format panoramique qu\u2019il a choisi pour cette s\u00e9rie vise \u00e0 cr\u00e9er un sentiment de d\u00e9sorientation spatiale.<\/p>\r\n<p class=\"ai-optimize-31\">\u00ab\u00a0<em>Les photographies de Houge de Barentsburg et de Pyramid sont une \u00e9tude du d\u00e9clin d\u2019une culture coloniale, fonctionnant loin du centre qui a donn\u00e9 \u00e0 ces communaut\u00e9s leur identit\u00e9 id\u00e9ologique, sociale et esth\u00e9tique. [\u2026] De nombreuses photographies de Houge r\u00e9v\u00e8lent des tensions complexes entre la volont\u00e9 id\u00e9ologique de l\u2019Empire sovi\u00e9tique, \u00e0 l\u2019origine de la cr\u00e9ation de ces colonies, et la triste r\u00e9alit\u00e9 de leur d\u00e9clin.<\/em>\u00a0\u00bb Basia Soko\u0142owska<\/p>\r\n<p class=\"ai-optimize-32\">\u00ab\u00a0<em>Nombre de mes projets explorent le contraste et la symbiose entre la nature et la culture. Ce projet artistique m\u2019a emmen\u00e9 au c\u0153ur du paysage arctique du Spitzberg au cours des sept derni\u00e8res ann\u00e9es, lors de dix voyages au total. Je suis obs\u00e9d\u00e9 par les contrastes fantastiques entre le paysage primitif et la technologie, entre l\u2019homme et l\u2019artificiel, entre notre recherche extravertie de la connaissance et notre recherche introvertie de l\u2019intuition.<\/em>\u00a0\u00bb Christian Houge<\/p>\r\n<p class=\"ai-optimize-24\">Cette photographie a \u00e9t\u00e9 expos\u00e9e \u00e0 la Bomuldsfabriken Kunsthall d\u2019Arendal, en Norv\u00e8ge, lors de l\u2019exposition personnelle de Christian Houge,\u00a0<i>Lost Paradise<\/i>, en 2025.<\/p>","artwork_series":[2053],"artwork_query_group":"20","artwork_lowest_grid_position":1,"artwork_random_position":1189175,"explicit_sensitive_content":false,"drupal_id":"549"},"yoast_head":"<!-- This site is optimized with the Yoast SEO Premium plugin v27.3 (Yoast SEO v27.3) - https:\/\/yoast.com\/product\/yoast-seo-premium-wordpress\/ -->\n<title>Oleg, Barentsburg, Spitsbergen par Christian Houge - Photographie contemporaine | Artistics<\/title>\n<meta name=\"description\" content=\"Oleg, Barentsburg, Spitsbergen par Christian Houge - achetez en ligne cette \u0153uvre d\u2019art originale avec son certificat d\u2019authenticit\u00e9 et b\u00e9n\u00e9ficiez de notre service premium.\" \/>\n<meta name=\"robots\" content=\"index, follow, max-snippet:-1, max-image-preview:large, max-video-preview:-1\" \/>\n<link rel=\"canonical\" href=\"https:\/\/artistics.com\/fr\/oeuvre\/oleg-barentsburg-spitsbergen\/\" \/>\n<meta property=\"og:locale\" content=\"fr_FR\" \/>\n<meta property=\"og:type\" content=\"article\" \/>\n<meta property=\"og:title\" content=\"Oleg, Barentsburg, Spitsbergen\" \/>\n<meta property=\"og:description\" content=\"Oleg, Barentsburg, Spitsbergen par Christian Houge - achetez en ligne cette \u0153uvre d\u2019art originale avec son certificat d\u2019authenticit\u00e9 et b\u00e9n\u00e9ficiez de notre service premium.\" \/>\n<meta property=\"og:url\" content=\"https:\/\/artistics.com\/fr\/oeuvre\/oleg-barentsburg-spitsbergen\/\" \/>\n<meta property=\"og:site_name\" content=\"Artistics\" \/>\n<meta property=\"article:publisher\" content=\"https:\/\/www.facebook.com\/ArtisticsMag\" \/>\n<meta property=\"article:modified_time\" content=\"2025-08-14T11:10:43+00:00\" \/>\n<meta property=\"og:image\" content=\"https:\/\/artistics.com\/wp-content\/uploads\/2023\/04\/oleg-barentsburg-spitsbergen-by-christian-houge-1-scaled.jpg\" \/>\n\t<meta property=\"og:image:width\" content=\"2560\" \/>\n\t<meta property=\"og:image:height\" content=\"844\" \/>\n\t<meta property=\"og:image:type\" content=\"image\/jpeg\" \/>\n<meta name=\"twitter:card\" content=\"summary_large_image\" \/>\n<meta name=\"twitter:site\" content=\"@Artistics_FR\" \/>\n<meta name=\"twitter:label1\" content=\"Disponibilit\u00e9\" \/>\n\t<meta name=\"twitter:data1\" content=\"En stock\" \/>\n<script type=\"application\/ld+json\" class=\"yoast-schema-graph\">{\"@context\":\"https:\\\/\\\/schema.org\",\"@graph\":[{\"@type\":[\"WebPage\",\"ItemPage\"],\"@id\":\"https:\\\/\\\/artistics.com\\\/fr\\\/oeuvre\\\/oleg-barentsburg-spitsbergen\\\/\",\"url\":\"https:\\\/\\\/artistics.com\\\/fr\\\/oeuvre\\\/oleg-barentsburg-spitsbergen\\\/\",\"name\":\"Oleg, Barentsburg, Spitsbergen par Christian Houge - Photographie contemporaine | Artistics\",\"isPartOf\":{\"@id\":\"https:\\\/\\\/artistics.com\\\/fr\\\/#website\"},\"primaryImageOfPage\":{\"@id\":\"https:\\\/\\\/artistics.com\\\/fr\\\/oeuvre\\\/oleg-barentsburg-spitsbergen\\\/#primaryimage\"},\"image\":{\"@id\":\"https:\\\/\\\/artistics.com\\\/fr\\\/oeuvre\\\/oleg-barentsburg-spitsbergen\\\/#primaryimage\"},\"thumbnailUrl\":\"https:\\\/\\\/artistics.com\\\/wp-content\\\/uploads\\\/2023\\\/04\\\/oleg-barentsburg-spitsbergen-by-christian-houge-1-scaled.jpg\",\"datePublished\":\"2013-07-04T15:49:54+00:00\",\"dateModified\":\"2025-08-14T11:10:43+00:00\",\"description\":\"Oleg, Barentsburg, Spitsbergen par Christian Houge - achetez en ligne cette \u0153uvre d\u2019art originale avec son certificat d\u2019authenticit\u00e9 et b\u00e9n\u00e9ficiez de notre service premium.\",\"breadcrumb\":{\"@id\":\"https:\\\/\\\/artistics.com\\\/fr\\\/oeuvre\\\/oleg-barentsburg-spitsbergen\\\/#breadcrumb\"},\"inLanguage\":\"fr-FR\",\"potentialAction\":[{\"@type\":\"ReadAction\",\"target\":[\"https:\\\/\\\/artistics.com\\\/fr\\\/oeuvre\\\/oleg-barentsburg-spitsbergen\\\/\"]}]},{\"@type\":\"ImageObject\",\"inLanguage\":\"fr-FR\",\"@id\":\"https:\\\/\\\/artistics.com\\\/fr\\\/oeuvre\\\/oleg-barentsburg-spitsbergen\\\/#primaryimage\",\"url\":\"https:\\\/\\\/artistics.com\\\/wp-content\\\/uploads\\\/2023\\\/04\\\/oleg-barentsburg-spitsbergen-by-christian-houge-1-scaled.jpg\",\"contentUrl\":\"https:\\\/\\\/artistics.com\\\/wp-content\\\/uploads\\\/2023\\\/04\\\/oleg-barentsburg-spitsbergen-by-christian-houge-1-scaled.jpg\",\"width\":2560,\"height\":844},{\"@type\":\"BreadcrumbList\",\"@id\":\"https:\\\/\\\/artistics.com\\\/fr\\\/oeuvre\\\/oleg-barentsburg-spitsbergen\\\/#breadcrumb\",\"itemListElement\":[{\"@type\":\"ListItem\",\"position\":1,\"name\":\"Achat \u0153uvre d'art\",\"item\":\"https:\\\/\\\/artistics.com\\\/fr\\\/\"},{\"@type\":\"ListItem\",\"position\":2,\"name\":\"Galerie\",\"item\":\"https:\\\/\\\/artistics.com\\\/fr\\\/galerie\\\/\"},{\"@type\":\"ListItem\",\"position\":3,\"name\":\"Photographie contemporaine\",\"item\":\"https:\\\/\\\/artistics.com\\\/fr\\\/categorie-oeuvre\\\/photographie-contemporaine\\\/\"},{\"@type\":\"ListItem\",\"position\":4,\"name\":\"Oleg, Barentsburg, Spitsbergen\"}]},{\"@type\":\"WebSite\",\"@id\":\"https:\\\/\\\/artistics.com\\\/fr\\\/#website\",\"url\":\"https:\\\/\\\/artistics.com\\\/fr\\\/\",\"name\":\"Artistics\",\"description\":\"The online art gallery\",\"publisher\":{\"@id\":\"https:\\\/\\\/artistics.com\\\/fr\\\/#organization\"},\"potentialAction\":[{\"@type\":\"SearchAction\",\"target\":{\"@type\":\"EntryPoint\",\"urlTemplate\":\"https:\\\/\\\/artistics.com\\\/fr\\\/?s={search_term_string}\"},\"query-input\":{\"@type\":\"PropertyValueSpecification\",\"valueRequired\":true,\"valueName\":\"search_term_string\"}}],\"inLanguage\":\"fr-FR\"},{\"@type\":\"Organization\",\"@id\":\"https:\\\/\\\/artistics.com\\\/fr\\\/#organization\",\"name\":\"Artistics\",\"url\":\"https:\\\/\\\/artistics.com\\\/fr\\\/\",\"logo\":{\"@type\":\"ImageObject\",\"inLanguage\":\"fr-FR\",\"@id\":\"https:\\\/\\\/artistics.com\\\/fr\\\/#\\\/schema\\\/logo\\\/image\\\/\",\"url\":\"https:\\\/\\\/artistics.com\\\/wp-content\\\/uploads\\\/2023\\\/02\\\/artistics-logo-web-1.svg\",\"contentUrl\":\"https:\\\/\\\/artistics.com\\\/wp-content\\\/uploads\\\/2023\\\/02\\\/artistics-logo-web-1.svg\",\"caption\":\"Artistics\"},\"image\":{\"@id\":\"https:\\\/\\\/artistics.com\\\/fr\\\/#\\\/schema\\\/logo\\\/image\\\/\"},\"sameAs\":[\"https:\\\/\\\/www.facebook.com\\\/ArtisticsMag\",\"https:\\\/\\\/x.com\\\/Artistics_FR\",\"http:\\\/\\\/www.linkedin.com\\\/company\\\/artistics\",\"https:\\\/\\\/www.instagram.com\\\/artistics_com\\\/\",\"http:\\\/\\\/www.pinterest.com\\\/ArtisticsMag\"],\"hasMerchantReturnPolicy\":{\"@type\":\"MerchantReturnPolicy\",\"merchantReturnLink\":\"https:\\\/\\\/artistics.com\\\/free-return-policy\\\/\"}}]}<\/script>\n<meta property=\"og:availability\" content=\"instock\" \/>\n<meta property=\"product:availability\" content=\"instock\" \/>\n<meta property=\"product:retailer_item_id\" content=\"550\" \/>\n<meta property=\"product:condition\" content=\"new\" \/>\n<!-- \/ Yoast SEO Premium plugin. -->","yoast_head_json":{"title":"Oleg, Barentsburg, Spitsbergen par Christian Houge - Photographie contemporaine | Artistics","description":"Oleg, Barentsburg, Spitsbergen par Christian Houge - achetez en ligne cette \u0153uvre d\u2019art originale avec son certificat d\u2019authenticit\u00e9 et b\u00e9n\u00e9ficiez de notre service premium.","robots":{"index":"index","follow":"follow","max-snippet":"max-snippet:-1","max-image-preview":"max-image-preview:large","max-video-preview":"max-video-preview:-1"},"canonical":"https:\/\/artistics.com\/fr\/oeuvre\/oleg-barentsburg-spitsbergen\/","og_locale":"fr_FR","og_type":"article","og_title":"Oleg, Barentsburg, Spitsbergen","og_description":"Oleg, Barentsburg, Spitsbergen par Christian Houge - achetez en ligne cette \u0153uvre d\u2019art originale avec son certificat d\u2019authenticit\u00e9 et b\u00e9n\u00e9ficiez de notre service premium.","og_url":"https:\/\/artistics.com\/fr\/oeuvre\/oleg-barentsburg-spitsbergen\/","og_site_name":"Artistics","article_publisher":"https:\/\/www.facebook.com\/ArtisticsMag","article_modified_time":"2025-08-14T11:10:43+00:00","og_image":[{"width":2560,"height":844,"url":"https:\/\/artistics.com\/wp-content\/uploads\/2023\/04\/oleg-barentsburg-spitsbergen-by-christian-houge-1-scaled.jpg","type":"image\/jpeg"}],"twitter_card":"summary_large_image","twitter_site":"@Artistics_FR","twitter_misc":{"Disponibilit\u00e9":"En stock"},"schema":{"@context":"https:\/\/schema.org","@graph":[{"@type":["WebPage","ItemPage"],"@id":"https:\/\/artistics.com\/fr\/oeuvre\/oleg-barentsburg-spitsbergen\/","url":"https:\/\/artistics.com\/fr\/oeuvre\/oleg-barentsburg-spitsbergen\/","name":"Oleg, Barentsburg, Spitsbergen par Christian Houge - Photographie contemporaine | Artistics","isPartOf":{"@id":"https:\/\/artistics.com\/fr\/#website"},"primaryImageOfPage":{"@id":"https:\/\/artistics.com\/fr\/oeuvre\/oleg-barentsburg-spitsbergen\/#primaryimage"},"image":{"@id":"https:\/\/artistics.com\/fr\/oeuvre\/oleg-barentsburg-spitsbergen\/#primaryimage"},"thumbnailUrl":"https:\/\/artistics.com\/wp-content\/uploads\/2023\/04\/oleg-barentsburg-spitsbergen-by-christian-houge-1-scaled.jpg","datePublished":"2013-07-04T15:49:54+00:00","dateModified":"2025-08-14T11:10:43+00:00","description":"Oleg, Barentsburg, Spitsbergen par Christian Houge - achetez en ligne cette \u0153uvre d\u2019art originale avec son certificat d\u2019authenticit\u00e9 et b\u00e9n\u00e9ficiez de notre service premium.","breadcrumb":{"@id":"https:\/\/artistics.com\/fr\/oeuvre\/oleg-barentsburg-spitsbergen\/#breadcrumb"},"inLanguage":"fr-FR","potentialAction":[{"@type":"ReadAction","target":["https:\/\/artistics.com\/fr\/oeuvre\/oleg-barentsburg-spitsbergen\/"]}]},{"@type":"ImageObject","inLanguage":"fr-FR","@id":"https:\/\/artistics.com\/fr\/oeuvre\/oleg-barentsburg-spitsbergen\/#primaryimage","url":"https:\/\/artistics.com\/wp-content\/uploads\/2023\/04\/oleg-barentsburg-spitsbergen-by-christian-houge-1-scaled.jpg","contentUrl":"https:\/\/artistics.com\/wp-content\/uploads\/2023\/04\/oleg-barentsburg-spitsbergen-by-christian-houge-1-scaled.jpg","width":2560,"height":844},{"@type":"BreadcrumbList","@id":"https:\/\/artistics.com\/fr\/oeuvre\/oleg-barentsburg-spitsbergen\/#breadcrumb","itemListElement":[{"@type":"ListItem","position":1,"name":"Achat \u0153uvre d'art","item":"https:\/\/artistics.com\/fr\/"},{"@type":"ListItem","position":2,"name":"Galerie","item":"https:\/\/artistics.com\/fr\/galerie\/"},{"@type":"ListItem","position":3,"name":"Photographie contemporaine","item":"https:\/\/artistics.com\/fr\/categorie-oeuvre\/photographie-contemporaine\/"},{"@type":"ListItem","position":4,"name":"Oleg, Barentsburg, Spitsbergen"}]},{"@type":"WebSite","@id":"https:\/\/artistics.com\/fr\/#website","url":"https:\/\/artistics.com\/fr\/","name":"Artistics","description":"The online art gallery","publisher":{"@id":"https:\/\/artistics.com\/fr\/#organization"},"potentialAction":[{"@type":"SearchAction","target":{"@type":"EntryPoint","urlTemplate":"https:\/\/artistics.com\/fr\/?s={search_term_string}"},"query-input":{"@type":"PropertyValueSpecification","valueRequired":true,"valueName":"search_term_string"}}],"inLanguage":"fr-FR"},{"@type":"Organization","@id":"https:\/\/artistics.com\/fr\/#organization","name":"Artistics","url":"https:\/\/artistics.com\/fr\/","logo":{"@type":"ImageObject","inLanguage":"fr-FR","@id":"https:\/\/artistics.com\/fr\/#\/schema\/logo\/image\/","url":"https:\/\/artistics.com\/wp-content\/uploads\/2023\/02\/artistics-logo-web-1.svg","contentUrl":"https:\/\/artistics.com\/wp-content\/uploads\/2023\/02\/artistics-logo-web-1.svg","caption":"Artistics"},"image":{"@id":"https:\/\/artistics.com\/fr\/#\/schema\/logo\/image\/"},"sameAs":["https:\/\/www.facebook.com\/ArtisticsMag","https:\/\/x.com\/Artistics_FR","http:\/\/www.linkedin.com\/company\/artistics","https:\/\/www.instagram.com\/artistics_com\/","http:\/\/www.pinterest.com\/ArtisticsMag"],"hasMerchantReturnPolicy":{"@type":"MerchantReturnPolicy","merchantReturnLink":"https:\/\/artistics.com\/free-return-policy\/"}}]},"og_availability":"instock","product_availability":"instock","product_retailer_item_id":"550","product_condition":"new"},"_links":{"self":[{"href":"https:\/\/artistics.com\/fr\/wp-json\/wp\/v2\/product\/32651","targetHints":{"allow":["GET"]}}],"collection":[{"href":"https:\/\/artistics.com\/fr\/wp-json\/wp\/v2\/product"}],"about":[{"href":"https:\/\/artistics.com\/fr\/wp-json\/wp\/v2\/types\/product"}],"acf:term":[{"embeddable":true,"taxonomy":"series","href":"https:\/\/artistics.com\/fr\/wp-json\/wp\/v2\/series\/2053"},{"embeddable":true,"taxonomy":"product_tag","href":"https:\/\/artistics.com\/fr\/wp-json\/wp\/v2\/product_tag\/575"},{"embeddable":true,"taxonomy":"product_tag","href":"https:\/\/artistics.com\/fr\/wp-json\/wp\/v2\/product_tag\/572"},{"embeddable":true,"taxonomy":"product_tag","href":"https:\/\/artistics.com\/fr\/wp-json\/wp\/v2\/product_tag\/556"},{"embeddable":true,"taxonomy":"product_tag","href":"https:\/\/artistics.com\/fr\/wp-json\/wp\/v2\/product_tag\/518"},{"embeddable":true,"taxonomy":"product_cat","href":"https:\/\/artistics.com\/fr\/wp-json\/wp\/v2\/product_cat\/235"},{"embeddable":true,"taxonomy":"product_cat","href":"https:\/\/artistics.com\/fr\/wp-json\/wp\/v2\/product_cat\/216"},{"embeddable":true,"taxonomy":"product_cat","href":"https:\/\/artistics.com\/fr\/wp-json\/wp\/v2\/product_cat\/191"},{"embeddable":true,"taxonomy":"product_cat","href":"https:\/\/artistics.com\/fr\/wp-json\/wp\/v2\/product_cat\/197"},{"embeddable":true,"taxonomy":"product_cat","href":"https:\/\/artistics.com\/fr\/wp-json\/wp\/v2\/product_cat\/200"},{"embeddable":true,"taxonomy":"product_cat","href":"https:\/\/artistics.com\/fr\/wp-json\/wp\/v2\/product_cat\/163"}],"acf:post":[{"embeddable":true,"href":"https:\/\/artistics.com\/fr\/wp-json\/wp\/v2\/artist\/2763"}],"wp:featuredmedia":[{"embeddable":true,"href":"https:\/\/artistics.com\/fr\/wp-json\/wp\/v2\/media\/32026"}],"wp:attachment":[{"href":"https:\/\/artistics.com\/fr\/wp-json\/wp\/v2\/media?parent=32651"}],"wp:term":[{"taxonomy":"product_cat","embeddable":true,"href":"https:\/\/artistics.com\/fr\/wp-json\/wp\/v2\/product_cat?post=32651"},{"taxonomy":"product_tag","embeddable":true,"href":"https:\/\/artistics.com\/fr\/wp-json\/wp\/v2\/product_tag?post=32651"},{"taxonomy":"series","embeddable":true,"href":"https:\/\/artistics.com\/fr\/wp-json\/wp\/v2\/series?post=32651"}],"curies":[{"name":"wp","href":"https:\/\/api.w.org\/{rel}","templated":true}]}}