{"id":31993,"date":"2013-07-03T14:58:25","date_gmt":"2013-07-03T12:58:25","guid":{"rendered":"https:\/\/2022.devartistics.com\/artwork\/untitled-6-arctic-technology-spitsbergen\/"},"modified":"2025-07-21T11:03:54","modified_gmt":"2025-07-21T09:03:54","slug":"untitled-6-arctic-technology-spitsbergen","status":"publish","type":"product","link":"https:\/\/artistics.com\/fr\/oeuvre\/untitled-6-arctic-technology-spitsbergen\/","title":{"rendered":"Untitled 6, Arctic Technology, Spitsbergen"},"content":{"rendered":"","protected":false},"excerpt":{"rendered":"","protected":false},"featured_media":31925,"template":"","meta":{"_acf_changed":false,"_searchwp_excluded":"","inline_featured_image":false},"product_cat":[236,215,216,194,163,202,201],"product_tag":[575,568,556],"series":[2052],"class_list":{"0":"post-31993","1":"product","2":"type-product","3":"status-publish","4":"has-post-thumbnail","6":"product_cat-de-3000-a-10-000-e","7":"product_cat-grand","8":"product_cat-moyen","9":"product_cat-nature-et-paysage","10":"product_cat-photographie-contemporaine","11":"product_cat-photographie-nature-et-paysage","12":"product_cat-photographie-noir-et-blanc","13":"product_tag-format-panoramique","14":"product_tag-noir-et-blanc","15":"product_tag-norvege","16":"series-christian-houge-arctic-technology-spitsbergen-2010-2013-fr","18":"first","19":"instock","20":"shipping-taxable","21":"purchasable","22":"product-type-variable","23":"has-default-attributes"},"acf":{"artwork_artist":[2763],"artwork_medium":163,"artwork_categories":[201,202],"artwork_overall-tones":[],"artwork_main-material":[],"artwork_art-genre":[194],"artwork_art-movement":[],"artwork_miscellaneous":[],"artwork_formats":[216,215],"artwork_price-ranges":[236],"artwork_main_subject":[],"artwork_technique":[],"artwork_featured_location":[556],"artwork_dominant_color":[568],"artwork_physical_attributes":[575],"artwork_creation_date":null,"artwork_unique_piece":false,"artwork_description":"Impression pigmentaire Archival ou C-print contrecoll\u00e9e sur aluminium","artwork_signature":"\u0152uvre sign\u00e9e","artwork_authenticity":"L\u2019\u0153uvre est vendue avec un certificat d\u2019authenticit\u00e9 sign\u00e9 par l\u2019artiste.","artwork_framing":"not_specified","artwork_has_custom_framing_info":false,"artwork_custom_framing_info":"Not specified","artwork_location_country":"NO","artwork_location_city":"Oslo","artwork_location_zipcode":"0170","artwork_shipment_type":"2D_flat_artwork","artwork_shipping_delivery":"photography_production_time","artwork_has_custom_shipping_delivery_info":false,"artwork_custom_shipping_delivery_info":"Not specified","artwork_360_view_url":"","artwork_video_url":"https:\/\/youtube.com\/watch?v=Tv_biAev2bA","artwork_video_format":[],"artwork_preview_type":"featured_image","artwork_reserved":false,"artwork_hide_price":false,"artwork_about":"<p class=\"ai-optimize-24\"><em><strong>Untitled 6<\/strong><\/em>\u00a0est une photographie de l\u2019artiste norv\u00e9gien Christian Houge prise dans le cadre de sa s\u00e9rie\u00a0<em>Arctic Technology<\/em> au Spitzberg. On y voit des r\u00e9cepteurs satellites install\u00e9 dans un paysage arctique.<\/p>\r\n<p class=\"ai-optimize-30\">Toutes les photographies de cette s\u00e9rie ont \u00e9t\u00e9 prises au Spitzberg, la plus grande \u00eele de l\u2019archipel du Svalbard, situ\u00e9 entre la Norv\u00e8ge continentale et le p\u00f4le Nord. Cette r\u00e9gion est r\u00e9put\u00e9e pour ses paysages intacts, semblables \u00e0 ceux de la lune, et pour la lumi\u00e8re magique qui y r\u00e8gne. Elle poss\u00e8de \u00e9galement l\u2019atmosph\u00e8re la plus pure de la plan\u00e8te, ce qui la rend particuli\u00e8rement adapt\u00e9e \u00e0 la recherche climatique et \u00e0 l\u2019observation spatiale. Des installations techniques gigantesques, des r\u00e9cepteurs satellites et une chambre forte contenant de la biodiversit\u00e9 ont \u00e9t\u00e9 construits sur l\u2019\u00eele, se fondant dans le paysage naturel vierge tout en interf\u00e9rant avec lui. Esth\u00e9tiquement captivantes, les photographies de Christian Houge suscitent une r\u00e9flexion sur la relation entre la technologie et la nature. Le format panoramique qu\u2019il a choisi pour cette s\u00e9rie vise \u00e0 cr\u00e9er un sentiment de d\u00e9sorientation spatiale.<\/p>\r\n<p class=\"ai-optimize-31\">\u00ab\u00a0<em>Nombre de mes projets explorent le contraste et la symbiose entre la nature et la culture. Ce projet artistique m\u2019a emmen\u00e9 au c\u0153ur du paysage arctique du Spitzberg au cours des sept derni\u00e8res ann\u00e9es, lors de dix voyages au total. Je suis obs\u00e9d\u00e9 par les contrastes fantastiques entre le paysage primitif et la technologie, entre l\u2019homme et l\u2019artificiel, entre notre recherche extravertie de la connaissance et notre recherche introvertie de l\u2019intuition.<\/em>\u00a0\u00bb Christian Houge<\/p>\r\n<p class=\"ai-optimize-32\">En 2005,\u00a0<em>Arctic Technology<\/em>\u00a0a \u00e9t\u00e9 pr\u00e9s\u00e9lectionn\u00e9e pour le prix BMW \u00e0 Paris Photo. La s\u00e9rie fait partie de l\u2019exposition\u00a0<em>\u2018Paradise Lost\u2019<\/em>, pr\u00e9sent\u00e9e en 2015 dans trois villes chinoises dont P\u00e9kin, au Three Shadows Photography Art Centre, qui a expos\u00e9 de c\u00e9l\u00e8bres photographes \u00e0 l\u2019instar de Ken Kitano ou Sasha Weidner.<\/p>\r\n<p class=\"ai-optimize-26\">Petit format : impression pigmentaire Archival contrecoll\u00e9e sur aluminium \/ Grand format : tirage C-print contrecoll\u00e9 sur aluminium<\/p>","artwork_series":[2052],"artwork_query_group":"20","artwork_lowest_grid_position":1,"artwork_random_position":1478599,"explicit_sensitive_content":false,"drupal_id":"585"},"yoast_head":"<!-- This site is optimized with the Yoast SEO Premium plugin v27.3 (Yoast SEO v27.3) - https:\/\/yoast.com\/product\/yoast-seo-premium-wordpress\/ -->\n<title>Artistics | Untitled 6, Arctic Technology, Spitsbergen par Christian Houge - Photographie contemporaine<\/title>\n<meta name=\"description\" content=\"Untitled 6, Arctic Technology, Spitsbergen par Christian Houge - achat d&#039;\u0153uvres d&#039;art contemporain originales sur la galerie d&#039;art en ligne Artistics.\" \/>\n<meta name=\"robots\" content=\"index, follow, max-snippet:-1, max-image-preview:large, max-video-preview:-1\" \/>\n<link rel=\"canonical\" href=\"https:\/\/artistics.com\/fr\/oeuvre\/untitled-6-arctic-technology-spitsbergen\/\" \/>\n<meta property=\"og:locale\" content=\"fr_FR\" \/>\n<meta property=\"og:type\" content=\"article\" \/>\n<meta property=\"og:title\" content=\"Untitled 6, Arctic Technology, Spitsbergen\" \/>\n<meta property=\"og:description\" content=\"Untitled 6, Arctic Technology, Spitsbergen par Christian Houge - achat d&#039;\u0153uvres d&#039;art contemporain originales sur la galerie d&#039;art en ligne Artistics.\" \/>\n<meta property=\"og:url\" content=\"https:\/\/artistics.com\/fr\/oeuvre\/untitled-6-arctic-technology-spitsbergen\/\" \/>\n<meta property=\"og:site_name\" content=\"Artistics\" \/>\n<meta property=\"article:publisher\" content=\"https:\/\/www.facebook.com\/ArtisticsMag\" \/>\n<meta property=\"article:modified_time\" content=\"2025-07-21T09:03:54+00:00\" \/>\n<meta property=\"og:image\" content=\"https:\/\/artistics.com\/wp-content\/uploads\/2023\/04\/untitled-6-arctic-technology-spitsbergen-by-christian-houge-2-scaled.jpg\" \/>\n\t<meta property=\"og:image:width\" content=\"2560\" \/>\n\t<meta property=\"og:image:height\" content=\"839\" \/>\n\t<meta property=\"og:image:type\" content=\"image\/jpeg\" \/>\n<meta name=\"twitter:card\" content=\"summary_large_image\" \/>\n<meta name=\"twitter:site\" content=\"@Artistics_FR\" \/>\n<meta name=\"twitter:label1\" content=\"Disponibilit\u00e9\" \/>\n\t<meta name=\"twitter:data1\" content=\"En stock\" \/>\n<script type=\"application\/ld+json\" class=\"yoast-schema-graph\">{\"@context\":\"https:\\\/\\\/schema.org\",\"@graph\":[{\"@type\":[\"WebPage\",\"ItemPage\"],\"@id\":\"https:\\\/\\\/artistics.com\\\/fr\\\/oeuvre\\\/untitled-6-arctic-technology-spitsbergen\\\/\",\"url\":\"https:\\\/\\\/artistics.com\\\/fr\\\/oeuvre\\\/untitled-6-arctic-technology-spitsbergen\\\/\",\"name\":\"Artistics | Untitled 6, Arctic Technology, Spitsbergen par Christian Houge - Photographie contemporaine\",\"isPartOf\":{\"@id\":\"https:\\\/\\\/artistics.com\\\/fr\\\/#website\"},\"primaryImageOfPage\":{\"@id\":\"https:\\\/\\\/artistics.com\\\/fr\\\/oeuvre\\\/untitled-6-arctic-technology-spitsbergen\\\/#primaryimage\"},\"image\":{\"@id\":\"https:\\\/\\\/artistics.com\\\/fr\\\/oeuvre\\\/untitled-6-arctic-technology-spitsbergen\\\/#primaryimage\"},\"thumbnailUrl\":\"https:\\\/\\\/artistics.com\\\/wp-content\\\/uploads\\\/2023\\\/04\\\/untitled-6-arctic-technology-spitsbergen-by-christian-houge-2-scaled.jpg\",\"datePublished\":\"2013-07-03T12:58:25+00:00\",\"dateModified\":\"2025-07-21T09:03:54+00:00\",\"description\":\"Untitled 6, Arctic Technology, Spitsbergen par Christian Houge - achat d'\u0153uvres d'art contemporain originales sur la galerie d'art en ligne Artistics.\",\"breadcrumb\":{\"@id\":\"https:\\\/\\\/artistics.com\\\/fr\\\/oeuvre\\\/untitled-6-arctic-technology-spitsbergen\\\/#breadcrumb\"},\"inLanguage\":\"fr-FR\",\"potentialAction\":[{\"@type\":\"ReadAction\",\"target\":[\"https:\\\/\\\/artistics.com\\\/fr\\\/oeuvre\\\/untitled-6-arctic-technology-spitsbergen\\\/\"]}]},{\"@type\":\"ImageObject\",\"inLanguage\":\"fr-FR\",\"@id\":\"https:\\\/\\\/artistics.com\\\/fr\\\/oeuvre\\\/untitled-6-arctic-technology-spitsbergen\\\/#primaryimage\",\"url\":\"https:\\\/\\\/artistics.com\\\/wp-content\\\/uploads\\\/2023\\\/04\\\/untitled-6-arctic-technology-spitsbergen-by-christian-houge-2-scaled.jpg\",\"contentUrl\":\"https:\\\/\\\/artistics.com\\\/wp-content\\\/uploads\\\/2023\\\/04\\\/untitled-6-arctic-technology-spitsbergen-by-christian-houge-2-scaled.jpg\",\"width\":2560,\"height\":839},{\"@type\":\"BreadcrumbList\",\"@id\":\"https:\\\/\\\/artistics.com\\\/fr\\\/oeuvre\\\/untitled-6-arctic-technology-spitsbergen\\\/#breadcrumb\",\"itemListElement\":[{\"@type\":\"ListItem\",\"position\":1,\"name\":\"Achat \u0153uvre d'art\",\"item\":\"https:\\\/\\\/artistics.com\\\/fr\\\/\"},{\"@type\":\"ListItem\",\"position\":2,\"name\":\"Galerie\",\"item\":\"https:\\\/\\\/artistics.com\\\/fr\\\/galerie\\\/\"},{\"@type\":\"ListItem\",\"position\":3,\"name\":\"Photographie contemporaine\",\"item\":\"https:\\\/\\\/artistics.com\\\/fr\\\/categorie-oeuvre\\\/photographie-contemporaine\\\/\"},{\"@type\":\"ListItem\",\"position\":4,\"name\":\"Untitled 6, Arctic Technology, Spitsbergen\"}]},{\"@type\":\"WebSite\",\"@id\":\"https:\\\/\\\/artistics.com\\\/fr\\\/#website\",\"url\":\"https:\\\/\\\/artistics.com\\\/fr\\\/\",\"name\":\"Artistics\",\"description\":\"The online art gallery\",\"publisher\":{\"@id\":\"https:\\\/\\\/artistics.com\\\/fr\\\/#organization\"},\"potentialAction\":[{\"@type\":\"SearchAction\",\"target\":{\"@type\":\"EntryPoint\",\"urlTemplate\":\"https:\\\/\\\/artistics.com\\\/fr\\\/?s={search_term_string}\"},\"query-input\":{\"@type\":\"PropertyValueSpecification\",\"valueRequired\":true,\"valueName\":\"search_term_string\"}}],\"inLanguage\":\"fr-FR\"},{\"@type\":\"Organization\",\"@id\":\"https:\\\/\\\/artistics.com\\\/fr\\\/#organization\",\"name\":\"Artistics\",\"url\":\"https:\\\/\\\/artistics.com\\\/fr\\\/\",\"logo\":{\"@type\":\"ImageObject\",\"inLanguage\":\"fr-FR\",\"@id\":\"https:\\\/\\\/artistics.com\\\/fr\\\/#\\\/schema\\\/logo\\\/image\\\/\",\"url\":\"https:\\\/\\\/artistics.com\\\/wp-content\\\/uploads\\\/2023\\\/02\\\/artistics-logo-web-1.svg\",\"contentUrl\":\"https:\\\/\\\/artistics.com\\\/wp-content\\\/uploads\\\/2023\\\/02\\\/artistics-logo-web-1.svg\",\"caption\":\"Artistics\"},\"image\":{\"@id\":\"https:\\\/\\\/artistics.com\\\/fr\\\/#\\\/schema\\\/logo\\\/image\\\/\"},\"sameAs\":[\"https:\\\/\\\/www.facebook.com\\\/ArtisticsMag\",\"https:\\\/\\\/x.com\\\/Artistics_FR\",\"http:\\\/\\\/www.linkedin.com\\\/company\\\/artistics\",\"https:\\\/\\\/www.instagram.com\\\/artistics_com\\\/\",\"http:\\\/\\\/www.pinterest.com\\\/ArtisticsMag\"],\"hasMerchantReturnPolicy\":{\"@type\":\"MerchantReturnPolicy\",\"merchantReturnLink\":\"https:\\\/\\\/artistics.com\\\/free-return-policy\\\/\"}}]}<\/script>\n<meta property=\"og:availability\" content=\"instock\" \/>\n<meta property=\"product:availability\" content=\"instock\" \/>\n<meta property=\"product:retailer_item_id\" content=\"586\" \/>\n<meta property=\"product:condition\" content=\"new\" \/>\n<!-- \/ Yoast SEO Premium plugin. -->","yoast_head_json":{"title":"Artistics | Untitled 6, Arctic Technology, Spitsbergen par Christian Houge - Photographie contemporaine","description":"Untitled 6, Arctic Technology, Spitsbergen par Christian Houge - achat d'\u0153uvres d'art contemporain originales sur la galerie d'art en ligne Artistics.","robots":{"index":"index","follow":"follow","max-snippet":"max-snippet:-1","max-image-preview":"max-image-preview:large","max-video-preview":"max-video-preview:-1"},"canonical":"https:\/\/artistics.com\/fr\/oeuvre\/untitled-6-arctic-technology-spitsbergen\/","og_locale":"fr_FR","og_type":"article","og_title":"Untitled 6, Arctic Technology, Spitsbergen","og_description":"Untitled 6, Arctic Technology, Spitsbergen par Christian Houge - achat d'\u0153uvres d'art contemporain originales sur la galerie d'art en ligne Artistics.","og_url":"https:\/\/artistics.com\/fr\/oeuvre\/untitled-6-arctic-technology-spitsbergen\/","og_site_name":"Artistics","article_publisher":"https:\/\/www.facebook.com\/ArtisticsMag","article_modified_time":"2025-07-21T09:03:54+00:00","og_image":[{"width":2560,"height":839,"url":"https:\/\/artistics.com\/wp-content\/uploads\/2023\/04\/untitled-6-arctic-technology-spitsbergen-by-christian-houge-2-scaled.jpg","type":"image\/jpeg"}],"twitter_card":"summary_large_image","twitter_site":"@Artistics_FR","twitter_misc":{"Disponibilit\u00e9":"En stock"},"schema":{"@context":"https:\/\/schema.org","@graph":[{"@type":["WebPage","ItemPage"],"@id":"https:\/\/artistics.com\/fr\/oeuvre\/untitled-6-arctic-technology-spitsbergen\/","url":"https:\/\/artistics.com\/fr\/oeuvre\/untitled-6-arctic-technology-spitsbergen\/","name":"Artistics | Untitled 6, Arctic Technology, Spitsbergen par Christian Houge - Photographie contemporaine","isPartOf":{"@id":"https:\/\/artistics.com\/fr\/#website"},"primaryImageOfPage":{"@id":"https:\/\/artistics.com\/fr\/oeuvre\/untitled-6-arctic-technology-spitsbergen\/#primaryimage"},"image":{"@id":"https:\/\/artistics.com\/fr\/oeuvre\/untitled-6-arctic-technology-spitsbergen\/#primaryimage"},"thumbnailUrl":"https:\/\/artistics.com\/wp-content\/uploads\/2023\/04\/untitled-6-arctic-technology-spitsbergen-by-christian-houge-2-scaled.jpg","datePublished":"2013-07-03T12:58:25+00:00","dateModified":"2025-07-21T09:03:54+00:00","description":"Untitled 6, Arctic Technology, Spitsbergen par Christian Houge - achat d'\u0153uvres d'art contemporain originales sur la galerie d'art en ligne Artistics.","breadcrumb":{"@id":"https:\/\/artistics.com\/fr\/oeuvre\/untitled-6-arctic-technology-spitsbergen\/#breadcrumb"},"inLanguage":"fr-FR","potentialAction":[{"@type":"ReadAction","target":["https:\/\/artistics.com\/fr\/oeuvre\/untitled-6-arctic-technology-spitsbergen\/"]}]},{"@type":"ImageObject","inLanguage":"fr-FR","@id":"https:\/\/artistics.com\/fr\/oeuvre\/untitled-6-arctic-technology-spitsbergen\/#primaryimage","url":"https:\/\/artistics.com\/wp-content\/uploads\/2023\/04\/untitled-6-arctic-technology-spitsbergen-by-christian-houge-2-scaled.jpg","contentUrl":"https:\/\/artistics.com\/wp-content\/uploads\/2023\/04\/untitled-6-arctic-technology-spitsbergen-by-christian-houge-2-scaled.jpg","width":2560,"height":839},{"@type":"BreadcrumbList","@id":"https:\/\/artistics.com\/fr\/oeuvre\/untitled-6-arctic-technology-spitsbergen\/#breadcrumb","itemListElement":[{"@type":"ListItem","position":1,"name":"Achat \u0153uvre d'art","item":"https:\/\/artistics.com\/fr\/"},{"@type":"ListItem","position":2,"name":"Galerie","item":"https:\/\/artistics.com\/fr\/galerie\/"},{"@type":"ListItem","position":3,"name":"Photographie contemporaine","item":"https:\/\/artistics.com\/fr\/categorie-oeuvre\/photographie-contemporaine\/"},{"@type":"ListItem","position":4,"name":"Untitled 6, Arctic Technology, Spitsbergen"}]},{"@type":"WebSite","@id":"https:\/\/artistics.com\/fr\/#website","url":"https:\/\/artistics.com\/fr\/","name":"Artistics","description":"The online art gallery","publisher":{"@id":"https:\/\/artistics.com\/fr\/#organization"},"potentialAction":[{"@type":"SearchAction","target":{"@type":"EntryPoint","urlTemplate":"https:\/\/artistics.com\/fr\/?s={search_term_string}"},"query-input":{"@type":"PropertyValueSpecification","valueRequired":true,"valueName":"search_term_string"}}],"inLanguage":"fr-FR"},{"@type":"Organization","@id":"https:\/\/artistics.com\/fr\/#organization","name":"Artistics","url":"https:\/\/artistics.com\/fr\/","logo":{"@type":"ImageObject","inLanguage":"fr-FR","@id":"https:\/\/artistics.com\/fr\/#\/schema\/logo\/image\/","url":"https:\/\/artistics.com\/wp-content\/uploads\/2023\/02\/artistics-logo-web-1.svg","contentUrl":"https:\/\/artistics.com\/wp-content\/uploads\/2023\/02\/artistics-logo-web-1.svg","caption":"Artistics"},"image":{"@id":"https:\/\/artistics.com\/fr\/#\/schema\/logo\/image\/"},"sameAs":["https:\/\/www.facebook.com\/ArtisticsMag","https:\/\/x.com\/Artistics_FR","http:\/\/www.linkedin.com\/company\/artistics","https:\/\/www.instagram.com\/artistics_com\/","http:\/\/www.pinterest.com\/ArtisticsMag"],"hasMerchantReturnPolicy":{"@type":"MerchantReturnPolicy","merchantReturnLink":"https:\/\/artistics.com\/free-return-policy\/"}}]},"og_availability":"instock","product_availability":"instock","product_retailer_item_id":"586","product_condition":"new"},"_links":{"self":[{"href":"https:\/\/artistics.com\/fr\/wp-json\/wp\/v2\/product\/31993","targetHints":{"allow":["GET"]}}],"collection":[{"href":"https:\/\/artistics.com\/fr\/wp-json\/wp\/v2\/product"}],"about":[{"href":"https:\/\/artistics.com\/fr\/wp-json\/wp\/v2\/types\/product"}],"acf:term":[{"embeddable":true,"taxonomy":"series","href":"https:\/\/artistics.com\/fr\/wp-json\/wp\/v2\/series\/2052"},{"embeddable":true,"taxonomy":"product_tag","href":"https:\/\/artistics.com\/fr\/wp-json\/wp\/v2\/product_tag\/575"},{"embeddable":true,"taxonomy":"product_tag","href":"https:\/\/artistics.com\/fr\/wp-json\/wp\/v2\/product_tag\/568"},{"embeddable":true,"taxonomy":"product_tag","href":"https:\/\/artistics.com\/fr\/wp-json\/wp\/v2\/product_tag\/556"},{"embeddable":true,"taxonomy":"product_cat","href":"https:\/\/artistics.com\/fr\/wp-json\/wp\/v2\/product_cat\/236"},{"embeddable":true,"taxonomy":"product_cat","href":"https:\/\/artistics.com\/fr\/wp-json\/wp\/v2\/product_cat\/215"},{"embeddable":true,"taxonomy":"product_cat","href":"https:\/\/artistics.com\/fr\/wp-json\/wp\/v2\/product_cat\/216"},{"embeddable":true,"taxonomy":"product_cat","href":"https:\/\/artistics.com\/fr\/wp-json\/wp\/v2\/product_cat\/194"},{"embeddable":true,"taxonomy":"product_cat","href":"https:\/\/artistics.com\/fr\/wp-json\/wp\/v2\/product_cat\/202"},{"embeddable":true,"taxonomy":"product_cat","href":"https:\/\/artistics.com\/fr\/wp-json\/wp\/v2\/product_cat\/201"},{"embeddable":true,"taxonomy":"product_cat","href":"https:\/\/artistics.com\/fr\/wp-json\/wp\/v2\/product_cat\/163"}],"acf:post":[{"embeddable":true,"href":"https:\/\/artistics.com\/fr\/wp-json\/wp\/v2\/artist\/2763"}],"wp:featuredmedia":[{"embeddable":true,"href":"https:\/\/artistics.com\/fr\/wp-json\/wp\/v2\/media\/31925"}],"wp:attachment":[{"href":"https:\/\/artistics.com\/fr\/wp-json\/wp\/v2\/media?parent=31993"}],"wp:term":[{"taxonomy":"product_cat","embeddable":true,"href":"https:\/\/artistics.com\/fr\/wp-json\/wp\/v2\/product_cat?post=31993"},{"taxonomy":"product_tag","embeddable":true,"href":"https:\/\/artistics.com\/fr\/wp-json\/wp\/v2\/product_tag?post=31993"},{"taxonomy":"series","embeddable":true,"href":"https:\/\/artistics.com\/fr\/wp-json\/wp\/v2\/series?post=31993"}],"curies":[{"name":"wp","href":"https:\/\/api.w.org\/{rel}","templated":true}]}}