{"id":29002,"date":"2021-09-20T14:16:51","date_gmt":"2021-09-20T12:16:51","guid":{"rendered":"https:\/\/2022.devartistics.com\/artwork\/aerial-views-baltic-lagoons-003\/"},"modified":"2023-04-22T11:37:55","modified_gmt":"2023-04-22T09:37:55","slug":"aerial-views-baltic-lagoons-003","status":"publish","type":"product","link":"https:\/\/artistics.com\/fr\/oeuvre\/aerial-views-baltic-lagoons-003\/","title":{"rendered":"Aerial Views, Baltic Lagoons 003"},"content":{"rendered":"","protected":false},"excerpt":{"rendered":"","protected":false},"featured_media":26936,"template":"","meta":{"_acf_changed":false,"_searchwp_excluded":"","inline_featured_image":false},"product_cat":[428,410,163,194,198,202,215,216,237],"product_tag":[],"series":[1792],"class_list":{"0":"post-29002","1":"product","2":"type-product","3":"status-publish","4":"has-post-thumbnail","6":"product_cat-couleurs-neutres","7":"product_cat-photographie-abstraite","8":"product_cat-photographie-contemporaine","9":"product_cat-nature-et-paysage","10":"product_cat-vues-aeriennes","11":"product_cat-photographie-nature-et-paysage","12":"product_cat-grand","13":"product_cat-moyen","14":"product_cat-moins-de-1000-e","15":"series-bernhard-lang-baltic-lagoons-fr","17":"first","18":"instock","19":"taxable","20":"shipping-taxable","21":"purchasable","22":"product-type-variable","23":"has-default-attributes"},"acf":{"artwork_artist":2780,"artwork_medium":163,"artwork_categories":[198,202],"artwork_overall-tones":[428],"artwork_main-material":[],"artwork_art-genre":[194],"artwork_art-movement":[410],"artwork_miscellaneous":[],"artwork_formats":[216,215,216],"artwork_price-ranges":[237],"artwork_main_subject":[],"artwork_technique":[],"artwork_featured_location":[],"artwork_dominant_color":[],"artwork_physical_attributes":[],"artwork_creation_date":"20210101","artwork_unique_piece":false,"artwork_description":"Tirage d'art sur papier Hahnem\u00fchle","artwork_signature":"Signed artwork","artwork_authenticity":"The artwork is sold with a certificate of authenticity signed by the artist.","artwork_framing":"unframed","artwork_has_custom_framing_info":false,"artwork_custom_framing_info":"Not specified","artwork_location_country":"EE","artwork_location_city":"Tallin","artwork_location_zipcode":"12616","artwork_shipment_type":"2D_rolled_artwork","artwork_shipping_delivery":"photography_production_time","artwork_has_custom_shipping_delivery_info":false,"artwork_custom_shipping_delivery_info":"Not specified","artwork_360_view_url":"","artwork_video_url":"","artwork_video_format":[],"artwork_preview_type":"featured_image","artwork_reserved":false,"artwork_hide_price":false,"artwork_about":"<p ><strong><em>Aerial Views, Baltic Lagoons 003<\/em><\/strong>\u00a0est une photographie r\u00e9alis\u00e9e par l\u2019artiste contemporain allemand Bernhard Lang en 2021.\u00a0<\/p><p >Le photographe nous fait survoler les lagunes de stockage des cendres des plus grandes centrales \u00e9lectriques aliment\u00e9es au schiste bitumineux au monde\u00a0:\u00a0Les centrales \u00e9lectriques de Narva, situ\u00e9es dans l'est de l'Estonie, directement \u00e0 la fronti\u00e8re avec la Russie. Pleinement inscrit dans le domaine de l\u2019art contemporain, son travail cherche \u00e0 provoquer une r\u00e9flexion environnementale tout en procurant un plaisir esth\u00e9tique.<\/p><p >L\u2019\u0153il est imm\u00e9diatement s\u00e9duit par ces eaux couleur turquoise, \u00e9vocatrices de lieux paradisiaques souvent synonyme de d\u00e9paysement et d\u2019exotisme. Ces couleurs bleues contrastent avec des couleurs plus fonc\u00e9es qui tirent vers le marron et qui semblent s\u2019\u00e9tendre vers l\u2019eau. Les formes qui \u00e9mergent du d\u00e9versement des eaux us\u00e9es dans l\u2019eau du lagon participent \u00e0 cr\u00e9er des compositions qui, visibles du ciel, sont au centre des \u0153uvres de Bernhard Lang en tant qu\u2019elles tendent vers l\u2019abstraction.<\/p><p >Cependant, au-del\u00e0 du plaisir visuel qu\u2019elles procurent, ces photographies montrent aussi la r\u00e9alit\u00e9 d\u2019un environnement naturel soumis \u00e0 une industrialisation polluante et intensive, et donnent acc\u00e8s \u00e0 un point de vue majoritairement ignor\u00e9.<\/p><p >C\u2019est dans cette ambivalence que se situe toute la force du travail photographique de Bernhard Lang. Depuis 2010, il parcourt le monde \u00e0 la recherche de paysages fortement marqu\u00e9s par l\u2019empreinte de l\u2019homme, qu\u2019il photographie en adoptant un point de vue vertical, depuis un ULM ou un h\u00e9licopt\u00e8re.\u00a0<\/p><p >Les tirages en \u00e9dition limit\u00e9e de cette s\u00e9rie sont disponibles en trois formats, sign\u00e9s et num\u00e9rot\u00e9s par l\u2019artiste. Les prix indiqu\u00e9s s\u2019appliquent au tirage uniquement, non mont\u00e9 et non encadr\u00e9. Pour toutes demandes sp\u00e9cifiques concernant le montage et\/ou l\u2019encadrement, n\u2019h\u00e9sitez pas \u00e0 nous contacter.<\/p>","artwork_series":[1792],"artwork_query_group":"10","artwork_lowest_grid_position":1,"artwork_random_position":6232194,"explicit_sensitive_content":false,"drupal_id":"8510"},"yoast_head":"<!-- This site is optimized with the Yoast SEO Premium plugin v27.3 (Yoast SEO v27.3) - https:\/\/yoast.com\/product\/yoast-seo-premium-wordpress\/ -->\n<title>Artistics | Aerial Views, Baltic Lagoons 003 par Bernhard Lang - Photographie contemporaine<\/title>\n<meta name=\"description\" content=\"Aerial Views, Baltic Lagoons 003 par Bernhard Lang - achat d&#039;\u0153uvres d&#039;art contemporain originales sur la galerie d&#039;art en ligne Artistics.\" \/>\n<meta name=\"robots\" content=\"index, follow, max-snippet:-1, max-image-preview:large, max-video-preview:-1\" \/>\n<link rel=\"canonical\" href=\"https:\/\/artistics.com\/fr\/oeuvre\/aerial-views-baltic-lagoons-003\/\" \/>\n<meta property=\"og:locale\" content=\"fr_FR\" \/>\n<meta property=\"og:type\" content=\"article\" \/>\n<meta property=\"og:title\" content=\"Aerial Views, Baltic Lagoons 003\" \/>\n<meta property=\"og:description\" content=\"Aerial Views, Baltic Lagoons 003 par Bernhard Lang - achat d&#039;\u0153uvres d&#039;art contemporain originales sur la galerie d&#039;art en ligne Artistics.\" \/>\n<meta property=\"og:url\" content=\"https:\/\/artistics.com\/fr\/oeuvre\/aerial-views-baltic-lagoons-003\/\" \/>\n<meta property=\"og:site_name\" content=\"Artistics\" \/>\n<meta property=\"article:publisher\" content=\"https:\/\/www.facebook.com\/ArtisticsMag\" \/>\n<meta property=\"article:modified_time\" content=\"2023-04-22T09:37:55+00:00\" \/>\n<meta property=\"og:image\" content=\"https:\/\/artistics.com\/wp-content\/uploads\/2023\/04\/aerial-views-baltic-lagoons-003-aerial-photography-by-bernhard-lang_0.jpg\" \/>\n\t<meta property=\"og:image:width\" content=\"1250\" \/>\n\t<meta property=\"og:image:height\" content=\"1000\" \/>\n\t<meta property=\"og:image:type\" content=\"image\/jpeg\" \/>\n<meta name=\"twitter:card\" content=\"summary_large_image\" \/>\n<meta name=\"twitter:site\" content=\"@Artistics_FR\" \/>\n<meta name=\"twitter:label1\" content=\"Disponibilit\u00e9\" \/>\n\t<meta name=\"twitter:data1\" content=\"En stock\" \/>\n<script type=\"application\/ld+json\" class=\"yoast-schema-graph\">{\"@context\":\"https:\\\/\\\/schema.org\",\"@graph\":[{\"@type\":[\"WebPage\",\"ItemPage\"],\"@id\":\"https:\\\/\\\/artistics.com\\\/fr\\\/oeuvre\\\/aerial-views-baltic-lagoons-003\\\/\",\"url\":\"https:\\\/\\\/artistics.com\\\/fr\\\/oeuvre\\\/aerial-views-baltic-lagoons-003\\\/\",\"name\":\"Artistics | Aerial Views, Baltic Lagoons 003 par Bernhard Lang - Photographie contemporaine\",\"isPartOf\":{\"@id\":\"https:\\\/\\\/artistics.com\\\/fr\\\/#website\"},\"primaryImageOfPage\":{\"@id\":\"https:\\\/\\\/artistics.com\\\/fr\\\/oeuvre\\\/aerial-views-baltic-lagoons-003\\\/#primaryimage\"},\"image\":{\"@id\":\"https:\\\/\\\/artistics.com\\\/fr\\\/oeuvre\\\/aerial-views-baltic-lagoons-003\\\/#primaryimage\"},\"thumbnailUrl\":\"https:\\\/\\\/artistics.com\\\/wp-content\\\/uploads\\\/2023\\\/04\\\/aerial-views-baltic-lagoons-003-aerial-photography-by-bernhard-lang_0.jpg\",\"datePublished\":\"2021-09-20T12:16:51+00:00\",\"dateModified\":\"2023-04-22T09:37:55+00:00\",\"description\":\"Aerial Views, Baltic Lagoons 003 par Bernhard Lang - achat d'\u0153uvres d'art contemporain originales sur la galerie d'art en ligne Artistics.\",\"breadcrumb\":{\"@id\":\"https:\\\/\\\/artistics.com\\\/fr\\\/oeuvre\\\/aerial-views-baltic-lagoons-003\\\/#breadcrumb\"},\"inLanguage\":\"fr-FR\",\"potentialAction\":[{\"@type\":\"ReadAction\",\"target\":[\"https:\\\/\\\/artistics.com\\\/fr\\\/oeuvre\\\/aerial-views-baltic-lagoons-003\\\/\"]}]},{\"@type\":\"ImageObject\",\"inLanguage\":\"fr-FR\",\"@id\":\"https:\\\/\\\/artistics.com\\\/fr\\\/oeuvre\\\/aerial-views-baltic-lagoons-003\\\/#primaryimage\",\"url\":\"https:\\\/\\\/artistics.com\\\/wp-content\\\/uploads\\\/2023\\\/04\\\/aerial-views-baltic-lagoons-003-aerial-photography-by-bernhard-lang_0.jpg\",\"contentUrl\":\"https:\\\/\\\/artistics.com\\\/wp-content\\\/uploads\\\/2023\\\/04\\\/aerial-views-baltic-lagoons-003-aerial-photography-by-bernhard-lang_0.jpg\",\"width\":1250,\"height\":1000},{\"@type\":\"BreadcrumbList\",\"@id\":\"https:\\\/\\\/artistics.com\\\/fr\\\/oeuvre\\\/aerial-views-baltic-lagoons-003\\\/#breadcrumb\",\"itemListElement\":[{\"@type\":\"ListItem\",\"position\":1,\"name\":\"Achat \u0153uvre d'art\",\"item\":\"https:\\\/\\\/artistics.com\\\/fr\\\/\"},{\"@type\":\"ListItem\",\"position\":2,\"name\":\"Galerie\",\"item\":\"https:\\\/\\\/artistics.com\\\/fr\\\/galerie\\\/\"},{\"@type\":\"ListItem\",\"position\":3,\"name\":\"Photographie contemporaine\",\"item\":\"https:\\\/\\\/artistics.com\\\/fr\\\/categorie-oeuvre\\\/photographie-contemporaine\\\/\"},{\"@type\":\"ListItem\",\"position\":4,\"name\":\"Aerial Views, Baltic Lagoons 003\"}]},{\"@type\":\"WebSite\",\"@id\":\"https:\\\/\\\/artistics.com\\\/fr\\\/#website\",\"url\":\"https:\\\/\\\/artistics.com\\\/fr\\\/\",\"name\":\"Artistics\",\"description\":\"The online art gallery\",\"publisher\":{\"@id\":\"https:\\\/\\\/artistics.com\\\/fr\\\/#organization\"},\"potentialAction\":[{\"@type\":\"SearchAction\",\"target\":{\"@type\":\"EntryPoint\",\"urlTemplate\":\"https:\\\/\\\/artistics.com\\\/fr\\\/?s={search_term_string}\"},\"query-input\":{\"@type\":\"PropertyValueSpecification\",\"valueRequired\":true,\"valueName\":\"search_term_string\"}}],\"inLanguage\":\"fr-FR\"},{\"@type\":\"Organization\",\"@id\":\"https:\\\/\\\/artistics.com\\\/fr\\\/#organization\",\"name\":\"Artistics\",\"url\":\"https:\\\/\\\/artistics.com\\\/fr\\\/\",\"logo\":{\"@type\":\"ImageObject\",\"inLanguage\":\"fr-FR\",\"@id\":\"https:\\\/\\\/artistics.com\\\/fr\\\/#\\\/schema\\\/logo\\\/image\\\/\",\"url\":\"https:\\\/\\\/artistics.com\\\/wp-content\\\/uploads\\\/2023\\\/02\\\/artistics-logo-web-1.svg\",\"contentUrl\":\"https:\\\/\\\/artistics.com\\\/wp-content\\\/uploads\\\/2023\\\/02\\\/artistics-logo-web-1.svg\",\"caption\":\"Artistics\"},\"image\":{\"@id\":\"https:\\\/\\\/artistics.com\\\/fr\\\/#\\\/schema\\\/logo\\\/image\\\/\"},\"sameAs\":[\"https:\\\/\\\/www.facebook.com\\\/ArtisticsMag\",\"https:\\\/\\\/x.com\\\/Artistics_FR\",\"http:\\\/\\\/www.linkedin.com\\\/company\\\/artistics\",\"https:\\\/\\\/www.instagram.com\\\/artistics_com\\\/\",\"http:\\\/\\\/www.pinterest.com\\\/ArtisticsMag\"],\"hasMerchantReturnPolicy\":{\"@type\":\"MerchantReturnPolicy\",\"merchantReturnLink\":\"https:\\\/\\\/artistics.com\\\/free-return-policy\\\/\"}}]}<\/script>\n<meta property=\"og:availability\" content=\"instock\" \/>\n<meta property=\"product:availability\" content=\"instock\" \/>\n<meta property=\"product:retailer_item_id\" content=\"8511\" \/>\n<meta property=\"product:condition\" content=\"new\" \/>\n<!-- \/ Yoast SEO Premium plugin. -->","yoast_head_json":{"title":"Artistics | Aerial Views, Baltic Lagoons 003 par Bernhard Lang - Photographie contemporaine","description":"Aerial Views, Baltic Lagoons 003 par Bernhard Lang - achat d'\u0153uvres d'art contemporain originales sur la galerie d'art en ligne Artistics.","robots":{"index":"index","follow":"follow","max-snippet":"max-snippet:-1","max-image-preview":"max-image-preview:large","max-video-preview":"max-video-preview:-1"},"canonical":"https:\/\/artistics.com\/fr\/oeuvre\/aerial-views-baltic-lagoons-003\/","og_locale":"fr_FR","og_type":"article","og_title":"Aerial Views, Baltic Lagoons 003","og_description":"Aerial Views, Baltic Lagoons 003 par Bernhard Lang - achat d'\u0153uvres d'art contemporain originales sur la galerie d'art en ligne Artistics.","og_url":"https:\/\/artistics.com\/fr\/oeuvre\/aerial-views-baltic-lagoons-003\/","og_site_name":"Artistics","article_publisher":"https:\/\/www.facebook.com\/ArtisticsMag","article_modified_time":"2023-04-22T09:37:55+00:00","og_image":[{"width":1250,"height":1000,"url":"https:\/\/artistics.com\/wp-content\/uploads\/2023\/04\/aerial-views-baltic-lagoons-003-aerial-photography-by-bernhard-lang_0.jpg","type":"image\/jpeg"}],"twitter_card":"summary_large_image","twitter_site":"@Artistics_FR","twitter_misc":{"Disponibilit\u00e9":"En stock"},"schema":{"@context":"https:\/\/schema.org","@graph":[{"@type":["WebPage","ItemPage"],"@id":"https:\/\/artistics.com\/fr\/oeuvre\/aerial-views-baltic-lagoons-003\/","url":"https:\/\/artistics.com\/fr\/oeuvre\/aerial-views-baltic-lagoons-003\/","name":"Artistics | Aerial Views, Baltic Lagoons 003 par Bernhard Lang - Photographie contemporaine","isPartOf":{"@id":"https:\/\/artistics.com\/fr\/#website"},"primaryImageOfPage":{"@id":"https:\/\/artistics.com\/fr\/oeuvre\/aerial-views-baltic-lagoons-003\/#primaryimage"},"image":{"@id":"https:\/\/artistics.com\/fr\/oeuvre\/aerial-views-baltic-lagoons-003\/#primaryimage"},"thumbnailUrl":"https:\/\/artistics.com\/wp-content\/uploads\/2023\/04\/aerial-views-baltic-lagoons-003-aerial-photography-by-bernhard-lang_0.jpg","datePublished":"2021-09-20T12:16:51+00:00","dateModified":"2023-04-22T09:37:55+00:00","description":"Aerial Views, Baltic Lagoons 003 par Bernhard Lang - achat d'\u0153uvres d'art contemporain originales sur la galerie d'art en ligne Artistics.","breadcrumb":{"@id":"https:\/\/artistics.com\/fr\/oeuvre\/aerial-views-baltic-lagoons-003\/#breadcrumb"},"inLanguage":"fr-FR","potentialAction":[{"@type":"ReadAction","target":["https:\/\/artistics.com\/fr\/oeuvre\/aerial-views-baltic-lagoons-003\/"]}]},{"@type":"ImageObject","inLanguage":"fr-FR","@id":"https:\/\/artistics.com\/fr\/oeuvre\/aerial-views-baltic-lagoons-003\/#primaryimage","url":"https:\/\/artistics.com\/wp-content\/uploads\/2023\/04\/aerial-views-baltic-lagoons-003-aerial-photography-by-bernhard-lang_0.jpg","contentUrl":"https:\/\/artistics.com\/wp-content\/uploads\/2023\/04\/aerial-views-baltic-lagoons-003-aerial-photography-by-bernhard-lang_0.jpg","width":1250,"height":1000},{"@type":"BreadcrumbList","@id":"https:\/\/artistics.com\/fr\/oeuvre\/aerial-views-baltic-lagoons-003\/#breadcrumb","itemListElement":[{"@type":"ListItem","position":1,"name":"Achat \u0153uvre d'art","item":"https:\/\/artistics.com\/fr\/"},{"@type":"ListItem","position":2,"name":"Galerie","item":"https:\/\/artistics.com\/fr\/galerie\/"},{"@type":"ListItem","position":3,"name":"Photographie contemporaine","item":"https:\/\/artistics.com\/fr\/categorie-oeuvre\/photographie-contemporaine\/"},{"@type":"ListItem","position":4,"name":"Aerial Views, Baltic Lagoons 003"}]},{"@type":"WebSite","@id":"https:\/\/artistics.com\/fr\/#website","url":"https:\/\/artistics.com\/fr\/","name":"Artistics","description":"The online art gallery","publisher":{"@id":"https:\/\/artistics.com\/fr\/#organization"},"potentialAction":[{"@type":"SearchAction","target":{"@type":"EntryPoint","urlTemplate":"https:\/\/artistics.com\/fr\/?s={search_term_string}"},"query-input":{"@type":"PropertyValueSpecification","valueRequired":true,"valueName":"search_term_string"}}],"inLanguage":"fr-FR"},{"@type":"Organization","@id":"https:\/\/artistics.com\/fr\/#organization","name":"Artistics","url":"https:\/\/artistics.com\/fr\/","logo":{"@type":"ImageObject","inLanguage":"fr-FR","@id":"https:\/\/artistics.com\/fr\/#\/schema\/logo\/image\/","url":"https:\/\/artistics.com\/wp-content\/uploads\/2023\/02\/artistics-logo-web-1.svg","contentUrl":"https:\/\/artistics.com\/wp-content\/uploads\/2023\/02\/artistics-logo-web-1.svg","caption":"Artistics"},"image":{"@id":"https:\/\/artistics.com\/fr\/#\/schema\/logo\/image\/"},"sameAs":["https:\/\/www.facebook.com\/ArtisticsMag","https:\/\/x.com\/Artistics_FR","http:\/\/www.linkedin.com\/company\/artistics","https:\/\/www.instagram.com\/artistics_com\/","http:\/\/www.pinterest.com\/ArtisticsMag"],"hasMerchantReturnPolicy":{"@type":"MerchantReturnPolicy","merchantReturnLink":"https:\/\/artistics.com\/free-return-policy\/"}}]},"og_availability":"instock","product_availability":"instock","product_retailer_item_id":"8511","product_condition":"new"},"_links":{"self":[{"href":"https:\/\/artistics.com\/fr\/wp-json\/wp\/v2\/product\/29002","targetHints":{"allow":["GET"]}}],"collection":[{"href":"https:\/\/artistics.com\/fr\/wp-json\/wp\/v2\/product"}],"about":[{"href":"https:\/\/artistics.com\/fr\/wp-json\/wp\/v2\/types\/product"}],"acf:term":[{"embeddable":true,"taxonomy":"series","href":"https:\/\/artistics.com\/fr\/wp-json\/wp\/v2\/series\/1792"},{"embeddable":true,"taxonomy":"product_cat","href":"https:\/\/artistics.com\/fr\/wp-json\/wp\/v2\/product_cat\/237"},{"embeddable":true,"taxonomy":"product_cat","href":"https:\/\/artistics.com\/fr\/wp-json\/wp\/v2\/product_cat\/215"},{"embeddable":true,"taxonomy":"product_cat","href":"https:\/\/artistics.com\/fr\/wp-json\/wp\/v2\/product_cat\/216"},{"embeddable":true,"taxonomy":"product_cat","href":"https:\/\/artistics.com\/fr\/wp-json\/wp\/v2\/product_cat\/410"},{"embeddable":true,"taxonomy":"product_cat","href":"https:\/\/artistics.com\/fr\/wp-json\/wp\/v2\/product_cat\/194"},{"embeddable":true,"taxonomy":"product_cat","href":"https:\/\/artistics.com\/fr\/wp-json\/wp\/v2\/product_cat\/428"},{"embeddable":true,"taxonomy":"product_cat","href":"https:\/\/artistics.com\/fr\/wp-json\/wp\/v2\/product_cat\/202"},{"embeddable":true,"taxonomy":"product_cat","href":"https:\/\/artistics.com\/fr\/wp-json\/wp\/v2\/product_cat\/198"},{"embeddable":true,"taxonomy":"product_cat","href":"https:\/\/artistics.com\/fr\/wp-json\/wp\/v2\/product_cat\/163"}],"acf:post":[{"embeddable":true,"href":"https:\/\/artistics.com\/fr\/wp-json\/wp\/v2\/artist\/2780"}],"wp:featuredmedia":[{"embeddable":true,"href":"https:\/\/artistics.com\/fr\/wp-json\/wp\/v2\/media\/26936"}],"wp:attachment":[{"href":"https:\/\/artistics.com\/fr\/wp-json\/wp\/v2\/media?parent=29002"}],"wp:term":[{"taxonomy":"product_cat","embeddable":true,"href":"https:\/\/artistics.com\/fr\/wp-json\/wp\/v2\/product_cat?post=29002"},{"taxonomy":"product_tag","embeddable":true,"href":"https:\/\/artistics.com\/fr\/wp-json\/wp\/v2\/product_tag?post=29002"},{"taxonomy":"series","embeddable":true,"href":"https:\/\/artistics.com\/fr\/wp-json\/wp\/v2\/series?post=29002"}],"curies":[{"name":"wp","href":"https:\/\/api.w.org\/{rel}","templated":true}]}}