{"id":28788,"date":"2019-05-07T17:00:35","date_gmt":"2019-05-07T15:00:35","guid":{"rendered":"https:\/\/2022.devartistics.com\/artwork\/afar-xvii-serie-afar\/"},"modified":"2023-04-22T11:34:02","modified_gmt":"2023-04-22T09:34:02","slug":"afar-xvii-serie-afar","status":"publish","type":"product","link":"https:\/\/artistics.com\/fr\/oeuvre\/afar-xvii-serie-afar\/","title":{"rendered":"Afar XVII, S\u00e9rie Afar"},"content":{"rendered":"","protected":false},"excerpt":{"rendered":"","protected":false},"featured_media":33917,"template":"","meta":{"_acf_changed":false,"_searchwp_excluded":"","inline_featured_image":false},"product_cat":[428,410,163,189,194,202,215,216,237],"product_tag":[574],"series":[1931],"class_list":{"0":"post-28788","1":"product","2":"type-product","3":"status-publish","4":"has-post-thumbnail","6":"product_cat-couleurs-neutres","7":"product_cat-photographie-abstraite","8":"product_cat-photographie-contemporaine","9":"product_cat-art-abstrait","10":"product_cat-nature-et-paysage","11":"product_cat-photographie-nature-et-paysage","12":"product_cat-grand","13":"product_cat-moyen","14":"product_cat-moins-de-1000-e","15":"product_tag-diptyque","16":"series-luca-marziale-afar-fr","18":"first","19":"instock","20":"shipping-taxable","21":"purchasable","22":"product-type-variable","23":"has-default-attributes"},"acf":{"artwork_artist":2791,"artwork_medium":163,"artwork_categories":[202],"artwork_overall-tones":[428],"artwork_main-material":[],"artwork_art-genre":[194],"artwork_art-movement":[410,189],"artwork_miscellaneous":[],"artwork_formats":[215,216],"artwork_price-ranges":[237],"artwork_main_subject":[],"artwork_technique":[],"artwork_featured_location":[],"artwork_dominant_color":[],"artwork_physical_attributes":[574],"artwork_creation_date":"20170101","artwork_unique_piece":false,"artwork_description":"Tirage \u00e0 d\u00e9veloppement chromog\u00e8ne","artwork_signature":"Signed artwork","artwork_authenticity":"The artwork is sold with a certificate of authenticity signed by the artist.","artwork_framing":"unframed","artwork_has_custom_framing_info":false,"artwork_custom_framing_info":"Not specified","artwork_location_country":"GB","artwork_location_city":"London","artwork_location_zipcode":"E28DL","artwork_shipment_type":"2D_rolled_artwork","artwork_shipping_delivery":"photography_production_time","artwork_has_custom_shipping_delivery_info":false,"artwork_custom_shipping_delivery_info":"Not specified","artwork_360_view_url":"","artwork_video_url":"","artwork_video_format":[],"artwork_preview_type":"featured_image","artwork_reserved":false,"artwork_hide_price":false,"artwork_about":"<p ><em><strong>Afar XVII<\/strong><\/em>\u00a0est un diptyque issu de la s\u00e9rie Afar du photographe contemporain Luca Marziale.<\/p><p >Dans son travail Luca Marziale s\u2019interroge sur l\u2019id\u00e9e et la d\u00e9finition du paysage. L\u2019artiste montre des micro-paysages abstraits, focalisant son attention sur les d\u00e9tails inaper\u00e7us de la nature qui l\u2019entoure et sur les microorganismes trouv\u00e9s dans les environnements extr\u00eames.\u00a0<\/p><p >Afar est une s\u00e9rie photographi\u00e9e dans la r\u00e9gion nord de l\u2019Ethiopie, un des lieux les plus chauds de la Terre, o\u00f9 les temp\u00e9ratures peuvent grimper jusqu\u2019\u00e0 65 C\u00b0. A cause des conditions climatiques et politiques, la production de cette s\u00e9rie a demand\u00e9 une \u00e9quipe sp\u00e9cialis\u00e9e qui a voyag\u00e9 avec l\u2019artiste : un chef, parce que l\u2019acc\u00e8s \u00e0 l\u2019eau fra\u00eeche et \u00e0 la nourriture \u00e9tait limit\u00e9, un traducteur, pour le relationnel avec les tribus locales, et une assistance militaire.<\/p><p >Dans cet environnement extr\u00eame, une de plus anciennes bact\u00e9ries du monde prolif\u00e8re : les thermophiles, qui ont 3 milliards d\u2019ann\u00e9es. Les thermophiles continuent de fasciner les scientifiques ; certains pensent qu\u2019elles auraient contribu\u00e9 au d\u00e9veloppement des formes de vie plus complexes sur la Terre. Dans les images il n\u2019y a pas un point de r\u00e9f\u00e9rence ni une \u00e9chelle claire avec laquelle les thermophiles seraient en relation : la perception des observateurs devient abstraite. Les couleurs satur\u00e9es, qui cr\u00e9ent un environnement surr\u00e9el, ont profond\u00e9ment fascin\u00e9 l\u2019artiste.\u00a0<\/p><p >Dimensions de l\u2019\u0153uvre : 76,2 x 152,4 ou 114,3 x 228,6 cm<\/p><p >Dimensions de chaque photographie : 76,2 x 76,2 ou 114,3 x 114,3 cm<\/p><p>Le prix indiqu\u00e9 correspond au tirage seul, vendu non mont\u00e9 et non encadr\u00e9.\u00a0Pour toute demande particuli\u00e8re concernant le montage ou l'encadrement, merci de nous contacter.<\/p>","artwork_series":[1931],"artwork_query_group":"20","artwork_lowest_grid_position":1,"artwork_random_position":6335410,"explicit_sensitive_content":false,"drupal_id":"6177"},"yoast_head":"<!-- This site is optimized with the Yoast SEO Premium plugin v27.3 (Yoast SEO v27.3) - https:\/\/yoast.com\/product\/yoast-seo-premium-wordpress\/ -->\n<title>Artistics | Afar XVII, S\u00e9rie Afar par Luca Marziale - Photographie contemporaine<\/title>\n<meta name=\"description\" content=\"Afar XVII, S\u00e9rie Afar par Luca Marziale - achat d&#039;\u0153uvres d&#039;art contemporain originales sur la galerie d&#039;art en ligne Artistics.\" \/>\n<meta name=\"robots\" content=\"index, follow, max-snippet:-1, max-image-preview:large, max-video-preview:-1\" \/>\n<link rel=\"canonical\" href=\"https:\/\/artistics.com\/fr\/oeuvre\/afar-xvii-serie-afar\/\" \/>\n<meta property=\"og:locale\" content=\"fr_FR\" \/>\n<meta property=\"og:type\" content=\"article\" \/>\n<meta property=\"og:title\" content=\"Afar XVII, S\u00e9rie Afar\" \/>\n<meta property=\"og:description\" content=\"Afar XVII, S\u00e9rie Afar par Luca Marziale - achat d&#039;\u0153uvres d&#039;art contemporain originales sur la galerie d&#039;art en ligne Artistics.\" \/>\n<meta property=\"og:url\" content=\"https:\/\/artistics.com\/fr\/oeuvre\/afar-xvii-serie-afar\/\" \/>\n<meta property=\"og:site_name\" content=\"Artistics\" \/>\n<meta property=\"article:publisher\" content=\"https:\/\/www.facebook.com\/ArtisticsMag\" \/>\n<meta property=\"article:modified_time\" content=\"2023-04-22T09:34:02+00:00\" \/>\n<meta property=\"og:image\" content=\"https:\/\/artistics.com\/wp-content\/uploads\/2023\/04\/afar-xvii-afar-by-luca-marziale.jpg\" \/>\n\t<meta property=\"og:image:width\" content=\"1559\" \/>\n\t<meta property=\"og:image:height\" content=\"772\" \/>\n\t<meta property=\"og:image:type\" content=\"image\/jpeg\" \/>\n<meta name=\"twitter:card\" content=\"summary_large_image\" \/>\n<meta name=\"twitter:site\" content=\"@Artistics_FR\" \/>\n<meta name=\"twitter:label1\" content=\"Disponibilit\u00e9\" \/>\n\t<meta name=\"twitter:data1\" content=\"En stock\" \/>\n<script type=\"application\/ld+json\" class=\"yoast-schema-graph\">{\"@context\":\"https:\\\/\\\/schema.org\",\"@graph\":[{\"@type\":[\"WebPage\",\"ItemPage\"],\"@id\":\"https:\\\/\\\/artistics.com\\\/fr\\\/oeuvre\\\/afar-xvii-serie-afar\\\/\",\"url\":\"https:\\\/\\\/artistics.com\\\/fr\\\/oeuvre\\\/afar-xvii-serie-afar\\\/\",\"name\":\"Artistics | Afar XVII, S\u00e9rie Afar par Luca Marziale - Photographie contemporaine\",\"isPartOf\":{\"@id\":\"https:\\\/\\\/artistics.com\\\/fr\\\/#website\"},\"primaryImageOfPage\":{\"@id\":\"https:\\\/\\\/artistics.com\\\/fr\\\/oeuvre\\\/afar-xvii-serie-afar\\\/#primaryimage\"},\"image\":{\"@id\":\"https:\\\/\\\/artistics.com\\\/fr\\\/oeuvre\\\/afar-xvii-serie-afar\\\/#primaryimage\"},\"thumbnailUrl\":\"https:\\\/\\\/artistics.com\\\/wp-content\\\/uploads\\\/2023\\\/05\\\/afar-xvii-afar-by-luca-marziale-3-1.jpg\",\"datePublished\":\"2019-05-07T15:00:35+00:00\",\"dateModified\":\"2023-04-22T09:34:02+00:00\",\"description\":\"Afar XVII, S\u00e9rie Afar par Luca Marziale - achat d'\u0153uvres d'art contemporain originales sur la galerie d'art en ligne Artistics.\",\"breadcrumb\":{\"@id\":\"https:\\\/\\\/artistics.com\\\/fr\\\/oeuvre\\\/afar-xvii-serie-afar\\\/#breadcrumb\"},\"inLanguage\":\"fr-FR\",\"potentialAction\":[{\"@type\":\"ReadAction\",\"target\":[\"https:\\\/\\\/artistics.com\\\/fr\\\/oeuvre\\\/afar-xvii-serie-afar\\\/\"]}]},{\"@type\":\"ImageObject\",\"inLanguage\":\"fr-FR\",\"@id\":\"https:\\\/\\\/artistics.com\\\/fr\\\/oeuvre\\\/afar-xvii-serie-afar\\\/#primaryimage\",\"url\":\"https:\\\/\\\/artistics.com\\\/wp-content\\\/uploads\\\/2023\\\/05\\\/afar-xvii-afar-by-luca-marziale-3-1.jpg\",\"contentUrl\":\"https:\\\/\\\/artistics.com\\\/wp-content\\\/uploads\\\/2023\\\/05\\\/afar-xvii-afar-by-luca-marziale-3-1.jpg\",\"width\":2560,\"height\":1267},{\"@type\":\"BreadcrumbList\",\"@id\":\"https:\\\/\\\/artistics.com\\\/fr\\\/oeuvre\\\/afar-xvii-serie-afar\\\/#breadcrumb\",\"itemListElement\":[{\"@type\":\"ListItem\",\"position\":1,\"name\":\"Achat \u0153uvre d'art\",\"item\":\"https:\\\/\\\/artistics.com\\\/fr\\\/\"},{\"@type\":\"ListItem\",\"position\":2,\"name\":\"Galerie\",\"item\":\"https:\\\/\\\/artistics.com\\\/fr\\\/galerie\\\/\"},{\"@type\":\"ListItem\",\"position\":3,\"name\":\"Photographie contemporaine\",\"item\":\"https:\\\/\\\/artistics.com\\\/fr\\\/categorie-oeuvre\\\/photographie-contemporaine\\\/\"},{\"@type\":\"ListItem\",\"position\":4,\"name\":\"Afar XVII, S\u00e9rie Afar\"}]},{\"@type\":\"WebSite\",\"@id\":\"https:\\\/\\\/artistics.com\\\/fr\\\/#website\",\"url\":\"https:\\\/\\\/artistics.com\\\/fr\\\/\",\"name\":\"Artistics\",\"description\":\"The online art gallery\",\"publisher\":{\"@id\":\"https:\\\/\\\/artistics.com\\\/fr\\\/#organization\"},\"potentialAction\":[{\"@type\":\"SearchAction\",\"target\":{\"@type\":\"EntryPoint\",\"urlTemplate\":\"https:\\\/\\\/artistics.com\\\/fr\\\/?s={search_term_string}\"},\"query-input\":{\"@type\":\"PropertyValueSpecification\",\"valueRequired\":true,\"valueName\":\"search_term_string\"}}],\"inLanguage\":\"fr-FR\"},{\"@type\":\"Organization\",\"@id\":\"https:\\\/\\\/artistics.com\\\/fr\\\/#organization\",\"name\":\"Artistics\",\"url\":\"https:\\\/\\\/artistics.com\\\/fr\\\/\",\"logo\":{\"@type\":\"ImageObject\",\"inLanguage\":\"fr-FR\",\"@id\":\"https:\\\/\\\/artistics.com\\\/fr\\\/#\\\/schema\\\/logo\\\/image\\\/\",\"url\":\"https:\\\/\\\/artistics.com\\\/wp-content\\\/uploads\\\/2023\\\/02\\\/artistics-logo-web-1.svg\",\"contentUrl\":\"https:\\\/\\\/artistics.com\\\/wp-content\\\/uploads\\\/2023\\\/02\\\/artistics-logo-web-1.svg\",\"caption\":\"Artistics\"},\"image\":{\"@id\":\"https:\\\/\\\/artistics.com\\\/fr\\\/#\\\/schema\\\/logo\\\/image\\\/\"},\"sameAs\":[\"https:\\\/\\\/www.facebook.com\\\/ArtisticsMag\",\"https:\\\/\\\/x.com\\\/Artistics_FR\",\"http:\\\/\\\/www.linkedin.com\\\/company\\\/artistics\",\"https:\\\/\\\/www.instagram.com\\\/artistics_com\\\/\",\"http:\\\/\\\/www.pinterest.com\\\/ArtisticsMag\"],\"hasMerchantReturnPolicy\":{\"@type\":\"MerchantReturnPolicy\",\"merchantReturnLink\":\"https:\\\/\\\/artistics.com\\\/free-return-policy\\\/\"}}]}<\/script>\n<meta property=\"og:availability\" content=\"instock\" \/>\n<meta property=\"product:availability\" content=\"instock\" \/>\n<meta property=\"product:retailer_item_id\" content=\"6178\" \/>\n<meta property=\"product:condition\" content=\"new\" \/>\n<!-- \/ Yoast SEO Premium plugin. -->","yoast_head_json":{"title":"Artistics | Afar XVII, S\u00e9rie Afar par Luca Marziale - Photographie contemporaine","description":"Afar XVII, S\u00e9rie Afar par Luca Marziale - achat d'\u0153uvres d'art contemporain originales sur la galerie d'art en ligne Artistics.","robots":{"index":"index","follow":"follow","max-snippet":"max-snippet:-1","max-image-preview":"max-image-preview:large","max-video-preview":"max-video-preview:-1"},"canonical":"https:\/\/artistics.com\/fr\/oeuvre\/afar-xvii-serie-afar\/","og_locale":"fr_FR","og_type":"article","og_title":"Afar XVII, S\u00e9rie Afar","og_description":"Afar XVII, S\u00e9rie Afar par Luca Marziale - achat d'\u0153uvres d'art contemporain originales sur la galerie d'art en ligne Artistics.","og_url":"https:\/\/artistics.com\/fr\/oeuvre\/afar-xvii-serie-afar\/","og_site_name":"Artistics","article_publisher":"https:\/\/www.facebook.com\/ArtisticsMag","article_modified_time":"2023-04-22T09:34:02+00:00","og_image":[{"width":1559,"height":772,"url":"https:\/\/artistics.com\/wp-content\/uploads\/2023\/04\/afar-xvii-afar-by-luca-marziale.jpg","type":"image\/jpeg"}],"twitter_card":"summary_large_image","twitter_site":"@Artistics_FR","twitter_misc":{"Disponibilit\u00e9":"En stock"},"schema":{"@context":"https:\/\/schema.org","@graph":[{"@type":["WebPage","ItemPage"],"@id":"https:\/\/artistics.com\/fr\/oeuvre\/afar-xvii-serie-afar\/","url":"https:\/\/artistics.com\/fr\/oeuvre\/afar-xvii-serie-afar\/","name":"Artistics | Afar XVII, S\u00e9rie Afar par Luca Marziale - Photographie contemporaine","isPartOf":{"@id":"https:\/\/artistics.com\/fr\/#website"},"primaryImageOfPage":{"@id":"https:\/\/artistics.com\/fr\/oeuvre\/afar-xvii-serie-afar\/#primaryimage"},"image":{"@id":"https:\/\/artistics.com\/fr\/oeuvre\/afar-xvii-serie-afar\/#primaryimage"},"thumbnailUrl":"https:\/\/artistics.com\/wp-content\/uploads\/2023\/05\/afar-xvii-afar-by-luca-marziale-3-1.jpg","datePublished":"2019-05-07T15:00:35+00:00","dateModified":"2023-04-22T09:34:02+00:00","description":"Afar XVII, S\u00e9rie Afar par Luca Marziale - achat d'\u0153uvres d'art contemporain originales sur la galerie d'art en ligne Artistics.","breadcrumb":{"@id":"https:\/\/artistics.com\/fr\/oeuvre\/afar-xvii-serie-afar\/#breadcrumb"},"inLanguage":"fr-FR","potentialAction":[{"@type":"ReadAction","target":["https:\/\/artistics.com\/fr\/oeuvre\/afar-xvii-serie-afar\/"]}]},{"@type":"ImageObject","inLanguage":"fr-FR","@id":"https:\/\/artistics.com\/fr\/oeuvre\/afar-xvii-serie-afar\/#primaryimage","url":"https:\/\/artistics.com\/wp-content\/uploads\/2023\/05\/afar-xvii-afar-by-luca-marziale-3-1.jpg","contentUrl":"https:\/\/artistics.com\/wp-content\/uploads\/2023\/05\/afar-xvii-afar-by-luca-marziale-3-1.jpg","width":2560,"height":1267},{"@type":"BreadcrumbList","@id":"https:\/\/artistics.com\/fr\/oeuvre\/afar-xvii-serie-afar\/#breadcrumb","itemListElement":[{"@type":"ListItem","position":1,"name":"Achat \u0153uvre d'art","item":"https:\/\/artistics.com\/fr\/"},{"@type":"ListItem","position":2,"name":"Galerie","item":"https:\/\/artistics.com\/fr\/galerie\/"},{"@type":"ListItem","position":3,"name":"Photographie contemporaine","item":"https:\/\/artistics.com\/fr\/categorie-oeuvre\/photographie-contemporaine\/"},{"@type":"ListItem","position":4,"name":"Afar XVII, S\u00e9rie Afar"}]},{"@type":"WebSite","@id":"https:\/\/artistics.com\/fr\/#website","url":"https:\/\/artistics.com\/fr\/","name":"Artistics","description":"The online art gallery","publisher":{"@id":"https:\/\/artistics.com\/fr\/#organization"},"potentialAction":[{"@type":"SearchAction","target":{"@type":"EntryPoint","urlTemplate":"https:\/\/artistics.com\/fr\/?s={search_term_string}"},"query-input":{"@type":"PropertyValueSpecification","valueRequired":true,"valueName":"search_term_string"}}],"inLanguage":"fr-FR"},{"@type":"Organization","@id":"https:\/\/artistics.com\/fr\/#organization","name":"Artistics","url":"https:\/\/artistics.com\/fr\/","logo":{"@type":"ImageObject","inLanguage":"fr-FR","@id":"https:\/\/artistics.com\/fr\/#\/schema\/logo\/image\/","url":"https:\/\/artistics.com\/wp-content\/uploads\/2023\/02\/artistics-logo-web-1.svg","contentUrl":"https:\/\/artistics.com\/wp-content\/uploads\/2023\/02\/artistics-logo-web-1.svg","caption":"Artistics"},"image":{"@id":"https:\/\/artistics.com\/fr\/#\/schema\/logo\/image\/"},"sameAs":["https:\/\/www.facebook.com\/ArtisticsMag","https:\/\/x.com\/Artistics_FR","http:\/\/www.linkedin.com\/company\/artistics","https:\/\/www.instagram.com\/artistics_com\/","http:\/\/www.pinterest.com\/ArtisticsMag"],"hasMerchantReturnPolicy":{"@type":"MerchantReturnPolicy","merchantReturnLink":"https:\/\/artistics.com\/free-return-policy\/"}}]},"og_availability":"instock","product_availability":"instock","product_retailer_item_id":"6178","product_condition":"new"},"_links":{"self":[{"href":"https:\/\/artistics.com\/fr\/wp-json\/wp\/v2\/product\/28788","targetHints":{"allow":["GET"]}}],"collection":[{"href":"https:\/\/artistics.com\/fr\/wp-json\/wp\/v2\/product"}],"about":[{"href":"https:\/\/artistics.com\/fr\/wp-json\/wp\/v2\/types\/product"}],"acf:term":[{"embeddable":true,"taxonomy":"series","href":"https:\/\/artistics.com\/fr\/wp-json\/wp\/v2\/series\/1931"},{"embeddable":true,"taxonomy":"product_tag","href":"https:\/\/artistics.com\/fr\/wp-json\/wp\/v2\/product_tag\/574"},{"embeddable":true,"taxonomy":"product_cat","href":"https:\/\/artistics.com\/fr\/wp-json\/wp\/v2\/product_cat\/237"},{"embeddable":true,"taxonomy":"product_cat","href":"https:\/\/artistics.com\/fr\/wp-json\/wp\/v2\/product_cat\/216"},{"embeddable":true,"taxonomy":"product_cat","href":"https:\/\/artistics.com\/fr\/wp-json\/wp\/v2\/product_cat\/215"},{"embeddable":true,"taxonomy":"product_cat","href":"https:\/\/artistics.com\/fr\/wp-json\/wp\/v2\/product_cat\/189"},{"embeddable":true,"taxonomy":"product_cat","href":"https:\/\/artistics.com\/fr\/wp-json\/wp\/v2\/product_cat\/410"},{"embeddable":true,"taxonomy":"product_cat","href":"https:\/\/artistics.com\/fr\/wp-json\/wp\/v2\/product_cat\/194"},{"embeddable":true,"taxonomy":"product_cat","href":"https:\/\/artistics.com\/fr\/wp-json\/wp\/v2\/product_cat\/428"},{"embeddable":true,"taxonomy":"product_cat","href":"https:\/\/artistics.com\/fr\/wp-json\/wp\/v2\/product_cat\/202"},{"embeddable":true,"taxonomy":"product_cat","href":"https:\/\/artistics.com\/fr\/wp-json\/wp\/v2\/product_cat\/163"}],"acf:post":[{"embeddable":true,"href":"https:\/\/artistics.com\/fr\/wp-json\/wp\/v2\/artist\/2791"}],"wp:featuredmedia":[{"embeddable":true,"href":"https:\/\/artistics.com\/fr\/wp-json\/wp\/v2\/media\/33917"}],"wp:attachment":[{"href":"https:\/\/artistics.com\/fr\/wp-json\/wp\/v2\/media?parent=28788"}],"wp:term":[{"taxonomy":"product_cat","embeddable":true,"href":"https:\/\/artistics.com\/fr\/wp-json\/wp\/v2\/product_cat?post=28788"},{"taxonomy":"product_tag","embeddable":true,"href":"https:\/\/artistics.com\/fr\/wp-json\/wp\/v2\/product_tag?post=28788"},{"taxonomy":"series","embeddable":true,"href":"https:\/\/artistics.com\/fr\/wp-json\/wp\/v2\/series?post=28788"}],"curies":[{"name":"wp","href":"https:\/\/api.w.org\/{rel}","templated":true}]}}