{"id":28713,"date":"2019-02-05T16:51:23","date_gmt":"2019-02-05T15:51:23","guid":{"rendered":"https:\/\/2022.devartistics.com\/artwork\/aerial-views-solar-plants-010\/"},"modified":"2023-04-22T11:32:37","modified_gmt":"2023-04-22T09:32:37","slug":"aerial-views-solar-plants-010","status":"publish","type":"product","link":"https:\/\/artistics.com\/fr\/oeuvre\/aerial-views-solar-plants-010\/","title":{"rendered":"Aerial Views, Solar Plants 010"},"content":{"rendered":"","protected":false},"excerpt":{"rendered":"","protected":false},"featured_media":26315,"template":"","meta":{"_acf_changed":false,"_searchwp_excluded":"","inline_featured_image":false},"product_cat":[193,215,237,216,194,163,202,198],"product_tag":[563],"series":[1803],"class_list":{"0":"post-28713","1":"product","2":"type-product","3":"status-publish","4":"has-post-thumbnail","6":"product_cat-geometrique","7":"product_cat-grand","8":"product_cat-moins-de-1000-e","9":"product_cat-moyen","10":"product_cat-nature-et-paysage","11":"product_cat-photographie-contemporaine","12":"product_cat-photographie-nature-et-paysage","13":"product_cat-vues-aeriennes","14":"product_tag-bleu","15":"series-bernhard-lang-solar-power-plants-fr","17":"first","18":"instock","19":"taxable","20":"shipping-taxable","21":"purchasable","22":"product-type-variable","23":"has-default-attributes"},"acf":{"artwork_artist":2780,"artwork_medium":163,"artwork_categories":[198,202],"artwork_overall-tones":[],"artwork_main-material":[],"artwork_art-genre":[194],"artwork_art-movement":[],"artwork_miscellaneous":[193],"artwork_formats":[216,215,216],"artwork_price-ranges":[237],"artwork_main_subject":[],"artwork_technique":[],"artwork_featured_location":[],"artwork_dominant_color":[563],"artwork_physical_attributes":[],"artwork_creation_date":"20180101","artwork_unique_piece":false,"artwork_description":"Tirage d'art sur papier Hahnem\u00fchle","artwork_signature":"Signed artwork","artwork_authenticity":"The artwork is sold with a certificate of authenticity signed by the artist.","artwork_framing":"unframed","artwork_has_custom_framing_info":false,"artwork_custom_framing_info":"Not specified","artwork_location_country":"EE","artwork_location_city":"Tallin","artwork_location_zipcode":"12616","artwork_shipment_type":"2D_rolled_artwork","artwork_shipping_delivery":"photography_production_time","artwork_has_custom_shipping_delivery_info":false,"artwork_custom_shipping_delivery_info":"Not specified","artwork_360_view_url":"","artwork_video_url":"","artwork_video_format":[],"artwork_preview_type":"featured_image","artwork_reserved":false,"artwork_hide_price":false,"artwork_about":"<p ><em><strong>Aerial Views, Solar Plants 010<\/strong><\/em>\u00a0est une photographie de l\u2019artiste contemporain allemand Bernhard Lang. Elle fait partie de la s\u00e9rie Solar Power Plants produite en 2018.\u00a0<\/p><p >Le photographe est engag\u00e9 dans des causes relatives \u00e0 l\u2019impact de l\u2019Homme sur son environnement d\u2019un point de vue \u00e9cologique, mais \u00e9galement visuel. Pour cette s\u00e9rie, il choisi le th\u00e8me de l\u2019\u00e9nergie renouvelable. Les installations d\u2019\u00e9nergie solaire photovolta\u00efque qu\u2019il photographie sont situ\u00e9es aux USA et g\u00e9n\u00e8rent de l\u2019\u00e9nergie en concentrant les rayons du soleil \u00e0 l\u2019aide de miroirs H\u00e9liostat situ\u00e9s sur des tours centralis\u00e9es.\u00a0<\/p><p >L\u2019artiste s\u2019int\u00e9resse \u00e0 l\u2019aspect visuel autant qu\u2019\u00e0 l\u2019objectif \u00e9cologique de ces installations photovolta\u00efques. D\u2019une part, il consid\u00e8re cette technologie comme un effort important pour lutter contre le r\u00e9chauffement climatique. D\u2019autre part, il souhaite montrer le contraste fort entre le design technique des installations photovolta\u00efques et le paysage d\u00e9sertique qui les entoure. Les images v\u00e9hiculent en effet une atmosph\u00e8re plut\u00f4t futuriste, presque comme si elles \u00e9taient tout droit sorties d\u2019un film de science fiction.\u00a0<\/p><p >La r\u00e9elle force du travail de Bernhard Lang r\u00e9side dans l\u2019ambivalence entre les th\u00e8mes des photographies et leur r\u00e9sultat esth\u00e9tique et visuel. Depuis 2010, l\u2019artiste a r\u00e9guli\u00e8rement voyag\u00e9 autour du monde \u00e0 la recherche de paysages tr\u00e8s marqu\u00e9s par l\u2019humain, qu\u2019il photographie d\u2019un point de vue a\u00e9rien, \u00e0 bord d\u2019un avion ultral\u00e9ger ou d\u2019un h\u00e9licopt\u00e8re.\u00a0<\/p><p >Les tirages en \u00e9dition limit\u00e9e de cette s\u00e9rie sont disponibles en trois formats, sign\u00e9s et num\u00e9rot\u00e9s par l\u2019artiste.\u00a0<\/p><p >- 80 cm x 60 cm - \u00e9dition de 10\u00a0<\/p><p >- 120 cm x 90 cm - \u00e9dition de 7\u00a0<\/p><p >- 150 cm x 112 cm - \u00e9dition de 5<\/p><p >Les prix indiqu\u00e9s s\u2019appliquent au tirage uniquement, non mont\u00e9 et non encadr\u00e9. Pour toutes demandes sp\u00e9cifiques concernant le montage et\/ou l\u2019encadrement, n\u2019h\u00e9sitez pas \u00e0 nous contacter.<\/p>","artwork_series":[1803],"artwork_query_group":"10","artwork_lowest_grid_position":1,"artwork_random_position":2261379,"explicit_sensitive_content":false,"drupal_id":"5920"},"yoast_head":"<!-- This site is optimized with the Yoast SEO Premium plugin v27.3 (Yoast SEO v27.3) - https:\/\/yoast.com\/product\/yoast-seo-premium-wordpress\/ -->\n<title>Artistics | Aerial Views, Solar Plants 010 par Bernhard Lang - Photographie contemporaine<\/title>\n<meta name=\"description\" content=\"Aerial Views, Solar Plants 010 par Bernhard Lang - achat d&#039;\u0153uvres d&#039;art contemporain originales sur la galerie d&#039;art en ligne Artistics.\" \/>\n<meta name=\"robots\" content=\"index, follow, max-snippet:-1, max-image-preview:large, max-video-preview:-1\" \/>\n<link rel=\"canonical\" href=\"https:\/\/artistics.com\/fr\/oeuvre\/aerial-views-solar-plants-010\/\" \/>\n<meta property=\"og:locale\" content=\"fr_FR\" \/>\n<meta property=\"og:type\" content=\"article\" \/>\n<meta property=\"og:title\" content=\"Aerial Views, Solar Plants 010\" \/>\n<meta property=\"og:description\" content=\"Aerial Views, Solar Plants 010 par Bernhard Lang - achat d&#039;\u0153uvres d&#039;art contemporain originales sur la galerie d&#039;art en ligne Artistics.\" \/>\n<meta property=\"og:url\" content=\"https:\/\/artistics.com\/fr\/oeuvre\/aerial-views-solar-plants-010\/\" \/>\n<meta property=\"og:site_name\" content=\"Artistics\" \/>\n<meta property=\"article:publisher\" content=\"https:\/\/www.facebook.com\/ArtisticsMag\" \/>\n<meta property=\"article:modified_time\" content=\"2023-04-22T09:32:37+00:00\" \/>\n<meta property=\"og:image\" content=\"https:\/\/artistics.com\/wp-content\/uploads\/2023\/04\/av_solar_plants_010_by_bernhard_lang.jpg\" \/>\n\t<meta property=\"og:image:width\" content=\"900\" \/>\n\t<meta property=\"og:image:height\" content=\"1200\" \/>\n\t<meta property=\"og:image:type\" content=\"image\/jpeg\" \/>\n<meta name=\"twitter:card\" content=\"summary_large_image\" \/>\n<meta name=\"twitter:site\" content=\"@Artistics_FR\" \/>\n<meta name=\"twitter:label1\" content=\"Disponibilit\u00e9\" \/>\n\t<meta name=\"twitter:data1\" content=\"En stock\" \/>\n<script type=\"application\/ld+json\" class=\"yoast-schema-graph\">{\"@context\":\"https:\\\/\\\/schema.org\",\"@graph\":[{\"@type\":[\"WebPage\",\"ItemPage\"],\"@id\":\"https:\\\/\\\/artistics.com\\\/fr\\\/oeuvre\\\/aerial-views-solar-plants-010\\\/\",\"url\":\"https:\\\/\\\/artistics.com\\\/fr\\\/oeuvre\\\/aerial-views-solar-plants-010\\\/\",\"name\":\"Artistics | Aerial Views, Solar Plants 010 par Bernhard Lang - Photographie contemporaine\",\"isPartOf\":{\"@id\":\"https:\\\/\\\/artistics.com\\\/fr\\\/#website\"},\"primaryImageOfPage\":{\"@id\":\"https:\\\/\\\/artistics.com\\\/fr\\\/oeuvre\\\/aerial-views-solar-plants-010\\\/#primaryimage\"},\"image\":{\"@id\":\"https:\\\/\\\/artistics.com\\\/fr\\\/oeuvre\\\/aerial-views-solar-plants-010\\\/#primaryimage\"},\"thumbnailUrl\":\"https:\\\/\\\/artistics.com\\\/wp-content\\\/uploads\\\/2023\\\/04\\\/av_solar_plants_010_by_bernhard_lang.jpg\",\"datePublished\":\"2019-02-05T15:51:23+00:00\",\"dateModified\":\"2023-04-22T09:32:37+00:00\",\"description\":\"Aerial Views, Solar Plants 010 par Bernhard Lang - achat d'\u0153uvres d'art contemporain originales sur la galerie d'art en ligne Artistics.\",\"breadcrumb\":{\"@id\":\"https:\\\/\\\/artistics.com\\\/fr\\\/oeuvre\\\/aerial-views-solar-plants-010\\\/#breadcrumb\"},\"inLanguage\":\"fr-FR\",\"potentialAction\":[{\"@type\":\"ReadAction\",\"target\":[\"https:\\\/\\\/artistics.com\\\/fr\\\/oeuvre\\\/aerial-views-solar-plants-010\\\/\"]}]},{\"@type\":\"ImageObject\",\"inLanguage\":\"fr-FR\",\"@id\":\"https:\\\/\\\/artistics.com\\\/fr\\\/oeuvre\\\/aerial-views-solar-plants-010\\\/#primaryimage\",\"url\":\"https:\\\/\\\/artistics.com\\\/wp-content\\\/uploads\\\/2023\\\/04\\\/av_solar_plants_010_by_bernhard_lang.jpg\",\"contentUrl\":\"https:\\\/\\\/artistics.com\\\/wp-content\\\/uploads\\\/2023\\\/04\\\/av_solar_plants_010_by_bernhard_lang.jpg\",\"width\":900,\"height\":1200},{\"@type\":\"BreadcrumbList\",\"@id\":\"https:\\\/\\\/artistics.com\\\/fr\\\/oeuvre\\\/aerial-views-solar-plants-010\\\/#breadcrumb\",\"itemListElement\":[{\"@type\":\"ListItem\",\"position\":1,\"name\":\"Achat \u0153uvre d'art\",\"item\":\"https:\\\/\\\/artistics.com\\\/fr\\\/\"},{\"@type\":\"ListItem\",\"position\":2,\"name\":\"Galerie\",\"item\":\"https:\\\/\\\/artistics.com\\\/fr\\\/galerie\\\/\"},{\"@type\":\"ListItem\",\"position\":3,\"name\":\"Photographie contemporaine\",\"item\":\"https:\\\/\\\/artistics.com\\\/fr\\\/categorie-oeuvre\\\/photographie-contemporaine\\\/\"},{\"@type\":\"ListItem\",\"position\":4,\"name\":\"Aerial Views, Solar Plants 010\"}]},{\"@type\":\"WebSite\",\"@id\":\"https:\\\/\\\/artistics.com\\\/fr\\\/#website\",\"url\":\"https:\\\/\\\/artistics.com\\\/fr\\\/\",\"name\":\"Artistics\",\"description\":\"The online art gallery\",\"publisher\":{\"@id\":\"https:\\\/\\\/artistics.com\\\/fr\\\/#organization\"},\"potentialAction\":[{\"@type\":\"SearchAction\",\"target\":{\"@type\":\"EntryPoint\",\"urlTemplate\":\"https:\\\/\\\/artistics.com\\\/fr\\\/?s={search_term_string}\"},\"query-input\":{\"@type\":\"PropertyValueSpecification\",\"valueRequired\":true,\"valueName\":\"search_term_string\"}}],\"inLanguage\":\"fr-FR\"},{\"@type\":\"Organization\",\"@id\":\"https:\\\/\\\/artistics.com\\\/fr\\\/#organization\",\"name\":\"Artistics\",\"url\":\"https:\\\/\\\/artistics.com\\\/fr\\\/\",\"logo\":{\"@type\":\"ImageObject\",\"inLanguage\":\"fr-FR\",\"@id\":\"https:\\\/\\\/artistics.com\\\/fr\\\/#\\\/schema\\\/logo\\\/image\\\/\",\"url\":\"https:\\\/\\\/artistics.com\\\/wp-content\\\/uploads\\\/2023\\\/02\\\/artistics-logo-web-1.svg\",\"contentUrl\":\"https:\\\/\\\/artistics.com\\\/wp-content\\\/uploads\\\/2023\\\/02\\\/artistics-logo-web-1.svg\",\"caption\":\"Artistics\"},\"image\":{\"@id\":\"https:\\\/\\\/artistics.com\\\/fr\\\/#\\\/schema\\\/logo\\\/image\\\/\"},\"sameAs\":[\"https:\\\/\\\/www.facebook.com\\\/ArtisticsMag\",\"https:\\\/\\\/x.com\\\/Artistics_FR\",\"http:\\\/\\\/www.linkedin.com\\\/company\\\/artistics\",\"https:\\\/\\\/www.instagram.com\\\/artistics_com\\\/\",\"http:\\\/\\\/www.pinterest.com\\\/ArtisticsMag\"],\"hasMerchantReturnPolicy\":{\"@type\":\"MerchantReturnPolicy\",\"merchantReturnLink\":\"https:\\\/\\\/artistics.com\\\/free-return-policy\\\/\"}}]}<\/script>\n<meta property=\"og:availability\" content=\"instock\" \/>\n<meta property=\"product:availability\" content=\"instock\" \/>\n<meta property=\"product:retailer_item_id\" content=\"5921\" \/>\n<meta property=\"product:condition\" content=\"new\" \/>\n<!-- \/ Yoast SEO Premium plugin. -->","yoast_head_json":{"title":"Artistics | Aerial Views, Solar Plants 010 par Bernhard Lang - Photographie contemporaine","description":"Aerial Views, Solar Plants 010 par Bernhard Lang - achat d'\u0153uvres d'art contemporain originales sur la galerie d'art en ligne Artistics.","robots":{"index":"index","follow":"follow","max-snippet":"max-snippet:-1","max-image-preview":"max-image-preview:large","max-video-preview":"max-video-preview:-1"},"canonical":"https:\/\/artistics.com\/fr\/oeuvre\/aerial-views-solar-plants-010\/","og_locale":"fr_FR","og_type":"article","og_title":"Aerial Views, Solar Plants 010","og_description":"Aerial Views, Solar Plants 010 par Bernhard Lang - achat d'\u0153uvres d'art contemporain originales sur la galerie d'art en ligne Artistics.","og_url":"https:\/\/artistics.com\/fr\/oeuvre\/aerial-views-solar-plants-010\/","og_site_name":"Artistics","article_publisher":"https:\/\/www.facebook.com\/ArtisticsMag","article_modified_time":"2023-04-22T09:32:37+00:00","og_image":[{"width":900,"height":1200,"url":"https:\/\/artistics.com\/wp-content\/uploads\/2023\/04\/av_solar_plants_010_by_bernhard_lang.jpg","type":"image\/jpeg"}],"twitter_card":"summary_large_image","twitter_site":"@Artistics_FR","twitter_misc":{"Disponibilit\u00e9":"En stock"},"schema":{"@context":"https:\/\/schema.org","@graph":[{"@type":["WebPage","ItemPage"],"@id":"https:\/\/artistics.com\/fr\/oeuvre\/aerial-views-solar-plants-010\/","url":"https:\/\/artistics.com\/fr\/oeuvre\/aerial-views-solar-plants-010\/","name":"Artistics | Aerial Views, Solar Plants 010 par Bernhard Lang - Photographie contemporaine","isPartOf":{"@id":"https:\/\/artistics.com\/fr\/#website"},"primaryImageOfPage":{"@id":"https:\/\/artistics.com\/fr\/oeuvre\/aerial-views-solar-plants-010\/#primaryimage"},"image":{"@id":"https:\/\/artistics.com\/fr\/oeuvre\/aerial-views-solar-plants-010\/#primaryimage"},"thumbnailUrl":"https:\/\/artistics.com\/wp-content\/uploads\/2023\/04\/av_solar_plants_010_by_bernhard_lang.jpg","datePublished":"2019-02-05T15:51:23+00:00","dateModified":"2023-04-22T09:32:37+00:00","description":"Aerial Views, Solar Plants 010 par Bernhard Lang - achat d'\u0153uvres d'art contemporain originales sur la galerie d'art en ligne Artistics.","breadcrumb":{"@id":"https:\/\/artistics.com\/fr\/oeuvre\/aerial-views-solar-plants-010\/#breadcrumb"},"inLanguage":"fr-FR","potentialAction":[{"@type":"ReadAction","target":["https:\/\/artistics.com\/fr\/oeuvre\/aerial-views-solar-plants-010\/"]}]},{"@type":"ImageObject","inLanguage":"fr-FR","@id":"https:\/\/artistics.com\/fr\/oeuvre\/aerial-views-solar-plants-010\/#primaryimage","url":"https:\/\/artistics.com\/wp-content\/uploads\/2023\/04\/av_solar_plants_010_by_bernhard_lang.jpg","contentUrl":"https:\/\/artistics.com\/wp-content\/uploads\/2023\/04\/av_solar_plants_010_by_bernhard_lang.jpg","width":900,"height":1200},{"@type":"BreadcrumbList","@id":"https:\/\/artistics.com\/fr\/oeuvre\/aerial-views-solar-plants-010\/#breadcrumb","itemListElement":[{"@type":"ListItem","position":1,"name":"Achat \u0153uvre d'art","item":"https:\/\/artistics.com\/fr\/"},{"@type":"ListItem","position":2,"name":"Galerie","item":"https:\/\/artistics.com\/fr\/galerie\/"},{"@type":"ListItem","position":3,"name":"Photographie contemporaine","item":"https:\/\/artistics.com\/fr\/categorie-oeuvre\/photographie-contemporaine\/"},{"@type":"ListItem","position":4,"name":"Aerial Views, Solar Plants 010"}]},{"@type":"WebSite","@id":"https:\/\/artistics.com\/fr\/#website","url":"https:\/\/artistics.com\/fr\/","name":"Artistics","description":"The online art gallery","publisher":{"@id":"https:\/\/artistics.com\/fr\/#organization"},"potentialAction":[{"@type":"SearchAction","target":{"@type":"EntryPoint","urlTemplate":"https:\/\/artistics.com\/fr\/?s={search_term_string}"},"query-input":{"@type":"PropertyValueSpecification","valueRequired":true,"valueName":"search_term_string"}}],"inLanguage":"fr-FR"},{"@type":"Organization","@id":"https:\/\/artistics.com\/fr\/#organization","name":"Artistics","url":"https:\/\/artistics.com\/fr\/","logo":{"@type":"ImageObject","inLanguage":"fr-FR","@id":"https:\/\/artistics.com\/fr\/#\/schema\/logo\/image\/","url":"https:\/\/artistics.com\/wp-content\/uploads\/2023\/02\/artistics-logo-web-1.svg","contentUrl":"https:\/\/artistics.com\/wp-content\/uploads\/2023\/02\/artistics-logo-web-1.svg","caption":"Artistics"},"image":{"@id":"https:\/\/artistics.com\/fr\/#\/schema\/logo\/image\/"},"sameAs":["https:\/\/www.facebook.com\/ArtisticsMag","https:\/\/x.com\/Artistics_FR","http:\/\/www.linkedin.com\/company\/artistics","https:\/\/www.instagram.com\/artistics_com\/","http:\/\/www.pinterest.com\/ArtisticsMag"],"hasMerchantReturnPolicy":{"@type":"MerchantReturnPolicy","merchantReturnLink":"https:\/\/artistics.com\/free-return-policy\/"}}]},"og_availability":"instock","product_availability":"instock","product_retailer_item_id":"5921","product_condition":"new"},"_links":{"self":[{"href":"https:\/\/artistics.com\/fr\/wp-json\/wp\/v2\/product\/28713","targetHints":{"allow":["GET"]}}],"collection":[{"href":"https:\/\/artistics.com\/fr\/wp-json\/wp\/v2\/product"}],"about":[{"href":"https:\/\/artistics.com\/fr\/wp-json\/wp\/v2\/types\/product"}],"acf:term":[{"embeddable":true,"taxonomy":"series","href":"https:\/\/artistics.com\/fr\/wp-json\/wp\/v2\/series\/1803"},{"embeddable":true,"taxonomy":"product_tag","href":"https:\/\/artistics.com\/fr\/wp-json\/wp\/v2\/product_tag\/563"},{"embeddable":true,"taxonomy":"product_cat","href":"https:\/\/artistics.com\/fr\/wp-json\/wp\/v2\/product_cat\/237"},{"embeddable":true,"taxonomy":"product_cat","href":"https:\/\/artistics.com\/fr\/wp-json\/wp\/v2\/product_cat\/215"},{"embeddable":true,"taxonomy":"product_cat","href":"https:\/\/artistics.com\/fr\/wp-json\/wp\/v2\/product_cat\/216"},{"embeddable":true,"taxonomy":"product_cat","href":"https:\/\/artistics.com\/fr\/wp-json\/wp\/v2\/product_cat\/193"},{"embeddable":true,"taxonomy":"product_cat","href":"https:\/\/artistics.com\/fr\/wp-json\/wp\/v2\/product_cat\/194"},{"embeddable":true,"taxonomy":"product_cat","href":"https:\/\/artistics.com\/fr\/wp-json\/wp\/v2\/product_cat\/202"},{"embeddable":true,"taxonomy":"product_cat","href":"https:\/\/artistics.com\/fr\/wp-json\/wp\/v2\/product_cat\/198"},{"embeddable":true,"taxonomy":"product_cat","href":"https:\/\/artistics.com\/fr\/wp-json\/wp\/v2\/product_cat\/163"}],"acf:post":[{"embeddable":true,"href":"https:\/\/artistics.com\/fr\/wp-json\/wp\/v2\/artist\/2780"}],"wp:featuredmedia":[{"embeddable":true,"href":"https:\/\/artistics.com\/fr\/wp-json\/wp\/v2\/media\/26315"}],"wp:attachment":[{"href":"https:\/\/artistics.com\/fr\/wp-json\/wp\/v2\/media?parent=28713"}],"wp:term":[{"taxonomy":"product_cat","embeddable":true,"href":"https:\/\/artistics.com\/fr\/wp-json\/wp\/v2\/product_cat?post=28713"},{"taxonomy":"product_tag","embeddable":true,"href":"https:\/\/artistics.com\/fr\/wp-json\/wp\/v2\/product_tag?post=28713"},{"taxonomy":"series","embeddable":true,"href":"https:\/\/artistics.com\/fr\/wp-json\/wp\/v2\/series?post=28713"}],"curies":[{"name":"wp","href":"https:\/\/api.w.org\/{rel}","templated":true}]}}