{"id":27903,"date":"2016-01-21T12:57:08","date_gmt":"2016-01-21T11:57:08","guid":{"rendered":"https:\/\/2022.devartistics.com\/artwork\/castle-piano\/"},"modified":"2025-03-25T11:24:30","modified_gmt":"2025-03-25T10:24:30","slug":"castle-piano","status":"publish","type":"product","link":"https:\/\/artistics.com\/fr\/oeuvre\/castle-piano\/","title":{"rendered":"Castle Piano"},"content":{"rendered":"","protected":false},"excerpt":{"rendered":"","protected":false},"featured_media":24417,"template":"","meta":{"_acf_changed":false,"_searchwp_excluded":"","inline_featured_image":false},"product_cat":[163,191,197,200,215,216,235],"product_tag":[524],"series":[1886],"class_list":{"0":"post-27903","1":"product","2":"type-product","3":"status-publish","4":"has-post-thumbnail","6":"product_cat-photographie-contemporaine","7":"product_cat-architectures","8":"product_cat-lieux-abandonnes","9":"product_cat-photographie-darchitecture","10":"product_cat-grand","11":"product_cat-moyen","12":"product_cat-de-1000-a-3000-e","13":"product_tag-musique","14":"series-gina-soden-emergence-fr","16":"first","17":"instock","18":"shipping-taxable","19":"purchasable","20":"product-type-variable","21":"has-default-attributes"},"acf":{"artwork_artist":[2779],"artwork_medium":163,"artwork_categories":[200,197],"artwork_overall-tones":[],"artwork_main-material":[],"artwork_art-genre":[191],"artwork_art-movement":[],"artwork_miscellaneous":[],"artwork_formats":[216,216,215],"artwork_price-ranges":[235],"artwork_main_subject":[524],"artwork_technique":[],"artwork_featured_location":[],"artwork_dominant_color":[],"artwork_physical_attributes":[],"artwork_creation_date":"20140101","artwork_unique_piece":false,"artwork_description":"Impression Giclee sur papier Fine Art","artwork_signature":"x","artwork_authenticity":"L\u2019\u0153uvre est vendue avec un certificat d\u2019authenticit\u00e9 sign\u00e9 par l\u2019artiste.","artwork_framing":"unframed","artwork_has_custom_framing_info":false,"artwork_custom_framing_info":"Not specified","artwork_location_country":"GB","artwork_location_city":"Earley","artwork_location_zipcode":"RG67DH","artwork_shipment_type":"2D_rolled_artwork","artwork_shipping_delivery":"photography_production_time","artwork_has_custom_shipping_delivery_info":false,"artwork_custom_shipping_delivery_info":"Not specified","artwork_360_view_url":"","artwork_video_url":"","artwork_video_format":[],"artwork_preview_type":"featured_image","artwork_reserved":false,"artwork_hide_price":false,"artwork_about":"<strong><em>Castle Piano <\/em><\/strong>est une \u0153uvre de l\u2019artiste contemporaine anglaise Gina Soden issue de la s\u00e9rie \u2018\u2019Emergence\u2019\u2019.\r\n\r\nCette photographie a \u00e9t\u00e9 prise \u00e0 l\u2019int\u00e9rieur d\u2019un ch\u00e2teau abandonn\u00e9 dont le sol et le plafond se sont en partie \u00e9croul\u00e9s. Pourtant ce piano a \u00e9t\u00e9 \u00e9pargn\u00e9 d\u2019une compl\u00e8te destruction. Gina Soden est parvenu \u00e0 s\u2019introduire dans les lieux gr\u00e2ce \u00e0 un passage minuscule au sous-sol. L'artiste explique \u00e0 quel point l'acc\u00e8s \u00e0 ce lieu a \u00e9t\u00e9 difficile\u00a0: \u00ab <em>Je pouvais soit grimper \u00e0 plus de 8 m\u00e8tres jusqu'\u00e0 la fen\u00eatre du deuxi\u00e8me \u00e9tage et risquer de tomber, soit trouver un autre moyen. J'ai donc d\u00fb ramper \u00e0 travers un petit espace dans les murs du ch\u00e2teau. C\u2019\u00e9tait un vrai d\u00e9fi et tr\u00e8s claustrophobique, mais j\u2019ai r\u00e9ussi.<\/em> \u00bb. Elle trouva, avant de s\u2019y engager, de magnifiques voitures de collection vieilles de trente ans mais presque intactes. Depuis elles ont \u00e9t\u00e9 vendues aux ench\u00e8res et le ch\u00e2teau est en cours de r\u00e9novation.Pour cette prise de vue l\u2019artiste a eu recours \u00e0 un fumig\u00e8ne afin de donner plus de profondeur et de myst\u00e8re \u00e0 la photographie.\r\n<p style=\"font-weight: 400;\">Po\u00e9tique et introspective, la s\u00e9rie <em>Emergence<\/em> traduit l'\u00e9quilibre subtil que Gina Soden \u00e9tablit entre r\u00e9alit\u00e9 et imagination. Ses photographies offrent un regard sur des lieux oubli\u00e9s, document\u00e9s avec pr\u00e9cision mais sublim\u00e9s par une vision artistique. Tr\u00e8s riche en d\u00e9tails, <em>Emergence<\/em> met en sc\u00e8ne des endroits et des objets charg\u00e9s d'atmosph\u00e8re, invitant le spectateur dans un univers suspendu entre m\u00e9moire et fiction.<\/p>\r\n<p style=\"font-weight: 400;\">Adepte de l\u2019exploration urbaine, Gina Soden est fascin\u00e9e par les ruines et les lieux abandonn\u00e9s. Son travail photographique poss\u00e8de une grande po\u00e9sie\u00a0: l\u2019artiste parvient \u00e0 rendre \u00e0 l\u2019architecture de ces lieux la beaut\u00e9 qu\u2019elle a perdue ou qu\u2019elle n\u2019a jamais eue. Avec un traitement pictural de ses photographies et une approche artistique lyrique, Gina Soden r\u00e9veille la magie qui habite ces espaces en leur donnant, par ses compositions \u00e9tudi\u00e9es et sym\u00e9triques, une allure triomphante. Son travail a \u00e9t\u00e9 r\u00e9compens\u00e9 par plusieurs prix et l\u2019une de ses photographies a \u00e9t\u00e9 pr\u00e9sent\u00e9e par la Royal Academy of Arts (Londres) dans le cadre de la Summer Exhibition 2022.<\/p>\r\n<p style=\"font-weight: 400;\">\u00ab\u00a0<em>Ce qui me fascine dans les ruines, c\u2019est la couleur et la texture. Mais aussi, je suis tr\u00e8s exigeante sur la sym\u00e9trie et la composition. Si je peux combiner tous ces \u00e9l\u00e9ments, alors je suis parfaitement heureuse.<\/em>\u00a0\u00bb<\/p>\r\nPhotographie sign\u00e9e et num\u00e9rot\u00e9e, disponible uniquement en \u00e9dition limit\u00e9e.\r\n\r\nCette \u0153uvre est vendue non encadr\u00e9e.\u00a0Les dimensions affich\u00e9es incluent une bordure blanche de 2 cm (formats 45x65 cm et 74x109 cm)\u00a0ou de 4 cm (format 102x152 cm).\r\n\r\n&nbsp;","artwork_series":[1886],"artwork_query_group":"10","artwork_lowest_grid_position":1,"artwork_random_position":9167967,"explicit_sensitive_content":false,"drupal_id":"2676"},"yoast_head":"<!-- This site is optimized with the Yoast SEO Premium plugin v27.3 (Yoast SEO v27.3) - https:\/\/yoast.com\/product\/yoast-seo-premium-wordpress\/ -->\n<title>Artistics | Castle Piano par Gina Soden - Photographie contemporaine<\/title>\n<meta name=\"description\" content=\"Castle Piano par Gina Soden - achat d&#039;\u0153uvres d&#039;art contemporain originales sur la galerie d&#039;art en ligne Artistics.\" \/>\n<meta name=\"robots\" content=\"index, follow, max-snippet:-1, max-image-preview:large, max-video-preview:-1\" \/>\n<link rel=\"canonical\" href=\"https:\/\/artistics.com\/fr\/oeuvre\/castle-piano\/\" \/>\n<meta property=\"og:locale\" content=\"fr_FR\" \/>\n<meta property=\"og:type\" content=\"article\" \/>\n<meta property=\"og:title\" content=\"Castle Piano\" \/>\n<meta property=\"og:description\" content=\"Castle Piano par Gina Soden - achat d&#039;\u0153uvres d&#039;art contemporain originales sur la galerie d&#039;art en ligne Artistics.\" \/>\n<meta property=\"og:url\" content=\"https:\/\/artistics.com\/fr\/oeuvre\/castle-piano\/\" \/>\n<meta property=\"og:site_name\" content=\"Artistics\" \/>\n<meta property=\"article:publisher\" content=\"https:\/\/www.facebook.com\/ArtisticsMag\" \/>\n<meta property=\"article:modified_time\" content=\"2025-03-25T10:24:30+00:00\" \/>\n<meta property=\"og:image\" content=\"https:\/\/artistics.com\/wp-content\/uploads\/2023\/04\/castle-piano-by-gina-soden.jpg\" \/>\n\t<meta property=\"og:image:width\" content=\"600\" \/>\n\t<meta property=\"og:image:height\" content=\"400\" \/>\n\t<meta property=\"og:image:type\" content=\"image\/jpeg\" \/>\n<meta name=\"twitter:card\" content=\"summary_large_image\" \/>\n<meta name=\"twitter:site\" content=\"@Artistics_FR\" \/>\n<meta name=\"twitter:label1\" content=\"Disponibilit\u00e9\" \/>\n\t<meta name=\"twitter:data1\" content=\"En stock\" \/>\n<script type=\"application\/ld+json\" class=\"yoast-schema-graph\">{\"@context\":\"https:\\\/\\\/schema.org\",\"@graph\":[{\"@type\":[\"WebPage\",\"ItemPage\"],\"@id\":\"https:\\\/\\\/artistics.com\\\/fr\\\/oeuvre\\\/castle-piano\\\/\",\"url\":\"https:\\\/\\\/artistics.com\\\/fr\\\/oeuvre\\\/castle-piano\\\/\",\"name\":\"Artistics | Castle Piano par Gina Soden - Photographie contemporaine\",\"isPartOf\":{\"@id\":\"https:\\\/\\\/artistics.com\\\/fr\\\/#website\"},\"primaryImageOfPage\":{\"@id\":\"https:\\\/\\\/artistics.com\\\/fr\\\/oeuvre\\\/castle-piano\\\/#primaryimage\"},\"image\":{\"@id\":\"https:\\\/\\\/artistics.com\\\/fr\\\/oeuvre\\\/castle-piano\\\/#primaryimage\"},\"thumbnailUrl\":\"https:\\\/\\\/artistics.com\\\/wp-content\\\/uploads\\\/2023\\\/04\\\/castle-piano-by-gina-soden.jpg\",\"datePublished\":\"2016-01-21T11:57:08+00:00\",\"dateModified\":\"2025-03-25T10:24:30+00:00\",\"description\":\"Castle Piano par Gina Soden - achat d'\u0153uvres d'art contemporain originales sur la galerie d'art en ligne Artistics.\",\"breadcrumb\":{\"@id\":\"https:\\\/\\\/artistics.com\\\/fr\\\/oeuvre\\\/castle-piano\\\/#breadcrumb\"},\"inLanguage\":\"fr-FR\",\"potentialAction\":[{\"@type\":\"ReadAction\",\"target\":[\"https:\\\/\\\/artistics.com\\\/fr\\\/oeuvre\\\/castle-piano\\\/\"]}]},{\"@type\":\"ImageObject\",\"inLanguage\":\"fr-FR\",\"@id\":\"https:\\\/\\\/artistics.com\\\/fr\\\/oeuvre\\\/castle-piano\\\/#primaryimage\",\"url\":\"https:\\\/\\\/artistics.com\\\/wp-content\\\/uploads\\\/2023\\\/04\\\/castle-piano-by-gina-soden.jpg\",\"contentUrl\":\"https:\\\/\\\/artistics.com\\\/wp-content\\\/uploads\\\/2023\\\/04\\\/castle-piano-by-gina-soden.jpg\",\"width\":600,\"height\":400},{\"@type\":\"BreadcrumbList\",\"@id\":\"https:\\\/\\\/artistics.com\\\/fr\\\/oeuvre\\\/castle-piano\\\/#breadcrumb\",\"itemListElement\":[{\"@type\":\"ListItem\",\"position\":1,\"name\":\"Achat \u0153uvre d'art\",\"item\":\"https:\\\/\\\/artistics.com\\\/fr\\\/\"},{\"@type\":\"ListItem\",\"position\":2,\"name\":\"Galerie\",\"item\":\"https:\\\/\\\/artistics.com\\\/fr\\\/galerie\\\/\"},{\"@type\":\"ListItem\",\"position\":3,\"name\":\"Photographie contemporaine\",\"item\":\"https:\\\/\\\/artistics.com\\\/fr\\\/categorie-oeuvre\\\/photographie-contemporaine\\\/\"},{\"@type\":\"ListItem\",\"position\":4,\"name\":\"Castle Piano\"}]},{\"@type\":\"WebSite\",\"@id\":\"https:\\\/\\\/artistics.com\\\/fr\\\/#website\",\"url\":\"https:\\\/\\\/artistics.com\\\/fr\\\/\",\"name\":\"Artistics\",\"description\":\"The online art gallery\",\"publisher\":{\"@id\":\"https:\\\/\\\/artistics.com\\\/fr\\\/#organization\"},\"potentialAction\":[{\"@type\":\"SearchAction\",\"target\":{\"@type\":\"EntryPoint\",\"urlTemplate\":\"https:\\\/\\\/artistics.com\\\/fr\\\/?s={search_term_string}\"},\"query-input\":{\"@type\":\"PropertyValueSpecification\",\"valueRequired\":true,\"valueName\":\"search_term_string\"}}],\"inLanguage\":\"fr-FR\"},{\"@type\":\"Organization\",\"@id\":\"https:\\\/\\\/artistics.com\\\/fr\\\/#organization\",\"name\":\"Artistics\",\"url\":\"https:\\\/\\\/artistics.com\\\/fr\\\/\",\"logo\":{\"@type\":\"ImageObject\",\"inLanguage\":\"fr-FR\",\"@id\":\"https:\\\/\\\/artistics.com\\\/fr\\\/#\\\/schema\\\/logo\\\/image\\\/\",\"url\":\"https:\\\/\\\/artistics.com\\\/wp-content\\\/uploads\\\/2023\\\/02\\\/artistics-logo-web-1.svg\",\"contentUrl\":\"https:\\\/\\\/artistics.com\\\/wp-content\\\/uploads\\\/2023\\\/02\\\/artistics-logo-web-1.svg\",\"caption\":\"Artistics\"},\"image\":{\"@id\":\"https:\\\/\\\/artistics.com\\\/fr\\\/#\\\/schema\\\/logo\\\/image\\\/\"},\"sameAs\":[\"https:\\\/\\\/www.facebook.com\\\/ArtisticsMag\",\"https:\\\/\\\/x.com\\\/Artistics_FR\",\"http:\\\/\\\/www.linkedin.com\\\/company\\\/artistics\",\"https:\\\/\\\/www.instagram.com\\\/artistics_com\\\/\",\"http:\\\/\\\/www.pinterest.com\\\/ArtisticsMag\"],\"hasMerchantReturnPolicy\":{\"@type\":\"MerchantReturnPolicy\",\"merchantReturnLink\":\"https:\\\/\\\/artistics.com\\\/free-return-policy\\\/\"}}]}<\/script>\n<meta property=\"og:availability\" content=\"instock\" \/>\n<meta property=\"product:availability\" content=\"instock\" \/>\n<meta property=\"product:retailer_item_id\" content=\"2677\" \/>\n<meta property=\"product:condition\" content=\"new\" \/>\n<!-- \/ Yoast SEO Premium plugin. -->","yoast_head_json":{"title":"Artistics | Castle Piano par Gina Soden - Photographie contemporaine","description":"Castle Piano par Gina Soden - achat d'\u0153uvres d'art contemporain originales sur la galerie d'art en ligne Artistics.","robots":{"index":"index","follow":"follow","max-snippet":"max-snippet:-1","max-image-preview":"max-image-preview:large","max-video-preview":"max-video-preview:-1"},"canonical":"https:\/\/artistics.com\/fr\/oeuvre\/castle-piano\/","og_locale":"fr_FR","og_type":"article","og_title":"Castle Piano","og_description":"Castle Piano par Gina Soden - achat d'\u0153uvres d'art contemporain originales sur la galerie d'art en ligne Artistics.","og_url":"https:\/\/artistics.com\/fr\/oeuvre\/castle-piano\/","og_site_name":"Artistics","article_publisher":"https:\/\/www.facebook.com\/ArtisticsMag","article_modified_time":"2025-03-25T10:24:30+00:00","og_image":[{"width":600,"height":400,"url":"https:\/\/artistics.com\/wp-content\/uploads\/2023\/04\/castle-piano-by-gina-soden.jpg","type":"image\/jpeg"}],"twitter_card":"summary_large_image","twitter_site":"@Artistics_FR","twitter_misc":{"Disponibilit\u00e9":"En stock"},"schema":{"@context":"https:\/\/schema.org","@graph":[{"@type":["WebPage","ItemPage"],"@id":"https:\/\/artistics.com\/fr\/oeuvre\/castle-piano\/","url":"https:\/\/artistics.com\/fr\/oeuvre\/castle-piano\/","name":"Artistics | Castle Piano par Gina Soden - Photographie contemporaine","isPartOf":{"@id":"https:\/\/artistics.com\/fr\/#website"},"primaryImageOfPage":{"@id":"https:\/\/artistics.com\/fr\/oeuvre\/castle-piano\/#primaryimage"},"image":{"@id":"https:\/\/artistics.com\/fr\/oeuvre\/castle-piano\/#primaryimage"},"thumbnailUrl":"https:\/\/artistics.com\/wp-content\/uploads\/2023\/04\/castle-piano-by-gina-soden.jpg","datePublished":"2016-01-21T11:57:08+00:00","dateModified":"2025-03-25T10:24:30+00:00","description":"Castle Piano par Gina Soden - achat d'\u0153uvres d'art contemporain originales sur la galerie d'art en ligne Artistics.","breadcrumb":{"@id":"https:\/\/artistics.com\/fr\/oeuvre\/castle-piano\/#breadcrumb"},"inLanguage":"fr-FR","potentialAction":[{"@type":"ReadAction","target":["https:\/\/artistics.com\/fr\/oeuvre\/castle-piano\/"]}]},{"@type":"ImageObject","inLanguage":"fr-FR","@id":"https:\/\/artistics.com\/fr\/oeuvre\/castle-piano\/#primaryimage","url":"https:\/\/artistics.com\/wp-content\/uploads\/2023\/04\/castle-piano-by-gina-soden.jpg","contentUrl":"https:\/\/artistics.com\/wp-content\/uploads\/2023\/04\/castle-piano-by-gina-soden.jpg","width":600,"height":400},{"@type":"BreadcrumbList","@id":"https:\/\/artistics.com\/fr\/oeuvre\/castle-piano\/#breadcrumb","itemListElement":[{"@type":"ListItem","position":1,"name":"Achat \u0153uvre d'art","item":"https:\/\/artistics.com\/fr\/"},{"@type":"ListItem","position":2,"name":"Galerie","item":"https:\/\/artistics.com\/fr\/galerie\/"},{"@type":"ListItem","position":3,"name":"Photographie contemporaine","item":"https:\/\/artistics.com\/fr\/categorie-oeuvre\/photographie-contemporaine\/"},{"@type":"ListItem","position":4,"name":"Castle Piano"}]},{"@type":"WebSite","@id":"https:\/\/artistics.com\/fr\/#website","url":"https:\/\/artistics.com\/fr\/","name":"Artistics","description":"The online art gallery","publisher":{"@id":"https:\/\/artistics.com\/fr\/#organization"},"potentialAction":[{"@type":"SearchAction","target":{"@type":"EntryPoint","urlTemplate":"https:\/\/artistics.com\/fr\/?s={search_term_string}"},"query-input":{"@type":"PropertyValueSpecification","valueRequired":true,"valueName":"search_term_string"}}],"inLanguage":"fr-FR"},{"@type":"Organization","@id":"https:\/\/artistics.com\/fr\/#organization","name":"Artistics","url":"https:\/\/artistics.com\/fr\/","logo":{"@type":"ImageObject","inLanguage":"fr-FR","@id":"https:\/\/artistics.com\/fr\/#\/schema\/logo\/image\/","url":"https:\/\/artistics.com\/wp-content\/uploads\/2023\/02\/artistics-logo-web-1.svg","contentUrl":"https:\/\/artistics.com\/wp-content\/uploads\/2023\/02\/artistics-logo-web-1.svg","caption":"Artistics"},"image":{"@id":"https:\/\/artistics.com\/fr\/#\/schema\/logo\/image\/"},"sameAs":["https:\/\/www.facebook.com\/ArtisticsMag","https:\/\/x.com\/Artistics_FR","http:\/\/www.linkedin.com\/company\/artistics","https:\/\/www.instagram.com\/artistics_com\/","http:\/\/www.pinterest.com\/ArtisticsMag"],"hasMerchantReturnPolicy":{"@type":"MerchantReturnPolicy","merchantReturnLink":"https:\/\/artistics.com\/free-return-policy\/"}}]},"og_availability":"instock","product_availability":"instock","product_retailer_item_id":"2677","product_condition":"new"},"_links":{"self":[{"href":"https:\/\/artistics.com\/fr\/wp-json\/wp\/v2\/product\/27903","targetHints":{"allow":["GET"]}}],"collection":[{"href":"https:\/\/artistics.com\/fr\/wp-json\/wp\/v2\/product"}],"about":[{"href":"https:\/\/artistics.com\/fr\/wp-json\/wp\/v2\/types\/product"}],"acf:term":[{"embeddable":true,"taxonomy":"series","href":"https:\/\/artistics.com\/fr\/wp-json\/wp\/v2\/series\/1886"},{"embeddable":true,"taxonomy":"product_tag","href":"https:\/\/artistics.com\/fr\/wp-json\/wp\/v2\/product_tag\/524"},{"embeddable":true,"taxonomy":"product_cat","href":"https:\/\/artistics.com\/fr\/wp-json\/wp\/v2\/product_cat\/235"},{"embeddable":true,"taxonomy":"product_cat","href":"https:\/\/artistics.com\/fr\/wp-json\/wp\/v2\/product_cat\/215"},{"embeddable":true,"taxonomy":"product_cat","href":"https:\/\/artistics.com\/fr\/wp-json\/wp\/v2\/product_cat\/216"},{"embeddable":true,"taxonomy":"product_cat","href":"https:\/\/artistics.com\/fr\/wp-json\/wp\/v2\/product_cat\/191"},{"embeddable":true,"taxonomy":"product_cat","href":"https:\/\/artistics.com\/fr\/wp-json\/wp\/v2\/product_cat\/197"},{"embeddable":true,"taxonomy":"product_cat","href":"https:\/\/artistics.com\/fr\/wp-json\/wp\/v2\/product_cat\/200"},{"embeddable":true,"taxonomy":"product_cat","href":"https:\/\/artistics.com\/fr\/wp-json\/wp\/v2\/product_cat\/163"}],"acf:post":[{"embeddable":true,"href":"https:\/\/artistics.com\/fr\/wp-json\/wp\/v2\/artist\/2779"}],"wp:featuredmedia":[{"embeddable":true,"href":"https:\/\/artistics.com\/fr\/wp-json\/wp\/v2\/media\/24417"}],"wp:attachment":[{"href":"https:\/\/artistics.com\/fr\/wp-json\/wp\/v2\/media?parent=27903"}],"wp:term":[{"taxonomy":"product_cat","embeddable":true,"href":"https:\/\/artistics.com\/fr\/wp-json\/wp\/v2\/product_cat?post=27903"},{"taxonomy":"product_tag","embeddable":true,"href":"https:\/\/artistics.com\/fr\/wp-json\/wp\/v2\/product_tag?post=27903"},{"taxonomy":"series","embeddable":true,"href":"https:\/\/artistics.com\/fr\/wp-json\/wp\/v2\/series?post=27903"}],"curies":[{"name":"wp","href":"https:\/\/api.w.org\/{rel}","templated":true}]}}