{"id":27717,"date":"2015-09-07T12:19:06","date_gmt":"2015-09-07T10:19:06","guid":{"rendered":"https:\/\/2022.devartistics.com\/artwork\/sans-titre-ix-serie-faded-glory\/"},"modified":"2023-04-22T11:15:30","modified_gmt":"2023-04-22T09:15:30","slug":"sans-titre-ix-serie-faded-glory","status":"publish","type":"product","link":"https:\/\/artistics.com\/fr\/oeuvre\/sans-titre-ix-serie-faded-glory\/","title":{"rendered":"Sans Titre IX, s\u00e9rie Faded Glory"},"content":{"rendered":"","protected":false},"excerpt":{"rendered":"","protected":false},"featured_media":24107,"template":"","meta":{"_acf_changed":false,"_searchwp_excluded":"","inline_featured_image":false},"product_cat":[163,191,194,200,202,216,217,227,237],"product_tag":[],"series":[1960],"class_list":{"0":"post-27717","1":"product","2":"type-product","3":"status-publish","4":"has-post-thumbnail","6":"product_cat-photographie-contemporaine","7":"product_cat-architectures","8":"product_cat-nature-et-paysage","9":"product_cat-photographie-darchitecture","10":"product_cat-photographie-nature-et-paysage","11":"product_cat-moyen","12":"product_cat-petit","13":"product_cat-tons-clairs","14":"product_cat-moins-de-1000-e","15":"series-matthieu-venot-faded-glory-fr","17":"first","18":"instock","19":"shipping-taxable","20":"purchasable","21":"product-type-variable","22":"has-default-attributes"},"acf":{"artwork_artist":2777,"artwork_medium":163,"artwork_categories":[200,202],"artwork_overall-tones":[227],"artwork_main-material":[],"artwork_art-genre":[191,194],"artwork_art-movement":[],"artwork_miscellaneous":[],"artwork_formats":[216,217,216],"artwork_price-ranges":[237],"artwork_main_subject":[],"artwork_technique":[],"artwork_featured_location":[],"artwork_dominant_color":[],"artwork_physical_attributes":[],"artwork_creation_date":"20150101","artwork_unique_piece":false,"artwork_description":"Tirage pigmentaire sur papier Hahnem\u00fchle","artwork_signature":"Signed artwork","artwork_authenticity":"The artwork is sold with a certificate of authenticity signed by the artist.","artwork_framing":"unframed","artwork_has_custom_framing_info":false,"artwork_custom_framing_info":"Not specified","artwork_location_country":"FR","artwork_location_city":"Brest","artwork_location_zipcode":"29200","artwork_shipment_type":"2D_rolled_artwork","artwork_shipping_delivery":"photography_production_time","artwork_has_custom_shipping_delivery_info":false,"artwork_custom_shipping_delivery_info":"Not specified","artwork_360_view_url":"","artwork_video_url":"","artwork_video_format":[],"artwork_preview_type":"featured_image","artwork_reserved":false,"artwork_hide_price":false,"artwork_about":"<p ><strong><em>Sans Titre IX <\/em><\/strong>est une oeuvre du photographe contemporain Matthieu Venot, issue de la s\u00e9rie Faded Glory. \u00a0<\/p><p >Ni photographe de rue, ni photographe d\u2019architecture, Matthieu Venot d\u00e9veloppe un travail entre figuration et abstraction.\u00a0<\/p><p >La ville de Soulac-sur-Mer en Gironde constitue le cadre de la s\u00e9rie Faded Glory. Tandis que ses pr\u00e9c\u00e9dentes s\u00e9ries \u00e9taient construites sur des cadrages serr\u00e9s et un langage minimaliste, Faded Glory se compose d\u2019images o\u00f9 le cadre est plus large et le motif davantage reconnaissable : un front de mer bord\u00e9 de tamaris, la fa\u00e7ade d\u2019un pavillon\u2026\u00a0<\/p><p >On retrouve en revanche le ciel bleu sans nuage, \u00e9l\u00e9ment r\u00e9current dans ses diff\u00e9rentes s\u00e9ries. Repr\u00e9sentant d'une photographie contemporaine qui fait le choix de porter un regard enjou\u00e9 et sans cynisme sur le monde, Matthieu Venot nous invite dans un univers ensoleill\u00e9, o\u00f9 r\u00e8gne un optimisme communicatif.\u00a0<\/p><p >Les tirages des photographies de Matthieu Venot sont vendus en \u00e9dition limit\u00e9e.\u00a0<\/p><p >Chaque image de la s\u00e9rie Faded Glory est disponible dans 3 formats diff\u00e9rents :<\/p><p >* format 30 x 30 cm : \u00e9dition de 10 exemplaires<\/p><p >* format 50 x 50 cm : \u00e9dition de 10 exemplaires<\/p><p >* format 110 x 110 cm : \u00e9dition de 8 exemplaires\u00a0<\/p><p >Le prix indiqu\u00e9 correspond au tirage seul, vendu non mont\u00e9 et non encadr\u00e9. Pour toute demande particuli\u00e8re concernant le montage ou l'encadrement, merci de nous contacter. Chaque tirage est num\u00e9rot\u00e9 et sign\u00e9 par l\u2019artiste.<\/p>","artwork_series":[1960],"artwork_query_group":"20","artwork_lowest_grid_position":1,"artwork_random_position":7548398,"explicit_sensitive_content":false,"drupal_id":"2263"},"yoast_head":"<!-- This site is optimized with the Yoast SEO Premium plugin v27.3 (Yoast SEO v27.3) - https:\/\/yoast.com\/product\/yoast-seo-premium-wordpress\/ -->\n<title>Artistics | Sans Titre IX, s\u00e9rie Faded Glory par Matthieu Venot - Photographie contemporaine<\/title>\n<meta name=\"description\" content=\"Sans Titre IX, s\u00e9rie Faded Glory par Matthieu Venot - achat d&#039;\u0153uvres d&#039;art contemporain originales sur la galerie d&#039;art en ligne Artistics.\" \/>\n<meta name=\"robots\" content=\"index, follow, max-snippet:-1, max-image-preview:large, max-video-preview:-1\" \/>\n<link rel=\"canonical\" href=\"https:\/\/artistics.com\/fr\/oeuvre\/sans-titre-ix-serie-faded-glory\/\" \/>\n<meta property=\"og:locale\" content=\"fr_FR\" \/>\n<meta property=\"og:type\" content=\"article\" \/>\n<meta property=\"og:title\" content=\"Sans Titre IX, s\u00e9rie Faded Glory\" \/>\n<meta property=\"og:description\" content=\"Sans Titre IX, s\u00e9rie Faded Glory par Matthieu Venot - achat d&#039;\u0153uvres d&#039;art contemporain originales sur la galerie d&#039;art en ligne Artistics.\" \/>\n<meta property=\"og:url\" content=\"https:\/\/artistics.com\/fr\/oeuvre\/sans-titre-ix-serie-faded-glory\/\" \/>\n<meta property=\"og:site_name\" content=\"Artistics\" \/>\n<meta property=\"article:publisher\" content=\"https:\/\/www.facebook.com\/ArtisticsMag\" \/>\n<meta property=\"article:modified_time\" content=\"2023-04-22T09:15:30+00:00\" \/>\n<meta property=\"og:image\" content=\"https:\/\/artistics.com\/wp-content\/uploads\/2023\/04\/sans-titre-ix-by-matthieu-venot.jpg\" \/>\n\t<meta property=\"og:image:width\" content=\"2300\" \/>\n\t<meta property=\"og:image:height\" content=\"2300\" \/>\n\t<meta property=\"og:image:type\" content=\"image\/jpeg\" \/>\n<meta name=\"twitter:card\" content=\"summary_large_image\" \/>\n<meta name=\"twitter:site\" content=\"@Artistics_FR\" \/>\n<meta name=\"twitter:label1\" content=\"Disponibilit\u00e9\" \/>\n\t<meta name=\"twitter:data1\" content=\"En stock\" \/>\n<script type=\"application\/ld+json\" class=\"yoast-schema-graph\">{\"@context\":\"https:\\\/\\\/schema.org\",\"@graph\":[{\"@type\":[\"WebPage\",\"ItemPage\"],\"@id\":\"https:\\\/\\\/artistics.com\\\/fr\\\/oeuvre\\\/sans-titre-ix-serie-faded-glory\\\/\",\"url\":\"https:\\\/\\\/artistics.com\\\/fr\\\/oeuvre\\\/sans-titre-ix-serie-faded-glory\\\/\",\"name\":\"Artistics | Sans Titre IX, s\u00e9rie Faded Glory par Matthieu Venot - Photographie contemporaine\",\"isPartOf\":{\"@id\":\"https:\\\/\\\/artistics.com\\\/fr\\\/#website\"},\"primaryImageOfPage\":{\"@id\":\"https:\\\/\\\/artistics.com\\\/fr\\\/oeuvre\\\/sans-titre-ix-serie-faded-glory\\\/#primaryimage\"},\"image\":{\"@id\":\"https:\\\/\\\/artistics.com\\\/fr\\\/oeuvre\\\/sans-titre-ix-serie-faded-glory\\\/#primaryimage\"},\"thumbnailUrl\":\"https:\\\/\\\/artistics.com\\\/wp-content\\\/uploads\\\/2023\\\/04\\\/sans-titre-ix-by-matthieu-venot.jpg\",\"datePublished\":\"2015-09-07T10:19:06+00:00\",\"dateModified\":\"2023-04-22T09:15:30+00:00\",\"description\":\"Sans Titre IX, s\u00e9rie Faded Glory par Matthieu Venot - achat d'\u0153uvres d'art contemporain originales sur la galerie d'art en ligne Artistics.\",\"breadcrumb\":{\"@id\":\"https:\\\/\\\/artistics.com\\\/fr\\\/oeuvre\\\/sans-titre-ix-serie-faded-glory\\\/#breadcrumb\"},\"inLanguage\":\"fr-FR\",\"potentialAction\":[{\"@type\":\"ReadAction\",\"target\":[\"https:\\\/\\\/artistics.com\\\/fr\\\/oeuvre\\\/sans-titre-ix-serie-faded-glory\\\/\"]}]},{\"@type\":\"ImageObject\",\"inLanguage\":\"fr-FR\",\"@id\":\"https:\\\/\\\/artistics.com\\\/fr\\\/oeuvre\\\/sans-titre-ix-serie-faded-glory\\\/#primaryimage\",\"url\":\"https:\\\/\\\/artistics.com\\\/wp-content\\\/uploads\\\/2023\\\/04\\\/sans-titre-ix-by-matthieu-venot.jpg\",\"contentUrl\":\"https:\\\/\\\/artistics.com\\\/wp-content\\\/uploads\\\/2023\\\/04\\\/sans-titre-ix-by-matthieu-venot.jpg\",\"width\":2300,\"height\":2300},{\"@type\":\"BreadcrumbList\",\"@id\":\"https:\\\/\\\/artistics.com\\\/fr\\\/oeuvre\\\/sans-titre-ix-serie-faded-glory\\\/#breadcrumb\",\"itemListElement\":[{\"@type\":\"ListItem\",\"position\":1,\"name\":\"Achat \u0153uvre d'art\",\"item\":\"https:\\\/\\\/artistics.com\\\/fr\\\/\"},{\"@type\":\"ListItem\",\"position\":2,\"name\":\"Galerie\",\"item\":\"https:\\\/\\\/artistics.com\\\/fr\\\/galerie\\\/\"},{\"@type\":\"ListItem\",\"position\":3,\"name\":\"Photographie contemporaine\",\"item\":\"https:\\\/\\\/artistics.com\\\/fr\\\/categorie-oeuvre\\\/photographie-contemporaine\\\/\"},{\"@type\":\"ListItem\",\"position\":4,\"name\":\"Sans Titre IX, s\u00e9rie Faded Glory\"}]},{\"@type\":\"WebSite\",\"@id\":\"https:\\\/\\\/artistics.com\\\/fr\\\/#website\",\"url\":\"https:\\\/\\\/artistics.com\\\/fr\\\/\",\"name\":\"Artistics\",\"description\":\"The online art gallery\",\"publisher\":{\"@id\":\"https:\\\/\\\/artistics.com\\\/fr\\\/#organization\"},\"potentialAction\":[{\"@type\":\"SearchAction\",\"target\":{\"@type\":\"EntryPoint\",\"urlTemplate\":\"https:\\\/\\\/artistics.com\\\/fr\\\/?s={search_term_string}\"},\"query-input\":{\"@type\":\"PropertyValueSpecification\",\"valueRequired\":true,\"valueName\":\"search_term_string\"}}],\"inLanguage\":\"fr-FR\"},{\"@type\":\"Organization\",\"@id\":\"https:\\\/\\\/artistics.com\\\/fr\\\/#organization\",\"name\":\"Artistics\",\"url\":\"https:\\\/\\\/artistics.com\\\/fr\\\/\",\"logo\":{\"@type\":\"ImageObject\",\"inLanguage\":\"fr-FR\",\"@id\":\"https:\\\/\\\/artistics.com\\\/fr\\\/#\\\/schema\\\/logo\\\/image\\\/\",\"url\":\"https:\\\/\\\/artistics.com\\\/wp-content\\\/uploads\\\/2023\\\/02\\\/artistics-logo-web-1.svg\",\"contentUrl\":\"https:\\\/\\\/artistics.com\\\/wp-content\\\/uploads\\\/2023\\\/02\\\/artistics-logo-web-1.svg\",\"caption\":\"Artistics\"},\"image\":{\"@id\":\"https:\\\/\\\/artistics.com\\\/fr\\\/#\\\/schema\\\/logo\\\/image\\\/\"},\"sameAs\":[\"https:\\\/\\\/www.facebook.com\\\/ArtisticsMag\",\"https:\\\/\\\/x.com\\\/Artistics_FR\",\"http:\\\/\\\/www.linkedin.com\\\/company\\\/artistics\",\"https:\\\/\\\/www.instagram.com\\\/artistics_com\\\/\",\"http:\\\/\\\/www.pinterest.com\\\/ArtisticsMag\"],\"hasMerchantReturnPolicy\":{\"@type\":\"MerchantReturnPolicy\",\"merchantReturnLink\":\"https:\\\/\\\/artistics.com\\\/free-return-policy\\\/\"}}]}<\/script>\n<meta property=\"og:availability\" content=\"instock\" \/>\n<meta property=\"product:availability\" content=\"instock\" \/>\n<meta property=\"product:retailer_item_id\" content=\"2264\" \/>\n<meta property=\"product:condition\" content=\"new\" \/>\n<!-- \/ Yoast SEO Premium plugin. -->","yoast_head_json":{"title":"Artistics | Sans Titre IX, s\u00e9rie Faded Glory par Matthieu Venot - Photographie contemporaine","description":"Sans Titre IX, s\u00e9rie Faded Glory par Matthieu Venot - achat d'\u0153uvres d'art contemporain originales sur la galerie d'art en ligne Artistics.","robots":{"index":"index","follow":"follow","max-snippet":"max-snippet:-1","max-image-preview":"max-image-preview:large","max-video-preview":"max-video-preview:-1"},"canonical":"https:\/\/artistics.com\/fr\/oeuvre\/sans-titre-ix-serie-faded-glory\/","og_locale":"fr_FR","og_type":"article","og_title":"Sans Titre IX, s\u00e9rie Faded Glory","og_description":"Sans Titre IX, s\u00e9rie Faded Glory par Matthieu Venot - achat d'\u0153uvres d'art contemporain originales sur la galerie d'art en ligne Artistics.","og_url":"https:\/\/artistics.com\/fr\/oeuvre\/sans-titre-ix-serie-faded-glory\/","og_site_name":"Artistics","article_publisher":"https:\/\/www.facebook.com\/ArtisticsMag","article_modified_time":"2023-04-22T09:15:30+00:00","og_image":[{"width":2300,"height":2300,"url":"https:\/\/artistics.com\/wp-content\/uploads\/2023\/04\/sans-titre-ix-by-matthieu-venot.jpg","type":"image\/jpeg"}],"twitter_card":"summary_large_image","twitter_site":"@Artistics_FR","twitter_misc":{"Disponibilit\u00e9":"En stock"},"schema":{"@context":"https:\/\/schema.org","@graph":[{"@type":["WebPage","ItemPage"],"@id":"https:\/\/artistics.com\/fr\/oeuvre\/sans-titre-ix-serie-faded-glory\/","url":"https:\/\/artistics.com\/fr\/oeuvre\/sans-titre-ix-serie-faded-glory\/","name":"Artistics | Sans Titre IX, s\u00e9rie Faded Glory par Matthieu Venot - Photographie contemporaine","isPartOf":{"@id":"https:\/\/artistics.com\/fr\/#website"},"primaryImageOfPage":{"@id":"https:\/\/artistics.com\/fr\/oeuvre\/sans-titre-ix-serie-faded-glory\/#primaryimage"},"image":{"@id":"https:\/\/artistics.com\/fr\/oeuvre\/sans-titre-ix-serie-faded-glory\/#primaryimage"},"thumbnailUrl":"https:\/\/artistics.com\/wp-content\/uploads\/2023\/04\/sans-titre-ix-by-matthieu-venot.jpg","datePublished":"2015-09-07T10:19:06+00:00","dateModified":"2023-04-22T09:15:30+00:00","description":"Sans Titre IX, s\u00e9rie Faded Glory par Matthieu Venot - achat d'\u0153uvres d'art contemporain originales sur la galerie d'art en ligne Artistics.","breadcrumb":{"@id":"https:\/\/artistics.com\/fr\/oeuvre\/sans-titre-ix-serie-faded-glory\/#breadcrumb"},"inLanguage":"fr-FR","potentialAction":[{"@type":"ReadAction","target":["https:\/\/artistics.com\/fr\/oeuvre\/sans-titre-ix-serie-faded-glory\/"]}]},{"@type":"ImageObject","inLanguage":"fr-FR","@id":"https:\/\/artistics.com\/fr\/oeuvre\/sans-titre-ix-serie-faded-glory\/#primaryimage","url":"https:\/\/artistics.com\/wp-content\/uploads\/2023\/04\/sans-titre-ix-by-matthieu-venot.jpg","contentUrl":"https:\/\/artistics.com\/wp-content\/uploads\/2023\/04\/sans-titre-ix-by-matthieu-venot.jpg","width":2300,"height":2300},{"@type":"BreadcrumbList","@id":"https:\/\/artistics.com\/fr\/oeuvre\/sans-titre-ix-serie-faded-glory\/#breadcrumb","itemListElement":[{"@type":"ListItem","position":1,"name":"Achat \u0153uvre d'art","item":"https:\/\/artistics.com\/fr\/"},{"@type":"ListItem","position":2,"name":"Galerie","item":"https:\/\/artistics.com\/fr\/galerie\/"},{"@type":"ListItem","position":3,"name":"Photographie contemporaine","item":"https:\/\/artistics.com\/fr\/categorie-oeuvre\/photographie-contemporaine\/"},{"@type":"ListItem","position":4,"name":"Sans Titre IX, s\u00e9rie Faded Glory"}]},{"@type":"WebSite","@id":"https:\/\/artistics.com\/fr\/#website","url":"https:\/\/artistics.com\/fr\/","name":"Artistics","description":"The online art gallery","publisher":{"@id":"https:\/\/artistics.com\/fr\/#organization"},"potentialAction":[{"@type":"SearchAction","target":{"@type":"EntryPoint","urlTemplate":"https:\/\/artistics.com\/fr\/?s={search_term_string}"},"query-input":{"@type":"PropertyValueSpecification","valueRequired":true,"valueName":"search_term_string"}}],"inLanguage":"fr-FR"},{"@type":"Organization","@id":"https:\/\/artistics.com\/fr\/#organization","name":"Artistics","url":"https:\/\/artistics.com\/fr\/","logo":{"@type":"ImageObject","inLanguage":"fr-FR","@id":"https:\/\/artistics.com\/fr\/#\/schema\/logo\/image\/","url":"https:\/\/artistics.com\/wp-content\/uploads\/2023\/02\/artistics-logo-web-1.svg","contentUrl":"https:\/\/artistics.com\/wp-content\/uploads\/2023\/02\/artistics-logo-web-1.svg","caption":"Artistics"},"image":{"@id":"https:\/\/artistics.com\/fr\/#\/schema\/logo\/image\/"},"sameAs":["https:\/\/www.facebook.com\/ArtisticsMag","https:\/\/x.com\/Artistics_FR","http:\/\/www.linkedin.com\/company\/artistics","https:\/\/www.instagram.com\/artistics_com\/","http:\/\/www.pinterest.com\/ArtisticsMag"],"hasMerchantReturnPolicy":{"@type":"MerchantReturnPolicy","merchantReturnLink":"https:\/\/artistics.com\/free-return-policy\/"}}]},"og_availability":"instock","product_availability":"instock","product_retailer_item_id":"2264","product_condition":"new"},"_links":{"self":[{"href":"https:\/\/artistics.com\/fr\/wp-json\/wp\/v2\/product\/27717","targetHints":{"allow":["GET"]}}],"collection":[{"href":"https:\/\/artistics.com\/fr\/wp-json\/wp\/v2\/product"}],"about":[{"href":"https:\/\/artistics.com\/fr\/wp-json\/wp\/v2\/types\/product"}],"acf:term":[{"embeddable":true,"taxonomy":"series","href":"https:\/\/artistics.com\/fr\/wp-json\/wp\/v2\/series\/1960"},{"embeddable":true,"taxonomy":"product_cat","href":"https:\/\/artistics.com\/fr\/wp-json\/wp\/v2\/product_cat\/237"},{"embeddable":true,"taxonomy":"product_cat","href":"https:\/\/artistics.com\/fr\/wp-json\/wp\/v2\/product_cat\/217"},{"embeddable":true,"taxonomy":"product_cat","href":"https:\/\/artistics.com\/fr\/wp-json\/wp\/v2\/product_cat\/216"},{"embeddable":true,"taxonomy":"product_cat","href":"https:\/\/artistics.com\/fr\/wp-json\/wp\/v2\/product_cat\/194"},{"embeddable":true,"taxonomy":"product_cat","href":"https:\/\/artistics.com\/fr\/wp-json\/wp\/v2\/product_cat\/191"},{"embeddable":true,"taxonomy":"product_cat","href":"https:\/\/artistics.com\/fr\/wp-json\/wp\/v2\/product_cat\/227"},{"embeddable":true,"taxonomy":"product_cat","href":"https:\/\/artistics.com\/fr\/wp-json\/wp\/v2\/product_cat\/202"},{"embeddable":true,"taxonomy":"product_cat","href":"https:\/\/artistics.com\/fr\/wp-json\/wp\/v2\/product_cat\/200"},{"embeddable":true,"taxonomy":"product_cat","href":"https:\/\/artistics.com\/fr\/wp-json\/wp\/v2\/product_cat\/163"}],"acf:post":[{"embeddable":true,"href":"https:\/\/artistics.com\/fr\/wp-json\/wp\/v2\/artist\/2777"}],"wp:featuredmedia":[{"embeddable":true,"href":"https:\/\/artistics.com\/fr\/wp-json\/wp\/v2\/media\/24107"}],"wp:attachment":[{"href":"https:\/\/artistics.com\/fr\/wp-json\/wp\/v2\/media?parent=27717"}],"wp:term":[{"taxonomy":"product_cat","embeddable":true,"href":"https:\/\/artistics.com\/fr\/wp-json\/wp\/v2\/product_cat?post=27717"},{"taxonomy":"product_tag","embeddable":true,"href":"https:\/\/artistics.com\/fr\/wp-json\/wp\/v2\/product_tag?post=27717"},{"taxonomy":"series","embeddable":true,"href":"https:\/\/artistics.com\/fr\/wp-json\/wp\/v2\/series?post=27717"}],"curies":[{"name":"wp","href":"https:\/\/api.w.org\/{rel}","templated":true}]}}