{"id":23323,"date":"2022-12-16T12:42:54","date_gmt":"2022-12-16T11:42:54","guid":{"rendered":"https:\/\/2022.devartistics.com\/artwork\/evolution\/"},"modified":"2023-04-22T02:19:52","modified_gmt":"2023-04-22T00:19:52","slug":"evolution","status":"publish","type":"product","link":"https:\/\/artistics.com\/fr\/oeuvre\/evolution\/","title":{"rendered":"Evolution"},"content":{"rendered":"","protected":false},"excerpt":{"rendered":"","protected":false},"featured_media":20857,"template":"","meta":{"_acf_changed":false,"_searchwp_excluded":"","inline_featured_image":false},"product_cat":[189,2602,215,238,204,164,421,2067,338,2491],"product_tag":[343,368],"series":[1876],"class_list":{"0":"post-23323","1":"product","2":"type-product","3":"status-publish","4":"has-post-thumbnail","6":"product_cat-art-abstrait","7":"product_cat-art-organique","8":"product_cat-grand","9":"product_cat-plus-de-10-000-e","10":"product_cat-sculpture-abstraite","11":"product_cat-sculpture-contemporaine","12":"product_cat-sculpture-dexterieur","13":"product_cat-sculpture-en-marbre","14":"product_cat-sculpture-en-pierre","15":"product_cat-sculpture-soustractive","16":"product_tag-blanc","17":"product_tag-sculpture-grand-format","18":"series-francesca-bernardini-sculptures-monumentales","20":"first","21":"instock","22":"taxable","23":"shipping-taxable","24":"purchasable","25":"product-type-simple"},"acf":{"artwork_artist":[2810],"artwork_medium":164,"artwork_categories":[204,338,2067,2491],"artwork_overall-tones":[],"artwork_main-material":[],"artwork_art-genre":[421,2602],"artwork_art-movement":[189],"artwork_miscellaneous":[],"artwork_formats":[215],"artwork_price-ranges":[238],"artwork_main_subject":[],"artwork_technique":[],"artwork_featured_location":[],"artwork_dominant_color":[343],"artwork_physical_attributes":[368,368],"artwork_creation_date":"20120101","artwork_unique_piece":true,"artwork_description":"Sculpture en marble blanc de Carrare","artwork_signature":"Signed artwork","artwork_authenticity":"The artwork is sold with a certificate of authenticity signed by the artist.","artwork_framing":"not_specified","artwork_has_custom_framing_info":false,"artwork_custom_framing_info":"Not specified","artwork_location_country":"IT","artwork_location_city":"Marina di Carrara","artwork_location_zipcode":"54033","artwork_shipment_type":"3D_artwork","artwork_shipping_delivery":"sculpture_commissioned_production_time","artwork_has_custom_shipping_delivery_info":false,"artwork_custom_shipping_delivery_info":"Not specified","artwork_360_view_url":"","artwork_video_url":"","artwork_video_format":[],"artwork_preview_type":"featured_image","artwork_reserved":false,"artwork_hide_price":false,"artwork_about":"<p ><span ><em><strong>Evolution<\/strong><\/em> est une sculpture de l'artiste italienne Francesca Bernardini issue de la s\u00e9rie\u00a0<em >Nests, Cocoons, Crysalis<\/em>.\u00a0Cette \u0153uvre est disponible sur commande et sera r\u00e9alis\u00e9e sur le m\u00eame mod\u00e8le et dans les m\u00eames conditions que celle pr\u00e9sent\u00e9e sur les photos \u00e0 l'exception de la mati\u00e8re : la sculpture de la photo est en calcaire blanc du Portugal et la nouvelle serait en marbre blanc de Carrare. Le processus de cr\u00e9ation garantie l\u2019unicit\u00e9 de chaque pi\u00e8ce. Le d\u00e9lai de production pour cette sculpture est de 5-6 mois.\u00a0\u00a0<\/span><\/p><p ><span ><span >Les sculptures grand format et monumentales, souvent r\u00e9alis\u00e9es pour des symposiums de sculpture, des commandes ou des concours, exigent de l\u2019artiste un travail techniquement diff\u00e9rent : elle doit effectuer des calculs math\u00e9matiques, r\u00e9aliser un mod\u00e8le en petit format, utiliser de gros outils. Le travail est fatiguant mais gratifiant, lui permettant d\u2019explorer la relation qu\u2019elle entretient avec la sculpture \u00e0 une autre \u00e9chelle. Les th\u00e8mes de ses sculptures grand format sont les m\u00eames que ceux des sculptures petit et moyen format.\u00a0<\/span><\/span><\/p><p ><span >La s\u00e9rie\u00a0<em >Nests, Cocoons, Crysalis (Nids, cocons, chrysalides)<\/em>, commenc\u00e9e en 2000, constitue la premi\u00e8re production de l\u2019artiste. Les sculptures de cette s\u00e9rie sont des formes closes, des contenants qui \u00e9voquent des lieux prot\u00e9g\u00e9s et intimes : les nids repr\u00e9sentent la maison et la famille, les cocons et les chrysalides sont des enveloppes protectives o\u00f9 l\u2019on se d\u00e9veloppe et se transforme en s\u00e9curit\u00e9. La s\u00e9rie est n\u00e9e dans un moment de recherche personnelle int\u00e9rieure de la sculptrice, autour de son besoin de prot\u00e9ger ses proches ainsi que de son d\u00e9sir de famille et de maternit\u00e9.\u00a0\u00a0<\/span><\/p><p ><span >Les sculptures en marbre de Francesca Bernardini, aux formes lisses et arrondies, trouvent leur origine dans des \u00e9tats d\u2019esprit, des \u00e9motions et des exp\u00e9riences personnelles. Les formes et les volumes qui leur donnent forme sont souvent inspir\u00e9s par le monde naturel et se chargent de symboliques li\u00e9es \u00e0 des th\u00e8mes universels : le d\u00e9veloppement personnel, l\u2019importance des interactions entre les \u00eatres humains, le respect de la nature et le cycle de la vie. L\u2019artiste synth\u00e9tise sa recherche artistique de la fa\u00e7on suivante : \u00ab\u00a0<em >Inspir\u00e9 de l'observation du microcosme du monde naturel, mon travail exalte des d\u00e9tails particuliers et d\u00e9forme les dimensions, mes formes devenant des r\u00e9ceptacles de vie pass\u00e9e ou de m\u00e9tamorphoses int\u00e9rieures ou \u00e9motionnelles.<\/em>\u00a0\u00bb<\/span><\/p>","artwork_series":[1876],"artwork_query_group":"20","artwork_lowest_grid_position":1,"artwork_random_position":4494472,"explicit_sensitive_content":false,"drupal_id":"10173"},"yoast_head":"<!-- This site is optimized with the Yoast SEO Premium plugin v27.3 (Yoast SEO v27.3) - https:\/\/yoast.com\/product\/yoast-seo-premium-wordpress\/ -->\n<title>Artistics | Evolution par Francesca Bernardini - Sculpture contemporaine<\/title>\n<meta name=\"description\" content=\"Evolution par Francesca Bernardini - achat d&#039;\u0153uvres d&#039;art contemporain originales sur la galerie d&#039;art en ligne Artistics.\" \/>\n<meta name=\"robots\" content=\"index, follow, max-snippet:-1, max-image-preview:large, max-video-preview:-1\" \/>\n<link rel=\"canonical\" href=\"https:\/\/artistics.com\/fr\/oeuvre\/evolution\/\" \/>\n<meta property=\"og:locale\" content=\"fr_FR\" \/>\n<meta property=\"og:type\" content=\"article\" \/>\n<meta property=\"og:title\" content=\"Evolution\" \/>\n<meta property=\"og:description\" content=\"Evolution par Francesca Bernardini - achat d&#039;\u0153uvres d&#039;art contemporain originales sur la galerie d&#039;art en ligne Artistics.\" \/>\n<meta property=\"og:url\" content=\"https:\/\/artistics.com\/fr\/oeuvre\/evolution\/\" \/>\n<meta property=\"og:site_name\" content=\"Artistics\" \/>\n<meta property=\"article:publisher\" content=\"https:\/\/www.facebook.com\/ArtisticsMag\" \/>\n<meta property=\"article:modified_time\" content=\"2023-04-22T00:19:52+00:00\" \/>\n<meta property=\"og:image\" content=\"https:\/\/artistics.com\/wp-content\/uploads\/2023\/04\/evolution-marble-sculpture-by-francesca-bernardini_3.jpg\" \/>\n\t<meta property=\"og:image:width\" content=\"1255\" \/>\n\t<meta property=\"og:image:height\" content=\"1000\" \/>\n\t<meta property=\"og:image:type\" content=\"image\/jpeg\" \/>\n<meta name=\"twitter:card\" content=\"summary_large_image\" \/>\n<meta name=\"twitter:site\" content=\"@Artistics_FR\" \/>\n<meta name=\"twitter:label1\" content=\"Prix\" \/>\n\t<meta name=\"twitter:data1\" content=\"110 000&nbsp;&euro;\" \/>\n\t<meta name=\"twitter:label2\" content=\"Disponibilit\u00e9\" \/>\n\t<meta name=\"twitter:data2\" content=\"En stock\" \/>\n<script type=\"application\/ld+json\" class=\"yoast-schema-graph\">{\"@context\":\"https:\\\/\\\/schema.org\",\"@graph\":[{\"@type\":[\"WebPage\",\"ItemPage\"],\"@id\":\"https:\\\/\\\/artistics.com\\\/fr\\\/oeuvre\\\/evolution\\\/\",\"url\":\"https:\\\/\\\/artistics.com\\\/fr\\\/oeuvre\\\/evolution\\\/\",\"name\":\"Artistics | Evolution par Francesca Bernardini - Sculpture contemporaine\",\"isPartOf\":{\"@id\":\"https:\\\/\\\/artistics.com\\\/fr\\\/#website\"},\"primaryImageOfPage\":{\"@id\":\"https:\\\/\\\/artistics.com\\\/fr\\\/oeuvre\\\/evolution\\\/#primaryimage\"},\"image\":{\"@id\":\"https:\\\/\\\/artistics.com\\\/fr\\\/oeuvre\\\/evolution\\\/#primaryimage\"},\"thumbnailUrl\":\"https:\\\/\\\/artistics.com\\\/wp-content\\\/uploads\\\/2023\\\/04\\\/evolution-marble-sculpture-by-francesca-bernardini_3.jpg\",\"datePublished\":\"2022-12-16T11:42:54+00:00\",\"dateModified\":\"2023-04-22T00:19:52+00:00\",\"description\":\"Evolution par Francesca Bernardini - achat d'\u0153uvres d'art contemporain originales sur la galerie d'art en ligne Artistics.\",\"breadcrumb\":{\"@id\":\"https:\\\/\\\/artistics.com\\\/fr\\\/oeuvre\\\/evolution\\\/#breadcrumb\"},\"inLanguage\":\"fr-FR\",\"potentialAction\":[{\"@type\":\"ReadAction\",\"target\":[\"https:\\\/\\\/artistics.com\\\/fr\\\/oeuvre\\\/evolution\\\/\"]}]},{\"@type\":\"ImageObject\",\"inLanguage\":\"fr-FR\",\"@id\":\"https:\\\/\\\/artistics.com\\\/fr\\\/oeuvre\\\/evolution\\\/#primaryimage\",\"url\":\"https:\\\/\\\/artistics.com\\\/wp-content\\\/uploads\\\/2023\\\/04\\\/evolution-marble-sculpture-by-francesca-bernardini_3.jpg\",\"contentUrl\":\"https:\\\/\\\/artistics.com\\\/wp-content\\\/uploads\\\/2023\\\/04\\\/evolution-marble-sculpture-by-francesca-bernardini_3.jpg\",\"width\":1255,\"height\":1000},{\"@type\":\"BreadcrumbList\",\"@id\":\"https:\\\/\\\/artistics.com\\\/fr\\\/oeuvre\\\/evolution\\\/#breadcrumb\",\"itemListElement\":[{\"@type\":\"ListItem\",\"position\":1,\"name\":\"Achat \u0153uvre d'art\",\"item\":\"https:\\\/\\\/artistics.com\\\/fr\\\/\"},{\"@type\":\"ListItem\",\"position\":2,\"name\":\"Galerie\",\"item\":\"https:\\\/\\\/artistics.com\\\/fr\\\/galerie\\\/\"},{\"@type\":\"ListItem\",\"position\":3,\"name\":\"Sculpture contemporaine\",\"item\":\"https:\\\/\\\/artistics.com\\\/fr\\\/categorie-oeuvre\\\/sculpture-contemporaine\\\/\"},{\"@type\":\"ListItem\",\"position\":4,\"name\":\"Evolution\"}]},{\"@type\":\"WebSite\",\"@id\":\"https:\\\/\\\/artistics.com\\\/fr\\\/#website\",\"url\":\"https:\\\/\\\/artistics.com\\\/fr\\\/\",\"name\":\"Artistics\",\"description\":\"The online art gallery\",\"publisher\":{\"@id\":\"https:\\\/\\\/artistics.com\\\/fr\\\/#organization\"},\"potentialAction\":[{\"@type\":\"SearchAction\",\"target\":{\"@type\":\"EntryPoint\",\"urlTemplate\":\"https:\\\/\\\/artistics.com\\\/fr\\\/?s={search_term_string}\"},\"query-input\":{\"@type\":\"PropertyValueSpecification\",\"valueRequired\":true,\"valueName\":\"search_term_string\"}}],\"inLanguage\":\"fr-FR\"},{\"@type\":\"Organization\",\"@id\":\"https:\\\/\\\/artistics.com\\\/fr\\\/#organization\",\"name\":\"Artistics\",\"url\":\"https:\\\/\\\/artistics.com\\\/fr\\\/\",\"logo\":{\"@type\":\"ImageObject\",\"inLanguage\":\"fr-FR\",\"@id\":\"https:\\\/\\\/artistics.com\\\/fr\\\/#\\\/schema\\\/logo\\\/image\\\/\",\"url\":\"https:\\\/\\\/artistics.com\\\/wp-content\\\/uploads\\\/2023\\\/02\\\/artistics-logo-web-1.svg\",\"contentUrl\":\"https:\\\/\\\/artistics.com\\\/wp-content\\\/uploads\\\/2023\\\/02\\\/artistics-logo-web-1.svg\",\"caption\":\"Artistics\"},\"image\":{\"@id\":\"https:\\\/\\\/artistics.com\\\/fr\\\/#\\\/schema\\\/logo\\\/image\\\/\"},\"sameAs\":[\"https:\\\/\\\/www.facebook.com\\\/ArtisticsMag\",\"https:\\\/\\\/x.com\\\/Artistics_FR\",\"http:\\\/\\\/www.linkedin.com\\\/company\\\/artistics\",\"https:\\\/\\\/www.instagram.com\\\/artistics_com\\\/\",\"http:\\\/\\\/www.pinterest.com\\\/ArtisticsMag\"],\"hasMerchantReturnPolicy\":{\"@type\":\"MerchantReturnPolicy\",\"merchantReturnLink\":\"https:\\\/\\\/artistics.com\\\/free-return-policy\\\/\"}}]}<\/script>\n<meta property=\"product:price:amount\" content=\"110000\" \/>\n<meta property=\"product:price:currency\" content=\"EUR\" \/>\n<meta property=\"og:availability\" content=\"instock\" \/>\n<meta property=\"product:availability\" content=\"instock\" \/>\n<meta property=\"product:retailer_item_id\" content=\"10174\" \/>\n<meta property=\"product:condition\" content=\"new\" \/>\n<!-- \/ Yoast SEO Premium plugin. -->","yoast_head_json":{"title":"Artistics | Evolution par Francesca Bernardini - Sculpture contemporaine","description":"Evolution par Francesca Bernardini - achat d'\u0153uvres d'art contemporain originales sur la galerie d'art en ligne Artistics.","robots":{"index":"index","follow":"follow","max-snippet":"max-snippet:-1","max-image-preview":"max-image-preview:large","max-video-preview":"max-video-preview:-1"},"canonical":"https:\/\/artistics.com\/fr\/oeuvre\/evolution\/","og_locale":"fr_FR","og_type":"article","og_title":"Evolution","og_description":"Evolution par Francesca Bernardini - achat d'\u0153uvres d'art contemporain originales sur la galerie d'art en ligne Artistics.","og_url":"https:\/\/artistics.com\/fr\/oeuvre\/evolution\/","og_site_name":"Artistics","article_publisher":"https:\/\/www.facebook.com\/ArtisticsMag","article_modified_time":"2023-04-22T00:19:52+00:00","og_image":[{"width":1255,"height":1000,"url":"https:\/\/artistics.com\/wp-content\/uploads\/2023\/04\/evolution-marble-sculpture-by-francesca-bernardini_3.jpg","type":"image\/jpeg"}],"twitter_card":"summary_large_image","twitter_site":"@Artistics_FR","twitter_misc":{"Prix":"110 000&nbsp;&euro;","Disponibilit\u00e9":"En stock"},"schema":{"@context":"https:\/\/schema.org","@graph":[{"@type":["WebPage","ItemPage"],"@id":"https:\/\/artistics.com\/fr\/oeuvre\/evolution\/","url":"https:\/\/artistics.com\/fr\/oeuvre\/evolution\/","name":"Artistics | Evolution par Francesca Bernardini - Sculpture contemporaine","isPartOf":{"@id":"https:\/\/artistics.com\/fr\/#website"},"primaryImageOfPage":{"@id":"https:\/\/artistics.com\/fr\/oeuvre\/evolution\/#primaryimage"},"image":{"@id":"https:\/\/artistics.com\/fr\/oeuvre\/evolution\/#primaryimage"},"thumbnailUrl":"https:\/\/artistics.com\/wp-content\/uploads\/2023\/04\/evolution-marble-sculpture-by-francesca-bernardini_3.jpg","datePublished":"2022-12-16T11:42:54+00:00","dateModified":"2023-04-22T00:19:52+00:00","description":"Evolution par Francesca Bernardini - achat d'\u0153uvres d'art contemporain originales sur la galerie d'art en ligne Artistics.","breadcrumb":{"@id":"https:\/\/artistics.com\/fr\/oeuvre\/evolution\/#breadcrumb"},"inLanguage":"fr-FR","potentialAction":[{"@type":"ReadAction","target":["https:\/\/artistics.com\/fr\/oeuvre\/evolution\/"]}]},{"@type":"ImageObject","inLanguage":"fr-FR","@id":"https:\/\/artistics.com\/fr\/oeuvre\/evolution\/#primaryimage","url":"https:\/\/artistics.com\/wp-content\/uploads\/2023\/04\/evolution-marble-sculpture-by-francesca-bernardini_3.jpg","contentUrl":"https:\/\/artistics.com\/wp-content\/uploads\/2023\/04\/evolution-marble-sculpture-by-francesca-bernardini_3.jpg","width":1255,"height":1000},{"@type":"BreadcrumbList","@id":"https:\/\/artistics.com\/fr\/oeuvre\/evolution\/#breadcrumb","itemListElement":[{"@type":"ListItem","position":1,"name":"Achat \u0153uvre d'art","item":"https:\/\/artistics.com\/fr\/"},{"@type":"ListItem","position":2,"name":"Galerie","item":"https:\/\/artistics.com\/fr\/galerie\/"},{"@type":"ListItem","position":3,"name":"Sculpture contemporaine","item":"https:\/\/artistics.com\/fr\/categorie-oeuvre\/sculpture-contemporaine\/"},{"@type":"ListItem","position":4,"name":"Evolution"}]},{"@type":"WebSite","@id":"https:\/\/artistics.com\/fr\/#website","url":"https:\/\/artistics.com\/fr\/","name":"Artistics","description":"The online art gallery","publisher":{"@id":"https:\/\/artistics.com\/fr\/#organization"},"potentialAction":[{"@type":"SearchAction","target":{"@type":"EntryPoint","urlTemplate":"https:\/\/artistics.com\/fr\/?s={search_term_string}"},"query-input":{"@type":"PropertyValueSpecification","valueRequired":true,"valueName":"search_term_string"}}],"inLanguage":"fr-FR"},{"@type":"Organization","@id":"https:\/\/artistics.com\/fr\/#organization","name":"Artistics","url":"https:\/\/artistics.com\/fr\/","logo":{"@type":"ImageObject","inLanguage":"fr-FR","@id":"https:\/\/artistics.com\/fr\/#\/schema\/logo\/image\/","url":"https:\/\/artistics.com\/wp-content\/uploads\/2023\/02\/artistics-logo-web-1.svg","contentUrl":"https:\/\/artistics.com\/wp-content\/uploads\/2023\/02\/artistics-logo-web-1.svg","caption":"Artistics"},"image":{"@id":"https:\/\/artistics.com\/fr\/#\/schema\/logo\/image\/"},"sameAs":["https:\/\/www.facebook.com\/ArtisticsMag","https:\/\/x.com\/Artistics_FR","http:\/\/www.linkedin.com\/company\/artistics","https:\/\/www.instagram.com\/artistics_com\/","http:\/\/www.pinterest.com\/ArtisticsMag"],"hasMerchantReturnPolicy":{"@type":"MerchantReturnPolicy","merchantReturnLink":"https:\/\/artistics.com\/free-return-policy\/"}}]},"product_price_amount":"110000","product_price_currency":"EUR","og_availability":"instock","product_availability":"instock","product_retailer_item_id":"10174","product_condition":"new"},"_links":{"self":[{"href":"https:\/\/artistics.com\/fr\/wp-json\/wp\/v2\/product\/23323","targetHints":{"allow":["GET"]}}],"collection":[{"href":"https:\/\/artistics.com\/fr\/wp-json\/wp\/v2\/product"}],"about":[{"href":"https:\/\/artistics.com\/fr\/wp-json\/wp\/v2\/types\/product"}],"acf:term":[{"embeddable":true,"taxonomy":"series","href":"https:\/\/artistics.com\/fr\/wp-json\/wp\/v2\/series\/1876"},{"embeddable":true,"taxonomy":"product_tag","href":"https:\/\/artistics.com\/fr\/wp-json\/wp\/v2\/product_tag\/368"},{"embeddable":true,"taxonomy":"product_tag","href":"https:\/\/artistics.com\/fr\/wp-json\/wp\/v2\/product_tag\/343"},{"embeddable":true,"taxonomy":"product_cat","href":"https:\/\/artistics.com\/fr\/wp-json\/wp\/v2\/product_cat\/238"},{"embeddable":true,"taxonomy":"product_cat","href":"https:\/\/artistics.com\/fr\/wp-json\/wp\/v2\/product_cat\/215"},{"embeddable":true,"taxonomy":"product_cat","href":"https:\/\/artistics.com\/fr\/wp-json\/wp\/v2\/product_cat\/189"},{"embeddable":true,"taxonomy":"product_cat","href":"https:\/\/artistics.com\/fr\/wp-json\/wp\/v2\/product_cat\/2602"},{"embeddable":true,"taxonomy":"product_cat","href":"https:\/\/artistics.com\/fr\/wp-json\/wp\/v2\/product_cat\/421"},{"embeddable":true,"taxonomy":"product_cat","href":"https:\/\/artistics.com\/fr\/wp-json\/wp\/v2\/product_cat\/2491"},{"embeddable":true,"taxonomy":"product_cat","href":"https:\/\/artistics.com\/fr\/wp-json\/wp\/v2\/product_cat\/2067"},{"embeddable":true,"taxonomy":"product_cat","href":"https:\/\/artistics.com\/fr\/wp-json\/wp\/v2\/product_cat\/338"},{"embeddable":true,"taxonomy":"product_cat","href":"https:\/\/artistics.com\/fr\/wp-json\/wp\/v2\/product_cat\/204"},{"embeddable":true,"taxonomy":"product_cat","href":"https:\/\/artistics.com\/fr\/wp-json\/wp\/v2\/product_cat\/164"}],"acf:post":[{"embeddable":true,"href":"https:\/\/artistics.com\/fr\/wp-json\/wp\/v2\/artist\/2810"}],"wp:featuredmedia":[{"embeddable":true,"href":"https:\/\/artistics.com\/fr\/wp-json\/wp\/v2\/media\/20857"}],"wp:attachment":[{"href":"https:\/\/artistics.com\/fr\/wp-json\/wp\/v2\/media?parent=23323"}],"wp:term":[{"taxonomy":"product_cat","embeddable":true,"href":"https:\/\/artistics.com\/fr\/wp-json\/wp\/v2\/product_cat?post=23323"},{"taxonomy":"product_tag","embeddable":true,"href":"https:\/\/artistics.com\/fr\/wp-json\/wp\/v2\/product_tag?post=23323"},{"taxonomy":"series","embeddable":true,"href":"https:\/\/artistics.com\/fr\/wp-json\/wp\/v2\/series?post=23323"}],"curies":[{"name":"wp","href":"https:\/\/api.w.org\/{rel}","templated":true}]}}