{"id":23189,"date":"2024-03-05T10:15:35","date_gmt":"2024-03-05T09:15:35","guid":{"rendered":"https:\/\/2022.devartistics.com\/artwork\/winston\/"},"modified":"2023-04-22T02:17:25","modified_gmt":"2023-04-22T00:17:25","slug":"winston","status":"publish","type":"product","link":"https:\/\/artistics.com\/fr\/oeuvre\/winston\/","title":{"rendered":"Winston"},"content":{"rendered":"","protected":false},"excerpt":{"rendered":"","protected":false},"featured_media":19688,"template":"","meta":{"_acf_changed":false,"_searchwp_excluded":"","inline_featured_image":false},"product_cat":[421,164,192,196,208,209,212,215,238],"product_tag":[368],"series":[2266],"class_list":{"0":"post-23189","1":"product","2":"type-product","3":"status-publish","4":"has-post-thumbnail","6":"product_cat-sculpture-dexterieur","7":"product_cat-sculpture-contemporaine","8":"product_cat-art-figuratif","9":"product_cat-portrait-et-figure","10":"product_cat-sculpture-en-bronze","11":"product_cat-sculpture-figurative","12":"product_cat-sculpture-portrait-et-figure","13":"product_cat-grand","14":"product_cat-plus-de-10-000-e","15":"product_tag-sculpture-grand-format","16":"series-cecil-raynal-les-illustres","18":"first","19":"instock","20":"taxable","21":"shipping-taxable","22":"purchasable","23":"product-type-simple"},"acf":{"artwork_artist":[2769],"artwork_medium":164,"artwork_categories":[212,208,209],"artwork_overall-tones":[],"artwork_main-material":[],"artwork_art-genre":[421,196],"artwork_art-movement":[192],"artwork_miscellaneous":[],"artwork_formats":[215],"artwork_price-ranges":[238],"artwork_main_subject":[],"artwork_technique":[],"artwork_featured_location":[],"artwork_dominant_color":[],"artwork_physical_attributes":[368,368],"artwork_creation_date":"20220101","artwork_unique_piece":false,"artwork_description":"Sculpture en bronze","artwork_signature":"Signed artwork","artwork_authenticity":"The artwork is sold with a certificate of authenticity signed by the artist.","artwork_framing":"not_specified","artwork_has_custom_framing_info":false,"artwork_custom_framing_info":"Not specified","artwork_location_country":"FR","artwork_location_city":"Criquetot-l'Esneval","artwork_location_zipcode":"76 280","artwork_shipment_type":"3D_artwork","artwork_shipping_delivery":"sculpture_edition_production_time","artwork_has_custom_shipping_delivery_info":false,"artwork_custom_shipping_delivery_info":"Not specified","artwork_360_view_url":"","artwork_video_url":"","artwork_video_format":[],"artwork_preview_type":"featured_image","artwork_reserved":false,"artwork_hide_price":false,"artwork_about":"<p ><span ><em><strong>Winston<\/strong><\/em> est une sculpture en bronze de l\u2019artiste C\u00e9cile Raynal.<\/span><\/p><p ><span >L\u2019\u0153uvre repr\u00e9sente Winston Churchill et elle a \u00e9t\u00e9 cr\u00e9\u00e9e par la sculptrice fran\u00e7aise sur initiative du Maire de Cap d\u2019Ail, une commune sur la C\u00f4te d\u2019Azur. Dans les ann\u00e9es d'apr\u00e8s-guerre, le \"vieux lion\" effectua de nombreux et longs s\u00e9jours \u00e0 Cap d\u2019Ail dans la villa La Capponcina, ancienne propri\u00e9t\u00e9 de son ami Lord Beaverbrook. L\u00e0-bas, inspir\u00e9 par les paysages et la tranquillit\u00e9 du lieu, il s'adonna avec passion \u00e0 la peinture. En septembre 1952 la municipalit\u00e9 de Cap d'Ail lui conf\u00e8re le titre de maire honoraire de la ville ; la sculpture de C\u00e9cile Raynal comm\u00e9more le 70e anniversaire de cet \u00e9v\u00e9nement. L\u2019\u0153uvre, install\u00e9e au bas de la villa Capponcina en surplomb du sentier du littoral, a \u00e9t\u00e9 inaugur\u00e9e le 1er octobre 2022 en pr\u00e9sence du Prince Albert II de Monaco.\u00a0<\/span><\/p><p ><span >Le processus de cr\u00e9ation commence avec un travail d\u2019immersion dans la vie et le monde du personnage : C\u00e9cile Raynal lit les biographies de Churchill, les discours qu\u2019il a donn\u00e9s, les lettres entre lui et sa femme, une partie de son journal sur la guerre. Elle regarde \u00e9galement les photos de lui enfant et jeune homme, les images d\u2019archive de la guerre et, bien s\u00fbr, ses peintures. Le travail se d\u00e9cline en plusieurs phases : d\u2019abord des esquisses, puis des sculptures en terre \u00e0 \u00e9chelle r\u00e9duite, ensuite la sculpture en argile en grand format. Apr\u00e8s la cuisson, celle-ci est livr\u00e9e \u00e0 la fonderie qui, \u00e0 travers le proc\u00e9d\u00e9 de moulage \u00e0 la cire perdue, coule la sculpture finale en bronze.\u00a0<\/span><\/p><p ><span >L\u2019ambition de C\u00e9cile Raynal est celle de transf\u00e9rer dans le portrait les multiples identit\u00e9s et traits de personnalit\u00e9 du politicien : son humour, son intelligence, mais \u00e9galement sa duret\u00e9 et une certaine angoisse. Pour ce faire, C\u00e9cile Raynal essaie de reproduire la situation d\u2019une rencontre fictive avec Churchill, dans laquelle elle dialogue avec ses diff\u00e9rentes vies et voix. La sculpture qui ressort de cette rencontre est impr\u00e9gn\u00e9e de l\u2019ambivalence des ressentis de l\u2019artiste par rapport au personnage historique : conservateur et aristocrate d\u2019une part mais \u00e9galement sauveur de l\u2019Europe gr\u00e2ce \u00e0 sa force et son courage. Le Churchill de C\u00e9cile Raynal porte des habits d\u2019homme aristocrate et politique, avec par-dessus une veste de peintre et des pinceaux dans la poche.\u00a0<\/span><\/p><p ><span >\u00ab <em>Comme pour chaque portrait, chaque rencontre, la qualit\u00e9 de la sculpture en cours tient \u00e0 la porosit\u00e9 de mes mains, leur disponibilit\u00e9 \u00e0 percevoir celui qui, en l\u2019occurrence, est disparu, fig\u00e9 dans des images et omnipr\u00e9sent. Se laisser presque absorber par les diff\u00e9rents Winston, aux vies multiples dont l\u2019histoire changeait l\u2019Histoire.<\/em>\u00a0\u00bb<\/span><\/p><p ><span >La sculpture est une \u00e9dition limit\u00e9e de 8 exemplaires et 4 \u00e9preuves d\u2019artistes, sign\u00e9s et num\u00e9rot\u00e9s. Pour d\u00e9couvrir plus sur la cr\u00e9ation de cette pi\u00e8ce, nous vous invitons \u00e0 lire <span ><a href=\"https:\/\/artistics.com\/fr\/artzine\/la-sculpture-winston-de-cecile-raynal-inauguree-a-cap-dail\/\"><span >cet article<\/span><\/a><\/span>.\u00a0<\/span><\/p>","artwork_series":[2266],"artwork_query_group":"10","artwork_lowest_grid_position":1,"artwork_random_position":1880737,"explicit_sensitive_content":false,"drupal_id":"9843"},"yoast_head":"<!-- This site is optimized with the Yoast SEO Premium plugin v27.3 (Yoast SEO v27.3) - https:\/\/yoast.com\/product\/yoast-seo-premium-wordpress\/ -->\n<title>Artistics | Winston par C\u00e9cile Raynal - Sculpture contemporaine<\/title>\n<meta name=\"description\" content=\"Winston par C\u00e9cile Raynal - achat d&#039;\u0153uvres d&#039;art contemporain originales sur la galerie d&#039;art en ligne Artistics.\" \/>\n<meta name=\"robots\" content=\"index, follow, max-snippet:-1, max-image-preview:large, max-video-preview:-1\" \/>\n<link rel=\"canonical\" href=\"https:\/\/artistics.com\/fr\/oeuvre\/winston\/\" \/>\n<meta property=\"og:locale\" content=\"fr_FR\" \/>\n<meta property=\"og:type\" content=\"article\" \/>\n<meta property=\"og:title\" content=\"Winston\" \/>\n<meta property=\"og:description\" content=\"Winston par C\u00e9cile Raynal - achat d&#039;\u0153uvres d&#039;art contemporain originales sur la galerie d&#039;art en ligne Artistics.\" \/>\n<meta property=\"og:url\" content=\"https:\/\/artistics.com\/fr\/oeuvre\/winston\/\" \/>\n<meta property=\"og:site_name\" content=\"Artistics\" \/>\n<meta property=\"article:publisher\" content=\"https:\/\/www.facebook.com\/ArtisticsMag\" \/>\n<meta property=\"og:image\" content=\"https:\/\/artistics.com\/wp-content\/uploads\/2023\/04\/winston-figurative-bronze-sculpture-by-cecile-raynal_3.jpg\" \/>\n\t<meta property=\"og:image:width\" content=\"1000\" \/>\n\t<meta property=\"og:image:height\" content=\"1333\" \/>\n\t<meta property=\"og:image:type\" content=\"image\/jpeg\" \/>\n<meta name=\"twitter:card\" content=\"summary_large_image\" \/>\n<meta name=\"twitter:site\" content=\"@Artistics_FR\" \/>\n<meta name=\"twitter:label1\" content=\"Prix\" \/>\n\t<meta name=\"twitter:data1\" content=\"85 000&nbsp;&euro;\" \/>\n\t<meta name=\"twitter:label2\" content=\"Disponibilit\u00e9\" \/>\n\t<meta name=\"twitter:data2\" content=\"En stock\" \/>\n<script type=\"application\/ld+json\" class=\"yoast-schema-graph\">{\"@context\":\"https:\\\/\\\/schema.org\",\"@graph\":[{\"@type\":[\"WebPage\",\"ItemPage\"],\"@id\":\"https:\\\/\\\/artistics.com\\\/fr\\\/oeuvre\\\/winston\\\/\",\"url\":\"https:\\\/\\\/artistics.com\\\/fr\\\/oeuvre\\\/winston\\\/\",\"name\":\"Artistics | Winston par C\u00e9cile Raynal - Sculpture contemporaine\",\"isPartOf\":{\"@id\":\"https:\\\/\\\/artistics.com\\\/fr\\\/#website\"},\"primaryImageOfPage\":{\"@id\":\"https:\\\/\\\/artistics.com\\\/fr\\\/oeuvre\\\/winston\\\/#primaryimage\"},\"image\":{\"@id\":\"https:\\\/\\\/artistics.com\\\/fr\\\/oeuvre\\\/winston\\\/#primaryimage\"},\"thumbnailUrl\":\"https:\\\/\\\/artistics.com\\\/wp-content\\\/uploads\\\/2023\\\/04\\\/winston-figurative-bronze-sculpture-by-cecile-raynal_3.jpg\",\"datePublished\":\"2024-03-05T09:15:35+00:00\",\"description\":\"Winston par C\u00e9cile Raynal - achat d'\u0153uvres d'art contemporain originales sur la galerie d'art en ligne Artistics.\",\"breadcrumb\":{\"@id\":\"https:\\\/\\\/artistics.com\\\/fr\\\/oeuvre\\\/winston\\\/#breadcrumb\"},\"inLanguage\":\"fr-FR\",\"potentialAction\":[{\"@type\":\"ReadAction\",\"target\":[\"https:\\\/\\\/artistics.com\\\/fr\\\/oeuvre\\\/winston\\\/\"]}]},{\"@type\":\"ImageObject\",\"inLanguage\":\"fr-FR\",\"@id\":\"https:\\\/\\\/artistics.com\\\/fr\\\/oeuvre\\\/winston\\\/#primaryimage\",\"url\":\"https:\\\/\\\/artistics.com\\\/wp-content\\\/uploads\\\/2023\\\/04\\\/winston-figurative-bronze-sculpture-by-cecile-raynal_3.jpg\",\"contentUrl\":\"https:\\\/\\\/artistics.com\\\/wp-content\\\/uploads\\\/2023\\\/04\\\/winston-figurative-bronze-sculpture-by-cecile-raynal_3.jpg\",\"width\":1000,\"height\":1333},{\"@type\":\"BreadcrumbList\",\"@id\":\"https:\\\/\\\/artistics.com\\\/fr\\\/oeuvre\\\/winston\\\/#breadcrumb\",\"itemListElement\":[{\"@type\":\"ListItem\",\"position\":1,\"name\":\"Achat \u0153uvre d'art\",\"item\":\"https:\\\/\\\/artistics.com\\\/fr\\\/\"},{\"@type\":\"ListItem\",\"position\":2,\"name\":\"Galerie\",\"item\":\"https:\\\/\\\/artistics.com\\\/fr\\\/galerie\\\/\"},{\"@type\":\"ListItem\",\"position\":3,\"name\":\"Sculpture contemporaine\",\"item\":\"https:\\\/\\\/artistics.com\\\/fr\\\/categorie-oeuvre\\\/sculpture-contemporaine\\\/\"},{\"@type\":\"ListItem\",\"position\":4,\"name\":\"Winston\"}]},{\"@type\":\"WebSite\",\"@id\":\"https:\\\/\\\/artistics.com\\\/fr\\\/#website\",\"url\":\"https:\\\/\\\/artistics.com\\\/fr\\\/\",\"name\":\"Artistics\",\"description\":\"The online art gallery\",\"publisher\":{\"@id\":\"https:\\\/\\\/artistics.com\\\/fr\\\/#organization\"},\"potentialAction\":[{\"@type\":\"SearchAction\",\"target\":{\"@type\":\"EntryPoint\",\"urlTemplate\":\"https:\\\/\\\/artistics.com\\\/fr\\\/?s={search_term_string}\"},\"query-input\":{\"@type\":\"PropertyValueSpecification\",\"valueRequired\":true,\"valueName\":\"search_term_string\"}}],\"inLanguage\":\"fr-FR\"},{\"@type\":\"Organization\",\"@id\":\"https:\\\/\\\/artistics.com\\\/fr\\\/#organization\",\"name\":\"Artistics\",\"url\":\"https:\\\/\\\/artistics.com\\\/fr\\\/\",\"logo\":{\"@type\":\"ImageObject\",\"inLanguage\":\"fr-FR\",\"@id\":\"https:\\\/\\\/artistics.com\\\/fr\\\/#\\\/schema\\\/logo\\\/image\\\/\",\"url\":\"https:\\\/\\\/artistics.com\\\/wp-content\\\/uploads\\\/2023\\\/02\\\/artistics-logo-web-1.svg\",\"contentUrl\":\"https:\\\/\\\/artistics.com\\\/wp-content\\\/uploads\\\/2023\\\/02\\\/artistics-logo-web-1.svg\",\"caption\":\"Artistics\"},\"image\":{\"@id\":\"https:\\\/\\\/artistics.com\\\/fr\\\/#\\\/schema\\\/logo\\\/image\\\/\"},\"sameAs\":[\"https:\\\/\\\/www.facebook.com\\\/ArtisticsMag\",\"https:\\\/\\\/x.com\\\/Artistics_FR\",\"http:\\\/\\\/www.linkedin.com\\\/company\\\/artistics\",\"https:\\\/\\\/www.instagram.com\\\/artistics_com\\\/\",\"http:\\\/\\\/www.pinterest.com\\\/ArtisticsMag\"],\"hasMerchantReturnPolicy\":{\"@type\":\"MerchantReturnPolicy\",\"merchantReturnLink\":\"https:\\\/\\\/artistics.com\\\/free-return-policy\\\/\"}}]}<\/script>\n<meta property=\"product:price:amount\" content=\"85000\" \/>\n<meta property=\"product:price:currency\" content=\"EUR\" \/>\n<meta property=\"og:availability\" content=\"instock\" \/>\n<meta property=\"product:availability\" content=\"instock\" \/>\n<meta property=\"product:retailer_item_id\" content=\"9844\" \/>\n<meta property=\"product:condition\" content=\"new\" \/>\n<!-- \/ Yoast SEO Premium plugin. -->","yoast_head_json":{"title":"Artistics | Winston par C\u00e9cile Raynal - Sculpture contemporaine","description":"Winston par C\u00e9cile Raynal - achat d'\u0153uvres d'art contemporain originales sur la galerie d'art en ligne Artistics.","robots":{"index":"index","follow":"follow","max-snippet":"max-snippet:-1","max-image-preview":"max-image-preview:large","max-video-preview":"max-video-preview:-1"},"canonical":"https:\/\/artistics.com\/fr\/oeuvre\/winston\/","og_locale":"fr_FR","og_type":"article","og_title":"Winston","og_description":"Winston par C\u00e9cile Raynal - achat d'\u0153uvres d'art contemporain originales sur la galerie d'art en ligne Artistics.","og_url":"https:\/\/artistics.com\/fr\/oeuvre\/winston\/","og_site_name":"Artistics","article_publisher":"https:\/\/www.facebook.com\/ArtisticsMag","og_image":[{"width":1000,"height":1333,"url":"https:\/\/artistics.com\/wp-content\/uploads\/2023\/04\/winston-figurative-bronze-sculpture-by-cecile-raynal_3.jpg","type":"image\/jpeg"}],"twitter_card":"summary_large_image","twitter_site":"@Artistics_FR","twitter_misc":{"Prix":"85 000&nbsp;&euro;","Disponibilit\u00e9":"En stock"},"schema":{"@context":"https:\/\/schema.org","@graph":[{"@type":["WebPage","ItemPage"],"@id":"https:\/\/artistics.com\/fr\/oeuvre\/winston\/","url":"https:\/\/artistics.com\/fr\/oeuvre\/winston\/","name":"Artistics | Winston par C\u00e9cile Raynal - Sculpture contemporaine","isPartOf":{"@id":"https:\/\/artistics.com\/fr\/#website"},"primaryImageOfPage":{"@id":"https:\/\/artistics.com\/fr\/oeuvre\/winston\/#primaryimage"},"image":{"@id":"https:\/\/artistics.com\/fr\/oeuvre\/winston\/#primaryimage"},"thumbnailUrl":"https:\/\/artistics.com\/wp-content\/uploads\/2023\/04\/winston-figurative-bronze-sculpture-by-cecile-raynal_3.jpg","datePublished":"2024-03-05T09:15:35+00:00","description":"Winston par C\u00e9cile Raynal - achat d'\u0153uvres d'art contemporain originales sur la galerie d'art en ligne Artistics.","breadcrumb":{"@id":"https:\/\/artistics.com\/fr\/oeuvre\/winston\/#breadcrumb"},"inLanguage":"fr-FR","potentialAction":[{"@type":"ReadAction","target":["https:\/\/artistics.com\/fr\/oeuvre\/winston\/"]}]},{"@type":"ImageObject","inLanguage":"fr-FR","@id":"https:\/\/artistics.com\/fr\/oeuvre\/winston\/#primaryimage","url":"https:\/\/artistics.com\/wp-content\/uploads\/2023\/04\/winston-figurative-bronze-sculpture-by-cecile-raynal_3.jpg","contentUrl":"https:\/\/artistics.com\/wp-content\/uploads\/2023\/04\/winston-figurative-bronze-sculpture-by-cecile-raynal_3.jpg","width":1000,"height":1333},{"@type":"BreadcrumbList","@id":"https:\/\/artistics.com\/fr\/oeuvre\/winston\/#breadcrumb","itemListElement":[{"@type":"ListItem","position":1,"name":"Achat \u0153uvre d'art","item":"https:\/\/artistics.com\/fr\/"},{"@type":"ListItem","position":2,"name":"Galerie","item":"https:\/\/artistics.com\/fr\/galerie\/"},{"@type":"ListItem","position":3,"name":"Sculpture contemporaine","item":"https:\/\/artistics.com\/fr\/categorie-oeuvre\/sculpture-contemporaine\/"},{"@type":"ListItem","position":4,"name":"Winston"}]},{"@type":"WebSite","@id":"https:\/\/artistics.com\/fr\/#website","url":"https:\/\/artistics.com\/fr\/","name":"Artistics","description":"The online art gallery","publisher":{"@id":"https:\/\/artistics.com\/fr\/#organization"},"potentialAction":[{"@type":"SearchAction","target":{"@type":"EntryPoint","urlTemplate":"https:\/\/artistics.com\/fr\/?s={search_term_string}"},"query-input":{"@type":"PropertyValueSpecification","valueRequired":true,"valueName":"search_term_string"}}],"inLanguage":"fr-FR"},{"@type":"Organization","@id":"https:\/\/artistics.com\/fr\/#organization","name":"Artistics","url":"https:\/\/artistics.com\/fr\/","logo":{"@type":"ImageObject","inLanguage":"fr-FR","@id":"https:\/\/artistics.com\/fr\/#\/schema\/logo\/image\/","url":"https:\/\/artistics.com\/wp-content\/uploads\/2023\/02\/artistics-logo-web-1.svg","contentUrl":"https:\/\/artistics.com\/wp-content\/uploads\/2023\/02\/artistics-logo-web-1.svg","caption":"Artistics"},"image":{"@id":"https:\/\/artistics.com\/fr\/#\/schema\/logo\/image\/"},"sameAs":["https:\/\/www.facebook.com\/ArtisticsMag","https:\/\/x.com\/Artistics_FR","http:\/\/www.linkedin.com\/company\/artistics","https:\/\/www.instagram.com\/artistics_com\/","http:\/\/www.pinterest.com\/ArtisticsMag"],"hasMerchantReturnPolicy":{"@type":"MerchantReturnPolicy","merchantReturnLink":"https:\/\/artistics.com\/free-return-policy\/"}}]},"product_price_amount":"85000","product_price_currency":"EUR","og_availability":"instock","product_availability":"instock","product_retailer_item_id":"9844","product_condition":"new"},"_links":{"self":[{"href":"https:\/\/artistics.com\/fr\/wp-json\/wp\/v2\/product\/23189","targetHints":{"allow":["GET"]}}],"collection":[{"href":"https:\/\/artistics.com\/fr\/wp-json\/wp\/v2\/product"}],"about":[{"href":"https:\/\/artistics.com\/fr\/wp-json\/wp\/v2\/types\/product"}],"acf:term":[{"embeddable":true,"taxonomy":"series","href":"https:\/\/artistics.com\/fr\/wp-json\/wp\/v2\/series\/2266"},{"embeddable":true,"taxonomy":"product_tag","href":"https:\/\/artistics.com\/fr\/wp-json\/wp\/v2\/product_tag\/368"},{"embeddable":true,"taxonomy":"product_cat","href":"https:\/\/artistics.com\/fr\/wp-json\/wp\/v2\/product_cat\/238"},{"embeddable":true,"taxonomy":"product_cat","href":"https:\/\/artistics.com\/fr\/wp-json\/wp\/v2\/product_cat\/215"},{"embeddable":true,"taxonomy":"product_cat","href":"https:\/\/artistics.com\/fr\/wp-json\/wp\/v2\/product_cat\/192"},{"embeddable":true,"taxonomy":"product_cat","href":"https:\/\/artistics.com\/fr\/wp-json\/wp\/v2\/product_cat\/196"},{"embeddable":true,"taxonomy":"product_cat","href":"https:\/\/artistics.com\/fr\/wp-json\/wp\/v2\/product_cat\/421"},{"embeddable":true,"taxonomy":"product_cat","href":"https:\/\/artistics.com\/fr\/wp-json\/wp\/v2\/product_cat\/209"},{"embeddable":true,"taxonomy":"product_cat","href":"https:\/\/artistics.com\/fr\/wp-json\/wp\/v2\/product_cat\/208"},{"embeddable":true,"taxonomy":"product_cat","href":"https:\/\/artistics.com\/fr\/wp-json\/wp\/v2\/product_cat\/212"},{"embeddable":true,"taxonomy":"product_cat","href":"https:\/\/artistics.com\/fr\/wp-json\/wp\/v2\/product_cat\/164"}],"acf:post":[{"embeddable":true,"href":"https:\/\/artistics.com\/fr\/wp-json\/wp\/v2\/artist\/2769"}],"wp:featuredmedia":[{"embeddable":true,"href":"https:\/\/artistics.com\/fr\/wp-json\/wp\/v2\/media\/19688"}],"wp:attachment":[{"href":"https:\/\/artistics.com\/fr\/wp-json\/wp\/v2\/media?parent=23189"}],"wp:term":[{"taxonomy":"product_cat","embeddable":true,"href":"https:\/\/artistics.com\/fr\/wp-json\/wp\/v2\/product_cat?post=23189"},{"taxonomy":"product_tag","embeddable":true,"href":"https:\/\/artistics.com\/fr\/wp-json\/wp\/v2\/product_tag?post=23189"},{"taxonomy":"series","embeddable":true,"href":"https:\/\/artistics.com\/fr\/wp-json\/wp\/v2\/series?post=23189"}],"curies":[{"name":"wp","href":"https:\/\/api.w.org\/{rel}","templated":true}]}}