{"id":23151,"date":"2022-08-11T17:45:42","date_gmt":"2022-08-11T15:45:42","guid":{"rendered":"https:\/\/2022.devartistics.com\/artwork\/do-dolls-have-emotions-1\/"},"modified":"2024-02-14T12:12:40","modified_gmt":"2024-02-14T11:12:40","slug":"do-dolls-have-emotions-1","status":"publish","type":"product","link":"https:\/\/artistics.com\/fr\/oeuvre\/do-dolls-have-emotions-1\/","title":{"rendered":"DO DOLLS HAVE EMOTIONS? 1"},"content":{"rendered":"","protected":false},"excerpt":{"rendered":"","protected":false},"featured_media":19336,"template":"","meta":{"_acf_changed":false,"_searchwp_excluded":"","inline_featured_image":false},"product_cat":[2597,2598,24,162,169,170,143,144,189,190,192,120,131,215,121,122,123,228,236,233],"product_tag":[514,514,572,354,342,570,570,354,572,342],"series":[2025],"class_list":{"0":"post-23151","1":"product","2":"type-product","3":"status-publish","4":"has-post-thumbnail","6":"product_cat-animal-painting","7":"product_cat-peinture-animaliere","8":"product_cat-contemporary-painting","9":"product_cat-peinture-contemporaine","10":"product_cat-peinture-abstraite","11":"product_cat-peinture-figurative","12":"product_cat-abstract-painting","13":"product_cat-figurative-painting","14":"product_cat-art-abstrait","15":"product_cat-animal","16":"product_cat-art-figuratif","17":"product_cat-large","18":"product_cat-vivid-colors","19":"product_cat-grand","20":"product_cat-abstract-art","21":"product_cat-figurative-art","23":"product_cat-couleurs-vives","24":"product_cat-de-3000-a-10-000-e","25":"product_cat-from-3000-to-10000","26":"product_tag-fleur","28":"product_tag-vert","29":"product_tag-tableau-grand-format","30":"product_tag-peinture-couleurs-vives","31":"product_tag-rose","36":"series-zoran-simunovic-do-dolls-have-emotions-fr","38":"first","39":"instock","40":"taxable","41":"shipping-taxable","42":"purchasable","43":"product-type-simple"},"acf":{"artwork_artist":[2808],"artwork_medium":162,"artwork_categories":[169,170,2598],"artwork_overall-tones":[228],"artwork_main-material":[],"artwork_art-genre":[],"artwork_art-movement":[189,192],"artwork_miscellaneous":[190],"artwork_formats":[215],"artwork_price-ranges":[236],"artwork_main_subject":[514],"artwork_technique":[],"artwork_featured_location":[],"artwork_dominant_color":[570,572],"artwork_physical_attributes":[354,342],"artwork_creation_date":"20220101","artwork_unique_piece":true,"artwork_description":"Huile sur toile","artwork_signature":"\u0152uvre sign\u00e9e","artwork_authenticity":"L\u2019\u0153uvre est vendue avec un certificat d\u2019authenticit\u00e9 sign\u00e9 par l\u2019artiste.","artwork_framing":"framed","artwork_has_custom_framing_info":true,"artwork_custom_framing_info":"L\u2019\u0153uvre est vendue encadr\u00e9e. Dimensions de l\u2019\u0153uvre encadr\u00e9e\u00a0: 182 x 152 cm.","artwork_location_country":"HR","artwork_location_city":"Osijek","artwork_location_zipcode":"31000","artwork_shipment_type":"2D_flat_artwork","artwork_shipping_delivery":"painting_immediate_availability","artwork_has_custom_shipping_delivery_info":false,"artwork_custom_shipping_delivery_info":"Not specified","artwork_360_view_url":"","artwork_video_url":"https:\/\/www.youtube.com\/watch?v=rQIjc00Fu5U","artwork_video_format":[],"artwork_preview_type":"featured_image","artwork_reserved":false,"artwork_hide_price":false,"artwork_about":"<em><strong>DO DOLLS HAVE EMOTIONS? 1<\/strong> <\/em>est une \u0153uvre de l\u2019artiste croate Zoran \u0160imunovi\u0107 issue de la s\u00e9rie DO DOLLS HAVE EMOTIONS?.\r\n\r\nDans cette \u0153uvre, le rose ressort avec \u00e9vidence. Cette couleur est particuli\u00e8rement ch\u00e8re \u00e0 l\u2019artiste, qui d\u00e9clare\u00a0: \u00ab\u00a0<em>La maison est le reflet de ma personnalit\u00e9, et je suis un optimiste incorrigible. Je dis toujours que je ne vois pas le monde \u00e0 travers des lunettes roses, mais \u00e0 travers des yeux roses. Cette couleur me rend infiniment heureux, alors j'essaie de l'inclure dans mes \u0153uvres et dans ma maison<\/em>\u00a0\u00bb.\r\n\r\nPour Zoran \u0160imunovi\u0107, l\u2019art est avant tout jeu et plaisir. Sa vision de la vie est extr\u00eamement optimiste et il cherche\u00e0 travers ses \u0153uvres \u00e0 \u00e9voquer chez l\u2019observateur des \u00e9motions positives ou des souvenirs personnels heureux. Pour cela, il emploie dans ses peintures des combinaisons raffin\u00e9es de couleurs vives et attrayantes. L\u2019artiste trouve son inspiration dans les espaces qui l\u2019entourent et les objets ordinaires qui font partie de sa vie\u00a0: les jouets, les fruits, les meubles, les plantes\u2026 Ces petites choses communes mais importantes qui attirent son attention et sa cr\u00e9ativit\u00e9 sont mises \u00e0 l\u2019honneur dans ses tableaux.\r\n\r\n<a id=\"_Hlk111192976\" name=\"_Hlk111192976\"><\/a>\u00ab\u00a0<em>Certaines des choses que je peins datent de mon enfance, d'autres sont plus r\u00e9centes. Leur datation n'est pas importante. Ce qui l'est, c'est l'\u00e9motion qu'ils \u00e9veillent en moi. Il est parfois difficile pour les artistes de mettre \u00e0 nu leur intimit\u00e9 et de la montrer au monde, mais cela ne me pose aucun probl\u00e8me. Peut-<\/em><em>\u00eatre parce que je suis toujours heureux avec les peintures, qui me procurent du plaisir et du bonheur, et j'esp\u00e8re qu\u2019elles auront le m\u00eame effet sur le public.<\/em>\u00a0\u00bb\r\n\r\nGr\u00e2ce \u00e0 une composition unique qui m\u00e9lange harmonieusement motifs figuratifs et \u00e9l\u00e9ments abstraits, Zoran parvient \u00e0 cr\u00e9er des mondes imaginaires et po\u00e9tiques, charg\u00e9s d\u2019interrelations symboliques \u00e0 d\u00e9chiffrer. Ces espaces narratifs et introspectifs racontent ses souvenirs, ses \u00e9motions et ses r\u00eaves mais ils trouvent en m\u00eame temps un \u00e9cho chez l\u2019observateur, gr\u00e2ce \u00e0 l\u2019interpr\u00e9tation personnelle qu\u2019ils suscitent.\r\n\r\nL\u2019\u0153uvre est vendue encadr\u00e9e. Dimensions de l\u2019\u0153uvre encadr\u00e9e\u00a0: 182 x 152 cm.","artwork_series":[2025],"artwork_query_group":"20","artwork_lowest_grid_position":1,"artwork_random_position":6660069,"explicit_sensitive_content":false,"drupal_id":"9753"},"yoast_head":"<!-- This site is optimized with the Yoast SEO Premium plugin v27.3 (Yoast SEO v27.3) - https:\/\/yoast.com\/product\/yoast-seo-premium-wordpress\/ -->\n<title>Artistics | DO DOLLS HAVE EMOTIONS? 1 par Zoran \u0160imunovi\u0107 - Peinture contemporaine<\/title>\n<meta name=\"description\" content=\"DO DOLLS HAVE EMOTIONS? 1 par Zoran \u0160imunovi\u0107 - achat d&#039;\u0153uvres d&#039;art contemporain originales sur la galerie d&#039;art en ligne Artistics.\" \/>\n<meta name=\"robots\" content=\"index, follow, max-snippet:-1, max-image-preview:large, max-video-preview:-1\" \/>\n<link rel=\"canonical\" href=\"https:\/\/artistics.com\/fr\/oeuvre\/do-dolls-have-emotions-1\/\" \/>\n<meta property=\"og:locale\" content=\"fr_FR\" \/>\n<meta property=\"og:type\" content=\"article\" \/>\n<meta property=\"og:title\" content=\"DO DOLLS HAVE EMOTIONS? 1\" \/>\n<meta property=\"og:description\" content=\"DO DOLLS HAVE EMOTIONS? 1 par Zoran \u0160imunovi\u0107 - achat d&#039;\u0153uvres d&#039;art contemporain originales sur la galerie d&#039;art en ligne Artistics.\" \/>\n<meta property=\"og:url\" content=\"https:\/\/artistics.com\/fr\/oeuvre\/do-dolls-have-emotions-1\/\" \/>\n<meta property=\"og:site_name\" content=\"Artistics\" \/>\n<meta property=\"article:publisher\" content=\"https:\/\/www.facebook.com\/ArtisticsMag\" \/>\n<meta property=\"article:modified_time\" content=\"2024-02-14T11:12:40+00:00\" \/>\n<meta property=\"og:image\" content=\"https:\/\/artistics.com\/wp-content\/uploads\/2023\/04\/do-dolls-have-emotions-1-colorful-oil-painting-by-zoran-simunovic-2.jpg\" \/>\n\t<meta property=\"og:image:width\" content=\"1000\" \/>\n\t<meta property=\"og:image:height\" content=\"1205\" \/>\n\t<meta property=\"og:image:type\" content=\"image\/jpeg\" \/>\n<meta name=\"twitter:card\" content=\"summary_large_image\" \/>\n<meta name=\"twitter:site\" content=\"@Artistics_FR\" \/>\n<meta name=\"twitter:label1\" content=\"Prix\" \/>\n\t<meta name=\"twitter:data1\" content=\"8 900&nbsp;&euro;\" \/>\n\t<meta name=\"twitter:label2\" content=\"Disponibilit\u00e9\" \/>\n\t<meta name=\"twitter:data2\" content=\"En stock\" \/>\n<script type=\"application\/ld+json\" class=\"yoast-schema-graph\">{\"@context\":\"https:\\\/\\\/schema.org\",\"@graph\":[{\"@type\":[\"WebPage\",\"ItemPage\"],\"@id\":\"https:\\\/\\\/artistics.com\\\/fr\\\/oeuvre\\\/do-dolls-have-emotions-1\\\/\",\"url\":\"https:\\\/\\\/artistics.com\\\/fr\\\/oeuvre\\\/do-dolls-have-emotions-1\\\/\",\"name\":\"Artistics | DO DOLLS HAVE EMOTIONS? 1 par Zoran \u0160imunovi\u0107 - Peinture contemporaine\",\"isPartOf\":{\"@id\":\"https:\\\/\\\/artistics.com\\\/fr\\\/#website\"},\"primaryImageOfPage\":{\"@id\":\"https:\\\/\\\/artistics.com\\\/fr\\\/oeuvre\\\/do-dolls-have-emotions-1\\\/#primaryimage\"},\"image\":{\"@id\":\"https:\\\/\\\/artistics.com\\\/fr\\\/oeuvre\\\/do-dolls-have-emotions-1\\\/#primaryimage\"},\"thumbnailUrl\":\"https:\\\/\\\/artistics.com\\\/wp-content\\\/uploads\\\/2023\\\/04\\\/do-dolls-have-emotions-1-colorful-oil-painting-by-zoran-simunovic-2.jpg\",\"datePublished\":\"2022-08-11T15:45:42+00:00\",\"dateModified\":\"2024-02-14T11:12:40+00:00\",\"description\":\"DO DOLLS HAVE EMOTIONS? 1 par Zoran \u0160imunovi\u0107 - achat d'\u0153uvres d'art contemporain originales sur la galerie d'art en ligne Artistics.\",\"breadcrumb\":{\"@id\":\"https:\\\/\\\/artistics.com\\\/fr\\\/oeuvre\\\/do-dolls-have-emotions-1\\\/#breadcrumb\"},\"inLanguage\":\"fr-FR\",\"potentialAction\":[{\"@type\":\"ReadAction\",\"target\":[\"https:\\\/\\\/artistics.com\\\/fr\\\/oeuvre\\\/do-dolls-have-emotions-1\\\/\"]}]},{\"@type\":\"ImageObject\",\"inLanguage\":\"fr-FR\",\"@id\":\"https:\\\/\\\/artistics.com\\\/fr\\\/oeuvre\\\/do-dolls-have-emotions-1\\\/#primaryimage\",\"url\":\"https:\\\/\\\/artistics.com\\\/wp-content\\\/uploads\\\/2023\\\/04\\\/do-dolls-have-emotions-1-colorful-oil-painting-by-zoran-simunovic-2.jpg\",\"contentUrl\":\"https:\\\/\\\/artistics.com\\\/wp-content\\\/uploads\\\/2023\\\/04\\\/do-dolls-have-emotions-1-colorful-oil-painting-by-zoran-simunovic-2.jpg\",\"width\":1000,\"height\":1205},{\"@type\":\"BreadcrumbList\",\"@id\":\"https:\\\/\\\/artistics.com\\\/fr\\\/oeuvre\\\/do-dolls-have-emotions-1\\\/#breadcrumb\",\"itemListElement\":[{\"@type\":\"ListItem\",\"position\":1,\"name\":\"Achat \u0153uvre d'art\",\"item\":\"https:\\\/\\\/artistics.com\\\/fr\\\/\"},{\"@type\":\"ListItem\",\"position\":2,\"name\":\"Galerie\",\"item\":\"https:\\\/\\\/artistics.com\\\/fr\\\/galerie\\\/\"},{\"@type\":\"ListItem\",\"position\":3,\"name\":\"Peinture contemporaine\",\"item\":\"https:\\\/\\\/artistics.com\\\/fr\\\/categorie-oeuvre\\\/peinture-contemporaine\\\/\"},{\"@type\":\"ListItem\",\"position\":4,\"name\":\"DO DOLLS HAVE EMOTIONS? 1\"}]},{\"@type\":\"WebSite\",\"@id\":\"https:\\\/\\\/artistics.com\\\/fr\\\/#website\",\"url\":\"https:\\\/\\\/artistics.com\\\/fr\\\/\",\"name\":\"Artistics\",\"description\":\"The online art gallery\",\"publisher\":{\"@id\":\"https:\\\/\\\/artistics.com\\\/fr\\\/#organization\"},\"potentialAction\":[{\"@type\":\"SearchAction\",\"target\":{\"@type\":\"EntryPoint\",\"urlTemplate\":\"https:\\\/\\\/artistics.com\\\/fr\\\/?s={search_term_string}\"},\"query-input\":{\"@type\":\"PropertyValueSpecification\",\"valueRequired\":true,\"valueName\":\"search_term_string\"}}],\"inLanguage\":\"fr-FR\"},{\"@type\":\"Organization\",\"@id\":\"https:\\\/\\\/artistics.com\\\/fr\\\/#organization\",\"name\":\"Artistics\",\"url\":\"https:\\\/\\\/artistics.com\\\/fr\\\/\",\"logo\":{\"@type\":\"ImageObject\",\"inLanguage\":\"fr-FR\",\"@id\":\"https:\\\/\\\/artistics.com\\\/fr\\\/#\\\/schema\\\/logo\\\/image\\\/\",\"url\":\"https:\\\/\\\/artistics.com\\\/wp-content\\\/uploads\\\/2023\\\/02\\\/artistics-logo-web-1.svg\",\"contentUrl\":\"https:\\\/\\\/artistics.com\\\/wp-content\\\/uploads\\\/2023\\\/02\\\/artistics-logo-web-1.svg\",\"caption\":\"Artistics\"},\"image\":{\"@id\":\"https:\\\/\\\/artistics.com\\\/fr\\\/#\\\/schema\\\/logo\\\/image\\\/\"},\"sameAs\":[\"https:\\\/\\\/www.facebook.com\\\/ArtisticsMag\",\"https:\\\/\\\/x.com\\\/Artistics_FR\",\"http:\\\/\\\/www.linkedin.com\\\/company\\\/artistics\",\"https:\\\/\\\/www.instagram.com\\\/artistics_com\\\/\",\"http:\\\/\\\/www.pinterest.com\\\/ArtisticsMag\"],\"hasMerchantReturnPolicy\":{\"@type\":\"MerchantReturnPolicy\",\"merchantReturnLink\":\"https:\\\/\\\/artistics.com\\\/free-return-policy\\\/\"}}]}<\/script>\n<meta property=\"product:price:amount\" content=\"8900\" \/>\n<meta property=\"product:price:currency\" content=\"EUR\" \/>\n<meta property=\"og:availability\" content=\"instock\" \/>\n<meta property=\"product:availability\" content=\"instock\" \/>\n<meta property=\"product:retailer_item_id\" content=\"9754\" \/>\n<meta property=\"product:condition\" content=\"new\" \/>\n<!-- \/ Yoast SEO Premium plugin. -->","yoast_head_json":{"title":"Artistics | DO DOLLS HAVE EMOTIONS? 1 par Zoran \u0160imunovi\u0107 - Peinture contemporaine","description":"DO DOLLS HAVE EMOTIONS? 1 par Zoran \u0160imunovi\u0107 - achat d'\u0153uvres d'art contemporain originales sur la galerie d'art en ligne Artistics.","robots":{"index":"index","follow":"follow","max-snippet":"max-snippet:-1","max-image-preview":"max-image-preview:large","max-video-preview":"max-video-preview:-1"},"canonical":"https:\/\/artistics.com\/fr\/oeuvre\/do-dolls-have-emotions-1\/","og_locale":"fr_FR","og_type":"article","og_title":"DO DOLLS HAVE EMOTIONS? 1","og_description":"DO DOLLS HAVE EMOTIONS? 1 par Zoran \u0160imunovi\u0107 - achat d'\u0153uvres d'art contemporain originales sur la galerie d'art en ligne Artistics.","og_url":"https:\/\/artistics.com\/fr\/oeuvre\/do-dolls-have-emotions-1\/","og_site_name":"Artistics","article_publisher":"https:\/\/www.facebook.com\/ArtisticsMag","article_modified_time":"2024-02-14T11:12:40+00:00","og_image":[{"width":1000,"height":1205,"url":"https:\/\/artistics.com\/wp-content\/uploads\/2023\/04\/do-dolls-have-emotions-1-colorful-oil-painting-by-zoran-simunovic-2.jpg","type":"image\/jpeg"}],"twitter_card":"summary_large_image","twitter_site":"@Artistics_FR","twitter_misc":{"Prix":"8 900&nbsp;&euro;","Disponibilit\u00e9":"En stock"},"schema":{"@context":"https:\/\/schema.org","@graph":[{"@type":["WebPage","ItemPage"],"@id":"https:\/\/artistics.com\/fr\/oeuvre\/do-dolls-have-emotions-1\/","url":"https:\/\/artistics.com\/fr\/oeuvre\/do-dolls-have-emotions-1\/","name":"Artistics | DO DOLLS HAVE EMOTIONS? 1 par Zoran \u0160imunovi\u0107 - Peinture contemporaine","isPartOf":{"@id":"https:\/\/artistics.com\/fr\/#website"},"primaryImageOfPage":{"@id":"https:\/\/artistics.com\/fr\/oeuvre\/do-dolls-have-emotions-1\/#primaryimage"},"image":{"@id":"https:\/\/artistics.com\/fr\/oeuvre\/do-dolls-have-emotions-1\/#primaryimage"},"thumbnailUrl":"https:\/\/artistics.com\/wp-content\/uploads\/2023\/04\/do-dolls-have-emotions-1-colorful-oil-painting-by-zoran-simunovic-2.jpg","datePublished":"2022-08-11T15:45:42+00:00","dateModified":"2024-02-14T11:12:40+00:00","description":"DO DOLLS HAVE EMOTIONS? 1 par Zoran \u0160imunovi\u0107 - achat d'\u0153uvres d'art contemporain originales sur la galerie d'art en ligne Artistics.","breadcrumb":{"@id":"https:\/\/artistics.com\/fr\/oeuvre\/do-dolls-have-emotions-1\/#breadcrumb"},"inLanguage":"fr-FR","potentialAction":[{"@type":"ReadAction","target":["https:\/\/artistics.com\/fr\/oeuvre\/do-dolls-have-emotions-1\/"]}]},{"@type":"ImageObject","inLanguage":"fr-FR","@id":"https:\/\/artistics.com\/fr\/oeuvre\/do-dolls-have-emotions-1\/#primaryimage","url":"https:\/\/artistics.com\/wp-content\/uploads\/2023\/04\/do-dolls-have-emotions-1-colorful-oil-painting-by-zoran-simunovic-2.jpg","contentUrl":"https:\/\/artistics.com\/wp-content\/uploads\/2023\/04\/do-dolls-have-emotions-1-colorful-oil-painting-by-zoran-simunovic-2.jpg","width":1000,"height":1205},{"@type":"BreadcrumbList","@id":"https:\/\/artistics.com\/fr\/oeuvre\/do-dolls-have-emotions-1\/#breadcrumb","itemListElement":[{"@type":"ListItem","position":1,"name":"Achat \u0153uvre d'art","item":"https:\/\/artistics.com\/fr\/"},{"@type":"ListItem","position":2,"name":"Galerie","item":"https:\/\/artistics.com\/fr\/galerie\/"},{"@type":"ListItem","position":3,"name":"Peinture contemporaine","item":"https:\/\/artistics.com\/fr\/categorie-oeuvre\/peinture-contemporaine\/"},{"@type":"ListItem","position":4,"name":"DO DOLLS HAVE EMOTIONS? 1"}]},{"@type":"WebSite","@id":"https:\/\/artistics.com\/fr\/#website","url":"https:\/\/artistics.com\/fr\/","name":"Artistics","description":"The online art gallery","publisher":{"@id":"https:\/\/artistics.com\/fr\/#organization"},"potentialAction":[{"@type":"SearchAction","target":{"@type":"EntryPoint","urlTemplate":"https:\/\/artistics.com\/fr\/?s={search_term_string}"},"query-input":{"@type":"PropertyValueSpecification","valueRequired":true,"valueName":"search_term_string"}}],"inLanguage":"fr-FR"},{"@type":"Organization","@id":"https:\/\/artistics.com\/fr\/#organization","name":"Artistics","url":"https:\/\/artistics.com\/fr\/","logo":{"@type":"ImageObject","inLanguage":"fr-FR","@id":"https:\/\/artistics.com\/fr\/#\/schema\/logo\/image\/","url":"https:\/\/artistics.com\/wp-content\/uploads\/2023\/02\/artistics-logo-web-1.svg","contentUrl":"https:\/\/artistics.com\/wp-content\/uploads\/2023\/02\/artistics-logo-web-1.svg","caption":"Artistics"},"image":{"@id":"https:\/\/artistics.com\/fr\/#\/schema\/logo\/image\/"},"sameAs":["https:\/\/www.facebook.com\/ArtisticsMag","https:\/\/x.com\/Artistics_FR","http:\/\/www.linkedin.com\/company\/artistics","https:\/\/www.instagram.com\/artistics_com\/","http:\/\/www.pinterest.com\/ArtisticsMag"],"hasMerchantReturnPolicy":{"@type":"MerchantReturnPolicy","merchantReturnLink":"https:\/\/artistics.com\/free-return-policy\/"}}]},"product_price_amount":"8900","product_price_currency":"EUR","og_availability":"instock","product_availability":"instock","product_retailer_item_id":"9754","product_condition":"new"},"_links":{"self":[{"href":"https:\/\/artistics.com\/fr\/wp-json\/wp\/v2\/product\/23151","targetHints":{"allow":["GET"]}}],"collection":[{"href":"https:\/\/artistics.com\/fr\/wp-json\/wp\/v2\/product"}],"about":[{"href":"https:\/\/artistics.com\/fr\/wp-json\/wp\/v2\/types\/product"}],"acf:term":[{"embeddable":true,"taxonomy":"series","href":"https:\/\/artistics.com\/fr\/wp-json\/wp\/v2\/series\/2025"},{"embeddable":true,"taxonomy":"product_tag","href":"https:\/\/artistics.com\/fr\/wp-json\/wp\/v2\/product_tag\/342"},{"embeddable":true,"taxonomy":"product_tag","href":"https:\/\/artistics.com\/fr\/wp-json\/wp\/v2\/product_tag\/354"},{"embeddable":true,"taxonomy":"product_tag","href":"https:\/\/artistics.com\/fr\/wp-json\/wp\/v2\/product_tag\/572"},{"embeddable":true,"taxonomy":"product_tag","href":"https:\/\/artistics.com\/fr\/wp-json\/wp\/v2\/product_tag\/570"},{"embeddable":true,"taxonomy":"product_tag","href":"https:\/\/artistics.com\/fr\/wp-json\/wp\/v2\/product_tag\/514"},{"embeddable":true,"taxonomy":"product_cat","href":"https:\/\/artistics.com\/fr\/wp-json\/wp\/v2\/product_cat\/236"},{"embeddable":true,"taxonomy":"product_cat","href":"https:\/\/artistics.com\/fr\/wp-json\/wp\/v2\/product_cat\/215"},{"embeddable":true,"taxonomy":"product_cat","href":"https:\/\/artistics.com\/fr\/wp-json\/wp\/v2\/product_cat\/190"},{"embeddable":true,"taxonomy":"product_cat","href":"https:\/\/artistics.com\/fr\/wp-json\/wp\/v2\/product_cat\/192"},{"embeddable":true,"taxonomy":"product_cat","href":"https:\/\/artistics.com\/fr\/wp-json\/wp\/v2\/product_cat\/189"},{"embeddable":true,"taxonomy":"product_cat","href":"https:\/\/artistics.com\/fr\/wp-json\/wp\/v2\/product_cat\/228"},{"embeddable":true,"taxonomy":"product_cat","href":"https:\/\/artistics.com\/fr\/wp-json\/wp\/v2\/product_cat\/2598"},{"embeddable":true,"taxonomy":"product_cat","href":"https:\/\/artistics.com\/fr\/wp-json\/wp\/v2\/product_cat\/170"},{"embeddable":true,"taxonomy":"product_cat","href":"https:\/\/artistics.com\/fr\/wp-json\/wp\/v2\/product_cat\/169"},{"embeddable":true,"taxonomy":"product_cat","href":"https:\/\/artistics.com\/fr\/wp-json\/wp\/v2\/product_cat\/162"}],"acf:post":[{"embeddable":true,"href":"https:\/\/artistics.com\/fr\/wp-json\/wp\/v2\/artist\/2808"}],"wp:featuredmedia":[{"embeddable":true,"href":"https:\/\/artistics.com\/fr\/wp-json\/wp\/v2\/media\/19336"}],"wp:attachment":[{"href":"https:\/\/artistics.com\/fr\/wp-json\/wp\/v2\/media?parent=23151"}],"wp:term":[{"taxonomy":"product_cat","embeddable":true,"href":"https:\/\/artistics.com\/fr\/wp-json\/wp\/v2\/product_cat?post=23151"},{"taxonomy":"product_tag","embeddable":true,"href":"https:\/\/artistics.com\/fr\/wp-json\/wp\/v2\/product_tag?post=23151"},{"taxonomy":"series","embeddable":true,"href":"https:\/\/artistics.com\/fr\/wp-json\/wp\/v2\/series?post=23151"}],"curies":[{"name":"wp","href":"https:\/\/api.w.org\/{rel}","templated":true}]}}