{"id":23049,"date":"2022-06-03T11:55:41","date_gmt":"2022-06-03T09:55:41","guid":{"rendered":"https:\/\/2022.devartistics.com\/artwork\/urbantree-negative-ii\/"},"modified":"2023-04-22T02:14:29","modified_gmt":"2023-04-22T00:14:29","slug":"urbantree-negative-ii","status":"publish","type":"product","link":"https:\/\/artistics.com\/fr\/oeuvre\/urbantree-negative-ii\/","title":{"rendered":"URBANTREE NEGATIVE II"},"content":{"rendered":"","protected":false},"excerpt":{"rendered":"","protected":false},"featured_media":18332,"template":"","meta":{"_acf_changed":false,"_searchwp_excluded":"","inline_featured_image":false},"product_cat":[164,189,193,204,208,210,216,236],"product_tag":[504,565],"series":[2378],"class_list":{"0":"post-23049","1":"product","2":"type-product","3":"status-publish","4":"has-post-thumbnail","6":"product_cat-sculpture-contemporaine","7":"product_cat-art-abstrait","8":"product_cat-geometrique","9":"product_cat-sculpture-abstraite","10":"product_cat-sculpture-en-bronze","11":"product_cat-sculpture-geometrique","12":"product_cat-moyen","13":"product_cat-de-3000-a-10-000-e","14":"product_tag-arbre","15":"product_tag-dore","16":"series-ondrej-oliva-sculptures-en-bronze","18":"first","19":"instock","20":"shipping-taxable","21":"purchasable","22":"product-type-simple"},"acf":{"artwork_artist":[2804],"artwork_medium":164,"artwork_categories":[210,208,204],"artwork_overall-tones":[],"artwork_main-material":[],"artwork_art-genre":[],"artwork_art-movement":[189],"artwork_miscellaneous":[193],"artwork_formats":[216],"artwork_price-ranges":[236],"artwork_main_subject":[504],"artwork_technique":[],"artwork_featured_location":[],"artwork_dominant_color":[565],"artwork_physical_attributes":[],"artwork_creation_date":"20210101","artwork_unique_piece":false,"artwork_description":"Sculpture en bronze (une pi\u00e8ce)","artwork_signature":"Signed artwork","artwork_authenticity":"The artwork is sold with a certificate of authenticity signed by the artist.","artwork_framing":"not_specified","artwork_has_custom_framing_info":false,"artwork_custom_framing_info":"Not specified","artwork_location_country":"CZ","artwork_location_city":"Velehrad","artwork_location_zipcode":"68706","artwork_shipment_type":"3D_artwork","artwork_shipping_delivery":"sculpture_edition_production_time","artwork_has_custom_shipping_delivery_info":false,"artwork_custom_shipping_delivery_info":"Not specified","artwork_360_view_url":"","artwork_video_url":"","artwork_video_format":[],"artwork_preview_type":"featured_image","artwork_reserved":false,"artwork_hide_price":false,"artwork_about":"<p ><strong><em>URBANTREE NEGATIVE II<\/em><\/strong> est une sculpture de l\u2019artiste tch\u00e8que Ond\u0159ej Oliva (la sculpture de gauche dans la premi\u00e8re image).<\/p><p >Dans cette sculpture l\u2019artiste revisite un sujet important dans sa production, auquel il attribue une importante valeur symbolique : les arbres,\u00a0dont Ond\u0159ej r\u00e9interpr\u00e8te la forme en la stylisant de fa\u00e7on g\u00e9om\u00e9trique jusqu\u2019\u00e0 la transformer en une sph\u00e8re.\u00a0Ces \u0153uvres s\u2019inspirent des sculptures pr\u00e9c\u00e9dentes URBANTREE. L\u2019entrelacement de lignes organiques qui formait ces sculptures disparait et se transforme ici dans une empreinte parfaite au n\u00e9gatif, visible sur la surface de l\u2019\u0153uvre. Les espaces vides et a\u00e9riens des URBANTREE sont remplac\u00e9s dans URBANTREE NEGATIVE par la masse du m\u00e9tal. Le mot \u00ab NEGATIVE \u00bb a \u00e9t\u00e9 choisi \u00e9galement en r\u00e9f\u00e9rence \u00e0 la p\u00e9riode marqu\u00e9e par la crise sanitaire du COVID 19, dans laquelle le mot \u2018n\u00e9gatif\u2019 a \u00e9t\u00e9 tr\u00e8s souvent utilis\u00e9 et plut\u00f4t avec un sens positif, d\u00e9notant l\u2019absence d\u2019infection.\u00a0<\/p><p >Les \u0153uvres du sculpteur tch\u00e8que Ond\u0159ej Oliva sont inspir\u00e9es par les \u00e9l\u00e9ments de la nature et par des sujets communs qui nous entourent dans la vie quotidienne, notamment certains aliments que l\u2019artiste revisite afin de cr\u00e9er des sculptures originales et impr\u00e9gn\u00e9es de multiples allusions et r\u00e9f\u00e9rences. Le choix du mat\u00e9riel est tr\u00e8s important : Ond\u0159ej choisit le bronze ou l\u2019aluminium pour inscrire ses \u0153uvres dans une temporalit\u00e9 longue.\u00a0<\/p><p >Le prix se r\u00e9f\u00e8re \u00e0 URBANTREE NEGATIVE II\u00a0seule. Cette \u0153uvre fait partie d'une \u00e9dition limit\u00e9e de 6 exemplaires et chaque tirage est vendu avec un certificat d'authenticit\u00e9 num\u00e9rot\u00e9 et sign\u00e9 par l'artiste. La sculpture peut \u00eatre expos\u00e9e en ext\u00e9rieur.<\/p><p ><span >Ond\u0159ej Oliva a cr\u00e9\u00e9 trois \u0153uvres URBANTREE NEGATIVE : <a href=\"https:\/\/artistics.com\/fr\/oeuvre\/urbantree-negative-i\/\">URBANTREE NEGATIVE I<\/a> (50 cm de diam\u00e8tre), URBANTREE NEGATIVE II (40 cm de diam\u00e8tre) et <a href=\"https:\/\/artistics.com\/fr\/oeuvre\/urbantree-negative-iii\/\">URBANTREE NEGATIVE III<\/a> (30 cm de diam\u00e8tre).\u00a0<\/span><\/p>","artwork_series":[2378],"artwork_query_group":"20","artwork_lowest_grid_position":1,"artwork_random_position":2074165,"explicit_sensitive_content":false,"drupal_id":"9490"},"yoast_head":"<!-- This site is optimized with the Yoast SEO Premium plugin v27.3 (Yoast SEO v27.3) - https:\/\/yoast.com\/product\/yoast-seo-premium-wordpress\/ -->\n<title>Artistics | URBANTREE NEGATIVE II par Ond\u0159ej Oliva - Sculpture contemporaine<\/title>\n<meta name=\"description\" content=\"URBANTREE NEGATIVE II par Ond\u0159ej Oliva - achat d&#039;\u0153uvres d&#039;art contemporain originales sur la galerie d&#039;art en ligne Artistics.\" \/>\n<meta name=\"robots\" content=\"index, follow, max-snippet:-1, max-image-preview:large, max-video-preview:-1\" \/>\n<link rel=\"canonical\" href=\"https:\/\/artistics.com\/fr\/oeuvre\/urbantree-negative-ii\/\" \/>\n<meta property=\"og:locale\" content=\"fr_FR\" \/>\n<meta property=\"og:type\" content=\"article\" \/>\n<meta property=\"og:title\" content=\"URBANTREE NEGATIVE II\" \/>\n<meta property=\"og:description\" content=\"URBANTREE NEGATIVE II par Ond\u0159ej Oliva - achat d&#039;\u0153uvres d&#039;art contemporain originales sur la galerie d&#039;art en ligne Artistics.\" \/>\n<meta property=\"og:url\" content=\"https:\/\/artistics.com\/fr\/oeuvre\/urbantree-negative-ii\/\" \/>\n<meta property=\"og:site_name\" content=\"Artistics\" \/>\n<meta property=\"article:publisher\" content=\"https:\/\/www.facebook.com\/ArtisticsMag\" \/>\n<meta property=\"article:modified_time\" content=\"2023-04-22T00:14:29+00:00\" \/>\n<meta property=\"og:image\" content=\"https:\/\/artistics.com\/wp-content\/uploads\/2023\/04\/urbantree_negative_ii-bronze-sculpture-by-ondrej-oliva_1.jpg\" \/>\n\t<meta property=\"og:image:width\" content=\"1135\" \/>\n\t<meta property=\"og:image:height\" content=\"1000\" \/>\n\t<meta property=\"og:image:type\" content=\"image\/jpeg\" \/>\n<meta name=\"twitter:card\" content=\"summary_large_image\" \/>\n<meta name=\"twitter:site\" content=\"@Artistics_FR\" \/>\n<meta name=\"twitter:label1\" content=\"Prix\" \/>\n\t<meta name=\"twitter:data1\" content=\"5 400&nbsp;&euro;\" \/>\n\t<meta name=\"twitter:label2\" content=\"Disponibilit\u00e9\" \/>\n\t<meta name=\"twitter:data2\" content=\"En stock\" \/>\n<script type=\"application\/ld+json\" class=\"yoast-schema-graph\">{\"@context\":\"https:\\\/\\\/schema.org\",\"@graph\":[{\"@type\":[\"WebPage\",\"ItemPage\"],\"@id\":\"https:\\\/\\\/artistics.com\\\/fr\\\/oeuvre\\\/urbantree-negative-ii\\\/\",\"url\":\"https:\\\/\\\/artistics.com\\\/fr\\\/oeuvre\\\/urbantree-negative-ii\\\/\",\"name\":\"Artistics | URBANTREE NEGATIVE II par Ond\u0159ej Oliva - Sculpture contemporaine\",\"isPartOf\":{\"@id\":\"https:\\\/\\\/artistics.com\\\/fr\\\/#website\"},\"primaryImageOfPage\":{\"@id\":\"https:\\\/\\\/artistics.com\\\/fr\\\/oeuvre\\\/urbantree-negative-ii\\\/#primaryimage\"},\"image\":{\"@id\":\"https:\\\/\\\/artistics.com\\\/fr\\\/oeuvre\\\/urbantree-negative-ii\\\/#primaryimage\"},\"thumbnailUrl\":\"https:\\\/\\\/artistics.com\\\/wp-content\\\/uploads\\\/2023\\\/04\\\/urbantree_negative_ii-bronze-sculpture-by-ondrej-oliva_1.jpg\",\"datePublished\":\"2022-06-03T09:55:41+00:00\",\"dateModified\":\"2023-04-22T00:14:29+00:00\",\"description\":\"URBANTREE NEGATIVE II par Ond\u0159ej Oliva - achat d'\u0153uvres d'art contemporain originales sur la galerie d'art en ligne Artistics.\",\"breadcrumb\":{\"@id\":\"https:\\\/\\\/artistics.com\\\/fr\\\/oeuvre\\\/urbantree-negative-ii\\\/#breadcrumb\"},\"inLanguage\":\"fr-FR\",\"potentialAction\":[{\"@type\":\"ReadAction\",\"target\":[\"https:\\\/\\\/artistics.com\\\/fr\\\/oeuvre\\\/urbantree-negative-ii\\\/\"]}]},{\"@type\":\"ImageObject\",\"inLanguage\":\"fr-FR\",\"@id\":\"https:\\\/\\\/artistics.com\\\/fr\\\/oeuvre\\\/urbantree-negative-ii\\\/#primaryimage\",\"url\":\"https:\\\/\\\/artistics.com\\\/wp-content\\\/uploads\\\/2023\\\/04\\\/urbantree_negative_ii-bronze-sculpture-by-ondrej-oliva_1.jpg\",\"contentUrl\":\"https:\\\/\\\/artistics.com\\\/wp-content\\\/uploads\\\/2023\\\/04\\\/urbantree_negative_ii-bronze-sculpture-by-ondrej-oliva_1.jpg\",\"width\":1135,\"height\":1000},{\"@type\":\"BreadcrumbList\",\"@id\":\"https:\\\/\\\/artistics.com\\\/fr\\\/oeuvre\\\/urbantree-negative-ii\\\/#breadcrumb\",\"itemListElement\":[{\"@type\":\"ListItem\",\"position\":1,\"name\":\"Achat \u0153uvre d'art\",\"item\":\"https:\\\/\\\/artistics.com\\\/fr\\\/\"},{\"@type\":\"ListItem\",\"position\":2,\"name\":\"Galerie\",\"item\":\"https:\\\/\\\/artistics.com\\\/fr\\\/galerie\\\/\"},{\"@type\":\"ListItem\",\"position\":3,\"name\":\"Sculpture contemporaine\",\"item\":\"https:\\\/\\\/artistics.com\\\/fr\\\/categorie-oeuvre\\\/sculpture-contemporaine\\\/\"},{\"@type\":\"ListItem\",\"position\":4,\"name\":\"URBANTREE NEGATIVE II\"}]},{\"@type\":\"WebSite\",\"@id\":\"https:\\\/\\\/artistics.com\\\/fr\\\/#website\",\"url\":\"https:\\\/\\\/artistics.com\\\/fr\\\/\",\"name\":\"Artistics\",\"description\":\"The online art gallery\",\"publisher\":{\"@id\":\"https:\\\/\\\/artistics.com\\\/fr\\\/#organization\"},\"potentialAction\":[{\"@type\":\"SearchAction\",\"target\":{\"@type\":\"EntryPoint\",\"urlTemplate\":\"https:\\\/\\\/artistics.com\\\/fr\\\/?s={search_term_string}\"},\"query-input\":{\"@type\":\"PropertyValueSpecification\",\"valueRequired\":true,\"valueName\":\"search_term_string\"}}],\"inLanguage\":\"fr-FR\"},{\"@type\":\"Organization\",\"@id\":\"https:\\\/\\\/artistics.com\\\/fr\\\/#organization\",\"name\":\"Artistics\",\"url\":\"https:\\\/\\\/artistics.com\\\/fr\\\/\",\"logo\":{\"@type\":\"ImageObject\",\"inLanguage\":\"fr-FR\",\"@id\":\"https:\\\/\\\/artistics.com\\\/fr\\\/#\\\/schema\\\/logo\\\/image\\\/\",\"url\":\"https:\\\/\\\/artistics.com\\\/wp-content\\\/uploads\\\/2023\\\/02\\\/artistics-logo-web-1.svg\",\"contentUrl\":\"https:\\\/\\\/artistics.com\\\/wp-content\\\/uploads\\\/2023\\\/02\\\/artistics-logo-web-1.svg\",\"caption\":\"Artistics\"},\"image\":{\"@id\":\"https:\\\/\\\/artistics.com\\\/fr\\\/#\\\/schema\\\/logo\\\/image\\\/\"},\"sameAs\":[\"https:\\\/\\\/www.facebook.com\\\/ArtisticsMag\",\"https:\\\/\\\/x.com\\\/Artistics_FR\",\"http:\\\/\\\/www.linkedin.com\\\/company\\\/artistics\",\"https:\\\/\\\/www.instagram.com\\\/artistics_com\\\/\",\"http:\\\/\\\/www.pinterest.com\\\/ArtisticsMag\"],\"hasMerchantReturnPolicy\":{\"@type\":\"MerchantReturnPolicy\",\"merchantReturnLink\":\"https:\\\/\\\/artistics.com\\\/free-return-policy\\\/\"}}]}<\/script>\n<meta property=\"product:price:amount\" content=\"5400\" \/>\n<meta property=\"product:price:currency\" content=\"EUR\" \/>\n<meta property=\"og:availability\" content=\"instock\" \/>\n<meta property=\"product:availability\" content=\"instock\" \/>\n<meta property=\"product:retailer_item_id\" content=\"9491\" \/>\n<meta property=\"product:condition\" content=\"new\" \/>\n<!-- \/ Yoast SEO Premium plugin. -->","yoast_head_json":{"title":"Artistics | URBANTREE NEGATIVE II par Ond\u0159ej Oliva - Sculpture contemporaine","description":"URBANTREE NEGATIVE II par Ond\u0159ej Oliva - achat d'\u0153uvres d'art contemporain originales sur la galerie d'art en ligne Artistics.","robots":{"index":"index","follow":"follow","max-snippet":"max-snippet:-1","max-image-preview":"max-image-preview:large","max-video-preview":"max-video-preview:-1"},"canonical":"https:\/\/artistics.com\/fr\/oeuvre\/urbantree-negative-ii\/","og_locale":"fr_FR","og_type":"article","og_title":"URBANTREE NEGATIVE II","og_description":"URBANTREE NEGATIVE II par Ond\u0159ej Oliva - achat d'\u0153uvres d'art contemporain originales sur la galerie d'art en ligne Artistics.","og_url":"https:\/\/artistics.com\/fr\/oeuvre\/urbantree-negative-ii\/","og_site_name":"Artistics","article_publisher":"https:\/\/www.facebook.com\/ArtisticsMag","article_modified_time":"2023-04-22T00:14:29+00:00","og_image":[{"width":1135,"height":1000,"url":"https:\/\/artistics.com\/wp-content\/uploads\/2023\/04\/urbantree_negative_ii-bronze-sculpture-by-ondrej-oliva_1.jpg","type":"image\/jpeg"}],"twitter_card":"summary_large_image","twitter_site":"@Artistics_FR","twitter_misc":{"Prix":"5 400&nbsp;&euro;","Disponibilit\u00e9":"En stock"},"schema":{"@context":"https:\/\/schema.org","@graph":[{"@type":["WebPage","ItemPage"],"@id":"https:\/\/artistics.com\/fr\/oeuvre\/urbantree-negative-ii\/","url":"https:\/\/artistics.com\/fr\/oeuvre\/urbantree-negative-ii\/","name":"Artistics | URBANTREE NEGATIVE II par Ond\u0159ej Oliva - Sculpture contemporaine","isPartOf":{"@id":"https:\/\/artistics.com\/fr\/#website"},"primaryImageOfPage":{"@id":"https:\/\/artistics.com\/fr\/oeuvre\/urbantree-negative-ii\/#primaryimage"},"image":{"@id":"https:\/\/artistics.com\/fr\/oeuvre\/urbantree-negative-ii\/#primaryimage"},"thumbnailUrl":"https:\/\/artistics.com\/wp-content\/uploads\/2023\/04\/urbantree_negative_ii-bronze-sculpture-by-ondrej-oliva_1.jpg","datePublished":"2022-06-03T09:55:41+00:00","dateModified":"2023-04-22T00:14:29+00:00","description":"URBANTREE NEGATIVE II par Ond\u0159ej Oliva - achat d'\u0153uvres d'art contemporain originales sur la galerie d'art en ligne Artistics.","breadcrumb":{"@id":"https:\/\/artistics.com\/fr\/oeuvre\/urbantree-negative-ii\/#breadcrumb"},"inLanguage":"fr-FR","potentialAction":[{"@type":"ReadAction","target":["https:\/\/artistics.com\/fr\/oeuvre\/urbantree-negative-ii\/"]}]},{"@type":"ImageObject","inLanguage":"fr-FR","@id":"https:\/\/artistics.com\/fr\/oeuvre\/urbantree-negative-ii\/#primaryimage","url":"https:\/\/artistics.com\/wp-content\/uploads\/2023\/04\/urbantree_negative_ii-bronze-sculpture-by-ondrej-oliva_1.jpg","contentUrl":"https:\/\/artistics.com\/wp-content\/uploads\/2023\/04\/urbantree_negative_ii-bronze-sculpture-by-ondrej-oliva_1.jpg","width":1135,"height":1000},{"@type":"BreadcrumbList","@id":"https:\/\/artistics.com\/fr\/oeuvre\/urbantree-negative-ii\/#breadcrumb","itemListElement":[{"@type":"ListItem","position":1,"name":"Achat \u0153uvre d'art","item":"https:\/\/artistics.com\/fr\/"},{"@type":"ListItem","position":2,"name":"Galerie","item":"https:\/\/artistics.com\/fr\/galerie\/"},{"@type":"ListItem","position":3,"name":"Sculpture contemporaine","item":"https:\/\/artistics.com\/fr\/categorie-oeuvre\/sculpture-contemporaine\/"},{"@type":"ListItem","position":4,"name":"URBANTREE NEGATIVE II"}]},{"@type":"WebSite","@id":"https:\/\/artistics.com\/fr\/#website","url":"https:\/\/artistics.com\/fr\/","name":"Artistics","description":"The online art gallery","publisher":{"@id":"https:\/\/artistics.com\/fr\/#organization"},"potentialAction":[{"@type":"SearchAction","target":{"@type":"EntryPoint","urlTemplate":"https:\/\/artistics.com\/fr\/?s={search_term_string}"},"query-input":{"@type":"PropertyValueSpecification","valueRequired":true,"valueName":"search_term_string"}}],"inLanguage":"fr-FR"},{"@type":"Organization","@id":"https:\/\/artistics.com\/fr\/#organization","name":"Artistics","url":"https:\/\/artistics.com\/fr\/","logo":{"@type":"ImageObject","inLanguage":"fr-FR","@id":"https:\/\/artistics.com\/fr\/#\/schema\/logo\/image\/","url":"https:\/\/artistics.com\/wp-content\/uploads\/2023\/02\/artistics-logo-web-1.svg","contentUrl":"https:\/\/artistics.com\/wp-content\/uploads\/2023\/02\/artistics-logo-web-1.svg","caption":"Artistics"},"image":{"@id":"https:\/\/artistics.com\/fr\/#\/schema\/logo\/image\/"},"sameAs":["https:\/\/www.facebook.com\/ArtisticsMag","https:\/\/x.com\/Artistics_FR","http:\/\/www.linkedin.com\/company\/artistics","https:\/\/www.instagram.com\/artistics_com\/","http:\/\/www.pinterest.com\/ArtisticsMag"],"hasMerchantReturnPolicy":{"@type":"MerchantReturnPolicy","merchantReturnLink":"https:\/\/artistics.com\/free-return-policy\/"}}]},"product_price_amount":"5400","product_price_currency":"EUR","og_availability":"instock","product_availability":"instock","product_retailer_item_id":"9491","product_condition":"new"},"_links":{"self":[{"href":"https:\/\/artistics.com\/fr\/wp-json\/wp\/v2\/product\/23049","targetHints":{"allow":["GET"]}}],"collection":[{"href":"https:\/\/artistics.com\/fr\/wp-json\/wp\/v2\/product"}],"about":[{"href":"https:\/\/artistics.com\/fr\/wp-json\/wp\/v2\/types\/product"}],"acf:term":[{"embeddable":true,"taxonomy":"series","href":"https:\/\/artistics.com\/fr\/wp-json\/wp\/v2\/series\/2378"},{"embeddable":true,"taxonomy":"product_tag","href":"https:\/\/artistics.com\/fr\/wp-json\/wp\/v2\/product_tag\/565"},{"embeddable":true,"taxonomy":"product_tag","href":"https:\/\/artistics.com\/fr\/wp-json\/wp\/v2\/product_tag\/504"},{"embeddable":true,"taxonomy":"product_cat","href":"https:\/\/artistics.com\/fr\/wp-json\/wp\/v2\/product_cat\/236"},{"embeddable":true,"taxonomy":"product_cat","href":"https:\/\/artistics.com\/fr\/wp-json\/wp\/v2\/product_cat\/216"},{"embeddable":true,"taxonomy":"product_cat","href":"https:\/\/artistics.com\/fr\/wp-json\/wp\/v2\/product_cat\/193"},{"embeddable":true,"taxonomy":"product_cat","href":"https:\/\/artistics.com\/fr\/wp-json\/wp\/v2\/product_cat\/189"},{"embeddable":true,"taxonomy":"product_cat","href":"https:\/\/artistics.com\/fr\/wp-json\/wp\/v2\/product_cat\/204"},{"embeddable":true,"taxonomy":"product_cat","href":"https:\/\/artistics.com\/fr\/wp-json\/wp\/v2\/product_cat\/208"},{"embeddable":true,"taxonomy":"product_cat","href":"https:\/\/artistics.com\/fr\/wp-json\/wp\/v2\/product_cat\/210"},{"embeddable":true,"taxonomy":"product_cat","href":"https:\/\/artistics.com\/fr\/wp-json\/wp\/v2\/product_cat\/164"}],"acf:post":[{"embeddable":true,"href":"https:\/\/artistics.com\/fr\/wp-json\/wp\/v2\/artist\/2804"}],"wp:featuredmedia":[{"embeddable":true,"href":"https:\/\/artistics.com\/fr\/wp-json\/wp\/v2\/media\/18332"}],"wp:attachment":[{"href":"https:\/\/artistics.com\/fr\/wp-json\/wp\/v2\/media?parent=23049"}],"wp:term":[{"taxonomy":"product_cat","embeddable":true,"href":"https:\/\/artistics.com\/fr\/wp-json\/wp\/v2\/product_cat?post=23049"},{"taxonomy":"product_tag","embeddable":true,"href":"https:\/\/artistics.com\/fr\/wp-json\/wp\/v2\/product_tag?post=23049"},{"taxonomy":"series","embeddable":true,"href":"https:\/\/artistics.com\/fr\/wp-json\/wp\/v2\/series?post=23049"}],"curies":[{"name":"wp","href":"https:\/\/api.w.org\/{rel}","templated":true}]}}