{"id":23047,"date":"2022-06-03T11:02:56","date_gmt":"2022-06-03T09:02:56","guid":{"rendered":"https:\/\/2022.devartistics.com\/artwork\/counterpart-iii\/"},"modified":"2024-03-21T11:55:30","modified_gmt":"2024-03-21T10:55:30","slug":"counterpart-triptych","status":"publish","type":"product","link":"https:\/\/artistics.com\/fr\/oeuvre\/counterpart-triptych\/","title":{"rendered":"Counterpart (triptych)"},"content":{"rendered":"","protected":false},"excerpt":{"rendered":"","protected":false},"featured_media":18310,"template":"","meta":{"_acf_changed":false,"_searchwp_excluded":"","inline_featured_image":false},"product_cat":[2336,407,426,2490,413,164,189,193,204,210,215,238],"product_tag":[368,545],"series":[2004],"class_list":{"0":"post-23047","1":"product","2":"type-product","3":"status-publish","4":"has-post-thumbnail","6":"product_cat-art-et-design","7":"product_cat-art-minimaliste","8":"product_cat-sculpture-en-resine","9":"product_cat-sculpture-lumineuse","10":"product_cat-sculpture-minimaliste","11":"product_cat-sculpture-contemporaine","12":"product_cat-art-abstrait","13":"product_cat-geometrique","14":"product_cat-sculpture-abstraite","15":"product_cat-sculpture-geometrique","16":"product_cat-grand","17":"product_cat-plus-de-10-000-e","18":"product_tag-sculpture-grand-format","19":"product_tag-technique-mixte","20":"series-tom-price-synthesis-fr","22":"first","23":"instock","24":"taxable","25":"shipping-taxable","26":"purchasable","27":"product-type-simple"},"acf":{"artwork_artist":[2798],"artwork_medium":164,"artwork_categories":[210,204,413,426,2490],"artwork_overall-tones":[],"artwork_main-material":[426],"artwork_art-genre":[2336],"artwork_art-movement":[407,413,189],"artwork_miscellaneous":[193],"artwork_formats":[215],"artwork_price-ranges":[238],"artwork_main_subject":[],"artwork_technique":[545],"artwork_featured_location":[],"artwork_dominant_color":[],"artwork_physical_attributes":[368,368],"artwork_creation_date":null,"artwork_unique_piece":true,"artwork_description":"Charbon, r\u00e9sine, goudron, acier, acrylique, LED","artwork_signature":"\u0152uvre sign\u00e9e","artwork_authenticity":"L\u2019\u0153uvre est vendue avec un certificat d\u2019authenticit\u00e9 sign\u00e9 par l\u2019artiste.","artwork_framing":"not_specified","artwork_has_custom_framing_info":false,"artwork_custom_framing_info":"Not specified","artwork_location_country":"ES","artwork_location_city":"Manacor","artwork_location_zipcode":"07509","artwork_shipment_type":"3D_artwork","artwork_shipping_delivery":"sculpture_commissioned_production_time","artwork_has_custom_shipping_delivery_info":false,"artwork_custom_shipping_delivery_info":"Not specified","artwork_360_view_url":"","artwork_video_url":"","artwork_video_format":[],"artwork_preview_type":"featured_image","artwork_reserved":false,"artwork_hide_price":false,"artwork_about":"<strong><em>Counterpart (triptych)<\/em><\/strong>\u00a0est une \u0153uvre de l\u2019artiste anglais Tom Price.\u00a0\u00a0Cette \u0153uvre est disponible sur commande et sera r\u00e9alis\u00e9e sur le m\u00eame mod\u00e8le et dans les m\u00eames conditions que celle pr\u00e9sent\u00e9e sur les photos. Le processus de cr\u00e9ation garantie l\u2019unicit\u00e9 de chaque pi\u00e8ce.\r\n\r\nLa d\u00e9marche artistique de Tom Price s\u2019articule autour des mat\u00e9riaux et elle est notamment guid\u00e9e par des processus cr\u00e9atifs innovants et exp\u00e9rimentaux. L\u2019artiste d\u00e9crit son travail comme \u00ab\u00a0<em>un travail en collaboration avec les mat\u00e9riaux, les processus et les ph\u00e9nom\u00e8nes, dont le r\u00e9sultat physique final est le produit d\u2019un accord mutuel<\/em>\u00a0\u00bb.\r\n\r\nUn des mat\u00e9riaux privil\u00e9gi\u00e9s par l\u2019artiste est le charbon. L\u2019artiste appr\u00e9cie ses caract\u00e9ristiques esth\u00e9tiques, notamment sa noirceur et son opacit\u00e9, ainsi que celles intrins\u00e8ques et fonctionnelles : le charbon est en effet une des formes les plus pures du carbone, l'\u00e9l\u00e9ment de base de toutes les formes de vie connues, ainsi qu\u2019une source tr\u00e8s importante de l\u2019\u00e9nergie utilis\u00e9e par l\u2019homme.\r\n\r\nDans la s\u00e9rie Synthesis, Tom Price force la cohabitation dans le m\u00eame espace de la r\u00e9sine et du goudron, exp\u00e9rimentant avec les r\u00e9actions chimiques caus\u00e9es par le r\u00e9chauffement des mat\u00e9riaux et le processus de catalyse. Les fragments de goudron ins\u00e9r\u00e9s dans les blocs de r\u00e9sine s\u2019\u00e9largissent dans cette derni\u00e8re d\u00e9veloppant des fissures, des vides et des craquelures, et modifiant donc son aspect original, sa couleur, ses caract\u00e9ristiques. Un nouvel \u00e9l\u00e9ment qui est la synth\u00e8se des deux est maintenant cr\u00e9e.\u00a0Bien que le processus de cr\u00e9ation soit induit et manipul\u00e9 par l\u2019artiste, les r\u00e9actions chimiques ne sont pas totalement contr\u00f4lables et le r\u00e9sultat final, \u00e0 chaque fois unique, d\u00e9passe les limites de son imagination. Les \u0153uvres de la s\u00e9rie Synthesis sont des pi\u00e8ces \u00e0 la beaut\u00e9 surprenante, intrigante et myst\u00e9rieuse, qui attirent l\u2019observateur dans l\u2019admiration des d\u00e9tails des formes, des subtiles nuances des couleurs, des reflets changeants de la lumi\u00e8re.\u00a0Ce puissant impact visuel est accentu\u00e9 dans certaines \u0153uvres, comme celle-ci, par une illumination LED s\u00e9par\u00e9e\u00a0(via c\u00e2ble).\r\n\r\n<em>Counterpart III<\/em>\u00a0fait partie des \u0153uvres \u2018hybrides\u2019 de Tom Price qui se situent \u00e0 mi-chemin entre l\u2019art et le design : la pi\u00e8ce peut \u00eatre vue exclusivement comme une sculpture mais peut \u00e9galement servir comme banc. Dans cette \u0153uvre, le charbon opaque et sombre est mis en relation et en opposition avec la r\u00e9sine, crystalline et translucide. Toutefois, contrairement \u00e0 l\u2019\u0153uvre\u00a0<a href=\"https:\/\/artistics.com\/fr\/oeuvre\/counterpart\/\">Counterpart<\/a>, le contraste des deux mat\u00e9riaux est pr\u00e9sent\u00e9 ici au sein d\u2019un m\u00eame \u00e9l\u00e9ment devenant ainsi beaucoup plus fort. Tom Price fait allusion au pouvoir de transformation du carbone, qui selon sa structure mol\u00e9culaire et son niveau de puret\u00e9 peut prendre des formes et couleurs compl\u00e8tement diff\u00e9rentes, en passant du graphite ou du charbon au diamant.\r\n\r\nLes dimensions incluent la base de la sculpture (hauteur : 10 cm). Elles sont personnalisables, nous contacter pour un devis.\u00a0L'\u0153uvre est \u00e9clair\u00e9e par un ruban lumineux \u00e0 LED (la dur\u00e9e de vie est d'environ 50 000 heures). L'acc\u00e8s \u00e0 l'\u00e9clairage se fait par un embout amovible dans la base, qui est maintenu en place par des aimants. Les lumi\u00e8res sont mont\u00e9es sur un plateau qui peut \u00eatre gliss\u00e9 vers l\u2019ext\u00e9rieur apr\u00e8s avoir enlev\u00e9 le bloc de charbon plus petit. Le banc est l\u00e9g\u00e8rement sur\u00e9lev\u00e9 du sol, ce qui permet au c\u00e2ble de passer par le dessous du banc. L'adaptateur enfichable a des t\u00eates interchangeables et convient pour une utilisation en Europe, en Asie, au Royaume-Uni et aux \u00c9tats-Unis. La signature de l'artiste est \u00e0 l'int\u00e9rieur de l\u2019embout.","artwork_series":[2004],"artwork_query_group":"10","artwork_lowest_grid_position":1,"artwork_random_position":5128105,"explicit_sensitive_content":false,"drupal_id":"9486"},"yoast_head":"<!-- This site is optimized with the Yoast SEO Premium plugin v27.3 (Yoast SEO v27.3) - https:\/\/yoast.com\/product\/yoast-seo-premium-wordpress\/ -->\n<title>Artistics | Counterpart (triptych) par Tom Price - Sculpture contemporaine<\/title>\n<meta name=\"description\" content=\"Counterpart (triptych) par Tom Price - achat d&#039;\u0153uvres d&#039;art contemporain originales sur la galerie d&#039;art en ligne Artistics.\" \/>\n<meta name=\"robots\" content=\"index, follow, max-snippet:-1, max-image-preview:large, max-video-preview:-1\" \/>\n<link rel=\"canonical\" href=\"https:\/\/artistics.com\/fr\/oeuvre\/counterpart-triptych\/\" \/>\n<meta property=\"og:locale\" content=\"fr_FR\" \/>\n<meta property=\"og:type\" content=\"article\" \/>\n<meta property=\"og:title\" content=\"Counterpart (triptych)\" \/>\n<meta property=\"og:description\" content=\"Counterpart (triptych) par Tom Price - achat d&#039;\u0153uvres d&#039;art contemporain originales sur la galerie d&#039;art en ligne Artistics.\" \/>\n<meta property=\"og:url\" content=\"https:\/\/artistics.com\/fr\/oeuvre\/counterpart-triptych\/\" \/>\n<meta property=\"og:site_name\" content=\"Artistics\" \/>\n<meta property=\"article:publisher\" content=\"https:\/\/www.facebook.com\/ArtisticsMag\" \/>\n<meta property=\"article:modified_time\" content=\"2024-03-21T10:55:30+00:00\" \/>\n<meta property=\"og:image\" content=\"https:\/\/artistics.com\/wp-content\/uploads\/2023\/04\/counterpart-iii-resin-sculpture-by-tom-price-2.jpg\" \/>\n\t<meta property=\"og:image:width\" content=\"1506\" \/>\n\t<meta property=\"og:image:height\" content=\"1000\" \/>\n\t<meta property=\"og:image:type\" content=\"image\/jpeg\" \/>\n<meta name=\"twitter:card\" content=\"summary_large_image\" \/>\n<meta name=\"twitter:site\" content=\"@Artistics_FR\" \/>\n<meta name=\"twitter:label1\" content=\"Prix\" \/>\n\t<meta name=\"twitter:data1\" content=\"42 000&nbsp;&euro;\" \/>\n\t<meta name=\"twitter:label2\" content=\"Disponibilit\u00e9\" \/>\n\t<meta name=\"twitter:data2\" content=\"En stock\" \/>\n<script type=\"application\/ld+json\" class=\"yoast-schema-graph\">{\"@context\":\"https:\\\/\\\/schema.org\",\"@graph\":[{\"@type\":[\"WebPage\",\"ItemPage\"],\"@id\":\"https:\\\/\\\/artistics.com\\\/fr\\\/oeuvre\\\/counterpart-triptych\\\/\",\"url\":\"https:\\\/\\\/artistics.com\\\/fr\\\/oeuvre\\\/counterpart-triptych\\\/\",\"name\":\"Artistics | Counterpart (triptych) par Tom Price - Sculpture contemporaine\",\"isPartOf\":{\"@id\":\"https:\\\/\\\/artistics.com\\\/fr\\\/#website\"},\"primaryImageOfPage\":{\"@id\":\"https:\\\/\\\/artistics.com\\\/fr\\\/oeuvre\\\/counterpart-triptych\\\/#primaryimage\"},\"image\":{\"@id\":\"https:\\\/\\\/artistics.com\\\/fr\\\/oeuvre\\\/counterpart-triptych\\\/#primaryimage\"},\"thumbnailUrl\":\"https:\\\/\\\/artistics.com\\\/wp-content\\\/uploads\\\/2023\\\/04\\\/counterpart-iii-resin-sculpture-by-tom-price-2.jpg\",\"datePublished\":\"2022-06-03T09:02:56+00:00\",\"dateModified\":\"2024-03-21T10:55:30+00:00\",\"description\":\"Counterpart (triptych) par Tom Price - achat d'\u0153uvres d'art contemporain originales sur la galerie d'art en ligne Artistics.\",\"breadcrumb\":{\"@id\":\"https:\\\/\\\/artistics.com\\\/fr\\\/oeuvre\\\/counterpart-triptych\\\/#breadcrumb\"},\"inLanguage\":\"fr-FR\",\"potentialAction\":[{\"@type\":\"ReadAction\",\"target\":[\"https:\\\/\\\/artistics.com\\\/fr\\\/oeuvre\\\/counterpart-triptych\\\/\"]}]},{\"@type\":\"ImageObject\",\"inLanguage\":\"fr-FR\",\"@id\":\"https:\\\/\\\/artistics.com\\\/fr\\\/oeuvre\\\/counterpart-triptych\\\/#primaryimage\",\"url\":\"https:\\\/\\\/artistics.com\\\/wp-content\\\/uploads\\\/2023\\\/04\\\/counterpart-iii-resin-sculpture-by-tom-price-2.jpg\",\"contentUrl\":\"https:\\\/\\\/artistics.com\\\/wp-content\\\/uploads\\\/2023\\\/04\\\/counterpart-iii-resin-sculpture-by-tom-price-2.jpg\",\"width\":1506,\"height\":1000,\"caption\":\"Counterpart III : banc-sculpture de l'artiste britannique Tom Price en forme de parall\u00e9l\u00e9pip\u00e8de combinant des parties noires mates en charbon et une partie color\u00e9e brillante faite d'un m\u00e9lange de r\u00e9sine, de goudron et d'acrylique.\"},{\"@type\":\"BreadcrumbList\",\"@id\":\"https:\\\/\\\/artistics.com\\\/fr\\\/oeuvre\\\/counterpart-triptych\\\/#breadcrumb\",\"itemListElement\":[{\"@type\":\"ListItem\",\"position\":1,\"name\":\"Achat \u0153uvre d'art\",\"item\":\"https:\\\/\\\/artistics.com\\\/fr\\\/\"},{\"@type\":\"ListItem\",\"position\":2,\"name\":\"Galerie\",\"item\":\"https:\\\/\\\/artistics.com\\\/fr\\\/galerie\\\/\"},{\"@type\":\"ListItem\",\"position\":3,\"name\":\"Sculpture contemporaine\",\"item\":\"https:\\\/\\\/artistics.com\\\/fr\\\/categorie-oeuvre\\\/sculpture-contemporaine\\\/\"},{\"@type\":\"ListItem\",\"position\":4,\"name\":\"Counterpart (triptych)\"}]},{\"@type\":\"WebSite\",\"@id\":\"https:\\\/\\\/artistics.com\\\/fr\\\/#website\",\"url\":\"https:\\\/\\\/artistics.com\\\/fr\\\/\",\"name\":\"Artistics\",\"description\":\"The online art gallery\",\"publisher\":{\"@id\":\"https:\\\/\\\/artistics.com\\\/fr\\\/#organization\"},\"potentialAction\":[{\"@type\":\"SearchAction\",\"target\":{\"@type\":\"EntryPoint\",\"urlTemplate\":\"https:\\\/\\\/artistics.com\\\/fr\\\/?s={search_term_string}\"},\"query-input\":{\"@type\":\"PropertyValueSpecification\",\"valueRequired\":true,\"valueName\":\"search_term_string\"}}],\"inLanguage\":\"fr-FR\"},{\"@type\":\"Organization\",\"@id\":\"https:\\\/\\\/artistics.com\\\/fr\\\/#organization\",\"name\":\"Artistics\",\"url\":\"https:\\\/\\\/artistics.com\\\/fr\\\/\",\"logo\":{\"@type\":\"ImageObject\",\"inLanguage\":\"fr-FR\",\"@id\":\"https:\\\/\\\/artistics.com\\\/fr\\\/#\\\/schema\\\/logo\\\/image\\\/\",\"url\":\"https:\\\/\\\/artistics.com\\\/wp-content\\\/uploads\\\/2023\\\/02\\\/artistics-logo-web-1.svg\",\"contentUrl\":\"https:\\\/\\\/artistics.com\\\/wp-content\\\/uploads\\\/2023\\\/02\\\/artistics-logo-web-1.svg\",\"caption\":\"Artistics\"},\"image\":{\"@id\":\"https:\\\/\\\/artistics.com\\\/fr\\\/#\\\/schema\\\/logo\\\/image\\\/\"},\"sameAs\":[\"https:\\\/\\\/www.facebook.com\\\/ArtisticsMag\",\"https:\\\/\\\/x.com\\\/Artistics_FR\",\"http:\\\/\\\/www.linkedin.com\\\/company\\\/artistics\",\"https:\\\/\\\/www.instagram.com\\\/artistics_com\\\/\",\"http:\\\/\\\/www.pinterest.com\\\/ArtisticsMag\"],\"hasMerchantReturnPolicy\":{\"@type\":\"MerchantReturnPolicy\",\"merchantReturnLink\":\"https:\\\/\\\/artistics.com\\\/free-return-policy\\\/\"}}]}<\/script>\n<meta property=\"product:price:amount\" content=\"42000\" \/>\n<meta property=\"product:price:currency\" content=\"EUR\" \/>\n<meta property=\"og:availability\" content=\"instock\" \/>\n<meta property=\"product:availability\" content=\"instock\" \/>\n<meta property=\"product:retailer_item_id\" content=\"9487\" \/>\n<meta property=\"product:condition\" content=\"new\" \/>\n<!-- \/ Yoast SEO Premium plugin. -->","yoast_head_json":{"title":"Artistics | Counterpart (triptych) par Tom Price - Sculpture contemporaine","description":"Counterpart (triptych) par Tom Price - achat d'\u0153uvres d'art contemporain originales sur la galerie d'art en ligne Artistics.","robots":{"index":"index","follow":"follow","max-snippet":"max-snippet:-1","max-image-preview":"max-image-preview:large","max-video-preview":"max-video-preview:-1"},"canonical":"https:\/\/artistics.com\/fr\/oeuvre\/counterpart-triptych\/","og_locale":"fr_FR","og_type":"article","og_title":"Counterpart (triptych)","og_description":"Counterpart (triptych) par Tom Price - achat d'\u0153uvres d'art contemporain originales sur la galerie d'art en ligne Artistics.","og_url":"https:\/\/artistics.com\/fr\/oeuvre\/counterpart-triptych\/","og_site_name":"Artistics","article_publisher":"https:\/\/www.facebook.com\/ArtisticsMag","article_modified_time":"2024-03-21T10:55:30+00:00","og_image":[{"width":1506,"height":1000,"url":"https:\/\/artistics.com\/wp-content\/uploads\/2023\/04\/counterpart-iii-resin-sculpture-by-tom-price-2.jpg","type":"image\/jpeg"}],"twitter_card":"summary_large_image","twitter_site":"@Artistics_FR","twitter_misc":{"Prix":"42 000&nbsp;&euro;","Disponibilit\u00e9":"En stock"},"schema":{"@context":"https:\/\/schema.org","@graph":[{"@type":["WebPage","ItemPage"],"@id":"https:\/\/artistics.com\/fr\/oeuvre\/counterpart-triptych\/","url":"https:\/\/artistics.com\/fr\/oeuvre\/counterpart-triptych\/","name":"Artistics | Counterpart (triptych) par Tom Price - Sculpture contemporaine","isPartOf":{"@id":"https:\/\/artistics.com\/fr\/#website"},"primaryImageOfPage":{"@id":"https:\/\/artistics.com\/fr\/oeuvre\/counterpart-triptych\/#primaryimage"},"image":{"@id":"https:\/\/artistics.com\/fr\/oeuvre\/counterpart-triptych\/#primaryimage"},"thumbnailUrl":"https:\/\/artistics.com\/wp-content\/uploads\/2023\/04\/counterpart-iii-resin-sculpture-by-tom-price-2.jpg","datePublished":"2022-06-03T09:02:56+00:00","dateModified":"2024-03-21T10:55:30+00:00","description":"Counterpart (triptych) par Tom Price - achat d'\u0153uvres d'art contemporain originales sur la galerie d'art en ligne Artistics.","breadcrumb":{"@id":"https:\/\/artistics.com\/fr\/oeuvre\/counterpart-triptych\/#breadcrumb"},"inLanguage":"fr-FR","potentialAction":[{"@type":"ReadAction","target":["https:\/\/artistics.com\/fr\/oeuvre\/counterpart-triptych\/"]}]},{"@type":"ImageObject","inLanguage":"fr-FR","@id":"https:\/\/artistics.com\/fr\/oeuvre\/counterpart-triptych\/#primaryimage","url":"https:\/\/artistics.com\/wp-content\/uploads\/2023\/04\/counterpart-iii-resin-sculpture-by-tom-price-2.jpg","contentUrl":"https:\/\/artistics.com\/wp-content\/uploads\/2023\/04\/counterpart-iii-resin-sculpture-by-tom-price-2.jpg","width":1506,"height":1000,"caption":"Counterpart III : banc-sculpture de l'artiste britannique Tom Price en forme de parall\u00e9l\u00e9pip\u00e8de combinant des parties noires mates en charbon et une partie color\u00e9e brillante faite d'un m\u00e9lange de r\u00e9sine, de goudron et d'acrylique."},{"@type":"BreadcrumbList","@id":"https:\/\/artistics.com\/fr\/oeuvre\/counterpart-triptych\/#breadcrumb","itemListElement":[{"@type":"ListItem","position":1,"name":"Achat \u0153uvre d'art","item":"https:\/\/artistics.com\/fr\/"},{"@type":"ListItem","position":2,"name":"Galerie","item":"https:\/\/artistics.com\/fr\/galerie\/"},{"@type":"ListItem","position":3,"name":"Sculpture contemporaine","item":"https:\/\/artistics.com\/fr\/categorie-oeuvre\/sculpture-contemporaine\/"},{"@type":"ListItem","position":4,"name":"Counterpart (triptych)"}]},{"@type":"WebSite","@id":"https:\/\/artistics.com\/fr\/#website","url":"https:\/\/artistics.com\/fr\/","name":"Artistics","description":"The online art gallery","publisher":{"@id":"https:\/\/artistics.com\/fr\/#organization"},"potentialAction":[{"@type":"SearchAction","target":{"@type":"EntryPoint","urlTemplate":"https:\/\/artistics.com\/fr\/?s={search_term_string}"},"query-input":{"@type":"PropertyValueSpecification","valueRequired":true,"valueName":"search_term_string"}}],"inLanguage":"fr-FR"},{"@type":"Organization","@id":"https:\/\/artistics.com\/fr\/#organization","name":"Artistics","url":"https:\/\/artistics.com\/fr\/","logo":{"@type":"ImageObject","inLanguage":"fr-FR","@id":"https:\/\/artistics.com\/fr\/#\/schema\/logo\/image\/","url":"https:\/\/artistics.com\/wp-content\/uploads\/2023\/02\/artistics-logo-web-1.svg","contentUrl":"https:\/\/artistics.com\/wp-content\/uploads\/2023\/02\/artistics-logo-web-1.svg","caption":"Artistics"},"image":{"@id":"https:\/\/artistics.com\/fr\/#\/schema\/logo\/image\/"},"sameAs":["https:\/\/www.facebook.com\/ArtisticsMag","https:\/\/x.com\/Artistics_FR","http:\/\/www.linkedin.com\/company\/artistics","https:\/\/www.instagram.com\/artistics_com\/","http:\/\/www.pinterest.com\/ArtisticsMag"],"hasMerchantReturnPolicy":{"@type":"MerchantReturnPolicy","merchantReturnLink":"https:\/\/artistics.com\/free-return-policy\/"}}]},"product_price_amount":"42000","product_price_currency":"EUR","og_availability":"instock","product_availability":"instock","product_retailer_item_id":"9487","product_condition":"new"},"_links":{"self":[{"href":"https:\/\/artistics.com\/fr\/wp-json\/wp\/v2\/product\/23047","targetHints":{"allow":["GET"]}}],"collection":[{"href":"https:\/\/artistics.com\/fr\/wp-json\/wp\/v2\/product"}],"about":[{"href":"https:\/\/artistics.com\/fr\/wp-json\/wp\/v2\/types\/product"}],"acf:term":[{"embeddable":true,"taxonomy":"series","href":"https:\/\/artistics.com\/fr\/wp-json\/wp\/v2\/series\/2004"},{"embeddable":true,"taxonomy":"product_tag","href":"https:\/\/artistics.com\/fr\/wp-json\/wp\/v2\/product_tag\/368"},{"embeddable":true,"taxonomy":"product_tag","href":"https:\/\/artistics.com\/fr\/wp-json\/wp\/v2\/product_tag\/545"},{"embeddable":true,"taxonomy":"product_cat","href":"https:\/\/artistics.com\/fr\/wp-json\/wp\/v2\/product_cat\/238"},{"embeddable":true,"taxonomy":"product_cat","href":"https:\/\/artistics.com\/fr\/wp-json\/wp\/v2\/product_cat\/215"},{"embeddable":true,"taxonomy":"product_cat","href":"https:\/\/artistics.com\/fr\/wp-json\/wp\/v2\/product_cat\/193"},{"embeddable":true,"taxonomy":"product_cat","href":"https:\/\/artistics.com\/fr\/wp-json\/wp\/v2\/product_cat\/189"},{"embeddable":true,"taxonomy":"product_cat","href":"https:\/\/artistics.com\/fr\/wp-json\/wp\/v2\/product_cat\/407"},{"embeddable":true,"taxonomy":"product_cat","href":"https:\/\/artistics.com\/fr\/wp-json\/wp\/v2\/product_cat\/2336"},{"embeddable":true,"taxonomy":"product_cat","href":"https:\/\/artistics.com\/fr\/wp-json\/wp\/v2\/product_cat\/2490"},{"embeddable":true,"taxonomy":"product_cat","href":"https:\/\/artistics.com\/fr\/wp-json\/wp\/v2\/product_cat\/426"},{"embeddable":true,"taxonomy":"product_cat","href":"https:\/\/artistics.com\/fr\/wp-json\/wp\/v2\/product_cat\/413"},{"embeddable":true,"taxonomy":"product_cat","href":"https:\/\/artistics.com\/fr\/wp-json\/wp\/v2\/product_cat\/204"},{"embeddable":true,"taxonomy":"product_cat","href":"https:\/\/artistics.com\/fr\/wp-json\/wp\/v2\/product_cat\/210"},{"embeddable":true,"taxonomy":"product_cat","href":"https:\/\/artistics.com\/fr\/wp-json\/wp\/v2\/product_cat\/164"}],"acf:post":[{"embeddable":true,"href":"https:\/\/artistics.com\/fr\/wp-json\/wp\/v2\/artist\/2798"}],"wp:featuredmedia":[{"embeddable":true,"href":"https:\/\/artistics.com\/fr\/wp-json\/wp\/v2\/media\/18310"}],"wp:attachment":[{"href":"https:\/\/artistics.com\/fr\/wp-json\/wp\/v2\/media?parent=23047"}],"wp:term":[{"taxonomy":"product_cat","embeddable":true,"href":"https:\/\/artistics.com\/fr\/wp-json\/wp\/v2\/product_cat?post=23047"},{"taxonomy":"product_tag","embeddable":true,"href":"https:\/\/artistics.com\/fr\/wp-json\/wp\/v2\/product_tag?post=23047"},{"taxonomy":"series","embeddable":true,"href":"https:\/\/artistics.com\/fr\/wp-json\/wp\/v2\/series?post=23047"}],"curies":[{"name":"wp","href":"https:\/\/api.w.org\/{rel}","templated":true}]}}