{"id":23027,"date":"2022-05-25T18:15:11","date_gmt":"2022-05-25T16:15:11","guid":{"rendered":"https:\/\/2022.devartistics.com\/artwork\/cat\/"},"modified":"2023-12-05T13:02:12","modified_gmt":"2023-12-05T12:02:12","slug":"cat","status":"publish","type":"product","link":"https:\/\/artistics.com\/fr\/oeuvre\/cat\/","title":{"rendered":"Cat"},"content":{"rendered":"","protected":false},"excerpt":{"rendered":"","protected":false},"featured_media":18144,"template":"","meta":{"_acf_changed":false,"_searchwp_excluded":"","inline_featured_image":false},"product_cat":[190,192,2486,236,216,194,162,170,172],"product_tag":[506,535,512,557],"series":[1894],"class_list":{"0":"post-23027","1":"product","2":"type-product","3":"status-publish","4":"has-post-thumbnail","6":"product_cat-animal","7":"product_cat-art-figuratif","8":"product_cat-art-realiste","9":"product_cat-de-3000-a-10-000-e","10":"product_cat-moyen","11":"product_cat-nature-et-paysage","12":"product_cat-peinture-contemporaine","13":"product_cat-peinture-figurative","14":"product_cat-tableau-nature-et-paysage","15":"product_tag-chat","16":"product_tag-encre","17":"product_tag-felin","18":"product_tag-paris-fr","19":"series-guillaume-chansarel-mise-en-abime","21":"first","22":"instock","23":"taxable","24":"shipping-taxable","25":"purchasable","26":"product-type-simple"},"acf":{"artwork_artist":2790,"artwork_medium":162,"artwork_categories":[170,172],"artwork_overall-tones":[],"artwork_main-material":[],"artwork_art-genre":[194,2486],"artwork_art-movement":[192],"artwork_miscellaneous":[190],"artwork_formats":[216],"artwork_price-ranges":[236],"artwork_main_subject":[512,506],"artwork_technique":[535],"artwork_featured_location":[557],"artwork_dominant_color":[],"artwork_physical_attributes":[],"artwork_creation_date":"20220101","artwork_unique_piece":true,"artwork_description":"Encre et acrylique sur pages imprim\u00e9es de livres anciens, maroufl\u00e9es sur toile. ","artwork_signature":"\u0152uvre sign\u00e9e","artwork_authenticity":"L\u2019\u0153uvre est vendue avec un certificat d\u2019authenticit\u00e9 sign\u00e9 par l\u2019artiste.","artwork_framing":"unframed","artwork_has_custom_framing_info":false,"artwork_custom_framing_info":"Not specified","artwork_location_country":"FR","artwork_location_city":"Paris","artwork_location_zipcode":"75019","artwork_shipment_type":"2D_flat_artwork","artwork_shipping_delivery":"painting_immediate_availability","artwork_has_custom_shipping_delivery_info":false,"artwork_custom_shipping_delivery_info":"Not specified","artwork_360_view_url":"","artwork_video_url":"https:\/\/youtube.com\/watch?v=VfXPjCzUYFM","artwork_video_format":[],"artwork_preview_type":"featured_image","artwork_reserved":false,"artwork_hide_price":false,"artwork_about":"<em><strong>Cat<\/strong><\/em> est un tableau de l'artiste contemporain fran\u00e7ais Guillaume Chansarel. L'\u0153uvre fait partie de sa s\u00e9rie \u00ab Mise en abime \u00bb, pr\u00e9sent\u00e9e pour la premi\u00e8re fois lors d'une exposition personnelle \u00e0 New York en 2022. Le tableau est vendu avec son dessin pr\u00e9paratoire ainsi qu'une vid\u00e9o making-of qui montre le processus de cr\u00e9ation du dessin in situ jusqu'\u00e0 la toile termin\u00e9e. L'acheteur recevra en effet un QR code qui renvoie au lien de la vid\u00e9o making-of.\r\n\r\nLa mise en abyme est un proc\u00e9d\u00e9 consistant \u00e0 repr\u00e9senter dans une image cette image elle-m\u00eame (en r\u00e9duction). Ici Guillaume Chansarel s'est inspir\u00e9 d'Invader, le c\u00e9l\u00e8bre artiste de rue fran\u00e7ais qui place ses \u0153uvres en mosa\u00efque sur les murs des grandes m\u00e9tropoles internationales, en int\u00e9grant dans ses \u0153uvres les Space Invaders de Paris. Il d\u00e9clare : \u00ab <em>Paris est un mus\u00e9e aux murs nus qui ne demandent qu'\u00e0 \u00eatre d\u00e9cor\u00e9s. Les personnages de Space Invaders, diss\u00e9min\u00e9s \u00e7\u00e0 et l\u00e0, sont autant de signaux qui, tout en animant les rues de leurs couleurs vives, semblent nous inviter \u00e0 nous arr\u00eater un instant. Ici devant une perspective th\u00e9\u00e2trale, l\u00e0 devant une confrontation de fa\u00e7ades, plus haut sur un empilement de chemin\u00e9es...<\/em> \u00bb. Le QR code avec la vid\u00e9o associ\u00e9e \u00e0 l'\u0153uvre est \u00e9galement cach\u00e9 dans la toile : le public est invit\u00e9 \u00e0 chercher le QR code dans l'\u0153uvre comme il cherche les Space Invaders dans la ville. \u00ab Mise en abime \u00bb c'est l'architecture qui rencontre un artiste, qui rencontre un autre artiste.\r\n\r\nGuillaume Chansarel fait des m\u00e9galopoles son sujet de pr\u00e9dilection. A travers ses peintures figuratives, il cherche \u00e0 saisir l'identit\u00e9 graphique d'une ville, de la m\u00eame fa\u00e7on qu'un photographe d'architecture appuierait sur le d\u00e9clencheur de son appareil. La singularit\u00e9 du travail de l'artiste repose sur le grand r\u00e9alisme de ses \u0153uvres, mais \u00e9galement sur la technique originale de l'utilisation d'un support innovant : des pages de livres anciens d\u00e9j\u00e0 imprim\u00e9es sur lesquelles il vient appliquer sa peinture, racontant d\u00e8s lors une nouvelle histoire.\r\n\r\nCette \u0153uvre est vendue non encadr\u00e9e et livr\u00e9e avec son certificat d'authenticit\u00e9. Cette \u0153uvre est vendue avec le dessin pr\u00e9paratoire et la vid\u00e9o making-of (QR code).","artwork_series":[1894],"artwork_query_group":"20","artwork_lowest_grid_position":1,"artwork_random_position":5125096,"explicit_sensitive_content":false,"drupal_id":"9434"},"yoast_head":"<!-- This site is optimized with the Yoast SEO Premium plugin v27.3 (Yoast SEO v27.3) - https:\/\/yoast.com\/product\/yoast-seo-premium-wordpress\/ -->\n<title>Artistics | Cat par Guillaume Chansarel - Peinture contemporaine<\/title>\n<meta name=\"description\" content=\"Cat par Guillaume Chansarel - achat d&#039;\u0153uvres d&#039;art contemporain originales sur la galerie d&#039;art en ligne Artistics.\" \/>\n<meta name=\"robots\" content=\"index, follow, max-snippet:-1, max-image-preview:large, max-video-preview:-1\" \/>\n<link rel=\"canonical\" href=\"https:\/\/artistics.com\/fr\/oeuvre\/cat\/\" \/>\n<meta property=\"og:locale\" content=\"fr_FR\" \/>\n<meta property=\"og:type\" content=\"article\" \/>\n<meta property=\"og:title\" content=\"Cat\" \/>\n<meta property=\"og:description\" content=\"Cat par Guillaume Chansarel - achat d&#039;\u0153uvres d&#039;art contemporain originales sur la galerie d&#039;art en ligne Artistics.\" \/>\n<meta property=\"og:url\" content=\"https:\/\/artistics.com\/fr\/oeuvre\/cat\/\" \/>\n<meta property=\"og:site_name\" content=\"Artistics\" \/>\n<meta property=\"article:publisher\" content=\"https:\/\/www.facebook.com\/ArtisticsMag\" \/>\n<meta property=\"article:modified_time\" content=\"2023-12-05T12:02:12+00:00\" \/>\n<meta property=\"og:image\" content=\"https:\/\/artistics.com\/wp-content\/uploads\/2023\/04\/cat-figurative-paris-landscape-by-guillaume-chansarel_2.jpg\" \/>\n\t<meta property=\"og:image:width\" content=\"1199\" \/>\n\t<meta property=\"og:image:height\" content=\"838\" \/>\n\t<meta property=\"og:image:type\" content=\"image\/jpeg\" \/>\n<meta name=\"twitter:card\" content=\"summary_large_image\" \/>\n<meta name=\"twitter:site\" content=\"@Artistics_FR\" \/>\n<meta name=\"twitter:label1\" content=\"Prix\" \/>\n\t<meta name=\"twitter:data1\" content=\"3 200&nbsp;&euro;\" \/>\n\t<meta name=\"twitter:label2\" content=\"Disponibilit\u00e9\" \/>\n\t<meta name=\"twitter:data2\" content=\"En stock\" \/>\n<script type=\"application\/ld+json\" class=\"yoast-schema-graph\">{\"@context\":\"https:\\\/\\\/schema.org\",\"@graph\":[{\"@type\":[\"WebPage\",\"ItemPage\"],\"@id\":\"https:\\\/\\\/artistics.com\\\/fr\\\/oeuvre\\\/cat\\\/\",\"url\":\"https:\\\/\\\/artistics.com\\\/fr\\\/oeuvre\\\/cat\\\/\",\"name\":\"Artistics | Cat par Guillaume Chansarel - Peinture contemporaine\",\"isPartOf\":{\"@id\":\"https:\\\/\\\/artistics.com\\\/fr\\\/#website\"},\"primaryImageOfPage\":{\"@id\":\"https:\\\/\\\/artistics.com\\\/fr\\\/oeuvre\\\/cat\\\/#primaryimage\"},\"image\":{\"@id\":\"https:\\\/\\\/artistics.com\\\/fr\\\/oeuvre\\\/cat\\\/#primaryimage\"},\"thumbnailUrl\":\"https:\\\/\\\/artistics.com\\\/wp-content\\\/uploads\\\/2023\\\/04\\\/cat-figurative-paris-landscape-by-guillaume-chansarel_2.jpg\",\"datePublished\":\"2022-05-25T16:15:11+00:00\",\"dateModified\":\"2023-12-05T12:02:12+00:00\",\"description\":\"Cat par Guillaume Chansarel - achat d'\u0153uvres d'art contemporain originales sur la galerie d'art en ligne Artistics.\",\"breadcrumb\":{\"@id\":\"https:\\\/\\\/artistics.com\\\/fr\\\/oeuvre\\\/cat\\\/#breadcrumb\"},\"inLanguage\":\"fr-FR\",\"potentialAction\":[{\"@type\":\"ReadAction\",\"target\":[\"https:\\\/\\\/artistics.com\\\/fr\\\/oeuvre\\\/cat\\\/\"]}]},{\"@type\":\"ImageObject\",\"inLanguage\":\"fr-FR\",\"@id\":\"https:\\\/\\\/artistics.com\\\/fr\\\/oeuvre\\\/cat\\\/#primaryimage\",\"url\":\"https:\\\/\\\/artistics.com\\\/wp-content\\\/uploads\\\/2023\\\/04\\\/cat-figurative-paris-landscape-by-guillaume-chansarel_2.jpg\",\"contentUrl\":\"https:\\\/\\\/artistics.com\\\/wp-content\\\/uploads\\\/2023\\\/04\\\/cat-figurative-paris-landscape-by-guillaume-chansarel_2.jpg\",\"width\":1199,\"height\":838},{\"@type\":\"BreadcrumbList\",\"@id\":\"https:\\\/\\\/artistics.com\\\/fr\\\/oeuvre\\\/cat\\\/#breadcrumb\",\"itemListElement\":[{\"@type\":\"ListItem\",\"position\":1,\"name\":\"Achat \u0153uvre d'art\",\"item\":\"https:\\\/\\\/artistics.com\\\/fr\\\/\"},{\"@type\":\"ListItem\",\"position\":2,\"name\":\"Galerie\",\"item\":\"https:\\\/\\\/artistics.com\\\/fr\\\/galerie\\\/\"},{\"@type\":\"ListItem\",\"position\":3,\"name\":\"Peinture contemporaine\",\"item\":\"https:\\\/\\\/artistics.com\\\/fr\\\/categorie-oeuvre\\\/peinture-contemporaine\\\/\"},{\"@type\":\"ListItem\",\"position\":4,\"name\":\"Cat\"}]},{\"@type\":\"WebSite\",\"@id\":\"https:\\\/\\\/artistics.com\\\/fr\\\/#website\",\"url\":\"https:\\\/\\\/artistics.com\\\/fr\\\/\",\"name\":\"Artistics\",\"description\":\"The online art gallery\",\"publisher\":{\"@id\":\"https:\\\/\\\/artistics.com\\\/fr\\\/#organization\"},\"potentialAction\":[{\"@type\":\"SearchAction\",\"target\":{\"@type\":\"EntryPoint\",\"urlTemplate\":\"https:\\\/\\\/artistics.com\\\/fr\\\/?s={search_term_string}\"},\"query-input\":{\"@type\":\"PropertyValueSpecification\",\"valueRequired\":true,\"valueName\":\"search_term_string\"}}],\"inLanguage\":\"fr-FR\"},{\"@type\":\"Organization\",\"@id\":\"https:\\\/\\\/artistics.com\\\/fr\\\/#organization\",\"name\":\"Artistics\",\"url\":\"https:\\\/\\\/artistics.com\\\/fr\\\/\",\"logo\":{\"@type\":\"ImageObject\",\"inLanguage\":\"fr-FR\",\"@id\":\"https:\\\/\\\/artistics.com\\\/fr\\\/#\\\/schema\\\/logo\\\/image\\\/\",\"url\":\"https:\\\/\\\/artistics.com\\\/wp-content\\\/uploads\\\/2023\\\/02\\\/artistics-logo-web-1.svg\",\"contentUrl\":\"https:\\\/\\\/artistics.com\\\/wp-content\\\/uploads\\\/2023\\\/02\\\/artistics-logo-web-1.svg\",\"caption\":\"Artistics\"},\"image\":{\"@id\":\"https:\\\/\\\/artistics.com\\\/fr\\\/#\\\/schema\\\/logo\\\/image\\\/\"},\"sameAs\":[\"https:\\\/\\\/www.facebook.com\\\/ArtisticsMag\",\"https:\\\/\\\/x.com\\\/Artistics_FR\",\"http:\\\/\\\/www.linkedin.com\\\/company\\\/artistics\",\"https:\\\/\\\/www.instagram.com\\\/artistics_com\\\/\",\"http:\\\/\\\/www.pinterest.com\\\/ArtisticsMag\"],\"hasMerchantReturnPolicy\":{\"@type\":\"MerchantReturnPolicy\",\"merchantReturnLink\":\"https:\\\/\\\/artistics.com\\\/free-return-policy\\\/\"}}]}<\/script>\n<meta property=\"product:price:amount\" content=\"3200\" \/>\n<meta property=\"product:price:currency\" content=\"EUR\" \/>\n<meta property=\"og:availability\" content=\"instock\" \/>\n<meta property=\"product:availability\" content=\"instock\" \/>\n<meta property=\"product:retailer_item_id\" content=\"9435\" \/>\n<meta property=\"product:condition\" content=\"new\" \/>\n<!-- \/ Yoast SEO Premium plugin. -->","yoast_head_json":{"title":"Artistics | Cat par Guillaume Chansarel - Peinture contemporaine","description":"Cat par Guillaume Chansarel - achat d'\u0153uvres d'art contemporain originales sur la galerie d'art en ligne Artistics.","robots":{"index":"index","follow":"follow","max-snippet":"max-snippet:-1","max-image-preview":"max-image-preview:large","max-video-preview":"max-video-preview:-1"},"canonical":"https:\/\/artistics.com\/fr\/oeuvre\/cat\/","og_locale":"fr_FR","og_type":"article","og_title":"Cat","og_description":"Cat par Guillaume Chansarel - achat d'\u0153uvres d'art contemporain originales sur la galerie d'art en ligne Artistics.","og_url":"https:\/\/artistics.com\/fr\/oeuvre\/cat\/","og_site_name":"Artistics","article_publisher":"https:\/\/www.facebook.com\/ArtisticsMag","article_modified_time":"2023-12-05T12:02:12+00:00","og_image":[{"width":1199,"height":838,"url":"https:\/\/artistics.com\/wp-content\/uploads\/2023\/04\/cat-figurative-paris-landscape-by-guillaume-chansarel_2.jpg","type":"image\/jpeg"}],"twitter_card":"summary_large_image","twitter_site":"@Artistics_FR","twitter_misc":{"Prix":"3 200&nbsp;&euro;","Disponibilit\u00e9":"En stock"},"schema":{"@context":"https:\/\/schema.org","@graph":[{"@type":["WebPage","ItemPage"],"@id":"https:\/\/artistics.com\/fr\/oeuvre\/cat\/","url":"https:\/\/artistics.com\/fr\/oeuvre\/cat\/","name":"Artistics | Cat par Guillaume Chansarel - Peinture contemporaine","isPartOf":{"@id":"https:\/\/artistics.com\/fr\/#website"},"primaryImageOfPage":{"@id":"https:\/\/artistics.com\/fr\/oeuvre\/cat\/#primaryimage"},"image":{"@id":"https:\/\/artistics.com\/fr\/oeuvre\/cat\/#primaryimage"},"thumbnailUrl":"https:\/\/artistics.com\/wp-content\/uploads\/2023\/04\/cat-figurative-paris-landscape-by-guillaume-chansarel_2.jpg","datePublished":"2022-05-25T16:15:11+00:00","dateModified":"2023-12-05T12:02:12+00:00","description":"Cat par Guillaume Chansarel - achat d'\u0153uvres d'art contemporain originales sur la galerie d'art en ligne Artistics.","breadcrumb":{"@id":"https:\/\/artistics.com\/fr\/oeuvre\/cat\/#breadcrumb"},"inLanguage":"fr-FR","potentialAction":[{"@type":"ReadAction","target":["https:\/\/artistics.com\/fr\/oeuvre\/cat\/"]}]},{"@type":"ImageObject","inLanguage":"fr-FR","@id":"https:\/\/artistics.com\/fr\/oeuvre\/cat\/#primaryimage","url":"https:\/\/artistics.com\/wp-content\/uploads\/2023\/04\/cat-figurative-paris-landscape-by-guillaume-chansarel_2.jpg","contentUrl":"https:\/\/artistics.com\/wp-content\/uploads\/2023\/04\/cat-figurative-paris-landscape-by-guillaume-chansarel_2.jpg","width":1199,"height":838},{"@type":"BreadcrumbList","@id":"https:\/\/artistics.com\/fr\/oeuvre\/cat\/#breadcrumb","itemListElement":[{"@type":"ListItem","position":1,"name":"Achat \u0153uvre d'art","item":"https:\/\/artistics.com\/fr\/"},{"@type":"ListItem","position":2,"name":"Galerie","item":"https:\/\/artistics.com\/fr\/galerie\/"},{"@type":"ListItem","position":3,"name":"Peinture contemporaine","item":"https:\/\/artistics.com\/fr\/categorie-oeuvre\/peinture-contemporaine\/"},{"@type":"ListItem","position":4,"name":"Cat"}]},{"@type":"WebSite","@id":"https:\/\/artistics.com\/fr\/#website","url":"https:\/\/artistics.com\/fr\/","name":"Artistics","description":"The online art gallery","publisher":{"@id":"https:\/\/artistics.com\/fr\/#organization"},"potentialAction":[{"@type":"SearchAction","target":{"@type":"EntryPoint","urlTemplate":"https:\/\/artistics.com\/fr\/?s={search_term_string}"},"query-input":{"@type":"PropertyValueSpecification","valueRequired":true,"valueName":"search_term_string"}}],"inLanguage":"fr-FR"},{"@type":"Organization","@id":"https:\/\/artistics.com\/fr\/#organization","name":"Artistics","url":"https:\/\/artistics.com\/fr\/","logo":{"@type":"ImageObject","inLanguage":"fr-FR","@id":"https:\/\/artistics.com\/fr\/#\/schema\/logo\/image\/","url":"https:\/\/artistics.com\/wp-content\/uploads\/2023\/02\/artistics-logo-web-1.svg","contentUrl":"https:\/\/artistics.com\/wp-content\/uploads\/2023\/02\/artistics-logo-web-1.svg","caption":"Artistics"},"image":{"@id":"https:\/\/artistics.com\/fr\/#\/schema\/logo\/image\/"},"sameAs":["https:\/\/www.facebook.com\/ArtisticsMag","https:\/\/x.com\/Artistics_FR","http:\/\/www.linkedin.com\/company\/artistics","https:\/\/www.instagram.com\/artistics_com\/","http:\/\/www.pinterest.com\/ArtisticsMag"],"hasMerchantReturnPolicy":{"@type":"MerchantReturnPolicy","merchantReturnLink":"https:\/\/artistics.com\/free-return-policy\/"}}]},"product_price_amount":"3200","product_price_currency":"EUR","og_availability":"instock","product_availability":"instock","product_retailer_item_id":"9435","product_condition":"new"},"_links":{"self":[{"href":"https:\/\/artistics.com\/fr\/wp-json\/wp\/v2\/product\/23027","targetHints":{"allow":["GET"]}}],"collection":[{"href":"https:\/\/artistics.com\/fr\/wp-json\/wp\/v2\/product"}],"about":[{"href":"https:\/\/artistics.com\/fr\/wp-json\/wp\/v2\/types\/product"}],"acf:term":[{"embeddable":true,"taxonomy":"series","href":"https:\/\/artistics.com\/fr\/wp-json\/wp\/v2\/series\/1894"},{"embeddable":true,"taxonomy":"product_tag","href":"https:\/\/artistics.com\/fr\/wp-json\/wp\/v2\/product_tag\/557"},{"embeddable":true,"taxonomy":"product_tag","href":"https:\/\/artistics.com\/fr\/wp-json\/wp\/v2\/product_tag\/535"},{"embeddable":true,"taxonomy":"product_tag","href":"https:\/\/artistics.com\/fr\/wp-json\/wp\/v2\/product_tag\/506"},{"embeddable":true,"taxonomy":"product_tag","href":"https:\/\/artistics.com\/fr\/wp-json\/wp\/v2\/product_tag\/512"},{"embeddable":true,"taxonomy":"product_cat","href":"https:\/\/artistics.com\/fr\/wp-json\/wp\/v2\/product_cat\/236"},{"embeddable":true,"taxonomy":"product_cat","href":"https:\/\/artistics.com\/fr\/wp-json\/wp\/v2\/product_cat\/216"},{"embeddable":true,"taxonomy":"product_cat","href":"https:\/\/artistics.com\/fr\/wp-json\/wp\/v2\/product_cat\/190"},{"embeddable":true,"taxonomy":"product_cat","href":"https:\/\/artistics.com\/fr\/wp-json\/wp\/v2\/product_cat\/192"},{"embeddable":true,"taxonomy":"product_cat","href":"https:\/\/artistics.com\/fr\/wp-json\/wp\/v2\/product_cat\/2486"},{"embeddable":true,"taxonomy":"product_cat","href":"https:\/\/artistics.com\/fr\/wp-json\/wp\/v2\/product_cat\/194"},{"embeddable":true,"taxonomy":"product_cat","href":"https:\/\/artistics.com\/fr\/wp-json\/wp\/v2\/product_cat\/172"},{"embeddable":true,"taxonomy":"product_cat","href":"https:\/\/artistics.com\/fr\/wp-json\/wp\/v2\/product_cat\/170"},{"embeddable":true,"taxonomy":"product_cat","href":"https:\/\/artistics.com\/fr\/wp-json\/wp\/v2\/product_cat\/162"}],"acf:post":[{"embeddable":true,"href":"https:\/\/artistics.com\/fr\/wp-json\/wp\/v2\/artist\/2790"}],"wp:featuredmedia":[{"embeddable":true,"href":"https:\/\/artistics.com\/fr\/wp-json\/wp\/v2\/media\/18144"}],"wp:attachment":[{"href":"https:\/\/artistics.com\/fr\/wp-json\/wp\/v2\/media?parent=23027"}],"wp:term":[{"taxonomy":"product_cat","embeddable":true,"href":"https:\/\/artistics.com\/fr\/wp-json\/wp\/v2\/product_cat?post=23027"},{"taxonomy":"product_tag","embeddable":true,"href":"https:\/\/artistics.com\/fr\/wp-json\/wp\/v2\/product_tag?post=23027"},{"taxonomy":"series","embeddable":true,"href":"https:\/\/artistics.com\/fr\/wp-json\/wp\/v2\/series?post=23027"}],"curies":[{"name":"wp","href":"https:\/\/api.w.org\/{rel}","templated":true}]}}