{"id":22849,"date":"2021-12-06T17:02:29","date_gmt":"2021-12-06T16:02:29","guid":{"rendered":"https:\/\/2022.devartistics.com\/artwork\/tree-box\/"},"modified":"2023-04-22T02:10:37","modified_gmt":"2023-04-22T00:10:37","slug":"tree-box","status":"publish","type":"product","link":"https:\/\/artistics.com\/fr\/oeuvre\/tree-box\/","title":{"rendered":"TREE IN THE BOX"},"content":{"rendered":"","protected":false},"excerpt":{"rendered":"","protected":false},"featured_media":16550,"template":"","meta":{"_acf_changed":false,"_searchwp_excluded":"","inline_featured_image":false},"product_cat":[424,164,192,209,215,238],"product_tag":[504,562,2505,368],"series":[2376],"class_list":{"0":"post-22849","1":"product","2":"type-product","3":"status-publish","4":"has-post-thumbnail","6":"product_cat-sculpture-en-metal","7":"product_cat-sculpture-contemporaine","8":"product_cat-art-figuratif","9":"product_cat-sculpture-figurative","10":"product_cat-grand","11":"product_cat-plus-de-10-000-e","12":"product_tag-arbre","13":"product_tag-argente","14":"product_tag-oeuvres-dart-verticales","15":"product_tag-sculpture-grand-format","16":"series-ondrej-oliva-sculptures-en-aluminium","18":"first","19":"instock","20":"shipping-taxable","21":"purchasable","22":"product-type-simple"},"acf":{"artwork_artist":[2804],"artwork_medium":164,"artwork_categories":[209],"artwork_overall-tones":[],"artwork_main-material":[424],"artwork_art-genre":[],"artwork_art-movement":[192],"artwork_miscellaneous":[],"artwork_formats":[215],"artwork_price-ranges":[238],"artwork_main_subject":[504],"artwork_technique":[],"artwork_featured_location":[],"artwork_dominant_color":[562],"artwork_physical_attributes":[368,2505,368],"artwork_creation_date":"20180101","artwork_unique_piece":true,"artwork_description":"Sculpture en aluminium","artwork_signature":"Signed artwork","artwork_authenticity":"The artwork is sold with a certificate of authenticity signed by the artist.","artwork_framing":"not_specified","artwork_has_custom_framing_info":false,"artwork_custom_framing_info":"Not specified","artwork_location_country":"CZ","artwork_location_city":"Velehrad","artwork_location_zipcode":"68706","artwork_shipment_type":"3D_artwork","artwork_shipping_delivery":"sculpture_unique_piece_immediate_availability","artwork_has_custom_shipping_delivery_info":false,"artwork_custom_shipping_delivery_info":"Not specified","artwork_360_view_url":"","artwork_video_url":"https:\/\/youtube.com\/watch?v=8889oA_V5W0","artwork_video_format":[],"artwork_preview_type":"featured_image","artwork_reserved":false,"artwork_hide_price":false,"artwork_about":"<p ><strong><em>TREE IN THE BOX<\/em> <\/strong>est une sculpture de l\u2019artiste tch\u00e8que Ond\u0159ej Oliva.<\/p><p ><span >Dans cette sculpture l\u2019artiste revisite un sujet important dans sa production, auquel il attribue une importante valeur symbolique : les arbres. Ond\u0159ej r\u00e9interpr\u00e8te la forme des arbres en la stylisant de fa\u00e7on g\u00e9om\u00e9trique : une forme ronde mais coup\u00e9e lin\u00e9airement sur un cot\u00e9 d\u00e9limite les branches de l\u2019arbre, \u00e0 l\u2019int\u00e9rieur de laquelle un dense enchev\u00eatrement d\u2019aluminium se d\u00e9ploie.<\/span><\/p><p >Les \u0153uvres du sculpteur tch\u00e8que Ond\u0159ej Oliva sont inspir\u00e9es par les \u00e9l\u00e9ments de la nature et par des sujets communs qui nous entourent dans la vie quotidienne, notamment certains aliments que l\u2019artiste revisite afin de cr\u00e9er des sculptures originales et impr\u00e9gn\u00e9es de multiples allusions et r\u00e9f\u00e9rences. Le choix du mat\u00e9riel est tr\u00e8s important : Ond\u0159ej choisit le bronze ou l\u2019aluminium pour inscrire ses \u0153uvres dans une temporalit\u00e9 longue.\u00a0L\u2019aluminium, utilis\u00e9 pour cette sculpture, est particuli\u00e8rement appr\u00e9ci\u00e9 par l\u2019artiste puisqu\u2019il lui permet d\u2019atteindre une grande pr\u00e9cision dans les plus petits d\u00e9tails.<\/p><p >Cette \u0153uvre est une pi\u00e8ce unique et elle est vendue avec un certificat d'authenticit\u00e9 sign\u00e9 par l'artiste.<\/p>","artwork_series":[2376],"artwork_query_group":"20","artwork_lowest_grid_position":1,"artwork_random_position":4628665,"explicit_sensitive_content":false,"drupal_id":"8906"},"yoast_head":"<!-- This site is optimized with the Yoast SEO Premium plugin v27.3 (Yoast SEO v27.3) - https:\/\/yoast.com\/product\/yoast-seo-premium-wordpress\/ -->\n<title>Artistics | TREE IN THE BOX par Ond\u0159ej Oliva - Sculpture contemporaine<\/title>\n<meta name=\"description\" content=\"TREE IN THE BOX par Ond\u0159ej Oliva - achat d&#039;\u0153uvres d&#039;art contemporain originales sur la galerie d&#039;art en ligne Artistics.\" \/>\n<meta name=\"robots\" content=\"index, follow, max-snippet:-1, max-image-preview:large, max-video-preview:-1\" \/>\n<link rel=\"canonical\" href=\"https:\/\/artistics.com\/fr\/oeuvre\/tree-box\/\" \/>\n<meta property=\"og:locale\" content=\"fr_FR\" \/>\n<meta property=\"og:type\" content=\"article\" \/>\n<meta property=\"og:title\" content=\"TREE IN THE BOX\" \/>\n<meta property=\"og:description\" content=\"TREE IN THE BOX par Ond\u0159ej Oliva - achat d&#039;\u0153uvres d&#039;art contemporain originales sur la galerie d&#039;art en ligne Artistics.\" \/>\n<meta property=\"og:url\" content=\"https:\/\/artistics.com\/fr\/oeuvre\/tree-box\/\" \/>\n<meta property=\"og:site_name\" content=\"Artistics\" \/>\n<meta property=\"article:publisher\" content=\"https:\/\/www.facebook.com\/ArtisticsMag\" \/>\n<meta property=\"article:modified_time\" content=\"2023-04-22T00:10:37+00:00\" \/>\n<meta property=\"og:image\" content=\"https:\/\/artistics.com\/wp-content\/uploads\/2023\/04\/tree-in-the-box-2018-aluminium-sculpture-by-ondrej-oliva_3_1.jpg\" \/>\n\t<meta property=\"og:image:width\" content=\"1000\" \/>\n\t<meta property=\"og:image:height\" content=\"1399\" \/>\n\t<meta property=\"og:image:type\" content=\"image\/jpeg\" \/>\n<meta name=\"twitter:card\" content=\"summary_large_image\" \/>\n<meta name=\"twitter:site\" content=\"@Artistics_FR\" \/>\n<meta name=\"twitter:label1\" content=\"Prix\" \/>\n\t<meta name=\"twitter:data1\" content=\"36 000&nbsp;&euro;\" \/>\n\t<meta name=\"twitter:label2\" content=\"Disponibilit\u00e9\" \/>\n\t<meta name=\"twitter:data2\" content=\"En stock\" \/>\n<script type=\"application\/ld+json\" class=\"yoast-schema-graph\">{\"@context\":\"https:\\\/\\\/schema.org\",\"@graph\":[{\"@type\":[\"WebPage\",\"ItemPage\"],\"@id\":\"https:\\\/\\\/artistics.com\\\/fr\\\/oeuvre\\\/tree-box\\\/\",\"url\":\"https:\\\/\\\/artistics.com\\\/fr\\\/oeuvre\\\/tree-box\\\/\",\"name\":\"Artistics | TREE IN THE BOX par Ond\u0159ej Oliva - Sculpture contemporaine\",\"isPartOf\":{\"@id\":\"https:\\\/\\\/artistics.com\\\/fr\\\/#website\"},\"primaryImageOfPage\":{\"@id\":\"https:\\\/\\\/artistics.com\\\/fr\\\/oeuvre\\\/tree-box\\\/#primaryimage\"},\"image\":{\"@id\":\"https:\\\/\\\/artistics.com\\\/fr\\\/oeuvre\\\/tree-box\\\/#primaryimage\"},\"thumbnailUrl\":\"https:\\\/\\\/artistics.com\\\/wp-content\\\/uploads\\\/2023\\\/04\\\/tree-in-the-box-2018-aluminium-sculpture-by-ondrej-oliva_3_1.jpg\",\"datePublished\":\"2021-12-06T16:02:29+00:00\",\"dateModified\":\"2023-04-22T00:10:37+00:00\",\"description\":\"TREE IN THE BOX par Ond\u0159ej Oliva - achat d'\u0153uvres d'art contemporain originales sur la galerie d'art en ligne Artistics.\",\"breadcrumb\":{\"@id\":\"https:\\\/\\\/artistics.com\\\/fr\\\/oeuvre\\\/tree-box\\\/#breadcrumb\"},\"inLanguage\":\"fr-FR\",\"potentialAction\":[{\"@type\":\"ReadAction\",\"target\":[\"https:\\\/\\\/artistics.com\\\/fr\\\/oeuvre\\\/tree-box\\\/\"]}]},{\"@type\":\"ImageObject\",\"inLanguage\":\"fr-FR\",\"@id\":\"https:\\\/\\\/artistics.com\\\/fr\\\/oeuvre\\\/tree-box\\\/#primaryimage\",\"url\":\"https:\\\/\\\/artistics.com\\\/wp-content\\\/uploads\\\/2023\\\/04\\\/tree-in-the-box-2018-aluminium-sculpture-by-ondrej-oliva_3_1.jpg\",\"contentUrl\":\"https:\\\/\\\/artistics.com\\\/wp-content\\\/uploads\\\/2023\\\/04\\\/tree-in-the-box-2018-aluminium-sculpture-by-ondrej-oliva_3_1.jpg\",\"width\":1000,\"height\":1399},{\"@type\":\"BreadcrumbList\",\"@id\":\"https:\\\/\\\/artistics.com\\\/fr\\\/oeuvre\\\/tree-box\\\/#breadcrumb\",\"itemListElement\":[{\"@type\":\"ListItem\",\"position\":1,\"name\":\"Achat \u0153uvre d'art\",\"item\":\"https:\\\/\\\/artistics.com\\\/fr\\\/\"},{\"@type\":\"ListItem\",\"position\":2,\"name\":\"Galerie\",\"item\":\"https:\\\/\\\/artistics.com\\\/fr\\\/galerie\\\/\"},{\"@type\":\"ListItem\",\"position\":3,\"name\":\"Sculpture contemporaine\",\"item\":\"https:\\\/\\\/artistics.com\\\/fr\\\/categorie-oeuvre\\\/sculpture-contemporaine\\\/\"},{\"@type\":\"ListItem\",\"position\":4,\"name\":\"TREE IN THE BOX\"}]},{\"@type\":\"WebSite\",\"@id\":\"https:\\\/\\\/artistics.com\\\/fr\\\/#website\",\"url\":\"https:\\\/\\\/artistics.com\\\/fr\\\/\",\"name\":\"Artistics\",\"description\":\"The online art gallery\",\"publisher\":{\"@id\":\"https:\\\/\\\/artistics.com\\\/fr\\\/#organization\"},\"potentialAction\":[{\"@type\":\"SearchAction\",\"target\":{\"@type\":\"EntryPoint\",\"urlTemplate\":\"https:\\\/\\\/artistics.com\\\/fr\\\/?s={search_term_string}\"},\"query-input\":{\"@type\":\"PropertyValueSpecification\",\"valueRequired\":true,\"valueName\":\"search_term_string\"}}],\"inLanguage\":\"fr-FR\"},{\"@type\":\"Organization\",\"@id\":\"https:\\\/\\\/artistics.com\\\/fr\\\/#organization\",\"name\":\"Artistics\",\"url\":\"https:\\\/\\\/artistics.com\\\/fr\\\/\",\"logo\":{\"@type\":\"ImageObject\",\"inLanguage\":\"fr-FR\",\"@id\":\"https:\\\/\\\/artistics.com\\\/fr\\\/#\\\/schema\\\/logo\\\/image\\\/\",\"url\":\"https:\\\/\\\/artistics.com\\\/wp-content\\\/uploads\\\/2023\\\/02\\\/artistics-logo-web-1.svg\",\"contentUrl\":\"https:\\\/\\\/artistics.com\\\/wp-content\\\/uploads\\\/2023\\\/02\\\/artistics-logo-web-1.svg\",\"caption\":\"Artistics\"},\"image\":{\"@id\":\"https:\\\/\\\/artistics.com\\\/fr\\\/#\\\/schema\\\/logo\\\/image\\\/\"},\"sameAs\":[\"https:\\\/\\\/www.facebook.com\\\/ArtisticsMag\",\"https:\\\/\\\/x.com\\\/Artistics_FR\",\"http:\\\/\\\/www.linkedin.com\\\/company\\\/artistics\",\"https:\\\/\\\/www.instagram.com\\\/artistics_com\\\/\",\"http:\\\/\\\/www.pinterest.com\\\/ArtisticsMag\"],\"hasMerchantReturnPolicy\":{\"@type\":\"MerchantReturnPolicy\",\"merchantReturnLink\":\"https:\\\/\\\/artistics.com\\\/free-return-policy\\\/\"}}]}<\/script>\n<meta property=\"product:price:amount\" content=\"36000\" \/>\n<meta property=\"product:price:currency\" content=\"EUR\" \/>\n<meta property=\"og:availability\" content=\"instock\" \/>\n<meta property=\"product:availability\" content=\"instock\" \/>\n<meta property=\"product:retailer_item_id\" content=\"8907\" \/>\n<meta property=\"product:condition\" content=\"new\" \/>\n<!-- \/ Yoast SEO Premium plugin. -->","yoast_head_json":{"title":"Artistics | TREE IN THE BOX par Ond\u0159ej Oliva - Sculpture contemporaine","description":"TREE IN THE BOX par Ond\u0159ej Oliva - achat d'\u0153uvres d'art contemporain originales sur la galerie d'art en ligne Artistics.","robots":{"index":"index","follow":"follow","max-snippet":"max-snippet:-1","max-image-preview":"max-image-preview:large","max-video-preview":"max-video-preview:-1"},"canonical":"https:\/\/artistics.com\/fr\/oeuvre\/tree-box\/","og_locale":"fr_FR","og_type":"article","og_title":"TREE IN THE BOX","og_description":"TREE IN THE BOX par Ond\u0159ej Oliva - achat d'\u0153uvres d'art contemporain originales sur la galerie d'art en ligne Artistics.","og_url":"https:\/\/artistics.com\/fr\/oeuvre\/tree-box\/","og_site_name":"Artistics","article_publisher":"https:\/\/www.facebook.com\/ArtisticsMag","article_modified_time":"2023-04-22T00:10:37+00:00","og_image":[{"width":1000,"height":1399,"url":"https:\/\/artistics.com\/wp-content\/uploads\/2023\/04\/tree-in-the-box-2018-aluminium-sculpture-by-ondrej-oliva_3_1.jpg","type":"image\/jpeg"}],"twitter_card":"summary_large_image","twitter_site":"@Artistics_FR","twitter_misc":{"Prix":"36 000&nbsp;&euro;","Disponibilit\u00e9":"En stock"},"schema":{"@context":"https:\/\/schema.org","@graph":[{"@type":["WebPage","ItemPage"],"@id":"https:\/\/artistics.com\/fr\/oeuvre\/tree-box\/","url":"https:\/\/artistics.com\/fr\/oeuvre\/tree-box\/","name":"Artistics | TREE IN THE BOX par Ond\u0159ej Oliva - Sculpture contemporaine","isPartOf":{"@id":"https:\/\/artistics.com\/fr\/#website"},"primaryImageOfPage":{"@id":"https:\/\/artistics.com\/fr\/oeuvre\/tree-box\/#primaryimage"},"image":{"@id":"https:\/\/artistics.com\/fr\/oeuvre\/tree-box\/#primaryimage"},"thumbnailUrl":"https:\/\/artistics.com\/wp-content\/uploads\/2023\/04\/tree-in-the-box-2018-aluminium-sculpture-by-ondrej-oliva_3_1.jpg","datePublished":"2021-12-06T16:02:29+00:00","dateModified":"2023-04-22T00:10:37+00:00","description":"TREE IN THE BOX par Ond\u0159ej Oliva - achat d'\u0153uvres d'art contemporain originales sur la galerie d'art en ligne Artistics.","breadcrumb":{"@id":"https:\/\/artistics.com\/fr\/oeuvre\/tree-box\/#breadcrumb"},"inLanguage":"fr-FR","potentialAction":[{"@type":"ReadAction","target":["https:\/\/artistics.com\/fr\/oeuvre\/tree-box\/"]}]},{"@type":"ImageObject","inLanguage":"fr-FR","@id":"https:\/\/artistics.com\/fr\/oeuvre\/tree-box\/#primaryimage","url":"https:\/\/artistics.com\/wp-content\/uploads\/2023\/04\/tree-in-the-box-2018-aluminium-sculpture-by-ondrej-oliva_3_1.jpg","contentUrl":"https:\/\/artistics.com\/wp-content\/uploads\/2023\/04\/tree-in-the-box-2018-aluminium-sculpture-by-ondrej-oliva_3_1.jpg","width":1000,"height":1399},{"@type":"BreadcrumbList","@id":"https:\/\/artistics.com\/fr\/oeuvre\/tree-box\/#breadcrumb","itemListElement":[{"@type":"ListItem","position":1,"name":"Achat \u0153uvre d'art","item":"https:\/\/artistics.com\/fr\/"},{"@type":"ListItem","position":2,"name":"Galerie","item":"https:\/\/artistics.com\/fr\/galerie\/"},{"@type":"ListItem","position":3,"name":"Sculpture contemporaine","item":"https:\/\/artistics.com\/fr\/categorie-oeuvre\/sculpture-contemporaine\/"},{"@type":"ListItem","position":4,"name":"TREE IN THE BOX"}]},{"@type":"WebSite","@id":"https:\/\/artistics.com\/fr\/#website","url":"https:\/\/artistics.com\/fr\/","name":"Artistics","description":"The online art gallery","publisher":{"@id":"https:\/\/artistics.com\/fr\/#organization"},"potentialAction":[{"@type":"SearchAction","target":{"@type":"EntryPoint","urlTemplate":"https:\/\/artistics.com\/fr\/?s={search_term_string}"},"query-input":{"@type":"PropertyValueSpecification","valueRequired":true,"valueName":"search_term_string"}}],"inLanguage":"fr-FR"},{"@type":"Organization","@id":"https:\/\/artistics.com\/fr\/#organization","name":"Artistics","url":"https:\/\/artistics.com\/fr\/","logo":{"@type":"ImageObject","inLanguage":"fr-FR","@id":"https:\/\/artistics.com\/fr\/#\/schema\/logo\/image\/","url":"https:\/\/artistics.com\/wp-content\/uploads\/2023\/02\/artistics-logo-web-1.svg","contentUrl":"https:\/\/artistics.com\/wp-content\/uploads\/2023\/02\/artistics-logo-web-1.svg","caption":"Artistics"},"image":{"@id":"https:\/\/artistics.com\/fr\/#\/schema\/logo\/image\/"},"sameAs":["https:\/\/www.facebook.com\/ArtisticsMag","https:\/\/x.com\/Artistics_FR","http:\/\/www.linkedin.com\/company\/artistics","https:\/\/www.instagram.com\/artistics_com\/","http:\/\/www.pinterest.com\/ArtisticsMag"],"hasMerchantReturnPolicy":{"@type":"MerchantReturnPolicy","merchantReturnLink":"https:\/\/artistics.com\/free-return-policy\/"}}]},"product_price_amount":"36000","product_price_currency":"EUR","og_availability":"instock","product_availability":"instock","product_retailer_item_id":"8907","product_condition":"new"},"_links":{"self":[{"href":"https:\/\/artistics.com\/fr\/wp-json\/wp\/v2\/product\/22849","targetHints":{"allow":["GET"]}}],"collection":[{"href":"https:\/\/artistics.com\/fr\/wp-json\/wp\/v2\/product"}],"about":[{"href":"https:\/\/artistics.com\/fr\/wp-json\/wp\/v2\/types\/product"}],"acf:term":[{"embeddable":true,"taxonomy":"series","href":"https:\/\/artistics.com\/fr\/wp-json\/wp\/v2\/series\/2376"},{"embeddable":true,"taxonomy":"product_tag","href":"https:\/\/artistics.com\/fr\/wp-json\/wp\/v2\/product_tag\/2505"},{"embeddable":true,"taxonomy":"product_tag","href":"https:\/\/artistics.com\/fr\/wp-json\/wp\/v2\/product_tag\/368"},{"embeddable":true,"taxonomy":"product_tag","href":"https:\/\/artistics.com\/fr\/wp-json\/wp\/v2\/product_tag\/562"},{"embeddable":true,"taxonomy":"product_tag","href":"https:\/\/artistics.com\/fr\/wp-json\/wp\/v2\/product_tag\/504"},{"embeddable":true,"taxonomy":"product_cat","href":"https:\/\/artistics.com\/fr\/wp-json\/wp\/v2\/product_cat\/238"},{"embeddable":true,"taxonomy":"product_cat","href":"https:\/\/artistics.com\/fr\/wp-json\/wp\/v2\/product_cat\/215"},{"embeddable":true,"taxonomy":"product_cat","href":"https:\/\/artistics.com\/fr\/wp-json\/wp\/v2\/product_cat\/192"},{"embeddable":true,"taxonomy":"product_cat","href":"https:\/\/artistics.com\/fr\/wp-json\/wp\/v2\/product_cat\/424"},{"embeddable":true,"taxonomy":"product_cat","href":"https:\/\/artistics.com\/fr\/wp-json\/wp\/v2\/product_cat\/209"},{"embeddable":true,"taxonomy":"product_cat","href":"https:\/\/artistics.com\/fr\/wp-json\/wp\/v2\/product_cat\/164"}],"acf:post":[{"embeddable":true,"href":"https:\/\/artistics.com\/fr\/wp-json\/wp\/v2\/artist\/2804"}],"wp:featuredmedia":[{"embeddable":true,"href":"https:\/\/artistics.com\/fr\/wp-json\/wp\/v2\/media\/16550"}],"wp:attachment":[{"href":"https:\/\/artistics.com\/fr\/wp-json\/wp\/v2\/media?parent=22849"}],"wp:term":[{"taxonomy":"product_cat","embeddable":true,"href":"https:\/\/artistics.com\/fr\/wp-json\/wp\/v2\/product_cat?post=22849"},{"taxonomy":"product_tag","embeddable":true,"href":"https:\/\/artistics.com\/fr\/wp-json\/wp\/v2\/product_tag?post=22849"},{"taxonomy":"series","embeddable":true,"href":"https:\/\/artistics.com\/fr\/wp-json\/wp\/v2\/series?post=22849"}],"curies":[{"name":"wp","href":"https:\/\/api.w.org\/{rel}","templated":true}]}}