{"id":22721,"date":"2021-08-30T17:43:46","date_gmt":"2021-08-30T15:43:46","guid":{"rendered":"https:\/\/2022.devartistics.com\/artwork\/melodie-nocturne-23\/"},"modified":"2024-02-16T15:37:35","modified_gmt":"2024-02-16T14:37:35","slug":"melodie-nocturne-23","status":"publish","type":"product","link":"https:\/\/artistics.com\/fr\/oeuvre\/melodie-nocturne-23\/","title":{"rendered":"M\u00e9lodie Nocturne 23"},"content":{"rendered":"","protected":false},"excerpt":{"rendered":"","protected":false},"featured_media":15379,"template":"","meta":{"_acf_changed":false,"_searchwp_excluded":"","inline_featured_image":false},"product_cat":[2488,162,170,190,192,216,236],"product_tag":[507,534,535,567,568,569,545],"series":[1902],"class_list":{"0":"post-22721","1":"product","2":"type-product","3":"status-publish","4":"has-post-thumbnail","6":"product_cat-oeuvre-dart-asiatique","7":"product_cat-peinture-contemporaine","8":"product_cat-peinture-figurative","9":"product_cat-animal","10":"product_cat-art-figuratif","11":"product_cat-moyen","12":"product_cat-de-3000-a-10-000-e","13":"product_tag-cheval","14":"product_tag-dripping-fr","15":"product_tag-encre","16":"product_tag-noir","17":"product_tag-noir-et-blanc","18":"product_tag-orange-fr","19":"product_tag-technique-mixte","20":"series-hongyu-zhang-melodie-nocturne","22":"first","23":"outofstock","24":"shipping-taxable","25":"purchasable","26":"product-type-simple"},"acf":{"artwork_artist":[2761],"artwork_medium":162,"artwork_categories":[170],"artwork_overall-tones":[],"artwork_main-material":[],"artwork_art-genre":[],"artwork_art-movement":[192,2488,2488,2488],"artwork_miscellaneous":[190],"artwork_formats":[216],"artwork_price-ranges":[236],"artwork_main_subject":[507],"artwork_technique":[534,535,545],"artwork_featured_location":[],"artwork_dominant_color":[567,568,569],"artwork_physical_attributes":[],"artwork_creation_date":"20210101","artwork_unique_piece":true,"artwork_description":"Encre de chine, pastel, acrylique et gravure sur carton maroufl\u00e9 sur toile","artwork_signature":"\u0152uvre sign\u00e9e","artwork_authenticity":"L\u2019\u0153uvre est vendue avec un certificat d\u2019authenticit\u00e9 sign\u00e9 par l\u2019artiste.","artwork_framing":"framed","artwork_has_custom_framing_info":true,"artwork_custom_framing_info":"Cette peinture est vendue encadr\u00e9e (caisse am\u00e9ricaine). Dimensions de l'oeuvre encadr\u00e9e : 105 x 105 cm","artwork_location_country":"FR","artwork_location_city":"Paris","artwork_location_zipcode":"95220","artwork_shipment_type":"2D_flat_artwork","artwork_shipping_delivery":"painting_immediate_availability","artwork_has_custom_shipping_delivery_info":false,"artwork_custom_shipping_delivery_info":"Not specified","artwork_360_view_url":"","artwork_video_url":"","artwork_video_format":[],"artwork_preview_type":"featured_image","artwork_reserved":false,"artwork_hide_price":false,"artwork_about":"<strong><em>M\u00e9lodie Nocturne 23<\/em><\/strong>\u00a0est un tableau de l'artiste contemporain chinois Hongyu Zhang. Cette sc\u00e8ne nocturne repr\u00e9sente des chevaux se d\u00e9tachant sur un fond uniform\u00e9ment noir, sous un nuage que l'on devine \u00e9clair\u00e9 par la lune. Les chevaux semblent regarder en direction du spectateur. Dans cette s\u00e9rie de peintures de moyen format, que l'artiste avait dans un premier temps intitul\u00e9 \"Souvenirs\", Zhang Hongyu convoque des images de son enfance, dans les plaines de Mongolie int\u00e9rieure, o\u00f9 le silence et l'obscurit\u00e9 de la nuit \u00e9taient seulement troubl\u00e9s par l'apparition des chevaux, et le bruit de leur galop.\r\n\r\nAvec une grande \u00e9conomie de couleurs (du noir, du rouge et du bleu, plus ou moins dilu\u00e9s pour obtenir diff\u00e9rentes tonalit\u00e9s) et avec une impressionnante virtuosit\u00e9 technique Hongyu Zhang parvient \u00e0 saisir la beaut\u00e9 fugace de cette apparition. Gr\u00e2ce \u00e0 la gravure, il esquisse la silhouette de l'animal, en creusant la surface de son support (un panneau en carton). Le trait - un h\u00e9ritage de sa formation \u00e0 la calligraphie traditionnelle chinoise - est l'\u00e9l\u00e9ment fondamental de son art : il lui sert ici \u00e0 donner \u00e0 la fois de l'\u00e9nergie et de l'\u00e9l\u00e9gance \u00e0 ses chevaux au galop. L'artiste applique ensuite ses couleurs \u00e0 l'aide de diff\u00e9rentes techniques : l'encre, la peinture acrylique et le pastel. Le blanc \u00e9clatant souligne les lignes et certains volumes. Ces touches nerveuses contrastent avec les coulures oranges et noires, accentuant la dimension dramatique de cette \u0153uvre d'art contemporain. L'artiste utilise notamment une encre argent\u00e9e, dont les reflets sont brillants.\r\n\r\nCette peinture est vendue encadr\u00e9e (caisse am\u00e9ricaine). Dimensions de l'oeuvre encadr\u00e9e : 105 x 105 cm.\r\n\r\n&nbsp;","artwork_series":[1902],"artwork_query_group":"20","artwork_lowest_grid_position":1,"artwork_random_position":8405617,"explicit_sensitive_content":false,"drupal_id":"8447"},"yoast_head":"<!-- This site is optimized with the Yoast SEO Premium plugin v27.3 (Yoast SEO v27.3) - https:\/\/yoast.com\/product\/yoast-seo-premium-wordpress\/ -->\n<title>Artistics | Melodie Nocturne 23 par Hongyu Zhang - Peinture contemporaine<\/title>\n<meta name=\"description\" content=\"Melodie Nocturne 23 par Hongyu Zhang - achat d&#039;\u0153uvres d&#039;art contemporain originales sur la galerie d&#039;art en ligne Artistics.\" \/>\n<meta name=\"robots\" content=\"index, follow, max-snippet:-1, max-image-preview:large, max-video-preview:-1\" \/>\n<link rel=\"canonical\" href=\"https:\/\/artistics.com\/fr\/oeuvre\/melodie-nocturne-23\/\" \/>\n<meta property=\"og:locale\" content=\"fr_FR\" \/>\n<meta property=\"og:type\" content=\"article\" \/>\n<meta property=\"og:title\" content=\"M\u00e9lodie Nocturne 23\" \/>\n<meta property=\"og:description\" content=\"Melodie Nocturne 23 par Hongyu Zhang - achat d&#039;\u0153uvres d&#039;art contemporain originales sur la galerie d&#039;art en ligne Artistics.\" \/>\n<meta property=\"og:url\" content=\"https:\/\/artistics.com\/fr\/oeuvre\/melodie-nocturne-23\/\" \/>\n<meta property=\"og:site_name\" content=\"Artistics\" \/>\n<meta property=\"article:publisher\" content=\"https:\/\/www.facebook.com\/ArtisticsMag\" \/>\n<meta property=\"article:modified_time\" content=\"2024-02-16T14:37:35+00:00\" \/>\n<meta property=\"og:image\" content=\"https:\/\/artistics.com\/wp-content\/uploads\/2023\/04\/melodie-nocturne-23-contemporary-horse-painting-hongyu-zhang_1-scaled.jpg\" \/>\n\t<meta property=\"og:image:width\" content=\"2560\" \/>\n\t<meta property=\"og:image:height\" content=\"2555\" \/>\n\t<meta property=\"og:image:type\" content=\"image\/jpeg\" \/>\n<meta name=\"twitter:card\" content=\"summary_large_image\" \/>\n<meta name=\"twitter:site\" content=\"@Artistics_FR\" \/>\n<meta name=\"twitter:label1\" content=\"Prix\" \/>\n\t<meta name=\"twitter:data1\" content=\"5 900&nbsp;&euro;\" \/>\n\t<meta name=\"twitter:label2\" content=\"Disponibilit\u00e9\" \/>\n\t<meta name=\"twitter:data2\" content=\"Rupture de stock\" \/>\n<script type=\"application\/ld+json\" class=\"yoast-schema-graph\">{\"@context\":\"https:\\\/\\\/schema.org\",\"@graph\":[{\"@type\":[\"WebPage\",\"ItemPage\"],\"@id\":\"https:\\\/\\\/artistics.com\\\/fr\\\/oeuvre\\\/melodie-nocturne-23\\\/\",\"url\":\"https:\\\/\\\/artistics.com\\\/fr\\\/oeuvre\\\/melodie-nocturne-23\\\/\",\"name\":\"Artistics | Melodie Nocturne 23 par Hongyu Zhang - Peinture contemporaine\",\"isPartOf\":{\"@id\":\"https:\\\/\\\/artistics.com\\\/fr\\\/#website\"},\"primaryImageOfPage\":{\"@id\":\"https:\\\/\\\/artistics.com\\\/fr\\\/oeuvre\\\/melodie-nocturne-23\\\/#primaryimage\"},\"image\":{\"@id\":\"https:\\\/\\\/artistics.com\\\/fr\\\/oeuvre\\\/melodie-nocturne-23\\\/#primaryimage\"},\"thumbnailUrl\":\"https:\\\/\\\/artistics.com\\\/wp-content\\\/uploads\\\/2023\\\/04\\\/melodie-nocturne-23-contemporary-horse-painting-hongyu-zhang_1-scaled.jpg\",\"datePublished\":\"2021-08-30T15:43:46+00:00\",\"dateModified\":\"2024-02-16T14:37:35+00:00\",\"description\":\"Melodie Nocturne 23 par Hongyu Zhang - achat d'\u0153uvres d'art contemporain originales sur la galerie d'art en ligne Artistics.\",\"breadcrumb\":{\"@id\":\"https:\\\/\\\/artistics.com\\\/fr\\\/oeuvre\\\/melodie-nocturne-23\\\/#breadcrumb\"},\"inLanguage\":\"fr-FR\",\"potentialAction\":[{\"@type\":\"ReadAction\",\"target\":[\"https:\\\/\\\/artistics.com\\\/fr\\\/oeuvre\\\/melodie-nocturne-23\\\/\"]}]},{\"@type\":\"ImageObject\",\"inLanguage\":\"fr-FR\",\"@id\":\"https:\\\/\\\/artistics.com\\\/fr\\\/oeuvre\\\/melodie-nocturne-23\\\/#primaryimage\",\"url\":\"https:\\\/\\\/artistics.com\\\/wp-content\\\/uploads\\\/2023\\\/04\\\/melodie-nocturne-23-contemporary-horse-painting-hongyu-zhang_1-scaled.jpg\",\"contentUrl\":\"https:\\\/\\\/artistics.com\\\/wp-content\\\/uploads\\\/2023\\\/04\\\/melodie-nocturne-23-contemporary-horse-painting-hongyu-zhang_1-scaled.jpg\",\"width\":2560,\"height\":2555},{\"@type\":\"BreadcrumbList\",\"@id\":\"https:\\\/\\\/artistics.com\\\/fr\\\/oeuvre\\\/melodie-nocturne-23\\\/#breadcrumb\",\"itemListElement\":[{\"@type\":\"ListItem\",\"position\":1,\"name\":\"Achat \u0153uvre d'art\",\"item\":\"https:\\\/\\\/artistics.com\\\/fr\\\/\"},{\"@type\":\"ListItem\",\"position\":2,\"name\":\"Galerie\",\"item\":\"https:\\\/\\\/artistics.com\\\/fr\\\/galerie\\\/\"},{\"@type\":\"ListItem\",\"position\":3,\"name\":\"Peinture contemporaine\",\"item\":\"https:\\\/\\\/artistics.com\\\/fr\\\/categorie-oeuvre\\\/peinture-contemporaine\\\/\"},{\"@type\":\"ListItem\",\"position\":4,\"name\":\"M\u00e9lodie Nocturne 23\"}]},{\"@type\":\"WebSite\",\"@id\":\"https:\\\/\\\/artistics.com\\\/fr\\\/#website\",\"url\":\"https:\\\/\\\/artistics.com\\\/fr\\\/\",\"name\":\"Artistics\",\"description\":\"The online art gallery\",\"publisher\":{\"@id\":\"https:\\\/\\\/artistics.com\\\/fr\\\/#organization\"},\"potentialAction\":[{\"@type\":\"SearchAction\",\"target\":{\"@type\":\"EntryPoint\",\"urlTemplate\":\"https:\\\/\\\/artistics.com\\\/fr\\\/?s={search_term_string}\"},\"query-input\":{\"@type\":\"PropertyValueSpecification\",\"valueRequired\":true,\"valueName\":\"search_term_string\"}}],\"inLanguage\":\"fr-FR\"},{\"@type\":\"Organization\",\"@id\":\"https:\\\/\\\/artistics.com\\\/fr\\\/#organization\",\"name\":\"Artistics\",\"url\":\"https:\\\/\\\/artistics.com\\\/fr\\\/\",\"logo\":{\"@type\":\"ImageObject\",\"inLanguage\":\"fr-FR\",\"@id\":\"https:\\\/\\\/artistics.com\\\/fr\\\/#\\\/schema\\\/logo\\\/image\\\/\",\"url\":\"https:\\\/\\\/artistics.com\\\/wp-content\\\/uploads\\\/2023\\\/02\\\/artistics-logo-web-1.svg\",\"contentUrl\":\"https:\\\/\\\/artistics.com\\\/wp-content\\\/uploads\\\/2023\\\/02\\\/artistics-logo-web-1.svg\",\"caption\":\"Artistics\"},\"image\":{\"@id\":\"https:\\\/\\\/artistics.com\\\/fr\\\/#\\\/schema\\\/logo\\\/image\\\/\"},\"sameAs\":[\"https:\\\/\\\/www.facebook.com\\\/ArtisticsMag\",\"https:\\\/\\\/x.com\\\/Artistics_FR\",\"http:\\\/\\\/www.linkedin.com\\\/company\\\/artistics\",\"https:\\\/\\\/www.instagram.com\\\/artistics_com\\\/\",\"http:\\\/\\\/www.pinterest.com\\\/ArtisticsMag\"],\"hasMerchantReturnPolicy\":{\"@type\":\"MerchantReturnPolicy\",\"merchantReturnLink\":\"https:\\\/\\\/artistics.com\\\/free-return-policy\\\/\"}}]}<\/script>\n<meta property=\"product:price:amount\" content=\"5900\" \/>\n<meta property=\"product:price:currency\" content=\"EUR\" \/>\n<meta property=\"og:availability\" content=\"out of stock\" \/>\n<meta property=\"product:availability\" content=\"out of stock\" \/>\n<meta property=\"product:retailer_item_id\" content=\"8450\" \/>\n<meta property=\"product:condition\" content=\"new\" \/>\n<!-- \/ Yoast SEO Premium plugin. -->","yoast_head_json":{"title":"Artistics | Melodie Nocturne 23 par Hongyu Zhang - Peinture contemporaine","description":"Melodie Nocturne 23 par Hongyu Zhang - achat d'\u0153uvres d'art contemporain originales sur la galerie d'art en ligne Artistics.","robots":{"index":"index","follow":"follow","max-snippet":"max-snippet:-1","max-image-preview":"max-image-preview:large","max-video-preview":"max-video-preview:-1"},"canonical":"https:\/\/artistics.com\/fr\/oeuvre\/melodie-nocturne-23\/","og_locale":"fr_FR","og_type":"article","og_title":"M\u00e9lodie Nocturne 23","og_description":"Melodie Nocturne 23 par Hongyu Zhang - achat d'\u0153uvres d'art contemporain originales sur la galerie d'art en ligne Artistics.","og_url":"https:\/\/artistics.com\/fr\/oeuvre\/melodie-nocturne-23\/","og_site_name":"Artistics","article_publisher":"https:\/\/www.facebook.com\/ArtisticsMag","article_modified_time":"2024-02-16T14:37:35+00:00","og_image":[{"width":2560,"height":2555,"url":"https:\/\/artistics.com\/wp-content\/uploads\/2023\/04\/melodie-nocturne-23-contemporary-horse-painting-hongyu-zhang_1-scaled.jpg","type":"image\/jpeg"}],"twitter_card":"summary_large_image","twitter_site":"@Artistics_FR","twitter_misc":{"Prix":"5 900&nbsp;&euro;","Disponibilit\u00e9":"Rupture de stock"},"schema":{"@context":"https:\/\/schema.org","@graph":[{"@type":["WebPage","ItemPage"],"@id":"https:\/\/artistics.com\/fr\/oeuvre\/melodie-nocturne-23\/","url":"https:\/\/artistics.com\/fr\/oeuvre\/melodie-nocturne-23\/","name":"Artistics | Melodie Nocturne 23 par Hongyu Zhang - Peinture contemporaine","isPartOf":{"@id":"https:\/\/artistics.com\/fr\/#website"},"primaryImageOfPage":{"@id":"https:\/\/artistics.com\/fr\/oeuvre\/melodie-nocturne-23\/#primaryimage"},"image":{"@id":"https:\/\/artistics.com\/fr\/oeuvre\/melodie-nocturne-23\/#primaryimage"},"thumbnailUrl":"https:\/\/artistics.com\/wp-content\/uploads\/2023\/04\/melodie-nocturne-23-contemporary-horse-painting-hongyu-zhang_1-scaled.jpg","datePublished":"2021-08-30T15:43:46+00:00","dateModified":"2024-02-16T14:37:35+00:00","description":"Melodie Nocturne 23 par Hongyu Zhang - achat d'\u0153uvres d'art contemporain originales sur la galerie d'art en ligne Artistics.","breadcrumb":{"@id":"https:\/\/artistics.com\/fr\/oeuvre\/melodie-nocturne-23\/#breadcrumb"},"inLanguage":"fr-FR","potentialAction":[{"@type":"ReadAction","target":["https:\/\/artistics.com\/fr\/oeuvre\/melodie-nocturne-23\/"]}]},{"@type":"ImageObject","inLanguage":"fr-FR","@id":"https:\/\/artistics.com\/fr\/oeuvre\/melodie-nocturne-23\/#primaryimage","url":"https:\/\/artistics.com\/wp-content\/uploads\/2023\/04\/melodie-nocturne-23-contemporary-horse-painting-hongyu-zhang_1-scaled.jpg","contentUrl":"https:\/\/artistics.com\/wp-content\/uploads\/2023\/04\/melodie-nocturne-23-contemporary-horse-painting-hongyu-zhang_1-scaled.jpg","width":2560,"height":2555},{"@type":"BreadcrumbList","@id":"https:\/\/artistics.com\/fr\/oeuvre\/melodie-nocturne-23\/#breadcrumb","itemListElement":[{"@type":"ListItem","position":1,"name":"Achat \u0153uvre d'art","item":"https:\/\/artistics.com\/fr\/"},{"@type":"ListItem","position":2,"name":"Galerie","item":"https:\/\/artistics.com\/fr\/galerie\/"},{"@type":"ListItem","position":3,"name":"Peinture contemporaine","item":"https:\/\/artistics.com\/fr\/categorie-oeuvre\/peinture-contemporaine\/"},{"@type":"ListItem","position":4,"name":"M\u00e9lodie Nocturne 23"}]},{"@type":"WebSite","@id":"https:\/\/artistics.com\/fr\/#website","url":"https:\/\/artistics.com\/fr\/","name":"Artistics","description":"The online art gallery","publisher":{"@id":"https:\/\/artistics.com\/fr\/#organization"},"potentialAction":[{"@type":"SearchAction","target":{"@type":"EntryPoint","urlTemplate":"https:\/\/artistics.com\/fr\/?s={search_term_string}"},"query-input":{"@type":"PropertyValueSpecification","valueRequired":true,"valueName":"search_term_string"}}],"inLanguage":"fr-FR"},{"@type":"Organization","@id":"https:\/\/artistics.com\/fr\/#organization","name":"Artistics","url":"https:\/\/artistics.com\/fr\/","logo":{"@type":"ImageObject","inLanguage":"fr-FR","@id":"https:\/\/artistics.com\/fr\/#\/schema\/logo\/image\/","url":"https:\/\/artistics.com\/wp-content\/uploads\/2023\/02\/artistics-logo-web-1.svg","contentUrl":"https:\/\/artistics.com\/wp-content\/uploads\/2023\/02\/artistics-logo-web-1.svg","caption":"Artistics"},"image":{"@id":"https:\/\/artistics.com\/fr\/#\/schema\/logo\/image\/"},"sameAs":["https:\/\/www.facebook.com\/ArtisticsMag","https:\/\/x.com\/Artistics_FR","http:\/\/www.linkedin.com\/company\/artistics","https:\/\/www.instagram.com\/artistics_com\/","http:\/\/www.pinterest.com\/ArtisticsMag"],"hasMerchantReturnPolicy":{"@type":"MerchantReturnPolicy","merchantReturnLink":"https:\/\/artistics.com\/free-return-policy\/"}}]},"product_price_amount":"5900","product_price_currency":"EUR","og_availability":"out of stock","product_availability":"out of stock","product_retailer_item_id":"8450","product_condition":"new"},"_links":{"self":[{"href":"https:\/\/artistics.com\/fr\/wp-json\/wp\/v2\/product\/22721","targetHints":{"allow":["GET"]}}],"collection":[{"href":"https:\/\/artistics.com\/fr\/wp-json\/wp\/v2\/product"}],"about":[{"href":"https:\/\/artistics.com\/fr\/wp-json\/wp\/v2\/types\/product"}],"acf:term":[{"embeddable":true,"taxonomy":"series","href":"https:\/\/artistics.com\/fr\/wp-json\/wp\/v2\/series\/1902"},{"embeddable":true,"taxonomy":"product_tag","href":"https:\/\/artistics.com\/fr\/wp-json\/wp\/v2\/product_tag\/569"},{"embeddable":true,"taxonomy":"product_tag","href":"https:\/\/artistics.com\/fr\/wp-json\/wp\/v2\/product_tag\/568"},{"embeddable":true,"taxonomy":"product_tag","href":"https:\/\/artistics.com\/fr\/wp-json\/wp\/v2\/product_tag\/567"},{"embeddable":true,"taxonomy":"product_tag","href":"https:\/\/artistics.com\/fr\/wp-json\/wp\/v2\/product_tag\/545"},{"embeddable":true,"taxonomy":"product_tag","href":"https:\/\/artistics.com\/fr\/wp-json\/wp\/v2\/product_tag\/535"},{"embeddable":true,"taxonomy":"product_tag","href":"https:\/\/artistics.com\/fr\/wp-json\/wp\/v2\/product_tag\/534"},{"embeddable":true,"taxonomy":"product_tag","href":"https:\/\/artistics.com\/fr\/wp-json\/wp\/v2\/product_tag\/507"},{"embeddable":true,"taxonomy":"product_cat","href":"https:\/\/artistics.com\/fr\/wp-json\/wp\/v2\/product_cat\/236"},{"embeddable":true,"taxonomy":"product_cat","href":"https:\/\/artistics.com\/fr\/wp-json\/wp\/v2\/product_cat\/216"},{"embeddable":true,"taxonomy":"product_cat","href":"https:\/\/artistics.com\/fr\/wp-json\/wp\/v2\/product_cat\/190"},{"embeddable":true,"taxonomy":"product_cat","href":"https:\/\/artistics.com\/fr\/wp-json\/wp\/v2\/product_cat\/2488"},{"embeddable":true,"taxonomy":"product_cat","href":"https:\/\/artistics.com\/fr\/wp-json\/wp\/v2\/product_cat\/192"},{"embeddable":true,"taxonomy":"product_cat","href":"https:\/\/artistics.com\/fr\/wp-json\/wp\/v2\/product_cat\/170"},{"embeddable":true,"taxonomy":"product_cat","href":"https:\/\/artistics.com\/fr\/wp-json\/wp\/v2\/product_cat\/162"}],"acf:post":[{"embeddable":true,"href":"https:\/\/artistics.com\/fr\/wp-json\/wp\/v2\/artist\/2761"}],"wp:featuredmedia":[{"embeddable":true,"href":"https:\/\/artistics.com\/fr\/wp-json\/wp\/v2\/media\/15379"}],"wp:attachment":[{"href":"https:\/\/artistics.com\/fr\/wp-json\/wp\/v2\/media?parent=22721"}],"wp:term":[{"taxonomy":"product_cat","embeddable":true,"href":"https:\/\/artistics.com\/fr\/wp-json\/wp\/v2\/product_cat?post=22721"},{"taxonomy":"product_tag","embeddable":true,"href":"https:\/\/artistics.com\/fr\/wp-json\/wp\/v2\/product_tag?post=22721"},{"taxonomy":"series","embeddable":true,"href":"https:\/\/artistics.com\/fr\/wp-json\/wp\/v2\/series?post=22721"}],"curies":[{"name":"wp","href":"https:\/\/api.w.org\/{rel}","templated":true}]}}