{"id":22716,"date":"2021-08-27T17:46:48","date_gmt":"2021-08-27T15:46:48","guid":{"rendered":"https:\/\/2022.devartistics.com\/artwork\/p-190501\/"},"modified":"2023-04-22T02:07:47","modified_gmt":"2023-04-22T00:07:47","slug":"p-190501","status":"publish","type":"product","link":"https:\/\/artistics.com\/fr\/oeuvre\/p-190501\/","title":{"rendered":"P.190501"},"content":{"rendered":"","protected":false},"excerpt":{"rendered":"","protected":false},"featured_media":15330,"template":"","meta":{"_acf_changed":false,"_searchwp_excluded":"","inline_featured_image":false},"product_cat":[407,2243,2489,413,422,2491,164,189,204,216,236],"product_tag":[2504],"series":[2008],"class_list":{"0":"post-22716","1":"product","2":"type-product","3":"status-publish","4":"has-post-thumbnail","6":"product_cat-art-minimaliste","7":"product_cat-art-optique-et-art-cinetique","8":"product_cat-sculpture-en-verre","9":"product_cat-sculpture-minimaliste","10":"product_cat-sculpture-murale","11":"product_cat-sculpture-soustractive","12":"product_cat-sculpture-contemporaine","13":"product_cat-art-abstrait","14":"product_cat-sculpture-abstraite","15":"product_cat-moyen","16":"product_cat-de-3000-a-10-000-e","17":"product_tag-art-en-miroir","18":"series-toshio-iezumi-projection-fr","20":"first","21":"instock","22":"shipping-taxable","23":"purchasable","24":"product-type-simple"},"acf":{"artwork_artist":[2801],"artwork_medium":164,"artwork_categories":[204,2243,2489,2491],"artwork_overall-tones":[],"artwork_main-material":[],"artwork_art-genre":[422],"artwork_art-movement":[413,407,189],"artwork_miscellaneous":[],"artwork_formats":[216],"artwork_price-ranges":[236],"artwork_main_subject":[],"artwork_technique":[2504],"artwork_featured_location":[],"artwork_dominant_color":[],"artwork_physical_attributes":[],"artwork_creation_date":"20190101","artwork_unique_piece":false,"artwork_description":"Verre r\u00e9fl\u00e9chissant et miroir semi-transparent","artwork_signature":"Signed artwork","artwork_authenticity":"The artwork is sold with a certificate of authenticity signed by the artist.","artwork_framing":"not_specified","artwork_has_custom_framing_info":false,"artwork_custom_framing_info":"Not specified","artwork_location_country":"JP","artwork_location_city":"Tsukahara","artwork_location_zipcode":"2500117","artwork_shipment_type":"3D_artwork","artwork_shipping_delivery":"sculpture_edition_production_time","artwork_has_custom_shipping_delivery_info":false,"artwork_custom_shipping_delivery_info":"Not specified","artwork_360_view_url":"https:\/\/embed.imajize.com\/2605382","artwork_video_url":"","artwork_video_format":["vertical"],"artwork_preview_type":"featured_image","artwork_reserved":false,"artwork_hide_price":false,"artwork_about":"<p ><strong><em>P.190501<\/em><\/strong>\u00a0est une \u0153uvre de Toshio Iezumi, issue de la s\u00e9rie Projection.\u00a0<\/p><p >Dans la s\u00e9rie \u00ab\u00a0Projection\u00a0\u00bb, initi\u00e9e en 1996, l\u2019artiste exp\u00e9rimente un nouveau format\u00a0pour ses \u0153uvres, qui deviennent des sculptures murales. Cette orientation favorise une lecture frontale\u00a0et joue avec l\u2019id\u00e9e du miroir\u00a0: le verre r\u00e9fl\u00e9chissant de l\u2019\u0153uvre refl\u00e8te l\u2019environnement proche, mais de fa\u00e7on d\u00e9form\u00e9e et tout \u00e0 fait diff\u00e9rente de celle que l\u2019observateur s\u2019attendrait \u00e0 voir dans un miroir.<\/p><p >Les sculptures en verre de l\u2019artiste japonais surprennent l\u2019observateur gr\u00e2ce \u00e0 leur aspect changeant et \u00e0 leur pr\u00e9sence \u00e9l\u00e9gante et po\u00e9tique. Nuances de vert tr\u00e8s intenses ou tr\u00e8s claires, volumes r\u00e9els ou illusoires, espaces int\u00e9rieurs que l\u2019on tente de d\u00e9crypter, distorsions impr\u00e9visibles refl\u00e9t\u00e9es sur la surface, impression de mouvement cr\u00e9e par l\u2019alternance de concavit\u00e9s et de convexit\u00e9s\u2026 Le verre, avec sa capacit\u00e9 \u00e0 r\u00e9fracter la lumi\u00e8re, est le protagoniste absolu de ces \u0153uvres, mis en valeur par le travail habile et exp\u00e9riment\u00e9 de l\u2019artiste. Les formes organiques des sculptures rappellent les \u00e9l\u00e9ments de la nature\u00a0: les ondulations provoqu\u00e9es par le vent sur l\u2019eau ou sur l\u2019herbe, les vagues de la mer, la rondeur des pierres.<\/p><p >La technique que Toshio Iezumi utilise pour ses sculptures est complexe\u00a0et longue. Il commence en collant les unes sur les autres des feuilles de verre, nuanc\u00e9es de vert par leur teneur en fer, obtenant un bloc de verre d\u2019une tonalit\u00e9 plus profonde. Il utilise ensuite une meuleuse d\u2019angle, normalement employ\u00e9e dans la taille de pierre, afin de cr\u00e9er la forme de la sculpture. L\u2019\u00e9tape suivante est le lissage qui \u00e9limine les rayures de la surface gr\u00e2ce \u00e0 des grains abrasifs. Enfin, le polissage avec un feutre conf\u00e8re \u00e0 la sculpture sa transparence, et change totalement son aspect. L\u2019artiste recherche l\u2019\u00e9quilibre parfait entre la forme (avec le meulage), et la texture (avec le polissage), qui fait \u00e9merger l\u2019\u0153uvre d\u2019art.\u00a0L\u2019artiste se sert aussi d\u2019un miroir semi-transparent, ins\u00e9r\u00e9 \u00e0 l\u2019int\u00e9rieur de la pi\u00e8ce, pour accentuer encore davantage les jeux de r\u00e9flexion et de transmission de la lumi\u00e8re.<\/p><p >Cette oeuvre est vendue en edition limit\u00e9e de 5 exemplaires. Cette oeuvre est livr\u00e9e avec son certificat d'authenticit\u00e9.<\/p>","artwork_series":[2008],"artwork_query_group":"10","artwork_lowest_grid_position":1,"artwork_random_position":2695333,"explicit_sensitive_content":false,"drupal_id":"8433"},"yoast_head":"<!-- This site is optimized with the Yoast SEO Premium plugin v27.3 (Yoast SEO v27.3) - https:\/\/yoast.com\/product\/yoast-seo-premium-wordpress\/ -->\n<title>Artistics | P.190501 par Toshio Iezumi - Sculpture contemporaine<\/title>\n<meta name=\"description\" content=\"P.190501 par Toshio Iezumi - achat d&#039;\u0153uvres d&#039;art contemporain originales sur la galerie d&#039;art en ligne Artistics.\" \/>\n<meta name=\"robots\" content=\"index, follow, max-snippet:-1, max-image-preview:large, max-video-preview:-1\" \/>\n<link rel=\"canonical\" href=\"https:\/\/artistics.com\/fr\/oeuvre\/p-190501\/\" \/>\n<meta property=\"og:locale\" content=\"fr_FR\" \/>\n<meta property=\"og:type\" content=\"article\" \/>\n<meta property=\"og:title\" content=\"P.190501\" \/>\n<meta property=\"og:description\" content=\"P.190501 par Toshio Iezumi - achat d&#039;\u0153uvres d&#039;art contemporain originales sur la galerie d&#039;art en ligne Artistics.\" \/>\n<meta property=\"og:url\" content=\"https:\/\/artistics.com\/fr\/oeuvre\/p-190501\/\" \/>\n<meta property=\"og:site_name\" content=\"Artistics\" \/>\n<meta property=\"article:publisher\" content=\"https:\/\/www.facebook.com\/ArtisticsMag\" \/>\n<meta property=\"article:modified_time\" content=\"2023-04-22T00:07:47+00:00\" \/>\n<meta property=\"og:image\" content=\"https:\/\/artistics.com\/wp-content\/uploads\/2023\/04\/p.190501-glass-sculpture-by-toshio-lezumi_4.jpg\" \/>\n\t<meta property=\"og:image:width\" content=\"1200\" \/>\n\t<meta property=\"og:image:height\" content=\"1890\" \/>\n\t<meta property=\"og:image:type\" content=\"image\/jpeg\" \/>\n<meta name=\"twitter:card\" content=\"summary_large_image\" \/>\n<meta name=\"twitter:site\" content=\"@Artistics_FR\" \/>\n<meta name=\"twitter:label1\" content=\"Prix\" \/>\n\t<meta name=\"twitter:data1\" content=\"7 600&nbsp;&euro;\" \/>\n\t<meta name=\"twitter:label2\" content=\"Disponibilit\u00e9\" \/>\n\t<meta name=\"twitter:data2\" content=\"En stock\" \/>\n<script type=\"application\/ld+json\" class=\"yoast-schema-graph\">{\"@context\":\"https:\\\/\\\/schema.org\",\"@graph\":[{\"@type\":[\"WebPage\",\"ItemPage\"],\"@id\":\"https:\\\/\\\/artistics.com\\\/fr\\\/oeuvre\\\/p-190501\\\/\",\"url\":\"https:\\\/\\\/artistics.com\\\/fr\\\/oeuvre\\\/p-190501\\\/\",\"name\":\"Artistics | P.190501 par Toshio Iezumi - Sculpture contemporaine\",\"isPartOf\":{\"@id\":\"https:\\\/\\\/artistics.com\\\/fr\\\/#website\"},\"primaryImageOfPage\":{\"@id\":\"https:\\\/\\\/artistics.com\\\/fr\\\/oeuvre\\\/p-190501\\\/#primaryimage\"},\"image\":{\"@id\":\"https:\\\/\\\/artistics.com\\\/fr\\\/oeuvre\\\/p-190501\\\/#primaryimage\"},\"thumbnailUrl\":\"https:\\\/\\\/artistics.com\\\/wp-content\\\/uploads\\\/2023\\\/04\\\/p.190501-glass-sculpture-by-toshio-lezumi_4.jpg\",\"datePublished\":\"2021-08-27T15:46:48+00:00\",\"dateModified\":\"2023-04-22T00:07:47+00:00\",\"description\":\"P.190501 par Toshio Iezumi - achat d'\u0153uvres d'art contemporain originales sur la galerie d'art en ligne Artistics.\",\"breadcrumb\":{\"@id\":\"https:\\\/\\\/artistics.com\\\/fr\\\/oeuvre\\\/p-190501\\\/#breadcrumb\"},\"inLanguage\":\"fr-FR\",\"potentialAction\":[{\"@type\":\"ReadAction\",\"target\":[\"https:\\\/\\\/artistics.com\\\/fr\\\/oeuvre\\\/p-190501\\\/\"]}]},{\"@type\":\"ImageObject\",\"inLanguage\":\"fr-FR\",\"@id\":\"https:\\\/\\\/artistics.com\\\/fr\\\/oeuvre\\\/p-190501\\\/#primaryimage\",\"url\":\"https:\\\/\\\/artistics.com\\\/wp-content\\\/uploads\\\/2023\\\/04\\\/p.190501-glass-sculpture-by-toshio-lezumi_4.jpg\",\"contentUrl\":\"https:\\\/\\\/artistics.com\\\/wp-content\\\/uploads\\\/2023\\\/04\\\/p.190501-glass-sculpture-by-toshio-lezumi_4.jpg\",\"width\":1200,\"height\":1890},{\"@type\":\"BreadcrumbList\",\"@id\":\"https:\\\/\\\/artistics.com\\\/fr\\\/oeuvre\\\/p-190501\\\/#breadcrumb\",\"itemListElement\":[{\"@type\":\"ListItem\",\"position\":1,\"name\":\"Achat \u0153uvre d'art\",\"item\":\"https:\\\/\\\/artistics.com\\\/fr\\\/\"},{\"@type\":\"ListItem\",\"position\":2,\"name\":\"Galerie\",\"item\":\"https:\\\/\\\/artistics.com\\\/fr\\\/galerie\\\/\"},{\"@type\":\"ListItem\",\"position\":3,\"name\":\"Sculpture contemporaine\",\"item\":\"https:\\\/\\\/artistics.com\\\/fr\\\/categorie-oeuvre\\\/sculpture-contemporaine\\\/\"},{\"@type\":\"ListItem\",\"position\":4,\"name\":\"P.190501\"}]},{\"@type\":\"WebSite\",\"@id\":\"https:\\\/\\\/artistics.com\\\/fr\\\/#website\",\"url\":\"https:\\\/\\\/artistics.com\\\/fr\\\/\",\"name\":\"Artistics\",\"description\":\"The online art gallery\",\"publisher\":{\"@id\":\"https:\\\/\\\/artistics.com\\\/fr\\\/#organization\"},\"potentialAction\":[{\"@type\":\"SearchAction\",\"target\":{\"@type\":\"EntryPoint\",\"urlTemplate\":\"https:\\\/\\\/artistics.com\\\/fr\\\/?s={search_term_string}\"},\"query-input\":{\"@type\":\"PropertyValueSpecification\",\"valueRequired\":true,\"valueName\":\"search_term_string\"}}],\"inLanguage\":\"fr-FR\"},{\"@type\":\"Organization\",\"@id\":\"https:\\\/\\\/artistics.com\\\/fr\\\/#organization\",\"name\":\"Artistics\",\"url\":\"https:\\\/\\\/artistics.com\\\/fr\\\/\",\"logo\":{\"@type\":\"ImageObject\",\"inLanguage\":\"fr-FR\",\"@id\":\"https:\\\/\\\/artistics.com\\\/fr\\\/#\\\/schema\\\/logo\\\/image\\\/\",\"url\":\"https:\\\/\\\/artistics.com\\\/wp-content\\\/uploads\\\/2023\\\/02\\\/artistics-logo-web-1.svg\",\"contentUrl\":\"https:\\\/\\\/artistics.com\\\/wp-content\\\/uploads\\\/2023\\\/02\\\/artistics-logo-web-1.svg\",\"caption\":\"Artistics\"},\"image\":{\"@id\":\"https:\\\/\\\/artistics.com\\\/fr\\\/#\\\/schema\\\/logo\\\/image\\\/\"},\"sameAs\":[\"https:\\\/\\\/www.facebook.com\\\/ArtisticsMag\",\"https:\\\/\\\/x.com\\\/Artistics_FR\",\"http:\\\/\\\/www.linkedin.com\\\/company\\\/artistics\",\"https:\\\/\\\/www.instagram.com\\\/artistics_com\\\/\",\"http:\\\/\\\/www.pinterest.com\\\/ArtisticsMag\"],\"hasMerchantReturnPolicy\":{\"@type\":\"MerchantReturnPolicy\",\"merchantReturnLink\":\"https:\\\/\\\/artistics.com\\\/free-return-policy\\\/\"}}]}<\/script>\n<meta property=\"product:price:amount\" content=\"7600\" \/>\n<meta property=\"product:price:currency\" content=\"EUR\" \/>\n<meta property=\"og:availability\" content=\"instock\" \/>\n<meta property=\"product:availability\" content=\"instock\" \/>\n<meta property=\"product:retailer_item_id\" content=\"8434\" \/>\n<meta property=\"product:condition\" content=\"new\" \/>\n<!-- \/ Yoast SEO Premium plugin. -->","yoast_head_json":{"title":"Artistics | P.190501 par Toshio Iezumi - Sculpture contemporaine","description":"P.190501 par Toshio Iezumi - achat d'\u0153uvres d'art contemporain originales sur la galerie d'art en ligne Artistics.","robots":{"index":"index","follow":"follow","max-snippet":"max-snippet:-1","max-image-preview":"max-image-preview:large","max-video-preview":"max-video-preview:-1"},"canonical":"https:\/\/artistics.com\/fr\/oeuvre\/p-190501\/","og_locale":"fr_FR","og_type":"article","og_title":"P.190501","og_description":"P.190501 par Toshio Iezumi - achat d'\u0153uvres d'art contemporain originales sur la galerie d'art en ligne Artistics.","og_url":"https:\/\/artistics.com\/fr\/oeuvre\/p-190501\/","og_site_name":"Artistics","article_publisher":"https:\/\/www.facebook.com\/ArtisticsMag","article_modified_time":"2023-04-22T00:07:47+00:00","og_image":[{"width":1200,"height":1890,"url":"https:\/\/artistics.com\/wp-content\/uploads\/2023\/04\/p.190501-glass-sculpture-by-toshio-lezumi_4.jpg","type":"image\/jpeg"}],"twitter_card":"summary_large_image","twitter_site":"@Artistics_FR","twitter_misc":{"Prix":"7 600&nbsp;&euro;","Disponibilit\u00e9":"En stock"},"schema":{"@context":"https:\/\/schema.org","@graph":[{"@type":["WebPage","ItemPage"],"@id":"https:\/\/artistics.com\/fr\/oeuvre\/p-190501\/","url":"https:\/\/artistics.com\/fr\/oeuvre\/p-190501\/","name":"Artistics | P.190501 par Toshio Iezumi - Sculpture contemporaine","isPartOf":{"@id":"https:\/\/artistics.com\/fr\/#website"},"primaryImageOfPage":{"@id":"https:\/\/artistics.com\/fr\/oeuvre\/p-190501\/#primaryimage"},"image":{"@id":"https:\/\/artistics.com\/fr\/oeuvre\/p-190501\/#primaryimage"},"thumbnailUrl":"https:\/\/artistics.com\/wp-content\/uploads\/2023\/04\/p.190501-glass-sculpture-by-toshio-lezumi_4.jpg","datePublished":"2021-08-27T15:46:48+00:00","dateModified":"2023-04-22T00:07:47+00:00","description":"P.190501 par Toshio Iezumi - achat d'\u0153uvres d'art contemporain originales sur la galerie d'art en ligne Artistics.","breadcrumb":{"@id":"https:\/\/artistics.com\/fr\/oeuvre\/p-190501\/#breadcrumb"},"inLanguage":"fr-FR","potentialAction":[{"@type":"ReadAction","target":["https:\/\/artistics.com\/fr\/oeuvre\/p-190501\/"]}]},{"@type":"ImageObject","inLanguage":"fr-FR","@id":"https:\/\/artistics.com\/fr\/oeuvre\/p-190501\/#primaryimage","url":"https:\/\/artistics.com\/wp-content\/uploads\/2023\/04\/p.190501-glass-sculpture-by-toshio-lezumi_4.jpg","contentUrl":"https:\/\/artistics.com\/wp-content\/uploads\/2023\/04\/p.190501-glass-sculpture-by-toshio-lezumi_4.jpg","width":1200,"height":1890},{"@type":"BreadcrumbList","@id":"https:\/\/artistics.com\/fr\/oeuvre\/p-190501\/#breadcrumb","itemListElement":[{"@type":"ListItem","position":1,"name":"Achat \u0153uvre d'art","item":"https:\/\/artistics.com\/fr\/"},{"@type":"ListItem","position":2,"name":"Galerie","item":"https:\/\/artistics.com\/fr\/galerie\/"},{"@type":"ListItem","position":3,"name":"Sculpture contemporaine","item":"https:\/\/artistics.com\/fr\/categorie-oeuvre\/sculpture-contemporaine\/"},{"@type":"ListItem","position":4,"name":"P.190501"}]},{"@type":"WebSite","@id":"https:\/\/artistics.com\/fr\/#website","url":"https:\/\/artistics.com\/fr\/","name":"Artistics","description":"The online art gallery","publisher":{"@id":"https:\/\/artistics.com\/fr\/#organization"},"potentialAction":[{"@type":"SearchAction","target":{"@type":"EntryPoint","urlTemplate":"https:\/\/artistics.com\/fr\/?s={search_term_string}"},"query-input":{"@type":"PropertyValueSpecification","valueRequired":true,"valueName":"search_term_string"}}],"inLanguage":"fr-FR"},{"@type":"Organization","@id":"https:\/\/artistics.com\/fr\/#organization","name":"Artistics","url":"https:\/\/artistics.com\/fr\/","logo":{"@type":"ImageObject","inLanguage":"fr-FR","@id":"https:\/\/artistics.com\/fr\/#\/schema\/logo\/image\/","url":"https:\/\/artistics.com\/wp-content\/uploads\/2023\/02\/artistics-logo-web-1.svg","contentUrl":"https:\/\/artistics.com\/wp-content\/uploads\/2023\/02\/artistics-logo-web-1.svg","caption":"Artistics"},"image":{"@id":"https:\/\/artistics.com\/fr\/#\/schema\/logo\/image\/"},"sameAs":["https:\/\/www.facebook.com\/ArtisticsMag","https:\/\/x.com\/Artistics_FR","http:\/\/www.linkedin.com\/company\/artistics","https:\/\/www.instagram.com\/artistics_com\/","http:\/\/www.pinterest.com\/ArtisticsMag"],"hasMerchantReturnPolicy":{"@type":"MerchantReturnPolicy","merchantReturnLink":"https:\/\/artistics.com\/free-return-policy\/"}}]},"product_price_amount":"7600","product_price_currency":"EUR","og_availability":"instock","product_availability":"instock","product_retailer_item_id":"8434","product_condition":"new"},"_links":{"self":[{"href":"https:\/\/artistics.com\/fr\/wp-json\/wp\/v2\/product\/22716","targetHints":{"allow":["GET"]}}],"collection":[{"href":"https:\/\/artistics.com\/fr\/wp-json\/wp\/v2\/product"}],"about":[{"href":"https:\/\/artistics.com\/fr\/wp-json\/wp\/v2\/types\/product"}],"acf:term":[{"embeddable":true,"taxonomy":"series","href":"https:\/\/artistics.com\/fr\/wp-json\/wp\/v2\/series\/2008"},{"embeddable":true,"taxonomy":"product_tag","href":"https:\/\/artistics.com\/fr\/wp-json\/wp\/v2\/product_tag\/2504"},{"embeddable":true,"taxonomy":"product_cat","href":"https:\/\/artistics.com\/fr\/wp-json\/wp\/v2\/product_cat\/236"},{"embeddable":true,"taxonomy":"product_cat","href":"https:\/\/artistics.com\/fr\/wp-json\/wp\/v2\/product_cat\/216"},{"embeddable":true,"taxonomy":"product_cat","href":"https:\/\/artistics.com\/fr\/wp-json\/wp\/v2\/product_cat\/189"},{"embeddable":true,"taxonomy":"product_cat","href":"https:\/\/artistics.com\/fr\/wp-json\/wp\/v2\/product_cat\/407"},{"embeddable":true,"taxonomy":"product_cat","href":"https:\/\/artistics.com\/fr\/wp-json\/wp\/v2\/product_cat\/413"},{"embeddable":true,"taxonomy":"product_cat","href":"https:\/\/artistics.com\/fr\/wp-json\/wp\/v2\/product_cat\/422"},{"embeddable":true,"taxonomy":"product_cat","href":"https:\/\/artistics.com\/fr\/wp-json\/wp\/v2\/product_cat\/2491"},{"embeddable":true,"taxonomy":"product_cat","href":"https:\/\/artistics.com\/fr\/wp-json\/wp\/v2\/product_cat\/2489"},{"embeddable":true,"taxonomy":"product_cat","href":"https:\/\/artistics.com\/fr\/wp-json\/wp\/v2\/product_cat\/2243"},{"embeddable":true,"taxonomy":"product_cat","href":"https:\/\/artistics.com\/fr\/wp-json\/wp\/v2\/product_cat\/204"},{"embeddable":true,"taxonomy":"product_cat","href":"https:\/\/artistics.com\/fr\/wp-json\/wp\/v2\/product_cat\/164"}],"acf:post":[{"embeddable":true,"href":"https:\/\/artistics.com\/fr\/wp-json\/wp\/v2\/artist\/2801"}],"wp:featuredmedia":[{"embeddable":true,"href":"https:\/\/artistics.com\/fr\/wp-json\/wp\/v2\/media\/15330"}],"wp:attachment":[{"href":"https:\/\/artistics.com\/fr\/wp-json\/wp\/v2\/media?parent=22716"}],"wp:term":[{"taxonomy":"product_cat","embeddable":true,"href":"https:\/\/artistics.com\/fr\/wp-json\/wp\/v2\/product_cat?post=22716"},{"taxonomy":"product_tag","embeddable":true,"href":"https:\/\/artistics.com\/fr\/wp-json\/wp\/v2\/product_tag?post=22716"},{"taxonomy":"series","embeddable":true,"href":"https:\/\/artistics.com\/fr\/wp-json\/wp\/v2\/series?post=22716"}],"curies":[{"name":"wp","href":"https:\/\/api.w.org\/{rel}","templated":true}]}}