{"id":22708,"date":"2021-08-13T16:28:43","date_gmt":"2021-08-13T14:28:43","guid":{"rendered":"https:\/\/2022.devartistics.com\/artwork\/praise\/"},"modified":"2023-04-22T02:07:39","modified_gmt":"2023-04-22T00:07:39","slug":"praise","status":"publish","type":"product","link":"https:\/\/artistics.com\/fr\/oeuvre\/praise\/","title":{"rendered":"Praise"},"content":{"rendered":"","protected":false},"excerpt":{"rendered":"","protected":false},"featured_media":15237,"template":"","meta":{"_acf_changed":false,"_searchwp_excluded":"","inline_featured_image":false},"product_cat":[407,2067,413,2491,164,189,204,216,238,338],"product_tag":[2505],"series":[1976],"class_list":{"0":"post-22708","1":"product","2":"type-product","3":"status-publish","4":"has-post-thumbnail","6":"product_cat-art-minimaliste","7":"product_cat-sculpture-en-marbre","8":"product_cat-sculpture-minimaliste","9":"product_cat-sculpture-soustractive","10":"product_cat-sculpture-contemporaine","11":"product_cat-art-abstrait","12":"product_cat-sculpture-abstraite","13":"product_cat-moyen","14":"product_cat-plus-de-10-000-e","15":"product_cat-sculpture-en-pierre","16":"product_tag-oeuvres-dart-verticales","17":"series-peter-brooke-ball-sculptures-en-pierre-fr","19":"first","20":"instock","21":"shipping-taxable","22":"purchasable","23":"product-type-simple"},"acf":{"artwork_artist":[2800],"artwork_medium":164,"artwork_categories":[204,338,2067,2491],"artwork_overall-tones":[],"artwork_main-material":[],"artwork_art-genre":[],"artwork_art-movement":[407,413,189],"artwork_miscellaneous":[],"artwork_formats":[216],"artwork_price-ranges":[238],"artwork_main_subject":[],"artwork_technique":[],"artwork_featured_location":[],"artwork_dominant_color":[],"artwork_physical_attributes":[2505],"artwork_creation_date":"20210101","artwork_unique_piece":true,"artwork_description":"Marbre rose portugais, corde, cuivre sur calcaire de Portland","artwork_signature":"x","artwork_authenticity":"The artwork is sold with a certificate of authenticity signed by the artist.","artwork_framing":"not_specified","artwork_has_custom_framing_info":false,"artwork_custom_framing_info":"Not specified","artwork_location_country":"GB","artwork_location_city":"Whitesmith","artwork_location_zipcode":"BN86JD","artwork_shipment_type":"3D_artwork","artwork_shipping_delivery":"sculpture_unique_piece_immediate_availability","artwork_has_custom_shipping_delivery_info":false,"artwork_custom_shipping_delivery_info":"Not specified","artwork_360_view_url":"","artwork_video_url":"","artwork_video_format":[],"artwork_preview_type":"featured_image","artwork_reserved":false,"artwork_hide_price":false,"artwork_about":"<p ><strong><em>Praise<\/em><\/strong>\u00a0est une sculpture en pierre de l\u2019artiste contemporain britannique Peter Brooke-Ball.\u00a0Cette sculpture est une pi\u00e8ce de marbre rose entour\u00e9e de corde et dispos\u00e9e sur un socle en calcaire de Portland.\u00a0<\/p><p >Dans cette sculpture, l\u2019artiste instaure un dialogue visuel entre deux mat\u00e9riaux tr\u00e8s diff\u00e9rents pour leur aspect et caract\u00e9ristiques. La corde, comme si elle contenait la forte pression exerc\u00e9e par une pierre devenue dynamique, transforme cette derni\u00e8re en un mat\u00e9riau modulable et souple remettant donc en question sa duret\u00e9. Cet alliage est donc \u00e9tonnant et curieux : qui de la corde ou de la pierre exerce une pression sur l\u2019autre ?<\/p><p >Sans pour autant porter en elles une assertion significative marqu\u00e9e, les \u0153uvres de Peter Brooke-Ball surprennent par leur humour, leur sensualit\u00e9 et leur simplicit\u00e9. Comme lui-m\u00eame confie, le souhait est celui de cr\u00e9er des objets qui sont \u00ab <em>superbes et avec une pointe de myst\u00e8re<\/em> \u00bb. Manifestant parfois une allusion \u00e0 la violence ou \u00e0 la coercition, les sculptures interrogent \u00e9galement les notions de protection et de lien, connect\u00e9es \u00e0 l\u2019id\u00e9e de l\u2019artiste : \u00ab <em>Je vois chaque sculpture comme une pens\u00e9e que je veux garder pr\u00e9cieusement en s\u00e9curit\u00e9, de peur qu\u2019elle ne s\u2019\u00e9chappe <\/em>\u00bb. Bien que chaque observateur r\u00e9agisse diff\u00e9remment avec sa propre interpr\u00e9tation, les titres des sculptures lui sugg\u00e8rent souvent un concept, une situation ou une \u00e9motion. L\u2019artiste appr\u00e9cie surtout les commentaires des enfants, libres de toute pr\u00e9conception, ainsi que leur relation avec les sculptures, tactile et instinctive.<\/p><p >Le travail de Peter Brooke-Ball connecte activement et force \u00e0 la coexistence des mat\u00e9riaux dissemblables, qui sont li\u00e9s, suspendus, entour\u00e9s, couverts ou enchain\u00e9s les uns avec les autres. Dans ses sculptures en pierre et corde, l\u2019artiste entend cr\u00e9er un d\u00e9calage en allant \u00e0 l\u2019encontre des propri\u00e9t\u00e9s physiques des mat\u00e9riaux et en travaillant sur un paradoxe qui bouleverse le rapport de force entre ces deux \u00e9l\u00e9ments\u00a0: \u00ab <em>J\u2019aime l\u2019id\u00e9e que le souple puisse d\u00e9finir la forme de ce qui est dur<\/em> \u00bb. Les \u00e9l\u00e9ments esth\u00e9tiques contrastants et \u00e9vocateurs des \u0153uvres de Peter Brooke-Ball contribuent \u00e0 les rendre extr\u00eamement \u00e9nigmatiques, parfois troublantes et perturbantes, parfois amusantes et dr\u00f4les.<\/p><p ><span >Les dimensions incluent le socle, qui est fix\u00e9. Dimensions du socle: 20 H x 38 L x 40 P cm<\/span><\/p><p >Cette oeuvre est une pi\u00e8ce unique vendue avec son certificat d'authenticit\u00e9.\u00a0<\/p><p  >\u00a0<\/p>","artwork_series":[1976],"artwork_query_group":"20","artwork_lowest_grid_position":1,"artwork_random_position":3131928,"explicit_sensitive_content":false,"drupal_id":"8398"},"yoast_head":"<!-- This site is optimized with the Yoast SEO Premium plugin v27.3 (Yoast SEO v27.3) - https:\/\/yoast.com\/product\/yoast-seo-premium-wordpress\/ -->\n<title>Artistics | Praise par Peter Brooke-Ball - Sculpture contemporaine<\/title>\n<meta name=\"description\" content=\"Praise par Peter Brooke-Ball - achat d&#039;\u0153uvres d&#039;art contemporain originales sur la galerie d&#039;art en ligne Artistics.\" \/>\n<meta name=\"robots\" content=\"index, follow, max-snippet:-1, max-image-preview:large, max-video-preview:-1\" \/>\n<link rel=\"canonical\" href=\"https:\/\/artistics.com\/fr\/oeuvre\/praise\/\" \/>\n<meta property=\"og:locale\" content=\"fr_FR\" \/>\n<meta property=\"og:type\" content=\"article\" \/>\n<meta property=\"og:title\" content=\"Praise\" \/>\n<meta property=\"og:description\" content=\"Praise par Peter Brooke-Ball - achat d&#039;\u0153uvres d&#039;art contemporain originales sur la galerie d&#039;art en ligne Artistics.\" \/>\n<meta property=\"og:url\" content=\"https:\/\/artistics.com\/fr\/oeuvre\/praise\/\" \/>\n<meta property=\"og:site_name\" content=\"Artistics\" \/>\n<meta property=\"article:publisher\" content=\"https:\/\/www.facebook.com\/ArtisticsMag\" \/>\n<meta property=\"article:modified_time\" content=\"2023-04-22T00:07:39+00:00\" \/>\n<meta property=\"og:image\" content=\"https:\/\/artistics.com\/wp-content\/uploads\/2023\/04\/praise_stone_sculpture_by_peter_brooke-ball_3.jpg\" \/>\n\t<meta property=\"og:image:width\" content=\"1000\" \/>\n\t<meta property=\"og:image:height\" content=\"1458\" \/>\n\t<meta property=\"og:image:type\" content=\"image\/jpeg\" \/>\n<meta name=\"twitter:card\" content=\"summary_large_image\" \/>\n<meta name=\"twitter:site\" content=\"@Artistics_FR\" \/>\n<meta name=\"twitter:label1\" content=\"Prix\" \/>\n\t<meta name=\"twitter:data1\" content=\"11 000&nbsp;&euro;\" \/>\n\t<meta name=\"twitter:label2\" content=\"Disponibilit\u00e9\" \/>\n\t<meta name=\"twitter:data2\" content=\"En stock\" \/>\n<script type=\"application\/ld+json\" class=\"yoast-schema-graph\">{\"@context\":\"https:\\\/\\\/schema.org\",\"@graph\":[{\"@type\":[\"WebPage\",\"ItemPage\"],\"@id\":\"https:\\\/\\\/artistics.com\\\/fr\\\/oeuvre\\\/praise\\\/\",\"url\":\"https:\\\/\\\/artistics.com\\\/fr\\\/oeuvre\\\/praise\\\/\",\"name\":\"Artistics | Praise par Peter Brooke-Ball - Sculpture contemporaine\",\"isPartOf\":{\"@id\":\"https:\\\/\\\/artistics.com\\\/fr\\\/#website\"},\"primaryImageOfPage\":{\"@id\":\"https:\\\/\\\/artistics.com\\\/fr\\\/oeuvre\\\/praise\\\/#primaryimage\"},\"image\":{\"@id\":\"https:\\\/\\\/artistics.com\\\/fr\\\/oeuvre\\\/praise\\\/#primaryimage\"},\"thumbnailUrl\":\"https:\\\/\\\/artistics.com\\\/wp-content\\\/uploads\\\/2023\\\/04\\\/praise_stone_sculpture_by_peter_brooke-ball_3.jpg\",\"datePublished\":\"2021-08-13T14:28:43+00:00\",\"dateModified\":\"2023-04-22T00:07:39+00:00\",\"description\":\"Praise par Peter Brooke-Ball - achat d'\u0153uvres d'art contemporain originales sur la galerie d'art en ligne Artistics.\",\"breadcrumb\":{\"@id\":\"https:\\\/\\\/artistics.com\\\/fr\\\/oeuvre\\\/praise\\\/#breadcrumb\"},\"inLanguage\":\"fr-FR\",\"potentialAction\":[{\"@type\":\"ReadAction\",\"target\":[\"https:\\\/\\\/artistics.com\\\/fr\\\/oeuvre\\\/praise\\\/\"]}]},{\"@type\":\"ImageObject\",\"inLanguage\":\"fr-FR\",\"@id\":\"https:\\\/\\\/artistics.com\\\/fr\\\/oeuvre\\\/praise\\\/#primaryimage\",\"url\":\"https:\\\/\\\/artistics.com\\\/wp-content\\\/uploads\\\/2023\\\/04\\\/praise_stone_sculpture_by_peter_brooke-ball_3.jpg\",\"contentUrl\":\"https:\\\/\\\/artistics.com\\\/wp-content\\\/uploads\\\/2023\\\/04\\\/praise_stone_sculpture_by_peter_brooke-ball_3.jpg\",\"width\":1000,\"height\":1458},{\"@type\":\"BreadcrumbList\",\"@id\":\"https:\\\/\\\/artistics.com\\\/fr\\\/oeuvre\\\/praise\\\/#breadcrumb\",\"itemListElement\":[{\"@type\":\"ListItem\",\"position\":1,\"name\":\"Achat \u0153uvre d'art\",\"item\":\"https:\\\/\\\/artistics.com\\\/fr\\\/\"},{\"@type\":\"ListItem\",\"position\":2,\"name\":\"Galerie\",\"item\":\"https:\\\/\\\/artistics.com\\\/fr\\\/galerie\\\/\"},{\"@type\":\"ListItem\",\"position\":3,\"name\":\"Sculpture contemporaine\",\"item\":\"https:\\\/\\\/artistics.com\\\/fr\\\/categorie-oeuvre\\\/sculpture-contemporaine\\\/\"},{\"@type\":\"ListItem\",\"position\":4,\"name\":\"Praise\"}]},{\"@type\":\"WebSite\",\"@id\":\"https:\\\/\\\/artistics.com\\\/fr\\\/#website\",\"url\":\"https:\\\/\\\/artistics.com\\\/fr\\\/\",\"name\":\"Artistics\",\"description\":\"The online art gallery\",\"publisher\":{\"@id\":\"https:\\\/\\\/artistics.com\\\/fr\\\/#organization\"},\"potentialAction\":[{\"@type\":\"SearchAction\",\"target\":{\"@type\":\"EntryPoint\",\"urlTemplate\":\"https:\\\/\\\/artistics.com\\\/fr\\\/?s={search_term_string}\"},\"query-input\":{\"@type\":\"PropertyValueSpecification\",\"valueRequired\":true,\"valueName\":\"search_term_string\"}}],\"inLanguage\":\"fr-FR\"},{\"@type\":\"Organization\",\"@id\":\"https:\\\/\\\/artistics.com\\\/fr\\\/#organization\",\"name\":\"Artistics\",\"url\":\"https:\\\/\\\/artistics.com\\\/fr\\\/\",\"logo\":{\"@type\":\"ImageObject\",\"inLanguage\":\"fr-FR\",\"@id\":\"https:\\\/\\\/artistics.com\\\/fr\\\/#\\\/schema\\\/logo\\\/image\\\/\",\"url\":\"https:\\\/\\\/artistics.com\\\/wp-content\\\/uploads\\\/2023\\\/02\\\/artistics-logo-web-1.svg\",\"contentUrl\":\"https:\\\/\\\/artistics.com\\\/wp-content\\\/uploads\\\/2023\\\/02\\\/artistics-logo-web-1.svg\",\"caption\":\"Artistics\"},\"image\":{\"@id\":\"https:\\\/\\\/artistics.com\\\/fr\\\/#\\\/schema\\\/logo\\\/image\\\/\"},\"sameAs\":[\"https:\\\/\\\/www.facebook.com\\\/ArtisticsMag\",\"https:\\\/\\\/x.com\\\/Artistics_FR\",\"http:\\\/\\\/www.linkedin.com\\\/company\\\/artistics\",\"https:\\\/\\\/www.instagram.com\\\/artistics_com\\\/\",\"http:\\\/\\\/www.pinterest.com\\\/ArtisticsMag\"],\"hasMerchantReturnPolicy\":{\"@type\":\"MerchantReturnPolicy\",\"merchantReturnLink\":\"https:\\\/\\\/artistics.com\\\/free-return-policy\\\/\"}}]}<\/script>\n<meta property=\"product:price:amount\" content=\"11000\" \/>\n<meta property=\"product:price:currency\" content=\"EUR\" \/>\n<meta property=\"og:availability\" content=\"instock\" \/>\n<meta property=\"product:availability\" content=\"instock\" \/>\n<meta property=\"product:retailer_item_id\" content=\"8399\" \/>\n<meta property=\"product:condition\" content=\"new\" \/>\n<!-- \/ Yoast SEO Premium plugin. -->","yoast_head_json":{"title":"Artistics | Praise par Peter Brooke-Ball - Sculpture contemporaine","description":"Praise par Peter Brooke-Ball - achat d'\u0153uvres d'art contemporain originales sur la galerie d'art en ligne Artistics.","robots":{"index":"index","follow":"follow","max-snippet":"max-snippet:-1","max-image-preview":"max-image-preview:large","max-video-preview":"max-video-preview:-1"},"canonical":"https:\/\/artistics.com\/fr\/oeuvre\/praise\/","og_locale":"fr_FR","og_type":"article","og_title":"Praise","og_description":"Praise par Peter Brooke-Ball - achat d'\u0153uvres d'art contemporain originales sur la galerie d'art en ligne Artistics.","og_url":"https:\/\/artistics.com\/fr\/oeuvre\/praise\/","og_site_name":"Artistics","article_publisher":"https:\/\/www.facebook.com\/ArtisticsMag","article_modified_time":"2023-04-22T00:07:39+00:00","og_image":[{"width":1000,"height":1458,"url":"https:\/\/artistics.com\/wp-content\/uploads\/2023\/04\/praise_stone_sculpture_by_peter_brooke-ball_3.jpg","type":"image\/jpeg"}],"twitter_card":"summary_large_image","twitter_site":"@Artistics_FR","twitter_misc":{"Prix":"11 000&nbsp;&euro;","Disponibilit\u00e9":"En stock"},"schema":{"@context":"https:\/\/schema.org","@graph":[{"@type":["WebPage","ItemPage"],"@id":"https:\/\/artistics.com\/fr\/oeuvre\/praise\/","url":"https:\/\/artistics.com\/fr\/oeuvre\/praise\/","name":"Artistics | Praise par Peter Brooke-Ball - Sculpture contemporaine","isPartOf":{"@id":"https:\/\/artistics.com\/fr\/#website"},"primaryImageOfPage":{"@id":"https:\/\/artistics.com\/fr\/oeuvre\/praise\/#primaryimage"},"image":{"@id":"https:\/\/artistics.com\/fr\/oeuvre\/praise\/#primaryimage"},"thumbnailUrl":"https:\/\/artistics.com\/wp-content\/uploads\/2023\/04\/praise_stone_sculpture_by_peter_brooke-ball_3.jpg","datePublished":"2021-08-13T14:28:43+00:00","dateModified":"2023-04-22T00:07:39+00:00","description":"Praise par Peter Brooke-Ball - achat d'\u0153uvres d'art contemporain originales sur la galerie d'art en ligne Artistics.","breadcrumb":{"@id":"https:\/\/artistics.com\/fr\/oeuvre\/praise\/#breadcrumb"},"inLanguage":"fr-FR","potentialAction":[{"@type":"ReadAction","target":["https:\/\/artistics.com\/fr\/oeuvre\/praise\/"]}]},{"@type":"ImageObject","inLanguage":"fr-FR","@id":"https:\/\/artistics.com\/fr\/oeuvre\/praise\/#primaryimage","url":"https:\/\/artistics.com\/wp-content\/uploads\/2023\/04\/praise_stone_sculpture_by_peter_brooke-ball_3.jpg","contentUrl":"https:\/\/artistics.com\/wp-content\/uploads\/2023\/04\/praise_stone_sculpture_by_peter_brooke-ball_3.jpg","width":1000,"height":1458},{"@type":"BreadcrumbList","@id":"https:\/\/artistics.com\/fr\/oeuvre\/praise\/#breadcrumb","itemListElement":[{"@type":"ListItem","position":1,"name":"Achat \u0153uvre d'art","item":"https:\/\/artistics.com\/fr\/"},{"@type":"ListItem","position":2,"name":"Galerie","item":"https:\/\/artistics.com\/fr\/galerie\/"},{"@type":"ListItem","position":3,"name":"Sculpture contemporaine","item":"https:\/\/artistics.com\/fr\/categorie-oeuvre\/sculpture-contemporaine\/"},{"@type":"ListItem","position":4,"name":"Praise"}]},{"@type":"WebSite","@id":"https:\/\/artistics.com\/fr\/#website","url":"https:\/\/artistics.com\/fr\/","name":"Artistics","description":"The online art gallery","publisher":{"@id":"https:\/\/artistics.com\/fr\/#organization"},"potentialAction":[{"@type":"SearchAction","target":{"@type":"EntryPoint","urlTemplate":"https:\/\/artistics.com\/fr\/?s={search_term_string}"},"query-input":{"@type":"PropertyValueSpecification","valueRequired":true,"valueName":"search_term_string"}}],"inLanguage":"fr-FR"},{"@type":"Organization","@id":"https:\/\/artistics.com\/fr\/#organization","name":"Artistics","url":"https:\/\/artistics.com\/fr\/","logo":{"@type":"ImageObject","inLanguage":"fr-FR","@id":"https:\/\/artistics.com\/fr\/#\/schema\/logo\/image\/","url":"https:\/\/artistics.com\/wp-content\/uploads\/2023\/02\/artistics-logo-web-1.svg","contentUrl":"https:\/\/artistics.com\/wp-content\/uploads\/2023\/02\/artistics-logo-web-1.svg","caption":"Artistics"},"image":{"@id":"https:\/\/artistics.com\/fr\/#\/schema\/logo\/image\/"},"sameAs":["https:\/\/www.facebook.com\/ArtisticsMag","https:\/\/x.com\/Artistics_FR","http:\/\/www.linkedin.com\/company\/artistics","https:\/\/www.instagram.com\/artistics_com\/","http:\/\/www.pinterest.com\/ArtisticsMag"],"hasMerchantReturnPolicy":{"@type":"MerchantReturnPolicy","merchantReturnLink":"https:\/\/artistics.com\/free-return-policy\/"}}]},"product_price_amount":"11000","product_price_currency":"EUR","og_availability":"instock","product_availability":"instock","product_retailer_item_id":"8399","product_condition":"new"},"_links":{"self":[{"href":"https:\/\/artistics.com\/fr\/wp-json\/wp\/v2\/product\/22708","targetHints":{"allow":["GET"]}}],"collection":[{"href":"https:\/\/artistics.com\/fr\/wp-json\/wp\/v2\/product"}],"about":[{"href":"https:\/\/artistics.com\/fr\/wp-json\/wp\/v2\/types\/product"}],"acf:term":[{"embeddable":true,"taxonomy":"series","href":"https:\/\/artistics.com\/fr\/wp-json\/wp\/v2\/series\/1976"},{"embeddable":true,"taxonomy":"product_tag","href":"https:\/\/artistics.com\/fr\/wp-json\/wp\/v2\/product_tag\/2505"},{"embeddable":true,"taxonomy":"product_cat","href":"https:\/\/artistics.com\/fr\/wp-json\/wp\/v2\/product_cat\/238"},{"embeddable":true,"taxonomy":"product_cat","href":"https:\/\/artistics.com\/fr\/wp-json\/wp\/v2\/product_cat\/216"},{"embeddable":true,"taxonomy":"product_cat","href":"https:\/\/artistics.com\/fr\/wp-json\/wp\/v2\/product_cat\/189"},{"embeddable":true,"taxonomy":"product_cat","href":"https:\/\/artistics.com\/fr\/wp-json\/wp\/v2\/product_cat\/413"},{"embeddable":true,"taxonomy":"product_cat","href":"https:\/\/artistics.com\/fr\/wp-json\/wp\/v2\/product_cat\/407"},{"embeddable":true,"taxonomy":"product_cat","href":"https:\/\/artistics.com\/fr\/wp-json\/wp\/v2\/product_cat\/2491"},{"embeddable":true,"taxonomy":"product_cat","href":"https:\/\/artistics.com\/fr\/wp-json\/wp\/v2\/product_cat\/2067"},{"embeddable":true,"taxonomy":"product_cat","href":"https:\/\/artistics.com\/fr\/wp-json\/wp\/v2\/product_cat\/338"},{"embeddable":true,"taxonomy":"product_cat","href":"https:\/\/artistics.com\/fr\/wp-json\/wp\/v2\/product_cat\/204"},{"embeddable":true,"taxonomy":"product_cat","href":"https:\/\/artistics.com\/fr\/wp-json\/wp\/v2\/product_cat\/164"}],"acf:post":[{"embeddable":true,"href":"https:\/\/artistics.com\/fr\/wp-json\/wp\/v2\/artist\/2800"}],"wp:featuredmedia":[{"embeddable":true,"href":"https:\/\/artistics.com\/fr\/wp-json\/wp\/v2\/media\/15237"}],"wp:attachment":[{"href":"https:\/\/artistics.com\/fr\/wp-json\/wp\/v2\/media?parent=22708"}],"wp:term":[{"taxonomy":"product_cat","embeddable":true,"href":"https:\/\/artistics.com\/fr\/wp-json\/wp\/v2\/product_cat?post=22708"},{"taxonomy":"product_tag","embeddable":true,"href":"https:\/\/artistics.com\/fr\/wp-json\/wp\/v2\/product_tag?post=22708"},{"taxonomy":"series","embeddable":true,"href":"https:\/\/artistics.com\/fr\/wp-json\/wp\/v2\/series?post=22708"}],"curies":[{"name":"wp","href":"https:\/\/api.w.org\/{rel}","templated":true}]}}