{"id":22683,"date":"2021-07-21T17:04:30","date_gmt":"2021-07-21T15:04:30","guid":{"rendered":"https:\/\/2022.devartistics.com\/artwork\/freedom\/"},"modified":"2023-04-22T02:07:12","modified_gmt":"2023-04-22T00:07:12","slug":"freedom","status":"publish","type":"product","link":"https:\/\/artistics.com\/fr\/oeuvre\/freedom\/","title":{"rendered":"Freedom"},"content":{"rendered":"","protected":false},"excerpt":{"rendered":"","protected":false},"featured_media":14999,"template":"","meta":{"_acf_changed":false,"_searchwp_excluded":"","inline_featured_image":false},"product_cat":[407,2602,407,413,2602,413,2491,2491,164,164,204,338,189,204,217,217,189,235,235,338],"product_tag":[343,343],"series":[1976],"class_list":{"0":"post-22683","1":"product","2":"type-product","3":"status-publish","4":"has-post-thumbnail","6":"product_cat-art-minimaliste","7":"product_cat-art-organique","9":"product_cat-sculpture-minimaliste","12":"product_cat-sculpture-soustractive","14":"product_cat-sculpture-contemporaine","16":"product_cat-sculpture-abstraite","17":"product_cat-sculpture-en-pierre","18":"product_cat-art-abstrait","20":"product_cat-petit","23":"product_cat-de-1000-a-3000-e","26":"product_tag-blanc","28":"series-peter-brooke-ball-sculptures-en-pierre-fr","30":"first","31":"instock","32":"shipping-taxable","33":"purchasable","34":"product-type-simple"},"acf":{"artwork_artist":[2800],"artwork_medium":164,"artwork_categories":[204,338,2491],"artwork_overall-tones":[],"artwork_main-material":[],"artwork_art-genre":[2602],"artwork_art-movement":[413,407,189],"artwork_miscellaneous":[],"artwork_formats":[217],"artwork_price-ranges":[235],"artwork_main_subject":[],"artwork_technique":[],"artwork_featured_location":[],"artwork_dominant_color":[343],"artwork_physical_attributes":[],"artwork_creation_date":"20210101","artwork_unique_piece":true,"artwork_description":"Alb\u00e2tre et corde","artwork_signature":"x","artwork_authenticity":"The artwork is sold with a certificate of authenticity signed by the artist.","artwork_framing":"not_specified","artwork_has_custom_framing_info":false,"artwork_custom_framing_info":"Not specified","artwork_location_country":"GB","artwork_location_city":"Whitesmith","artwork_location_zipcode":"BN86JD","artwork_shipment_type":"3D_artwork","artwork_shipping_delivery":"sculpture_unique_piece_immediate_availability","artwork_has_custom_shipping_delivery_info":false,"artwork_custom_shipping_delivery_info":"Not specified","artwork_360_view_url":"","artwork_video_url":"https:\/\/youtube.com\/watch?v=2T6pU7_Rc2g","artwork_video_format":["vertical"],"artwork_preview_type":"featured_image","artwork_reserved":false,"artwork_hide_price":false,"artwork_about":"<p ><strong><em>Freedom<\/em><\/strong> est une sculpture de l\u2019artiste contemporain britannique Peter Brooke-Ball.\u00a0Cette sculpture contemporaine est une pi\u00e8ce d'alb\u00e2tre entour\u00e9e d\u2019une corde de suspension qui semble sur le point de la couper en deux.<\/p><p >L'artiste instaure un dialogue visuel entre deux mat\u00e9riaux tr\u00e8s diff\u00e9rents pour leur aspect et caract\u00e9ristiques. La corde, comme si elle contenait la forte pression exerc\u00e9e par une pierre devenue dynamique, transforme cette derni\u00e8re en un mat\u00e9riau modulable et souple remettant donc en question sa duret\u00e9. Cet alliage est donc \u00e9tonnant et curieux : qui de la corde ou de la pierre exerce une pression sur l\u2019autre ?\u00a0Cette sculpture peut \u00eatre attach\u00e9e et suspendue verticalement. L\u2019artiste confie\u00a0\u00e0 ce propos : \u00ab\u00a0<em>Je ne vois pas pourquoi les sculptures devraient toujours \u00eatre parterre. C\u2019est pour cela que souvent je les suspends aux arbres<\/em>\u00a0\u00bb.<\/p><p >Sans pour autant porter en elles une assertion significative marqu\u00e9e, les \u0153uvres de Peter Brooke-Ball surprennent par leur humour, leur sensualit\u00e9 et leur simplicit\u00e9. Comme lui-m\u00eame confie, le souhait est celui de cr\u00e9er des objets qui sont \u00ab <em>superbes et avec une pointe de myst\u00e8re<\/em> \u00bb. Manifestant parfois une allusion \u00e0 la violence ou \u00e0 la coercition, les sculptures interrogent \u00e9galement les notions de protection et de lien, connect\u00e9es \u00e0 l\u2019id\u00e9e de l\u2019artiste : \u00ab <em>Je vois chaque sculpture comme une pens\u00e9e que je veux garder pr\u00e9cieusement en s\u00e9curit\u00e9, de peur qu\u2019elle ne s\u2019\u00e9chappe <\/em>\u00bb. Bien que chaque observateur r\u00e9agisse diff\u00e9remment avec sa propre interpr\u00e9tation, les titres des sculptures lui sugg\u00e8rent souvent un concept, une situation ou une \u00e9motion. L\u2019artiste appr\u00e9cie surtout les commentaires des enfants, libres de toute pr\u00e9conception, ainsi que leur relation avec les sculptures, tactile et instinctive.<\/p><p >Le travail de Peter Brooke-Ball connecte activement et force \u00e0 la coexistence des mat\u00e9riaux dissemblables, qui sont li\u00e9s, suspendus, entour\u00e9s, couverts ou enchain\u00e9s les uns avec les autres. Dans ses sculptures en pierre et corde, l\u2019artiste entend cr\u00e9er un d\u00e9calage en allant \u00e0 l\u2019encontre des propri\u00e9t\u00e9s physiques des mat\u00e9riaux et en travaillant sur un paradoxe qui bouleverse le rapport de force entre ces deux \u00e9l\u00e9ments\u00a0: \u00ab <em>J\u2019aime l\u2019id\u00e9e que le souple puisse d\u00e9finir la forme de ce qui est dur<\/em> \u00bb. Les \u00e9l\u00e9ments esth\u00e9tiques contrastants et \u00e9vocateurs des \u0153uvres de Peter Brooke-Ball contribuent \u00e0 les rendre extr\u00eamement \u00e9nigmatiques, parfois troublantes et perturbantes, parfois amusantes et dr\u00f4les.<\/p><p >Dimensions de la sculpture suspendue avec la corde : 52 H x 21.5 L x 17.5 P cm<\/p><p >Cette sculpture est une pi\u00e8ce unique vendue avec son certificat d'authenticit\u00e9.\u00a0<\/p>","artwork_series":[1976],"artwork_query_group":"20","artwork_lowest_grid_position":1,"artwork_random_position":3904310,"explicit_sensitive_content":false,"drupal_id":"8301"},"yoast_head":"<!-- This site is optimized with the Yoast SEO Premium plugin v27.3 (Yoast SEO v27.3) - https:\/\/yoast.com\/product\/yoast-seo-premium-wordpress\/ -->\n<title>Artistics | Freedom par Peter Brooke-Ball - Sculpture contemporaine<\/title>\n<meta name=\"description\" content=\"Freedom par Peter Brooke-Ball - achat d&#039;\u0153uvres d&#039;art contemporain originales sur la galerie d&#039;art en ligne Artistics.\" \/>\n<meta name=\"robots\" content=\"index, follow, max-snippet:-1, max-image-preview:large, max-video-preview:-1\" \/>\n<link rel=\"canonical\" href=\"https:\/\/artistics.com\/fr\/oeuvre\/freedom\/\" \/>\n<meta property=\"og:locale\" content=\"fr_FR\" \/>\n<meta property=\"og:type\" content=\"article\" \/>\n<meta property=\"og:title\" content=\"Freedom\" \/>\n<meta property=\"og:description\" content=\"Freedom par Peter Brooke-Ball - achat d&#039;\u0153uvres d&#039;art contemporain originales sur la galerie d&#039;art en ligne Artistics.\" \/>\n<meta property=\"og:url\" content=\"https:\/\/artistics.com\/fr\/oeuvre\/freedom\/\" \/>\n<meta property=\"og:site_name\" content=\"Artistics\" \/>\n<meta property=\"article:publisher\" content=\"https:\/\/www.facebook.com\/ArtisticsMag\" \/>\n<meta property=\"article:modified_time\" content=\"2023-04-22T00:07:12+00:00\" \/>\n<meta property=\"og:image\" content=\"https:\/\/artistics.com\/wp-content\/uploads\/2023\/04\/freedom-stone-sculpture-by-peter-brooke-ball_0_1.jpeg\" \/>\n\t<meta property=\"og:image:width\" content=\"1800\" \/>\n\t<meta property=\"og:image:height\" content=\"1816\" \/>\n\t<meta property=\"og:image:type\" content=\"image\/jpeg\" \/>\n<meta name=\"twitter:card\" content=\"summary_large_image\" \/>\n<meta name=\"twitter:site\" content=\"@Artistics_FR\" \/>\n<meta name=\"twitter:label1\" content=\"Prix\" \/>\n\t<meta name=\"twitter:data1\" content=\"1 300&nbsp;&euro;\" \/>\n\t<meta name=\"twitter:label2\" content=\"Disponibilit\u00e9\" \/>\n\t<meta name=\"twitter:data2\" content=\"En stock\" \/>\n<script type=\"application\/ld+json\" class=\"yoast-schema-graph\">{\"@context\":\"https:\\\/\\\/schema.org\",\"@graph\":[{\"@type\":[\"WebPage\",\"ItemPage\"],\"@id\":\"https:\\\/\\\/artistics.com\\\/fr\\\/oeuvre\\\/freedom\\\/\",\"url\":\"https:\\\/\\\/artistics.com\\\/fr\\\/oeuvre\\\/freedom\\\/\",\"name\":\"Artistics | Freedom par Peter Brooke-Ball - Sculpture contemporaine\",\"isPartOf\":{\"@id\":\"https:\\\/\\\/artistics.com\\\/fr\\\/#website\"},\"primaryImageOfPage\":{\"@id\":\"https:\\\/\\\/artistics.com\\\/fr\\\/oeuvre\\\/freedom\\\/#primaryimage\"},\"image\":{\"@id\":\"https:\\\/\\\/artistics.com\\\/fr\\\/oeuvre\\\/freedom\\\/#primaryimage\"},\"thumbnailUrl\":\"https:\\\/\\\/artistics.com\\\/wp-content\\\/uploads\\\/2023\\\/04\\\/freedom-stone-sculpture-by-peter-brooke-ball_0_1.jpeg\",\"datePublished\":\"2021-07-21T15:04:30+00:00\",\"dateModified\":\"2023-04-22T00:07:12+00:00\",\"description\":\"Freedom par Peter Brooke-Ball - achat d'\u0153uvres d'art contemporain originales sur la galerie d'art en ligne Artistics.\",\"breadcrumb\":{\"@id\":\"https:\\\/\\\/artistics.com\\\/fr\\\/oeuvre\\\/freedom\\\/#breadcrumb\"},\"inLanguage\":\"fr-FR\",\"potentialAction\":[{\"@type\":\"ReadAction\",\"target\":[\"https:\\\/\\\/artistics.com\\\/fr\\\/oeuvre\\\/freedom\\\/\"]}]},{\"@type\":\"ImageObject\",\"inLanguage\":\"fr-FR\",\"@id\":\"https:\\\/\\\/artistics.com\\\/fr\\\/oeuvre\\\/freedom\\\/#primaryimage\",\"url\":\"https:\\\/\\\/artistics.com\\\/wp-content\\\/uploads\\\/2023\\\/04\\\/freedom-stone-sculpture-by-peter-brooke-ball_0_1.jpeg\",\"contentUrl\":\"https:\\\/\\\/artistics.com\\\/wp-content\\\/uploads\\\/2023\\\/04\\\/freedom-stone-sculpture-by-peter-brooke-ball_0_1.jpeg\",\"width\":1800,\"height\":1816},{\"@type\":\"BreadcrumbList\",\"@id\":\"https:\\\/\\\/artistics.com\\\/fr\\\/oeuvre\\\/freedom\\\/#breadcrumb\",\"itemListElement\":[{\"@type\":\"ListItem\",\"position\":1,\"name\":\"Achat \u0153uvre d'art\",\"item\":\"https:\\\/\\\/artistics.com\\\/fr\\\/\"},{\"@type\":\"ListItem\",\"position\":2,\"name\":\"Galerie\",\"item\":\"https:\\\/\\\/artistics.com\\\/fr\\\/galerie\\\/\"},{\"@type\":\"ListItem\",\"position\":3,\"name\":\"Sculpture contemporaine\",\"item\":\"https:\\\/\\\/artistics.com\\\/fr\\\/categorie-oeuvre\\\/sculpture-contemporaine\\\/\"},{\"@type\":\"ListItem\",\"position\":4,\"name\":\"Freedom\"}]},{\"@type\":\"WebSite\",\"@id\":\"https:\\\/\\\/artistics.com\\\/fr\\\/#website\",\"url\":\"https:\\\/\\\/artistics.com\\\/fr\\\/\",\"name\":\"Artistics\",\"description\":\"The online art gallery\",\"publisher\":{\"@id\":\"https:\\\/\\\/artistics.com\\\/fr\\\/#organization\"},\"potentialAction\":[{\"@type\":\"SearchAction\",\"target\":{\"@type\":\"EntryPoint\",\"urlTemplate\":\"https:\\\/\\\/artistics.com\\\/fr\\\/?s={search_term_string}\"},\"query-input\":{\"@type\":\"PropertyValueSpecification\",\"valueRequired\":true,\"valueName\":\"search_term_string\"}}],\"inLanguage\":\"fr-FR\"},{\"@type\":\"Organization\",\"@id\":\"https:\\\/\\\/artistics.com\\\/fr\\\/#organization\",\"name\":\"Artistics\",\"url\":\"https:\\\/\\\/artistics.com\\\/fr\\\/\",\"logo\":{\"@type\":\"ImageObject\",\"inLanguage\":\"fr-FR\",\"@id\":\"https:\\\/\\\/artistics.com\\\/fr\\\/#\\\/schema\\\/logo\\\/image\\\/\",\"url\":\"https:\\\/\\\/artistics.com\\\/wp-content\\\/uploads\\\/2023\\\/02\\\/artistics-logo-web-1.svg\",\"contentUrl\":\"https:\\\/\\\/artistics.com\\\/wp-content\\\/uploads\\\/2023\\\/02\\\/artistics-logo-web-1.svg\",\"caption\":\"Artistics\"},\"image\":{\"@id\":\"https:\\\/\\\/artistics.com\\\/fr\\\/#\\\/schema\\\/logo\\\/image\\\/\"},\"sameAs\":[\"https:\\\/\\\/www.facebook.com\\\/ArtisticsMag\",\"https:\\\/\\\/x.com\\\/Artistics_FR\",\"http:\\\/\\\/www.linkedin.com\\\/company\\\/artistics\",\"https:\\\/\\\/www.instagram.com\\\/artistics_com\\\/\",\"http:\\\/\\\/www.pinterest.com\\\/ArtisticsMag\"],\"hasMerchantReturnPolicy\":{\"@type\":\"MerchantReturnPolicy\",\"merchantReturnLink\":\"https:\\\/\\\/artistics.com\\\/free-return-policy\\\/\"}}]}<\/script>\n<meta property=\"product:price:amount\" content=\"1300\" \/>\n<meta property=\"product:price:currency\" content=\"EUR\" \/>\n<meta property=\"og:availability\" content=\"instock\" \/>\n<meta property=\"product:availability\" content=\"instock\" \/>\n<meta property=\"product:retailer_item_id\" content=\"8302\" \/>\n<meta property=\"product:condition\" content=\"new\" \/>\n<!-- \/ Yoast SEO Premium plugin. -->","yoast_head_json":{"title":"Artistics | Freedom par Peter Brooke-Ball - Sculpture contemporaine","description":"Freedom par Peter Brooke-Ball - achat d'\u0153uvres d'art contemporain originales sur la galerie d'art en ligne Artistics.","robots":{"index":"index","follow":"follow","max-snippet":"max-snippet:-1","max-image-preview":"max-image-preview:large","max-video-preview":"max-video-preview:-1"},"canonical":"https:\/\/artistics.com\/fr\/oeuvre\/freedom\/","og_locale":"fr_FR","og_type":"article","og_title":"Freedom","og_description":"Freedom par Peter Brooke-Ball - achat d'\u0153uvres d'art contemporain originales sur la galerie d'art en ligne Artistics.","og_url":"https:\/\/artistics.com\/fr\/oeuvre\/freedom\/","og_site_name":"Artistics","article_publisher":"https:\/\/www.facebook.com\/ArtisticsMag","article_modified_time":"2023-04-22T00:07:12+00:00","og_image":[{"width":1800,"height":1816,"url":"https:\/\/artistics.com\/wp-content\/uploads\/2023\/04\/freedom-stone-sculpture-by-peter-brooke-ball_0_1.jpeg","type":"image\/jpeg"}],"twitter_card":"summary_large_image","twitter_site":"@Artistics_FR","twitter_misc":{"Prix":"1 300&nbsp;&euro;","Disponibilit\u00e9":"En stock"},"schema":{"@context":"https:\/\/schema.org","@graph":[{"@type":["WebPage","ItemPage"],"@id":"https:\/\/artistics.com\/fr\/oeuvre\/freedom\/","url":"https:\/\/artistics.com\/fr\/oeuvre\/freedom\/","name":"Artistics | Freedom par Peter Brooke-Ball - Sculpture contemporaine","isPartOf":{"@id":"https:\/\/artistics.com\/fr\/#website"},"primaryImageOfPage":{"@id":"https:\/\/artistics.com\/fr\/oeuvre\/freedom\/#primaryimage"},"image":{"@id":"https:\/\/artistics.com\/fr\/oeuvre\/freedom\/#primaryimage"},"thumbnailUrl":"https:\/\/artistics.com\/wp-content\/uploads\/2023\/04\/freedom-stone-sculpture-by-peter-brooke-ball_0_1.jpeg","datePublished":"2021-07-21T15:04:30+00:00","dateModified":"2023-04-22T00:07:12+00:00","description":"Freedom par Peter Brooke-Ball - achat d'\u0153uvres d'art contemporain originales sur la galerie d'art en ligne Artistics.","breadcrumb":{"@id":"https:\/\/artistics.com\/fr\/oeuvre\/freedom\/#breadcrumb"},"inLanguage":"fr-FR","potentialAction":[{"@type":"ReadAction","target":["https:\/\/artistics.com\/fr\/oeuvre\/freedom\/"]}]},{"@type":"ImageObject","inLanguage":"fr-FR","@id":"https:\/\/artistics.com\/fr\/oeuvre\/freedom\/#primaryimage","url":"https:\/\/artistics.com\/wp-content\/uploads\/2023\/04\/freedom-stone-sculpture-by-peter-brooke-ball_0_1.jpeg","contentUrl":"https:\/\/artistics.com\/wp-content\/uploads\/2023\/04\/freedom-stone-sculpture-by-peter-brooke-ball_0_1.jpeg","width":1800,"height":1816},{"@type":"BreadcrumbList","@id":"https:\/\/artistics.com\/fr\/oeuvre\/freedom\/#breadcrumb","itemListElement":[{"@type":"ListItem","position":1,"name":"Achat \u0153uvre d'art","item":"https:\/\/artistics.com\/fr\/"},{"@type":"ListItem","position":2,"name":"Galerie","item":"https:\/\/artistics.com\/fr\/galerie\/"},{"@type":"ListItem","position":3,"name":"Sculpture contemporaine","item":"https:\/\/artistics.com\/fr\/categorie-oeuvre\/sculpture-contemporaine\/"},{"@type":"ListItem","position":4,"name":"Freedom"}]},{"@type":"WebSite","@id":"https:\/\/artistics.com\/fr\/#website","url":"https:\/\/artistics.com\/fr\/","name":"Artistics","description":"The online art gallery","publisher":{"@id":"https:\/\/artistics.com\/fr\/#organization"},"potentialAction":[{"@type":"SearchAction","target":{"@type":"EntryPoint","urlTemplate":"https:\/\/artistics.com\/fr\/?s={search_term_string}"},"query-input":{"@type":"PropertyValueSpecification","valueRequired":true,"valueName":"search_term_string"}}],"inLanguage":"fr-FR"},{"@type":"Organization","@id":"https:\/\/artistics.com\/fr\/#organization","name":"Artistics","url":"https:\/\/artistics.com\/fr\/","logo":{"@type":"ImageObject","inLanguage":"fr-FR","@id":"https:\/\/artistics.com\/fr\/#\/schema\/logo\/image\/","url":"https:\/\/artistics.com\/wp-content\/uploads\/2023\/02\/artistics-logo-web-1.svg","contentUrl":"https:\/\/artistics.com\/wp-content\/uploads\/2023\/02\/artistics-logo-web-1.svg","caption":"Artistics"},"image":{"@id":"https:\/\/artistics.com\/fr\/#\/schema\/logo\/image\/"},"sameAs":["https:\/\/www.facebook.com\/ArtisticsMag","https:\/\/x.com\/Artistics_FR","http:\/\/www.linkedin.com\/company\/artistics","https:\/\/www.instagram.com\/artistics_com\/","http:\/\/www.pinterest.com\/ArtisticsMag"],"hasMerchantReturnPolicy":{"@type":"MerchantReturnPolicy","merchantReturnLink":"https:\/\/artistics.com\/free-return-policy\/"}}]},"product_price_amount":"1300","product_price_currency":"EUR","og_availability":"instock","product_availability":"instock","product_retailer_item_id":"8302","product_condition":"new"},"_links":{"self":[{"href":"https:\/\/artistics.com\/fr\/wp-json\/wp\/v2\/product\/22683","targetHints":{"allow":["GET"]}}],"collection":[{"href":"https:\/\/artistics.com\/fr\/wp-json\/wp\/v2\/product"}],"about":[{"href":"https:\/\/artistics.com\/fr\/wp-json\/wp\/v2\/types\/product"}],"acf:term":[{"embeddable":true,"taxonomy":"series","href":"https:\/\/artistics.com\/fr\/wp-json\/wp\/v2\/series\/1976"},{"embeddable":true,"taxonomy":"product_tag","href":"https:\/\/artistics.com\/fr\/wp-json\/wp\/v2\/product_tag\/343"},{"embeddable":true,"taxonomy":"product_cat","href":"https:\/\/artistics.com\/fr\/wp-json\/wp\/v2\/product_cat\/235"},{"embeddable":true,"taxonomy":"product_cat","href":"https:\/\/artistics.com\/fr\/wp-json\/wp\/v2\/product_cat\/217"},{"embeddable":true,"taxonomy":"product_cat","href":"https:\/\/artistics.com\/fr\/wp-json\/wp\/v2\/product_cat\/189"},{"embeddable":true,"taxonomy":"product_cat","href":"https:\/\/artistics.com\/fr\/wp-json\/wp\/v2\/product_cat\/407"},{"embeddable":true,"taxonomy":"product_cat","href":"https:\/\/artistics.com\/fr\/wp-json\/wp\/v2\/product_cat\/413"},{"embeddable":true,"taxonomy":"product_cat","href":"https:\/\/artistics.com\/fr\/wp-json\/wp\/v2\/product_cat\/2602"},{"embeddable":true,"taxonomy":"product_cat","href":"https:\/\/artistics.com\/fr\/wp-json\/wp\/v2\/product_cat\/2491"},{"embeddable":true,"taxonomy":"product_cat","href":"https:\/\/artistics.com\/fr\/wp-json\/wp\/v2\/product_cat\/338"},{"embeddable":true,"taxonomy":"product_cat","href":"https:\/\/artistics.com\/fr\/wp-json\/wp\/v2\/product_cat\/204"},{"embeddable":true,"taxonomy":"product_cat","href":"https:\/\/artistics.com\/fr\/wp-json\/wp\/v2\/product_cat\/164"}],"acf:post":[{"embeddable":true,"href":"https:\/\/artistics.com\/fr\/wp-json\/wp\/v2\/artist\/2800"}],"wp:featuredmedia":[{"embeddable":true,"href":"https:\/\/artistics.com\/fr\/wp-json\/wp\/v2\/media\/14999"}],"wp:attachment":[{"href":"https:\/\/artistics.com\/fr\/wp-json\/wp\/v2\/media?parent=22683"}],"wp:term":[{"taxonomy":"product_cat","embeddable":true,"href":"https:\/\/artistics.com\/fr\/wp-json\/wp\/v2\/product_cat?post=22683"},{"taxonomy":"product_tag","embeddable":true,"href":"https:\/\/artistics.com\/fr\/wp-json\/wp\/v2\/product_tag?post=22683"},{"taxonomy":"series","embeddable":true,"href":"https:\/\/artistics.com\/fr\/wp-json\/wp\/v2\/series?post=22683"}],"curies":[{"name":"wp","href":"https:\/\/api.w.org\/{rel}","templated":true}]}}