{"id":22648,"date":"2021-06-16T12:49:21","date_gmt":"2021-06-16T10:49:21","guid":{"rendered":"https:\/\/2022.devartistics.com\/artwork\/synthesis-b\/"},"modified":"2023-04-22T02:06:24","modified_gmt":"2023-04-22T00:06:24","slug":"synthesis-b","status":"publish","type":"product","link":"https:\/\/artistics.com\/fr\/oeuvre\/synthesis-b\/","title":{"rendered":"Synthesis B"},"content":{"rendered":"","protected":false},"excerpt":{"rendered":"","protected":false},"featured_media":14690,"template":"","meta":{"_acf_changed":false,"_searchwp_excluded":"","inline_featured_image":false},"product_cat":[189,2336,407,236,215,204,164,426,210,2490,413],"product_tag":[2505,368,545],"series":[2004],"class_list":{"0":"post-22648","1":"product","2":"type-product","3":"status-publish","4":"has-post-thumbnail","6":"product_cat-art-abstrait","7":"product_cat-art-et-design","8":"product_cat-art-minimaliste","9":"product_cat-de-3000-a-10-000-e","10":"product_cat-grand","11":"product_cat-sculpture-abstraite","12":"product_cat-sculpture-contemporaine","13":"product_cat-sculpture-en-resine","14":"product_cat-sculpture-geometrique","15":"product_cat-sculpture-lumineuse","16":"product_cat-sculpture-minimaliste","17":"product_tag-oeuvres-dart-verticales","18":"product_tag-sculpture-grand-format","19":"product_tag-technique-mixte","20":"series-tom-price-synthesis-fr","22":"first","23":"instock","24":"taxable","25":"shipping-taxable","26":"purchasable","27":"product-type-simple"},"acf":{"artwork_artist":[2798],"artwork_medium":164,"artwork_categories":[426,413,210,204,2490],"artwork_overall-tones":[],"artwork_main-material":[426],"artwork_art-genre":[2336],"artwork_art-movement":[413,407,189],"artwork_miscellaneous":[],"artwork_formats":[215],"artwork_price-ranges":[236],"artwork_main_subject":[],"artwork_technique":[545],"artwork_featured_location":[],"artwork_dominant_color":[],"artwork_physical_attributes":[368,2505,368],"artwork_creation_date":null,"artwork_unique_piece":true,"artwork_description":"R\u00e9sine, goudron, acier, acrylique, LED","artwork_signature":"Signed artwork","artwork_authenticity":"The artwork is sold with a certificate of authenticity signed by the artist.","artwork_framing":"not_specified","artwork_has_custom_framing_info":false,"artwork_custom_framing_info":"Not specified","artwork_location_country":"ES","artwork_location_city":"Manacor","artwork_location_zipcode":"07509","artwork_shipment_type":"3D_artwork","artwork_shipping_delivery":"sculpture_commissioned_production_time","artwork_has_custom_shipping_delivery_info":false,"artwork_custom_shipping_delivery_info":"Not specified","artwork_360_view_url":"","artwork_video_url":"","artwork_video_format":[],"artwork_preview_type":"featured_image","artwork_reserved":false,"artwork_hide_price":false,"artwork_about":"<p ><span ><em ><span >Synthesis B<\/span><\/em>\u00a0est une \u0153uvre de l\u2019artiste anglais Tom Price.\u00a0Cette \u0153uvre est disponible sur commande et sera r\u00e9alis\u00e9e sur le m\u00eame mod\u00e8le et dans les m\u00eames conditions que celle pr\u00e9sent\u00e9e sur les photos. Le processus de cr\u00e9ation garantie l\u2019unicit\u00e9 de chaque pi\u00e8ce.\u00a0<\/span><\/p><p ><span >La d\u00e9marche artistique de Tom Price s\u2019articule autour des mat\u00e9riaux et elle est notamment guid\u00e9e par des processus cr\u00e9atifs innovants et exp\u00e9rimentaux. L\u2019artiste d\u00e9crit son travail comme \u00ab\u00a0<em >un travail en collaboration avec les mat\u00e9riaux, les processus et les ph\u00e9nom\u00e8nes, dont le r\u00e9sultat physique final est le produit d\u2019un accord mutuel<\/em>\u00a0\u00bb.\u00a0<\/span><\/p><p ><span >Dans la s\u00e9rie Synthesis, Tom Price force la cohabitation dans le m\u00eame espace de la r\u00e9sine et du goudron, exp\u00e9rimentant avec les r\u00e9actions chimiques caus\u00e9es par le r\u00e9chauffement des mat\u00e9riaux et le processus de catalyse. Les fragments de goudron ins\u00e9r\u00e9s dans les blocs de r\u00e9sine s\u2019\u00e9largissent dans cette derni\u00e8re d\u00e9veloppant des fissures, des vides et des craquelures, et modifiant donc son aspect original, sa couleur, ses caract\u00e9ristiques. Un nouvel \u00e9l\u00e9ment qui est la synth\u00e8se des deux est maintenant cr\u00e9e.\u00a0 \u00a0<\/span><\/p><p ><span >Bien que le processus de cr\u00e9ation soit induit et manipul\u00e9 par l\u2019artiste, les r\u00e9actions chimiques ne sont pas totalement contr\u00f4lables et le r\u00e9sultat final, \u00e0 chaque fois unique, d\u00e9passe les limites de son imagination. Les \u0153uvres de la s\u00e9rie Synthesis sont des pi\u00e8ces \u00e0 la beaut\u00e9 surprenante, intrigante et myst\u00e9rieuse, qui attirent l\u2019observateur dans l\u2019admiration des d\u00e9tails des formes, des subtiles nuances des couleurs, des reflets changeants de la lumi\u00e8re.\u00a0Ce puissant impact visuel est accentu\u00e9 dans certaines \u0153uvres, comme celle-ci, par une illumination LED s\u00e9par\u00e9e (via c\u00e2ble).\u00a0<\/span><\/p><p ><span ><span >L'\u0153uvre d'art est \u00e9clair\u00e9e par un ruban lumineux \u00e0 LED (la dur\u00e9e de vie est g\u00e9n\u00e9ralement d'environ 50 000 heures). L'acc\u00e8s \u00e0 l'\u00e9clairage se fait en desserrant les vis sans t\u00eate du bo\u00eetier et en soulevant la barre de r\u00e9sine. Les lumi\u00e8res sont mont\u00e9es sur un plateau, qui est maintenu en place avec des aimants et peut \u00eatre facilement retir\u00e9 pour changer le ruban LED. La sculpture peut \u00eatre livr\u00e9e avec le c\u00e2ble sortant \u00e0 l'arri\u00e8re du caisson (pour \u00eatre pass\u00e9 \u00e0 travers ou ench\u00e2ss\u00e9 dans un mur), ou \u00e0 la base si le c\u00e2ble sera laiss\u00e9 apparent (dans ce cas il sera livr\u00e9 recouvert d\u2019un tissu). L'adaptateur enfichable a des t\u00eates interchangeables et convient pour une utilisation en Europe, en Asie, au Royaume-Uni et aux \u00c9tats-Unis. La signature de l'artiste est \u00e0 l'int\u00e9rieur du bo\u00eetier en acier.\u00a0<\/span><\/span><\/p><p ><span ><span >Tout en gardant son unicit\u00e9, cette \u0153uvre peut \u00eatre combin\u00e9e avec d\u2019autres similaires pour cr\u00e9er des installations lumineuses, \u00e0 mi-chemin entre l\u2019art et le design.\u00a0<\/span><\/span><span ><span >Les dimensions et les prix se r\u00e9f\u00e8rent \u00e0 une seule pi\u00e8ce, le prix pour trois pi\u00e8ces est 22200 \u20ac.\u00a0<\/span><\/span><\/p>","artwork_series":[2004],"artwork_query_group":"10","artwork_lowest_grid_position":1,"artwork_random_position":70382,"explicit_sensitive_content":false,"drupal_id":"8200"},"yoast_head":"<!-- This site is optimized with the Yoast SEO Premium plugin v27.3 (Yoast SEO v27.3) - https:\/\/yoast.com\/product\/yoast-seo-premium-wordpress\/ -->\n<title>Artistics | Synthesis B par Tom Price - Sculpture contemporaine<\/title>\n<meta name=\"description\" content=\"Synthesis B par Tom Price - achat d&#039;\u0153uvres d&#039;art contemporain originales sur la galerie d&#039;art en ligne Artistics.\" \/>\n<meta name=\"robots\" content=\"index, follow, max-snippet:-1, max-image-preview:large, max-video-preview:-1\" \/>\n<link rel=\"canonical\" href=\"https:\/\/artistics.com\/fr\/oeuvre\/synthesis-b\/\" \/>\n<meta property=\"og:locale\" content=\"fr_FR\" \/>\n<meta property=\"og:type\" content=\"article\" \/>\n<meta property=\"og:title\" content=\"Synthesis B\" \/>\n<meta property=\"og:description\" content=\"Synthesis B par Tom Price - achat d&#039;\u0153uvres d&#039;art contemporain originales sur la galerie d&#039;art en ligne Artistics.\" \/>\n<meta property=\"og:url\" content=\"https:\/\/artistics.com\/fr\/oeuvre\/synthesis-b\/\" \/>\n<meta property=\"og:site_name\" content=\"Artistics\" \/>\n<meta property=\"article:publisher\" content=\"https:\/\/www.facebook.com\/ArtisticsMag\" \/>\n<meta property=\"article:modified_time\" content=\"2023-04-22T00:06:24+00:00\" \/>\n<meta property=\"og:image\" content=\"https:\/\/artistics.com\/wp-content\/uploads\/2023\/04\/synthesis-b-resin-sculpture-by-tom-price-photo-jaroslav-moravec-10_1_1.jpg\" \/>\n\t<meta property=\"og:image:width\" content=\"731\" \/>\n\t<meta property=\"og:image:height\" content=\"1722\" \/>\n\t<meta property=\"og:image:type\" content=\"image\/jpeg\" \/>\n<meta name=\"twitter:card\" content=\"summary_large_image\" \/>\n<meta name=\"twitter:site\" content=\"@Artistics_FR\" \/>\n<meta name=\"twitter:label1\" content=\"Prix\" \/>\n\t<meta name=\"twitter:data1\" content=\"9 000&nbsp;&euro;\" \/>\n\t<meta name=\"twitter:label2\" content=\"Disponibilit\u00e9\" \/>\n\t<meta name=\"twitter:data2\" content=\"En stock\" \/>\n<script type=\"application\/ld+json\" class=\"yoast-schema-graph\">{\"@context\":\"https:\\\/\\\/schema.org\",\"@graph\":[{\"@type\":[\"WebPage\",\"ItemPage\"],\"@id\":\"https:\\\/\\\/artistics.com\\\/fr\\\/oeuvre\\\/synthesis-b\\\/\",\"url\":\"https:\\\/\\\/artistics.com\\\/fr\\\/oeuvre\\\/synthesis-b\\\/\",\"name\":\"Artistics | Synthesis B par Tom Price - Sculpture contemporaine\",\"isPartOf\":{\"@id\":\"https:\\\/\\\/artistics.com\\\/fr\\\/#website\"},\"primaryImageOfPage\":{\"@id\":\"https:\\\/\\\/artistics.com\\\/fr\\\/oeuvre\\\/synthesis-b\\\/#primaryimage\"},\"image\":{\"@id\":\"https:\\\/\\\/artistics.com\\\/fr\\\/oeuvre\\\/synthesis-b\\\/#primaryimage\"},\"thumbnailUrl\":\"https:\\\/\\\/artistics.com\\\/wp-content\\\/uploads\\\/2023\\\/04\\\/synthesis-b-resin-sculpture-by-tom-price-photo-jaroslav-moravec-10_1_1.jpg\",\"datePublished\":\"2021-06-16T10:49:21+00:00\",\"dateModified\":\"2023-04-22T00:06:24+00:00\",\"description\":\"Synthesis B par Tom Price - achat d'\u0153uvres d'art contemporain originales sur la galerie d'art en ligne Artistics.\",\"breadcrumb\":{\"@id\":\"https:\\\/\\\/artistics.com\\\/fr\\\/oeuvre\\\/synthesis-b\\\/#breadcrumb\"},\"inLanguage\":\"fr-FR\",\"potentialAction\":[{\"@type\":\"ReadAction\",\"target\":[\"https:\\\/\\\/artistics.com\\\/fr\\\/oeuvre\\\/synthesis-b\\\/\"]}]},{\"@type\":\"ImageObject\",\"inLanguage\":\"fr-FR\",\"@id\":\"https:\\\/\\\/artistics.com\\\/fr\\\/oeuvre\\\/synthesis-b\\\/#primaryimage\",\"url\":\"https:\\\/\\\/artistics.com\\\/wp-content\\\/uploads\\\/2023\\\/04\\\/synthesis-b-resin-sculpture-by-tom-price-photo-jaroslav-moravec-10_1_1.jpg\",\"contentUrl\":\"https:\\\/\\\/artistics.com\\\/wp-content\\\/uploads\\\/2023\\\/04\\\/synthesis-b-resin-sculpture-by-tom-price-photo-jaroslav-moravec-10_1_1.jpg\",\"width\":731,\"height\":1722,\"caption\":\"Synthesis B : sculpture lumineuse de l'artiste britannique Tom Price, cr\u00e9\u00e9e en injectant du goudron dans un bloc de r\u00e9sine.\"},{\"@type\":\"BreadcrumbList\",\"@id\":\"https:\\\/\\\/artistics.com\\\/fr\\\/oeuvre\\\/synthesis-b\\\/#breadcrumb\",\"itemListElement\":[{\"@type\":\"ListItem\",\"position\":1,\"name\":\"Achat \u0153uvre d'art\",\"item\":\"https:\\\/\\\/artistics.com\\\/fr\\\/\"},{\"@type\":\"ListItem\",\"position\":2,\"name\":\"Galerie\",\"item\":\"https:\\\/\\\/artistics.com\\\/fr\\\/galerie\\\/\"},{\"@type\":\"ListItem\",\"position\":3,\"name\":\"Sculpture contemporaine\",\"item\":\"https:\\\/\\\/artistics.com\\\/fr\\\/categorie-oeuvre\\\/sculpture-contemporaine\\\/\"},{\"@type\":\"ListItem\",\"position\":4,\"name\":\"Synthesis B\"}]},{\"@type\":\"WebSite\",\"@id\":\"https:\\\/\\\/artistics.com\\\/fr\\\/#website\",\"url\":\"https:\\\/\\\/artistics.com\\\/fr\\\/\",\"name\":\"Artistics\",\"description\":\"The online art gallery\",\"publisher\":{\"@id\":\"https:\\\/\\\/artistics.com\\\/fr\\\/#organization\"},\"potentialAction\":[{\"@type\":\"SearchAction\",\"target\":{\"@type\":\"EntryPoint\",\"urlTemplate\":\"https:\\\/\\\/artistics.com\\\/fr\\\/?s={search_term_string}\"},\"query-input\":{\"@type\":\"PropertyValueSpecification\",\"valueRequired\":true,\"valueName\":\"search_term_string\"}}],\"inLanguage\":\"fr-FR\"},{\"@type\":\"Organization\",\"@id\":\"https:\\\/\\\/artistics.com\\\/fr\\\/#organization\",\"name\":\"Artistics\",\"url\":\"https:\\\/\\\/artistics.com\\\/fr\\\/\",\"logo\":{\"@type\":\"ImageObject\",\"inLanguage\":\"fr-FR\",\"@id\":\"https:\\\/\\\/artistics.com\\\/fr\\\/#\\\/schema\\\/logo\\\/image\\\/\",\"url\":\"https:\\\/\\\/artistics.com\\\/wp-content\\\/uploads\\\/2023\\\/02\\\/artistics-logo-web-1.svg\",\"contentUrl\":\"https:\\\/\\\/artistics.com\\\/wp-content\\\/uploads\\\/2023\\\/02\\\/artistics-logo-web-1.svg\",\"caption\":\"Artistics\"},\"image\":{\"@id\":\"https:\\\/\\\/artistics.com\\\/fr\\\/#\\\/schema\\\/logo\\\/image\\\/\"},\"sameAs\":[\"https:\\\/\\\/www.facebook.com\\\/ArtisticsMag\",\"https:\\\/\\\/x.com\\\/Artistics_FR\",\"http:\\\/\\\/www.linkedin.com\\\/company\\\/artistics\",\"https:\\\/\\\/www.instagram.com\\\/artistics_com\\\/\",\"http:\\\/\\\/www.pinterest.com\\\/ArtisticsMag\"],\"hasMerchantReturnPolicy\":{\"@type\":\"MerchantReturnPolicy\",\"merchantReturnLink\":\"https:\\\/\\\/artistics.com\\\/free-return-policy\\\/\"}}]}<\/script>\n<meta property=\"product:price:amount\" content=\"9000\" \/>\n<meta property=\"product:price:currency\" content=\"EUR\" \/>\n<meta property=\"og:availability\" content=\"instock\" \/>\n<meta property=\"product:availability\" content=\"instock\" \/>\n<meta property=\"product:retailer_item_id\" content=\"8201\" \/>\n<meta property=\"product:condition\" content=\"new\" \/>\n<!-- \/ Yoast SEO Premium plugin. -->","yoast_head_json":{"title":"Artistics | Synthesis B par Tom Price - Sculpture contemporaine","description":"Synthesis B par Tom Price - achat d'\u0153uvres d'art contemporain originales sur la galerie d'art en ligne Artistics.","robots":{"index":"index","follow":"follow","max-snippet":"max-snippet:-1","max-image-preview":"max-image-preview:large","max-video-preview":"max-video-preview:-1"},"canonical":"https:\/\/artistics.com\/fr\/oeuvre\/synthesis-b\/","og_locale":"fr_FR","og_type":"article","og_title":"Synthesis B","og_description":"Synthesis B par Tom Price - achat d'\u0153uvres d'art contemporain originales sur la galerie d'art en ligne Artistics.","og_url":"https:\/\/artistics.com\/fr\/oeuvre\/synthesis-b\/","og_site_name":"Artistics","article_publisher":"https:\/\/www.facebook.com\/ArtisticsMag","article_modified_time":"2023-04-22T00:06:24+00:00","og_image":[{"width":731,"height":1722,"url":"https:\/\/artistics.com\/wp-content\/uploads\/2023\/04\/synthesis-b-resin-sculpture-by-tom-price-photo-jaroslav-moravec-10_1_1.jpg","type":"image\/jpeg"}],"twitter_card":"summary_large_image","twitter_site":"@Artistics_FR","twitter_misc":{"Prix":"9 000&nbsp;&euro;","Disponibilit\u00e9":"En stock"},"schema":{"@context":"https:\/\/schema.org","@graph":[{"@type":["WebPage","ItemPage"],"@id":"https:\/\/artistics.com\/fr\/oeuvre\/synthesis-b\/","url":"https:\/\/artistics.com\/fr\/oeuvre\/synthesis-b\/","name":"Artistics | Synthesis B par Tom Price - Sculpture contemporaine","isPartOf":{"@id":"https:\/\/artistics.com\/fr\/#website"},"primaryImageOfPage":{"@id":"https:\/\/artistics.com\/fr\/oeuvre\/synthesis-b\/#primaryimage"},"image":{"@id":"https:\/\/artistics.com\/fr\/oeuvre\/synthesis-b\/#primaryimage"},"thumbnailUrl":"https:\/\/artistics.com\/wp-content\/uploads\/2023\/04\/synthesis-b-resin-sculpture-by-tom-price-photo-jaroslav-moravec-10_1_1.jpg","datePublished":"2021-06-16T10:49:21+00:00","dateModified":"2023-04-22T00:06:24+00:00","description":"Synthesis B par Tom Price - achat d'\u0153uvres d'art contemporain originales sur la galerie d'art en ligne Artistics.","breadcrumb":{"@id":"https:\/\/artistics.com\/fr\/oeuvre\/synthesis-b\/#breadcrumb"},"inLanguage":"fr-FR","potentialAction":[{"@type":"ReadAction","target":["https:\/\/artistics.com\/fr\/oeuvre\/synthesis-b\/"]}]},{"@type":"ImageObject","inLanguage":"fr-FR","@id":"https:\/\/artistics.com\/fr\/oeuvre\/synthesis-b\/#primaryimage","url":"https:\/\/artistics.com\/wp-content\/uploads\/2023\/04\/synthesis-b-resin-sculpture-by-tom-price-photo-jaroslav-moravec-10_1_1.jpg","contentUrl":"https:\/\/artistics.com\/wp-content\/uploads\/2023\/04\/synthesis-b-resin-sculpture-by-tom-price-photo-jaroslav-moravec-10_1_1.jpg","width":731,"height":1722,"caption":"Synthesis B : sculpture lumineuse de l'artiste britannique Tom Price, cr\u00e9\u00e9e en injectant du goudron dans un bloc de r\u00e9sine."},{"@type":"BreadcrumbList","@id":"https:\/\/artistics.com\/fr\/oeuvre\/synthesis-b\/#breadcrumb","itemListElement":[{"@type":"ListItem","position":1,"name":"Achat \u0153uvre d'art","item":"https:\/\/artistics.com\/fr\/"},{"@type":"ListItem","position":2,"name":"Galerie","item":"https:\/\/artistics.com\/fr\/galerie\/"},{"@type":"ListItem","position":3,"name":"Sculpture contemporaine","item":"https:\/\/artistics.com\/fr\/categorie-oeuvre\/sculpture-contemporaine\/"},{"@type":"ListItem","position":4,"name":"Synthesis B"}]},{"@type":"WebSite","@id":"https:\/\/artistics.com\/fr\/#website","url":"https:\/\/artistics.com\/fr\/","name":"Artistics","description":"The online art gallery","publisher":{"@id":"https:\/\/artistics.com\/fr\/#organization"},"potentialAction":[{"@type":"SearchAction","target":{"@type":"EntryPoint","urlTemplate":"https:\/\/artistics.com\/fr\/?s={search_term_string}"},"query-input":{"@type":"PropertyValueSpecification","valueRequired":true,"valueName":"search_term_string"}}],"inLanguage":"fr-FR"},{"@type":"Organization","@id":"https:\/\/artistics.com\/fr\/#organization","name":"Artistics","url":"https:\/\/artistics.com\/fr\/","logo":{"@type":"ImageObject","inLanguage":"fr-FR","@id":"https:\/\/artistics.com\/fr\/#\/schema\/logo\/image\/","url":"https:\/\/artistics.com\/wp-content\/uploads\/2023\/02\/artistics-logo-web-1.svg","contentUrl":"https:\/\/artistics.com\/wp-content\/uploads\/2023\/02\/artistics-logo-web-1.svg","caption":"Artistics"},"image":{"@id":"https:\/\/artistics.com\/fr\/#\/schema\/logo\/image\/"},"sameAs":["https:\/\/www.facebook.com\/ArtisticsMag","https:\/\/x.com\/Artistics_FR","http:\/\/www.linkedin.com\/company\/artistics","https:\/\/www.instagram.com\/artistics_com\/","http:\/\/www.pinterest.com\/ArtisticsMag"],"hasMerchantReturnPolicy":{"@type":"MerchantReturnPolicy","merchantReturnLink":"https:\/\/artistics.com\/free-return-policy\/"}}]},"product_price_amount":"9000","product_price_currency":"EUR","og_availability":"instock","product_availability":"instock","product_retailer_item_id":"8201","product_condition":"new"},"_links":{"self":[{"href":"https:\/\/artistics.com\/fr\/wp-json\/wp\/v2\/product\/22648","targetHints":{"allow":["GET"]}}],"collection":[{"href":"https:\/\/artistics.com\/fr\/wp-json\/wp\/v2\/product"}],"about":[{"href":"https:\/\/artistics.com\/fr\/wp-json\/wp\/v2\/types\/product"}],"acf:term":[{"embeddable":true,"taxonomy":"series","href":"https:\/\/artistics.com\/fr\/wp-json\/wp\/v2\/series\/2004"},{"embeddable":true,"taxonomy":"product_tag","href":"https:\/\/artistics.com\/fr\/wp-json\/wp\/v2\/product_tag\/2505"},{"embeddable":true,"taxonomy":"product_tag","href":"https:\/\/artistics.com\/fr\/wp-json\/wp\/v2\/product_tag\/368"},{"embeddable":true,"taxonomy":"product_tag","href":"https:\/\/artistics.com\/fr\/wp-json\/wp\/v2\/product_tag\/545"},{"embeddable":true,"taxonomy":"product_cat","href":"https:\/\/artistics.com\/fr\/wp-json\/wp\/v2\/product_cat\/236"},{"embeddable":true,"taxonomy":"product_cat","href":"https:\/\/artistics.com\/fr\/wp-json\/wp\/v2\/product_cat\/215"},{"embeddable":true,"taxonomy":"product_cat","href":"https:\/\/artistics.com\/fr\/wp-json\/wp\/v2\/product_cat\/189"},{"embeddable":true,"taxonomy":"product_cat","href":"https:\/\/artistics.com\/fr\/wp-json\/wp\/v2\/product_cat\/407"},{"embeddable":true,"taxonomy":"product_cat","href":"https:\/\/artistics.com\/fr\/wp-json\/wp\/v2\/product_cat\/2336"},{"embeddable":true,"taxonomy":"product_cat","href":"https:\/\/artistics.com\/fr\/wp-json\/wp\/v2\/product_cat\/2490"},{"embeddable":true,"taxonomy":"product_cat","href":"https:\/\/artistics.com\/fr\/wp-json\/wp\/v2\/product_cat\/204"},{"embeddable":true,"taxonomy":"product_cat","href":"https:\/\/artistics.com\/fr\/wp-json\/wp\/v2\/product_cat\/210"},{"embeddable":true,"taxonomy":"product_cat","href":"https:\/\/artistics.com\/fr\/wp-json\/wp\/v2\/product_cat\/413"},{"embeddable":true,"taxonomy":"product_cat","href":"https:\/\/artistics.com\/fr\/wp-json\/wp\/v2\/product_cat\/426"},{"embeddable":true,"taxonomy":"product_cat","href":"https:\/\/artistics.com\/fr\/wp-json\/wp\/v2\/product_cat\/164"}],"acf:post":[{"embeddable":true,"href":"https:\/\/artistics.com\/fr\/wp-json\/wp\/v2\/artist\/2798"}],"wp:featuredmedia":[{"embeddable":true,"href":"https:\/\/artistics.com\/fr\/wp-json\/wp\/v2\/media\/14690"}],"wp:attachment":[{"href":"https:\/\/artistics.com\/fr\/wp-json\/wp\/v2\/media?parent=22648"}],"wp:term":[{"taxonomy":"product_cat","embeddable":true,"href":"https:\/\/artistics.com\/fr\/wp-json\/wp\/v2\/product_cat?post=22648"},{"taxonomy":"product_tag","embeddable":true,"href":"https:\/\/artistics.com\/fr\/wp-json\/wp\/v2\/product_tag?post=22648"},{"taxonomy":"series","embeddable":true,"href":"https:\/\/artistics.com\/fr\/wp-json\/wp\/v2\/series?post=22648"}],"curies":[{"name":"wp","href":"https:\/\/api.w.org\/{rel}","templated":true}]}}