{"id":22629,"date":"2021-06-10T18:23:14","date_gmt":"2021-06-10T16:23:14","guid":{"rendered":"https:\/\/2022.devartistics.com\/artwork\/carbon-m-bench\/"},"modified":"2024-03-21T10:54:58","modified_gmt":"2024-03-21T09:54:58","slug":"carbon-m-horizontal","status":"publish","type":"product","link":"https:\/\/artistics.com\/fr\/oeuvre\/carbon-m-horizontal\/","title":{"rendered":"Carbon M (horizontal)"},"content":{"rendered":"","protected":false},"excerpt":{"rendered":"","protected":false},"featured_media":14513,"template":"","meta":{"_acf_changed":false,"_searchwp_excluded":"","inline_featured_image":false},"product_cat":[189,407,193,215,238,204,164,210,413],"product_tag":[567,368,545],"series":[2003],"class_list":{"0":"post-22629","1":"product","2":"type-product","3":"status-publish","4":"has-post-thumbnail","6":"product_cat-art-abstrait","7":"product_cat-art-minimaliste","8":"product_cat-geometrique","9":"product_cat-grand","10":"product_cat-plus-de-10-000-e","11":"product_cat-sculpture-abstraite","12":"product_cat-sculpture-contemporaine","13":"product_cat-sculpture-geometrique","14":"product_cat-sculpture-minimaliste","15":"product_tag-noir","16":"product_tag-sculpture-grand-format","17":"product_tag-technique-mixte","18":"series-tom-price-carbon-fr","20":"first","21":"instock","22":"taxable","23":"shipping-taxable","24":"purchasable","25":"product-type-simple"},"acf":{"artwork_artist":[2798],"artwork_medium":164,"artwork_categories":[210,204],"artwork_overall-tones":[],"artwork_main-material":[],"artwork_art-genre":[],"artwork_art-movement":[407,413,189],"artwork_miscellaneous":[193],"artwork_formats":[215],"artwork_price-ranges":[238],"artwork_main_subject":[],"artwork_technique":[545],"artwork_featured_location":[],"artwork_dominant_color":[567],"artwork_physical_attributes":[368,368],"artwork_creation_date":null,"artwork_unique_piece":true,"artwork_description":"Charbon, Jesmonite, bois, acier","artwork_signature":"\u0152uvre sign\u00e9e","artwork_authenticity":"L\u2019\u0153uvre est vendue avec un certificat d\u2019authenticit\u00e9 sign\u00e9 par l\u2019artiste.","artwork_framing":"not_specified","artwork_has_custom_framing_info":false,"artwork_custom_framing_info":"Not specified","artwork_location_country":"ES","artwork_location_city":"Manacor","artwork_location_zipcode":"07509","artwork_shipment_type":"3D_artwork","artwork_shipping_delivery":"sculpture_commissioned_production_time","artwork_has_custom_shipping_delivery_info":false,"artwork_custom_shipping_delivery_info":"Not specified","artwork_360_view_url":"","artwork_video_url":"","artwork_video_format":[],"artwork_preview_type":"featured_image","artwork_reserved":false,"artwork_hide_price":false,"artwork_about":"<strong><em>Carbon M (horizontal)<\/em><\/strong> est une \u0153uvre de l\u2019artiste anglais Tom Price.\u00a0Cette \u0153uvre est disponible sur commande et sera r\u00e9alis\u00e9e sur le m\u00eame mod\u00e8le et dans les m\u00eames conditions que celle pr\u00e9sent\u00e9e sur les photos. Le processus de cr\u00e9ation garantie l\u2019unicit\u00e9 de chaque pi\u00e8ce.\r\n\r\nLa d\u00e9marche artistique de Tom Price s\u2019articule autour des mat\u00e9riaux et elle est notamment guid\u00e9e par des processus cr\u00e9atifs innovants et exp\u00e9rimentaux. L\u2019artiste d\u00e9crit son travail comme \u00ab <em>un travail en collaboration avec les mat\u00e9riaux, les processus et les ph\u00e9nom\u00e8nes, dont le r\u00e9sultat physique final est le produit d\u2019un accord mutuel<\/em> \u00bb.\r\n\r\nUn des mat\u00e9riaux privil\u00e9gi\u00e9s par l\u2019artiste est le charbon. L\u2019artiste appr\u00e9cie ses caract\u00e9ristiques esth\u00e9tiques, notamment sa noirceur et son opacit\u00e9, ainsi que celles intrins\u00e8ques et fonctionnelles : le charbon est en effet une des formes les plus pures du carbone, l'\u00e9l\u00e9ment de base de toutes les formes de vie connues, ainsi qu\u2019une source tr\u00e8s importante de l\u2019\u00e9nergie utilis\u00e9e par l\u2019homme. Gr\u00e2ce \u00e0 un apprentissage guid\u00e9 par l\u2019exp\u00e9rimentation, Tom Price a d\u00e9velopp\u00e9 une grande ma\u00eetrise dans le travail de cet \u00e9l\u00e9ment, et il r\u00e9alise avec ceci des \u0153uvres extr\u00eamement vari\u00e9es.\r\n\r\nCarbon Bench fait partie des \u0153uvres \u2018hybrides\u2019 de Tom Price qui se situent \u00e0 mi-chemin entre l\u2019art et le design : la pi\u00e8ce peut \u00eatre vue exclusivement comme une sculpture mais peut \u00e9galement servir comme banc. Ici, le charbon opaque et sombre est le protagoniste absolu ; l\u2019observateur peut en admirer la texture, les craquelures, les diff\u00e9rences de tonalit\u00e9. Dans les \u0153uvres <a href=\"https:\/\/artistics.com\/fr\/oeuvre\/counterpart\/\">Counterpart<\/a> et <a href=\"https:\/\/artistics.com\/fr\/oeuvre\/counterpart-ii\/\">Counterpart II<\/a>, ce mat\u00e9riau est mis en relation et en opposition avec la r\u00e9sine, crystalline et translucide.\r\n\r\nLes dimensions incluent la base de la sculpture.\r\n\r\nPhotos :\u00a0Jaroslav Moravec","artwork_series":[2003],"artwork_query_group":"10","artwork_lowest_grid_position":1,"artwork_random_position":974114,"explicit_sensitive_content":false,"drupal_id":"8147"},"yoast_head":"<!-- This site is optimized with the Yoast SEO Premium plugin v27.3 (Yoast SEO v27.3) - https:\/\/yoast.com\/product\/yoast-seo-premium-wordpress\/ -->\n<title>Artistics | Carbon M (horizontal) par Tom Price - Sculpture contemporaine<\/title>\n<meta name=\"description\" content=\"Carbon M (horizontal) par Tom Price - achat d&#039;\u0153uvres d&#039;art contemporain originales sur la galerie d&#039;art en ligne Artistics.\" \/>\n<meta name=\"robots\" content=\"index, follow, max-snippet:-1, max-image-preview:large, max-video-preview:-1\" \/>\n<link rel=\"canonical\" href=\"https:\/\/artistics.com\/fr\/oeuvre\/carbon-m-horizontal\/\" \/>\n<meta property=\"og:locale\" content=\"fr_FR\" \/>\n<meta property=\"og:type\" content=\"article\" \/>\n<meta property=\"og:title\" content=\"Carbon M (horizontal)\" \/>\n<meta property=\"og:description\" content=\"Carbon M (horizontal) par Tom Price - achat d&#039;\u0153uvres d&#039;art contemporain originales sur la galerie d&#039;art en ligne Artistics.\" \/>\n<meta property=\"og:url\" content=\"https:\/\/artistics.com\/fr\/oeuvre\/carbon-m-horizontal\/\" \/>\n<meta property=\"og:site_name\" content=\"Artistics\" \/>\n<meta property=\"article:publisher\" content=\"https:\/\/www.facebook.com\/ArtisticsMag\" \/>\n<meta property=\"article:modified_time\" content=\"2024-03-21T09:54:58+00:00\" \/>\n<meta property=\"og:image\" content=\"https:\/\/artistics.com\/wp-content\/uploads\/2023\/04\/coal-bench-coal-sculpture-by-tom-price-photo-jaroslav-moravec_1.jpg\" \/>\n\t<meta property=\"og:image:width\" content=\"1728\" \/>\n\t<meta property=\"og:image:height\" content=\"1152\" \/>\n\t<meta property=\"og:image:type\" content=\"image\/jpeg\" \/>\n<meta name=\"twitter:card\" content=\"summary_large_image\" \/>\n<meta name=\"twitter:site\" content=\"@Artistics_FR\" \/>\n<meta name=\"twitter:label1\" content=\"Prix\" \/>\n\t<meta name=\"twitter:data1\" content=\"15 500&nbsp;&euro;\" \/>\n\t<meta name=\"twitter:label2\" content=\"Disponibilit\u00e9\" \/>\n\t<meta name=\"twitter:data2\" content=\"En stock\" \/>\n<script type=\"application\/ld+json\" class=\"yoast-schema-graph\">{\"@context\":\"https:\\\/\\\/schema.org\",\"@graph\":[{\"@type\":[\"WebPage\",\"ItemPage\"],\"@id\":\"https:\\\/\\\/artistics.com\\\/fr\\\/oeuvre\\\/carbon-m-horizontal\\\/\",\"url\":\"https:\\\/\\\/artistics.com\\\/fr\\\/oeuvre\\\/carbon-m-horizontal\\\/\",\"name\":\"Artistics | Carbon M (horizontal) par Tom Price - Sculpture contemporaine\",\"isPartOf\":{\"@id\":\"https:\\\/\\\/artistics.com\\\/fr\\\/#website\"},\"primaryImageOfPage\":{\"@id\":\"https:\\\/\\\/artistics.com\\\/fr\\\/oeuvre\\\/carbon-m-horizontal\\\/#primaryimage\"},\"image\":{\"@id\":\"https:\\\/\\\/artistics.com\\\/fr\\\/oeuvre\\\/carbon-m-horizontal\\\/#primaryimage\"},\"thumbnailUrl\":\"https:\\\/\\\/artistics.com\\\/wp-content\\\/uploads\\\/2023\\\/04\\\/coal-bench-coal-sculpture-by-tom-price-photo-jaroslav-moravec_1.jpg\",\"datePublished\":\"2021-06-10T16:23:14+00:00\",\"dateModified\":\"2024-03-21T09:54:58+00:00\",\"description\":\"Carbon M (horizontal) par Tom Price - achat d'\u0153uvres d'art contemporain originales sur la galerie d'art en ligne Artistics.\",\"breadcrumb\":{\"@id\":\"https:\\\/\\\/artistics.com\\\/fr\\\/oeuvre\\\/carbon-m-horizontal\\\/#breadcrumb\"},\"inLanguage\":\"fr-FR\",\"potentialAction\":[{\"@type\":\"ReadAction\",\"target\":[\"https:\\\/\\\/artistics.com\\\/fr\\\/oeuvre\\\/carbon-m-horizontal\\\/\"]}]},{\"@type\":\"ImageObject\",\"inLanguage\":\"fr-FR\",\"@id\":\"https:\\\/\\\/artistics.com\\\/fr\\\/oeuvre\\\/carbon-m-horizontal\\\/#primaryimage\",\"url\":\"https:\\\/\\\/artistics.com\\\/wp-content\\\/uploads\\\/2023\\\/04\\\/coal-bench-coal-sculpture-by-tom-price-photo-jaroslav-moravec_1.jpg\",\"contentUrl\":\"https:\\\/\\\/artistics.com\\\/wp-content\\\/uploads\\\/2023\\\/04\\\/coal-bench-coal-sculpture-by-tom-price-photo-jaroslav-moravec_1.jpg\",\"width\":1728,\"height\":1152,\"caption\":\"Carbon M (bench) : banc-sculpture noir mat de l'artiste britannique Tom Price en forme de parall\u00e9l\u00e9pip\u00e8de fait de charbon.\"},{\"@type\":\"BreadcrumbList\",\"@id\":\"https:\\\/\\\/artistics.com\\\/fr\\\/oeuvre\\\/carbon-m-horizontal\\\/#breadcrumb\",\"itemListElement\":[{\"@type\":\"ListItem\",\"position\":1,\"name\":\"Achat \u0153uvre d'art\",\"item\":\"https:\\\/\\\/artistics.com\\\/fr\\\/\"},{\"@type\":\"ListItem\",\"position\":2,\"name\":\"Galerie\",\"item\":\"https:\\\/\\\/artistics.com\\\/fr\\\/galerie\\\/\"},{\"@type\":\"ListItem\",\"position\":3,\"name\":\"Sculpture contemporaine\",\"item\":\"https:\\\/\\\/artistics.com\\\/fr\\\/categorie-oeuvre\\\/sculpture-contemporaine\\\/\"},{\"@type\":\"ListItem\",\"position\":4,\"name\":\"Carbon M (horizontal)\"}]},{\"@type\":\"WebSite\",\"@id\":\"https:\\\/\\\/artistics.com\\\/fr\\\/#website\",\"url\":\"https:\\\/\\\/artistics.com\\\/fr\\\/\",\"name\":\"Artistics\",\"description\":\"The online art gallery\",\"publisher\":{\"@id\":\"https:\\\/\\\/artistics.com\\\/fr\\\/#organization\"},\"potentialAction\":[{\"@type\":\"SearchAction\",\"target\":{\"@type\":\"EntryPoint\",\"urlTemplate\":\"https:\\\/\\\/artistics.com\\\/fr\\\/?s={search_term_string}\"},\"query-input\":{\"@type\":\"PropertyValueSpecification\",\"valueRequired\":true,\"valueName\":\"search_term_string\"}}],\"inLanguage\":\"fr-FR\"},{\"@type\":\"Organization\",\"@id\":\"https:\\\/\\\/artistics.com\\\/fr\\\/#organization\",\"name\":\"Artistics\",\"url\":\"https:\\\/\\\/artistics.com\\\/fr\\\/\",\"logo\":{\"@type\":\"ImageObject\",\"inLanguage\":\"fr-FR\",\"@id\":\"https:\\\/\\\/artistics.com\\\/fr\\\/#\\\/schema\\\/logo\\\/image\\\/\",\"url\":\"https:\\\/\\\/artistics.com\\\/wp-content\\\/uploads\\\/2023\\\/02\\\/artistics-logo-web-1.svg\",\"contentUrl\":\"https:\\\/\\\/artistics.com\\\/wp-content\\\/uploads\\\/2023\\\/02\\\/artistics-logo-web-1.svg\",\"caption\":\"Artistics\"},\"image\":{\"@id\":\"https:\\\/\\\/artistics.com\\\/fr\\\/#\\\/schema\\\/logo\\\/image\\\/\"},\"sameAs\":[\"https:\\\/\\\/www.facebook.com\\\/ArtisticsMag\",\"https:\\\/\\\/x.com\\\/Artistics_FR\",\"http:\\\/\\\/www.linkedin.com\\\/company\\\/artistics\",\"https:\\\/\\\/www.instagram.com\\\/artistics_com\\\/\",\"http:\\\/\\\/www.pinterest.com\\\/ArtisticsMag\"],\"hasMerchantReturnPolicy\":{\"@type\":\"MerchantReturnPolicy\",\"merchantReturnLink\":\"https:\\\/\\\/artistics.com\\\/free-return-policy\\\/\"}}]}<\/script>\n<meta property=\"product:price:amount\" content=\"15500\" \/>\n<meta property=\"product:price:currency\" content=\"EUR\" \/>\n<meta property=\"og:availability\" content=\"instock\" \/>\n<meta property=\"product:availability\" content=\"instock\" \/>\n<meta property=\"product:retailer_item_id\" content=\"8148\" \/>\n<meta property=\"product:condition\" content=\"new\" \/>\n<!-- \/ Yoast SEO Premium plugin. -->","yoast_head_json":{"title":"Artistics | Carbon M (horizontal) par Tom Price - Sculpture contemporaine","description":"Carbon M (horizontal) par Tom Price - achat d'\u0153uvres d'art contemporain originales sur la galerie d'art en ligne Artistics.","robots":{"index":"index","follow":"follow","max-snippet":"max-snippet:-1","max-image-preview":"max-image-preview:large","max-video-preview":"max-video-preview:-1"},"canonical":"https:\/\/artistics.com\/fr\/oeuvre\/carbon-m-horizontal\/","og_locale":"fr_FR","og_type":"article","og_title":"Carbon M (horizontal)","og_description":"Carbon M (horizontal) par Tom Price - achat d'\u0153uvres d'art contemporain originales sur la galerie d'art en ligne Artistics.","og_url":"https:\/\/artistics.com\/fr\/oeuvre\/carbon-m-horizontal\/","og_site_name":"Artistics","article_publisher":"https:\/\/www.facebook.com\/ArtisticsMag","article_modified_time":"2024-03-21T09:54:58+00:00","og_image":[{"width":1728,"height":1152,"url":"https:\/\/artistics.com\/wp-content\/uploads\/2023\/04\/coal-bench-coal-sculpture-by-tom-price-photo-jaroslav-moravec_1.jpg","type":"image\/jpeg"}],"twitter_card":"summary_large_image","twitter_site":"@Artistics_FR","twitter_misc":{"Prix":"15 500&nbsp;&euro;","Disponibilit\u00e9":"En stock"},"schema":{"@context":"https:\/\/schema.org","@graph":[{"@type":["WebPage","ItemPage"],"@id":"https:\/\/artistics.com\/fr\/oeuvre\/carbon-m-horizontal\/","url":"https:\/\/artistics.com\/fr\/oeuvre\/carbon-m-horizontal\/","name":"Artistics | Carbon M (horizontal) par Tom Price - Sculpture contemporaine","isPartOf":{"@id":"https:\/\/artistics.com\/fr\/#website"},"primaryImageOfPage":{"@id":"https:\/\/artistics.com\/fr\/oeuvre\/carbon-m-horizontal\/#primaryimage"},"image":{"@id":"https:\/\/artistics.com\/fr\/oeuvre\/carbon-m-horizontal\/#primaryimage"},"thumbnailUrl":"https:\/\/artistics.com\/wp-content\/uploads\/2023\/04\/coal-bench-coal-sculpture-by-tom-price-photo-jaroslav-moravec_1.jpg","datePublished":"2021-06-10T16:23:14+00:00","dateModified":"2024-03-21T09:54:58+00:00","description":"Carbon M (horizontal) par Tom Price - achat d'\u0153uvres d'art contemporain originales sur la galerie d'art en ligne Artistics.","breadcrumb":{"@id":"https:\/\/artistics.com\/fr\/oeuvre\/carbon-m-horizontal\/#breadcrumb"},"inLanguage":"fr-FR","potentialAction":[{"@type":"ReadAction","target":["https:\/\/artistics.com\/fr\/oeuvre\/carbon-m-horizontal\/"]}]},{"@type":"ImageObject","inLanguage":"fr-FR","@id":"https:\/\/artistics.com\/fr\/oeuvre\/carbon-m-horizontal\/#primaryimage","url":"https:\/\/artistics.com\/wp-content\/uploads\/2023\/04\/coal-bench-coal-sculpture-by-tom-price-photo-jaroslav-moravec_1.jpg","contentUrl":"https:\/\/artistics.com\/wp-content\/uploads\/2023\/04\/coal-bench-coal-sculpture-by-tom-price-photo-jaroslav-moravec_1.jpg","width":1728,"height":1152,"caption":"Carbon M (bench) : banc-sculpture noir mat de l'artiste britannique Tom Price en forme de parall\u00e9l\u00e9pip\u00e8de fait de charbon."},{"@type":"BreadcrumbList","@id":"https:\/\/artistics.com\/fr\/oeuvre\/carbon-m-horizontal\/#breadcrumb","itemListElement":[{"@type":"ListItem","position":1,"name":"Achat \u0153uvre d'art","item":"https:\/\/artistics.com\/fr\/"},{"@type":"ListItem","position":2,"name":"Galerie","item":"https:\/\/artistics.com\/fr\/galerie\/"},{"@type":"ListItem","position":3,"name":"Sculpture contemporaine","item":"https:\/\/artistics.com\/fr\/categorie-oeuvre\/sculpture-contemporaine\/"},{"@type":"ListItem","position":4,"name":"Carbon M (horizontal)"}]},{"@type":"WebSite","@id":"https:\/\/artistics.com\/fr\/#website","url":"https:\/\/artistics.com\/fr\/","name":"Artistics","description":"The online art gallery","publisher":{"@id":"https:\/\/artistics.com\/fr\/#organization"},"potentialAction":[{"@type":"SearchAction","target":{"@type":"EntryPoint","urlTemplate":"https:\/\/artistics.com\/fr\/?s={search_term_string}"},"query-input":{"@type":"PropertyValueSpecification","valueRequired":true,"valueName":"search_term_string"}}],"inLanguage":"fr-FR"},{"@type":"Organization","@id":"https:\/\/artistics.com\/fr\/#organization","name":"Artistics","url":"https:\/\/artistics.com\/fr\/","logo":{"@type":"ImageObject","inLanguage":"fr-FR","@id":"https:\/\/artistics.com\/fr\/#\/schema\/logo\/image\/","url":"https:\/\/artistics.com\/wp-content\/uploads\/2023\/02\/artistics-logo-web-1.svg","contentUrl":"https:\/\/artistics.com\/wp-content\/uploads\/2023\/02\/artistics-logo-web-1.svg","caption":"Artistics"},"image":{"@id":"https:\/\/artistics.com\/fr\/#\/schema\/logo\/image\/"},"sameAs":["https:\/\/www.facebook.com\/ArtisticsMag","https:\/\/x.com\/Artistics_FR","http:\/\/www.linkedin.com\/company\/artistics","https:\/\/www.instagram.com\/artistics_com\/","http:\/\/www.pinterest.com\/ArtisticsMag"],"hasMerchantReturnPolicy":{"@type":"MerchantReturnPolicy","merchantReturnLink":"https:\/\/artistics.com\/free-return-policy\/"}}]},"product_price_amount":"15500","product_price_currency":"EUR","og_availability":"instock","product_availability":"instock","product_retailer_item_id":"8148","product_condition":"new"},"_links":{"self":[{"href":"https:\/\/artistics.com\/fr\/wp-json\/wp\/v2\/product\/22629","targetHints":{"allow":["GET"]}}],"collection":[{"href":"https:\/\/artistics.com\/fr\/wp-json\/wp\/v2\/product"}],"about":[{"href":"https:\/\/artistics.com\/fr\/wp-json\/wp\/v2\/types\/product"}],"acf:term":[{"embeddable":true,"taxonomy":"series","href":"https:\/\/artistics.com\/fr\/wp-json\/wp\/v2\/series\/2003"},{"embeddable":true,"taxonomy":"product_tag","href":"https:\/\/artistics.com\/fr\/wp-json\/wp\/v2\/product_tag\/368"},{"embeddable":true,"taxonomy":"product_tag","href":"https:\/\/artistics.com\/fr\/wp-json\/wp\/v2\/product_tag\/567"},{"embeddable":true,"taxonomy":"product_tag","href":"https:\/\/artistics.com\/fr\/wp-json\/wp\/v2\/product_tag\/545"},{"embeddable":true,"taxonomy":"product_cat","href":"https:\/\/artistics.com\/fr\/wp-json\/wp\/v2\/product_cat\/238"},{"embeddable":true,"taxonomy":"product_cat","href":"https:\/\/artistics.com\/fr\/wp-json\/wp\/v2\/product_cat\/215"},{"embeddable":true,"taxonomy":"product_cat","href":"https:\/\/artistics.com\/fr\/wp-json\/wp\/v2\/product_cat\/193"},{"embeddable":true,"taxonomy":"product_cat","href":"https:\/\/artistics.com\/fr\/wp-json\/wp\/v2\/product_cat\/189"},{"embeddable":true,"taxonomy":"product_cat","href":"https:\/\/artistics.com\/fr\/wp-json\/wp\/v2\/product_cat\/413"},{"embeddable":true,"taxonomy":"product_cat","href":"https:\/\/artistics.com\/fr\/wp-json\/wp\/v2\/product_cat\/407"},{"embeddable":true,"taxonomy":"product_cat","href":"https:\/\/artistics.com\/fr\/wp-json\/wp\/v2\/product_cat\/204"},{"embeddable":true,"taxonomy":"product_cat","href":"https:\/\/artistics.com\/fr\/wp-json\/wp\/v2\/product_cat\/210"},{"embeddable":true,"taxonomy":"product_cat","href":"https:\/\/artistics.com\/fr\/wp-json\/wp\/v2\/product_cat\/164"}],"acf:post":[{"embeddable":true,"href":"https:\/\/artistics.com\/fr\/wp-json\/wp\/v2\/artist\/2798"}],"wp:featuredmedia":[{"embeddable":true,"href":"https:\/\/artistics.com\/fr\/wp-json\/wp\/v2\/media\/14513"}],"wp:attachment":[{"href":"https:\/\/artistics.com\/fr\/wp-json\/wp\/v2\/media?parent=22629"}],"wp:term":[{"taxonomy":"product_cat","embeddable":true,"href":"https:\/\/artistics.com\/fr\/wp-json\/wp\/v2\/product_cat?post=22629"},{"taxonomy":"product_tag","embeddable":true,"href":"https:\/\/artistics.com\/fr\/wp-json\/wp\/v2\/product_tag?post=22629"},{"taxonomy":"series","embeddable":true,"href":"https:\/\/artistics.com\/fr\/wp-json\/wp\/v2\/series?post=22629"}],"curies":[{"name":"wp","href":"https:\/\/api.w.org\/{rel}","templated":true}]}}