{"id":22594,"date":"2021-04-07T15:39:04","date_gmt":"2021-04-07T13:39:04","guid":{"rendered":"https:\/\/2022.devartistics.com\/artwork\/accord-ndeg2-serie-signes-et-ecritures\/"},"modified":"2023-04-22T02:05:17","modified_gmt":"2023-04-22T00:05:17","slug":"accord-ndeg2-serie-signes-et-ecritures","status":"publish","type":"product","link":"https:\/\/artistics.com\/fr\/oeuvre\/accord-ndeg2-serie-signes-et-ecritures\/","title":{"rendered":"Accord n\u00b02, s\u00e9rie Signes et \u00c9critures"},"content":{"rendered":"","protected":false},"excerpt":{"rendered":"","protected":false},"featured_media":14154,"template":"","meta":{"_acf_changed":false,"_searchwp_excluded":"","inline_featured_image":false},"product_cat":[121,233,118,159,25,157],"product_tag":[],"series":[1713],"class_list":{"0":"post-22594","1":"product","2":"type-product","3":"status-publish","4":"has-post-thumbnail","6":"product_cat-abstract-art","7":"product_cat-from-3000-to-10000","8":"product_cat-small","9":"product_cat-abstract-sculpture","10":"product_cat-contemporary-sculpture","11":"product_cat-bronze-sculpture","12":"series-martine-demal-signs-writings","14":"first","15":"instock","16":"taxable","17":"shipping-taxable","18":"purchasable","19":"product-type-simple"},"acf":{"artwork_artist":[2797],"artwork_medium":164,"artwork_categories":[208,204],"artwork_overall-tones":[],"artwork_main-material":[],"artwork_art-genre":[],"artwork_art-movement":[189],"artwork_miscellaneous":[],"artwork_formats":[217],"artwork_price-ranges":[236],"artwork_main_subject":[],"artwork_technique":[],"artwork_featured_location":[],"artwork_dominant_color":[],"artwork_physical_attributes":[],"artwork_creation_date":"20200101","artwork_unique_piece":false,"artwork_description":"Sculpture en bronze","artwork_signature":"Signed artwork","artwork_authenticity":"The artwork is sold with a certificate of authenticity signed by the artist.","artwork_framing":"not_specified","artwork_has_custom_framing_info":false,"artwork_custom_framing_info":"Not specified","artwork_location_country":"FR","artwork_location_city":"Ivry sur Seine","artwork_location_zipcode":"94200","artwork_shipment_type":"3D_artwork","artwork_shipping_delivery":"sculpture_edition_production_time","artwork_has_custom_shipping_delivery_info":false,"artwork_custom_shipping_delivery_info":"Not specified","artwork_360_view_url":"https:\/\/embed.imajize.com\/9042987","artwork_video_url":"","artwork_video_format":[],"artwork_preview_type":"featured_image","artwork_reserved":false,"artwork_hide_price":false,"artwork_about":"<p  ><em><span ><strong><span >Accord n\u00b02<\/span><\/strong><\/span><\/em><span ><span >\u00a0est une sculpture en bronze de l\u2019artiste fran\u00e7aise Martine Demal, issue de la s\u00e9rie <em>Signes et \u00c9critures<\/em>.<\/span><\/span><\/p><p  >\u00a0<\/p><p  ><span >Cette \u0153uvre propose une mise en sc\u00e8ne harmonieuse de formes, dont certaines semblent flotter au sein de la composition. Engag\u00e9e dans un processus d<\/span><span ><span  lang=\"AR-SA\" dir=\"RTL\" xml_lang=\"AR-SA\">\u2019<\/span>abstraction des formes, l<\/span><span ><span  lang=\"AR-SA\" dir=\"RTL\" xml_lang=\"AR-SA\">\u2019<\/span>artiste donne une impulsion dynamique \u00e0 la mati\u00e8re. Ainsi, chor\u00e9graphiant l<\/span><span ><span  lang=\"AR-SA\" dir=\"RTL\" xml_lang=\"AR-SA\">\u2019<\/span>alternance de vides et de pleins, elle en fait \u00e9merger un rythme quasiment musical de ses sculptures abstraites.<\/span><\/p><p  ><span >La sculpteure fran\u00e7aise Martine Demal a choisi le corps humain comme origine de sa recherche esth\u00e9tique. La satisfaction d<\/span><span ><span  lang=\"AR-SA\" dir=\"RTL\" xml_lang=\"AR-SA\">\u2019<\/span>un \u00e9quilibre formel et dynamique a ainsi guid\u00e9 sa d\u00e9marche cr\u00e9atrice et a notamment accompagn\u00e9 la transition amorc\u00e9e par l<\/span><span ><span  lang=\"AR-SA\" dir=\"RTL\" xml_lang=\"AR-SA\">\u2019<\/span>artiste vers une production plus abstraite. En vertu d<\/span><span ><span  lang=\"AR-SA\" dir=\"RTL\" xml_lang=\"AR-SA\">\u2019<\/span>une volont\u00e9 d\u2019\u00e9puration des formes, l<\/span><span ><span  lang=\"AR-SA\" dir=\"RTL\" xml_lang=\"AR-SA\">\u2019<\/span>artiste a peu \u00e0 peu d\u00e9lest\u00e9 ses \u0153uvres de leurs attributs anthropomorphes pour laisser place au signe en tant qu<\/span><span ><span  lang=\"AR-SA\" dir=\"RTL\" xml_lang=\"AR-SA\">\u2019<\/span>essence formelle portant en elle une part d<\/span><span ><span  lang=\"AR-SA\" dir=\"RTL\" xml_lang=\"AR-SA\">\u2019<\/span>humanit\u00e9, ainsi qu<\/span><span ><span  lang=\"AR-SA\" dir=\"RTL\" xml_lang=\"AR-SA\">\u2019<\/span>une harmonie rythmique toute particuli\u00e8re. L\u2019\u00e9criture - pourvoyeuse de sens - s<\/span><span ><span  lang=\"AR-SA\" dir=\"RTL\" xml_lang=\"AR-SA\">\u2019<\/span>est ainsi impos\u00e9e comme ligne directrice de la recherche et comme source in\u00e9puisable d\u2019\u00e9changes sensibles.<\/span><\/p><p  ><span ><span >\u0152uvre d\u2019art originale : sculpture sign\u00e9e dans une limite de 8 exemplaires et 4 \u00e9preuves d\u2019artiste.<\/span><\/span><\/p><p  ><span ><span >\u00a0<\/span><\/span><\/p><p  ><span ><span >Cr\u00e9dits photo : \u00a9 Christian Baraja, \u00a9 Martine Demal, @ ADAGP<\/span><\/span><\/p><p  ><span ><span >\u00a0<\/span><\/span><\/p>","artwork_series":[1955],"artwork_query_group":"20","artwork_lowest_grid_position":1,"artwork_random_position":6377348,"explicit_sensitive_content":false,"drupal_id":"8041"},"yoast_head":"<!-- This site is optimized with the Yoast SEO Premium plugin v27.3 (Yoast SEO v27.3) - https:\/\/yoast.com\/product\/yoast-seo-premium-wordpress\/ -->\n<title>Artistics | Accord n\u00b02, s\u00e9rie Signes et \u00c9critures par Martine Demal - Sculpture contemporaine<\/title>\n<meta name=\"description\" content=\"Accord n\u00b02, s\u00e9rie Signes et \u00c9critures par Martine Demal - achat d&#039;\u0153uvres d&#039;art contemporain originales sur la galerie d&#039;art en ligne Artistics.\" \/>\n<meta name=\"robots\" content=\"index, follow, max-snippet:-1, max-image-preview:large, max-video-preview:-1\" \/>\n<link rel=\"canonical\" href=\"https:\/\/artistics.com\/fr\/oeuvre\/accord-ndeg2-serie-signes-et-ecritures\/\" \/>\n<meta property=\"og:locale\" content=\"fr_FR\" \/>\n<meta property=\"og:type\" content=\"article\" \/>\n<meta property=\"og:title\" content=\"Accord n\u00b02, s\u00e9rie Signes et \u00c9critures\" \/>\n<meta property=\"og:description\" content=\"Accord n\u00b02, s\u00e9rie Signes et \u00c9critures par Martine Demal - achat d&#039;\u0153uvres d&#039;art contemporain originales sur la galerie d&#039;art en ligne Artistics.\" \/>\n<meta property=\"og:url\" content=\"https:\/\/artistics.com\/fr\/oeuvre\/accord-ndeg2-serie-signes-et-ecritures\/\" \/>\n<meta property=\"og:site_name\" content=\"Artistics\" \/>\n<meta property=\"article:publisher\" content=\"https:\/\/www.facebook.com\/ArtisticsMag\" \/>\n<meta property=\"article:modified_time\" content=\"2023-04-22T00:05:17+00:00\" \/>\n<meta property=\"og:image\" content=\"https:\/\/artistics.com\/wp-content\/uploads\/2023\/04\/accord-n-2-_bronze-sculpture-by-martine-demal-2020-photo-christian-baraja_2.jpg\" \/>\n\t<meta property=\"og:image:width\" content=\"1507\" \/>\n\t<meta property=\"og:image:height\" content=\"1000\" \/>\n\t<meta property=\"og:image:type\" content=\"image\/jpeg\" \/>\n<meta name=\"twitter:card\" content=\"summary_large_image\" \/>\n<meta name=\"twitter:site\" content=\"@Artistics_FR\" \/>\n<meta name=\"twitter:label1\" content=\"Prix\" \/>\n\t<meta name=\"twitter:data1\" content=\"7 800&nbsp;&euro;\" \/>\n\t<meta name=\"twitter:label2\" content=\"Disponibilit\u00e9\" \/>\n\t<meta name=\"twitter:data2\" content=\"En stock\" \/>\n<script type=\"application\/ld+json\" class=\"yoast-schema-graph\">{\"@context\":\"https:\\\/\\\/schema.org\",\"@graph\":[{\"@type\":[\"WebPage\",\"ItemPage\"],\"@id\":\"https:\\\/\\\/artistics.com\\\/fr\\\/oeuvre\\\/accord-ndeg2-serie-signes-et-ecritures\\\/\",\"url\":\"https:\\\/\\\/artistics.com\\\/fr\\\/oeuvre\\\/accord-ndeg2-serie-signes-et-ecritures\\\/\",\"name\":\"Artistics | Accord n\u00b02, s\u00e9rie Signes et \u00c9critures par Martine Demal - Sculpture contemporaine\",\"isPartOf\":{\"@id\":\"https:\\\/\\\/artistics.com\\\/fr\\\/#website\"},\"primaryImageOfPage\":{\"@id\":\"https:\\\/\\\/artistics.com\\\/fr\\\/oeuvre\\\/accord-ndeg2-serie-signes-et-ecritures\\\/#primaryimage\"},\"image\":{\"@id\":\"https:\\\/\\\/artistics.com\\\/fr\\\/oeuvre\\\/accord-ndeg2-serie-signes-et-ecritures\\\/#primaryimage\"},\"thumbnailUrl\":\"https:\\\/\\\/artistics.com\\\/wp-content\\\/uploads\\\/2023\\\/04\\\/accord-n-2-_bronze-sculpture-by-martine-demal-2020-photo-christian-baraja_2.jpg\",\"datePublished\":\"2021-04-07T13:39:04+00:00\",\"dateModified\":\"2023-04-22T00:05:17+00:00\",\"description\":\"Accord n\u00b02, s\u00e9rie Signes et \u00c9critures par Martine Demal - achat d'\u0153uvres d'art contemporain originales sur la galerie d'art en ligne Artistics.\",\"breadcrumb\":{\"@id\":\"https:\\\/\\\/artistics.com\\\/fr\\\/oeuvre\\\/accord-ndeg2-serie-signes-et-ecritures\\\/#breadcrumb\"},\"inLanguage\":\"fr-FR\",\"potentialAction\":[{\"@type\":\"ReadAction\",\"target\":[\"https:\\\/\\\/artistics.com\\\/fr\\\/oeuvre\\\/accord-ndeg2-serie-signes-et-ecritures\\\/\"]}]},{\"@type\":\"ImageObject\",\"inLanguage\":\"fr-FR\",\"@id\":\"https:\\\/\\\/artistics.com\\\/fr\\\/oeuvre\\\/accord-ndeg2-serie-signes-et-ecritures\\\/#primaryimage\",\"url\":\"https:\\\/\\\/artistics.com\\\/wp-content\\\/uploads\\\/2023\\\/04\\\/accord-n-2-_bronze-sculpture-by-martine-demal-2020-photo-christian-baraja_2.jpg\",\"contentUrl\":\"https:\\\/\\\/artistics.com\\\/wp-content\\\/uploads\\\/2023\\\/04\\\/accord-n-2-_bronze-sculpture-by-martine-demal-2020-photo-christian-baraja_2.jpg\",\"width\":1507,\"height\":1000},{\"@type\":\"BreadcrumbList\",\"@id\":\"https:\\\/\\\/artistics.com\\\/fr\\\/oeuvre\\\/accord-ndeg2-serie-signes-et-ecritures\\\/#breadcrumb\",\"itemListElement\":[{\"@type\":\"ListItem\",\"position\":1,\"name\":\"Achat \u0153uvre d'art\",\"item\":\"https:\\\/\\\/artistics.com\\\/fr\\\/\"},{\"@type\":\"ListItem\",\"position\":2,\"name\":\"Galerie\",\"item\":\"https:\\\/\\\/artistics.com\\\/fr\\\/galerie\\\/\"},{\"@type\":\"ListItem\",\"position\":3,\"name\":\"Sculpture contemporaine\",\"item\":\"https:\\\/\\\/artistics.com\\\/fr\\\/categorie-oeuvre\\\/sculpture-contemporaine\\\/\"},{\"@type\":\"ListItem\",\"position\":4,\"name\":\"Accord n\u00b02, s\u00e9rie Signes et \u00c9critures\"}]},{\"@type\":\"WebSite\",\"@id\":\"https:\\\/\\\/artistics.com\\\/fr\\\/#website\",\"url\":\"https:\\\/\\\/artistics.com\\\/fr\\\/\",\"name\":\"Artistics\",\"description\":\"The online art gallery\",\"publisher\":{\"@id\":\"https:\\\/\\\/artistics.com\\\/fr\\\/#organization\"},\"potentialAction\":[{\"@type\":\"SearchAction\",\"target\":{\"@type\":\"EntryPoint\",\"urlTemplate\":\"https:\\\/\\\/artistics.com\\\/fr\\\/?s={search_term_string}\"},\"query-input\":{\"@type\":\"PropertyValueSpecification\",\"valueRequired\":true,\"valueName\":\"search_term_string\"}}],\"inLanguage\":\"fr-FR\"},{\"@type\":\"Organization\",\"@id\":\"https:\\\/\\\/artistics.com\\\/fr\\\/#organization\",\"name\":\"Artistics\",\"url\":\"https:\\\/\\\/artistics.com\\\/fr\\\/\",\"logo\":{\"@type\":\"ImageObject\",\"inLanguage\":\"fr-FR\",\"@id\":\"https:\\\/\\\/artistics.com\\\/fr\\\/#\\\/schema\\\/logo\\\/image\\\/\",\"url\":\"https:\\\/\\\/artistics.com\\\/wp-content\\\/uploads\\\/2023\\\/02\\\/artistics-logo-web-1.svg\",\"contentUrl\":\"https:\\\/\\\/artistics.com\\\/wp-content\\\/uploads\\\/2023\\\/02\\\/artistics-logo-web-1.svg\",\"caption\":\"Artistics\"},\"image\":{\"@id\":\"https:\\\/\\\/artistics.com\\\/fr\\\/#\\\/schema\\\/logo\\\/image\\\/\"},\"sameAs\":[\"https:\\\/\\\/www.facebook.com\\\/ArtisticsMag\",\"https:\\\/\\\/x.com\\\/Artistics_FR\",\"http:\\\/\\\/www.linkedin.com\\\/company\\\/artistics\",\"https:\\\/\\\/www.instagram.com\\\/artistics_com\\\/\",\"http:\\\/\\\/www.pinterest.com\\\/ArtisticsMag\"],\"hasMerchantReturnPolicy\":{\"@type\":\"MerchantReturnPolicy\",\"merchantReturnLink\":\"https:\\\/\\\/artistics.com\\\/free-return-policy\\\/\"}}]}<\/script>\n<meta property=\"product:price:amount\" content=\"7800\" \/>\n<meta property=\"product:price:currency\" content=\"EUR\" \/>\n<meta property=\"og:availability\" content=\"instock\" \/>\n<meta property=\"product:availability\" content=\"instock\" \/>\n<meta property=\"product:retailer_item_id\" content=\"8042\" \/>\n<meta property=\"product:condition\" content=\"new\" \/>\n<!-- \/ Yoast SEO Premium plugin. -->","yoast_head_json":{"title":"Artistics | Accord n\u00b02, s\u00e9rie Signes et \u00c9critures par Martine Demal - Sculpture contemporaine","description":"Accord n\u00b02, s\u00e9rie Signes et \u00c9critures par Martine Demal - achat d'\u0153uvres d'art contemporain originales sur la galerie d'art en ligne Artistics.","robots":{"index":"index","follow":"follow","max-snippet":"max-snippet:-1","max-image-preview":"max-image-preview:large","max-video-preview":"max-video-preview:-1"},"canonical":"https:\/\/artistics.com\/fr\/oeuvre\/accord-ndeg2-serie-signes-et-ecritures\/","og_locale":"fr_FR","og_type":"article","og_title":"Accord n\u00b02, s\u00e9rie Signes et \u00c9critures","og_description":"Accord n\u00b02, s\u00e9rie Signes et \u00c9critures par Martine Demal - achat d'\u0153uvres d'art contemporain originales sur la galerie d'art en ligne Artistics.","og_url":"https:\/\/artistics.com\/fr\/oeuvre\/accord-ndeg2-serie-signes-et-ecritures\/","og_site_name":"Artistics","article_publisher":"https:\/\/www.facebook.com\/ArtisticsMag","article_modified_time":"2023-04-22T00:05:17+00:00","og_image":[{"width":1507,"height":1000,"url":"https:\/\/artistics.com\/wp-content\/uploads\/2023\/04\/accord-n-2-_bronze-sculpture-by-martine-demal-2020-photo-christian-baraja_2.jpg","type":"image\/jpeg"}],"twitter_card":"summary_large_image","twitter_site":"@Artistics_FR","twitter_misc":{"Prix":"7 800&nbsp;&euro;","Disponibilit\u00e9":"En stock"},"schema":{"@context":"https:\/\/schema.org","@graph":[{"@type":["WebPage","ItemPage"],"@id":"https:\/\/artistics.com\/fr\/oeuvre\/accord-ndeg2-serie-signes-et-ecritures\/","url":"https:\/\/artistics.com\/fr\/oeuvre\/accord-ndeg2-serie-signes-et-ecritures\/","name":"Artistics | Accord n\u00b02, s\u00e9rie Signes et \u00c9critures par Martine Demal - Sculpture contemporaine","isPartOf":{"@id":"https:\/\/artistics.com\/fr\/#website"},"primaryImageOfPage":{"@id":"https:\/\/artistics.com\/fr\/oeuvre\/accord-ndeg2-serie-signes-et-ecritures\/#primaryimage"},"image":{"@id":"https:\/\/artistics.com\/fr\/oeuvre\/accord-ndeg2-serie-signes-et-ecritures\/#primaryimage"},"thumbnailUrl":"https:\/\/artistics.com\/wp-content\/uploads\/2023\/04\/accord-n-2-_bronze-sculpture-by-martine-demal-2020-photo-christian-baraja_2.jpg","datePublished":"2021-04-07T13:39:04+00:00","dateModified":"2023-04-22T00:05:17+00:00","description":"Accord n\u00b02, s\u00e9rie Signes et \u00c9critures par Martine Demal - achat d'\u0153uvres d'art contemporain originales sur la galerie d'art en ligne Artistics.","breadcrumb":{"@id":"https:\/\/artistics.com\/fr\/oeuvre\/accord-ndeg2-serie-signes-et-ecritures\/#breadcrumb"},"inLanguage":"fr-FR","potentialAction":[{"@type":"ReadAction","target":["https:\/\/artistics.com\/fr\/oeuvre\/accord-ndeg2-serie-signes-et-ecritures\/"]}]},{"@type":"ImageObject","inLanguage":"fr-FR","@id":"https:\/\/artistics.com\/fr\/oeuvre\/accord-ndeg2-serie-signes-et-ecritures\/#primaryimage","url":"https:\/\/artistics.com\/wp-content\/uploads\/2023\/04\/accord-n-2-_bronze-sculpture-by-martine-demal-2020-photo-christian-baraja_2.jpg","contentUrl":"https:\/\/artistics.com\/wp-content\/uploads\/2023\/04\/accord-n-2-_bronze-sculpture-by-martine-demal-2020-photo-christian-baraja_2.jpg","width":1507,"height":1000},{"@type":"BreadcrumbList","@id":"https:\/\/artistics.com\/fr\/oeuvre\/accord-ndeg2-serie-signes-et-ecritures\/#breadcrumb","itemListElement":[{"@type":"ListItem","position":1,"name":"Achat \u0153uvre d'art","item":"https:\/\/artistics.com\/fr\/"},{"@type":"ListItem","position":2,"name":"Galerie","item":"https:\/\/artistics.com\/fr\/galerie\/"},{"@type":"ListItem","position":3,"name":"Sculpture contemporaine","item":"https:\/\/artistics.com\/fr\/categorie-oeuvre\/sculpture-contemporaine\/"},{"@type":"ListItem","position":4,"name":"Accord n\u00b02, s\u00e9rie Signes et \u00c9critures"}]},{"@type":"WebSite","@id":"https:\/\/artistics.com\/fr\/#website","url":"https:\/\/artistics.com\/fr\/","name":"Artistics","description":"The online art gallery","publisher":{"@id":"https:\/\/artistics.com\/fr\/#organization"},"potentialAction":[{"@type":"SearchAction","target":{"@type":"EntryPoint","urlTemplate":"https:\/\/artistics.com\/fr\/?s={search_term_string}"},"query-input":{"@type":"PropertyValueSpecification","valueRequired":true,"valueName":"search_term_string"}}],"inLanguage":"fr-FR"},{"@type":"Organization","@id":"https:\/\/artistics.com\/fr\/#organization","name":"Artistics","url":"https:\/\/artistics.com\/fr\/","logo":{"@type":"ImageObject","inLanguage":"fr-FR","@id":"https:\/\/artistics.com\/fr\/#\/schema\/logo\/image\/","url":"https:\/\/artistics.com\/wp-content\/uploads\/2023\/02\/artistics-logo-web-1.svg","contentUrl":"https:\/\/artistics.com\/wp-content\/uploads\/2023\/02\/artistics-logo-web-1.svg","caption":"Artistics"},"image":{"@id":"https:\/\/artistics.com\/fr\/#\/schema\/logo\/image\/"},"sameAs":["https:\/\/www.facebook.com\/ArtisticsMag","https:\/\/x.com\/Artistics_FR","http:\/\/www.linkedin.com\/company\/artistics","https:\/\/www.instagram.com\/artistics_com\/","http:\/\/www.pinterest.com\/ArtisticsMag"],"hasMerchantReturnPolicy":{"@type":"MerchantReturnPolicy","merchantReturnLink":"https:\/\/artistics.com\/free-return-policy\/"}}]},"product_price_amount":"7800","product_price_currency":"EUR","og_availability":"instock","product_availability":"instock","product_retailer_item_id":"8042","product_condition":"new"},"_links":{"self":[{"href":"https:\/\/artistics.com\/fr\/wp-json\/wp\/v2\/product\/22594","targetHints":{"allow":["GET"]}}],"collection":[{"href":"https:\/\/artistics.com\/fr\/wp-json\/wp\/v2\/product"}],"about":[{"href":"https:\/\/artistics.com\/fr\/wp-json\/wp\/v2\/types\/product"}],"acf:term":[{"embeddable":true,"taxonomy":"series","href":"https:\/\/artistics.com\/fr\/wp-json\/wp\/v2\/series\/1955"},{"embeddable":true,"taxonomy":"product_cat","href":"https:\/\/artistics.com\/fr\/wp-json\/wp\/v2\/product_cat\/236"},{"embeddable":true,"taxonomy":"product_cat","href":"https:\/\/artistics.com\/fr\/wp-json\/wp\/v2\/product_cat\/217"},{"embeddable":true,"taxonomy":"product_cat","href":"https:\/\/artistics.com\/fr\/wp-json\/wp\/v2\/product_cat\/189"},{"embeddable":true,"taxonomy":"product_cat","href":"https:\/\/artistics.com\/fr\/wp-json\/wp\/v2\/product_cat\/204"},{"embeddable":true,"taxonomy":"product_cat","href":"https:\/\/artistics.com\/fr\/wp-json\/wp\/v2\/product_cat\/208"},{"embeddable":true,"taxonomy":"product_cat","href":"https:\/\/artistics.com\/fr\/wp-json\/wp\/v2\/product_cat\/164"}],"acf:post":[{"embeddable":true,"href":"https:\/\/artistics.com\/fr\/wp-json\/wp\/v2\/artist\/2797"}],"wp:featuredmedia":[{"embeddable":true,"href":"https:\/\/artistics.com\/fr\/wp-json\/wp\/v2\/media\/14154"}],"wp:attachment":[{"href":"https:\/\/artistics.com\/fr\/wp-json\/wp\/v2\/media?parent=22594"}],"wp:term":[{"taxonomy":"product_cat","embeddable":true,"href":"https:\/\/artistics.com\/fr\/wp-json\/wp\/v2\/product_cat?post=22594"},{"taxonomy":"product_tag","embeddable":true,"href":"https:\/\/artistics.com\/fr\/wp-json\/wp\/v2\/product_tag?post=22594"},{"taxonomy":"series","embeddable":true,"href":"https:\/\/artistics.com\/fr\/wp-json\/wp\/v2\/series?post=22594"}],"curies":[{"name":"wp","href":"https:\/\/api.w.org\/{rel}","templated":true}]}}