{"id":22571,"date":"2021-03-30T16:31:04","date_gmt":"2021-03-30T14:31:04","guid":{"rendered":"https:\/\/2022.devartistics.com\/artwork\/sans-titre-xvi-serie-abstrait-moyens-formats\/"},"modified":"2023-11-30T10:59:47","modified_gmt":"2023-11-30T09:59:47","slug":"sans-titre-xvi-serie-abstrait-moyens-formats","status":"publish","type":"product","link":"https:\/\/artistics.com\/fr\/oeuvre\/sans-titre-xvi-serie-abstrait-moyens-formats\/","title":{"rendered":"Sans titre XVI, s\u00e9rie Abstrait (moyens formats)"},"content":{"rendered":"","protected":false},"excerpt":{"rendered":"","protected":false},"featured_media":13915,"template":"","meta":{"_acf_changed":false,"_searchwp_excluded":"","inline_featured_image":false},"product_cat":[407,2600,162,169,174,189,216,236],"product_tag":[566],"series":[1869],"class_list":{"0":"post-22571","1":"product","2":"type-product","3":"status-publish","4":"has-post-thumbnail","6":"product_cat-art-minimaliste","7":"product_cat-expressionnisme-abstrait","8":"product_cat-peinture-contemporaine","9":"product_cat-peinture-abstraite","10":"product_cat-peinture-minimaliste","11":"product_cat-art-abstrait","12":"product_cat-moyen","13":"product_cat-de-3000-a-10-000-e","14":"product_tag-gris","15":"series-ferle-abstrait-moyens-formats","17":"first","18":"instock","19":"shipping-taxable","20":"purchasable","21":"product-type-simple"},"acf":{"artwork_artist":[2764],"artwork_medium":162,"artwork_categories":[169,174],"artwork_overall-tones":[],"artwork_main-material":[],"artwork_art-genre":[],"artwork_art-movement":[407,189,2600],"artwork_miscellaneous":[],"artwork_formats":[216],"artwork_price-ranges":[236],"artwork_main_subject":[],"artwork_technique":[],"artwork_featured_location":[],"artwork_dominant_color":[566],"artwork_physical_attributes":[],"artwork_creation_date":"20190101","artwork_unique_piece":true,"artwork_description":"Huile sur toile libre","artwork_signature":"\u0152uvre sign\u00e9e","artwork_authenticity":"L\u2019\u0153uvre est vendue avec un certificat d\u2019authenticit\u00e9 sign\u00e9 par l\u2019artiste.","artwork_framing":"unframed","artwork_has_custom_framing_info":false,"artwork_custom_framing_info":"Not specified","artwork_location_country":"FR","artwork_location_city":"Paris","artwork_location_zipcode":"75015","artwork_shipment_type":"2D_rolled_artwork","artwork_shipping_delivery":"painting_immediate_availability","artwork_has_custom_shipping_delivery_info":false,"artwork_custom_shipping_delivery_info":"Not specified","artwork_360_view_url":"","artwork_video_url":"","artwork_video_format":[],"artwork_preview_type":"featured_image","artwork_reserved":false,"artwork_hide_price":false,"artwork_about":"<p ><span ><em ><span >Sans Titre XVI<\/span><\/em>, s\u00e9rie Abstrait (moyen formats) est un tableau de l\u2019artiste contemporaine Ferle, dont l\u2019\u0153uvre s\u2019inscrit dans le registre de la peinture abstraite.<\/span><\/p><p ><span >Face \u00e0 cette peinture abstraite, proche du Minimalisme et de l\u2019Expressionnisme Abstrait, le spectateur cherche \u00e0 \u00e9tablir des ressemblances avant de simplement se laisser aller au voyage et guider par l\u2019\u00e9nergie qui transpara\u00eet sur la toile.\u00a0Ici, la couleur grise est pr\u00e9sente dans un d\u00e9grad\u00e9 de tonalit\u00e9s diff\u00e9rentes et elle est interrompue par un bandeau de bordeaux.<\/span><\/p><p ><span >Ses toiles nous invitent \u00e0 abandonner toute r\u00e9f\u00e9rence connue pour nous laisser submerger par la spiritualit\u00e9 dont elles sont charg\u00e9es. La spiritualit\u00e9 \u00e9manant de l'\u0153uvre Ferle peut appara\u00eetre en opposition avec la violence gestuelle mise en \u0153uvre pour sa r\u00e9alisation. Selon le mot d\u2019Emmanuel Dayde, historien d\u2019art, Ferle \u00ab\u00a0<em >ouvre une porte sur un autre espace, une quatri\u00e8me dimension. En regardant ses grandes toiles de couleurs, on est proche du trou noir, de la physique et des \u00e9toiles<\/em>\u00a0\u00bb. Entre diverses vari\u00e9t\u00e9s de tonalit\u00e9s color\u00e9es, Ferle cr\u00e9e un rythme profond et harmonieux qui invite le spectateur \u00e0 la m\u00e9ditation.<\/span><\/p><p ><span >\u0152uvre originale : pi\u00e8ce unique sign\u00e9e derri\u00e8re par l'artiste, vendue non encadr\u00e9e.<\/span><\/p>","artwork_series":[1869],"artwork_query_group":"10","artwork_lowest_grid_position":1,"artwork_random_position":6379482,"explicit_sensitive_content":false,"drupal_id":"7984"},"yoast_head":"<!-- This site is optimized with the Yoast SEO Premium plugin v27.3 (Yoast SEO v27.3) - https:\/\/yoast.com\/product\/yoast-seo-premium-wordpress\/ -->\n<title>Artistics | Sans titre XVI, s\u00e9rie Abstrait (moyens formats) par Ferle - Peinture contemporaine<\/title>\n<meta name=\"description\" content=\"Sans titre XVI, s\u00e9rie Abstrait (moyens formats) par Ferle - achat d&#039;\u0153uvres d&#039;art contemporain originales sur la galerie d&#039;art en ligne Artistics.\" \/>\n<meta name=\"robots\" content=\"index, follow, max-snippet:-1, max-image-preview:large, max-video-preview:-1\" \/>\n<link rel=\"canonical\" href=\"https:\/\/artistics.com\/fr\/oeuvre\/sans-titre-xvi-serie-abstrait-moyens-formats\/\" \/>\n<meta property=\"og:locale\" content=\"fr_FR\" \/>\n<meta property=\"og:type\" content=\"article\" \/>\n<meta property=\"og:title\" content=\"Sans titre XVI, s\u00e9rie Abstrait (moyens formats)\" \/>\n<meta property=\"og:description\" content=\"Sans titre XVI, s\u00e9rie Abstrait (moyens formats) par Ferle - achat d&#039;\u0153uvres d&#039;art contemporain originales sur la galerie d&#039;art en ligne Artistics.\" \/>\n<meta property=\"og:url\" content=\"https:\/\/artistics.com\/fr\/oeuvre\/sans-titre-xvi-serie-abstrait-moyens-formats\/\" \/>\n<meta property=\"og:site_name\" content=\"Artistics\" \/>\n<meta property=\"article:publisher\" content=\"https:\/\/www.facebook.com\/ArtisticsMag\" \/>\n<meta property=\"article:modified_time\" content=\"2023-11-30T09:59:47+00:00\" \/>\n<meta property=\"og:image\" content=\"https:\/\/artistics.com\/wp-content\/uploads\/2023\/04\/sans-titre-xvi-abstract-painting-by-ferle_oil-on-canvas-140x200_12.jpg\" \/>\n\t<meta property=\"og:image:width\" content=\"1000\" \/>\n\t<meta property=\"og:image:height\" content=\"1441\" \/>\n\t<meta property=\"og:image:type\" content=\"image\/jpeg\" \/>\n<meta name=\"twitter:card\" content=\"summary_large_image\" \/>\n<meta name=\"twitter:site\" content=\"@Artistics_FR\" \/>\n<meta name=\"twitter:label1\" content=\"Prix\" \/>\n\t<meta name=\"twitter:data1\" content=\"3 500&nbsp;&euro;\" \/>\n\t<meta name=\"twitter:label2\" content=\"Disponibilit\u00e9\" \/>\n\t<meta name=\"twitter:data2\" content=\"En stock\" \/>\n<script type=\"application\/ld+json\" class=\"yoast-schema-graph\">{\"@context\":\"https:\\\/\\\/schema.org\",\"@graph\":[{\"@type\":[\"WebPage\",\"ItemPage\"],\"@id\":\"https:\\\/\\\/artistics.com\\\/fr\\\/oeuvre\\\/sans-titre-xvi-serie-abstrait-moyens-formats\\\/\",\"url\":\"https:\\\/\\\/artistics.com\\\/fr\\\/oeuvre\\\/sans-titre-xvi-serie-abstrait-moyens-formats\\\/\",\"name\":\"Artistics | Sans titre XVI, s\u00e9rie Abstrait (moyens formats) par Ferle - Peinture contemporaine\",\"isPartOf\":{\"@id\":\"https:\\\/\\\/artistics.com\\\/fr\\\/#website\"},\"primaryImageOfPage\":{\"@id\":\"https:\\\/\\\/artistics.com\\\/fr\\\/oeuvre\\\/sans-titre-xvi-serie-abstrait-moyens-formats\\\/#primaryimage\"},\"image\":{\"@id\":\"https:\\\/\\\/artistics.com\\\/fr\\\/oeuvre\\\/sans-titre-xvi-serie-abstrait-moyens-formats\\\/#primaryimage\"},\"thumbnailUrl\":\"https:\\\/\\\/artistics.com\\\/wp-content\\\/uploads\\\/2023\\\/04\\\/sans-titre-xvi-abstract-painting-by-ferle_oil-on-canvas-140x200_12.jpg\",\"datePublished\":\"2021-03-30T14:31:04+00:00\",\"dateModified\":\"2023-11-30T09:59:47+00:00\",\"description\":\"Sans titre XVI, s\u00e9rie Abstrait (moyens formats) par Ferle - achat d'\u0153uvres d'art contemporain originales sur la galerie d'art en ligne Artistics.\",\"breadcrumb\":{\"@id\":\"https:\\\/\\\/artistics.com\\\/fr\\\/oeuvre\\\/sans-titre-xvi-serie-abstrait-moyens-formats\\\/#breadcrumb\"},\"inLanguage\":\"fr-FR\",\"potentialAction\":[{\"@type\":\"ReadAction\",\"target\":[\"https:\\\/\\\/artistics.com\\\/fr\\\/oeuvre\\\/sans-titre-xvi-serie-abstrait-moyens-formats\\\/\"]}]},{\"@type\":\"ImageObject\",\"inLanguage\":\"fr-FR\",\"@id\":\"https:\\\/\\\/artistics.com\\\/fr\\\/oeuvre\\\/sans-titre-xvi-serie-abstrait-moyens-formats\\\/#primaryimage\",\"url\":\"https:\\\/\\\/artistics.com\\\/wp-content\\\/uploads\\\/2023\\\/04\\\/sans-titre-xvi-abstract-painting-by-ferle_oil-on-canvas-140x200_12.jpg\",\"contentUrl\":\"https:\\\/\\\/artistics.com\\\/wp-content\\\/uploads\\\/2023\\\/04\\\/sans-titre-xvi-abstract-painting-by-ferle_oil-on-canvas-140x200_12.jpg\",\"width\":1000,\"height\":1441},{\"@type\":\"BreadcrumbList\",\"@id\":\"https:\\\/\\\/artistics.com\\\/fr\\\/oeuvre\\\/sans-titre-xvi-serie-abstrait-moyens-formats\\\/#breadcrumb\",\"itemListElement\":[{\"@type\":\"ListItem\",\"position\":1,\"name\":\"Achat \u0153uvre d'art\",\"item\":\"https:\\\/\\\/artistics.com\\\/fr\\\/\"},{\"@type\":\"ListItem\",\"position\":2,\"name\":\"Galerie\",\"item\":\"https:\\\/\\\/artistics.com\\\/fr\\\/galerie\\\/\"},{\"@type\":\"ListItem\",\"position\":3,\"name\":\"Peinture contemporaine\",\"item\":\"https:\\\/\\\/artistics.com\\\/fr\\\/categorie-oeuvre\\\/peinture-contemporaine\\\/\"},{\"@type\":\"ListItem\",\"position\":4,\"name\":\"Sans titre XVI, s\u00e9rie Abstrait (moyens formats)\"}]},{\"@type\":\"WebSite\",\"@id\":\"https:\\\/\\\/artistics.com\\\/fr\\\/#website\",\"url\":\"https:\\\/\\\/artistics.com\\\/fr\\\/\",\"name\":\"Artistics\",\"description\":\"The online art gallery\",\"publisher\":{\"@id\":\"https:\\\/\\\/artistics.com\\\/fr\\\/#organization\"},\"potentialAction\":[{\"@type\":\"SearchAction\",\"target\":{\"@type\":\"EntryPoint\",\"urlTemplate\":\"https:\\\/\\\/artistics.com\\\/fr\\\/?s={search_term_string}\"},\"query-input\":{\"@type\":\"PropertyValueSpecification\",\"valueRequired\":true,\"valueName\":\"search_term_string\"}}],\"inLanguage\":\"fr-FR\"},{\"@type\":\"Organization\",\"@id\":\"https:\\\/\\\/artistics.com\\\/fr\\\/#organization\",\"name\":\"Artistics\",\"url\":\"https:\\\/\\\/artistics.com\\\/fr\\\/\",\"logo\":{\"@type\":\"ImageObject\",\"inLanguage\":\"fr-FR\",\"@id\":\"https:\\\/\\\/artistics.com\\\/fr\\\/#\\\/schema\\\/logo\\\/image\\\/\",\"url\":\"https:\\\/\\\/artistics.com\\\/wp-content\\\/uploads\\\/2023\\\/02\\\/artistics-logo-web-1.svg\",\"contentUrl\":\"https:\\\/\\\/artistics.com\\\/wp-content\\\/uploads\\\/2023\\\/02\\\/artistics-logo-web-1.svg\",\"caption\":\"Artistics\"},\"image\":{\"@id\":\"https:\\\/\\\/artistics.com\\\/fr\\\/#\\\/schema\\\/logo\\\/image\\\/\"},\"sameAs\":[\"https:\\\/\\\/www.facebook.com\\\/ArtisticsMag\",\"https:\\\/\\\/x.com\\\/Artistics_FR\",\"http:\\\/\\\/www.linkedin.com\\\/company\\\/artistics\",\"https:\\\/\\\/www.instagram.com\\\/artistics_com\\\/\",\"http:\\\/\\\/www.pinterest.com\\\/ArtisticsMag\"],\"hasMerchantReturnPolicy\":{\"@type\":\"MerchantReturnPolicy\",\"merchantReturnLink\":\"https:\\\/\\\/artistics.com\\\/free-return-policy\\\/\"}}]}<\/script>\n<meta property=\"product:price:amount\" content=\"3500\" \/>\n<meta property=\"product:price:currency\" content=\"EUR\" \/>\n<meta property=\"og:availability\" content=\"instock\" \/>\n<meta property=\"product:availability\" content=\"instock\" \/>\n<meta property=\"product:retailer_item_id\" content=\"7985\" \/>\n<meta property=\"product:condition\" content=\"new\" \/>\n<!-- \/ Yoast SEO Premium plugin. -->","yoast_head_json":{"title":"Artistics | Sans titre XVI, s\u00e9rie Abstrait (moyens formats) par Ferle - Peinture contemporaine","description":"Sans titre XVI, s\u00e9rie Abstrait (moyens formats) par Ferle - achat d'\u0153uvres d'art contemporain originales sur la galerie d'art en ligne Artistics.","robots":{"index":"index","follow":"follow","max-snippet":"max-snippet:-1","max-image-preview":"max-image-preview:large","max-video-preview":"max-video-preview:-1"},"canonical":"https:\/\/artistics.com\/fr\/oeuvre\/sans-titre-xvi-serie-abstrait-moyens-formats\/","og_locale":"fr_FR","og_type":"article","og_title":"Sans titre XVI, s\u00e9rie Abstrait (moyens formats)","og_description":"Sans titre XVI, s\u00e9rie Abstrait (moyens formats) par Ferle - achat d'\u0153uvres d'art contemporain originales sur la galerie d'art en ligne Artistics.","og_url":"https:\/\/artistics.com\/fr\/oeuvre\/sans-titre-xvi-serie-abstrait-moyens-formats\/","og_site_name":"Artistics","article_publisher":"https:\/\/www.facebook.com\/ArtisticsMag","article_modified_time":"2023-11-30T09:59:47+00:00","og_image":[{"width":1000,"height":1441,"url":"https:\/\/artistics.com\/wp-content\/uploads\/2023\/04\/sans-titre-xvi-abstract-painting-by-ferle_oil-on-canvas-140x200_12.jpg","type":"image\/jpeg"}],"twitter_card":"summary_large_image","twitter_site":"@Artistics_FR","twitter_misc":{"Prix":"3 500&nbsp;&euro;","Disponibilit\u00e9":"En stock"},"schema":{"@context":"https:\/\/schema.org","@graph":[{"@type":["WebPage","ItemPage"],"@id":"https:\/\/artistics.com\/fr\/oeuvre\/sans-titre-xvi-serie-abstrait-moyens-formats\/","url":"https:\/\/artistics.com\/fr\/oeuvre\/sans-titre-xvi-serie-abstrait-moyens-formats\/","name":"Artistics | Sans titre XVI, s\u00e9rie Abstrait (moyens formats) par Ferle - Peinture contemporaine","isPartOf":{"@id":"https:\/\/artistics.com\/fr\/#website"},"primaryImageOfPage":{"@id":"https:\/\/artistics.com\/fr\/oeuvre\/sans-titre-xvi-serie-abstrait-moyens-formats\/#primaryimage"},"image":{"@id":"https:\/\/artistics.com\/fr\/oeuvre\/sans-titre-xvi-serie-abstrait-moyens-formats\/#primaryimage"},"thumbnailUrl":"https:\/\/artistics.com\/wp-content\/uploads\/2023\/04\/sans-titre-xvi-abstract-painting-by-ferle_oil-on-canvas-140x200_12.jpg","datePublished":"2021-03-30T14:31:04+00:00","dateModified":"2023-11-30T09:59:47+00:00","description":"Sans titre XVI, s\u00e9rie Abstrait (moyens formats) par Ferle - achat d'\u0153uvres d'art contemporain originales sur la galerie d'art en ligne Artistics.","breadcrumb":{"@id":"https:\/\/artistics.com\/fr\/oeuvre\/sans-titre-xvi-serie-abstrait-moyens-formats\/#breadcrumb"},"inLanguage":"fr-FR","potentialAction":[{"@type":"ReadAction","target":["https:\/\/artistics.com\/fr\/oeuvre\/sans-titre-xvi-serie-abstrait-moyens-formats\/"]}]},{"@type":"ImageObject","inLanguage":"fr-FR","@id":"https:\/\/artistics.com\/fr\/oeuvre\/sans-titre-xvi-serie-abstrait-moyens-formats\/#primaryimage","url":"https:\/\/artistics.com\/wp-content\/uploads\/2023\/04\/sans-titre-xvi-abstract-painting-by-ferle_oil-on-canvas-140x200_12.jpg","contentUrl":"https:\/\/artistics.com\/wp-content\/uploads\/2023\/04\/sans-titre-xvi-abstract-painting-by-ferle_oil-on-canvas-140x200_12.jpg","width":1000,"height":1441},{"@type":"BreadcrumbList","@id":"https:\/\/artistics.com\/fr\/oeuvre\/sans-titre-xvi-serie-abstrait-moyens-formats\/#breadcrumb","itemListElement":[{"@type":"ListItem","position":1,"name":"Achat \u0153uvre d'art","item":"https:\/\/artistics.com\/fr\/"},{"@type":"ListItem","position":2,"name":"Galerie","item":"https:\/\/artistics.com\/fr\/galerie\/"},{"@type":"ListItem","position":3,"name":"Peinture contemporaine","item":"https:\/\/artistics.com\/fr\/categorie-oeuvre\/peinture-contemporaine\/"},{"@type":"ListItem","position":4,"name":"Sans titre XVI, s\u00e9rie Abstrait (moyens formats)"}]},{"@type":"WebSite","@id":"https:\/\/artistics.com\/fr\/#website","url":"https:\/\/artistics.com\/fr\/","name":"Artistics","description":"The online art gallery","publisher":{"@id":"https:\/\/artistics.com\/fr\/#organization"},"potentialAction":[{"@type":"SearchAction","target":{"@type":"EntryPoint","urlTemplate":"https:\/\/artistics.com\/fr\/?s={search_term_string}"},"query-input":{"@type":"PropertyValueSpecification","valueRequired":true,"valueName":"search_term_string"}}],"inLanguage":"fr-FR"},{"@type":"Organization","@id":"https:\/\/artistics.com\/fr\/#organization","name":"Artistics","url":"https:\/\/artistics.com\/fr\/","logo":{"@type":"ImageObject","inLanguage":"fr-FR","@id":"https:\/\/artistics.com\/fr\/#\/schema\/logo\/image\/","url":"https:\/\/artistics.com\/wp-content\/uploads\/2023\/02\/artistics-logo-web-1.svg","contentUrl":"https:\/\/artistics.com\/wp-content\/uploads\/2023\/02\/artistics-logo-web-1.svg","caption":"Artistics"},"image":{"@id":"https:\/\/artistics.com\/fr\/#\/schema\/logo\/image\/"},"sameAs":["https:\/\/www.facebook.com\/ArtisticsMag","https:\/\/x.com\/Artistics_FR","http:\/\/www.linkedin.com\/company\/artistics","https:\/\/www.instagram.com\/artistics_com\/","http:\/\/www.pinterest.com\/ArtisticsMag"],"hasMerchantReturnPolicy":{"@type":"MerchantReturnPolicy","merchantReturnLink":"https:\/\/artistics.com\/free-return-policy\/"}}]},"product_price_amount":"3500","product_price_currency":"EUR","og_availability":"instock","product_availability":"instock","product_retailer_item_id":"7985","product_condition":"new"},"_links":{"self":[{"href":"https:\/\/artistics.com\/fr\/wp-json\/wp\/v2\/product\/22571","targetHints":{"allow":["GET"]}}],"collection":[{"href":"https:\/\/artistics.com\/fr\/wp-json\/wp\/v2\/product"}],"about":[{"href":"https:\/\/artistics.com\/fr\/wp-json\/wp\/v2\/types\/product"}],"acf:term":[{"embeddable":true,"taxonomy":"series","href":"https:\/\/artistics.com\/fr\/wp-json\/wp\/v2\/series\/1869"},{"embeddable":true,"taxonomy":"product_tag","href":"https:\/\/artistics.com\/fr\/wp-json\/wp\/v2\/product_tag\/566"},{"embeddable":true,"taxonomy":"product_cat","href":"https:\/\/artistics.com\/fr\/wp-json\/wp\/v2\/product_cat\/236"},{"embeddable":true,"taxonomy":"product_cat","href":"https:\/\/artistics.com\/fr\/wp-json\/wp\/v2\/product_cat\/216"},{"embeddable":true,"taxonomy":"product_cat","href":"https:\/\/artistics.com\/fr\/wp-json\/wp\/v2\/product_cat\/2600"},{"embeddable":true,"taxonomy":"product_cat","href":"https:\/\/artistics.com\/fr\/wp-json\/wp\/v2\/product_cat\/189"},{"embeddable":true,"taxonomy":"product_cat","href":"https:\/\/artistics.com\/fr\/wp-json\/wp\/v2\/product_cat\/407"},{"embeddable":true,"taxonomy":"product_cat","href":"https:\/\/artistics.com\/fr\/wp-json\/wp\/v2\/product_cat\/174"},{"embeddable":true,"taxonomy":"product_cat","href":"https:\/\/artistics.com\/fr\/wp-json\/wp\/v2\/product_cat\/169"},{"embeddable":true,"taxonomy":"product_cat","href":"https:\/\/artistics.com\/fr\/wp-json\/wp\/v2\/product_cat\/162"}],"acf:post":[{"embeddable":true,"href":"https:\/\/artistics.com\/fr\/wp-json\/wp\/v2\/artist\/2764"}],"wp:featuredmedia":[{"embeddable":true,"href":"https:\/\/artistics.com\/fr\/wp-json\/wp\/v2\/media\/13915"}],"wp:attachment":[{"href":"https:\/\/artistics.com\/fr\/wp-json\/wp\/v2\/media?parent=22571"}],"wp:term":[{"taxonomy":"product_cat","embeddable":true,"href":"https:\/\/artistics.com\/fr\/wp-json\/wp\/v2\/product_cat?post=22571"},{"taxonomy":"product_tag","embeddable":true,"href":"https:\/\/artistics.com\/fr\/wp-json\/wp\/v2\/product_tag?post=22571"},{"taxonomy":"series","embeddable":true,"href":"https:\/\/artistics.com\/fr\/wp-json\/wp\/v2\/series?post=22571"}],"curies":[{"name":"wp","href":"https:\/\/api.w.org\/{rel}","templated":true}]}}