{"id":22502,"date":"2020-11-17T15:50:56","date_gmt":"2020-11-17T14:50:56","guid":{"rendered":"https:\/\/2022.devartistics.com\/artwork\/pecheur-sur-echasse-ii\/"},"modified":"2023-04-22T02:03:29","modified_gmt":"2023-04-22T00:03:29","slug":"pecheur-sur-echasse-ii","status":"publish","type":"product","link":"https:\/\/artistics.com\/fr\/oeuvre\/pecheur-sur-echasse-ii\/","title":{"rendered":"P\u00eacheur sur \u00e9chasse II"},"content":{"rendered":"","protected":false},"excerpt":{"rendered":"","protected":false},"featured_media":13356,"template":"","meta":{"_acf_changed":false,"_searchwp_excluded":"","inline_featured_image":false},"product_cat":[192,236,216,196,420,164,208,209,212],"product_tag":[518],"series":[1952],"class_list":{"0":"post-22502","1":"product","2":"type-product","3":"status-publish","4":"has-post-thumbnail","6":"product_cat-art-figuratif","7":"product_cat-de-3000-a-10-000-e","8":"product_cat-moyen","9":"product_cat-portrait-et-figure","10":"product_cat-scene-de-vie","11":"product_cat-sculpture-contemporaine","12":"product_cat-sculpture-en-bronze","13":"product_cat-sculpture-figurative","14":"product_cat-sculpture-portrait-et-figure","15":"product_tag-homme","16":"series-marine-de-soos-pecheurs-fr","18":"first","19":"instock","20":"taxable","21":"shipping-taxable","22":"purchasable","23":"product-type-simple"},"acf":{"artwork_artist":[2758],"artwork_medium":164,"artwork_categories":[212,208,209],"artwork_overall-tones":[],"artwork_main-material":[],"artwork_art-genre":[420,196],"artwork_art-movement":[192],"artwork_miscellaneous":[],"artwork_formats":[216],"artwork_price-ranges":[236],"artwork_main_subject":[518],"artwork_technique":[],"artwork_featured_location":[],"artwork_dominant_color":[],"artwork_physical_attributes":[],"artwork_creation_date":"20190101","artwork_unique_piece":false,"artwork_description":"Sculpture en bronze","artwork_signature":"Signed artwork","artwork_authenticity":"The artwork is sold with a certificate of authenticity signed by the artist.","artwork_framing":"not_specified","artwork_has_custom_framing_info":false,"artwork_custom_framing_info":"Not specified","artwork_location_country":"FR","artwork_location_city":"Paris","artwork_location_zipcode":"75006","artwork_shipment_type":"3D_artwork","artwork_shipping_delivery":"sculpture_edition_production_time","artwork_has_custom_shipping_delivery_info":false,"artwork_custom_shipping_delivery_info":"Not specified","artwork_360_view_url":"https:\/\/embed.imajize.com\/4538713","artwork_video_url":"","artwork_video_format":[],"artwork_preview_type":"featured_image","artwork_reserved":false,"artwork_hide_price":false,"artwork_about":"<p ><strong><em>P\u00eacheur sur \u00e9chasse II<\/em><\/strong> est une sculpture en bronze de l\u2019artiste contemporaine\u00a0fran\u00e7aise Marine de Soos. Cette \u0153uvre d\u2019art figuratif\u00a0repr\u00e9sente un jeune homme debout, torse nu et simplement v\u00eatu d\u2019un pagne et d\u2019un turban. Le personnage perch\u00e9 semble fig\u00e9 dans une attente interminable. Inspir\u00e9e d\u2019une sc\u00e8ne de vie imaginaire ou v\u00e9cue par l\u2019artiste,\u00a0une po\u00e9sie certaine \u00e9mane de la finesse de ce p\u00e9cheur en bronze.<\/p><p >\u0152uvre d\u2019art originale : sculpture sign\u00e9e et num\u00e9rot\u00e9e dans une limite de 8 exemplaires et 4 \u00e9preuves d\u2019artiste.<\/p><p ><em>Marine de Soos garde de son enfance une ouverture au monde qui impr\u00e8gne son parcours autant que sa cr\u00e9ation. Pour chacune de ses sculptures, l\u2019artiste puise son inspiration dans ses souvenirs, ceux des paysages d\u2019Orient et d\u2019Afrique qu\u2019elle connait bien. Quelle que soit l\u2019image de d\u00e9part, celle-ci est toujours associ\u00e9e \u00e0 une \u00e9motion : \"Je n\u2019arrive \u00e0 travailler que quand je suis dans l\u2019\u00e9motion\" dit l\u2019artiste. L\u2019\u00e9motion pour seul guide et, \u00e0 l\u2019arriv\u00e9e, une invitation au voyage qui distille une rare po\u00e9sie et plonge le spectateur dans un \u00e9tat contemplatif\u2026<\/em><\/p><p >Pour plus d\u2019informations \u00e0 propos de la r\u00e9alisation de cette pi\u00e8ce,\u00a0<span ><a href=\"https:\/\/artistics.com\/fr\/artzine\/lart-de-la-fonte\/\"><span >cliquez ici<\/span><\/a><\/span>.<\/p><p >Cr\u00e9dits photos :\u00a0Catherine de Torquat<\/p>","artwork_series":[1952],"artwork_query_group":"20","artwork_lowest_grid_position":1,"artwork_random_position":8551938,"explicit_sensitive_content":false,"drupal_id":"7647"},"yoast_head":"<!-- This site is optimized with the Yoast SEO Premium plugin v27.3 (Yoast SEO v27.3) - https:\/\/yoast.com\/product\/yoast-seo-premium-wordpress\/ -->\n<title>Artistics | P\u00eacheur sur \u00e9chasse II par Marine de Soos - Sculpture contemporaine<\/title>\n<meta name=\"description\" content=\"P\u00eacheur sur \u00e9chasse II par Marine de Soos - achat d&#039;\u0153uvres d&#039;art contemporain originales sur la galerie d&#039;art en ligne Artistics.\" \/>\n<meta name=\"robots\" content=\"index, follow, max-snippet:-1, max-image-preview:large, max-video-preview:-1\" \/>\n<link rel=\"canonical\" href=\"https:\/\/artistics.com\/fr\/oeuvre\/pecheur-sur-echasse-ii\/\" \/>\n<meta property=\"og:locale\" content=\"fr_FR\" \/>\n<meta property=\"og:type\" content=\"article\" \/>\n<meta property=\"og:title\" content=\"P\u00eacheur sur \u00e9chasse II\" \/>\n<meta property=\"og:description\" content=\"P\u00eacheur sur \u00e9chasse II par Marine de Soos - achat d&#039;\u0153uvres d&#039;art contemporain originales sur la galerie d&#039;art en ligne Artistics.\" \/>\n<meta property=\"og:url\" content=\"https:\/\/artistics.com\/fr\/oeuvre\/pecheur-sur-echasse-ii\/\" \/>\n<meta property=\"og:site_name\" content=\"Artistics\" \/>\n<meta property=\"article:publisher\" content=\"https:\/\/www.facebook.com\/ArtisticsMag\" \/>\n<meta property=\"article:modified_time\" content=\"2023-04-22T00:03:29+00:00\" \/>\n<meta property=\"og:image\" content=\"https:\/\/artistics.com\/wp-content\/uploads\/2023\/04\/pecheur-sur-echasse-ii-figurative-bronze-sculpture-by-marine-de-soos-scaled.jpeg\" \/>\n\t<meta property=\"og:image:width\" content=\"1706\" \/>\n\t<meta property=\"og:image:height\" content=\"2560\" \/>\n\t<meta property=\"og:image:type\" content=\"image\/jpeg\" \/>\n<meta name=\"twitter:card\" content=\"summary_large_image\" \/>\n<meta name=\"twitter:site\" content=\"@Artistics_FR\" \/>\n<meta name=\"twitter:label1\" content=\"Prix\" \/>\n\t<meta name=\"twitter:data1\" content=\"4 200&nbsp;&euro;\" \/>\n\t<meta name=\"twitter:label2\" content=\"Disponibilit\u00e9\" \/>\n\t<meta name=\"twitter:data2\" content=\"En stock\" \/>\n<script type=\"application\/ld+json\" class=\"yoast-schema-graph\">{\"@context\":\"https:\\\/\\\/schema.org\",\"@graph\":[{\"@type\":[\"WebPage\",\"ItemPage\"],\"@id\":\"https:\\\/\\\/artistics.com\\\/fr\\\/oeuvre\\\/pecheur-sur-echasse-ii\\\/\",\"url\":\"https:\\\/\\\/artistics.com\\\/fr\\\/oeuvre\\\/pecheur-sur-echasse-ii\\\/\",\"name\":\"Artistics | P\u00eacheur sur \u00e9chasse II par Marine de Soos - Sculpture contemporaine\",\"isPartOf\":{\"@id\":\"https:\\\/\\\/artistics.com\\\/fr\\\/#website\"},\"primaryImageOfPage\":{\"@id\":\"https:\\\/\\\/artistics.com\\\/fr\\\/oeuvre\\\/pecheur-sur-echasse-ii\\\/#primaryimage\"},\"image\":{\"@id\":\"https:\\\/\\\/artistics.com\\\/fr\\\/oeuvre\\\/pecheur-sur-echasse-ii\\\/#primaryimage\"},\"thumbnailUrl\":\"https:\\\/\\\/artistics.com\\\/wp-content\\\/uploads\\\/2023\\\/04\\\/pecheur-sur-echasse-ii-figurative-bronze-sculpture-by-marine-de-soos-scaled.jpeg\",\"datePublished\":\"2020-11-17T14:50:56+00:00\",\"dateModified\":\"2023-04-22T00:03:29+00:00\",\"description\":\"P\u00eacheur sur \u00e9chasse II par Marine de Soos - achat d'\u0153uvres d'art contemporain originales sur la galerie d'art en ligne Artistics.\",\"breadcrumb\":{\"@id\":\"https:\\\/\\\/artistics.com\\\/fr\\\/oeuvre\\\/pecheur-sur-echasse-ii\\\/#breadcrumb\"},\"inLanguage\":\"fr-FR\",\"potentialAction\":[{\"@type\":\"ReadAction\",\"target\":[\"https:\\\/\\\/artistics.com\\\/fr\\\/oeuvre\\\/pecheur-sur-echasse-ii\\\/\"]}]},{\"@type\":\"ImageObject\",\"inLanguage\":\"fr-FR\",\"@id\":\"https:\\\/\\\/artistics.com\\\/fr\\\/oeuvre\\\/pecheur-sur-echasse-ii\\\/#primaryimage\",\"url\":\"https:\\\/\\\/artistics.com\\\/wp-content\\\/uploads\\\/2023\\\/04\\\/pecheur-sur-echasse-ii-figurative-bronze-sculpture-by-marine-de-soos-scaled.jpeg\",\"contentUrl\":\"https:\\\/\\\/artistics.com\\\/wp-content\\\/uploads\\\/2023\\\/04\\\/pecheur-sur-echasse-ii-figurative-bronze-sculpture-by-marine-de-soos-scaled.jpeg\",\"width\":1706,\"height\":2560},{\"@type\":\"BreadcrumbList\",\"@id\":\"https:\\\/\\\/artistics.com\\\/fr\\\/oeuvre\\\/pecheur-sur-echasse-ii\\\/#breadcrumb\",\"itemListElement\":[{\"@type\":\"ListItem\",\"position\":1,\"name\":\"Achat \u0153uvre d'art\",\"item\":\"https:\\\/\\\/artistics.com\\\/fr\\\/\"},{\"@type\":\"ListItem\",\"position\":2,\"name\":\"Galerie\",\"item\":\"https:\\\/\\\/artistics.com\\\/fr\\\/galerie\\\/\"},{\"@type\":\"ListItem\",\"position\":3,\"name\":\"Sculpture contemporaine\",\"item\":\"https:\\\/\\\/artistics.com\\\/fr\\\/categorie-oeuvre\\\/sculpture-contemporaine\\\/\"},{\"@type\":\"ListItem\",\"position\":4,\"name\":\"P\u00eacheur sur \u00e9chasse II\"}]},{\"@type\":\"WebSite\",\"@id\":\"https:\\\/\\\/artistics.com\\\/fr\\\/#website\",\"url\":\"https:\\\/\\\/artistics.com\\\/fr\\\/\",\"name\":\"Artistics\",\"description\":\"The online art gallery\",\"publisher\":{\"@id\":\"https:\\\/\\\/artistics.com\\\/fr\\\/#organization\"},\"potentialAction\":[{\"@type\":\"SearchAction\",\"target\":{\"@type\":\"EntryPoint\",\"urlTemplate\":\"https:\\\/\\\/artistics.com\\\/fr\\\/?s={search_term_string}\"},\"query-input\":{\"@type\":\"PropertyValueSpecification\",\"valueRequired\":true,\"valueName\":\"search_term_string\"}}],\"inLanguage\":\"fr-FR\"},{\"@type\":\"Organization\",\"@id\":\"https:\\\/\\\/artistics.com\\\/fr\\\/#organization\",\"name\":\"Artistics\",\"url\":\"https:\\\/\\\/artistics.com\\\/fr\\\/\",\"logo\":{\"@type\":\"ImageObject\",\"inLanguage\":\"fr-FR\",\"@id\":\"https:\\\/\\\/artistics.com\\\/fr\\\/#\\\/schema\\\/logo\\\/image\\\/\",\"url\":\"https:\\\/\\\/artistics.com\\\/wp-content\\\/uploads\\\/2023\\\/02\\\/artistics-logo-web-1.svg\",\"contentUrl\":\"https:\\\/\\\/artistics.com\\\/wp-content\\\/uploads\\\/2023\\\/02\\\/artistics-logo-web-1.svg\",\"caption\":\"Artistics\"},\"image\":{\"@id\":\"https:\\\/\\\/artistics.com\\\/fr\\\/#\\\/schema\\\/logo\\\/image\\\/\"},\"sameAs\":[\"https:\\\/\\\/www.facebook.com\\\/ArtisticsMag\",\"https:\\\/\\\/x.com\\\/Artistics_FR\",\"http:\\\/\\\/www.linkedin.com\\\/company\\\/artistics\",\"https:\\\/\\\/www.instagram.com\\\/artistics_com\\\/\",\"http:\\\/\\\/www.pinterest.com\\\/ArtisticsMag\"],\"hasMerchantReturnPolicy\":{\"@type\":\"MerchantReturnPolicy\",\"merchantReturnLink\":\"https:\\\/\\\/artistics.com\\\/free-return-policy\\\/\"}}]}<\/script>\n<meta property=\"product:price:amount\" content=\"4200\" \/>\n<meta property=\"product:price:currency\" content=\"EUR\" \/>\n<meta property=\"og:availability\" content=\"instock\" \/>\n<meta property=\"product:availability\" content=\"instock\" \/>\n<meta property=\"product:retailer_item_id\" content=\"7648\" \/>\n<meta property=\"product:condition\" content=\"new\" \/>\n<!-- \/ Yoast SEO Premium plugin. -->","yoast_head_json":{"title":"Artistics | P\u00eacheur sur \u00e9chasse II par Marine de Soos - Sculpture contemporaine","description":"P\u00eacheur sur \u00e9chasse II par Marine de Soos - achat d'\u0153uvres d'art contemporain originales sur la galerie d'art en ligne Artistics.","robots":{"index":"index","follow":"follow","max-snippet":"max-snippet:-1","max-image-preview":"max-image-preview:large","max-video-preview":"max-video-preview:-1"},"canonical":"https:\/\/artistics.com\/fr\/oeuvre\/pecheur-sur-echasse-ii\/","og_locale":"fr_FR","og_type":"article","og_title":"P\u00eacheur sur \u00e9chasse II","og_description":"P\u00eacheur sur \u00e9chasse II par Marine de Soos - achat d'\u0153uvres d'art contemporain originales sur la galerie d'art en ligne Artistics.","og_url":"https:\/\/artistics.com\/fr\/oeuvre\/pecheur-sur-echasse-ii\/","og_site_name":"Artistics","article_publisher":"https:\/\/www.facebook.com\/ArtisticsMag","article_modified_time":"2023-04-22T00:03:29+00:00","og_image":[{"width":1706,"height":2560,"url":"https:\/\/artistics.com\/wp-content\/uploads\/2023\/04\/pecheur-sur-echasse-ii-figurative-bronze-sculpture-by-marine-de-soos-scaled.jpeg","type":"image\/jpeg"}],"twitter_card":"summary_large_image","twitter_site":"@Artistics_FR","twitter_misc":{"Prix":"4 200&nbsp;&euro;","Disponibilit\u00e9":"En stock"},"schema":{"@context":"https:\/\/schema.org","@graph":[{"@type":["WebPage","ItemPage"],"@id":"https:\/\/artistics.com\/fr\/oeuvre\/pecheur-sur-echasse-ii\/","url":"https:\/\/artistics.com\/fr\/oeuvre\/pecheur-sur-echasse-ii\/","name":"Artistics | P\u00eacheur sur \u00e9chasse II par Marine de Soos - Sculpture contemporaine","isPartOf":{"@id":"https:\/\/artistics.com\/fr\/#website"},"primaryImageOfPage":{"@id":"https:\/\/artistics.com\/fr\/oeuvre\/pecheur-sur-echasse-ii\/#primaryimage"},"image":{"@id":"https:\/\/artistics.com\/fr\/oeuvre\/pecheur-sur-echasse-ii\/#primaryimage"},"thumbnailUrl":"https:\/\/artistics.com\/wp-content\/uploads\/2023\/04\/pecheur-sur-echasse-ii-figurative-bronze-sculpture-by-marine-de-soos-scaled.jpeg","datePublished":"2020-11-17T14:50:56+00:00","dateModified":"2023-04-22T00:03:29+00:00","description":"P\u00eacheur sur \u00e9chasse II par Marine de Soos - achat d'\u0153uvres d'art contemporain originales sur la galerie d'art en ligne Artistics.","breadcrumb":{"@id":"https:\/\/artistics.com\/fr\/oeuvre\/pecheur-sur-echasse-ii\/#breadcrumb"},"inLanguage":"fr-FR","potentialAction":[{"@type":"ReadAction","target":["https:\/\/artistics.com\/fr\/oeuvre\/pecheur-sur-echasse-ii\/"]}]},{"@type":"ImageObject","inLanguage":"fr-FR","@id":"https:\/\/artistics.com\/fr\/oeuvre\/pecheur-sur-echasse-ii\/#primaryimage","url":"https:\/\/artistics.com\/wp-content\/uploads\/2023\/04\/pecheur-sur-echasse-ii-figurative-bronze-sculpture-by-marine-de-soos-scaled.jpeg","contentUrl":"https:\/\/artistics.com\/wp-content\/uploads\/2023\/04\/pecheur-sur-echasse-ii-figurative-bronze-sculpture-by-marine-de-soos-scaled.jpeg","width":1706,"height":2560},{"@type":"BreadcrumbList","@id":"https:\/\/artistics.com\/fr\/oeuvre\/pecheur-sur-echasse-ii\/#breadcrumb","itemListElement":[{"@type":"ListItem","position":1,"name":"Achat \u0153uvre d'art","item":"https:\/\/artistics.com\/fr\/"},{"@type":"ListItem","position":2,"name":"Galerie","item":"https:\/\/artistics.com\/fr\/galerie\/"},{"@type":"ListItem","position":3,"name":"Sculpture contemporaine","item":"https:\/\/artistics.com\/fr\/categorie-oeuvre\/sculpture-contemporaine\/"},{"@type":"ListItem","position":4,"name":"P\u00eacheur sur \u00e9chasse II"}]},{"@type":"WebSite","@id":"https:\/\/artistics.com\/fr\/#website","url":"https:\/\/artistics.com\/fr\/","name":"Artistics","description":"The online art gallery","publisher":{"@id":"https:\/\/artistics.com\/fr\/#organization"},"potentialAction":[{"@type":"SearchAction","target":{"@type":"EntryPoint","urlTemplate":"https:\/\/artistics.com\/fr\/?s={search_term_string}"},"query-input":{"@type":"PropertyValueSpecification","valueRequired":true,"valueName":"search_term_string"}}],"inLanguage":"fr-FR"},{"@type":"Organization","@id":"https:\/\/artistics.com\/fr\/#organization","name":"Artistics","url":"https:\/\/artistics.com\/fr\/","logo":{"@type":"ImageObject","inLanguage":"fr-FR","@id":"https:\/\/artistics.com\/fr\/#\/schema\/logo\/image\/","url":"https:\/\/artistics.com\/wp-content\/uploads\/2023\/02\/artistics-logo-web-1.svg","contentUrl":"https:\/\/artistics.com\/wp-content\/uploads\/2023\/02\/artistics-logo-web-1.svg","caption":"Artistics"},"image":{"@id":"https:\/\/artistics.com\/fr\/#\/schema\/logo\/image\/"},"sameAs":["https:\/\/www.facebook.com\/ArtisticsMag","https:\/\/x.com\/Artistics_FR","http:\/\/www.linkedin.com\/company\/artistics","https:\/\/www.instagram.com\/artistics_com\/","http:\/\/www.pinterest.com\/ArtisticsMag"],"hasMerchantReturnPolicy":{"@type":"MerchantReturnPolicy","merchantReturnLink":"https:\/\/artistics.com\/free-return-policy\/"}}]},"product_price_amount":"4200","product_price_currency":"EUR","og_availability":"instock","product_availability":"instock","product_retailer_item_id":"7648","product_condition":"new"},"_links":{"self":[{"href":"https:\/\/artistics.com\/fr\/wp-json\/wp\/v2\/product\/22502","targetHints":{"allow":["GET"]}}],"collection":[{"href":"https:\/\/artistics.com\/fr\/wp-json\/wp\/v2\/product"}],"about":[{"href":"https:\/\/artistics.com\/fr\/wp-json\/wp\/v2\/types\/product"}],"acf:term":[{"embeddable":true,"taxonomy":"series","href":"https:\/\/artistics.com\/fr\/wp-json\/wp\/v2\/series\/1952"},{"embeddable":true,"taxonomy":"product_tag","href":"https:\/\/artistics.com\/fr\/wp-json\/wp\/v2\/product_tag\/518"},{"embeddable":true,"taxonomy":"product_cat","href":"https:\/\/artistics.com\/fr\/wp-json\/wp\/v2\/product_cat\/236"},{"embeddable":true,"taxonomy":"product_cat","href":"https:\/\/artistics.com\/fr\/wp-json\/wp\/v2\/product_cat\/216"},{"embeddable":true,"taxonomy":"product_cat","href":"https:\/\/artistics.com\/fr\/wp-json\/wp\/v2\/product_cat\/192"},{"embeddable":true,"taxonomy":"product_cat","href":"https:\/\/artistics.com\/fr\/wp-json\/wp\/v2\/product_cat\/196"},{"embeddable":true,"taxonomy":"product_cat","href":"https:\/\/artistics.com\/fr\/wp-json\/wp\/v2\/product_cat\/420"},{"embeddable":true,"taxonomy":"product_cat","href":"https:\/\/artistics.com\/fr\/wp-json\/wp\/v2\/product_cat\/209"},{"embeddable":true,"taxonomy":"product_cat","href":"https:\/\/artistics.com\/fr\/wp-json\/wp\/v2\/product_cat\/208"},{"embeddable":true,"taxonomy":"product_cat","href":"https:\/\/artistics.com\/fr\/wp-json\/wp\/v2\/product_cat\/212"},{"embeddable":true,"taxonomy":"product_cat","href":"https:\/\/artistics.com\/fr\/wp-json\/wp\/v2\/product_cat\/164"}],"acf:post":[{"embeddable":true,"href":"https:\/\/artistics.com\/fr\/wp-json\/wp\/v2\/artist\/2758"}],"wp:featuredmedia":[{"embeddable":true,"href":"https:\/\/artistics.com\/fr\/wp-json\/wp\/v2\/media\/13356"}],"wp:attachment":[{"href":"https:\/\/artistics.com\/fr\/wp-json\/wp\/v2\/media?parent=22502"}],"wp:term":[{"taxonomy":"product_cat","embeddable":true,"href":"https:\/\/artistics.com\/fr\/wp-json\/wp\/v2\/product_cat?post=22502"},{"taxonomy":"product_tag","embeddable":true,"href":"https:\/\/artistics.com\/fr\/wp-json\/wp\/v2\/product_tag?post=22502"},{"taxonomy":"series","embeddable":true,"href":"https:\/\/artistics.com\/fr\/wp-json\/wp\/v2\/series?post=22502"}],"curies":[{"name":"wp","href":"https:\/\/api.w.org\/{rel}","templated":true}]}}