{"id":22478,"date":"2020-10-12T12:51:17","date_gmt":"2020-10-12T10:51:17","guid":{"rendered":"https:\/\/2022.devartistics.com\/artwork\/salut-michel-ange-iii\/"},"modified":"2024-02-22T18:47:38","modified_gmt":"2024-02-22T17:47:38","slug":"salut-michel-ange-iii","status":"publish","type":"product","link":"https:\/\/artistics.com\/fr\/oeuvre\/salut-michel-ange-iii\/","title":{"rendered":"Salut Michel-Ange III"},"content":{"rendered":"","protected":false},"excerpt":{"rendered":"","protected":false},"featured_media":13180,"template":"","meta":{"_acf_changed":false,"_searchwp_excluded":"","inline_featured_image":false},"product_cat":[2488,162,170,173,192,196,216,236],"product_tag":[531,535,2506,545],"series":[1904],"class_list":{"0":"post-22478","1":"product","2":"type-product","3":"status-publish","4":"has-post-thumbnail","6":"product_cat-oeuvre-dart-asiatique","7":"product_cat-peinture-contemporaine","8":"product_cat-peinture-figurative","9":"product_cat-tableau-portrait-et-figure","10":"product_cat-art-figuratif","11":"product_cat-portrait-et-figure","12":"product_cat-moyen","13":"product_cat-de-3000-a-10-000-e","14":"product_tag-calligraphie","15":"product_tag-encre","16":"product_tag-peinture-texturee","17":"product_tag-technique-mixte","18":"series-hongyu-zhang-salut-aux-maitres","20":"first","21":"instock","22":"shipping-taxable","23":"purchasable","24":"product-type-simple"},"acf":{"artwork_artist":[2761],"artwork_medium":162,"artwork_categories":[170,173],"artwork_overall-tones":[],"artwork_main-material":[],"artwork_art-genre":[196],"artwork_art-movement":[192,2488],"artwork_miscellaneous":[],"artwork_formats":[216],"artwork_price-ranges":[236],"artwork_main_subject":[],"artwork_technique":[531,535,545],"artwork_featured_location":[],"artwork_dominant_color":[],"artwork_physical_attributes":[2506],"artwork_creation_date":"20190101","artwork_unique_piece":true,"artwork_description":"Encre de chine, pastel, acrylique, gravure et collage sur carton maroufl\u00e9 sur toile","artwork_signature":"\u0152uvre sign\u00e9e","artwork_authenticity":"L\u2019\u0153uvre est vendue avec un certificat d\u2019authenticit\u00e9 sign\u00e9 par l\u2019artiste.","artwork_framing":"framed","artwork_has_custom_framing_info":true,"artwork_custom_framing_info":"Cette \u0153uvre est vendue encadr\u00e9e (caisse am\u00e9ricaine).","artwork_location_country":"FR","artwork_location_city":"Paris","artwork_location_zipcode":"95220","artwork_shipment_type":"2D_flat_artwork","artwork_shipping_delivery":"painting_immediate_availability","artwork_has_custom_shipping_delivery_info":false,"artwork_custom_shipping_delivery_info":"Not specified","artwork_360_view_url":"","artwork_video_url":"https:\/\/www.youtube.com\/watch\/1s6qCgrMLIU","artwork_video_format":["vertical"],"artwork_preview_type":"featured_image","artwork_reserved":false,"artwork_hide_price":false,"artwork_about":"<strong><em>Salut Michel-Ange III<\/em><\/strong><em>\u00a0<\/em>est un tableau de l'artiste contemporain chinois Hongyu Zhang.\r\n\r\nL\u2019artiste a choisi de repr\u00e9senter le c\u00e9l\u00e8bre David de Michel Ange expos\u00e9 \u00e0 la galerie de l\u2019Acad\u00e9mie de Florence en Italie. L\u2019artiste tente, selon ses propres mots, d\u2019en \u00ab capter l\u2019\u00e9nergie \u00bb sur un support en deux dimensions \u00e0 l\u2019aide des techniques dont il ma\u00eetrise parfaitement les ressources expressives : la gravure et la peinture. En clin d\u2019\u0153il \u00e0 l\u2019artiste de la Renaissance, Hongyu Zhang a peint une dizaine de fois le message \u00ab Salut Michel-Ange \u00bb, comme un mantra familier, r\u00e9p\u00e9t\u00e9 pour invoquer l\u2019esprit du ma\u00eetre ou percer le secret de son g\u00e9nie.\r\n\r\nAvec une grande \u00e9conomie de couleurs (du noir, \u00e9clair\u00e9 par quelques touches color\u00e9es de pastel) et une impressionnante virtuosit\u00e9 technique, Hongyu Zhang parvient \u00e0 saisir la beaut\u00e9 et la pr\u00e9sence de ce chef d\u2019oeuvre de la Renaissance. Gr\u00e2ce \u00e0 la gravure, il saisit les contours et les volumes de la statue en creusant la surface de son support (un panneau en carton). Le trait - un h\u00e9ritage de sa formation \u00e0 la calligraphie traditionnelle chinoise - est l'\u00e9l\u00e9ment fondamental de son art : il lui sert ici \u00e0 donner du dynamisme, et m\u00eame une impression de mouvement \u00e0 son sujet. L'artiste applique ensuite ses couleurs \u00e0 l'aide de diff\u00e9rentes techniques : l'encre, la peinture acrylique et le pastel.\r\n\r\nCette peinture est sign\u00e9e et vendue encadr\u00e9e.","artwork_series":[1904],"artwork_query_group":"20","artwork_lowest_grid_position":1,"artwork_random_position":7894189,"explicit_sensitive_content":false,"drupal_id":"7548"},"yoast_head":"<!-- This site is optimized with the Yoast SEO Premium plugin v27.3 (Yoast SEO v27.3) - https:\/\/yoast.com\/product\/yoast-seo-premium-wordpress\/ -->\n<title>Artistics | Salut Michel-Ange III par Hongyu Zhang - Peinture contemporaine<\/title>\n<meta name=\"description\" content=\"Salut Michel-Ange III par Hongyu Zhang - achat d&#039;\u0153uvres d&#039;art contemporain originales sur la galerie d&#039;art en ligne Artistics.\" \/>\n<meta name=\"robots\" content=\"index, follow, max-snippet:-1, max-image-preview:large, max-video-preview:-1\" \/>\n<link rel=\"canonical\" href=\"https:\/\/artistics.com\/fr\/oeuvre\/salut-michel-ange-iii\/\" \/>\n<meta property=\"og:locale\" content=\"fr_FR\" \/>\n<meta property=\"og:type\" content=\"article\" \/>\n<meta property=\"og:title\" content=\"Salut Michel-Ange III\" \/>\n<meta property=\"og:description\" content=\"Salut Michel-Ange III par Hongyu Zhang - achat d&#039;\u0153uvres d&#039;art contemporain originales sur la galerie d&#039;art en ligne Artistics.\" \/>\n<meta property=\"og:url\" content=\"https:\/\/artistics.com\/fr\/oeuvre\/salut-michel-ange-iii\/\" \/>\n<meta property=\"og:site_name\" content=\"Artistics\" \/>\n<meta property=\"article:publisher\" content=\"https:\/\/www.facebook.com\/ArtisticsMag\" \/>\n<meta property=\"article:modified_time\" content=\"2024-02-22T17:47:38+00:00\" \/>\n<meta property=\"og:image\" content=\"https:\/\/artistics.com\/wp-content\/uploads\/2023\/04\/salut-michel-ange_-3-contemporary-portrait-painting-by-hongyu-zhang-scaled.jpg\" \/>\n\t<meta property=\"og:image:width\" content=\"1809\" \/>\n\t<meta property=\"og:image:height\" content=\"2560\" \/>\n\t<meta property=\"og:image:type\" content=\"image\/jpeg\" \/>\n<meta name=\"twitter:card\" content=\"summary_large_image\" \/>\n<meta name=\"twitter:site\" content=\"@Artistics_FR\" \/>\n<meta name=\"twitter:label1\" content=\"Prix\" \/>\n\t<meta name=\"twitter:data1\" content=\"8 400&nbsp;&euro;\" \/>\n\t<meta name=\"twitter:label2\" content=\"Disponibilit\u00e9\" \/>\n\t<meta name=\"twitter:data2\" content=\"En stock\" \/>\n<script type=\"application\/ld+json\" class=\"yoast-schema-graph\">{\"@context\":\"https:\\\/\\\/schema.org\",\"@graph\":[{\"@type\":[\"WebPage\",\"ItemPage\"],\"@id\":\"https:\\\/\\\/artistics.com\\\/fr\\\/oeuvre\\\/salut-michel-ange-iii\\\/\",\"url\":\"https:\\\/\\\/artistics.com\\\/fr\\\/oeuvre\\\/salut-michel-ange-iii\\\/\",\"name\":\"Artistics | Salut Michel-Ange III par Hongyu Zhang - Peinture contemporaine\",\"isPartOf\":{\"@id\":\"https:\\\/\\\/artistics.com\\\/fr\\\/#website\"},\"primaryImageOfPage\":{\"@id\":\"https:\\\/\\\/artistics.com\\\/fr\\\/oeuvre\\\/salut-michel-ange-iii\\\/#primaryimage\"},\"image\":{\"@id\":\"https:\\\/\\\/artistics.com\\\/fr\\\/oeuvre\\\/salut-michel-ange-iii\\\/#primaryimage\"},\"thumbnailUrl\":\"https:\\\/\\\/artistics.com\\\/wp-content\\\/uploads\\\/2023\\\/04\\\/salut-michel-ange_-3-contemporary-portrait-painting-by-hongyu-zhang-scaled.jpg\",\"datePublished\":\"2020-10-12T10:51:17+00:00\",\"dateModified\":\"2024-02-22T17:47:38+00:00\",\"description\":\"Salut Michel-Ange III par Hongyu Zhang - achat d'\u0153uvres d'art contemporain originales sur la galerie d'art en ligne Artistics.\",\"breadcrumb\":{\"@id\":\"https:\\\/\\\/artistics.com\\\/fr\\\/oeuvre\\\/salut-michel-ange-iii\\\/#breadcrumb\"},\"inLanguage\":\"fr-FR\",\"potentialAction\":[{\"@type\":\"ReadAction\",\"target\":[\"https:\\\/\\\/artistics.com\\\/fr\\\/oeuvre\\\/salut-michel-ange-iii\\\/\"]}]},{\"@type\":\"ImageObject\",\"inLanguage\":\"fr-FR\",\"@id\":\"https:\\\/\\\/artistics.com\\\/fr\\\/oeuvre\\\/salut-michel-ange-iii\\\/#primaryimage\",\"url\":\"https:\\\/\\\/artistics.com\\\/wp-content\\\/uploads\\\/2023\\\/04\\\/salut-michel-ange_-3-contemporary-portrait-painting-by-hongyu-zhang-scaled.jpg\",\"contentUrl\":\"https:\\\/\\\/artistics.com\\\/wp-content\\\/uploads\\\/2023\\\/04\\\/salut-michel-ange_-3-contemporary-portrait-painting-by-hongyu-zhang-scaled.jpg\",\"width\":1809,\"height\":2560},{\"@type\":\"BreadcrumbList\",\"@id\":\"https:\\\/\\\/artistics.com\\\/fr\\\/oeuvre\\\/salut-michel-ange-iii\\\/#breadcrumb\",\"itemListElement\":[{\"@type\":\"ListItem\",\"position\":1,\"name\":\"Achat \u0153uvre d'art\",\"item\":\"https:\\\/\\\/artistics.com\\\/fr\\\/\"},{\"@type\":\"ListItem\",\"position\":2,\"name\":\"Galerie\",\"item\":\"https:\\\/\\\/artistics.com\\\/fr\\\/galerie\\\/\"},{\"@type\":\"ListItem\",\"position\":3,\"name\":\"Peinture contemporaine\",\"item\":\"https:\\\/\\\/artistics.com\\\/fr\\\/categorie-oeuvre\\\/peinture-contemporaine\\\/\"},{\"@type\":\"ListItem\",\"position\":4,\"name\":\"Salut Michel-Ange III\"}]},{\"@type\":\"WebSite\",\"@id\":\"https:\\\/\\\/artistics.com\\\/fr\\\/#website\",\"url\":\"https:\\\/\\\/artistics.com\\\/fr\\\/\",\"name\":\"Artistics\",\"description\":\"The online art gallery\",\"publisher\":{\"@id\":\"https:\\\/\\\/artistics.com\\\/fr\\\/#organization\"},\"potentialAction\":[{\"@type\":\"SearchAction\",\"target\":{\"@type\":\"EntryPoint\",\"urlTemplate\":\"https:\\\/\\\/artistics.com\\\/fr\\\/?s={search_term_string}\"},\"query-input\":{\"@type\":\"PropertyValueSpecification\",\"valueRequired\":true,\"valueName\":\"search_term_string\"}}],\"inLanguage\":\"fr-FR\"},{\"@type\":\"Organization\",\"@id\":\"https:\\\/\\\/artistics.com\\\/fr\\\/#organization\",\"name\":\"Artistics\",\"url\":\"https:\\\/\\\/artistics.com\\\/fr\\\/\",\"logo\":{\"@type\":\"ImageObject\",\"inLanguage\":\"fr-FR\",\"@id\":\"https:\\\/\\\/artistics.com\\\/fr\\\/#\\\/schema\\\/logo\\\/image\\\/\",\"url\":\"https:\\\/\\\/artistics.com\\\/wp-content\\\/uploads\\\/2023\\\/02\\\/artistics-logo-web-1.svg\",\"contentUrl\":\"https:\\\/\\\/artistics.com\\\/wp-content\\\/uploads\\\/2023\\\/02\\\/artistics-logo-web-1.svg\",\"caption\":\"Artistics\"},\"image\":{\"@id\":\"https:\\\/\\\/artistics.com\\\/fr\\\/#\\\/schema\\\/logo\\\/image\\\/\"},\"sameAs\":[\"https:\\\/\\\/www.facebook.com\\\/ArtisticsMag\",\"https:\\\/\\\/x.com\\\/Artistics_FR\",\"http:\\\/\\\/www.linkedin.com\\\/company\\\/artistics\",\"https:\\\/\\\/www.instagram.com\\\/artistics_com\\\/\",\"http:\\\/\\\/www.pinterest.com\\\/ArtisticsMag\"],\"hasMerchantReturnPolicy\":{\"@type\":\"MerchantReturnPolicy\",\"merchantReturnLink\":\"https:\\\/\\\/artistics.com\\\/free-return-policy\\\/\"}}]}<\/script>\n<meta property=\"product:price:amount\" content=\"8400\" \/>\n<meta property=\"product:price:currency\" content=\"EUR\" \/>\n<meta property=\"og:availability\" content=\"instock\" \/>\n<meta property=\"product:availability\" content=\"instock\" \/>\n<meta property=\"product:retailer_item_id\" content=\"7549\" \/>\n<meta property=\"product:condition\" content=\"new\" \/>\n<!-- \/ Yoast SEO Premium plugin. -->","yoast_head_json":{"title":"Artistics | Salut Michel-Ange III par Hongyu Zhang - Peinture contemporaine","description":"Salut Michel-Ange III par Hongyu Zhang - achat d'\u0153uvres d'art contemporain originales sur la galerie d'art en ligne Artistics.","robots":{"index":"index","follow":"follow","max-snippet":"max-snippet:-1","max-image-preview":"max-image-preview:large","max-video-preview":"max-video-preview:-1"},"canonical":"https:\/\/artistics.com\/fr\/oeuvre\/salut-michel-ange-iii\/","og_locale":"fr_FR","og_type":"article","og_title":"Salut Michel-Ange III","og_description":"Salut Michel-Ange III par Hongyu Zhang - achat d'\u0153uvres d'art contemporain originales sur la galerie d'art en ligne Artistics.","og_url":"https:\/\/artistics.com\/fr\/oeuvre\/salut-michel-ange-iii\/","og_site_name":"Artistics","article_publisher":"https:\/\/www.facebook.com\/ArtisticsMag","article_modified_time":"2024-02-22T17:47:38+00:00","og_image":[{"width":1809,"height":2560,"url":"https:\/\/artistics.com\/wp-content\/uploads\/2023\/04\/salut-michel-ange_-3-contemporary-portrait-painting-by-hongyu-zhang-scaled.jpg","type":"image\/jpeg"}],"twitter_card":"summary_large_image","twitter_site":"@Artistics_FR","twitter_misc":{"Prix":"8 400&nbsp;&euro;","Disponibilit\u00e9":"En stock"},"schema":{"@context":"https:\/\/schema.org","@graph":[{"@type":["WebPage","ItemPage"],"@id":"https:\/\/artistics.com\/fr\/oeuvre\/salut-michel-ange-iii\/","url":"https:\/\/artistics.com\/fr\/oeuvre\/salut-michel-ange-iii\/","name":"Artistics | Salut Michel-Ange III par Hongyu Zhang - Peinture contemporaine","isPartOf":{"@id":"https:\/\/artistics.com\/fr\/#website"},"primaryImageOfPage":{"@id":"https:\/\/artistics.com\/fr\/oeuvre\/salut-michel-ange-iii\/#primaryimage"},"image":{"@id":"https:\/\/artistics.com\/fr\/oeuvre\/salut-michel-ange-iii\/#primaryimage"},"thumbnailUrl":"https:\/\/artistics.com\/wp-content\/uploads\/2023\/04\/salut-michel-ange_-3-contemporary-portrait-painting-by-hongyu-zhang-scaled.jpg","datePublished":"2020-10-12T10:51:17+00:00","dateModified":"2024-02-22T17:47:38+00:00","description":"Salut Michel-Ange III par Hongyu Zhang - achat d'\u0153uvres d'art contemporain originales sur la galerie d'art en ligne Artistics.","breadcrumb":{"@id":"https:\/\/artistics.com\/fr\/oeuvre\/salut-michel-ange-iii\/#breadcrumb"},"inLanguage":"fr-FR","potentialAction":[{"@type":"ReadAction","target":["https:\/\/artistics.com\/fr\/oeuvre\/salut-michel-ange-iii\/"]}]},{"@type":"ImageObject","inLanguage":"fr-FR","@id":"https:\/\/artistics.com\/fr\/oeuvre\/salut-michel-ange-iii\/#primaryimage","url":"https:\/\/artistics.com\/wp-content\/uploads\/2023\/04\/salut-michel-ange_-3-contemporary-portrait-painting-by-hongyu-zhang-scaled.jpg","contentUrl":"https:\/\/artistics.com\/wp-content\/uploads\/2023\/04\/salut-michel-ange_-3-contemporary-portrait-painting-by-hongyu-zhang-scaled.jpg","width":1809,"height":2560},{"@type":"BreadcrumbList","@id":"https:\/\/artistics.com\/fr\/oeuvre\/salut-michel-ange-iii\/#breadcrumb","itemListElement":[{"@type":"ListItem","position":1,"name":"Achat \u0153uvre d'art","item":"https:\/\/artistics.com\/fr\/"},{"@type":"ListItem","position":2,"name":"Galerie","item":"https:\/\/artistics.com\/fr\/galerie\/"},{"@type":"ListItem","position":3,"name":"Peinture contemporaine","item":"https:\/\/artistics.com\/fr\/categorie-oeuvre\/peinture-contemporaine\/"},{"@type":"ListItem","position":4,"name":"Salut Michel-Ange III"}]},{"@type":"WebSite","@id":"https:\/\/artistics.com\/fr\/#website","url":"https:\/\/artistics.com\/fr\/","name":"Artistics","description":"The online art gallery","publisher":{"@id":"https:\/\/artistics.com\/fr\/#organization"},"potentialAction":[{"@type":"SearchAction","target":{"@type":"EntryPoint","urlTemplate":"https:\/\/artistics.com\/fr\/?s={search_term_string}"},"query-input":{"@type":"PropertyValueSpecification","valueRequired":true,"valueName":"search_term_string"}}],"inLanguage":"fr-FR"},{"@type":"Organization","@id":"https:\/\/artistics.com\/fr\/#organization","name":"Artistics","url":"https:\/\/artistics.com\/fr\/","logo":{"@type":"ImageObject","inLanguage":"fr-FR","@id":"https:\/\/artistics.com\/fr\/#\/schema\/logo\/image\/","url":"https:\/\/artistics.com\/wp-content\/uploads\/2023\/02\/artistics-logo-web-1.svg","contentUrl":"https:\/\/artistics.com\/wp-content\/uploads\/2023\/02\/artistics-logo-web-1.svg","caption":"Artistics"},"image":{"@id":"https:\/\/artistics.com\/fr\/#\/schema\/logo\/image\/"},"sameAs":["https:\/\/www.facebook.com\/ArtisticsMag","https:\/\/x.com\/Artistics_FR","http:\/\/www.linkedin.com\/company\/artistics","https:\/\/www.instagram.com\/artistics_com\/","http:\/\/www.pinterest.com\/ArtisticsMag"],"hasMerchantReturnPolicy":{"@type":"MerchantReturnPolicy","merchantReturnLink":"https:\/\/artistics.com\/free-return-policy\/"}}]},"product_price_amount":"8400","product_price_currency":"EUR","og_availability":"instock","product_availability":"instock","product_retailer_item_id":"7549","product_condition":"new"},"_links":{"self":[{"href":"https:\/\/artistics.com\/fr\/wp-json\/wp\/v2\/product\/22478","targetHints":{"allow":["GET"]}}],"collection":[{"href":"https:\/\/artistics.com\/fr\/wp-json\/wp\/v2\/product"}],"about":[{"href":"https:\/\/artistics.com\/fr\/wp-json\/wp\/v2\/types\/product"}],"acf:term":[{"embeddable":true,"taxonomy":"series","href":"https:\/\/artistics.com\/fr\/wp-json\/wp\/v2\/series\/1904"},{"embeddable":true,"taxonomy":"product_tag","href":"https:\/\/artistics.com\/fr\/wp-json\/wp\/v2\/product_tag\/2506"},{"embeddable":true,"taxonomy":"product_tag","href":"https:\/\/artistics.com\/fr\/wp-json\/wp\/v2\/product_tag\/545"},{"embeddable":true,"taxonomy":"product_tag","href":"https:\/\/artistics.com\/fr\/wp-json\/wp\/v2\/product_tag\/535"},{"embeddable":true,"taxonomy":"product_tag","href":"https:\/\/artistics.com\/fr\/wp-json\/wp\/v2\/product_tag\/531"},{"embeddable":true,"taxonomy":"product_cat","href":"https:\/\/artistics.com\/fr\/wp-json\/wp\/v2\/product_cat\/236"},{"embeddable":true,"taxonomy":"product_cat","href":"https:\/\/artistics.com\/fr\/wp-json\/wp\/v2\/product_cat\/216"},{"embeddable":true,"taxonomy":"product_cat","href":"https:\/\/artistics.com\/fr\/wp-json\/wp\/v2\/product_cat\/2488"},{"embeddable":true,"taxonomy":"product_cat","href":"https:\/\/artistics.com\/fr\/wp-json\/wp\/v2\/product_cat\/192"},{"embeddable":true,"taxonomy":"product_cat","href":"https:\/\/artistics.com\/fr\/wp-json\/wp\/v2\/product_cat\/196"},{"embeddable":true,"taxonomy":"product_cat","href":"https:\/\/artistics.com\/fr\/wp-json\/wp\/v2\/product_cat\/173"},{"embeddable":true,"taxonomy":"product_cat","href":"https:\/\/artistics.com\/fr\/wp-json\/wp\/v2\/product_cat\/170"},{"embeddable":true,"taxonomy":"product_cat","href":"https:\/\/artistics.com\/fr\/wp-json\/wp\/v2\/product_cat\/162"}],"acf:post":[{"embeddable":true,"href":"https:\/\/artistics.com\/fr\/wp-json\/wp\/v2\/artist\/2761"}],"wp:featuredmedia":[{"embeddable":true,"href":"https:\/\/artistics.com\/fr\/wp-json\/wp\/v2\/media\/13180"}],"wp:attachment":[{"href":"https:\/\/artistics.com\/fr\/wp-json\/wp\/v2\/media?parent=22478"}],"wp:term":[{"taxonomy":"product_cat","embeddable":true,"href":"https:\/\/artistics.com\/fr\/wp-json\/wp\/v2\/product_cat?post=22478"},{"taxonomy":"product_tag","embeddable":true,"href":"https:\/\/artistics.com\/fr\/wp-json\/wp\/v2\/product_tag?post=22478"},{"taxonomy":"series","embeddable":true,"href":"https:\/\/artistics.com\/fr\/wp-json\/wp\/v2\/series?post=22478"}],"curies":[{"name":"wp","href":"https:\/\/api.w.org\/{rel}","templated":true}]}}