{"id":22392,"date":"2020-02-28T16:11:59","date_gmt":"2020-02-28T15:11:59","guid":{"rendered":"https:\/\/2022.devartistics.com\/artwork\/bagamoyo-fishermen-7-serie-tanzanie\/"},"modified":"2024-02-23T18:15:03","modified_gmt":"2024-02-23T17:15:03","slug":"bagamoyo-fishermen-7-serie-tanzanie","status":"publish","type":"product","link":"https:\/\/artistics.com\/fr\/oeuvre\/bagamoyo-fishermen-7-serie-tanzanie\/","title":{"rendered":"Bagamoyo Fishermen 7, s\u00e9rie Tanzanie"},"content":{"rendered":"","protected":false},"excerpt":{"rendered":"","protected":false},"featured_media":12410,"template":"","meta":{"_acf_changed":false,"_searchwp_excluded":"","inline_featured_image":false},"product_cat":[420,162,170,173,192,216,237],"product_tag":[539],"series":[1813],"class_list":{"0":"post-22392","1":"product","2":"type-product","3":"status-publish","4":"has-post-thumbnail","6":"product_cat-scene-de-vie","7":"product_cat-peinture-contemporaine","8":"product_cat-peinture-figurative","9":"product_cat-tableau-portrait-et-figure","10":"product_cat-art-figuratif","11":"product_cat-moyen","12":"product_cat-moins-de-1000-e","13":"product_tag-estampe-edition-art","14":"series-calo-carratala-gravures","16":"first","17":"instock","18":"shipping-taxable","19":"purchasable","20":"product-type-simple"},"acf":{"artwork_artist":[2787],"artwork_medium":162,"artwork_categories":[420,170,173],"artwork_overall-tones":[],"artwork_main-material":[],"artwork_art-genre":[420],"artwork_art-movement":[192],"artwork_miscellaneous":[],"artwork_formats":[216],"artwork_price-ranges":[237],"artwork_main_subject":[],"artwork_technique":[539],"artwork_featured_location":[],"artwork_dominant_color":[],"artwork_physical_attributes":[],"artwork_creation_date":"20190101","artwork_unique_piece":false,"artwork_description":"Gravure, aquatinte et pointe s\u00e8che sur papier Zercall Artrag 300gr","artwork_signature":"\u0152uvre sign\u00e9e","artwork_authenticity":"L\u2019\u0153uvre est vendue avec un certificat d\u2019authenticit\u00e9 sign\u00e9 par l\u2019artiste.","artwork_framing":"unframed","artwork_has_custom_framing_info":false,"artwork_custom_framing_info":"Not specified","artwork_location_country":"ES","artwork_location_city":"Alaquas  - Valencia","artwork_location_zipcode":"46970","artwork_shipment_type":"2D_flat_artwork","artwork_shipping_delivery":"painting_immediate_availability","artwork_has_custom_shipping_delivery_info":false,"artwork_custom_shipping_delivery_info":"Not specified","artwork_360_view_url":"","artwork_video_url":"","artwork_video_format":[],"artwork_preview_type":"featured_image","artwork_reserved":false,"artwork_hide_price":false,"artwork_about":"<p ><strong><em>Bagamoyo Fishermen 7 <\/em><\/strong>est une gravure de l\u2019artiste contemporain espagnol Calo Carratal\u00e1, issue de la s\u00e9rie \"Tanzanie\".<\/p><p >Cette \u0153uvre d\u2019art repr\u00e9sente un homme revenant sur la rive, sortant son filet de p\u00eache de l'eau. L\u2019artiste capture le mouvement du p\u00e9cheur et les ondulations de l\u2019eau avec une approche artistique similaire \u00e0 celui de l\u2019Impressionnisme. Bagamoyo est une ville en Tanzanie, situ\u00e9e sur la c\u00f4te de l'Oc\u00e9an Indien. Calo Carratal\u00e1 explore la Tanzanie avec pour objectif de trouver de nouveaux sujets. L\u2019artiste prend plaisir \u00e0 rechercher toujours de nouveaux th\u00e8mes gr\u00e2ce au voyage. Il s\u2019agit de collectionner le monde \u00e0 travers des notes et des photos. Le dessin devient alors, pour lui, le moyen de revivre son voyage.<\/p><p >Edition de 30, chaque \u00e9dition est sign\u00e9e\u00a0et num\u00e9rot\u00e9e par l\u2019artiste.\u00a0L\u2019\u0153uvre est vendue non encadr\u00e9e.\u00a0<\/p><p >Dimensions de l\u2019\u0153uvre : 37,5 cm x 53,5 cm<\/p><p >Dimensions de la gravure : 17 cm x 27,5 cm<\/p><p ><em>Calo Carratal\u00e1 est un artiste contemporain espagnol, \u00e9tabli \u00e0 Valence, sp\u00e9cialis\u00e9 dans la peinture de paysage. Passionn\u00e9 par les voyages, il parcourt l\u2019Amazonie, le Colorado, en passant par les Alpes ou les Pyr\u00e9n\u00e9es, jusqu\u2019aux for\u00eats norv\u00e9giennes. Toujours muni d\u2019un carnet de croquis, l\u2019artiste immortalise in situ les sensations que lui procurent ces panoramas. A la mani\u00e8re des peintres romantiques, Calo Carratal\u00e1 d\u00e9peint une nature \u00e0 la fois tourment\u00e9e, peut-\u00eatre m\u00eame inqui\u00e9tante, et \u00e0 la fois grandiose suscitant admiration et contemplation.<\/em><\/p>","artwork_series":[1813],"artwork_query_group":"10","artwork_lowest_grid_position":1,"artwork_random_position":6136500,"explicit_sensitive_content":false,"drupal_id":"7030"},"yoast_head":"<!-- This site is optimized with the Yoast SEO Premium plugin v27.3 (Yoast SEO v27.3) - https:\/\/yoast.com\/product\/yoast-seo-premium-wordpress\/ -->\n<title>Artistics | Bagamoyo Fishermen 7, s\u00e9rie Tanzanie par Calo Carratal\u00e1 - Peinture contemporaine<\/title>\n<meta name=\"description\" content=\"Bagamoyo Fishermen 7, s\u00e9rie Tanzanie par Calo Carratal\u00e1 - achat d&#039;\u0153uvres d&#039;art contemporain originales sur la galerie d&#039;art en ligne Artistics.\" \/>\n<meta name=\"robots\" content=\"index, follow, max-snippet:-1, max-image-preview:large, max-video-preview:-1\" \/>\n<link rel=\"canonical\" href=\"https:\/\/artistics.com\/fr\/oeuvre\/bagamoyo-fishermen-7-serie-tanzanie\/\" \/>\n<meta property=\"og:locale\" content=\"fr_FR\" \/>\n<meta property=\"og:type\" content=\"article\" \/>\n<meta property=\"og:title\" content=\"Bagamoyo Fishermen 7, s\u00e9rie Tanzanie\" \/>\n<meta property=\"og:description\" content=\"Bagamoyo Fishermen 7, s\u00e9rie Tanzanie par Calo Carratal\u00e1 - achat d&#039;\u0153uvres d&#039;art contemporain originales sur la galerie d&#039;art en ligne Artistics.\" \/>\n<meta property=\"og:url\" content=\"https:\/\/artistics.com\/fr\/oeuvre\/bagamoyo-fishermen-7-serie-tanzanie\/\" \/>\n<meta property=\"og:site_name\" content=\"Artistics\" \/>\n<meta property=\"article:publisher\" content=\"https:\/\/www.facebook.com\/ArtisticsMag\" \/>\n<meta property=\"article:modified_time\" content=\"2024-02-23T17:15:03+00:00\" \/>\n<meta property=\"og:image\" content=\"https:\/\/artistics.com\/wp-content\/uploads\/2023\/04\/bagamoyo-fishermen-7-landscape-painting-by-calo-carratala_14.jpg\" \/>\n\t<meta property=\"og:image:width\" content=\"1821\" \/>\n\t<meta property=\"og:image:height\" content=\"1300\" \/>\n\t<meta property=\"og:image:type\" content=\"image\/jpeg\" \/>\n<meta name=\"twitter:card\" content=\"summary_large_image\" \/>\n<meta name=\"twitter:site\" content=\"@Artistics_FR\" \/>\n<meta name=\"twitter:label1\" content=\"Prix\" \/>\n\t<meta name=\"twitter:data1\" content=\"135&nbsp;&euro;\" \/>\n\t<meta name=\"twitter:label2\" content=\"Disponibilit\u00e9\" \/>\n\t<meta name=\"twitter:data2\" content=\"En stock\" \/>\n<script type=\"application\/ld+json\" class=\"yoast-schema-graph\">{\"@context\":\"https:\\\/\\\/schema.org\",\"@graph\":[{\"@type\":[\"WebPage\",\"ItemPage\"],\"@id\":\"https:\\\/\\\/artistics.com\\\/fr\\\/oeuvre\\\/bagamoyo-fishermen-7-serie-tanzanie\\\/\",\"url\":\"https:\\\/\\\/artistics.com\\\/fr\\\/oeuvre\\\/bagamoyo-fishermen-7-serie-tanzanie\\\/\",\"name\":\"Artistics | Bagamoyo Fishermen 7, s\u00e9rie Tanzanie par Calo Carratal\u00e1 - Peinture contemporaine\",\"isPartOf\":{\"@id\":\"https:\\\/\\\/artistics.com\\\/fr\\\/#website\"},\"primaryImageOfPage\":{\"@id\":\"https:\\\/\\\/artistics.com\\\/fr\\\/oeuvre\\\/bagamoyo-fishermen-7-serie-tanzanie\\\/#primaryimage\"},\"image\":{\"@id\":\"https:\\\/\\\/artistics.com\\\/fr\\\/oeuvre\\\/bagamoyo-fishermen-7-serie-tanzanie\\\/#primaryimage\"},\"thumbnailUrl\":\"https:\\\/\\\/artistics.com\\\/wp-content\\\/uploads\\\/2023\\\/04\\\/bagamoyo-fishermen-7-landscape-painting-by-calo-carratala_14.jpg\",\"datePublished\":\"2020-02-28T15:11:59+00:00\",\"dateModified\":\"2024-02-23T17:15:03+00:00\",\"description\":\"Bagamoyo Fishermen 7, s\u00e9rie Tanzanie par Calo Carratal\u00e1 - achat d'\u0153uvres d'art contemporain originales sur la galerie d'art en ligne Artistics.\",\"breadcrumb\":{\"@id\":\"https:\\\/\\\/artistics.com\\\/fr\\\/oeuvre\\\/bagamoyo-fishermen-7-serie-tanzanie\\\/#breadcrumb\"},\"inLanguage\":\"fr-FR\",\"potentialAction\":[{\"@type\":\"ReadAction\",\"target\":[\"https:\\\/\\\/artistics.com\\\/fr\\\/oeuvre\\\/bagamoyo-fishermen-7-serie-tanzanie\\\/\"]}]},{\"@type\":\"ImageObject\",\"inLanguage\":\"fr-FR\",\"@id\":\"https:\\\/\\\/artistics.com\\\/fr\\\/oeuvre\\\/bagamoyo-fishermen-7-serie-tanzanie\\\/#primaryimage\",\"url\":\"https:\\\/\\\/artistics.com\\\/wp-content\\\/uploads\\\/2023\\\/04\\\/bagamoyo-fishermen-7-landscape-painting-by-calo-carratala_14.jpg\",\"contentUrl\":\"https:\\\/\\\/artistics.com\\\/wp-content\\\/uploads\\\/2023\\\/04\\\/bagamoyo-fishermen-7-landscape-painting-by-calo-carratala_14.jpg\",\"width\":1821,\"height\":1300},{\"@type\":\"BreadcrumbList\",\"@id\":\"https:\\\/\\\/artistics.com\\\/fr\\\/oeuvre\\\/bagamoyo-fishermen-7-serie-tanzanie\\\/#breadcrumb\",\"itemListElement\":[{\"@type\":\"ListItem\",\"position\":1,\"name\":\"Achat \u0153uvre d'art\",\"item\":\"https:\\\/\\\/artistics.com\\\/fr\\\/\"},{\"@type\":\"ListItem\",\"position\":2,\"name\":\"Galerie\",\"item\":\"https:\\\/\\\/artistics.com\\\/fr\\\/galerie\\\/\"},{\"@type\":\"ListItem\",\"position\":3,\"name\":\"Peinture contemporaine\",\"item\":\"https:\\\/\\\/artistics.com\\\/fr\\\/categorie-oeuvre\\\/peinture-contemporaine\\\/\"},{\"@type\":\"ListItem\",\"position\":4,\"name\":\"Bagamoyo Fishermen 7, s\u00e9rie Tanzanie\"}]},{\"@type\":\"WebSite\",\"@id\":\"https:\\\/\\\/artistics.com\\\/fr\\\/#website\",\"url\":\"https:\\\/\\\/artistics.com\\\/fr\\\/\",\"name\":\"Artistics\",\"description\":\"The online art gallery\",\"publisher\":{\"@id\":\"https:\\\/\\\/artistics.com\\\/fr\\\/#organization\"},\"potentialAction\":[{\"@type\":\"SearchAction\",\"target\":{\"@type\":\"EntryPoint\",\"urlTemplate\":\"https:\\\/\\\/artistics.com\\\/fr\\\/?s={search_term_string}\"},\"query-input\":{\"@type\":\"PropertyValueSpecification\",\"valueRequired\":true,\"valueName\":\"search_term_string\"}}],\"inLanguage\":\"fr-FR\"},{\"@type\":\"Organization\",\"@id\":\"https:\\\/\\\/artistics.com\\\/fr\\\/#organization\",\"name\":\"Artistics\",\"url\":\"https:\\\/\\\/artistics.com\\\/fr\\\/\",\"logo\":{\"@type\":\"ImageObject\",\"inLanguage\":\"fr-FR\",\"@id\":\"https:\\\/\\\/artistics.com\\\/fr\\\/#\\\/schema\\\/logo\\\/image\\\/\",\"url\":\"https:\\\/\\\/artistics.com\\\/wp-content\\\/uploads\\\/2023\\\/02\\\/artistics-logo-web-1.svg\",\"contentUrl\":\"https:\\\/\\\/artistics.com\\\/wp-content\\\/uploads\\\/2023\\\/02\\\/artistics-logo-web-1.svg\",\"caption\":\"Artistics\"},\"image\":{\"@id\":\"https:\\\/\\\/artistics.com\\\/fr\\\/#\\\/schema\\\/logo\\\/image\\\/\"},\"sameAs\":[\"https:\\\/\\\/www.facebook.com\\\/ArtisticsMag\",\"https:\\\/\\\/x.com\\\/Artistics_FR\",\"http:\\\/\\\/www.linkedin.com\\\/company\\\/artistics\",\"https:\\\/\\\/www.instagram.com\\\/artistics_com\\\/\",\"http:\\\/\\\/www.pinterest.com\\\/ArtisticsMag\"],\"hasMerchantReturnPolicy\":{\"@type\":\"MerchantReturnPolicy\",\"merchantReturnLink\":\"https:\\\/\\\/artistics.com\\\/free-return-policy\\\/\"}}]}<\/script>\n<meta property=\"product:price:amount\" content=\"135\" \/>\n<meta property=\"product:price:currency\" content=\"EUR\" \/>\n<meta property=\"og:availability\" content=\"instock\" \/>\n<meta property=\"product:availability\" content=\"instock\" \/>\n<meta property=\"product:retailer_item_id\" content=\"7031\" \/>\n<meta property=\"product:condition\" content=\"new\" \/>\n<!-- \/ Yoast SEO Premium plugin. -->","yoast_head_json":{"title":"Artistics | Bagamoyo Fishermen 7, s\u00e9rie Tanzanie par Calo Carratal\u00e1 - Peinture contemporaine","description":"Bagamoyo Fishermen 7, s\u00e9rie Tanzanie par Calo Carratal\u00e1 - achat d'\u0153uvres d'art contemporain originales sur la galerie d'art en ligne Artistics.","robots":{"index":"index","follow":"follow","max-snippet":"max-snippet:-1","max-image-preview":"max-image-preview:large","max-video-preview":"max-video-preview:-1"},"canonical":"https:\/\/artistics.com\/fr\/oeuvre\/bagamoyo-fishermen-7-serie-tanzanie\/","og_locale":"fr_FR","og_type":"article","og_title":"Bagamoyo Fishermen 7, s\u00e9rie Tanzanie","og_description":"Bagamoyo Fishermen 7, s\u00e9rie Tanzanie par Calo Carratal\u00e1 - achat d'\u0153uvres d'art contemporain originales sur la galerie d'art en ligne Artistics.","og_url":"https:\/\/artistics.com\/fr\/oeuvre\/bagamoyo-fishermen-7-serie-tanzanie\/","og_site_name":"Artistics","article_publisher":"https:\/\/www.facebook.com\/ArtisticsMag","article_modified_time":"2024-02-23T17:15:03+00:00","og_image":[{"width":1821,"height":1300,"url":"https:\/\/artistics.com\/wp-content\/uploads\/2023\/04\/bagamoyo-fishermen-7-landscape-painting-by-calo-carratala_14.jpg","type":"image\/jpeg"}],"twitter_card":"summary_large_image","twitter_site":"@Artistics_FR","twitter_misc":{"Prix":"135&nbsp;&euro;","Disponibilit\u00e9":"En stock"},"schema":{"@context":"https:\/\/schema.org","@graph":[{"@type":["WebPage","ItemPage"],"@id":"https:\/\/artistics.com\/fr\/oeuvre\/bagamoyo-fishermen-7-serie-tanzanie\/","url":"https:\/\/artistics.com\/fr\/oeuvre\/bagamoyo-fishermen-7-serie-tanzanie\/","name":"Artistics | Bagamoyo Fishermen 7, s\u00e9rie Tanzanie par Calo Carratal\u00e1 - Peinture contemporaine","isPartOf":{"@id":"https:\/\/artistics.com\/fr\/#website"},"primaryImageOfPage":{"@id":"https:\/\/artistics.com\/fr\/oeuvre\/bagamoyo-fishermen-7-serie-tanzanie\/#primaryimage"},"image":{"@id":"https:\/\/artistics.com\/fr\/oeuvre\/bagamoyo-fishermen-7-serie-tanzanie\/#primaryimage"},"thumbnailUrl":"https:\/\/artistics.com\/wp-content\/uploads\/2023\/04\/bagamoyo-fishermen-7-landscape-painting-by-calo-carratala_14.jpg","datePublished":"2020-02-28T15:11:59+00:00","dateModified":"2024-02-23T17:15:03+00:00","description":"Bagamoyo Fishermen 7, s\u00e9rie Tanzanie par Calo Carratal\u00e1 - achat d'\u0153uvres d'art contemporain originales sur la galerie d'art en ligne Artistics.","breadcrumb":{"@id":"https:\/\/artistics.com\/fr\/oeuvre\/bagamoyo-fishermen-7-serie-tanzanie\/#breadcrumb"},"inLanguage":"fr-FR","potentialAction":[{"@type":"ReadAction","target":["https:\/\/artistics.com\/fr\/oeuvre\/bagamoyo-fishermen-7-serie-tanzanie\/"]}]},{"@type":"ImageObject","inLanguage":"fr-FR","@id":"https:\/\/artistics.com\/fr\/oeuvre\/bagamoyo-fishermen-7-serie-tanzanie\/#primaryimage","url":"https:\/\/artistics.com\/wp-content\/uploads\/2023\/04\/bagamoyo-fishermen-7-landscape-painting-by-calo-carratala_14.jpg","contentUrl":"https:\/\/artistics.com\/wp-content\/uploads\/2023\/04\/bagamoyo-fishermen-7-landscape-painting-by-calo-carratala_14.jpg","width":1821,"height":1300},{"@type":"BreadcrumbList","@id":"https:\/\/artistics.com\/fr\/oeuvre\/bagamoyo-fishermen-7-serie-tanzanie\/#breadcrumb","itemListElement":[{"@type":"ListItem","position":1,"name":"Achat \u0153uvre d'art","item":"https:\/\/artistics.com\/fr\/"},{"@type":"ListItem","position":2,"name":"Galerie","item":"https:\/\/artistics.com\/fr\/galerie\/"},{"@type":"ListItem","position":3,"name":"Peinture contemporaine","item":"https:\/\/artistics.com\/fr\/categorie-oeuvre\/peinture-contemporaine\/"},{"@type":"ListItem","position":4,"name":"Bagamoyo Fishermen 7, s\u00e9rie Tanzanie"}]},{"@type":"WebSite","@id":"https:\/\/artistics.com\/fr\/#website","url":"https:\/\/artistics.com\/fr\/","name":"Artistics","description":"The online art gallery","publisher":{"@id":"https:\/\/artistics.com\/fr\/#organization"},"potentialAction":[{"@type":"SearchAction","target":{"@type":"EntryPoint","urlTemplate":"https:\/\/artistics.com\/fr\/?s={search_term_string}"},"query-input":{"@type":"PropertyValueSpecification","valueRequired":true,"valueName":"search_term_string"}}],"inLanguage":"fr-FR"},{"@type":"Organization","@id":"https:\/\/artistics.com\/fr\/#organization","name":"Artistics","url":"https:\/\/artistics.com\/fr\/","logo":{"@type":"ImageObject","inLanguage":"fr-FR","@id":"https:\/\/artistics.com\/fr\/#\/schema\/logo\/image\/","url":"https:\/\/artistics.com\/wp-content\/uploads\/2023\/02\/artistics-logo-web-1.svg","contentUrl":"https:\/\/artistics.com\/wp-content\/uploads\/2023\/02\/artistics-logo-web-1.svg","caption":"Artistics"},"image":{"@id":"https:\/\/artistics.com\/fr\/#\/schema\/logo\/image\/"},"sameAs":["https:\/\/www.facebook.com\/ArtisticsMag","https:\/\/x.com\/Artistics_FR","http:\/\/www.linkedin.com\/company\/artistics","https:\/\/www.instagram.com\/artistics_com\/","http:\/\/www.pinterest.com\/ArtisticsMag"],"hasMerchantReturnPolicy":{"@type":"MerchantReturnPolicy","merchantReturnLink":"https:\/\/artistics.com\/free-return-policy\/"}}]},"product_price_amount":"135","product_price_currency":"EUR","og_availability":"instock","product_availability":"instock","product_retailer_item_id":"7031","product_condition":"new"},"_links":{"self":[{"href":"https:\/\/artistics.com\/fr\/wp-json\/wp\/v2\/product\/22392","targetHints":{"allow":["GET"]}}],"collection":[{"href":"https:\/\/artistics.com\/fr\/wp-json\/wp\/v2\/product"}],"about":[{"href":"https:\/\/artistics.com\/fr\/wp-json\/wp\/v2\/types\/product"}],"acf:term":[{"embeddable":true,"taxonomy":"series","href":"https:\/\/artistics.com\/fr\/wp-json\/wp\/v2\/series\/1813"},{"embeddable":true,"taxonomy":"product_tag","href":"https:\/\/artistics.com\/fr\/wp-json\/wp\/v2\/product_tag\/539"},{"embeddable":true,"taxonomy":"product_cat","href":"https:\/\/artistics.com\/fr\/wp-json\/wp\/v2\/product_cat\/237"},{"embeddable":true,"taxonomy":"product_cat","href":"https:\/\/artistics.com\/fr\/wp-json\/wp\/v2\/product_cat\/216"},{"embeddable":true,"taxonomy":"product_cat","href":"https:\/\/artistics.com\/fr\/wp-json\/wp\/v2\/product_cat\/192"},{"embeddable":true,"taxonomy":"product_cat","href":"https:\/\/artistics.com\/fr\/wp-json\/wp\/v2\/product_cat\/173"},{"embeddable":true,"taxonomy":"product_cat","href":"https:\/\/artistics.com\/fr\/wp-json\/wp\/v2\/product_cat\/170"},{"embeddable":true,"taxonomy":"product_cat","href":"https:\/\/artistics.com\/fr\/wp-json\/wp\/v2\/product_cat\/420"},{"embeddable":true,"taxonomy":"product_cat","href":"https:\/\/artistics.com\/fr\/wp-json\/wp\/v2\/product_cat\/162"}],"acf:post":[{"embeddable":true,"href":"https:\/\/artistics.com\/fr\/wp-json\/wp\/v2\/artist\/2787"}],"wp:featuredmedia":[{"embeddable":true,"href":"https:\/\/artistics.com\/fr\/wp-json\/wp\/v2\/media\/12410"}],"wp:attachment":[{"href":"https:\/\/artistics.com\/fr\/wp-json\/wp\/v2\/media?parent=22392"}],"wp:term":[{"taxonomy":"product_cat","embeddable":true,"href":"https:\/\/artistics.com\/fr\/wp-json\/wp\/v2\/product_cat?post=22392"},{"taxonomy":"product_tag","embeddable":true,"href":"https:\/\/artistics.com\/fr\/wp-json\/wp\/v2\/product_tag?post=22392"},{"taxonomy":"series","embeddable":true,"href":"https:\/\/artistics.com\/fr\/wp-json\/wp\/v2\/series?post=22392"}],"curies":[{"name":"wp","href":"https:\/\/api.w.org\/{rel}","templated":true}]}}