{"id":22331,"date":"2019-12-05T15:19:15","date_gmt":"2019-12-05T14:19:15","guid":{"rendered":"https:\/\/2022.devartistics.com\/artwork\/alertez-les-bebes\/"},"modified":"2023-04-22T02:00:02","modified_gmt":"2023-04-22T00:00:02","slug":"alertez-les-bebes","status":"publish","type":"product","link":"https:\/\/artistics.com\/fr\/oeuvre\/alertez-les-bebes\/","title":{"rendered":"Alertez les b\u00e9b\u00e9s"},"content":{"rendered":"","protected":false},"excerpt":{"rendered":"","protected":false},"featured_media":11909,"template":"","meta":{"_acf_changed":false,"_searchwp_excluded":"","inline_featured_image":false},"product_cat":[192,164,236,192,209,236,215,215,196,212,196,164,209,212,213,213],"product_tag":[563,563,510,508,508,510,513,566,566,540,540,368,542,542,368,513],"series":[1820],"class_list":{"0":"post-22331","1":"product","2":"type-product","3":"status-publish","4":"has-post-thumbnail","6":"product_cat-art-figuratif","7":"product_cat-sculpture-contemporaine","8":"product_cat-de-3000-a-10-000-e","10":"product_cat-sculpture-figurative","12":"product_cat-grand","14":"product_cat-portrait-et-figure","15":"product_cat-sculpture-portrait-et-figure","20":"product_cat-sculpture-terre-et-ceramique","22":"product_tag-bleu","24":"product_tag-enfant","25":"product_tag-couple-fr","28":"product_tag-femme","29":"product_tag-gris","31":"product_tag-installation-fr","33":"product_tag-sculpture-grand-format","34":"product_tag-pigment-fr","38":"series-cecile-raynal-a-lenfant-qui-nous-garde-fr","40":"first","41":"instock","42":"taxable","43":"shipping-taxable","44":"purchasable","45":"product-type-simple"},"acf":{"artwork_artist":[2769],"artwork_medium":164,"artwork_categories":[213,212,209],"artwork_overall-tones":[],"artwork_main-material":[],"artwork_art-genre":[196],"artwork_art-movement":[192],"artwork_miscellaneous":[],"artwork_formats":[215],"artwork_price-ranges":[236],"artwork_main_subject":[510,508,513],"artwork_technique":[540,542],"artwork_featured_location":[],"artwork_dominant_color":[563,566],"artwork_physical_attributes":[368],"artwork_creation_date":"20190101","artwork_unique_piece":true,"artwork_description":"Sculpture en gr\u00e8s enfum\u00e9, pigments, socle en cypr\u00e8s","artwork_signature":"Signed artwork","artwork_authenticity":"The artwork is sold with a certificate of authenticity signed by the artist.","artwork_framing":"not_specified","artwork_has_custom_framing_info":false,"artwork_custom_framing_info":"Not specified","artwork_location_country":"FR","artwork_location_city":"Criquetot-l'Esneval","artwork_location_zipcode":"76 280","artwork_shipment_type":"3D_artwork","artwork_shipping_delivery":"sculpture_unique_piece_immediate_availability","artwork_has_custom_shipping_delivery_info":false,"artwork_custom_shipping_delivery_info":"Not specified","artwork_360_view_url":"","artwork_video_url":"","artwork_video_format":[],"artwork_preview_type":"featured_image","artwork_reserved":false,"artwork_hide_price":false,"artwork_about":"<p ><strong><em>Alertez les b\u00e9b\u00e9s<\/em><\/strong>\u00a0est une installation compos\u00e9e de deux sculptures en gr\u00e8s enfum\u00e9 de l\u2019artiste contemporaine C\u00e9cile Raynal. L\u2019\u0153uvre repr\u00e9sente un duo de figures comprenant le buste d\u2019une femme ainsi qu\u2019un b\u00e9b\u00e9 espi\u00e8gle. Les deux sculptures sont travers\u00e9es de pigments de\u00a0couleur bleu qui accentue le lien qu'elles entretiennent. Ce lien est \u00e9galement accentu\u00e9 par les socles des sculptures, envisag\u00e9s par l\u2019artiste comme des Kapla g\u00e9ants qui rappellent l\u2019enfance, th\u00e8me cl\u00e9 de l\u2019exposition \u00ab\u00a0A l\u2019enfant qui nous garde\u00a0\u00bb dont cette pi\u00e8ce fait partie. Dans sa main gauche, la femme tient une t\u00e9tine, et sa main droite semble effectuer un geste d\u00e9termin\u00e9, type de gestes auquel les personnels de sant\u00e9 sont habitu\u00e9s.\u00a0<\/p><p  >Ce portrait fait partie de la s\u00e9rie de sculptures con\u00e7ue par l\u2019artiste \u00e0 partir d\u2019une r\u00e9sidence de huit semaines \u00e0 l\u2019h\u00f4pital priv\u00e9 Natecia de Lyon. Durant plusieurs s\u00e9jours, l\u2019artiste s\u2019est immerg\u00e9e dans la vie de la maternit\u00e9, parcourant ses couloirs avec un cahier de croquis ou modelant directement dans la terre les portraits des personnes qui venaient \u00e0 elle, professionnels de sant\u00e9 comme patients. Ces temps de pose parcourus d\u2019\u00e9changes sensibles ont donn\u00e9 naissance \u00e0 des figures d\u2019argile habit\u00e9es par les circonstances si singuli\u00e8res de ces rencontres : l\u2019attente d\u2019un heureux \u00e9v\u00e9nement, toujours teint\u00e9e d\u2019incertitude, pour les futurs parents ; la passion et la tension, constamment li\u00e9es dans l\u2019activit\u00e9 des \u00e9quipes soignantes.<\/p><p  >De retour \u00e0 l\u2019atelier, d\u2019autres sculptures ont vu le jour. Figures d\u2019animaux, de nouveau-n\u00e9s, de peluches, litt\u00e9ralement chor\u00e9graphi\u00e9es sur des blocs de bois, sont venues dialoguer avec les portraits. C\u00e9cile Raynal a tiss\u00e9 dans ses sculptures des liens po\u00e9tiques, incongrus ou ludiques, en \u00e9cho aux perceptions et aux r\u00e9flexions qui ont nourris sa r\u00e9sidence. Pour la sculptrice, la maternit\u00e9 est apparue en v\u00e9ritable caisse de r\u00e9sonance de questions fondamentales telles quelles le rapport \u00e0 la vie et \u00e0 l\u2019enfance ou la parentalit\u00e9 et ses enjeux de pouvoir.<\/p><p  >Cette sculpture est une pi\u00e8ce unique, vendue avec un certificat d'authenticit\u00e9.\u00a0<\/p><p  ><em>Dimensions de la Femme au foulard : 62 cm H x 37 cm L x 31 cm P<\/em><\/p><p  ><em>Dimensions du socle de la Femme au foulard : 94 cm H x 39 cm L x 29 cm P<\/em><\/p><p  ><em>Dimensions du B\u00e9b\u00e9 : 17 cm H x 14 cm\u00a0 L x 14 cm P<\/em><\/p><p  ><em>Dimensions du socle du B\u00e9b\u00e9 : 50 cm H x 17 cm L x 17 cm P<\/em><\/p>","artwork_series":[1820],"artwork_query_group":"10","artwork_lowest_grid_position":1,"artwork_random_position":8175480,"explicit_sensitive_content":false,"drupal_id":"6725"},"yoast_head":"<!-- This site is optimized with the Yoast SEO Premium plugin v27.3 (Yoast SEO v27.3) - https:\/\/yoast.com\/product\/yoast-seo-premium-wordpress\/ -->\n<title>Artistics | Alertez les b\u00e9b\u00e9s par C\u00e9cile Raynal - Sculpture contemporaine<\/title>\n<meta name=\"description\" content=\"Alertez les b\u00e9b\u00e9s par C\u00e9cile Raynal - achat d&#039;\u0153uvres d&#039;art contemporain originales sur la galerie d&#039;art en ligne Artistics.\" \/>\n<meta name=\"robots\" content=\"index, follow, max-snippet:-1, max-image-preview:large, max-video-preview:-1\" \/>\n<link rel=\"canonical\" href=\"https:\/\/artistics.com\/fr\/oeuvre\/alertez-les-bebes\/\" \/>\n<meta property=\"og:locale\" content=\"fr_FR\" \/>\n<meta property=\"og:type\" content=\"article\" \/>\n<meta property=\"og:title\" content=\"Alertez les b\u00e9b\u00e9s\" \/>\n<meta property=\"og:description\" content=\"Alertez les b\u00e9b\u00e9s par C\u00e9cile Raynal - achat d&#039;\u0153uvres d&#039;art contemporain originales sur la galerie d&#039;art en ligne Artistics.\" \/>\n<meta property=\"og:url\" content=\"https:\/\/artistics.com\/fr\/oeuvre\/alertez-les-bebes\/\" \/>\n<meta property=\"og:site_name\" content=\"Artistics\" \/>\n<meta property=\"article:publisher\" content=\"https:\/\/www.facebook.com\/ArtisticsMag\" \/>\n<meta property=\"article:modified_time\" content=\"2023-04-22T00:00:02+00:00\" \/>\n<meta property=\"og:image\" content=\"https:\/\/artistics.com\/wp-content\/uploads\/2023\/04\/alertez-les-bebe-contemporary-portrait-sculpture-by-cecile-raynal_cover.jpg\" \/>\n\t<meta property=\"og:image:width\" content=\"1568\" \/>\n\t<meta property=\"og:image:height\" content=\"2352\" \/>\n\t<meta property=\"og:image:type\" content=\"image\/jpeg\" \/>\n<meta name=\"twitter:card\" content=\"summary_large_image\" \/>\n<meta name=\"twitter:site\" content=\"@Artistics_FR\" \/>\n<meta name=\"twitter:label1\" content=\"Prix\" \/>\n\t<meta name=\"twitter:data1\" content=\"5 900&nbsp;&euro;\" \/>\n\t<meta name=\"twitter:label2\" content=\"Disponibilit\u00e9\" \/>\n\t<meta name=\"twitter:data2\" content=\"En stock\" \/>\n<script type=\"application\/ld+json\" class=\"yoast-schema-graph\">{\"@context\":\"https:\\\/\\\/schema.org\",\"@graph\":[{\"@type\":[\"WebPage\",\"ItemPage\"],\"@id\":\"https:\\\/\\\/artistics.com\\\/fr\\\/oeuvre\\\/alertez-les-bebes\\\/\",\"url\":\"https:\\\/\\\/artistics.com\\\/fr\\\/oeuvre\\\/alertez-les-bebes\\\/\",\"name\":\"Artistics | Alertez les b\u00e9b\u00e9s par C\u00e9cile Raynal - Sculpture contemporaine\",\"isPartOf\":{\"@id\":\"https:\\\/\\\/artistics.com\\\/fr\\\/#website\"},\"primaryImageOfPage\":{\"@id\":\"https:\\\/\\\/artistics.com\\\/fr\\\/oeuvre\\\/alertez-les-bebes\\\/#primaryimage\"},\"image\":{\"@id\":\"https:\\\/\\\/artistics.com\\\/fr\\\/oeuvre\\\/alertez-les-bebes\\\/#primaryimage\"},\"thumbnailUrl\":\"https:\\\/\\\/artistics.com\\\/wp-content\\\/uploads\\\/2023\\\/04\\\/alertez-les-bebe-contemporary-portrait-sculpture-by-cecile-raynal_cover.jpg\",\"datePublished\":\"2019-12-05T14:19:15+00:00\",\"dateModified\":\"2023-04-22T00:00:02+00:00\",\"description\":\"Alertez les b\u00e9b\u00e9s par C\u00e9cile Raynal - achat d'\u0153uvres d'art contemporain originales sur la galerie d'art en ligne Artistics.\",\"breadcrumb\":{\"@id\":\"https:\\\/\\\/artistics.com\\\/fr\\\/oeuvre\\\/alertez-les-bebes\\\/#breadcrumb\"},\"inLanguage\":\"fr-FR\",\"potentialAction\":[{\"@type\":\"ReadAction\",\"target\":[\"https:\\\/\\\/artistics.com\\\/fr\\\/oeuvre\\\/alertez-les-bebes\\\/\"]}]},{\"@type\":\"ImageObject\",\"inLanguage\":\"fr-FR\",\"@id\":\"https:\\\/\\\/artistics.com\\\/fr\\\/oeuvre\\\/alertez-les-bebes\\\/#primaryimage\",\"url\":\"https:\\\/\\\/artistics.com\\\/wp-content\\\/uploads\\\/2023\\\/04\\\/alertez-les-bebe-contemporary-portrait-sculpture-by-cecile-raynal_cover.jpg\",\"contentUrl\":\"https:\\\/\\\/artistics.com\\\/wp-content\\\/uploads\\\/2023\\\/04\\\/alertez-les-bebe-contemporary-portrait-sculpture-by-cecile-raynal_cover.jpg\",\"width\":1568,\"height\":2352},{\"@type\":\"BreadcrumbList\",\"@id\":\"https:\\\/\\\/artistics.com\\\/fr\\\/oeuvre\\\/alertez-les-bebes\\\/#breadcrumb\",\"itemListElement\":[{\"@type\":\"ListItem\",\"position\":1,\"name\":\"Achat \u0153uvre d'art\",\"item\":\"https:\\\/\\\/artistics.com\\\/fr\\\/\"},{\"@type\":\"ListItem\",\"position\":2,\"name\":\"Galerie\",\"item\":\"https:\\\/\\\/artistics.com\\\/fr\\\/galerie\\\/\"},{\"@type\":\"ListItem\",\"position\":3,\"name\":\"Sculpture contemporaine\",\"item\":\"https:\\\/\\\/artistics.com\\\/fr\\\/categorie-oeuvre\\\/sculpture-contemporaine\\\/\"},{\"@type\":\"ListItem\",\"position\":4,\"name\":\"Alertez les b\u00e9b\u00e9s\"}]},{\"@type\":\"WebSite\",\"@id\":\"https:\\\/\\\/artistics.com\\\/fr\\\/#website\",\"url\":\"https:\\\/\\\/artistics.com\\\/fr\\\/\",\"name\":\"Artistics\",\"description\":\"The online art gallery\",\"publisher\":{\"@id\":\"https:\\\/\\\/artistics.com\\\/fr\\\/#organization\"},\"potentialAction\":[{\"@type\":\"SearchAction\",\"target\":{\"@type\":\"EntryPoint\",\"urlTemplate\":\"https:\\\/\\\/artistics.com\\\/fr\\\/?s={search_term_string}\"},\"query-input\":{\"@type\":\"PropertyValueSpecification\",\"valueRequired\":true,\"valueName\":\"search_term_string\"}}],\"inLanguage\":\"fr-FR\"},{\"@type\":\"Organization\",\"@id\":\"https:\\\/\\\/artistics.com\\\/fr\\\/#organization\",\"name\":\"Artistics\",\"url\":\"https:\\\/\\\/artistics.com\\\/fr\\\/\",\"logo\":{\"@type\":\"ImageObject\",\"inLanguage\":\"fr-FR\",\"@id\":\"https:\\\/\\\/artistics.com\\\/fr\\\/#\\\/schema\\\/logo\\\/image\\\/\",\"url\":\"https:\\\/\\\/artistics.com\\\/wp-content\\\/uploads\\\/2023\\\/02\\\/artistics-logo-web-1.svg\",\"contentUrl\":\"https:\\\/\\\/artistics.com\\\/wp-content\\\/uploads\\\/2023\\\/02\\\/artistics-logo-web-1.svg\",\"caption\":\"Artistics\"},\"image\":{\"@id\":\"https:\\\/\\\/artistics.com\\\/fr\\\/#\\\/schema\\\/logo\\\/image\\\/\"},\"sameAs\":[\"https:\\\/\\\/www.facebook.com\\\/ArtisticsMag\",\"https:\\\/\\\/x.com\\\/Artistics_FR\",\"http:\\\/\\\/www.linkedin.com\\\/company\\\/artistics\",\"https:\\\/\\\/www.instagram.com\\\/artistics_com\\\/\",\"http:\\\/\\\/www.pinterest.com\\\/ArtisticsMag\"],\"hasMerchantReturnPolicy\":{\"@type\":\"MerchantReturnPolicy\",\"merchantReturnLink\":\"https:\\\/\\\/artistics.com\\\/free-return-policy\\\/\"}}]}<\/script>\n<meta property=\"product:price:amount\" content=\"5900\" \/>\n<meta property=\"product:price:currency\" content=\"EUR\" \/>\n<meta property=\"og:availability\" content=\"instock\" \/>\n<meta property=\"product:availability\" content=\"instock\" \/>\n<meta property=\"product:retailer_item_id\" content=\"6726\" \/>\n<meta property=\"product:condition\" content=\"new\" \/>\n<!-- \/ Yoast SEO Premium plugin. -->","yoast_head_json":{"title":"Artistics | Alertez les b\u00e9b\u00e9s par C\u00e9cile Raynal - Sculpture contemporaine","description":"Alertez les b\u00e9b\u00e9s par C\u00e9cile Raynal - achat d'\u0153uvres d'art contemporain originales sur la galerie d'art en ligne Artistics.","robots":{"index":"index","follow":"follow","max-snippet":"max-snippet:-1","max-image-preview":"max-image-preview:large","max-video-preview":"max-video-preview:-1"},"canonical":"https:\/\/artistics.com\/fr\/oeuvre\/alertez-les-bebes\/","og_locale":"fr_FR","og_type":"article","og_title":"Alertez les b\u00e9b\u00e9s","og_description":"Alertez les b\u00e9b\u00e9s par C\u00e9cile Raynal - achat d'\u0153uvres d'art contemporain originales sur la galerie d'art en ligne Artistics.","og_url":"https:\/\/artistics.com\/fr\/oeuvre\/alertez-les-bebes\/","og_site_name":"Artistics","article_publisher":"https:\/\/www.facebook.com\/ArtisticsMag","article_modified_time":"2023-04-22T00:00:02+00:00","og_image":[{"width":1568,"height":2352,"url":"https:\/\/artistics.com\/wp-content\/uploads\/2023\/04\/alertez-les-bebe-contemporary-portrait-sculpture-by-cecile-raynal_cover.jpg","type":"image\/jpeg"}],"twitter_card":"summary_large_image","twitter_site":"@Artistics_FR","twitter_misc":{"Prix":"5 900&nbsp;&euro;","Disponibilit\u00e9":"En stock"},"schema":{"@context":"https:\/\/schema.org","@graph":[{"@type":["WebPage","ItemPage"],"@id":"https:\/\/artistics.com\/fr\/oeuvre\/alertez-les-bebes\/","url":"https:\/\/artistics.com\/fr\/oeuvre\/alertez-les-bebes\/","name":"Artistics | Alertez les b\u00e9b\u00e9s par C\u00e9cile Raynal - Sculpture contemporaine","isPartOf":{"@id":"https:\/\/artistics.com\/fr\/#website"},"primaryImageOfPage":{"@id":"https:\/\/artistics.com\/fr\/oeuvre\/alertez-les-bebes\/#primaryimage"},"image":{"@id":"https:\/\/artistics.com\/fr\/oeuvre\/alertez-les-bebes\/#primaryimage"},"thumbnailUrl":"https:\/\/artistics.com\/wp-content\/uploads\/2023\/04\/alertez-les-bebe-contemporary-portrait-sculpture-by-cecile-raynal_cover.jpg","datePublished":"2019-12-05T14:19:15+00:00","dateModified":"2023-04-22T00:00:02+00:00","description":"Alertez les b\u00e9b\u00e9s par C\u00e9cile Raynal - achat d'\u0153uvres d'art contemporain originales sur la galerie d'art en ligne Artistics.","breadcrumb":{"@id":"https:\/\/artistics.com\/fr\/oeuvre\/alertez-les-bebes\/#breadcrumb"},"inLanguage":"fr-FR","potentialAction":[{"@type":"ReadAction","target":["https:\/\/artistics.com\/fr\/oeuvre\/alertez-les-bebes\/"]}]},{"@type":"ImageObject","inLanguage":"fr-FR","@id":"https:\/\/artistics.com\/fr\/oeuvre\/alertez-les-bebes\/#primaryimage","url":"https:\/\/artistics.com\/wp-content\/uploads\/2023\/04\/alertez-les-bebe-contemporary-portrait-sculpture-by-cecile-raynal_cover.jpg","contentUrl":"https:\/\/artistics.com\/wp-content\/uploads\/2023\/04\/alertez-les-bebe-contemporary-portrait-sculpture-by-cecile-raynal_cover.jpg","width":1568,"height":2352},{"@type":"BreadcrumbList","@id":"https:\/\/artistics.com\/fr\/oeuvre\/alertez-les-bebes\/#breadcrumb","itemListElement":[{"@type":"ListItem","position":1,"name":"Achat \u0153uvre d'art","item":"https:\/\/artistics.com\/fr\/"},{"@type":"ListItem","position":2,"name":"Galerie","item":"https:\/\/artistics.com\/fr\/galerie\/"},{"@type":"ListItem","position":3,"name":"Sculpture contemporaine","item":"https:\/\/artistics.com\/fr\/categorie-oeuvre\/sculpture-contemporaine\/"},{"@type":"ListItem","position":4,"name":"Alertez les b\u00e9b\u00e9s"}]},{"@type":"WebSite","@id":"https:\/\/artistics.com\/fr\/#website","url":"https:\/\/artistics.com\/fr\/","name":"Artistics","description":"The online art gallery","publisher":{"@id":"https:\/\/artistics.com\/fr\/#organization"},"potentialAction":[{"@type":"SearchAction","target":{"@type":"EntryPoint","urlTemplate":"https:\/\/artistics.com\/fr\/?s={search_term_string}"},"query-input":{"@type":"PropertyValueSpecification","valueRequired":true,"valueName":"search_term_string"}}],"inLanguage":"fr-FR"},{"@type":"Organization","@id":"https:\/\/artistics.com\/fr\/#organization","name":"Artistics","url":"https:\/\/artistics.com\/fr\/","logo":{"@type":"ImageObject","inLanguage":"fr-FR","@id":"https:\/\/artistics.com\/fr\/#\/schema\/logo\/image\/","url":"https:\/\/artistics.com\/wp-content\/uploads\/2023\/02\/artistics-logo-web-1.svg","contentUrl":"https:\/\/artistics.com\/wp-content\/uploads\/2023\/02\/artistics-logo-web-1.svg","caption":"Artistics"},"image":{"@id":"https:\/\/artistics.com\/fr\/#\/schema\/logo\/image\/"},"sameAs":["https:\/\/www.facebook.com\/ArtisticsMag","https:\/\/x.com\/Artistics_FR","http:\/\/www.linkedin.com\/company\/artistics","https:\/\/www.instagram.com\/artistics_com\/","http:\/\/www.pinterest.com\/ArtisticsMag"],"hasMerchantReturnPolicy":{"@type":"MerchantReturnPolicy","merchantReturnLink":"https:\/\/artistics.com\/free-return-policy\/"}}]},"product_price_amount":"5900","product_price_currency":"EUR","og_availability":"instock","product_availability":"instock","product_retailer_item_id":"6726","product_condition":"new"},"_links":{"self":[{"href":"https:\/\/artistics.com\/fr\/wp-json\/wp\/v2\/product\/22331","targetHints":{"allow":["GET"]}}],"collection":[{"href":"https:\/\/artistics.com\/fr\/wp-json\/wp\/v2\/product"}],"about":[{"href":"https:\/\/artistics.com\/fr\/wp-json\/wp\/v2\/types\/product"}],"acf:term":[{"embeddable":true,"taxonomy":"series","href":"https:\/\/artistics.com\/fr\/wp-json\/wp\/v2\/series\/1820"},{"embeddable":true,"taxonomy":"product_tag","href":"https:\/\/artistics.com\/fr\/wp-json\/wp\/v2\/product_tag\/368"},{"embeddable":true,"taxonomy":"product_tag","href":"https:\/\/artistics.com\/fr\/wp-json\/wp\/v2\/product_tag\/566"},{"embeddable":true,"taxonomy":"product_tag","href":"https:\/\/artistics.com\/fr\/wp-json\/wp\/v2\/product_tag\/563"},{"embeddable":true,"taxonomy":"product_tag","href":"https:\/\/artistics.com\/fr\/wp-json\/wp\/v2\/product_tag\/542"},{"embeddable":true,"taxonomy":"product_tag","href":"https:\/\/artistics.com\/fr\/wp-json\/wp\/v2\/product_tag\/540"},{"embeddable":true,"taxonomy":"product_tag","href":"https:\/\/artistics.com\/fr\/wp-json\/wp\/v2\/product_tag\/513"},{"embeddable":true,"taxonomy":"product_tag","href":"https:\/\/artistics.com\/fr\/wp-json\/wp\/v2\/product_tag\/508"},{"embeddable":true,"taxonomy":"product_tag","href":"https:\/\/artistics.com\/fr\/wp-json\/wp\/v2\/product_tag\/510"},{"embeddable":true,"taxonomy":"product_cat","href":"https:\/\/artistics.com\/fr\/wp-json\/wp\/v2\/product_cat\/236"},{"embeddable":true,"taxonomy":"product_cat","href":"https:\/\/artistics.com\/fr\/wp-json\/wp\/v2\/product_cat\/215"},{"embeddable":true,"taxonomy":"product_cat","href":"https:\/\/artistics.com\/fr\/wp-json\/wp\/v2\/product_cat\/192"},{"embeddable":true,"taxonomy":"product_cat","href":"https:\/\/artistics.com\/fr\/wp-json\/wp\/v2\/product_cat\/196"},{"embeddable":true,"taxonomy":"product_cat","href":"https:\/\/artistics.com\/fr\/wp-json\/wp\/v2\/product_cat\/209"},{"embeddable":true,"taxonomy":"product_cat","href":"https:\/\/artistics.com\/fr\/wp-json\/wp\/v2\/product_cat\/212"},{"embeddable":true,"taxonomy":"product_cat","href":"https:\/\/artistics.com\/fr\/wp-json\/wp\/v2\/product_cat\/213"},{"embeddable":true,"taxonomy":"product_cat","href":"https:\/\/artistics.com\/fr\/wp-json\/wp\/v2\/product_cat\/164"}],"acf:post":[{"embeddable":true,"href":"https:\/\/artistics.com\/fr\/wp-json\/wp\/v2\/artist\/2769"}],"wp:featuredmedia":[{"embeddable":true,"href":"https:\/\/artistics.com\/fr\/wp-json\/wp\/v2\/media\/11909"}],"wp:attachment":[{"href":"https:\/\/artistics.com\/fr\/wp-json\/wp\/v2\/media?parent=22331"}],"wp:term":[{"taxonomy":"product_cat","embeddable":true,"href":"https:\/\/artistics.com\/fr\/wp-json\/wp\/v2\/product_cat?post=22331"},{"taxonomy":"product_tag","embeddable":true,"href":"https:\/\/artistics.com\/fr\/wp-json\/wp\/v2\/product_tag?post=22331"},{"taxonomy":"series","embeddable":true,"href":"https:\/\/artistics.com\/fr\/wp-json\/wp\/v2\/series?post=22331"}],"curies":[{"name":"wp","href":"https:\/\/api.w.org\/{rel}","templated":true}]}}