{"id":22121,"date":"2018-06-26T14:17:14","date_gmt":"2018-06-26T12:17:14","guid":{"rendered":"https:\/\/2022.devartistics.com\/artwork\/repares-avec-floriane-survivants-les-renards-et-caresse\/"},"modified":"2025-07-02T13:22:37","modified_gmt":"2025-07-02T11:22:37","slug":"repares-avec-floriane-survivants-les-renards-et-caresse","status":"publish","type":"product","link":"https:\/\/artistics.com\/fr\/oeuvre\/repares-avec-floriane-survivants-les-renards-et-caresse\/","title":{"rendered":"R\u00e9par\u00e9s (avec Floriane, Survivants, les renards et Caresse)"},"content":{"rendered":"","protected":false},"excerpt":{"rendered":"","protected":false},"featured_media":10025,"template":"","meta":{"_acf_changed":false,"_searchwp_excluded":"","inline_featured_image":false},"product_cat":[190,192,215,238,196,205,164,209,212,213],"product_tag":[513,542,368,2501],"series":[1824],"class_list":{"0":"post-22121","1":"product","2":"type-product","3":"status-publish","4":"has-post-thumbnail","6":"product_cat-animal","7":"product_cat-art-figuratif","8":"product_cat-grand","9":"product_cat-plus-de-10-000-e","10":"product_cat-portrait-et-figure","11":"product_cat-sculpture-animaliere","12":"product_cat-sculpture-contemporaine","13":"product_cat-sculpture-figurative","14":"product_cat-sculpture-portrait-et-figure","15":"product_cat-sculpture-terre-et-ceramique","16":"product_tag-femme","17":"product_tag-pigment-fr","18":"product_tag-sculpture-grand-format","19":"product_tag-sculpture-renard","20":"series-cecile-raynal-petites-histoires-en-reserve","22":"first","23":"instock","24":"taxable","25":"shipping-taxable","26":"purchasable","27":"product-type-simple"},"acf":{"artwork_artist":[2769],"artwork_medium":164,"artwork_categories":[213,212,205,209],"artwork_overall-tones":[],"artwork_main-material":[],"artwork_art-genre":[196],"artwork_art-movement":[192],"artwork_miscellaneous":[190],"artwork_formats":[215],"artwork_price-ranges":[238],"artwork_main_subject":[513,2501],"artwork_technique":[542],"artwork_featured_location":[],"artwork_dominant_color":[],"artwork_physical_attributes":[368,368],"artwork_creation_date":"20160101","artwork_unique_piece":true,"artwork_description":"Sculpture en gr\u00e8s enfum\u00e9, r\u00e9sine, pigment, caisse en bois","artwork_signature":"\u0152uvre sign\u00e9e","artwork_authenticity":"L\u2019\u0153uvre est vendue avec un certificat d\u2019authenticit\u00e9 sign\u00e9 par l\u2019artiste.","artwork_framing":"not_specified","artwork_has_custom_framing_info":false,"artwork_custom_framing_info":"Not specified","artwork_location_country":"FR","artwork_location_city":"Criquetot-l'Esneval","artwork_location_zipcode":"76 280","artwork_shipment_type":"3D_artwork","artwork_shipping_delivery":"sculpture_unique_piece_immediate_availability","artwork_has_custom_shipping_delivery_info":false,"artwork_custom_shipping_delivery_info":"Not specified","artwork_360_view_url":"","artwork_video_url":"https:\/\/www.youtube.com\/watch\/pZAGKaSOkIo","artwork_video_format":["vertical"],"artwork_preview_type":"featured_image","artwork_reserved":false,"artwork_hide_price":false,"artwork_about":"<p class=\"ai-optimize-24\"><em><strong>R\u00e9par\u00e9s<\/strong><\/em> est une \u0153uvre d\u2019art de l\u2019artiste contemporaine C\u00e9cile Raynal, issue de la s\u00e9rie \u00ab Petites histoires en r\u00e9serve \u00bb. Cette installation est constitu\u00e9e des \u0153uvres<em>\u00a0Caresse,\u00a0Petit Renard,\u00a0Survivant\u00a0et\u00a0<\/em><em>Floriane<\/em>.<\/p>\r\n<p class=\"ai-optimize-25\">Cette installation en gr\u00e8s enfum\u00e9 est compos\u00e9e de quatre sculptures figuratives, l\u2019une repr\u00e9sentant une femme, les trois autres des renards. La femme se tient debout, le genou droit l\u00e9g\u00e8rement fl\u00e9chi, la main gauche sur la taille et l\u2019autre pr\u00e8s du visage dans un geste presque nonchalant. Elle est entour\u00e9e de trois renards, l\u2019un se tenant aupr\u00e8s d\u2019elle, les deux autre en dessous, le socle de bois les s\u00e9pare. Cette pi\u00e8ce prend pour mod\u00e8le une jeune femme survivante de l'attentat du Bataclan, qui portait un renard tatou\u00e9 sur le bras, en signe m\u00e9moriel de son compagnon assassin\u00e9 lors de ce drame.<\/p>\r\n<p class=\"ai-optimize-26\"><em>\u00ab\u00a0Je mod\u00e8le autour de grands silences entre Homme et B\u00eates, j\u2019envisage aussi le hurlement de tous face au d\u00e9sastre. Rien n\u2019est explicite, mais lorsque je les b\u00e2tis je souhaite y m\u00ealer la menace, l\u2019enveloppe, la b\u00e9quille, l\u2019attente, la caresse. La B\u00eate, notre double indomptable, notre fr\u00e8re\/s\u0153ur siamoise, notre miroir.\u00a0\u00bb\u00a0<\/em><\/p>\r\n<p class=\"ai-optimize-27\">Cette installation, expos\u00e9e au mus\u00e9e des Arts et M\u00e9tiers de Paris du\u00a029 mai au 26 ao\u00fbt 2018 sur le parcours de l\u2019exposition \"Petites\u00a0histoires en r\u00e9serves\", a \u00e9t\u00e9 cr\u00e9\u00e9e dans le cadre de la r\u00e9sidence\u00a0que C\u00e9cile Raynal a effectu\u00e9e dans les r\u00e9serves du mus\u00e9e en 2017. Comme \u00e0 son habitude, l\u2019artiste a r\u00e9alis\u00e9 lors de cette\u00a0r\u00e9sidence des portraits (bustes ou figures en pied) des personnes\u00a0qu\u2019elle a rencontr\u00e9es, qui ont \u00e9t\u00e9 rejoints par des sculptures\u00a0d\u2019animaux (loups et renards) r\u00e9currents dans l\u2019oeuvre de\u00a0l\u2019artiste depuis quelques ann\u00e9es.<\/p>\r\n<p class=\"ai-optimize-28\">La sculpture a \u00e9t\u00e9 expos\u00e9e du 24 mars au 25 juin 2022 au mus\u00e9e Maurice Denis (Saint-Germain-en-Laye, France). Six de ses pi\u00e8ces ont dialogu\u00e9 avec les \u0153uvres de l\u2019exposition\u00a0<em>Femme(s) !<\/em>, particuli\u00e8rement celles de Camille Claudel et d\u2019Auguste Rodin. Pour plus d\u2019information et de photos sur l\u2019exposition, veuillez retrouver\u00a0<a href=\"https:\/\/artistics.com\/fr\/artzine\/exposition-cecile-raynal-au-musee-maurice-denis\/\" target=\"_blank\" rel=\"noopener\">un article d\u00e9di\u00e9 ici<\/a>.<\/p>\r\n\r\n<div>\r\n<p class=\"ai-optimize-33\">Les photographies ont \u00e9t\u00e9 prises lors de l\u2019exposition personnelle de C\u00e9cile Raynal,<span class=\"apple-converted-space\">\u00a0<\/span><a href=\"https:\/\/artistics.com\/fr\/artzine\/cecile-raynal-a-la-table-des-dames\/\" target=\"_blank\" rel=\"noopener\"><em data-start=\"121\" data-end=\"143\">\u00c0 la table des Dames<\/em><\/a><span class=\"apple-converted-space\">\u00a0(<\/span><em data-start=\"145\" data-end=\"167\">At the Ladies\u2019 Table<\/em>), \u00e0 l\u2019Abbaye de Montivilliers en Normandie (2025).<\/p>\r\n\r\n<\/div>\r\n<p class=\"ai-optimize-29\">Cette installation est compos\u00e9e de quatre sculptures et une caisse en bois.<\/p>\r\n<p class=\"ai-optimize-30\"><em>Dimensions des sculptures:<\/em><\/p>\r\n<p class=\"ai-optimize-31\"><em>Caresse :\u00a046 cm \u00d7 83 cm \u00d7 22 cm (prix 5900\u20ac)<\/em><\/p>\r\n<p class=\"ai-optimize-32\"><em>Petit Renard :\u00a050 cm \u00d7 83 cm \u00d7 26 cm (prix 4900\u20ac]<\/em><\/p>\r\n<p class=\"ai-optimize-33\"><em>Survivant :\u00a046 cm \u00d7 85 cm \u00d7 26 cm (prix 4900\u20ac)<\/em><\/p>\r\n<p class=\"ai-optimize-34\"><em>Floriane :\u00a072 cm \u00d7 20 cm \u00d7 30 cm (prix 4700\u20ac)<\/em><\/p>\r\n<p class=\"ai-optimize-35\"><em>Prix total des 4 sculptures : 21400\u20ac\u00a0<\/em><\/p>","artwork_series":[1824],"artwork_query_group":"10","artwork_lowest_grid_position":1,"artwork_random_position":576970,"explicit_sensitive_content":false,"drupal_id":"5391"},"yoast_head":"<!-- This site is optimized with the Yoast SEO Premium plugin v27.3 (Yoast SEO v27.3) - https:\/\/yoast.com\/product\/yoast-seo-premium-wordpress\/ -->\n<title>R\u00e9par\u00e9s (avec Floriane, Survivants, les renards et Caresse) par C\u00e9cile Raynal - Sculpture contemporaine | Artistics<\/title>\n<meta name=\"description\" content=\"R\u00e9par\u00e9s (avec Floriane, Survivants, les renards et Caresse) par C\u00e9cile Raynal - achetez en ligne cette \u0153uvre d\u2019art originale avec son certificat d\u2019authenticit\u00e9 et b\u00e9n\u00e9ficiez de notre service premium.\" \/>\n<meta name=\"robots\" content=\"index, follow, max-snippet:-1, max-image-preview:large, max-video-preview:-1\" \/>\n<link rel=\"canonical\" href=\"https:\/\/artistics.com\/fr\/oeuvre\/repares-avec-floriane-survivants-les-renards-et-caresse\/\" \/>\n<meta property=\"og:locale\" content=\"fr_FR\" \/>\n<meta property=\"og:type\" content=\"article\" \/>\n<meta property=\"og:title\" content=\"R\u00e9par\u00e9s (avec Floriane, Survivants, les renards et Caresse)\" \/>\n<meta property=\"og:description\" content=\"R\u00e9par\u00e9s (avec Floriane, Survivants, les renards et Caresse) par C\u00e9cile Raynal - achetez en ligne cette \u0153uvre d\u2019art originale avec son certificat d\u2019authenticit\u00e9 et b\u00e9n\u00e9ficiez de notre service premium.\" \/>\n<meta property=\"og:url\" content=\"https:\/\/artistics.com\/fr\/oeuvre\/repares-avec-floriane-survivants-les-renards-et-caresse\/\" \/>\n<meta property=\"og:site_name\" content=\"Artistics\" \/>\n<meta property=\"article:publisher\" content=\"https:\/\/www.facebook.com\/ArtisticsMag\" \/>\n<meta property=\"article:modified_time\" content=\"2025-07-02T11:22:37+00:00\" \/>\n<meta property=\"og:image\" content=\"https:\/\/artistics.com\/wp-content\/uploads\/2023\/04\/cecile_raynal_artistics_324bd.jpg\" \/>\n\t<meta property=\"og:image:width\" content=\"1461\" \/>\n\t<meta property=\"og:image:height\" content=\"1260\" \/>\n\t<meta property=\"og:image:type\" content=\"image\/jpeg\" \/>\n<meta name=\"twitter:card\" content=\"summary_large_image\" \/>\n<meta name=\"twitter:site\" content=\"@Artistics_FR\" \/>\n<meta name=\"twitter:label1\" content=\"Prix\" \/>\n\t<meta name=\"twitter:data1\" content=\"19 900&nbsp;&euro;\" \/>\n\t<meta name=\"twitter:label2\" content=\"Disponibilit\u00e9\" \/>\n\t<meta name=\"twitter:data2\" content=\"En stock\" \/>\n<script type=\"application\/ld+json\" class=\"yoast-schema-graph\">{\"@context\":\"https:\\\/\\\/schema.org\",\"@graph\":[{\"@type\":[\"WebPage\",\"ItemPage\"],\"@id\":\"https:\\\/\\\/artistics.com\\\/fr\\\/oeuvre\\\/repares-avec-floriane-survivants-les-renards-et-caresse\\\/\",\"url\":\"https:\\\/\\\/artistics.com\\\/fr\\\/oeuvre\\\/repares-avec-floriane-survivants-les-renards-et-caresse\\\/\",\"name\":\"R\u00e9par\u00e9s (avec Floriane, Survivants, les renards et Caresse) par C\u00e9cile Raynal - Sculpture contemporaine | Artistics\",\"isPartOf\":{\"@id\":\"https:\\\/\\\/artistics.com\\\/fr\\\/#website\"},\"primaryImageOfPage\":{\"@id\":\"https:\\\/\\\/artistics.com\\\/fr\\\/oeuvre\\\/repares-avec-floriane-survivants-les-renards-et-caresse\\\/#primaryimage\"},\"image\":{\"@id\":\"https:\\\/\\\/artistics.com\\\/fr\\\/oeuvre\\\/repares-avec-floriane-survivants-les-renards-et-caresse\\\/#primaryimage\"},\"thumbnailUrl\":\"https:\\\/\\\/artistics.com\\\/wp-content\\\/uploads\\\/2023\\\/04\\\/cecile_raynal_artistics_324bd.jpg\",\"datePublished\":\"2018-06-26T12:17:14+00:00\",\"dateModified\":\"2025-07-02T11:22:37+00:00\",\"description\":\"R\u00e9par\u00e9s (avec Floriane, Survivants, les renards et Caresse) par C\u00e9cile Raynal - achetez en ligne cette \u0153uvre d\u2019art originale avec son certificat d\u2019authenticit\u00e9 et b\u00e9n\u00e9ficiez de notre service premium.\",\"breadcrumb\":{\"@id\":\"https:\\\/\\\/artistics.com\\\/fr\\\/oeuvre\\\/repares-avec-floriane-survivants-les-renards-et-caresse\\\/#breadcrumb\"},\"inLanguage\":\"fr-FR\",\"potentialAction\":[{\"@type\":\"ReadAction\",\"target\":[\"https:\\\/\\\/artistics.com\\\/fr\\\/oeuvre\\\/repares-avec-floriane-survivants-les-renards-et-caresse\\\/\"]}]},{\"@type\":\"ImageObject\",\"inLanguage\":\"fr-FR\",\"@id\":\"https:\\\/\\\/artistics.com\\\/fr\\\/oeuvre\\\/repares-avec-floriane-survivants-les-renards-et-caresse\\\/#primaryimage\",\"url\":\"https:\\\/\\\/artistics.com\\\/wp-content\\\/uploads\\\/2023\\\/04\\\/cecile_raynal_artistics_324bd.jpg\",\"contentUrl\":\"https:\\\/\\\/artistics.com\\\/wp-content\\\/uploads\\\/2023\\\/04\\\/cecile_raynal_artistics_324bd.jpg\",\"width\":1461,\"height\":1260},{\"@type\":\"BreadcrumbList\",\"@id\":\"https:\\\/\\\/artistics.com\\\/fr\\\/oeuvre\\\/repares-avec-floriane-survivants-les-renards-et-caresse\\\/#breadcrumb\",\"itemListElement\":[{\"@type\":\"ListItem\",\"position\":1,\"name\":\"Achat \u0153uvre d'art\",\"item\":\"https:\\\/\\\/artistics.com\\\/fr\\\/\"},{\"@type\":\"ListItem\",\"position\":2,\"name\":\"Galerie\",\"item\":\"https:\\\/\\\/artistics.com\\\/fr\\\/galerie\\\/\"},{\"@type\":\"ListItem\",\"position\":3,\"name\":\"Sculpture contemporaine\",\"item\":\"https:\\\/\\\/artistics.com\\\/fr\\\/categorie-oeuvre\\\/sculpture-contemporaine\\\/\"},{\"@type\":\"ListItem\",\"position\":4,\"name\":\"R\u00e9par\u00e9s (avec Floriane, Survivants, les renards et Caresse)\"}]},{\"@type\":\"WebSite\",\"@id\":\"https:\\\/\\\/artistics.com\\\/fr\\\/#website\",\"url\":\"https:\\\/\\\/artistics.com\\\/fr\\\/\",\"name\":\"Artistics\",\"description\":\"The online art gallery\",\"publisher\":{\"@id\":\"https:\\\/\\\/artistics.com\\\/fr\\\/#organization\"},\"potentialAction\":[{\"@type\":\"SearchAction\",\"target\":{\"@type\":\"EntryPoint\",\"urlTemplate\":\"https:\\\/\\\/artistics.com\\\/fr\\\/?s={search_term_string}\"},\"query-input\":{\"@type\":\"PropertyValueSpecification\",\"valueRequired\":true,\"valueName\":\"search_term_string\"}}],\"inLanguage\":\"fr-FR\"},{\"@type\":\"Organization\",\"@id\":\"https:\\\/\\\/artistics.com\\\/fr\\\/#organization\",\"name\":\"Artistics\",\"url\":\"https:\\\/\\\/artistics.com\\\/fr\\\/\",\"logo\":{\"@type\":\"ImageObject\",\"inLanguage\":\"fr-FR\",\"@id\":\"https:\\\/\\\/artistics.com\\\/fr\\\/#\\\/schema\\\/logo\\\/image\\\/\",\"url\":\"https:\\\/\\\/artistics.com\\\/wp-content\\\/uploads\\\/2023\\\/02\\\/artistics-logo-web-1.svg\",\"contentUrl\":\"https:\\\/\\\/artistics.com\\\/wp-content\\\/uploads\\\/2023\\\/02\\\/artistics-logo-web-1.svg\",\"caption\":\"Artistics\"},\"image\":{\"@id\":\"https:\\\/\\\/artistics.com\\\/fr\\\/#\\\/schema\\\/logo\\\/image\\\/\"},\"sameAs\":[\"https:\\\/\\\/www.facebook.com\\\/ArtisticsMag\",\"https:\\\/\\\/x.com\\\/Artistics_FR\",\"http:\\\/\\\/www.linkedin.com\\\/company\\\/artistics\",\"https:\\\/\\\/www.instagram.com\\\/artistics_com\\\/\",\"http:\\\/\\\/www.pinterest.com\\\/ArtisticsMag\"],\"hasMerchantReturnPolicy\":{\"@type\":\"MerchantReturnPolicy\",\"merchantReturnLink\":\"https:\\\/\\\/artistics.com\\\/free-return-policy\\\/\"}}]}<\/script>\n<meta property=\"product:price:amount\" content=\"19900\" \/>\n<meta property=\"product:price:currency\" content=\"EUR\" \/>\n<meta property=\"og:availability\" content=\"instock\" \/>\n<meta property=\"product:availability\" content=\"instock\" \/>\n<meta property=\"product:retailer_item_id\" content=\"5436\" \/>\n<meta property=\"product:condition\" content=\"new\" \/>\n<!-- \/ Yoast SEO Premium plugin. -->","yoast_head_json":{"title":"R\u00e9par\u00e9s (avec Floriane, Survivants, les renards et Caresse) par C\u00e9cile Raynal - Sculpture contemporaine | Artistics","description":"R\u00e9par\u00e9s (avec Floriane, Survivants, les renards et Caresse) par C\u00e9cile Raynal - achetez en ligne cette \u0153uvre d\u2019art originale avec son certificat d\u2019authenticit\u00e9 et b\u00e9n\u00e9ficiez de notre service premium.","robots":{"index":"index","follow":"follow","max-snippet":"max-snippet:-1","max-image-preview":"max-image-preview:large","max-video-preview":"max-video-preview:-1"},"canonical":"https:\/\/artistics.com\/fr\/oeuvre\/repares-avec-floriane-survivants-les-renards-et-caresse\/","og_locale":"fr_FR","og_type":"article","og_title":"R\u00e9par\u00e9s (avec Floriane, Survivants, les renards et Caresse)","og_description":"R\u00e9par\u00e9s (avec Floriane, Survivants, les renards et Caresse) par C\u00e9cile Raynal - achetez en ligne cette \u0153uvre d\u2019art originale avec son certificat d\u2019authenticit\u00e9 et b\u00e9n\u00e9ficiez de notre service premium.","og_url":"https:\/\/artistics.com\/fr\/oeuvre\/repares-avec-floriane-survivants-les-renards-et-caresse\/","og_site_name":"Artistics","article_publisher":"https:\/\/www.facebook.com\/ArtisticsMag","article_modified_time":"2025-07-02T11:22:37+00:00","og_image":[{"width":1461,"height":1260,"url":"https:\/\/artistics.com\/wp-content\/uploads\/2023\/04\/cecile_raynal_artistics_324bd.jpg","type":"image\/jpeg"}],"twitter_card":"summary_large_image","twitter_site":"@Artistics_FR","twitter_misc":{"Prix":"19 900&nbsp;&euro;","Disponibilit\u00e9":"En stock"},"schema":{"@context":"https:\/\/schema.org","@graph":[{"@type":["WebPage","ItemPage"],"@id":"https:\/\/artistics.com\/fr\/oeuvre\/repares-avec-floriane-survivants-les-renards-et-caresse\/","url":"https:\/\/artistics.com\/fr\/oeuvre\/repares-avec-floriane-survivants-les-renards-et-caresse\/","name":"R\u00e9par\u00e9s (avec Floriane, Survivants, les renards et Caresse) par C\u00e9cile Raynal - Sculpture contemporaine | Artistics","isPartOf":{"@id":"https:\/\/artistics.com\/fr\/#website"},"primaryImageOfPage":{"@id":"https:\/\/artistics.com\/fr\/oeuvre\/repares-avec-floriane-survivants-les-renards-et-caresse\/#primaryimage"},"image":{"@id":"https:\/\/artistics.com\/fr\/oeuvre\/repares-avec-floriane-survivants-les-renards-et-caresse\/#primaryimage"},"thumbnailUrl":"https:\/\/artistics.com\/wp-content\/uploads\/2023\/04\/cecile_raynal_artistics_324bd.jpg","datePublished":"2018-06-26T12:17:14+00:00","dateModified":"2025-07-02T11:22:37+00:00","description":"R\u00e9par\u00e9s (avec Floriane, Survivants, les renards et Caresse) par C\u00e9cile Raynal - achetez en ligne cette \u0153uvre d\u2019art originale avec son certificat d\u2019authenticit\u00e9 et b\u00e9n\u00e9ficiez de notre service premium.","breadcrumb":{"@id":"https:\/\/artistics.com\/fr\/oeuvre\/repares-avec-floriane-survivants-les-renards-et-caresse\/#breadcrumb"},"inLanguage":"fr-FR","potentialAction":[{"@type":"ReadAction","target":["https:\/\/artistics.com\/fr\/oeuvre\/repares-avec-floriane-survivants-les-renards-et-caresse\/"]}]},{"@type":"ImageObject","inLanguage":"fr-FR","@id":"https:\/\/artistics.com\/fr\/oeuvre\/repares-avec-floriane-survivants-les-renards-et-caresse\/#primaryimage","url":"https:\/\/artistics.com\/wp-content\/uploads\/2023\/04\/cecile_raynal_artistics_324bd.jpg","contentUrl":"https:\/\/artistics.com\/wp-content\/uploads\/2023\/04\/cecile_raynal_artistics_324bd.jpg","width":1461,"height":1260},{"@type":"BreadcrumbList","@id":"https:\/\/artistics.com\/fr\/oeuvre\/repares-avec-floriane-survivants-les-renards-et-caresse\/#breadcrumb","itemListElement":[{"@type":"ListItem","position":1,"name":"Achat \u0153uvre d'art","item":"https:\/\/artistics.com\/fr\/"},{"@type":"ListItem","position":2,"name":"Galerie","item":"https:\/\/artistics.com\/fr\/galerie\/"},{"@type":"ListItem","position":3,"name":"Sculpture contemporaine","item":"https:\/\/artistics.com\/fr\/categorie-oeuvre\/sculpture-contemporaine\/"},{"@type":"ListItem","position":4,"name":"R\u00e9par\u00e9s (avec Floriane, Survivants, les renards et Caresse)"}]},{"@type":"WebSite","@id":"https:\/\/artistics.com\/fr\/#website","url":"https:\/\/artistics.com\/fr\/","name":"Artistics","description":"The online art gallery","publisher":{"@id":"https:\/\/artistics.com\/fr\/#organization"},"potentialAction":[{"@type":"SearchAction","target":{"@type":"EntryPoint","urlTemplate":"https:\/\/artistics.com\/fr\/?s={search_term_string}"},"query-input":{"@type":"PropertyValueSpecification","valueRequired":true,"valueName":"search_term_string"}}],"inLanguage":"fr-FR"},{"@type":"Organization","@id":"https:\/\/artistics.com\/fr\/#organization","name":"Artistics","url":"https:\/\/artistics.com\/fr\/","logo":{"@type":"ImageObject","inLanguage":"fr-FR","@id":"https:\/\/artistics.com\/fr\/#\/schema\/logo\/image\/","url":"https:\/\/artistics.com\/wp-content\/uploads\/2023\/02\/artistics-logo-web-1.svg","contentUrl":"https:\/\/artistics.com\/wp-content\/uploads\/2023\/02\/artistics-logo-web-1.svg","caption":"Artistics"},"image":{"@id":"https:\/\/artistics.com\/fr\/#\/schema\/logo\/image\/"},"sameAs":["https:\/\/www.facebook.com\/ArtisticsMag","https:\/\/x.com\/Artistics_FR","http:\/\/www.linkedin.com\/company\/artistics","https:\/\/www.instagram.com\/artistics_com\/","http:\/\/www.pinterest.com\/ArtisticsMag"],"hasMerchantReturnPolicy":{"@type":"MerchantReturnPolicy","merchantReturnLink":"https:\/\/artistics.com\/free-return-policy\/"}}]},"product_price_amount":"19900","product_price_currency":"EUR","og_availability":"instock","product_availability":"instock","product_retailer_item_id":"5436","product_condition":"new"},"_links":{"self":[{"href":"https:\/\/artistics.com\/fr\/wp-json\/wp\/v2\/product\/22121","targetHints":{"allow":["GET"]}}],"collection":[{"href":"https:\/\/artistics.com\/fr\/wp-json\/wp\/v2\/product"}],"about":[{"href":"https:\/\/artistics.com\/fr\/wp-json\/wp\/v2\/types\/product"}],"acf:term":[{"embeddable":true,"taxonomy":"series","href":"https:\/\/artistics.com\/fr\/wp-json\/wp\/v2\/series\/1824"},{"embeddable":true,"taxonomy":"product_tag","href":"https:\/\/artistics.com\/fr\/wp-json\/wp\/v2\/product_tag\/368"},{"embeddable":true,"taxonomy":"product_tag","href":"https:\/\/artistics.com\/fr\/wp-json\/wp\/v2\/product_tag\/542"},{"embeddable":true,"taxonomy":"product_tag","href":"https:\/\/artistics.com\/fr\/wp-json\/wp\/v2\/product_tag\/2501"},{"embeddable":true,"taxonomy":"product_tag","href":"https:\/\/artistics.com\/fr\/wp-json\/wp\/v2\/product_tag\/513"},{"embeddable":true,"taxonomy":"product_cat","href":"https:\/\/artistics.com\/fr\/wp-json\/wp\/v2\/product_cat\/238"},{"embeddable":true,"taxonomy":"product_cat","href":"https:\/\/artistics.com\/fr\/wp-json\/wp\/v2\/product_cat\/215"},{"embeddable":true,"taxonomy":"product_cat","href":"https:\/\/artistics.com\/fr\/wp-json\/wp\/v2\/product_cat\/190"},{"embeddable":true,"taxonomy":"product_cat","href":"https:\/\/artistics.com\/fr\/wp-json\/wp\/v2\/product_cat\/192"},{"embeddable":true,"taxonomy":"product_cat","href":"https:\/\/artistics.com\/fr\/wp-json\/wp\/v2\/product_cat\/196"},{"embeddable":true,"taxonomy":"product_cat","href":"https:\/\/artistics.com\/fr\/wp-json\/wp\/v2\/product_cat\/209"},{"embeddable":true,"taxonomy":"product_cat","href":"https:\/\/artistics.com\/fr\/wp-json\/wp\/v2\/product_cat\/205"},{"embeddable":true,"taxonomy":"product_cat","href":"https:\/\/artistics.com\/fr\/wp-json\/wp\/v2\/product_cat\/212"},{"embeddable":true,"taxonomy":"product_cat","href":"https:\/\/artistics.com\/fr\/wp-json\/wp\/v2\/product_cat\/213"},{"embeddable":true,"taxonomy":"product_cat","href":"https:\/\/artistics.com\/fr\/wp-json\/wp\/v2\/product_cat\/164"}],"acf:post":[{"embeddable":true,"href":"https:\/\/artistics.com\/fr\/wp-json\/wp\/v2\/artist\/2769"}],"wp:featuredmedia":[{"embeddable":true,"href":"https:\/\/artistics.com\/fr\/wp-json\/wp\/v2\/media\/10025"}],"wp:attachment":[{"href":"https:\/\/artistics.com\/fr\/wp-json\/wp\/v2\/media?parent=22121"}],"wp:term":[{"taxonomy":"product_cat","embeddable":true,"href":"https:\/\/artistics.com\/fr\/wp-json\/wp\/v2\/product_cat?post=22121"},{"taxonomy":"product_tag","embeddable":true,"href":"https:\/\/artistics.com\/fr\/wp-json\/wp\/v2\/product_tag?post=22121"},{"taxonomy":"series","embeddable":true,"href":"https:\/\/artistics.com\/fr\/wp-json\/wp\/v2\/series?post=22121"}],"curies":[{"name":"wp","href":"https:\/\/api.w.org\/{rel}","templated":true}]}}