{"id":22113,"date":"2018-06-25T17:01:39","date_gmt":"2018-06-25T15:01:39","guid":{"rendered":"https:\/\/2022.devartistics.com\/artwork\/venus-et-caetera\/"},"modified":"2025-07-02T10:54:00","modified_gmt":"2025-07-02T08:54:00","slug":"eve-et-cetera-avec-agnes-venus-et-souliers","status":"publish","type":"product","link":"https:\/\/artistics.com\/fr\/oeuvre\/eve-et-cetera-avec-agnes-venus-et-souliers\/","title":{"rendered":"\u00c8ve et cetera (avec Agn\u00e8s, Venus et Souliers)"},"content":{"rendered":"","protected":false},"excerpt":{"rendered":"","protected":false},"featured_media":84770,"template":"","meta":{"_acf_changed":false,"_searchwp_excluded":"","inline_featured_image":false},"product_cat":[192,215,238,196,164,209,212,213],"product_tag":[513,368],"series":[1824],"class_list":{"0":"post-22113","1":"product","2":"type-product","3":"status-publish","4":"has-post-thumbnail","6":"product_cat-art-figuratif","7":"product_cat-grand","8":"product_cat-plus-de-10-000-e","9":"product_cat-portrait-et-figure","10":"product_cat-sculpture-contemporaine","11":"product_cat-sculpture-figurative","12":"product_cat-sculpture-portrait-et-figure","13":"product_cat-sculpture-terre-et-ceramique","14":"product_tag-femme","15":"product_tag-sculpture-grand-format","16":"series-cecile-raynal-petites-histoires-en-reserve","18":"first","19":"instock","20":"taxable","21":"shipping-taxable","22":"purchasable","23":"product-type-simple"},"acf":{"artwork_artist":[2769],"artwork_medium":164,"artwork_categories":[213,212,209],"artwork_overall-tones":[],"artwork_main-material":[],"artwork_art-genre":[196],"artwork_art-movement":[192],"artwork_miscellaneous":[],"artwork_formats":[215],"artwork_price-ranges":[238],"artwork_main_subject":[513],"artwork_technique":[],"artwork_featured_location":[],"artwork_dominant_color":[],"artwork_physical_attributes":[368,368],"artwork_creation_date":"20170101","artwork_unique_piece":true,"artwork_description":"Sculptures en gr\u00e8s enfum\u00e9 et caisses en bois","artwork_signature":"\u0152uvre sign\u00e9e","artwork_authenticity":"L\u2019\u0153uvre est vendue avec un certificat d\u2019authenticit\u00e9 sign\u00e9 par l\u2019artiste.","artwork_framing":"not_specified","artwork_has_custom_framing_info":false,"artwork_custom_framing_info":"Not specified","artwork_location_country":"FR","artwork_location_city":"Criquetot-l'Esneval","artwork_location_zipcode":"76 280","artwork_shipment_type":"3D_artwork","artwork_shipping_delivery":"sculpture_unique_piece_immediate_availability","artwork_has_custom_shipping_delivery_info":false,"artwork_custom_shipping_delivery_info":"Not specified","artwork_360_view_url":"","artwork_video_url":"https:\/\/www.youtube.com\/watch\/P-ki3qHcXek","artwork_video_format":["vertical"],"artwork_preview_type":"featured_image","artwork_reserved":false,"artwork_hide_price":false,"artwork_about":"<p class=\"ai-optimize-27\"><strong><em>\u00c8ve et cetera (avec Agn\u00e8s, Venus et Souliers) <\/em><\/strong>est une \u0153uvre d\u2019art de l\u2019artiste contemporaine fran\u00e7aise C\u00e9cile Raynal, issue de la s\u00e9rie \u00ab\u00a0Petites histoires en r\u00e9serve\u00a0\u00bb.<\/p>\r\n<p class=\"ai-optimize-28\">Cette sculpture, expos\u00e9e au mus\u00e9e des Arts et M\u00e9tiers de Paris du 29 mai au 26 ao\u00fbt 2018 sur le parcours de l\u2019exposition<em> Petites histoires en r\u00e9serves<\/em>, a \u00e9t\u00e9 cr\u00e9\u00e9e dans le cadre de la r\u00e9sidence que C\u00e9cile Raynal a effectu\u00e9e dans les r\u00e9serves du mus\u00e9e en 2017. Comme \u00e0 son habitude, l\u2019artiste a r\u00e9alis\u00e9 lors de cette r\u00e9sidence des portraits (bustes ou figures en pied) des personnes qu\u2019elle a rencontr\u00e9es, qui ont \u00e9t\u00e9 rejoints par des sculptures d\u2019animaux (loups et renards) r\u00e9currents dans l\u2019oeuvre de l\u2019artiste depuis quelques ann\u00e9es.\u200b<\/p>\r\n<p class=\"ai-optimize-29\">L'installation comprend la sculpture d'une femme, que l'artiste a rencontr\u00e9e et interview\u00e9e au mus\u00e9e, une sculpture de ses chaussures et une copie de la reproduction de la V\u00e9nus de Milo d\u00e9tenue par le mus\u00e9e. Les trois sculptures sont fix\u00e9es sur deux caisses en bois, mais elles sont amovibles.<\/p>\r\n\r\n<div>\r\n<p class=\"ai-optimize-33\">Les photographies ont \u00e9t\u00e9 prises lors de l\u2019exposition personnelle de C\u00e9cile Raynal,<span class=\"apple-converted-space\">\u00a0<\/span><a href=\"https:\/\/artistics.com\/fr\/artzine\/cecile-raynal-a-la-table-des-dames\/\" target=\"_blank\" rel=\"noopener\"><em data-start=\"121\" data-end=\"143\">\u00c0 la table des Dames<\/em><\/a><span class=\"apple-converted-space\">\u00a0(<\/span><em data-start=\"145\" data-end=\"167\">At the Ladies\u2019 Table<\/em>), \u00e0 l\u2019Abbaye de Montivilliers en Normandie (2025).<\/p>\r\n\r\n<\/div>\r\n<p class=\"ai-optimize-30\">Dimensions totales de l'installation : H 202 x L 104 x P 145 cm\r\nDimensions et poids de la sculpture de Venus : H 63 x L 20 x P 20 cm \/ 11 kg\r\nDimensions et poids de la sculpture de la femme : H 92 x L 55 x P 55 cm \/ 36 kg\r\nDimensions et poids de la sculpture des souliers : H 29 x L 43 x P 15 cm \/ 6 kg chacun\r\nDimensions de la caisse en bois au sol : L 74 x P 115 cm.<\/p>","artwork_series":[1824],"artwork_query_group":"10","artwork_lowest_grid_position":1,"artwork_random_position":138358,"explicit_sensitive_content":false,"drupal_id":"5379"},"yoast_head":"<!-- This site is optimized with the Yoast SEO Premium plugin v27.3 (Yoast SEO v27.3) - https:\/\/yoast.com\/product\/yoast-seo-premium-wordpress\/ -->\n<title>\u00c8ve et cetera (avec Agn\u00e8s, Venus et Souliers) par C\u00e9cile Raynal - Sculpture contemporaine | Artistics<\/title>\n<meta name=\"description\" content=\"\u00c8ve et cetera (avec Agn\u00e8s, Venus et Souliers) par C\u00e9cile Raynal - achetez en ligne cette \u0153uvre d\u2019art originale avec son certificat d\u2019authenticit\u00e9 et b\u00e9n\u00e9ficiez de notre service premium.\" \/>\n<meta name=\"robots\" content=\"index, follow, max-snippet:-1, max-image-preview:large, max-video-preview:-1\" \/>\n<link rel=\"canonical\" href=\"https:\/\/artistics.com\/fr\/oeuvre\/eve-et-cetera-avec-agnes-venus-et-souliers\/\" \/>\n<meta property=\"og:locale\" content=\"fr_FR\" \/>\n<meta property=\"og:type\" content=\"article\" \/>\n<meta property=\"og:title\" content=\"\u00c8ve et cetera (avec Agn\u00e8s, Venus et Souliers)\" \/>\n<meta property=\"og:description\" content=\"\u00c8ve et cetera (avec Agn\u00e8s, Venus et Souliers) par C\u00e9cile Raynal - achetez en ligne cette \u0153uvre d\u2019art originale avec son certificat d\u2019authenticit\u00e9 et b\u00e9n\u00e9ficiez de notre service premium.\" \/>\n<meta property=\"og:url\" content=\"https:\/\/artistics.com\/fr\/oeuvre\/eve-et-cetera-avec-agnes-venus-et-souliers\/\" \/>\n<meta property=\"og:site_name\" content=\"Artistics\" \/>\n<meta property=\"article:publisher\" content=\"https:\/\/www.facebook.com\/ArtisticsMag\" \/>\n<meta property=\"article:modified_time\" content=\"2025-07-02T08:54:00+00:00\" \/>\n<meta property=\"og:image\" content=\"https:\/\/artistics.com\/wp-content\/uploads\/2025\/07\/eve-et-cetera-contemporary-portrait-sculpture-by-cecile-raynal-19.jpg\" \/>\n\t<meta property=\"og:image:width\" content=\"1495\" \/>\n\t<meta property=\"og:image:height\" content=\"1999\" \/>\n\t<meta property=\"og:image:type\" content=\"image\/jpeg\" \/>\n<meta name=\"twitter:card\" content=\"summary_large_image\" \/>\n<meta name=\"twitter:site\" content=\"@Artistics_FR\" \/>\n<meta name=\"twitter:label1\" content=\"Prix\" \/>\n\t<meta name=\"twitter:data1\" content=\"14 300&nbsp;&euro;\" \/>\n\t<meta name=\"twitter:label2\" content=\"Disponibilit\u00e9\" \/>\n\t<meta name=\"twitter:data2\" content=\"En stock\" \/>\n<script type=\"application\/ld+json\" class=\"yoast-schema-graph\">{\"@context\":\"https:\\\/\\\/schema.org\",\"@graph\":[{\"@type\":[\"WebPage\",\"ItemPage\"],\"@id\":\"https:\\\/\\\/artistics.com\\\/fr\\\/oeuvre\\\/eve-et-cetera-avec-agnes-venus-et-souliers\\\/\",\"url\":\"https:\\\/\\\/artistics.com\\\/fr\\\/oeuvre\\\/eve-et-cetera-avec-agnes-venus-et-souliers\\\/\",\"name\":\"\u00c8ve et cetera (avec Agn\u00e8s, Venus et Souliers) par C\u00e9cile Raynal - Sculpture contemporaine | Artistics\",\"isPartOf\":{\"@id\":\"https:\\\/\\\/artistics.com\\\/fr\\\/#website\"},\"primaryImageOfPage\":{\"@id\":\"https:\\\/\\\/artistics.com\\\/fr\\\/oeuvre\\\/eve-et-cetera-avec-agnes-venus-et-souliers\\\/#primaryimage\"},\"image\":{\"@id\":\"https:\\\/\\\/artistics.com\\\/fr\\\/oeuvre\\\/eve-et-cetera-avec-agnes-venus-et-souliers\\\/#primaryimage\"},\"thumbnailUrl\":\"https:\\\/\\\/artistics.com\\\/wp-content\\\/uploads\\\/2025\\\/07\\\/eve-et-cetera-contemporary-portrait-sculpture-by-cecile-raynal-19.jpg\",\"datePublished\":\"2018-06-25T15:01:39+00:00\",\"dateModified\":\"2025-07-02T08:54:00+00:00\",\"description\":\"\u00c8ve et cetera (avec Agn\u00e8s, Venus et Souliers) par C\u00e9cile Raynal - achetez en ligne cette \u0153uvre d\u2019art originale avec son certificat d\u2019authenticit\u00e9 et b\u00e9n\u00e9ficiez de notre service premium.\",\"breadcrumb\":{\"@id\":\"https:\\\/\\\/artistics.com\\\/fr\\\/oeuvre\\\/eve-et-cetera-avec-agnes-venus-et-souliers\\\/#breadcrumb\"},\"inLanguage\":\"fr-FR\",\"potentialAction\":[{\"@type\":\"ReadAction\",\"target\":[\"https:\\\/\\\/artistics.com\\\/fr\\\/oeuvre\\\/eve-et-cetera-avec-agnes-venus-et-souliers\\\/\"]}]},{\"@type\":\"ImageObject\",\"inLanguage\":\"fr-FR\",\"@id\":\"https:\\\/\\\/artistics.com\\\/fr\\\/oeuvre\\\/eve-et-cetera-avec-agnes-venus-et-souliers\\\/#primaryimage\",\"url\":\"https:\\\/\\\/artistics.com\\\/wp-content\\\/uploads\\\/2025\\\/07\\\/eve-et-cetera-contemporary-portrait-sculpture-by-cecile-raynal-19.jpg\",\"contentUrl\":\"https:\\\/\\\/artistics.com\\\/wp-content\\\/uploads\\\/2025\\\/07\\\/eve-et-cetera-contemporary-portrait-sculpture-by-cecile-raynal-19.jpg\",\"width\":1495,\"height\":1999},{\"@type\":\"BreadcrumbList\",\"@id\":\"https:\\\/\\\/artistics.com\\\/fr\\\/oeuvre\\\/eve-et-cetera-avec-agnes-venus-et-souliers\\\/#breadcrumb\",\"itemListElement\":[{\"@type\":\"ListItem\",\"position\":1,\"name\":\"Achat \u0153uvre d'art\",\"item\":\"https:\\\/\\\/artistics.com\\\/fr\\\/\"},{\"@type\":\"ListItem\",\"position\":2,\"name\":\"Galerie\",\"item\":\"https:\\\/\\\/artistics.com\\\/fr\\\/galerie\\\/\"},{\"@type\":\"ListItem\",\"position\":3,\"name\":\"Sculpture contemporaine\",\"item\":\"https:\\\/\\\/artistics.com\\\/fr\\\/categorie-oeuvre\\\/sculpture-contemporaine\\\/\"},{\"@type\":\"ListItem\",\"position\":4,\"name\":\"\u00c8ve et cetera (avec Agn\u00e8s, Venus et Souliers)\"}]},{\"@type\":\"WebSite\",\"@id\":\"https:\\\/\\\/artistics.com\\\/fr\\\/#website\",\"url\":\"https:\\\/\\\/artistics.com\\\/fr\\\/\",\"name\":\"Artistics\",\"description\":\"The online art gallery\",\"publisher\":{\"@id\":\"https:\\\/\\\/artistics.com\\\/fr\\\/#organization\"},\"potentialAction\":[{\"@type\":\"SearchAction\",\"target\":{\"@type\":\"EntryPoint\",\"urlTemplate\":\"https:\\\/\\\/artistics.com\\\/fr\\\/?s={search_term_string}\"},\"query-input\":{\"@type\":\"PropertyValueSpecification\",\"valueRequired\":true,\"valueName\":\"search_term_string\"}}],\"inLanguage\":\"fr-FR\"},{\"@type\":\"Organization\",\"@id\":\"https:\\\/\\\/artistics.com\\\/fr\\\/#organization\",\"name\":\"Artistics\",\"url\":\"https:\\\/\\\/artistics.com\\\/fr\\\/\",\"logo\":{\"@type\":\"ImageObject\",\"inLanguage\":\"fr-FR\",\"@id\":\"https:\\\/\\\/artistics.com\\\/fr\\\/#\\\/schema\\\/logo\\\/image\\\/\",\"url\":\"https:\\\/\\\/artistics.com\\\/wp-content\\\/uploads\\\/2023\\\/02\\\/artistics-logo-web-1.svg\",\"contentUrl\":\"https:\\\/\\\/artistics.com\\\/wp-content\\\/uploads\\\/2023\\\/02\\\/artistics-logo-web-1.svg\",\"caption\":\"Artistics\"},\"image\":{\"@id\":\"https:\\\/\\\/artistics.com\\\/fr\\\/#\\\/schema\\\/logo\\\/image\\\/\"},\"sameAs\":[\"https:\\\/\\\/www.facebook.com\\\/ArtisticsMag\",\"https:\\\/\\\/x.com\\\/Artistics_FR\",\"http:\\\/\\\/www.linkedin.com\\\/company\\\/artistics\",\"https:\\\/\\\/www.instagram.com\\\/artistics_com\\\/\",\"http:\\\/\\\/www.pinterest.com\\\/ArtisticsMag\"],\"hasMerchantReturnPolicy\":{\"@type\":\"MerchantReturnPolicy\",\"merchantReturnLink\":\"https:\\\/\\\/artistics.com\\\/free-return-policy\\\/\"}}]}<\/script>\n<meta property=\"product:price:amount\" content=\"14300\" \/>\n<meta property=\"product:price:currency\" content=\"EUR\" \/>\n<meta property=\"og:availability\" content=\"instock\" \/>\n<meta property=\"product:availability\" content=\"instock\" \/>\n<meta property=\"product:retailer_item_id\" content=\"5424\" \/>\n<meta property=\"product:condition\" content=\"new\" \/>\n<!-- \/ Yoast SEO Premium plugin. -->","yoast_head_json":{"title":"\u00c8ve et cetera (avec Agn\u00e8s, Venus et Souliers) par C\u00e9cile Raynal - Sculpture contemporaine | Artistics","description":"\u00c8ve et cetera (avec Agn\u00e8s, Venus et Souliers) par C\u00e9cile Raynal - achetez en ligne cette \u0153uvre d\u2019art originale avec son certificat d\u2019authenticit\u00e9 et b\u00e9n\u00e9ficiez de notre service premium.","robots":{"index":"index","follow":"follow","max-snippet":"max-snippet:-1","max-image-preview":"max-image-preview:large","max-video-preview":"max-video-preview:-1"},"canonical":"https:\/\/artistics.com\/fr\/oeuvre\/eve-et-cetera-avec-agnes-venus-et-souliers\/","og_locale":"fr_FR","og_type":"article","og_title":"\u00c8ve et cetera (avec Agn\u00e8s, Venus et Souliers)","og_description":"\u00c8ve et cetera (avec Agn\u00e8s, Venus et Souliers) par C\u00e9cile Raynal - achetez en ligne cette \u0153uvre d\u2019art originale avec son certificat d\u2019authenticit\u00e9 et b\u00e9n\u00e9ficiez de notre service premium.","og_url":"https:\/\/artistics.com\/fr\/oeuvre\/eve-et-cetera-avec-agnes-venus-et-souliers\/","og_site_name":"Artistics","article_publisher":"https:\/\/www.facebook.com\/ArtisticsMag","article_modified_time":"2025-07-02T08:54:00+00:00","og_image":[{"width":1495,"height":1999,"url":"https:\/\/artistics.com\/wp-content\/uploads\/2025\/07\/eve-et-cetera-contemporary-portrait-sculpture-by-cecile-raynal-19.jpg","type":"image\/jpeg"}],"twitter_card":"summary_large_image","twitter_site":"@Artistics_FR","twitter_misc":{"Prix":"14 300&nbsp;&euro;","Disponibilit\u00e9":"En stock"},"schema":{"@context":"https:\/\/schema.org","@graph":[{"@type":["WebPage","ItemPage"],"@id":"https:\/\/artistics.com\/fr\/oeuvre\/eve-et-cetera-avec-agnes-venus-et-souliers\/","url":"https:\/\/artistics.com\/fr\/oeuvre\/eve-et-cetera-avec-agnes-venus-et-souliers\/","name":"\u00c8ve et cetera (avec Agn\u00e8s, Venus et Souliers) par C\u00e9cile Raynal - Sculpture contemporaine | Artistics","isPartOf":{"@id":"https:\/\/artistics.com\/fr\/#website"},"primaryImageOfPage":{"@id":"https:\/\/artistics.com\/fr\/oeuvre\/eve-et-cetera-avec-agnes-venus-et-souliers\/#primaryimage"},"image":{"@id":"https:\/\/artistics.com\/fr\/oeuvre\/eve-et-cetera-avec-agnes-venus-et-souliers\/#primaryimage"},"thumbnailUrl":"https:\/\/artistics.com\/wp-content\/uploads\/2025\/07\/eve-et-cetera-contemporary-portrait-sculpture-by-cecile-raynal-19.jpg","datePublished":"2018-06-25T15:01:39+00:00","dateModified":"2025-07-02T08:54:00+00:00","description":"\u00c8ve et cetera (avec Agn\u00e8s, Venus et Souliers) par C\u00e9cile Raynal - achetez en ligne cette \u0153uvre d\u2019art originale avec son certificat d\u2019authenticit\u00e9 et b\u00e9n\u00e9ficiez de notre service premium.","breadcrumb":{"@id":"https:\/\/artistics.com\/fr\/oeuvre\/eve-et-cetera-avec-agnes-venus-et-souliers\/#breadcrumb"},"inLanguage":"fr-FR","potentialAction":[{"@type":"ReadAction","target":["https:\/\/artistics.com\/fr\/oeuvre\/eve-et-cetera-avec-agnes-venus-et-souliers\/"]}]},{"@type":"ImageObject","inLanguage":"fr-FR","@id":"https:\/\/artistics.com\/fr\/oeuvre\/eve-et-cetera-avec-agnes-venus-et-souliers\/#primaryimage","url":"https:\/\/artistics.com\/wp-content\/uploads\/2025\/07\/eve-et-cetera-contemporary-portrait-sculpture-by-cecile-raynal-19.jpg","contentUrl":"https:\/\/artistics.com\/wp-content\/uploads\/2025\/07\/eve-et-cetera-contemporary-portrait-sculpture-by-cecile-raynal-19.jpg","width":1495,"height":1999},{"@type":"BreadcrumbList","@id":"https:\/\/artistics.com\/fr\/oeuvre\/eve-et-cetera-avec-agnes-venus-et-souliers\/#breadcrumb","itemListElement":[{"@type":"ListItem","position":1,"name":"Achat \u0153uvre d'art","item":"https:\/\/artistics.com\/fr\/"},{"@type":"ListItem","position":2,"name":"Galerie","item":"https:\/\/artistics.com\/fr\/galerie\/"},{"@type":"ListItem","position":3,"name":"Sculpture contemporaine","item":"https:\/\/artistics.com\/fr\/categorie-oeuvre\/sculpture-contemporaine\/"},{"@type":"ListItem","position":4,"name":"\u00c8ve et cetera (avec Agn\u00e8s, Venus et Souliers)"}]},{"@type":"WebSite","@id":"https:\/\/artistics.com\/fr\/#website","url":"https:\/\/artistics.com\/fr\/","name":"Artistics","description":"The online art gallery","publisher":{"@id":"https:\/\/artistics.com\/fr\/#organization"},"potentialAction":[{"@type":"SearchAction","target":{"@type":"EntryPoint","urlTemplate":"https:\/\/artistics.com\/fr\/?s={search_term_string}"},"query-input":{"@type":"PropertyValueSpecification","valueRequired":true,"valueName":"search_term_string"}}],"inLanguage":"fr-FR"},{"@type":"Organization","@id":"https:\/\/artistics.com\/fr\/#organization","name":"Artistics","url":"https:\/\/artistics.com\/fr\/","logo":{"@type":"ImageObject","inLanguage":"fr-FR","@id":"https:\/\/artistics.com\/fr\/#\/schema\/logo\/image\/","url":"https:\/\/artistics.com\/wp-content\/uploads\/2023\/02\/artistics-logo-web-1.svg","contentUrl":"https:\/\/artistics.com\/wp-content\/uploads\/2023\/02\/artistics-logo-web-1.svg","caption":"Artistics"},"image":{"@id":"https:\/\/artistics.com\/fr\/#\/schema\/logo\/image\/"},"sameAs":["https:\/\/www.facebook.com\/ArtisticsMag","https:\/\/x.com\/Artistics_FR","http:\/\/www.linkedin.com\/company\/artistics","https:\/\/www.instagram.com\/artistics_com\/","http:\/\/www.pinterest.com\/ArtisticsMag"],"hasMerchantReturnPolicy":{"@type":"MerchantReturnPolicy","merchantReturnLink":"https:\/\/artistics.com\/free-return-policy\/"}}]},"product_price_amount":"14300","product_price_currency":"EUR","og_availability":"instock","product_availability":"instock","product_retailer_item_id":"5424","product_condition":"new"},"_links":{"self":[{"href":"https:\/\/artistics.com\/fr\/wp-json\/wp\/v2\/product\/22113","targetHints":{"allow":["GET"]}}],"collection":[{"href":"https:\/\/artistics.com\/fr\/wp-json\/wp\/v2\/product"}],"about":[{"href":"https:\/\/artistics.com\/fr\/wp-json\/wp\/v2\/types\/product"}],"acf:term":[{"embeddable":true,"taxonomy":"series","href":"https:\/\/artistics.com\/fr\/wp-json\/wp\/v2\/series\/1824"},{"embeddable":true,"taxonomy":"product_tag","href":"https:\/\/artistics.com\/fr\/wp-json\/wp\/v2\/product_tag\/368"},{"embeddable":true,"taxonomy":"product_tag","href":"https:\/\/artistics.com\/fr\/wp-json\/wp\/v2\/product_tag\/513"},{"embeddable":true,"taxonomy":"product_cat","href":"https:\/\/artistics.com\/fr\/wp-json\/wp\/v2\/product_cat\/238"},{"embeddable":true,"taxonomy":"product_cat","href":"https:\/\/artistics.com\/fr\/wp-json\/wp\/v2\/product_cat\/215"},{"embeddable":true,"taxonomy":"product_cat","href":"https:\/\/artistics.com\/fr\/wp-json\/wp\/v2\/product_cat\/192"},{"embeddable":true,"taxonomy":"product_cat","href":"https:\/\/artistics.com\/fr\/wp-json\/wp\/v2\/product_cat\/196"},{"embeddable":true,"taxonomy":"product_cat","href":"https:\/\/artistics.com\/fr\/wp-json\/wp\/v2\/product_cat\/209"},{"embeddable":true,"taxonomy":"product_cat","href":"https:\/\/artistics.com\/fr\/wp-json\/wp\/v2\/product_cat\/212"},{"embeddable":true,"taxonomy":"product_cat","href":"https:\/\/artistics.com\/fr\/wp-json\/wp\/v2\/product_cat\/213"},{"embeddable":true,"taxonomy":"product_cat","href":"https:\/\/artistics.com\/fr\/wp-json\/wp\/v2\/product_cat\/164"}],"acf:post":[{"embeddable":true,"href":"https:\/\/artistics.com\/fr\/wp-json\/wp\/v2\/artist\/2769"}],"wp:featuredmedia":[{"embeddable":true,"href":"https:\/\/artistics.com\/fr\/wp-json\/wp\/v2\/media\/84770"}],"wp:attachment":[{"href":"https:\/\/artistics.com\/fr\/wp-json\/wp\/v2\/media?parent=22113"}],"wp:term":[{"taxonomy":"product_cat","embeddable":true,"href":"https:\/\/artistics.com\/fr\/wp-json\/wp\/v2\/product_cat?post=22113"},{"taxonomy":"product_tag","embeddable":true,"href":"https:\/\/artistics.com\/fr\/wp-json\/wp\/v2\/product_tag?post=22113"},{"taxonomy":"series","embeddable":true,"href":"https:\/\/artistics.com\/fr\/wp-json\/wp\/v2\/series?post=22113"}],"curies":[{"name":"wp","href":"https:\/\/api.w.org\/{rel}","templated":true}]}}