{"id":22083,"date":"2018-02-14T12:12:46","date_gmt":"2018-02-14T11:12:46","guid":{"rendered":"https:\/\/2022.devartistics.com\/artwork\/maisons-rouges-1-serie-norvege\/"},"modified":"2023-04-22T01:54:35","modified_gmt":"2023-04-21T23:54:35","slug":"maisons-rouges-1-serie-norvege","status":"publish","type":"product","link":"https:\/\/artistics.com\/fr\/oeuvre\/maisons-rouges-1-serie-norvege\/","title":{"rendered":"Maisons rouges 1, s\u00e9rie Norv\u00e8ge"},"content":{"rendered":"","protected":false},"excerpt":{"rendered":"","protected":false},"featured_media":33636,"template":"","meta":{"_acf_changed":false,"_searchwp_excluded":"","inline_featured_image":false},"product_cat":[24,162,149,170,144,172,192,194,119,216,122,126,235,232],"product_tag":[517,523,448,525,556,481,450,442],"series":[1817],"class_list":{"0":"post-22083","1":"product","2":"type-product","3":"status-publish","4":"has-post-thumbnail","6":"product_cat-contemporary-painting","7":"product_cat-peinture-contemporaine","8":"product_cat-nature-and-landscape-painting","9":"product_cat-peinture-figurative","10":"product_cat-figurative-painting","11":"product_cat-tableau-nature-et-paysage","12":"product_cat-art-figuratif","13":"product_cat-nature-et-paysage","14":"product_cat-medium","15":"product_cat-moyen","16":"product_cat-figurative-art","17":"product_cat-nature-and-landscape","18":"product_cat-de-1000-a-3000-e","19":"product_cat-from-1000-to-3000","20":"product_tag-hiver","21":"product_tag-montagne","22":"product_tag-mountain","23":"product_tag-neige","24":"product_tag-norvege","25":"product_tag-norway","26":"product_tag-snow","27":"product_tag-winter","28":"series-calo-carratala-norvege","30":"first","31":"outofstock","32":"shipping-taxable","33":"purchasable","34":"product-type-simple"},"acf":{"artwork_artist":[2787],"artwork_medium":162,"artwork_categories":[170,172],"artwork_overall-tones":[],"artwork_main-material":[],"artwork_art-genre":[194],"artwork_art-movement":[192],"artwork_miscellaneous":[],"artwork_formats":[216],"artwork_price-ranges":[235],"artwork_main_subject":[523,525,517],"artwork_technique":[],"artwork_featured_location":[556],"artwork_dominant_color":[],"artwork_physical_attributes":[],"artwork_creation_date":"20170101","artwork_unique_piece":true,"artwork_description":"Huile sur bois","artwork_signature":"Signed artwork","artwork_authenticity":"The artwork is sold with a certificate of authenticity signed by the artist.","artwork_framing":"unframed","artwork_has_custom_framing_info":false,"artwork_custom_framing_info":"Not specified","artwork_location_country":"ES","artwork_location_city":"Alaquas  - Valencia","artwork_location_zipcode":"46970","artwork_shipment_type":"2D_flat_artwork","artwork_shipping_delivery":"painting_immediate_availability","artwork_has_custom_shipping_delivery_info":false,"artwork_custom_shipping_delivery_info":"Not specified","artwork_360_view_url":"","artwork_video_url":"","artwork_video_format":[],"artwork_preview_type":"featured_image","artwork_reserved":false,"artwork_hide_price":false,"artwork_about":"<p><\/p><p  ><strong><em>Maisons rouges 1,<\/em><\/strong> issue de la s\u00e9rie \"Norv\u00e8ge\", est une peinture de l\u2019artiste contemporain espagnol Calo Carratal\u00e1. Cette \u0153uvre d\u2019<span  lang=\"EN-US\" xml_lang=\"EN-US\">art repr<\/span>\u00e9sente un paysage enneig\u00e9 typique du pays nordique qu'est la Norv\u00e8ge. Un ensemble de maisons rouges se refl\u00e8tent dans les eaux d'un lac ou d'une rivi\u00e8re. En haut d'une pente, apparait presque de mani\u00e8re abstraite, une for\u00eat de sapins. Le blanc et le brun sont les teintes dominantes de cette \u0153uvre.<\/p><p  >\u0152uvre d\u2019art unique, sign\u00e9e par l\u2019<span  lang=\"IT\" xml_lang=\"IT\">artiste.<\/span><\/p><p  ><em><span  lang=\"IT\" xml_lang=\"IT\">Calo Carratal<\/span>\u00e1 est un artiste contemporain espagnol, \u00e9tabli \u00e0 Valence, sp\u00e9cialis\u00e9 dans la peinture de paysage. Passionn\u00e9 par les voyages, il parcourt l\u2019Amazonie, le Colorado, en passant par les Alpes ou les Pyr\u00e9n\u00e9es, jusqu\u2019aux for\u00ea<\/em><em><span  lang=\"EN-US\" xml_lang=\"EN-US\">ts norv<\/span>\u00e9giennes. Toujours muni d\u2019un carnet de croquis, l\u2019artiste immortalise in situ les sensations que lui procurent ces panoramas. A la mani\u00e8re des peintres romantiques, Calo Carratal\u00e1 d\u00e9peint une nature \u00e0 la fois tourment\u00e9e, peut-\u00eatre m\u00ea<\/em><em><span  lang=\"IT\" xml_lang=\"IT\">me inqui<\/span>\u00e9tante, et \u00e0 la fois grandiose suscitant admiration et contemplation.<\/em><\/p>","artwork_series":[1817],"artwork_query_group":"10","artwork_lowest_grid_position":1,"artwork_random_position":7914798,"explicit_sensitive_content":false,"drupal_id":"5046"},"yoast_head":"<!-- This site is optimized with the Yoast SEO Premium plugin v27.3 (Yoast SEO v27.3) - https:\/\/yoast.com\/product\/yoast-seo-premium-wordpress\/ -->\n<title>Artistics | Maisons rouges 1, s\u00e9rie Norv\u00e8ge par Calo Carratal\u00e1 - Peinture contemporaine<\/title>\n<meta name=\"description\" content=\"Maisons rouges 1, s\u00e9rie Norv\u00e8ge par Calo Carratal\u00e1 - achat d&#039;\u0153uvres d&#039;art contemporain originales sur la galerie d&#039;art en ligne Artistics.\" \/>\n<meta name=\"robots\" content=\"index, follow, max-snippet:-1, max-image-preview:large, max-video-preview:-1\" \/>\n<link rel=\"canonical\" href=\"https:\/\/artistics.com\/fr\/oeuvre\/maisons-rouges-1-serie-norvege\/\" \/>\n<meta property=\"og:locale\" content=\"fr_FR\" \/>\n<meta property=\"og:type\" content=\"article\" \/>\n<meta property=\"og:title\" content=\"Maisons rouges 1, s\u00e9rie Norv\u00e8ge\" \/>\n<meta property=\"og:description\" content=\"Maisons rouges 1, s\u00e9rie Norv\u00e8ge par Calo Carratal\u00e1 - achat d&#039;\u0153uvres d&#039;art contemporain originales sur la galerie d&#039;art en ligne Artistics.\" \/>\n<meta property=\"og:url\" content=\"https:\/\/artistics.com\/fr\/oeuvre\/maisons-rouges-1-serie-norvege\/\" \/>\n<meta property=\"og:site_name\" content=\"Artistics\" \/>\n<meta property=\"article:publisher\" content=\"https:\/\/www.facebook.com\/ArtisticsMag\" \/>\n<meta property=\"article:modified_time\" content=\"2023-04-21T23:54:35+00:00\" \/>\n<meta property=\"og:image\" content=\"https:\/\/artistics.com\/wp-content\/uploads\/2023\/04\/maisons_rouges1-by-calo-carratala_1-scaled.jpg\" \/>\n\t<meta property=\"og:image:width\" content=\"2560\" \/>\n\t<meta property=\"og:image:height\" content=\"1568\" \/>\n\t<meta property=\"og:image:type\" content=\"image\/jpeg\" \/>\n<meta name=\"twitter:card\" content=\"summary_large_image\" \/>\n<meta name=\"twitter:site\" content=\"@Artistics_FR\" \/>\n<meta name=\"twitter:label1\" content=\"Prix\" \/>\n\t<meta name=\"twitter:data1\" content=\"1 500&nbsp;&euro;\" \/>\n\t<meta name=\"twitter:label2\" content=\"Disponibilit\u00e9\" \/>\n\t<meta name=\"twitter:data2\" content=\"Rupture de stock\" \/>\n<script type=\"application\/ld+json\" class=\"yoast-schema-graph\">{\"@context\":\"https:\\\/\\\/schema.org\",\"@graph\":[{\"@type\":[\"WebPage\",\"ItemPage\"],\"@id\":\"https:\\\/\\\/artistics.com\\\/fr\\\/oeuvre\\\/maisons-rouges-1-serie-norvege\\\/\",\"url\":\"https:\\\/\\\/artistics.com\\\/fr\\\/oeuvre\\\/maisons-rouges-1-serie-norvege\\\/\",\"name\":\"Artistics | Maisons rouges 1, s\u00e9rie Norv\u00e8ge par Calo Carratal\u00e1 - Peinture contemporaine\",\"isPartOf\":{\"@id\":\"https:\\\/\\\/artistics.com\\\/fr\\\/#website\"},\"primaryImageOfPage\":{\"@id\":\"https:\\\/\\\/artistics.com\\\/fr\\\/oeuvre\\\/maisons-rouges-1-serie-norvege\\\/#primaryimage\"},\"image\":{\"@id\":\"https:\\\/\\\/artistics.com\\\/fr\\\/oeuvre\\\/maisons-rouges-1-serie-norvege\\\/#primaryimage\"},\"thumbnailUrl\":\"https:\\\/\\\/artistics.com\\\/wp-content\\\/uploads\\\/2023\\\/05\\\/maisons-rouges-1-by-calo-carratala-1-scaled.jpg\",\"datePublished\":\"2018-02-14T11:12:46+00:00\",\"dateModified\":\"2023-04-21T23:54:35+00:00\",\"description\":\"Maisons rouges 1, s\u00e9rie Norv\u00e8ge par Calo Carratal\u00e1 - achat d'\u0153uvres d'art contemporain originales sur la galerie d'art en ligne Artistics.\",\"breadcrumb\":{\"@id\":\"https:\\\/\\\/artistics.com\\\/fr\\\/oeuvre\\\/maisons-rouges-1-serie-norvege\\\/#breadcrumb\"},\"inLanguage\":\"fr-FR\",\"potentialAction\":[{\"@type\":\"ReadAction\",\"target\":[\"https:\\\/\\\/artistics.com\\\/fr\\\/oeuvre\\\/maisons-rouges-1-serie-norvege\\\/\"]}]},{\"@type\":\"ImageObject\",\"inLanguage\":\"fr-FR\",\"@id\":\"https:\\\/\\\/artistics.com\\\/fr\\\/oeuvre\\\/maisons-rouges-1-serie-norvege\\\/#primaryimage\",\"url\":\"https:\\\/\\\/artistics.com\\\/wp-content\\\/uploads\\\/2023\\\/05\\\/maisons-rouges-1-by-calo-carratala-1-scaled.jpg\",\"contentUrl\":\"https:\\\/\\\/artistics.com\\\/wp-content\\\/uploads\\\/2023\\\/05\\\/maisons-rouges-1-by-calo-carratala-1-scaled.jpg\",\"width\":2560,\"height\":1579},{\"@type\":\"BreadcrumbList\",\"@id\":\"https:\\\/\\\/artistics.com\\\/fr\\\/oeuvre\\\/maisons-rouges-1-serie-norvege\\\/#breadcrumb\",\"itemListElement\":[{\"@type\":\"ListItem\",\"position\":1,\"name\":\"Achat \u0153uvre d'art\",\"item\":\"https:\\\/\\\/artistics.com\\\/fr\\\/\"},{\"@type\":\"ListItem\",\"position\":2,\"name\":\"Galerie\",\"item\":\"https:\\\/\\\/artistics.com\\\/fr\\\/galerie\\\/\"},{\"@type\":\"ListItem\",\"position\":3,\"name\":\"Peinture contemporaine\",\"item\":\"https:\\\/\\\/artistics.com\\\/fr\\\/categorie-oeuvre\\\/peinture-contemporaine\\\/\"},{\"@type\":\"ListItem\",\"position\":4,\"name\":\"Maisons rouges 1, s\u00e9rie Norv\u00e8ge\"}]},{\"@type\":\"WebSite\",\"@id\":\"https:\\\/\\\/artistics.com\\\/fr\\\/#website\",\"url\":\"https:\\\/\\\/artistics.com\\\/fr\\\/\",\"name\":\"Artistics\",\"description\":\"The online art gallery\",\"publisher\":{\"@id\":\"https:\\\/\\\/artistics.com\\\/fr\\\/#organization\"},\"potentialAction\":[{\"@type\":\"SearchAction\",\"target\":{\"@type\":\"EntryPoint\",\"urlTemplate\":\"https:\\\/\\\/artistics.com\\\/fr\\\/?s={search_term_string}\"},\"query-input\":{\"@type\":\"PropertyValueSpecification\",\"valueRequired\":true,\"valueName\":\"search_term_string\"}}],\"inLanguage\":\"fr-FR\"},{\"@type\":\"Organization\",\"@id\":\"https:\\\/\\\/artistics.com\\\/fr\\\/#organization\",\"name\":\"Artistics\",\"url\":\"https:\\\/\\\/artistics.com\\\/fr\\\/\",\"logo\":{\"@type\":\"ImageObject\",\"inLanguage\":\"fr-FR\",\"@id\":\"https:\\\/\\\/artistics.com\\\/fr\\\/#\\\/schema\\\/logo\\\/image\\\/\",\"url\":\"https:\\\/\\\/artistics.com\\\/wp-content\\\/uploads\\\/2023\\\/02\\\/artistics-logo-web-1.svg\",\"contentUrl\":\"https:\\\/\\\/artistics.com\\\/wp-content\\\/uploads\\\/2023\\\/02\\\/artistics-logo-web-1.svg\",\"caption\":\"Artistics\"},\"image\":{\"@id\":\"https:\\\/\\\/artistics.com\\\/fr\\\/#\\\/schema\\\/logo\\\/image\\\/\"},\"sameAs\":[\"https:\\\/\\\/www.facebook.com\\\/ArtisticsMag\",\"https:\\\/\\\/x.com\\\/Artistics_FR\",\"http:\\\/\\\/www.linkedin.com\\\/company\\\/artistics\",\"https:\\\/\\\/www.instagram.com\\\/artistics_com\\\/\",\"http:\\\/\\\/www.pinterest.com\\\/ArtisticsMag\"],\"hasMerchantReturnPolicy\":{\"@type\":\"MerchantReturnPolicy\",\"merchantReturnLink\":\"https:\\\/\\\/artistics.com\\\/free-return-policy\\\/\"}}]}<\/script>\n<meta property=\"product:price:amount\" content=\"1500\" \/>\n<meta property=\"product:price:currency\" content=\"EUR\" \/>\n<meta property=\"og:availability\" content=\"out of stock\" \/>\n<meta property=\"product:availability\" content=\"out of stock\" \/>\n<meta property=\"product:retailer_item_id\" content=\"5047\" \/>\n<meta property=\"product:condition\" content=\"new\" \/>\n<!-- \/ Yoast SEO Premium plugin. -->","yoast_head_json":{"title":"Artistics | Maisons rouges 1, s\u00e9rie Norv\u00e8ge par Calo Carratal\u00e1 - Peinture contemporaine","description":"Maisons rouges 1, s\u00e9rie Norv\u00e8ge par Calo Carratal\u00e1 - achat d'\u0153uvres d'art contemporain originales sur la galerie d'art en ligne Artistics.","robots":{"index":"index","follow":"follow","max-snippet":"max-snippet:-1","max-image-preview":"max-image-preview:large","max-video-preview":"max-video-preview:-1"},"canonical":"https:\/\/artistics.com\/fr\/oeuvre\/maisons-rouges-1-serie-norvege\/","og_locale":"fr_FR","og_type":"article","og_title":"Maisons rouges 1, s\u00e9rie Norv\u00e8ge","og_description":"Maisons rouges 1, s\u00e9rie Norv\u00e8ge par Calo Carratal\u00e1 - achat d'\u0153uvres d'art contemporain originales sur la galerie d'art en ligne Artistics.","og_url":"https:\/\/artistics.com\/fr\/oeuvre\/maisons-rouges-1-serie-norvege\/","og_site_name":"Artistics","article_publisher":"https:\/\/www.facebook.com\/ArtisticsMag","article_modified_time":"2023-04-21T23:54:35+00:00","og_image":[{"width":2560,"height":1568,"url":"https:\/\/artistics.com\/wp-content\/uploads\/2023\/04\/maisons_rouges1-by-calo-carratala_1-scaled.jpg","type":"image\/jpeg"}],"twitter_card":"summary_large_image","twitter_site":"@Artistics_FR","twitter_misc":{"Prix":"1 500&nbsp;&euro;","Disponibilit\u00e9":"Rupture de stock"},"schema":{"@context":"https:\/\/schema.org","@graph":[{"@type":["WebPage","ItemPage"],"@id":"https:\/\/artistics.com\/fr\/oeuvre\/maisons-rouges-1-serie-norvege\/","url":"https:\/\/artistics.com\/fr\/oeuvre\/maisons-rouges-1-serie-norvege\/","name":"Artistics | Maisons rouges 1, s\u00e9rie Norv\u00e8ge par Calo Carratal\u00e1 - Peinture contemporaine","isPartOf":{"@id":"https:\/\/artistics.com\/fr\/#website"},"primaryImageOfPage":{"@id":"https:\/\/artistics.com\/fr\/oeuvre\/maisons-rouges-1-serie-norvege\/#primaryimage"},"image":{"@id":"https:\/\/artistics.com\/fr\/oeuvre\/maisons-rouges-1-serie-norvege\/#primaryimage"},"thumbnailUrl":"https:\/\/artistics.com\/wp-content\/uploads\/2023\/05\/maisons-rouges-1-by-calo-carratala-1-scaled.jpg","datePublished":"2018-02-14T11:12:46+00:00","dateModified":"2023-04-21T23:54:35+00:00","description":"Maisons rouges 1, s\u00e9rie Norv\u00e8ge par Calo Carratal\u00e1 - achat d'\u0153uvres d'art contemporain originales sur la galerie d'art en ligne Artistics.","breadcrumb":{"@id":"https:\/\/artistics.com\/fr\/oeuvre\/maisons-rouges-1-serie-norvege\/#breadcrumb"},"inLanguage":"fr-FR","potentialAction":[{"@type":"ReadAction","target":["https:\/\/artistics.com\/fr\/oeuvre\/maisons-rouges-1-serie-norvege\/"]}]},{"@type":"ImageObject","inLanguage":"fr-FR","@id":"https:\/\/artistics.com\/fr\/oeuvre\/maisons-rouges-1-serie-norvege\/#primaryimage","url":"https:\/\/artistics.com\/wp-content\/uploads\/2023\/05\/maisons-rouges-1-by-calo-carratala-1-scaled.jpg","contentUrl":"https:\/\/artistics.com\/wp-content\/uploads\/2023\/05\/maisons-rouges-1-by-calo-carratala-1-scaled.jpg","width":2560,"height":1579},{"@type":"BreadcrumbList","@id":"https:\/\/artistics.com\/fr\/oeuvre\/maisons-rouges-1-serie-norvege\/#breadcrumb","itemListElement":[{"@type":"ListItem","position":1,"name":"Achat \u0153uvre d'art","item":"https:\/\/artistics.com\/fr\/"},{"@type":"ListItem","position":2,"name":"Galerie","item":"https:\/\/artistics.com\/fr\/galerie\/"},{"@type":"ListItem","position":3,"name":"Peinture contemporaine","item":"https:\/\/artistics.com\/fr\/categorie-oeuvre\/peinture-contemporaine\/"},{"@type":"ListItem","position":4,"name":"Maisons rouges 1, s\u00e9rie Norv\u00e8ge"}]},{"@type":"WebSite","@id":"https:\/\/artistics.com\/fr\/#website","url":"https:\/\/artistics.com\/fr\/","name":"Artistics","description":"The online art gallery","publisher":{"@id":"https:\/\/artistics.com\/fr\/#organization"},"potentialAction":[{"@type":"SearchAction","target":{"@type":"EntryPoint","urlTemplate":"https:\/\/artistics.com\/fr\/?s={search_term_string}"},"query-input":{"@type":"PropertyValueSpecification","valueRequired":true,"valueName":"search_term_string"}}],"inLanguage":"fr-FR"},{"@type":"Organization","@id":"https:\/\/artistics.com\/fr\/#organization","name":"Artistics","url":"https:\/\/artistics.com\/fr\/","logo":{"@type":"ImageObject","inLanguage":"fr-FR","@id":"https:\/\/artistics.com\/fr\/#\/schema\/logo\/image\/","url":"https:\/\/artistics.com\/wp-content\/uploads\/2023\/02\/artistics-logo-web-1.svg","contentUrl":"https:\/\/artistics.com\/wp-content\/uploads\/2023\/02\/artistics-logo-web-1.svg","caption":"Artistics"},"image":{"@id":"https:\/\/artistics.com\/fr\/#\/schema\/logo\/image\/"},"sameAs":["https:\/\/www.facebook.com\/ArtisticsMag","https:\/\/x.com\/Artistics_FR","http:\/\/www.linkedin.com\/company\/artistics","https:\/\/www.instagram.com\/artistics_com\/","http:\/\/www.pinterest.com\/ArtisticsMag"],"hasMerchantReturnPolicy":{"@type":"MerchantReturnPolicy","merchantReturnLink":"https:\/\/artistics.com\/free-return-policy\/"}}]},"product_price_amount":"1500","product_price_currency":"EUR","og_availability":"out of stock","product_availability":"out of stock","product_retailer_item_id":"5047","product_condition":"new"},"_links":{"self":[{"href":"https:\/\/artistics.com\/fr\/wp-json\/wp\/v2\/product\/22083","targetHints":{"allow":["GET"]}}],"collection":[{"href":"https:\/\/artistics.com\/fr\/wp-json\/wp\/v2\/product"}],"about":[{"href":"https:\/\/artistics.com\/fr\/wp-json\/wp\/v2\/types\/product"}],"acf:term":[{"embeddable":true,"taxonomy":"series","href":"https:\/\/artistics.com\/fr\/wp-json\/wp\/v2\/series\/1817"},{"embeddable":true,"taxonomy":"product_tag","href":"https:\/\/artistics.com\/fr\/wp-json\/wp\/v2\/product_tag\/556"},{"embeddable":true,"taxonomy":"product_tag","href":"https:\/\/artistics.com\/fr\/wp-json\/wp\/v2\/product_tag\/517"},{"embeddable":true,"taxonomy":"product_tag","href":"https:\/\/artistics.com\/fr\/wp-json\/wp\/v2\/product_tag\/525"},{"embeddable":true,"taxonomy":"product_tag","href":"https:\/\/artistics.com\/fr\/wp-json\/wp\/v2\/product_tag\/523"},{"embeddable":true,"taxonomy":"product_cat","href":"https:\/\/artistics.com\/fr\/wp-json\/wp\/v2\/product_cat\/235"},{"embeddable":true,"taxonomy":"product_cat","href":"https:\/\/artistics.com\/fr\/wp-json\/wp\/v2\/product_cat\/216"},{"embeddable":true,"taxonomy":"product_cat","href":"https:\/\/artistics.com\/fr\/wp-json\/wp\/v2\/product_cat\/192"},{"embeddable":true,"taxonomy":"product_cat","href":"https:\/\/artistics.com\/fr\/wp-json\/wp\/v2\/product_cat\/194"},{"embeddable":true,"taxonomy":"product_cat","href":"https:\/\/artistics.com\/fr\/wp-json\/wp\/v2\/product_cat\/172"},{"embeddable":true,"taxonomy":"product_cat","href":"https:\/\/artistics.com\/fr\/wp-json\/wp\/v2\/product_cat\/170"},{"embeddable":true,"taxonomy":"product_cat","href":"https:\/\/artistics.com\/fr\/wp-json\/wp\/v2\/product_cat\/162"}],"acf:post":[{"embeddable":true,"href":"https:\/\/artistics.com\/fr\/wp-json\/wp\/v2\/artist\/2787"}],"wp:featuredmedia":[{"embeddable":true,"href":"https:\/\/artistics.com\/fr\/wp-json\/wp\/v2\/media\/33636"}],"wp:attachment":[{"href":"https:\/\/artistics.com\/fr\/wp-json\/wp\/v2\/media?parent=22083"}],"wp:term":[{"taxonomy":"product_cat","embeddable":true,"href":"https:\/\/artistics.com\/fr\/wp-json\/wp\/v2\/product_cat?post=22083"},{"taxonomy":"product_tag","embeddable":true,"href":"https:\/\/artistics.com\/fr\/wp-json\/wp\/v2\/product_tag?post=22083"},{"taxonomy":"series","embeddable":true,"href":"https:\/\/artistics.com\/fr\/wp-json\/wp\/v2\/series?post=22083"}],"curies":[{"name":"wp","href":"https:\/\/api.w.org\/{rel}","templated":true}]}}