{"id":21977,"date":"2016-11-21T15:45:09","date_gmt":"2016-11-21T14:45:09","guid":{"rendered":"https:\/\/2022.devartistics.com\/artwork\/quest-ce-quil-y-a-tu-dis-rien\/"},"modified":"2023-04-22T01:52:12","modified_gmt":"2023-04-21T23:52:12","slug":"quest-ce-quil-y-a-tu-dis-rien","status":"publish","type":"product","link":"https:\/\/artistics.com\/fr\/oeuvre\/quest-ce-quil-y-a-tu-dis-rien\/","title":{"rendered":"Qu&rsquo;est ce qu&rsquo;il y a tu dis rien ?"},"content":{"rendered":"","protected":false},"excerpt":{"rendered":"","protected":false},"featured_media":8812,"template":"","meta":{"_acf_changed":false,"_searchwp_excluded":"","inline_featured_image":false},"product_cat":[190,192,236,215,205,164,209,213],"product_tag":[368,2496],"series":[2270],"class_list":{"0":"post-21977","1":"product","2":"type-product","3":"status-publish","4":"has-post-thumbnail","6":"product_cat-animal","7":"product_cat-art-figuratif","8":"product_cat-de-3000-a-10-000-e","9":"product_cat-grand","10":"product_cat-sculpture-animaliere","11":"product_cat-sculpture-contemporaine","12":"product_cat-sculpture-figurative","13":"product_cat-sculpture-terre-et-ceramique","14":"product_tag-sculpture-grand-format","15":"product_tag-sculpture-loup","16":"series-cecil-raynal-bestiaire","18":"first","19":"instock","20":"taxable","21":"shipping-taxable","22":"purchasable","23":"product-type-simple"},"acf":{"artwork_artist":[2769],"artwork_medium":164,"artwork_categories":[213,205,209],"artwork_overall-tones":[],"artwork_main-material":[],"artwork_art-genre":[],"artwork_art-movement":[192],"artwork_miscellaneous":[190],"artwork_formats":[215],"artwork_price-ranges":[236],"artwork_main_subject":[2496],"artwork_technique":[],"artwork_featured_location":[],"artwork_dominant_color":[],"artwork_physical_attributes":[368,368],"artwork_creation_date":"20160101","artwork_unique_piece":true,"artwork_description":"Sculpture en gr\u00e8s enfum\u00e9, r\u00e9sine, pl\u00e2tre, caoutchouc, acrylique. Socles en bois.","artwork_signature":"Signed artwork","artwork_authenticity":"The artwork is sold with a certificate of authenticity signed by the artist.","artwork_framing":"not_specified","artwork_has_custom_framing_info":false,"artwork_custom_framing_info":"Not specified","artwork_location_country":"FR","artwork_location_city":"Criquetot-l'Esneval","artwork_location_zipcode":"76 280","artwork_shipment_type":"3D_artwork","artwork_shipping_delivery":"sculpture_unique_piece_immediate_availability","artwork_has_custom_shipping_delivery_info":false,"artwork_custom_shipping_delivery_info":"Not specified","artwork_360_view_url":"https:\/\/embed.imajize.com\/7452007","artwork_video_url":"","artwork_video_format":[],"artwork_preview_type":"featured_image","artwork_reserved":false,"artwork_hide_price":false,"artwork_about":"<p ><em><strong>Qu\u2019est-ce qu\u2019il y a tu dis rien\u00a0?<\/strong><\/em> est une sculpture en gr\u00e8s enfum\u00e9 de l\u2019artiste fran\u00e7aise contemporaine C\u00e9cile Raynal.<\/p><p >Cette pi\u00e8ce figurative repr\u00e9sente un loup qui se tient debout sur son socle, compos\u00e9 de deux caisses empil\u00e9es en bois vert. Le loup, chauss\u00e9 de bottes, porte sur son dos un enfant inanim\u00e9, rappelant l\u2019univers du conte pour enfants dans lesquels animaux et hommes partagent la m\u00eame r\u00e9alit\u00e9. La sculpture comporte des traces de peinture bleue au niveau des bottes de l\u2019animal, ainsi qu\u2019au niveau des membres de l\u2019enfant.<\/p><p >Cette sculpture, qui a particip\u00e9 \u00e0 l\u2019exposition <span ><a href=\"https:\/\/artistics.com\/fr\/artzine\/cecile-raynal-des-betes-en-ce-chateau\/\"><span >\u00ab\u00a0C\u00e9cile Raynal\u00a0: Des b\u00eates en ce ch\u00e2teau\u00a0\u00bb<\/span><\/a><\/span> au Cap d\u2019A\u00efl (septembre-novembre 2016) fait partie de la collection intitul\u00e9e <em>Les Ombres d\u2019Alice<\/em>, regroupant les pi\u00e8ces oniriques de C\u00e9cile Raynal. L\u2019artiste qui aime \u00e0 s\u2019immerger dans les lieux et dans des univers singuliers afin de donner une voix silencieuse \u00e0 ceux qui les habitent, nous invite \u00e0 la r\u00eaverie.<\/p><p >Avec cette collection, dont <em>Alice au pays des merveilles<\/em> de Lewis Caroll est une r\u00e9f\u00e9rence, le spectateur est entra\u00een\u00e9 dans un monde po\u00e9tique et peupl\u00e9 de cr\u00e9atures \u00e9tonnantes et r\u00eaveuses.<\/p><p >Cette oeuvre est une pi\u00e8ce unique, livr\u00e9e avec certificat d'authenticit\u00e9.<\/p><p >Dimensions de la sculpture : H 68 x L 80 x P 30 cm\u00a0<\/p><p >Dimensions du socle : deux bo\u00eetes carr\u00e9es de H 34 x L 52 x P 52 cm<\/p><p >Dimensions totales de l'installation : H 136 x L 70 x P 85 cm<\/p><!--EndFragment-->","artwork_series":[2270],"artwork_query_group":"10","artwork_lowest_grid_position":1,"artwork_random_position":8029659,"explicit_sensitive_content":false,"drupal_id":"3931"},"yoast_head":"<!-- This site is optimized with the Yoast SEO Premium plugin v27.3 (Yoast SEO v27.3) - https:\/\/yoast.com\/product\/yoast-seo-premium-wordpress\/ -->\n<title>Artistics | Qu&#039;est ce qu&#039;il y a tu dis rien ? par C\u00e9cile Raynal - Sculpture contemporaine<\/title>\n<meta name=\"description\" content=\"Qu&#039;est ce qu&#039;il y a tu dis rien ? par C\u00e9cile Raynal - achat d&#039;\u0153uvres d&#039;art contemporain originales sur la galerie d&#039;art en ligne Artistics.\" \/>\n<meta name=\"robots\" content=\"index, follow, max-snippet:-1, max-image-preview:large, max-video-preview:-1\" \/>\n<link rel=\"canonical\" href=\"https:\/\/artistics.com\/fr\/oeuvre\/quest-ce-quil-y-a-tu-dis-rien\/\" \/>\n<meta property=\"og:locale\" content=\"fr_FR\" \/>\n<meta property=\"og:type\" content=\"article\" \/>\n<meta property=\"og:title\" content=\"Qu&#039;est ce qu&#039;il y a tu dis rien ?\" \/>\n<meta property=\"og:description\" content=\"Qu&#039;est ce qu&#039;il y a tu dis rien ? par C\u00e9cile Raynal - achat d&#039;\u0153uvres d&#039;art contemporain originales sur la galerie d&#039;art en ligne Artistics.\" \/>\n<meta property=\"og:url\" content=\"https:\/\/artistics.com\/fr\/oeuvre\/quest-ce-quil-y-a-tu-dis-rien\/\" \/>\n<meta property=\"og:site_name\" content=\"Artistics\" \/>\n<meta property=\"article:publisher\" content=\"https:\/\/www.facebook.com\/ArtisticsMag\" \/>\n<meta property=\"article:modified_time\" content=\"2023-04-21T23:52:12+00:00\" \/>\n<meta property=\"og:image\" content=\"https:\/\/artistics.com\/wp-content\/uploads\/2023\/04\/qu-est-ce-qu-il-y-a-tu-dis-rien-by-cecile-raynal-scaled.jpg\" \/>\n\t<meta property=\"og:image:width\" content=\"1693\" \/>\n\t<meta property=\"og:image:height\" content=\"2560\" \/>\n\t<meta property=\"og:image:type\" content=\"image\/jpeg\" \/>\n<meta name=\"twitter:card\" content=\"summary_large_image\" \/>\n<meta name=\"twitter:site\" content=\"@Artistics_FR\" \/>\n<meta name=\"twitter:label1\" content=\"Prix\" \/>\n\t<meta name=\"twitter:data1\" content=\"8 200&nbsp;&euro;\" \/>\n\t<meta name=\"twitter:label2\" content=\"Disponibilit\u00e9\" \/>\n\t<meta name=\"twitter:data2\" content=\"En stock\" \/>\n<script type=\"application\/ld+json\" class=\"yoast-schema-graph\">{\"@context\":\"https:\\\/\\\/schema.org\",\"@graph\":[{\"@type\":[\"WebPage\",\"ItemPage\"],\"@id\":\"https:\\\/\\\/artistics.com\\\/fr\\\/oeuvre\\\/quest-ce-quil-y-a-tu-dis-rien\\\/\",\"url\":\"https:\\\/\\\/artistics.com\\\/fr\\\/oeuvre\\\/quest-ce-quil-y-a-tu-dis-rien\\\/\",\"name\":\"Artistics | Qu'est ce qu'il y a tu dis rien ? par C\u00e9cile Raynal - Sculpture contemporaine\",\"isPartOf\":{\"@id\":\"https:\\\/\\\/artistics.com\\\/fr\\\/#website\"},\"primaryImageOfPage\":{\"@id\":\"https:\\\/\\\/artistics.com\\\/fr\\\/oeuvre\\\/quest-ce-quil-y-a-tu-dis-rien\\\/#primaryimage\"},\"image\":{\"@id\":\"https:\\\/\\\/artistics.com\\\/fr\\\/oeuvre\\\/quest-ce-quil-y-a-tu-dis-rien\\\/#primaryimage\"},\"thumbnailUrl\":\"https:\\\/\\\/artistics.com\\\/wp-content\\\/uploads\\\/2023\\\/04\\\/qu-est-ce-qu-il-y-a-tu-dis-rien-by-cecile-raynal-scaled.jpg\",\"datePublished\":\"2016-11-21T14:45:09+00:00\",\"dateModified\":\"2023-04-21T23:52:12+00:00\",\"description\":\"Qu'est ce qu'il y a tu dis rien ? par C\u00e9cile Raynal - achat d'\u0153uvres d'art contemporain originales sur la galerie d'art en ligne Artistics.\",\"breadcrumb\":{\"@id\":\"https:\\\/\\\/artistics.com\\\/fr\\\/oeuvre\\\/quest-ce-quil-y-a-tu-dis-rien\\\/#breadcrumb\"},\"inLanguage\":\"fr-FR\",\"potentialAction\":[{\"@type\":\"ReadAction\",\"target\":[\"https:\\\/\\\/artistics.com\\\/fr\\\/oeuvre\\\/quest-ce-quil-y-a-tu-dis-rien\\\/\"]}]},{\"@type\":\"ImageObject\",\"inLanguage\":\"fr-FR\",\"@id\":\"https:\\\/\\\/artistics.com\\\/fr\\\/oeuvre\\\/quest-ce-quil-y-a-tu-dis-rien\\\/#primaryimage\",\"url\":\"https:\\\/\\\/artistics.com\\\/wp-content\\\/uploads\\\/2023\\\/04\\\/qu-est-ce-qu-il-y-a-tu-dis-rien-by-cecile-raynal-scaled.jpg\",\"contentUrl\":\"https:\\\/\\\/artistics.com\\\/wp-content\\\/uploads\\\/2023\\\/04\\\/qu-est-ce-qu-il-y-a-tu-dis-rien-by-cecile-raynal-scaled.jpg\",\"width\":1693,\"height\":2560},{\"@type\":\"BreadcrumbList\",\"@id\":\"https:\\\/\\\/artistics.com\\\/fr\\\/oeuvre\\\/quest-ce-quil-y-a-tu-dis-rien\\\/#breadcrumb\",\"itemListElement\":[{\"@type\":\"ListItem\",\"position\":1,\"name\":\"Achat \u0153uvre d'art\",\"item\":\"https:\\\/\\\/artistics.com\\\/fr\\\/\"},{\"@type\":\"ListItem\",\"position\":2,\"name\":\"Galerie\",\"item\":\"https:\\\/\\\/artistics.com\\\/fr\\\/galerie\\\/\"},{\"@type\":\"ListItem\",\"position\":3,\"name\":\"Sculpture contemporaine\",\"item\":\"https:\\\/\\\/artistics.com\\\/fr\\\/categorie-oeuvre\\\/sculpture-contemporaine\\\/\"},{\"@type\":\"ListItem\",\"position\":4,\"name\":\"Qu&#8217;est ce qu&#8217;il y a tu dis rien ?\"}]},{\"@type\":\"WebSite\",\"@id\":\"https:\\\/\\\/artistics.com\\\/fr\\\/#website\",\"url\":\"https:\\\/\\\/artistics.com\\\/fr\\\/\",\"name\":\"Artistics\",\"description\":\"The online art gallery\",\"publisher\":{\"@id\":\"https:\\\/\\\/artistics.com\\\/fr\\\/#organization\"},\"potentialAction\":[{\"@type\":\"SearchAction\",\"target\":{\"@type\":\"EntryPoint\",\"urlTemplate\":\"https:\\\/\\\/artistics.com\\\/fr\\\/?s={search_term_string}\"},\"query-input\":{\"@type\":\"PropertyValueSpecification\",\"valueRequired\":true,\"valueName\":\"search_term_string\"}}],\"inLanguage\":\"fr-FR\"},{\"@type\":\"Organization\",\"@id\":\"https:\\\/\\\/artistics.com\\\/fr\\\/#organization\",\"name\":\"Artistics\",\"url\":\"https:\\\/\\\/artistics.com\\\/fr\\\/\",\"logo\":{\"@type\":\"ImageObject\",\"inLanguage\":\"fr-FR\",\"@id\":\"https:\\\/\\\/artistics.com\\\/fr\\\/#\\\/schema\\\/logo\\\/image\\\/\",\"url\":\"https:\\\/\\\/artistics.com\\\/wp-content\\\/uploads\\\/2023\\\/02\\\/artistics-logo-web-1.svg\",\"contentUrl\":\"https:\\\/\\\/artistics.com\\\/wp-content\\\/uploads\\\/2023\\\/02\\\/artistics-logo-web-1.svg\",\"caption\":\"Artistics\"},\"image\":{\"@id\":\"https:\\\/\\\/artistics.com\\\/fr\\\/#\\\/schema\\\/logo\\\/image\\\/\"},\"sameAs\":[\"https:\\\/\\\/www.facebook.com\\\/ArtisticsMag\",\"https:\\\/\\\/x.com\\\/Artistics_FR\",\"http:\\\/\\\/www.linkedin.com\\\/company\\\/artistics\",\"https:\\\/\\\/www.instagram.com\\\/artistics_com\\\/\",\"http:\\\/\\\/www.pinterest.com\\\/ArtisticsMag\"],\"hasMerchantReturnPolicy\":{\"@type\":\"MerchantReturnPolicy\",\"merchantReturnLink\":\"https:\\\/\\\/artistics.com\\\/free-return-policy\\\/\"}}]}<\/script>\n<meta property=\"product:price:amount\" content=\"8200\" \/>\n<meta property=\"product:price:currency\" content=\"EUR\" \/>\n<meta property=\"og:availability\" content=\"instock\" \/>\n<meta property=\"product:availability\" content=\"instock\" \/>\n<meta property=\"product:retailer_item_id\" content=\"4001\" \/>\n<meta property=\"product:condition\" content=\"new\" \/>\n<!-- \/ Yoast SEO Premium plugin. -->","yoast_head_json":{"title":"Artistics | Qu'est ce qu'il y a tu dis rien ? par C\u00e9cile Raynal - Sculpture contemporaine","description":"Qu'est ce qu'il y a tu dis rien ? par C\u00e9cile Raynal - achat d'\u0153uvres d'art contemporain originales sur la galerie d'art en ligne Artistics.","robots":{"index":"index","follow":"follow","max-snippet":"max-snippet:-1","max-image-preview":"max-image-preview:large","max-video-preview":"max-video-preview:-1"},"canonical":"https:\/\/artistics.com\/fr\/oeuvre\/quest-ce-quil-y-a-tu-dis-rien\/","og_locale":"fr_FR","og_type":"article","og_title":"Qu'est ce qu'il y a tu dis rien ?","og_description":"Qu'est ce qu'il y a tu dis rien ? par C\u00e9cile Raynal - achat d'\u0153uvres d'art contemporain originales sur la galerie d'art en ligne Artistics.","og_url":"https:\/\/artistics.com\/fr\/oeuvre\/quest-ce-quil-y-a-tu-dis-rien\/","og_site_name":"Artistics","article_publisher":"https:\/\/www.facebook.com\/ArtisticsMag","article_modified_time":"2023-04-21T23:52:12+00:00","og_image":[{"width":1693,"height":2560,"url":"https:\/\/artistics.com\/wp-content\/uploads\/2023\/04\/qu-est-ce-qu-il-y-a-tu-dis-rien-by-cecile-raynal-scaled.jpg","type":"image\/jpeg"}],"twitter_card":"summary_large_image","twitter_site":"@Artistics_FR","twitter_misc":{"Prix":"8 200&nbsp;&euro;","Disponibilit\u00e9":"En stock"},"schema":{"@context":"https:\/\/schema.org","@graph":[{"@type":["WebPage","ItemPage"],"@id":"https:\/\/artistics.com\/fr\/oeuvre\/quest-ce-quil-y-a-tu-dis-rien\/","url":"https:\/\/artistics.com\/fr\/oeuvre\/quest-ce-quil-y-a-tu-dis-rien\/","name":"Artistics | Qu'est ce qu'il y a tu dis rien ? par C\u00e9cile Raynal - Sculpture contemporaine","isPartOf":{"@id":"https:\/\/artistics.com\/fr\/#website"},"primaryImageOfPage":{"@id":"https:\/\/artistics.com\/fr\/oeuvre\/quest-ce-quil-y-a-tu-dis-rien\/#primaryimage"},"image":{"@id":"https:\/\/artistics.com\/fr\/oeuvre\/quest-ce-quil-y-a-tu-dis-rien\/#primaryimage"},"thumbnailUrl":"https:\/\/artistics.com\/wp-content\/uploads\/2023\/04\/qu-est-ce-qu-il-y-a-tu-dis-rien-by-cecile-raynal-scaled.jpg","datePublished":"2016-11-21T14:45:09+00:00","dateModified":"2023-04-21T23:52:12+00:00","description":"Qu'est ce qu'il y a tu dis rien ? par C\u00e9cile Raynal - achat d'\u0153uvres d'art contemporain originales sur la galerie d'art en ligne Artistics.","breadcrumb":{"@id":"https:\/\/artistics.com\/fr\/oeuvre\/quest-ce-quil-y-a-tu-dis-rien\/#breadcrumb"},"inLanguage":"fr-FR","potentialAction":[{"@type":"ReadAction","target":["https:\/\/artistics.com\/fr\/oeuvre\/quest-ce-quil-y-a-tu-dis-rien\/"]}]},{"@type":"ImageObject","inLanguage":"fr-FR","@id":"https:\/\/artistics.com\/fr\/oeuvre\/quest-ce-quil-y-a-tu-dis-rien\/#primaryimage","url":"https:\/\/artistics.com\/wp-content\/uploads\/2023\/04\/qu-est-ce-qu-il-y-a-tu-dis-rien-by-cecile-raynal-scaled.jpg","contentUrl":"https:\/\/artistics.com\/wp-content\/uploads\/2023\/04\/qu-est-ce-qu-il-y-a-tu-dis-rien-by-cecile-raynal-scaled.jpg","width":1693,"height":2560},{"@type":"BreadcrumbList","@id":"https:\/\/artistics.com\/fr\/oeuvre\/quest-ce-quil-y-a-tu-dis-rien\/#breadcrumb","itemListElement":[{"@type":"ListItem","position":1,"name":"Achat \u0153uvre d'art","item":"https:\/\/artistics.com\/fr\/"},{"@type":"ListItem","position":2,"name":"Galerie","item":"https:\/\/artistics.com\/fr\/galerie\/"},{"@type":"ListItem","position":3,"name":"Sculpture contemporaine","item":"https:\/\/artistics.com\/fr\/categorie-oeuvre\/sculpture-contemporaine\/"},{"@type":"ListItem","position":4,"name":"Qu&#8217;est ce qu&#8217;il y a tu dis rien ?"}]},{"@type":"WebSite","@id":"https:\/\/artistics.com\/fr\/#website","url":"https:\/\/artistics.com\/fr\/","name":"Artistics","description":"The online art gallery","publisher":{"@id":"https:\/\/artistics.com\/fr\/#organization"},"potentialAction":[{"@type":"SearchAction","target":{"@type":"EntryPoint","urlTemplate":"https:\/\/artistics.com\/fr\/?s={search_term_string}"},"query-input":{"@type":"PropertyValueSpecification","valueRequired":true,"valueName":"search_term_string"}}],"inLanguage":"fr-FR"},{"@type":"Organization","@id":"https:\/\/artistics.com\/fr\/#organization","name":"Artistics","url":"https:\/\/artistics.com\/fr\/","logo":{"@type":"ImageObject","inLanguage":"fr-FR","@id":"https:\/\/artistics.com\/fr\/#\/schema\/logo\/image\/","url":"https:\/\/artistics.com\/wp-content\/uploads\/2023\/02\/artistics-logo-web-1.svg","contentUrl":"https:\/\/artistics.com\/wp-content\/uploads\/2023\/02\/artistics-logo-web-1.svg","caption":"Artistics"},"image":{"@id":"https:\/\/artistics.com\/fr\/#\/schema\/logo\/image\/"},"sameAs":["https:\/\/www.facebook.com\/ArtisticsMag","https:\/\/x.com\/Artistics_FR","http:\/\/www.linkedin.com\/company\/artistics","https:\/\/www.instagram.com\/artistics_com\/","http:\/\/www.pinterest.com\/ArtisticsMag"],"hasMerchantReturnPolicy":{"@type":"MerchantReturnPolicy","merchantReturnLink":"https:\/\/artistics.com\/free-return-policy\/"}}]},"product_price_amount":"8200","product_price_currency":"EUR","og_availability":"instock","product_availability":"instock","product_retailer_item_id":"4001","product_condition":"new"},"_links":{"self":[{"href":"https:\/\/artistics.com\/fr\/wp-json\/wp\/v2\/product\/21977","targetHints":{"allow":["GET"]}}],"collection":[{"href":"https:\/\/artistics.com\/fr\/wp-json\/wp\/v2\/product"}],"about":[{"href":"https:\/\/artistics.com\/fr\/wp-json\/wp\/v2\/types\/product"}],"acf:term":[{"embeddable":true,"taxonomy":"series","href":"https:\/\/artistics.com\/fr\/wp-json\/wp\/v2\/series\/2270"},{"embeddable":true,"taxonomy":"product_tag","href":"https:\/\/artistics.com\/fr\/wp-json\/wp\/v2\/product_tag\/368"},{"embeddable":true,"taxonomy":"product_tag","href":"https:\/\/artistics.com\/fr\/wp-json\/wp\/v2\/product_tag\/2496"},{"embeddable":true,"taxonomy":"product_cat","href":"https:\/\/artistics.com\/fr\/wp-json\/wp\/v2\/product_cat\/236"},{"embeddable":true,"taxonomy":"product_cat","href":"https:\/\/artistics.com\/fr\/wp-json\/wp\/v2\/product_cat\/215"},{"embeddable":true,"taxonomy":"product_cat","href":"https:\/\/artistics.com\/fr\/wp-json\/wp\/v2\/product_cat\/190"},{"embeddable":true,"taxonomy":"product_cat","href":"https:\/\/artistics.com\/fr\/wp-json\/wp\/v2\/product_cat\/192"},{"embeddable":true,"taxonomy":"product_cat","href":"https:\/\/artistics.com\/fr\/wp-json\/wp\/v2\/product_cat\/209"},{"embeddable":true,"taxonomy":"product_cat","href":"https:\/\/artistics.com\/fr\/wp-json\/wp\/v2\/product_cat\/205"},{"embeddable":true,"taxonomy":"product_cat","href":"https:\/\/artistics.com\/fr\/wp-json\/wp\/v2\/product_cat\/213"},{"embeddable":true,"taxonomy":"product_cat","href":"https:\/\/artistics.com\/fr\/wp-json\/wp\/v2\/product_cat\/164"}],"acf:post":[{"embeddable":true,"href":"https:\/\/artistics.com\/fr\/wp-json\/wp\/v2\/artist\/2769"}],"wp:featuredmedia":[{"embeddable":true,"href":"https:\/\/artistics.com\/fr\/wp-json\/wp\/v2\/media\/8812"}],"wp:attachment":[{"href":"https:\/\/artistics.com\/fr\/wp-json\/wp\/v2\/media?parent=21977"}],"wp:term":[{"taxonomy":"product_cat","embeddable":true,"href":"https:\/\/artistics.com\/fr\/wp-json\/wp\/v2\/product_cat?post=21977"},{"taxonomy":"product_tag","embeddable":true,"href":"https:\/\/artistics.com\/fr\/wp-json\/wp\/v2\/product_tag?post=21977"},{"taxonomy":"series","embeddable":true,"href":"https:\/\/artistics.com\/fr\/wp-json\/wp\/v2\/series?post=21977"}],"curies":[{"name":"wp","href":"https:\/\/api.w.org\/{rel}","templated":true}]}}