{"id":21967,"date":"2016-10-28T18:06:01","date_gmt":"2016-10-28T16:06:01","guid":{"rendered":"https:\/\/2022.devartistics.com\/artwork\/cellule-anthropocene\/"},"modified":"2023-04-22T01:52:03","modified_gmt":"2023-04-21T23:52:03","slug":"cellule-anthropocene","status":"publish","type":"product","link":"https:\/\/artistics.com\/fr\/oeuvre\/cellule-anthropocene\/","title":{"rendered":"Cellule Anthropoc\u00e8ne"},"content":{"rendered":"","protected":false},"excerpt":{"rendered":"","protected":false},"featured_media":8703,"template":"","meta":{"_acf_changed":false,"_searchwp_excluded":"","inline_featured_image":false},"product_cat":[406,412,164,192,194,208,209,215,238],"product_tag":[504,368],"series":[2515],"class_list":{"0":"post-21967","1":"product","2":"type-product","3":"status-publish","4":"has-post-thumbnail","6":"product_cat-art-hyperrealiste","7":"product_cat-sculpture-hyperrealiste","8":"product_cat-sculpture-contemporaine","9":"product_cat-art-figuratif","10":"product_cat-nature-et-paysage","11":"product_cat-sculpture-en-bronze","12":"product_cat-sculpture-figurative","13":"product_cat-grand","14":"product_cat-plus-de-10-000-e","15":"product_tag-arbre","16":"product_tag-sculpture-grand-format","17":"series-romain-langlois-bois","19":"first","20":"instock","21":"taxable","22":"shipping-taxable","23":"purchasable","24":"product-type-simple"},"acf":{"artwork_artist":[2770],"artwork_medium":164,"artwork_categories":[208,209],"artwork_overall-tones":[],"artwork_main-material":[],"artwork_art-genre":[194],"artwork_art-movement":[412,406,192],"artwork_miscellaneous":[],"artwork_formats":[215],"artwork_price-ranges":[238],"artwork_main_subject":[504],"artwork_technique":[],"artwork_featured_location":[],"artwork_dominant_color":[],"artwork_physical_attributes":[368,368],"artwork_creation_date":"20160101","artwork_unique_piece":false,"artwork_description":"Sculpture en bronze et calcite.","artwork_signature":"Signed artwork","artwork_authenticity":"The artwork is sold with a certificate of authenticity signed by the artist.","artwork_framing":"not_specified","artwork_has_custom_framing_info":false,"artwork_custom_framing_info":"Not specified","artwork_location_country":"FR","artwork_location_city":"Cancale","artwork_location_zipcode":"35260","artwork_shipment_type":"3D_artwork","artwork_shipping_delivery":"sculpture_edition_production_time","artwork_has_custom_shipping_delivery_info":false,"artwork_custom_shipping_delivery_info":"Not specified","artwork_360_view_url":"","artwork_video_url":"","artwork_video_format":[],"artwork_preview_type":"featured_image","artwork_reserved":false,"artwork_hide_price":false,"artwork_about":"<p ><em><strong>Cellule Anthropoc\u00e8ne<\/strong><\/em>\u00a0est une \u0153uvre d\u2019art r\u00e9alis\u00e9e par l\u2019artiste contemporain fran\u00e7ais Romain Langlois. Cette sculpture en bronze et calcite repr\u00e9sente un tronc d\u2019arbre d\u00e9racin\u00e9 ou une souche.<\/p><p >Cette \u0153uvre a \u00e9t\u00e9 r\u00e9alis\u00e9e aux Fontaines p\u00e9trifiantes de Saint Nectaire en collaboration avec Eric Papon, l\u2019un des derniers artisans en France et dans le monde \u00e0 ma\u00eetriser les techniques de la cristallisation et de la p\u00e9trification. Le proc\u00e9d\u00e9 n\u00e9cessite de placer un moule pendant de longs mois sous la fontaine p\u00e9trifiante. La cristallisation progressive du carbonate de calcium, ma\u00eetris\u00e9e quotidiennement par l\u2019artisan, donne peu \u00e0 peu naissance aux \u0153uvres.<\/p><p >Pour en savoir plus sur l'\u0153uvre et cette technique, venez consulter l'article\u00a0\u00a0<a href=\"https:\/\/artistics.com\/fr\/artzine\/un-illusionniste-aux-arts-decos\/\">\"Un illusionniste aux Arts D\u00e9cos\"<\/a>\u00a0pr\u00e9sentant l'exposition de Romain Langlois et Eric Papon aux Mus\u00e9e des Arts D\u00e9coratifs de Paris (avril 2016).<\/p><p >Le titre de cette \u0153uvre fait r\u00e9f\u00e9rence au terme g\u00e9ologique et chronologique, \u00ab\u00a0L\u2019Anthropoc\u00e8ne\u00a0\u00bb, qui d\u00e9signe l\u2019\u00e9poque, pr\u00e9sente, \u00e0 laquelle l\u2019activit\u00e9 humaine marque un impact significatif sur notre \u00e9cosyst\u00e8me terrestre.<\/p><p >\u0152uvre d\u2019art originale\u00a0: sculpture sign\u00e9e, pi\u00e8ce unique.<\/p><p >Cette sculpture a \u00e9t\u00e9 expos\u00e9e au Mus\u00e9e des Arts D\u00e9coratifs en 2016, aux c\u00f4t\u00e9s d\u2019une autre \u0153uvre de l\u2019artiste intitul\u00e9e \u00ab\u00a0Aven\u00a0\u00bb.<\/p><p ><em>Romain Langlois puise son inspiration dans la nature. Ces souches, roches, branches laiss\u00e9es \u00e0 l\u2019abandon, l\u2019artiste leur redonne vie gr\u00e2ce \u00e0 son travail spectaculaire du bronze. Cette nature, certes imit\u00e9e gr\u00e2ce \u00e0 la patine du bronze, vient \u00e0 \u00eatre transform\u00e9e autant formellement que substantiellement\u00a0: les formes sont \u00e9tir\u00e9es, creus\u00e9es, et une mati\u00e8re nacr\u00e9e \u2013 obtenue par cristallisation du carbonate de calcium \u2013 envahie le c\u0153ur de ces objets. Sous nos yeux, en effet, naissent des objets pr\u00e9cieux nous faisant oublier la trivialit\u00e9 de leur origine.<\/em><\/p><p >Pour plus d\u2019informations \u00e0 propos de la r\u00e9alisation de cette pi\u00e8ce,\u00a0<span ><a href=\"https:\/\/artistics.com\/fr\/artzine\/visite-de-la-fonderie-dart-barthelemy-avec-la-maison-france-5\/\"><span >cliquez ici.\u00a0<\/span><\/a>\u00a0<\/span><\/p>","artwork_series":[2515],"artwork_query_group":"10","artwork_lowest_grid_position":1,"artwork_random_position":3897909,"explicit_sensitive_content":false,"drupal_id":"3898"},"yoast_head":"<!-- This site is optimized with the Yoast SEO Premium plugin v27.3 (Yoast SEO v27.3) - https:\/\/yoast.com\/product\/yoast-seo-premium-wordpress\/ -->\n<title>Artistics | Cellule Anthropoc\u00e8ne par Romain Langlois - Sculpture contemporaine<\/title>\n<meta name=\"description\" content=\"Cellule Anthropoc\u00e8ne par Romain Langlois - achat d&#039;\u0153uvres d&#039;art contemporain originales sur la galerie d&#039;art en ligne Artistics.\" \/>\n<meta name=\"robots\" content=\"index, follow, max-snippet:-1, max-image-preview:large, max-video-preview:-1\" \/>\n<link rel=\"canonical\" href=\"https:\/\/artistics.com\/fr\/oeuvre\/cellule-anthropocene\/\" \/>\n<meta property=\"og:locale\" content=\"fr_FR\" \/>\n<meta property=\"og:type\" content=\"article\" \/>\n<meta property=\"og:title\" content=\"Cellule Anthropoc\u00e8ne\" \/>\n<meta property=\"og:description\" content=\"Cellule Anthropoc\u00e8ne par Romain Langlois - achat d&#039;\u0153uvres d&#039;art contemporain originales sur la galerie d&#039;art en ligne Artistics.\" \/>\n<meta property=\"og:url\" content=\"https:\/\/artistics.com\/fr\/oeuvre\/cellule-anthropocene\/\" \/>\n<meta property=\"og:site_name\" content=\"Artistics\" \/>\n<meta property=\"article:publisher\" content=\"https:\/\/www.facebook.com\/ArtisticsMag\" \/>\n<meta property=\"article:modified_time\" content=\"2023-04-21T23:52:03+00:00\" \/>\n<meta property=\"og:image\" content=\"https:\/\/artistics.com\/wp-content\/uploads\/2023\/04\/cellule-anthropocene-by-romain-langlois.jpg\" \/>\n\t<meta property=\"og:image:width\" content=\"2214\" \/>\n\t<meta property=\"og:image:height\" content=\"1547\" \/>\n\t<meta property=\"og:image:type\" content=\"image\/jpeg\" \/>\n<meta name=\"twitter:card\" content=\"summary_large_image\" \/>\n<meta name=\"twitter:site\" content=\"@Artistics_FR\" \/>\n<meta name=\"twitter:label1\" content=\"Prix\" \/>\n\t<meta name=\"twitter:data1\" content=\"32 000&nbsp;&euro;\" \/>\n\t<meta name=\"twitter:label2\" content=\"Disponibilit\u00e9\" \/>\n\t<meta name=\"twitter:data2\" content=\"En stock\" \/>\n<script type=\"application\/ld+json\" class=\"yoast-schema-graph\">{\"@context\":\"https:\\\/\\\/schema.org\",\"@graph\":[{\"@type\":[\"WebPage\",\"ItemPage\"],\"@id\":\"https:\\\/\\\/artistics.com\\\/fr\\\/oeuvre\\\/cellule-anthropocene\\\/\",\"url\":\"https:\\\/\\\/artistics.com\\\/fr\\\/oeuvre\\\/cellule-anthropocene\\\/\",\"name\":\"Artistics | Cellule Anthropoc\u00e8ne par Romain Langlois - Sculpture contemporaine\",\"isPartOf\":{\"@id\":\"https:\\\/\\\/artistics.com\\\/fr\\\/#website\"},\"primaryImageOfPage\":{\"@id\":\"https:\\\/\\\/artistics.com\\\/fr\\\/oeuvre\\\/cellule-anthropocene\\\/#primaryimage\"},\"image\":{\"@id\":\"https:\\\/\\\/artistics.com\\\/fr\\\/oeuvre\\\/cellule-anthropocene\\\/#primaryimage\"},\"thumbnailUrl\":\"https:\\\/\\\/artistics.com\\\/wp-content\\\/uploads\\\/2023\\\/04\\\/cellule-anthropocene-by-romain-langlois.jpg\",\"datePublished\":\"2016-10-28T16:06:01+00:00\",\"dateModified\":\"2023-04-21T23:52:03+00:00\",\"description\":\"Cellule Anthropoc\u00e8ne par Romain Langlois - achat d'\u0153uvres d'art contemporain originales sur la galerie d'art en ligne Artistics.\",\"breadcrumb\":{\"@id\":\"https:\\\/\\\/artistics.com\\\/fr\\\/oeuvre\\\/cellule-anthropocene\\\/#breadcrumb\"},\"inLanguage\":\"fr-FR\",\"potentialAction\":[{\"@type\":\"ReadAction\",\"target\":[\"https:\\\/\\\/artistics.com\\\/fr\\\/oeuvre\\\/cellule-anthropocene\\\/\"]}]},{\"@type\":\"ImageObject\",\"inLanguage\":\"fr-FR\",\"@id\":\"https:\\\/\\\/artistics.com\\\/fr\\\/oeuvre\\\/cellule-anthropocene\\\/#primaryimage\",\"url\":\"https:\\\/\\\/artistics.com\\\/wp-content\\\/uploads\\\/2023\\\/04\\\/cellule-anthropocene-by-romain-langlois.jpg\",\"contentUrl\":\"https:\\\/\\\/artistics.com\\\/wp-content\\\/uploads\\\/2023\\\/04\\\/cellule-anthropocene-by-romain-langlois.jpg\",\"width\":2214,\"height\":1547},{\"@type\":\"BreadcrumbList\",\"@id\":\"https:\\\/\\\/artistics.com\\\/fr\\\/oeuvre\\\/cellule-anthropocene\\\/#breadcrumb\",\"itemListElement\":[{\"@type\":\"ListItem\",\"position\":1,\"name\":\"Achat \u0153uvre d'art\",\"item\":\"https:\\\/\\\/artistics.com\\\/fr\\\/\"},{\"@type\":\"ListItem\",\"position\":2,\"name\":\"Galerie\",\"item\":\"https:\\\/\\\/artistics.com\\\/fr\\\/galerie\\\/\"},{\"@type\":\"ListItem\",\"position\":3,\"name\":\"Sculpture contemporaine\",\"item\":\"https:\\\/\\\/artistics.com\\\/fr\\\/categorie-oeuvre\\\/sculpture-contemporaine\\\/\"},{\"@type\":\"ListItem\",\"position\":4,\"name\":\"Cellule Anthropoc\u00e8ne\"}]},{\"@type\":\"WebSite\",\"@id\":\"https:\\\/\\\/artistics.com\\\/fr\\\/#website\",\"url\":\"https:\\\/\\\/artistics.com\\\/fr\\\/\",\"name\":\"Artistics\",\"description\":\"The online art gallery\",\"publisher\":{\"@id\":\"https:\\\/\\\/artistics.com\\\/fr\\\/#organization\"},\"potentialAction\":[{\"@type\":\"SearchAction\",\"target\":{\"@type\":\"EntryPoint\",\"urlTemplate\":\"https:\\\/\\\/artistics.com\\\/fr\\\/?s={search_term_string}\"},\"query-input\":{\"@type\":\"PropertyValueSpecification\",\"valueRequired\":true,\"valueName\":\"search_term_string\"}}],\"inLanguage\":\"fr-FR\"},{\"@type\":\"Organization\",\"@id\":\"https:\\\/\\\/artistics.com\\\/fr\\\/#organization\",\"name\":\"Artistics\",\"url\":\"https:\\\/\\\/artistics.com\\\/fr\\\/\",\"logo\":{\"@type\":\"ImageObject\",\"inLanguage\":\"fr-FR\",\"@id\":\"https:\\\/\\\/artistics.com\\\/fr\\\/#\\\/schema\\\/logo\\\/image\\\/\",\"url\":\"https:\\\/\\\/artistics.com\\\/wp-content\\\/uploads\\\/2023\\\/02\\\/artistics-logo-web-1.svg\",\"contentUrl\":\"https:\\\/\\\/artistics.com\\\/wp-content\\\/uploads\\\/2023\\\/02\\\/artistics-logo-web-1.svg\",\"caption\":\"Artistics\"},\"image\":{\"@id\":\"https:\\\/\\\/artistics.com\\\/fr\\\/#\\\/schema\\\/logo\\\/image\\\/\"},\"sameAs\":[\"https:\\\/\\\/www.facebook.com\\\/ArtisticsMag\",\"https:\\\/\\\/x.com\\\/Artistics_FR\",\"http:\\\/\\\/www.linkedin.com\\\/company\\\/artistics\",\"https:\\\/\\\/www.instagram.com\\\/artistics_com\\\/\",\"http:\\\/\\\/www.pinterest.com\\\/ArtisticsMag\"],\"hasMerchantReturnPolicy\":{\"@type\":\"MerchantReturnPolicy\",\"merchantReturnLink\":\"https:\\\/\\\/artistics.com\\\/free-return-policy\\\/\"}}]}<\/script>\n<meta property=\"product:price:amount\" content=\"32000\" \/>\n<meta property=\"product:price:currency\" content=\"EUR\" \/>\n<meta property=\"og:availability\" content=\"instock\" \/>\n<meta property=\"product:availability\" content=\"instock\" \/>\n<meta property=\"product:retailer_item_id\" content=\"3899\" \/>\n<meta property=\"product:condition\" content=\"new\" \/>\n<!-- \/ Yoast SEO Premium plugin. -->","yoast_head_json":{"title":"Artistics | Cellule Anthropoc\u00e8ne par Romain Langlois - Sculpture contemporaine","description":"Cellule Anthropoc\u00e8ne par Romain Langlois - achat d'\u0153uvres d'art contemporain originales sur la galerie d'art en ligne Artistics.","robots":{"index":"index","follow":"follow","max-snippet":"max-snippet:-1","max-image-preview":"max-image-preview:large","max-video-preview":"max-video-preview:-1"},"canonical":"https:\/\/artistics.com\/fr\/oeuvre\/cellule-anthropocene\/","og_locale":"fr_FR","og_type":"article","og_title":"Cellule Anthropoc\u00e8ne","og_description":"Cellule Anthropoc\u00e8ne par Romain Langlois - achat d'\u0153uvres d'art contemporain originales sur la galerie d'art en ligne Artistics.","og_url":"https:\/\/artistics.com\/fr\/oeuvre\/cellule-anthropocene\/","og_site_name":"Artistics","article_publisher":"https:\/\/www.facebook.com\/ArtisticsMag","article_modified_time":"2023-04-21T23:52:03+00:00","og_image":[{"width":2214,"height":1547,"url":"https:\/\/artistics.com\/wp-content\/uploads\/2023\/04\/cellule-anthropocene-by-romain-langlois.jpg","type":"image\/jpeg"}],"twitter_card":"summary_large_image","twitter_site":"@Artistics_FR","twitter_misc":{"Prix":"32 000&nbsp;&euro;","Disponibilit\u00e9":"En stock"},"schema":{"@context":"https:\/\/schema.org","@graph":[{"@type":["WebPage","ItemPage"],"@id":"https:\/\/artistics.com\/fr\/oeuvre\/cellule-anthropocene\/","url":"https:\/\/artistics.com\/fr\/oeuvre\/cellule-anthropocene\/","name":"Artistics | Cellule Anthropoc\u00e8ne par Romain Langlois - Sculpture contemporaine","isPartOf":{"@id":"https:\/\/artistics.com\/fr\/#website"},"primaryImageOfPage":{"@id":"https:\/\/artistics.com\/fr\/oeuvre\/cellule-anthropocene\/#primaryimage"},"image":{"@id":"https:\/\/artistics.com\/fr\/oeuvre\/cellule-anthropocene\/#primaryimage"},"thumbnailUrl":"https:\/\/artistics.com\/wp-content\/uploads\/2023\/04\/cellule-anthropocene-by-romain-langlois.jpg","datePublished":"2016-10-28T16:06:01+00:00","dateModified":"2023-04-21T23:52:03+00:00","description":"Cellule Anthropoc\u00e8ne par Romain Langlois - achat d'\u0153uvres d'art contemporain originales sur la galerie d'art en ligne Artistics.","breadcrumb":{"@id":"https:\/\/artistics.com\/fr\/oeuvre\/cellule-anthropocene\/#breadcrumb"},"inLanguage":"fr-FR","potentialAction":[{"@type":"ReadAction","target":["https:\/\/artistics.com\/fr\/oeuvre\/cellule-anthropocene\/"]}]},{"@type":"ImageObject","inLanguage":"fr-FR","@id":"https:\/\/artistics.com\/fr\/oeuvre\/cellule-anthropocene\/#primaryimage","url":"https:\/\/artistics.com\/wp-content\/uploads\/2023\/04\/cellule-anthropocene-by-romain-langlois.jpg","contentUrl":"https:\/\/artistics.com\/wp-content\/uploads\/2023\/04\/cellule-anthropocene-by-romain-langlois.jpg","width":2214,"height":1547},{"@type":"BreadcrumbList","@id":"https:\/\/artistics.com\/fr\/oeuvre\/cellule-anthropocene\/#breadcrumb","itemListElement":[{"@type":"ListItem","position":1,"name":"Achat \u0153uvre d'art","item":"https:\/\/artistics.com\/fr\/"},{"@type":"ListItem","position":2,"name":"Galerie","item":"https:\/\/artistics.com\/fr\/galerie\/"},{"@type":"ListItem","position":3,"name":"Sculpture contemporaine","item":"https:\/\/artistics.com\/fr\/categorie-oeuvre\/sculpture-contemporaine\/"},{"@type":"ListItem","position":4,"name":"Cellule Anthropoc\u00e8ne"}]},{"@type":"WebSite","@id":"https:\/\/artistics.com\/fr\/#website","url":"https:\/\/artistics.com\/fr\/","name":"Artistics","description":"The online art gallery","publisher":{"@id":"https:\/\/artistics.com\/fr\/#organization"},"potentialAction":[{"@type":"SearchAction","target":{"@type":"EntryPoint","urlTemplate":"https:\/\/artistics.com\/fr\/?s={search_term_string}"},"query-input":{"@type":"PropertyValueSpecification","valueRequired":true,"valueName":"search_term_string"}}],"inLanguage":"fr-FR"},{"@type":"Organization","@id":"https:\/\/artistics.com\/fr\/#organization","name":"Artistics","url":"https:\/\/artistics.com\/fr\/","logo":{"@type":"ImageObject","inLanguage":"fr-FR","@id":"https:\/\/artistics.com\/fr\/#\/schema\/logo\/image\/","url":"https:\/\/artistics.com\/wp-content\/uploads\/2023\/02\/artistics-logo-web-1.svg","contentUrl":"https:\/\/artistics.com\/wp-content\/uploads\/2023\/02\/artistics-logo-web-1.svg","caption":"Artistics"},"image":{"@id":"https:\/\/artistics.com\/fr\/#\/schema\/logo\/image\/"},"sameAs":["https:\/\/www.facebook.com\/ArtisticsMag","https:\/\/x.com\/Artistics_FR","http:\/\/www.linkedin.com\/company\/artistics","https:\/\/www.instagram.com\/artistics_com\/","http:\/\/www.pinterest.com\/ArtisticsMag"],"hasMerchantReturnPolicy":{"@type":"MerchantReturnPolicy","merchantReturnLink":"https:\/\/artistics.com\/free-return-policy\/"}}]},"product_price_amount":"32000","product_price_currency":"EUR","og_availability":"instock","product_availability":"instock","product_retailer_item_id":"3899","product_condition":"new"},"_links":{"self":[{"href":"https:\/\/artistics.com\/fr\/wp-json\/wp\/v2\/product\/21967","targetHints":{"allow":["GET"]}}],"collection":[{"href":"https:\/\/artistics.com\/fr\/wp-json\/wp\/v2\/product"}],"about":[{"href":"https:\/\/artistics.com\/fr\/wp-json\/wp\/v2\/types\/product"}],"acf:term":[{"embeddable":true,"taxonomy":"series","href":"https:\/\/artistics.com\/fr\/wp-json\/wp\/v2\/series\/2515"},{"embeddable":true,"taxonomy":"product_tag","href":"https:\/\/artistics.com\/fr\/wp-json\/wp\/v2\/product_tag\/368"},{"embeddable":true,"taxonomy":"product_tag","href":"https:\/\/artistics.com\/fr\/wp-json\/wp\/v2\/product_tag\/504"},{"embeddable":true,"taxonomy":"product_cat","href":"https:\/\/artistics.com\/fr\/wp-json\/wp\/v2\/product_cat\/238"},{"embeddable":true,"taxonomy":"product_cat","href":"https:\/\/artistics.com\/fr\/wp-json\/wp\/v2\/product_cat\/215"},{"embeddable":true,"taxonomy":"product_cat","href":"https:\/\/artistics.com\/fr\/wp-json\/wp\/v2\/product_cat\/192"},{"embeddable":true,"taxonomy":"product_cat","href":"https:\/\/artistics.com\/fr\/wp-json\/wp\/v2\/product_cat\/406"},{"embeddable":true,"taxonomy":"product_cat","href":"https:\/\/artistics.com\/fr\/wp-json\/wp\/v2\/product_cat\/412"},{"embeddable":true,"taxonomy":"product_cat","href":"https:\/\/artistics.com\/fr\/wp-json\/wp\/v2\/product_cat\/194"},{"embeddable":true,"taxonomy":"product_cat","href":"https:\/\/artistics.com\/fr\/wp-json\/wp\/v2\/product_cat\/209"},{"embeddable":true,"taxonomy":"product_cat","href":"https:\/\/artistics.com\/fr\/wp-json\/wp\/v2\/product_cat\/208"},{"embeddable":true,"taxonomy":"product_cat","href":"https:\/\/artistics.com\/fr\/wp-json\/wp\/v2\/product_cat\/164"}],"acf:post":[{"embeddable":true,"href":"https:\/\/artistics.com\/fr\/wp-json\/wp\/v2\/artist\/2770"}],"wp:featuredmedia":[{"embeddable":true,"href":"https:\/\/artistics.com\/fr\/wp-json\/wp\/v2\/media\/8703"}],"wp:attachment":[{"href":"https:\/\/artistics.com\/fr\/wp-json\/wp\/v2\/media?parent=21967"}],"wp:term":[{"taxonomy":"product_cat","embeddable":true,"href":"https:\/\/artistics.com\/fr\/wp-json\/wp\/v2\/product_cat?post=21967"},{"taxonomy":"product_tag","embeddable":true,"href":"https:\/\/artistics.com\/fr\/wp-json\/wp\/v2\/product_tag?post=21967"},{"taxonomy":"series","embeddable":true,"href":"https:\/\/artistics.com\/fr\/wp-json\/wp\/v2\/series?post=21967"}],"curies":[{"name":"wp","href":"https:\/\/api.w.org\/{rel}","templated":true}]}}