{"id":21668,"date":"2015-03-01T02:28:34","date_gmt":"2015-03-01T01:28:34","guid":{"rendered":"https:\/\/2022.devartistics.com\/artwork\/3-figures-assises-i\/"},"modified":"2024-10-03T11:52:10","modified_gmt":"2024-10-03T09:52:10","slug":"3-figures-assises-i","status":"publish","type":"product","link":"https:\/\/artistics.com\/fr\/oeuvre\/3-figures-assises-i\/","title":{"rendered":"3 Figures assises I"},"content":{"rendered":"","protected":false},"excerpt":{"rendered":"","protected":false},"featured_media":89674,"template":"","meta":{"_acf_changed":false,"_searchwp_excluded":"","inline_featured_image":false},"product_cat":[152,25,156,157,164,192,196,119,208,209,212,216,122,128,236,233],"product_tag":[],"series":[1983],"class_list":{"0":"post-21668","1":"product","2":"type-product","3":"status-publish","4":"has-post-thumbnail","6":"product_cat-figurative-sculpture","7":"product_cat-contemporary-sculpture","8":"product_cat-portrait-and-human-figure-sculpture","9":"product_cat-bronze-sculpture","10":"product_cat-sculpture-contemporaine","11":"product_cat-art-figuratif","12":"product_cat-portrait-et-figure","13":"product_cat-medium","14":"product_cat-sculpture-en-bronze","15":"product_cat-sculpture-figurative","16":"product_cat-sculpture-portrait-et-figure","17":"product_cat-moyen","18":"product_cat-figurative-art","19":"product_cat-portrait-and-human-figure","20":"product_cat-de-3000-a-10-000-e","21":"product_cat-from-3000-to-10000","22":"series-pierre-yermia-figures-en-groupe-fr","24":"first","25":"instock","26":"taxable","27":"shipping-taxable","28":"purchasable","29":"product-type-simple"},"acf":{"artwork_artist":[2757],"artwork_medium":164,"artwork_categories":[212,208,209],"artwork_overall-tones":[],"artwork_main-material":[],"artwork_art-genre":[196],"artwork_art-movement":[192],"artwork_miscellaneous":[],"artwork_formats":[216],"artwork_price-ranges":[236],"artwork_main_subject":[],"artwork_technique":[],"artwork_featured_location":[],"artwork_dominant_color":[],"artwork_physical_attributes":[],"artwork_creation_date":"20040101","artwork_unique_piece":false,"artwork_description":"Sculpture en bronze","artwork_signature":"\u0152uvre sign\u00e9e","artwork_authenticity":"L\u2019\u0153uvre est vendue avec un certificat d\u2019authenticit\u00e9 sign\u00e9 par l\u2019artiste.","artwork_framing":"not_specified","artwork_has_custom_framing_info":false,"artwork_custom_framing_info":"Not specified","artwork_location_country":"FR","artwork_location_city":"Charenton le Pont","artwork_location_zipcode":"94220","artwork_shipment_type":"3D_artwork","artwork_shipping_delivery":"sculpture_edition_production_time","artwork_has_custom_shipping_delivery_info":false,"artwork_custom_shipping_delivery_info":"Not specified","artwork_360_view_url":"https:\/\/embed.imajize.com\/8vjjkeD6zjQ","artwork_video_url":"https:\/\/www.youtube.com\/watch?v=vWGcu2VllKs","artwork_video_format":[],"artwork_preview_type":"featured_image","artwork_reserved":false,"artwork_hide_price":false,"artwork_about":"<strong><em>3 Figures assises I\u00a0<\/em><\/strong>est une sculpture en bronze de l'artiste contemporain fran\u00e7ais Pierre Yermia, repr\u00e9sentant trois figures humaines.\r\n\r\nCette sculpture figurative en bronze repr\u00e9sente un groupe de trois personnages assis sur des si\u00e8ges. L\u2019un d\u2019eux se tient de profil, tandis que les deux autres nous font face. Les corps de ces statues sont \u00e9lanc\u00e9s, leurs membres longilignes et fragiles contrastent avec leurs torses et bassins plus massifs. Enfin, leurs t\u00eates r\u00e9duites \u00e0 l\u2019essentiel sont pos\u00e9es sur de longs cous sveltes et fusel\u00e9s.\r\n\r\nLa solidarit\u00e9 de ces trois personnages et la composition qu'ils forment font de cette sculpture plurale un ensemble harmonieux. Pierre Yermia joue \u00e9galement sur les rapports des vides et des pleins de ses sculptures, cr\u00e9ant ainsi un espace ouvert. La proximit\u00e9 de ces figures tisse entre elles \u00ab un \u00e9change silencieux, invisible, un murmure d\u2019une profonde humanit\u00e9 \u00bb. C\u2019est ainsi que l\u2019artiste transmet, \u00e0 travers la s\u00e9rie \u00ab Figures en groupe \u00bb, le message d\u2019une humanit\u00e9 certes en danger mais qui reste toutefois optimiste et sereine.\r\n\r\n\u0152uvre d\u2019art originale : sculpture sign\u00e9e et num\u00e9rot\u00e9e dans une limite de 8 exemplaires et 4 \u00e9preuves d\u2019artiste.\r\n\r\nPierre Yermia a d\u00e9velopp\u00e9 un vocabulaire personnel qui rend ses figures humaines et animales imm\u00e9diatement reconnaissables. Qu\u2019il s\u2019agisse de personnages isol\u00e9s ou en groupe, debout ou allong\u00e9s, ou bien de taureaux, d\u2019oiseaux ou de f\u00e9lins, l\u2019artiste s\u2019applique toujours \u00e0 \u00e9tirer leurs proportions jusqu\u2019\u00e0 atteindre un point d\u2019\u00e9quilibre fragile mettant la sculpture en tension entre stabilit\u00e9 et l\u00e9g\u00e8ret\u00e9. Le travail de Pierre Yermia, des petits formats jusqu\u2019aux \u0153uvres monumentales, fait l\u2019objet de commandes ambitieuses et il est r\u00e9guli\u00e8rement expos\u00e9 en France et \u00e0 l\u2019\u00e9tranger.\r\n\r\nPhotos: Delphine Ogihara\r\n\r\n&nbsp;\r\n\r\n&nbsp;","artwork_series":[1983],"artwork_query_group":"10","artwork_lowest_grid_position":1,"artwork_random_position":6313161,"explicit_sensitive_content":false,"drupal_id":"641"},"yoast_head":"<!-- This site is optimized with the Yoast SEO Premium plugin v27.3 (Yoast SEO v27.3) - https:\/\/yoast.com\/product\/yoast-seo-premium-wordpress\/ -->\n<title>Artistics | 3 Figures assises I par Pierre Yermia - Sculpture contemporaine<\/title>\n<meta name=\"description\" content=\"3 Figures assises I par Pierre Yermia - achat d&#039;\u0153uvres d&#039;art contemporain originales sur la galerie d&#039;art en ligne Artistics.\" \/>\n<meta name=\"robots\" content=\"index, follow, max-snippet:-1, max-image-preview:large, max-video-preview:-1\" \/>\n<link rel=\"canonical\" href=\"https:\/\/artistics.com\/fr\/oeuvre\/3-figures-assises-i\/\" \/>\n<meta property=\"og:locale\" content=\"fr_FR\" \/>\n<meta property=\"og:type\" content=\"article\" \/>\n<meta property=\"og:title\" content=\"3 Figures assises I\" \/>\n<meta property=\"og:description\" content=\"3 Figures assises I par Pierre Yermia - achat d&#039;\u0153uvres d&#039;art contemporain originales sur la galerie d&#039;art en ligne Artistics.\" \/>\n<meta property=\"og:url\" content=\"https:\/\/artistics.com\/fr\/oeuvre\/3-figures-assises-i\/\" \/>\n<meta property=\"og:site_name\" content=\"Artistics\" \/>\n<meta property=\"article:publisher\" content=\"https:\/\/www.facebook.com\/ArtisticsMag\" \/>\n<meta property=\"article:modified_time\" content=\"2024-10-03T09:52:10+00:00\" \/>\n<meta property=\"og:image\" content=\"https:\/\/artistics.com\/wp-content\/uploads\/2023\/04\/3-figures-assises-i-by_pierre_yermia.png\" \/>\n\t<meta property=\"og:image:width\" content=\"1258\" \/>\n\t<meta property=\"og:image:height\" content=\"835\" \/>\n\t<meta property=\"og:image:type\" content=\"image\/png\" \/>\n<meta name=\"twitter:card\" content=\"summary_large_image\" \/>\n<meta name=\"twitter:site\" content=\"@Artistics_FR\" \/>\n<meta name=\"twitter:label1\" content=\"Prix\" \/>\n\t<meta name=\"twitter:data1\" content=\"7 900&nbsp;&euro;\" \/>\n\t<meta name=\"twitter:label2\" content=\"Disponibilit\u00e9\" \/>\n\t<meta name=\"twitter:data2\" content=\"En stock\" \/>\n<script type=\"application\/ld+json\" class=\"yoast-schema-graph\">{\"@context\":\"https:\\\/\\\/schema.org\",\"@graph\":[{\"@type\":[\"WebPage\",\"ItemPage\"],\"@id\":\"https:\\\/\\\/artistics.com\\\/fr\\\/oeuvre\\\/3-figures-assises-i\\\/\",\"url\":\"https:\\\/\\\/artistics.com\\\/fr\\\/oeuvre\\\/3-figures-assises-i\\\/\",\"name\":\"Artistics | 3 Figures assises I par Pierre Yermia - Sculpture contemporaine\",\"isPartOf\":{\"@id\":\"https:\\\/\\\/artistics.com\\\/fr\\\/#website\"},\"primaryImageOfPage\":{\"@id\":\"https:\\\/\\\/artistics.com\\\/fr\\\/oeuvre\\\/3-figures-assises-i\\\/#primaryimage\"},\"image\":{\"@id\":\"https:\\\/\\\/artistics.com\\\/fr\\\/oeuvre\\\/3-figures-assises-i\\\/#primaryimage\"},\"thumbnailUrl\":\"https:\\\/\\\/artistics.com\\\/wp-content\\\/uploads\\\/2023\\\/05\\\/3-figures-assises-i-bronze-sculpture-by-pierre-yermia-1.jpg\",\"datePublished\":\"2015-03-01T01:28:34+00:00\",\"dateModified\":\"2024-10-03T09:52:10+00:00\",\"description\":\"3 Figures assises I par Pierre Yermia - achat d'\u0153uvres d'art contemporain originales sur la galerie d'art en ligne Artistics.\",\"breadcrumb\":{\"@id\":\"https:\\\/\\\/artistics.com\\\/fr\\\/oeuvre\\\/3-figures-assises-i\\\/#breadcrumb\"},\"inLanguage\":\"fr-FR\",\"potentialAction\":[{\"@type\":\"ReadAction\",\"target\":[\"https:\\\/\\\/artistics.com\\\/fr\\\/oeuvre\\\/3-figures-assises-i\\\/\"]}]},{\"@type\":\"ImageObject\",\"inLanguage\":\"fr-FR\",\"@id\":\"https:\\\/\\\/artistics.com\\\/fr\\\/oeuvre\\\/3-figures-assises-i\\\/#primaryimage\",\"url\":\"https:\\\/\\\/artistics.com\\\/wp-content\\\/uploads\\\/2023\\\/05\\\/3-figures-assises-i-bronze-sculpture-by-pierre-yermia-1.jpg\",\"contentUrl\":\"https:\\\/\\\/artistics.com\\\/wp-content\\\/uploads\\\/2023\\\/05\\\/3-figures-assises-i-bronze-sculpture-by-pierre-yermia-1.jpg\",\"width\":2560,\"height\":2023},{\"@type\":\"BreadcrumbList\",\"@id\":\"https:\\\/\\\/artistics.com\\\/fr\\\/oeuvre\\\/3-figures-assises-i\\\/#breadcrumb\",\"itemListElement\":[{\"@type\":\"ListItem\",\"position\":1,\"name\":\"Achat \u0153uvre d'art\",\"item\":\"https:\\\/\\\/artistics.com\\\/fr\\\/\"},{\"@type\":\"ListItem\",\"position\":2,\"name\":\"Galerie\",\"item\":\"https:\\\/\\\/artistics.com\\\/fr\\\/galerie\\\/\"},{\"@type\":\"ListItem\",\"position\":3,\"name\":\"Sculpture contemporaine\",\"item\":\"https:\\\/\\\/artistics.com\\\/fr\\\/categorie-oeuvre\\\/sculpture-contemporaine\\\/\"},{\"@type\":\"ListItem\",\"position\":4,\"name\":\"3 Figures assises I\"}]},{\"@type\":\"WebSite\",\"@id\":\"https:\\\/\\\/artistics.com\\\/fr\\\/#website\",\"url\":\"https:\\\/\\\/artistics.com\\\/fr\\\/\",\"name\":\"Artistics\",\"description\":\"The online art gallery\",\"publisher\":{\"@id\":\"https:\\\/\\\/artistics.com\\\/fr\\\/#organization\"},\"potentialAction\":[{\"@type\":\"SearchAction\",\"target\":{\"@type\":\"EntryPoint\",\"urlTemplate\":\"https:\\\/\\\/artistics.com\\\/fr\\\/?s={search_term_string}\"},\"query-input\":{\"@type\":\"PropertyValueSpecification\",\"valueRequired\":true,\"valueName\":\"search_term_string\"}}],\"inLanguage\":\"fr-FR\"},{\"@type\":\"Organization\",\"@id\":\"https:\\\/\\\/artistics.com\\\/fr\\\/#organization\",\"name\":\"Artistics\",\"url\":\"https:\\\/\\\/artistics.com\\\/fr\\\/\",\"logo\":{\"@type\":\"ImageObject\",\"inLanguage\":\"fr-FR\",\"@id\":\"https:\\\/\\\/artistics.com\\\/fr\\\/#\\\/schema\\\/logo\\\/image\\\/\",\"url\":\"https:\\\/\\\/artistics.com\\\/wp-content\\\/uploads\\\/2023\\\/02\\\/artistics-logo-web-1.svg\",\"contentUrl\":\"https:\\\/\\\/artistics.com\\\/wp-content\\\/uploads\\\/2023\\\/02\\\/artistics-logo-web-1.svg\",\"caption\":\"Artistics\"},\"image\":{\"@id\":\"https:\\\/\\\/artistics.com\\\/fr\\\/#\\\/schema\\\/logo\\\/image\\\/\"},\"sameAs\":[\"https:\\\/\\\/www.facebook.com\\\/ArtisticsMag\",\"https:\\\/\\\/x.com\\\/Artistics_FR\",\"http:\\\/\\\/www.linkedin.com\\\/company\\\/artistics\",\"https:\\\/\\\/www.instagram.com\\\/artistics_com\\\/\",\"http:\\\/\\\/www.pinterest.com\\\/ArtisticsMag\"],\"hasMerchantReturnPolicy\":{\"@type\":\"MerchantReturnPolicy\",\"merchantReturnLink\":\"https:\\\/\\\/artistics.com\\\/free-return-policy\\\/\"}}]}<\/script>\n<meta property=\"product:price:amount\" content=\"7900\" \/>\n<meta property=\"product:price:currency\" content=\"EUR\" \/>\n<meta property=\"og:availability\" content=\"instock\" \/>\n<meta property=\"product:availability\" content=\"instock\" \/>\n<meta property=\"product:retailer_item_id\" content=\"642\" \/>\n<meta property=\"product:condition\" content=\"new\" \/>\n<!-- \/ Yoast SEO Premium plugin. -->","yoast_head_json":{"title":"Artistics | 3 Figures assises I par Pierre Yermia - Sculpture contemporaine","description":"3 Figures assises I par Pierre Yermia - achat d'\u0153uvres d'art contemporain originales sur la galerie d'art en ligne Artistics.","robots":{"index":"index","follow":"follow","max-snippet":"max-snippet:-1","max-image-preview":"max-image-preview:large","max-video-preview":"max-video-preview:-1"},"canonical":"https:\/\/artistics.com\/fr\/oeuvre\/3-figures-assises-i\/","og_locale":"fr_FR","og_type":"article","og_title":"3 Figures assises I","og_description":"3 Figures assises I par Pierre Yermia - achat d'\u0153uvres d'art contemporain originales sur la galerie d'art en ligne Artistics.","og_url":"https:\/\/artistics.com\/fr\/oeuvre\/3-figures-assises-i\/","og_site_name":"Artistics","article_publisher":"https:\/\/www.facebook.com\/ArtisticsMag","article_modified_time":"2024-10-03T09:52:10+00:00","og_image":[{"width":1258,"height":835,"url":"https:\/\/artistics.com\/wp-content\/uploads\/2023\/04\/3-figures-assises-i-by_pierre_yermia.png","type":"image\/png"}],"twitter_card":"summary_large_image","twitter_site":"@Artistics_FR","twitter_misc":{"Prix":"7 900&nbsp;&euro;","Disponibilit\u00e9":"En stock"},"schema":{"@context":"https:\/\/schema.org","@graph":[{"@type":["WebPage","ItemPage"],"@id":"https:\/\/artistics.com\/fr\/oeuvre\/3-figures-assises-i\/","url":"https:\/\/artistics.com\/fr\/oeuvre\/3-figures-assises-i\/","name":"Artistics | 3 Figures assises I par Pierre Yermia - Sculpture contemporaine","isPartOf":{"@id":"https:\/\/artistics.com\/fr\/#website"},"primaryImageOfPage":{"@id":"https:\/\/artistics.com\/fr\/oeuvre\/3-figures-assises-i\/#primaryimage"},"image":{"@id":"https:\/\/artistics.com\/fr\/oeuvre\/3-figures-assises-i\/#primaryimage"},"thumbnailUrl":"https:\/\/artistics.com\/wp-content\/uploads\/2023\/05\/3-figures-assises-i-bronze-sculpture-by-pierre-yermia-1.jpg","datePublished":"2015-03-01T01:28:34+00:00","dateModified":"2024-10-03T09:52:10+00:00","description":"3 Figures assises I par Pierre Yermia - achat d'\u0153uvres d'art contemporain originales sur la galerie d'art en ligne Artistics.","breadcrumb":{"@id":"https:\/\/artistics.com\/fr\/oeuvre\/3-figures-assises-i\/#breadcrumb"},"inLanguage":"fr-FR","potentialAction":[{"@type":"ReadAction","target":["https:\/\/artistics.com\/fr\/oeuvre\/3-figures-assises-i\/"]}]},{"@type":"ImageObject","inLanguage":"fr-FR","@id":"https:\/\/artistics.com\/fr\/oeuvre\/3-figures-assises-i\/#primaryimage","url":"https:\/\/artistics.com\/wp-content\/uploads\/2023\/05\/3-figures-assises-i-bronze-sculpture-by-pierre-yermia-1.jpg","contentUrl":"https:\/\/artistics.com\/wp-content\/uploads\/2023\/05\/3-figures-assises-i-bronze-sculpture-by-pierre-yermia-1.jpg","width":2560,"height":2023},{"@type":"BreadcrumbList","@id":"https:\/\/artistics.com\/fr\/oeuvre\/3-figures-assises-i\/#breadcrumb","itemListElement":[{"@type":"ListItem","position":1,"name":"Achat \u0153uvre d'art","item":"https:\/\/artistics.com\/fr\/"},{"@type":"ListItem","position":2,"name":"Galerie","item":"https:\/\/artistics.com\/fr\/galerie\/"},{"@type":"ListItem","position":3,"name":"Sculpture contemporaine","item":"https:\/\/artistics.com\/fr\/categorie-oeuvre\/sculpture-contemporaine\/"},{"@type":"ListItem","position":4,"name":"3 Figures assises I"}]},{"@type":"WebSite","@id":"https:\/\/artistics.com\/fr\/#website","url":"https:\/\/artistics.com\/fr\/","name":"Artistics","description":"The online art gallery","publisher":{"@id":"https:\/\/artistics.com\/fr\/#organization"},"potentialAction":[{"@type":"SearchAction","target":{"@type":"EntryPoint","urlTemplate":"https:\/\/artistics.com\/fr\/?s={search_term_string}"},"query-input":{"@type":"PropertyValueSpecification","valueRequired":true,"valueName":"search_term_string"}}],"inLanguage":"fr-FR"},{"@type":"Organization","@id":"https:\/\/artistics.com\/fr\/#organization","name":"Artistics","url":"https:\/\/artistics.com\/fr\/","logo":{"@type":"ImageObject","inLanguage":"fr-FR","@id":"https:\/\/artistics.com\/fr\/#\/schema\/logo\/image\/","url":"https:\/\/artistics.com\/wp-content\/uploads\/2023\/02\/artistics-logo-web-1.svg","contentUrl":"https:\/\/artistics.com\/wp-content\/uploads\/2023\/02\/artistics-logo-web-1.svg","caption":"Artistics"},"image":{"@id":"https:\/\/artistics.com\/fr\/#\/schema\/logo\/image\/"},"sameAs":["https:\/\/www.facebook.com\/ArtisticsMag","https:\/\/x.com\/Artistics_FR","http:\/\/www.linkedin.com\/company\/artistics","https:\/\/www.instagram.com\/artistics_com\/","http:\/\/www.pinterest.com\/ArtisticsMag"],"hasMerchantReturnPolicy":{"@type":"MerchantReturnPolicy","merchantReturnLink":"https:\/\/artistics.com\/free-return-policy\/"}}]},"product_price_amount":"7900","product_price_currency":"EUR","og_availability":"instock","product_availability":"instock","product_retailer_item_id":"642","product_condition":"new"},"_links":{"self":[{"href":"https:\/\/artistics.com\/fr\/wp-json\/wp\/v2\/product\/21668","targetHints":{"allow":["GET"]}}],"collection":[{"href":"https:\/\/artistics.com\/fr\/wp-json\/wp\/v2\/product"}],"about":[{"href":"https:\/\/artistics.com\/fr\/wp-json\/wp\/v2\/types\/product"}],"acf:term":[{"embeddable":true,"taxonomy":"series","href":"https:\/\/artistics.com\/fr\/wp-json\/wp\/v2\/series\/1983"},{"embeddable":true,"taxonomy":"product_cat","href":"https:\/\/artistics.com\/fr\/wp-json\/wp\/v2\/product_cat\/236"},{"embeddable":true,"taxonomy":"product_cat","href":"https:\/\/artistics.com\/fr\/wp-json\/wp\/v2\/product_cat\/216"},{"embeddable":true,"taxonomy":"product_cat","href":"https:\/\/artistics.com\/fr\/wp-json\/wp\/v2\/product_cat\/192"},{"embeddable":true,"taxonomy":"product_cat","href":"https:\/\/artistics.com\/fr\/wp-json\/wp\/v2\/product_cat\/196"},{"embeddable":true,"taxonomy":"product_cat","href":"https:\/\/artistics.com\/fr\/wp-json\/wp\/v2\/product_cat\/209"},{"embeddable":true,"taxonomy":"product_cat","href":"https:\/\/artistics.com\/fr\/wp-json\/wp\/v2\/product_cat\/208"},{"embeddable":true,"taxonomy":"product_cat","href":"https:\/\/artistics.com\/fr\/wp-json\/wp\/v2\/product_cat\/212"},{"embeddable":true,"taxonomy":"product_cat","href":"https:\/\/artistics.com\/fr\/wp-json\/wp\/v2\/product_cat\/164"}],"acf:post":[{"embeddable":true,"href":"https:\/\/artistics.com\/fr\/wp-json\/wp\/v2\/artist\/2757"}],"wp:featuredmedia":[{"embeddable":true,"href":"https:\/\/artistics.com\/fr\/wp-json\/wp\/v2\/media\/89674"}],"wp:attachment":[{"href":"https:\/\/artistics.com\/fr\/wp-json\/wp\/v2\/media?parent=21668"}],"wp:term":[{"taxonomy":"product_cat","embeddable":true,"href":"https:\/\/artistics.com\/fr\/wp-json\/wp\/v2\/product_cat?post=21668"},{"taxonomy":"product_tag","embeddable":true,"href":"https:\/\/artistics.com\/fr\/wp-json\/wp\/v2\/product_tag?post=21668"},{"taxonomy":"series","embeddable":true,"href":"https:\/\/artistics.com\/fr\/wp-json\/wp\/v2\/series?post=21668"}],"curies":[{"name":"wp","href":"https:\/\/api.w.org\/{rel}","templated":true}]}}