{"id":100340,"date":"2026-03-31T11:26:21","date_gmt":"2026-03-31T09:26:21","guid":{"rendered":"https:\/\/artistics.com\/?post_type=product&#038;p=100340"},"modified":"2026-04-16T11:09:58","modified_gmt":"2026-04-16T09:09:58","slug":"hidden-lily","status":"publish","type":"product","link":"https:\/\/artistics.com\/fr\/oeuvre\/hidden-lily\/","title":{"rendered":"Hidden Lily"},"content":{"rendered":"","protected":false},"excerpt":{"rendered":"","protected":false},"featured_media":100859,"template":"","meta":{"_acf_changed":false,"_searchwp_excluded":"","inline_featured_image":false},"product_cat":[414,392,24,162,170,144,192,194,119,131,216,122,126,228,235,232],"product_tag":[2507,514,514,2505,342,2507,571,571,2505,342],"series":[2592],"class_list":{"0":"post-100340","1":"product","2":"type-product","3":"status-publish","4":"has-post-thumbnail","6":"product_cat-nature-morte","7":"product_cat-still-life","8":"product_cat-contemporary-painting","9":"product_cat-peinture-contemporaine","10":"product_cat-peinture-figurative","11":"product_cat-figurative-painting","12":"product_cat-art-figuratif","13":"product_cat-nature-et-paysage","14":"product_cat-medium","15":"product_cat-vivid-colors","16":"product_cat-moyen","17":"product_cat-figurative-art","18":"product_cat-nature-and-landscape","19":"product_cat-couleurs-vives","20":"product_cat-de-1000-a-3000-e","21":"product_cat-from-1000-to-3000","22":"product_tag-dessin-au-crayon","23":"product_tag-fleur","25":"product_tag-oeuvres-dart-verticales","26":"product_tag-peinture-couleurs-vives","28":"product_tag-rouge","32":"series-sharon-brill-drinking-sorrow-in-a-cup-of-love-fr","34":"first","35":"instock","36":"shipping-taxable","37":"purchasable","38":"product-type-simple"},"acf":{"artwork_artist":[2767],"artwork_medium":162,"artwork_categories":[194,170],"artwork_overall-tones":[228],"artwork_main-material":[],"artwork_art-genre":[194,414],"artwork_art-movement":[192],"artwork_miscellaneous":[],"artwork_formats":[216],"artwork_price-ranges":[235],"artwork_main_subject":[514],"artwork_technique":[2507],"artwork_featured_location":[],"artwork_dominant_color":[571],"artwork_physical_attributes":[2505,342],"artwork_creation_date":"20260101","artwork_unique_piece":true,"artwork_description":"Pastels \u00e0 l'huile et crayons sur papier de verre","artwork_signature":"\u0152uvre sign\u00e9e","artwork_authenticity":"L\u2019\u0153uvre est vendue avec un certificat d\u2019authenticit\u00e9 sign\u00e9 par l\u2019artiste.","artwork_framing":"framed","artwork_has_custom_framing_info":true,"artwork_custom_framing_info":"L'\u0153uvre est vendue encadr\u00e9e. Le prix comprend le cadre, mais les dimensions indiqu\u00e9es sont celles de l\u2019\u0153uvre pas encadr\u00e9e (veuillez nous contacter pour plus d'informations).","artwork_location_country":"","artwork_location_city":"","artwork_location_zipcode":"","artwork_shipment_type":"2D_flat_artwork","artwork_shipping_delivery":"painting_immediate_availability","artwork_has_custom_shipping_delivery_info":false,"artwork_custom_shipping_delivery_info":"Not specified","artwork_360_view_url":"","artwork_video_url":"https:\/\/youtube.com\/watch\/uqNGB6WqAyw","artwork_video_format":[],"artwork_preview_type":"featured_image","artwork_reserved":false,"artwork_hide_price":false,"artwork_about":"<em><strong>Hidden Lily (Lys Cach\u00e9) <\/strong><\/em>est une \u0153uvre issue de la s\u00e9rie <em>Drinking Sorrow in a Cup of Love<\/em> (<em>Boire le chagrin dans une coupe d'amour<\/em>), la premi\u00e8re s\u00e9rie de peintures de Sharon Brill. <span data-olk-copy-source=\"MessageBody\">Le titre de la s\u00e9rie est tir\u00e9 d'une chanson de l'auteur et chanteur isra\u00e9lien Yosi Banai.<\/span>\r\n\r\nCette \u0153uvre repr\u00e9sente une fleur de lys cach\u00e9e d'un violet p\u00e2le, dessin\u00e9e au pastel \u00e0 l'huile et au crayon sur des feuilles de papier de verre rouge coll\u00e9es les unes aux autres. L'\u0153uvre sera vendue encadr\u00e9e. Le prix comprend le cadre, mais les dimensions indiqu\u00e9es sont celles de l\u2019\u0153uvre pas encadr\u00e9e (veuillez nous contacter pour plus d'informations).\r\n<p style=\"font-weight: 400;\">\u00c0 la suite d\u2019une p\u00e9riode marqu\u00e9e par des \u00e9v\u00e9nements personnels et g\u00e9opolitiques difficiles, l\u2019artiste a ressenti le besoin d\u2019explorer un nouveau support et une nouvelle technique pour une s\u00e9rie in\u00e9dite, tout en poursuivant son travail en c\u00e9ramique. \u00c0 travers des repr\u00e9sentations de fleurs \u00e0 diff\u00e9rents stades de fl\u00e9trissement et de d\u00e9composition, elle propose une r\u00e9flexion profonde sur les cycles de la vie, la maturation \u00e9motionnelle et l\u2019\u00e9volution de l\u2019exp\u00e9rience de la f\u00e9minit\u00e9.<\/p>\r\n<p style=\"font-weight: 400;\">Pour cette s\u00e9rie, Sharon Brill dessine des images agrandies de fleurs \u00e0 l'\u00e9chelle du corps humain sur des feuilles de papier de verre color\u00e9 \u2014 un mat\u00e9riau abrasif et plus couramment associ\u00e9 au travail manuel qu'\u00e0 la peinture. Lorsque le pigment rencontre la surface rugueuse, le papier de verre \u00ab blesse \u00bb \u00e0 la fois la peinture et les mains de l\u2019artiste, int\u00e9grant ainsi la physicalit\u00e9 du processus \u00e0 l\u2019\u0153uvre elle-m\u00eame et conf\u00e9rant aux fleurs \u00ab anim\u00e9es \u00bb une autre dimension narrative, celle des \u00e9tats de la mati\u00e8re et de l\u2019esprit.<\/p>\r\n<p style=\"font-weight: 400;\">Cette s\u00e9rie refl\u00e8te les rencontres intuitives de l\u2019artiste avec des fleurs trouv\u00e9es dans des jardins, des p\u00e9pini\u00e8res et des espaces domestiques. Elle observe leurs postures comme si elle lisait un corps en mouvement, en \u00e9cho aux \u00e9motions qu\u2019elles suscitent \u2014 tant\u00f4t une sensation fugace, tant\u00f4t un souvenir qui refait surface. La lumi\u00e8re devient un outil narratif, isolant et amplifiant l\u2019histoire que chaque fleur semble raconter.<\/p>\r\n<p style=\"font-weight: 400;\">Au cours de l\u2019\u00e9laboration du projet, l\u2019artiste a \u00e9t\u00e9 influenc\u00e9e par l\u2019ouvrage <em>Flowers Plucked from a Shrub \u2013 Transformations of the Flower Image from the \u00ab Song of Songs \u00bb to Modernist Art by American Women<\/em>, de Nira Tesler. Ce livre explore un contexte historique et symbolique plus large : du r\u00f4le de la fleur dans l\u2019iconographie chr\u00e9tienne en tant que symbole de puret\u00e9 et de saintet\u00e9, \u00e0 sa r\u00e9interpr\u00e9tation audacieuse par des artistes modernes telles que Georgia O\u2019Keeffe et Florine Stettheimer en tant qu\u2019embl\u00e8me f\u00e9ministe. Dans cette lign\u00e9e, la fleur appara\u00eet comme un motif complexe et \u00e9volutif, fa\u00e7onn\u00e9 par le temps, la culture et le genre.<\/p>\r\n<p style=\"font-weight: 400;\">\u00ab <em>Les \u0153uvres examinent le cycle naturel et la beaut\u00e9 du fl\u00e9trissement, et invitent \u00e0 un discours sur l\u2019effondrement et le renouveau, sur les cycles et la f\u00e9minit\u00e9 qui m\u00fbrit. [\u2026] J\u2019ai le sentiment que les d\u00e9cisions et les choix intuitifs qui m\u2019ont guid\u00e9e dans la r\u00e9alisation de cette s\u00e9rie s\u2019appuient sur des arch\u00e9types anciens et sur le lien avec mes grandes m\u00e8res spirituelles, en tant que maillon d\u2019une cha\u00eene f\u00e9minine tiss\u00e9e \u00e0 travers le temps<\/em>. \u00bb Sharon Brill<\/p>\r\nCr\u00e9dit vid\u00e9o : <span data-olk-copy-source=\"MessageBody\">Eyal Hirsch<\/span>","artwork_series":[2592],"artwork_query_group":"20","artwork_lowest_grid_position":1,"artwork_random_position":2247115,"explicit_sensitive_content":false,"drupal_id":""},"yoast_head":"<!-- This site is optimized with the Yoast SEO Premium plugin v27.3 (Yoast SEO v27.3) - https:\/\/yoast.com\/product\/yoast-seo-premium-wordpress\/ -->\n<title>Hidden Lily par Sharon Brill - Peinture contemporaine | Artistics<\/title>\n<meta name=\"description\" content=\"Hidden Lily par Sharon Brill - achetez en ligne cette \u0153uvre d\u2019art originale avec son certificat d\u2019authenticit\u00e9 et b\u00e9n\u00e9ficiez de notre service premium.\" \/>\n<meta name=\"robots\" content=\"index, follow, max-snippet:-1, max-image-preview:large, max-video-preview:-1\" \/>\n<link rel=\"canonical\" href=\"https:\/\/artistics.com\/fr\/oeuvre\/hidden-lily\/\" \/>\n<meta property=\"og:locale\" content=\"fr_FR\" \/>\n<meta property=\"og:type\" content=\"article\" \/>\n<meta property=\"og:title\" content=\"Hidden Lily\" \/>\n<meta property=\"og:description\" content=\"Hidden Lily par Sharon Brill - achetez en ligne cette \u0153uvre d\u2019art originale avec son certificat d\u2019authenticit\u00e9 et b\u00e9n\u00e9ficiez de notre service premium.\" \/>\n<meta property=\"og:url\" content=\"https:\/\/artistics.com\/fr\/oeuvre\/hidden-lily\/\" \/>\n<meta property=\"og:site_name\" content=\"Artistics\" \/>\n<meta property=\"article:publisher\" content=\"https:\/\/www.facebook.com\/ArtisticsMag\" \/>\n<meta property=\"article:modified_time\" content=\"2026-04-16T09:09:58+00:00\" \/>\n<meta property=\"og:image\" content=\"https:\/\/artistics.com\/wp-content\/uploads\/2026\/04\/hidden-lily-drawing-by-sharon-brill-1-1024x1024.jpg\" \/>\n\t<meta property=\"og:image:width\" content=\"1024\" \/>\n\t<meta property=\"og:image:height\" content=\"1024\" \/>\n\t<meta property=\"og:image:type\" content=\"image\/jpeg\" \/>\n<meta name=\"twitter:card\" content=\"summary_large_image\" \/>\n<meta name=\"twitter:site\" content=\"@Artistics_FR\" \/>\n<meta name=\"twitter:label1\" content=\"Prix\" \/>\n\t<meta name=\"twitter:data1\" content=\"2 400&nbsp;&euro;\" \/>\n\t<meta name=\"twitter:label2\" content=\"Disponibilit\u00e9\" \/>\n\t<meta name=\"twitter:data2\" content=\"En stock\" \/>\n<script type=\"application\/ld+json\" class=\"yoast-schema-graph\">{\"@context\":\"https:\\\/\\\/schema.org\",\"@graph\":[{\"@type\":[\"WebPage\",\"ItemPage\"],\"@id\":\"https:\\\/\\\/artistics.com\\\/fr\\\/oeuvre\\\/hidden-lily\\\/\",\"url\":\"https:\\\/\\\/artistics.com\\\/fr\\\/oeuvre\\\/hidden-lily\\\/\",\"name\":\"Hidden Lily par Sharon Brill - Peinture contemporaine | Artistics\",\"isPartOf\":{\"@id\":\"https:\\\/\\\/artistics.com\\\/fr\\\/#website\"},\"primaryImageOfPage\":{\"@id\":\"https:\\\/\\\/artistics.com\\\/fr\\\/oeuvre\\\/hidden-lily\\\/#primaryimage\"},\"image\":{\"@id\":\"https:\\\/\\\/artistics.com\\\/fr\\\/oeuvre\\\/hidden-lily\\\/#primaryimage\"},\"thumbnailUrl\":\"https:\\\/\\\/artistics.com\\\/wp-content\\\/uploads\\\/2026\\\/04\\\/hidden-lily-drawing-by-sharon-brill-1.jpg\",\"datePublished\":\"2026-03-31T09:26:21+00:00\",\"dateModified\":\"2026-04-16T09:09:58+00:00\",\"description\":\"Hidden Lily par Sharon Brill - achetez en ligne cette \u0153uvre d\u2019art originale avec son certificat d\u2019authenticit\u00e9 et b\u00e9n\u00e9ficiez de notre service premium.\",\"breadcrumb\":{\"@id\":\"https:\\\/\\\/artistics.com\\\/fr\\\/oeuvre\\\/hidden-lily\\\/#breadcrumb\"},\"inLanguage\":\"fr-FR\",\"potentialAction\":[{\"@type\":\"ReadAction\",\"target\":[\"https:\\\/\\\/artistics.com\\\/fr\\\/oeuvre\\\/hidden-lily\\\/\"]}]},{\"@type\":\"ImageObject\",\"inLanguage\":\"fr-FR\",\"@id\":\"https:\\\/\\\/artistics.com\\\/fr\\\/oeuvre\\\/hidden-lily\\\/#primaryimage\",\"url\":\"https:\\\/\\\/artistics.com\\\/wp-content\\\/uploads\\\/2026\\\/04\\\/hidden-lily-drawing-by-sharon-brill-1.jpg\",\"contentUrl\":\"https:\\\/\\\/artistics.com\\\/wp-content\\\/uploads\\\/2026\\\/04\\\/hidden-lily-drawing-by-sharon-brill-1.jpg\",\"width\":2000,\"height\":2000},{\"@type\":\"BreadcrumbList\",\"@id\":\"https:\\\/\\\/artistics.com\\\/fr\\\/oeuvre\\\/hidden-lily\\\/#breadcrumb\",\"itemListElement\":[{\"@type\":\"ListItem\",\"position\":1,\"name\":\"Achat \u0153uvre d'art\",\"item\":\"https:\\\/\\\/artistics.com\\\/fr\\\/\"},{\"@type\":\"ListItem\",\"position\":2,\"name\":\"Galerie\",\"item\":\"https:\\\/\\\/artistics.com\\\/fr\\\/galerie\\\/\"},{\"@type\":\"ListItem\",\"position\":3,\"name\":\"Peinture contemporaine\",\"item\":\"https:\\\/\\\/artistics.com\\\/fr\\\/categorie-oeuvre\\\/peinture-contemporaine\\\/\"},{\"@type\":\"ListItem\",\"position\":4,\"name\":\"Hidden Lily\"}]},{\"@type\":\"WebSite\",\"@id\":\"https:\\\/\\\/artistics.com\\\/fr\\\/#website\",\"url\":\"https:\\\/\\\/artistics.com\\\/fr\\\/\",\"name\":\"Artistics\",\"description\":\"The online art gallery\",\"publisher\":{\"@id\":\"https:\\\/\\\/artistics.com\\\/fr\\\/#organization\"},\"potentialAction\":[{\"@type\":\"SearchAction\",\"target\":{\"@type\":\"EntryPoint\",\"urlTemplate\":\"https:\\\/\\\/artistics.com\\\/fr\\\/?s={search_term_string}\"},\"query-input\":{\"@type\":\"PropertyValueSpecification\",\"valueRequired\":true,\"valueName\":\"search_term_string\"}}],\"inLanguage\":\"fr-FR\"},{\"@type\":\"Organization\",\"@id\":\"https:\\\/\\\/artistics.com\\\/fr\\\/#organization\",\"name\":\"Artistics\",\"url\":\"https:\\\/\\\/artistics.com\\\/fr\\\/\",\"logo\":{\"@type\":\"ImageObject\",\"inLanguage\":\"fr-FR\",\"@id\":\"https:\\\/\\\/artistics.com\\\/fr\\\/#\\\/schema\\\/logo\\\/image\\\/\",\"url\":\"https:\\\/\\\/artistics.com\\\/wp-content\\\/uploads\\\/2023\\\/02\\\/artistics-logo-web-1.svg\",\"contentUrl\":\"https:\\\/\\\/artistics.com\\\/wp-content\\\/uploads\\\/2023\\\/02\\\/artistics-logo-web-1.svg\",\"caption\":\"Artistics\"},\"image\":{\"@id\":\"https:\\\/\\\/artistics.com\\\/fr\\\/#\\\/schema\\\/logo\\\/image\\\/\"},\"sameAs\":[\"https:\\\/\\\/www.facebook.com\\\/ArtisticsMag\",\"https:\\\/\\\/x.com\\\/Artistics_FR\",\"http:\\\/\\\/www.linkedin.com\\\/company\\\/artistics\",\"https:\\\/\\\/www.instagram.com\\\/artistics_com\\\/\",\"http:\\\/\\\/www.pinterest.com\\\/ArtisticsMag\"],\"hasMerchantReturnPolicy\":{\"@type\":\"MerchantReturnPolicy\",\"merchantReturnLink\":\"https:\\\/\\\/artistics.com\\\/free-return-policy\\\/\"}}]}<\/script>\n<meta property=\"product:price:amount\" content=\"2400\" \/>\n<meta property=\"product:price:currency\" content=\"EUR\" \/>\n<meta property=\"og:availability\" content=\"instock\" \/>\n<meta property=\"product:availability\" content=\"instock\" \/>\n<meta property=\"product:condition\" content=\"new\" \/>\n<!-- \/ Yoast SEO Premium plugin. -->","yoast_head_json":{"title":"Hidden Lily par Sharon Brill - Peinture contemporaine | Artistics","description":"Hidden Lily par Sharon Brill - achetez en ligne cette \u0153uvre d\u2019art originale avec son certificat d\u2019authenticit\u00e9 et b\u00e9n\u00e9ficiez de notre service premium.","robots":{"index":"index","follow":"follow","max-snippet":"max-snippet:-1","max-image-preview":"max-image-preview:large","max-video-preview":"max-video-preview:-1"},"canonical":"https:\/\/artistics.com\/fr\/oeuvre\/hidden-lily\/","og_locale":"fr_FR","og_type":"article","og_title":"Hidden Lily","og_description":"Hidden Lily par Sharon Brill - achetez en ligne cette \u0153uvre d\u2019art originale avec son certificat d\u2019authenticit\u00e9 et b\u00e9n\u00e9ficiez de notre service premium.","og_url":"https:\/\/artistics.com\/fr\/oeuvre\/hidden-lily\/","og_site_name":"Artistics","article_publisher":"https:\/\/www.facebook.com\/ArtisticsMag","article_modified_time":"2026-04-16T09:09:58+00:00","og_image":[{"width":1024,"height":1024,"url":"https:\/\/artistics.com\/wp-content\/uploads\/2026\/04\/hidden-lily-drawing-by-sharon-brill-1-1024x1024.jpg","type":"image\/jpeg"}],"twitter_card":"summary_large_image","twitter_site":"@Artistics_FR","twitter_misc":{"Prix":"2 400&nbsp;&euro;","Disponibilit\u00e9":"En stock"},"schema":{"@context":"https:\/\/schema.org","@graph":[{"@type":["WebPage","ItemPage"],"@id":"https:\/\/artistics.com\/fr\/oeuvre\/hidden-lily\/","url":"https:\/\/artistics.com\/fr\/oeuvre\/hidden-lily\/","name":"Hidden Lily par Sharon Brill - Peinture contemporaine | Artistics","isPartOf":{"@id":"https:\/\/artistics.com\/fr\/#website"},"primaryImageOfPage":{"@id":"https:\/\/artistics.com\/fr\/oeuvre\/hidden-lily\/#primaryimage"},"image":{"@id":"https:\/\/artistics.com\/fr\/oeuvre\/hidden-lily\/#primaryimage"},"thumbnailUrl":"https:\/\/artistics.com\/wp-content\/uploads\/2026\/04\/hidden-lily-drawing-by-sharon-brill-1.jpg","datePublished":"2026-03-31T09:26:21+00:00","dateModified":"2026-04-16T09:09:58+00:00","description":"Hidden Lily par Sharon Brill - achetez en ligne cette \u0153uvre d\u2019art originale avec son certificat d\u2019authenticit\u00e9 et b\u00e9n\u00e9ficiez de notre service premium.","breadcrumb":{"@id":"https:\/\/artistics.com\/fr\/oeuvre\/hidden-lily\/#breadcrumb"},"inLanguage":"fr-FR","potentialAction":[{"@type":"ReadAction","target":["https:\/\/artistics.com\/fr\/oeuvre\/hidden-lily\/"]}]},{"@type":"ImageObject","inLanguage":"fr-FR","@id":"https:\/\/artistics.com\/fr\/oeuvre\/hidden-lily\/#primaryimage","url":"https:\/\/artistics.com\/wp-content\/uploads\/2026\/04\/hidden-lily-drawing-by-sharon-brill-1.jpg","contentUrl":"https:\/\/artistics.com\/wp-content\/uploads\/2026\/04\/hidden-lily-drawing-by-sharon-brill-1.jpg","width":2000,"height":2000},{"@type":"BreadcrumbList","@id":"https:\/\/artistics.com\/fr\/oeuvre\/hidden-lily\/#breadcrumb","itemListElement":[{"@type":"ListItem","position":1,"name":"Achat \u0153uvre d'art","item":"https:\/\/artistics.com\/fr\/"},{"@type":"ListItem","position":2,"name":"Galerie","item":"https:\/\/artistics.com\/fr\/galerie\/"},{"@type":"ListItem","position":3,"name":"Peinture contemporaine","item":"https:\/\/artistics.com\/fr\/categorie-oeuvre\/peinture-contemporaine\/"},{"@type":"ListItem","position":4,"name":"Hidden Lily"}]},{"@type":"WebSite","@id":"https:\/\/artistics.com\/fr\/#website","url":"https:\/\/artistics.com\/fr\/","name":"Artistics","description":"The online art gallery","publisher":{"@id":"https:\/\/artistics.com\/fr\/#organization"},"potentialAction":[{"@type":"SearchAction","target":{"@type":"EntryPoint","urlTemplate":"https:\/\/artistics.com\/fr\/?s={search_term_string}"},"query-input":{"@type":"PropertyValueSpecification","valueRequired":true,"valueName":"search_term_string"}}],"inLanguage":"fr-FR"},{"@type":"Organization","@id":"https:\/\/artistics.com\/fr\/#organization","name":"Artistics","url":"https:\/\/artistics.com\/fr\/","logo":{"@type":"ImageObject","inLanguage":"fr-FR","@id":"https:\/\/artistics.com\/fr\/#\/schema\/logo\/image\/","url":"https:\/\/artistics.com\/wp-content\/uploads\/2023\/02\/artistics-logo-web-1.svg","contentUrl":"https:\/\/artistics.com\/wp-content\/uploads\/2023\/02\/artistics-logo-web-1.svg","caption":"Artistics"},"image":{"@id":"https:\/\/artistics.com\/fr\/#\/schema\/logo\/image\/"},"sameAs":["https:\/\/www.facebook.com\/ArtisticsMag","https:\/\/x.com\/Artistics_FR","http:\/\/www.linkedin.com\/company\/artistics","https:\/\/www.instagram.com\/artistics_com\/","http:\/\/www.pinterest.com\/ArtisticsMag"],"hasMerchantReturnPolicy":{"@type":"MerchantReturnPolicy","merchantReturnLink":"https:\/\/artistics.com\/free-return-policy\/"}}]},"product_price_amount":"2400","product_price_currency":"EUR","og_availability":"instock","product_availability":"instock","product_condition":"new"},"_links":{"self":[{"href":"https:\/\/artistics.com\/fr\/wp-json\/wp\/v2\/product\/100340","targetHints":{"allow":["GET"]}}],"collection":[{"href":"https:\/\/artistics.com\/fr\/wp-json\/wp\/v2\/product"}],"about":[{"href":"https:\/\/artistics.com\/fr\/wp-json\/wp\/v2\/types\/product"}],"acf:term":[{"embeddable":true,"taxonomy":"series","href":"https:\/\/artistics.com\/fr\/wp-json\/wp\/v2\/series\/2592"},{"embeddable":true,"taxonomy":"product_tag","href":"https:\/\/artistics.com\/fr\/wp-json\/wp\/v2\/product_tag\/342"},{"embeddable":true,"taxonomy":"product_tag","href":"https:\/\/artistics.com\/fr\/wp-json\/wp\/v2\/product_tag\/2505"},{"embeddable":true,"taxonomy":"product_tag","href":"https:\/\/artistics.com\/fr\/wp-json\/wp\/v2\/product_tag\/571"},{"embeddable":true,"taxonomy":"product_tag","href":"https:\/\/artistics.com\/fr\/wp-json\/wp\/v2\/product_tag\/2507"},{"embeddable":true,"taxonomy":"product_tag","href":"https:\/\/artistics.com\/fr\/wp-json\/wp\/v2\/product_tag\/514"},{"embeddable":true,"taxonomy":"product_cat","href":"https:\/\/artistics.com\/fr\/wp-json\/wp\/v2\/product_cat\/235"},{"embeddable":true,"taxonomy":"product_cat","href":"https:\/\/artistics.com\/fr\/wp-json\/wp\/v2\/product_cat\/216"},{"embeddable":true,"taxonomy":"product_cat","href":"https:\/\/artistics.com\/fr\/wp-json\/wp\/v2\/product_cat\/192"},{"embeddable":true,"taxonomy":"product_cat","href":"https:\/\/artistics.com\/fr\/wp-json\/wp\/v2\/product_cat\/414"},{"embeddable":true,"taxonomy":"product_cat","href":"https:\/\/artistics.com\/fr\/wp-json\/wp\/v2\/product_cat\/228"},{"embeddable":true,"taxonomy":"product_cat","href":"https:\/\/artistics.com\/fr\/wp-json\/wp\/v2\/product_cat\/170"},{"embeddable":true,"taxonomy":"product_cat","href":"https:\/\/artistics.com\/fr\/wp-json\/wp\/v2\/product_cat\/194"},{"embeddable":true,"taxonomy":"product_cat","href":"https:\/\/artistics.com\/fr\/wp-json\/wp\/v2\/product_cat\/162"}],"acf:post":[{"embeddable":true,"href":"https:\/\/artistics.com\/fr\/wp-json\/wp\/v2\/artist\/2767"}],"wp:featuredmedia":[{"embeddable":true,"href":"https:\/\/artistics.com\/fr\/wp-json\/wp\/v2\/media\/100859"}],"wp:attachment":[{"href":"https:\/\/artistics.com\/fr\/wp-json\/wp\/v2\/media?parent=100340"}],"wp:term":[{"taxonomy":"product_cat","embeddable":true,"href":"https:\/\/artistics.com\/fr\/wp-json\/wp\/v2\/product_cat?post=100340"},{"taxonomy":"product_tag","embeddable":true,"href":"https:\/\/artistics.com\/fr\/wp-json\/wp\/v2\/product_tag?post=100340"},{"taxonomy":"series","embeddable":true,"href":"https:\/\/artistics.com\/fr\/wp-json\/wp\/v2\/series?post=100340"}],"curies":[{"name":"wp","href":"https:\/\/api.w.org\/{rel}","templated":true}]}}