{"id":717,"date":"2022-09-11T20:58:32","date_gmt":"2022-09-11T18:58:32","guid":{"rendered":"https:\/\/2022.devartistics.com\/services-pour-les-professionnels\/"},"modified":"2025-01-28T18:59:40","modified_gmt":"2025-01-28T17:59:40","slug":"services-pour-les-professionnels","status":"publish","type":"page","link":"https:\/\/artistics.com\/fr\/services-pour-les-professionnels\/","title":{"rendered":"Services pour les professionnels"},"content":{"rendered":"<h2 class=\"wp-block-heading\" id=\"h-services-aux-professionnels\">Services aux professionnels<\/h2><p>Notre \u00e9quipe apporte une assistance sur mesure aux professionnels qui ont un projet d&rsquo;acquisition d&rsquo;\u0153uvres d&rsquo;art.<\/p><p>Nous comptons parmi nos clients des h\u00f4tels de prestige, des promoteurs immobiliers, des banques priv\u00e9es&#8230; Nous travaillons en direct avec eux ou en \u00e9troite collaboration avec les architectes d&rsquo;int\u00e9rieur, art advisors, consultants en h\u00f4tellerie qui sont charg\u00e9s du projet.<\/p><p>Nous sommes rompus \u00e0 la gestion de projets complexes impliquant de nombreux interlocuteurs. La qualit\u00e9 du service fourni est au c\u0153ur de nos pr\u00e9occupations et nous aimons d\u00e9passer les attentes de nos clients. Nous apportons le m\u00eame soin et le m\u00eame enthousiasme \u00e0 tous les projets, quelle que soit leur taille. Soyez certains que rien ne sera laiss\u00e9 au hasard !<\/p><div style=\"height:35px\" aria-hidden=\"true\" class=\"wp-block-spacer\"><\/div><div class=\"wp-block-media-text alignwide has-media-on-the-right is-stacked-on-mobile is-vertically-aligned-top\"><div class=\"wp-block-media-text__content\"><h2 class=\"wp-block-heading\" id=\"h-sourcing-d-oeuvres-d-art\">Sourcing d&rsquo;\u0153uvres d&rsquo;art<\/h2>\n\n<p>L\u2019int\u00e9gration d\u2019\u0153uvres d\u2019art contemporain \u00e0 vos projets est la garantie d\u2019obtenir une atmosph\u00e8re unique qui cr\u00e9era une impression durable. Nous travaillons \u00e0 vos c\u00f4t\u00e9s pour identifier les \u0153uvres qui feront la diff\u00e9rence.<\/p>\n\n<p>Nous recueillons votre brief pour bien comprendre vos besoins, vos aspirations et vos contraintes. Sur la base de ces \u00e9l\u00e9ments, nous identifions et vous soumettons des s\u00e9lections d&rsquo;\u0153uvres pertinentes, qu\u2019il s\u2019agisse d\u2019une installation monumentale pour le lobby d\u2019un h\u00f4tel ou de tableau de petite taille pour une pi\u00e8ce intime dans une r\u00e9sidence priv\u00e9e.<\/p>\n\n<p>Parce que nous connaissons parfaitement le travail de nos artistes et que nous sommes en contact permanent avec eux, nous sommes en mesure de r\u00e9pondre tr\u00e8s rapidement \u00e0 vos sollicitations.<\/p><\/div><figure class=\"wp-block-media-text__media\"><img decoding=\"async\" width=\"579\" height=\"869\" src=\"https:\/\/artistics.com\/wp-content\/uploads\/2023\/02\/barricada-2-ac-l-metal-sculpture-by-alejandro-vega-beuvrin-6-copie-2.jpeg\" alt=\"\" class=\"wp-image-1753 size-full\" srcset=\"https:\/\/artistics.com\/wp-content\/uploads\/2023\/02\/barricada-2-ac-l-metal-sculpture-by-alejandro-vega-beuvrin-6-copie-2.jpeg 579w, https:\/\/artistics.com\/wp-content\/uploads\/2023\/02\/barricada-2-ac-l-metal-sculpture-by-alejandro-vega-beuvrin-6-copie-2-200x300.jpeg 200w, https:\/\/artistics.com\/wp-content\/uploads\/2023\/02\/barricada-2-ac-l-metal-sculpture-by-alejandro-vega-beuvrin-6-copie-2-550x825.jpeg 550w, https:\/\/artistics.com\/wp-content\/uploads\/2023\/02\/barricada-2-ac-l-metal-sculpture-by-alejandro-vega-beuvrin-6-copie-2-300x450.jpeg 300w, https:\/\/artistics.com\/wp-content\/uploads\/2023\/02\/barricada-2-ac-l-metal-sculpture-by-alejandro-vega-beuvrin-6-copie-2-120x180.jpeg 120w\" sizes=\"(max-width: 579px) 100vw, 579px\" \/><\/figure><\/div><div style=\"height:35px\" aria-hidden=\"true\" class=\"wp-block-spacer\"><\/div><h2 class=\"wp-block-heading\" id=\"h-commandes-speciales\">Commandes sp\u00e9ciales<\/h2><p>Si l\u2019\u0153uvre que vous recherchez doit \u00eatre directement en lien avec le site sur lequel vous travaillez, nous identifions les artistes qui pourront r\u00e9aliser une \u0153uvre de commande.<\/p><p>A partir d&rsquo;un cahier des charges \u00e9tabli ensemble, nous consultons les artistes pressentis et les guidons dans la production des maquettes qui vous seront soumises. D\u00e8s validation de votre choix, nous coordonnons la r\u00e9alisation de l\u2019\u0153uvre en vous tenant inform\u00e9 \u00e0 chaque \u00e9tape.<\/p><div style=\"height:35px\" aria-hidden=\"true\" class=\"wp-block-spacer\"><\/div><div class=\"wp-block-media-text alignwide is-stacked-on-mobile is-vertically-aligned-top\"><figure class=\"wp-block-media-text__media\"><img decoding=\"async\" width=\"683\" height=\"1024\" src=\"https:\/\/artistics.com\/wp-content\/uploads\/2023\/02\/cerfhautsloire-romainricard1-683x1024.jpg\" alt=\"\" class=\"wp-image-1749 size-full\" srcset=\"https:\/\/artistics.com\/wp-content\/uploads\/2023\/02\/cerfhautsloire-romainricard1-683x1024.jpg 683w, https:\/\/artistics.com\/wp-content\/uploads\/2023\/02\/cerfhautsloire-romainricard1-200x300.jpg 200w, https:\/\/artistics.com\/wp-content\/uploads\/2023\/02\/cerfhautsloire-romainricard1-768x1152.jpg 768w, https:\/\/artistics.com\/wp-content\/uploads\/2023\/02\/cerfhautsloire-romainricard1-550x825.jpg 550w, https:\/\/artistics.com\/wp-content\/uploads\/2023\/02\/cerfhautsloire-romainricard1-300x450.jpg 300w, https:\/\/artistics.com\/wp-content\/uploads\/2023\/02\/cerfhautsloire-romainricard1-120x180.jpg 120w, https:\/\/artistics.com\/wp-content\/uploads\/2023\/02\/cerfhautsloire-romainricard1.jpg 1000w\" sizes=\"(max-width: 683px) 100vw, 683px\" \/><\/figure><div class=\"wp-block-media-text__content\"><p><strong>Etude de cas n\u00b01<\/strong><\/p>\n\n<p>Au c\u0153ur de la r\u00e9gion des Ch\u00e2teaux de la Loire, Le domaine Les Hauts de Loire est un ancien pavillon de chasse datant XIX\u00e8me si\u00e8cle entour\u00e9 d\u2019un parc de 70 hectares. Aujourd\u2019hui, ce lieu unique est un h\u00f4tel d\u2019exception appartenant au groupe h\u00f4telier de luxe H8 Collection.<\/p>\n\n<p>Souhaitant honorer la m\u00e9moire du lieu et faire rayonner la nature pr\u00e9serv\u00e9e qui l\u2019entoure, le groupe H8 s\u2019est rapproch\u00e9 d\u2019Artistics pour concevoir une sculpture monumentale. La proposition de <a href=\"https:\/\/artistics.com\/fr\/artiste\/pierre-yermia\/\">Pierre Yermia<\/a>, un cerf de 3 m\u00e8tres de hauteur a finalement \u00e9t\u00e9 retenue. Cette sculpture monumentale en bronze accueille d\u00e9sormais les h\u00f4tes de l\u2019\u00e9tablissement \u00e0 leur arriv\u00e9e.<\/p><\/div><\/div><div style=\"height:35px\" aria-hidden=\"true\" class=\"wp-block-spacer\"><\/div><div class=\"wp-block-media-text alignwide is-stacked-on-mobile is-vertically-aligned-top\"><figure class=\"wp-block-media-text__media\"><img decoding=\"async\" width=\"683\" height=\"1024\" src=\"https:\/\/artistics.com\/wp-content\/uploads\/2023\/02\/paris-extramuros-by-guillaume-chansarel-2-683x1024.jpg\" alt=\"\" class=\"wp-image-1751 size-full\" srcset=\"https:\/\/artistics.com\/wp-content\/uploads\/2023\/02\/paris-extramuros-by-guillaume-chansarel-2-683x1024.jpg 683w, https:\/\/artistics.com\/wp-content\/uploads\/2023\/02\/paris-extramuros-by-guillaume-chansarel-2-200x300.jpg 200w, https:\/\/artistics.com\/wp-content\/uploads\/2023\/02\/paris-extramuros-by-guillaume-chansarel-2-768x1152.jpg 768w, https:\/\/artistics.com\/wp-content\/uploads\/2023\/02\/paris-extramuros-by-guillaume-chansarel-2-550x825.jpg 550w, https:\/\/artistics.com\/wp-content\/uploads\/2023\/02\/paris-extramuros-by-guillaume-chansarel-2-300x450.jpg 300w, https:\/\/artistics.com\/wp-content\/uploads\/2023\/02\/paris-extramuros-by-guillaume-chansarel-2-120x180.jpg 120w, https:\/\/artistics.com\/wp-content\/uploads\/2023\/02\/paris-extramuros-by-guillaume-chansarel-2.jpg 1000w\" sizes=\"(max-width: 683px) 100vw, 683px\" \/><\/figure><div class=\"wp-block-media-text__content\"><p><strong>Etude de cas n\u00b02<\/strong><\/p>\n\n<p>Notre client, un promoteur immobilier haut de gamme, travaillait sur un projet d\u2019immeuble d\u2019habitation ultra-contemporain dans un quartier parisien historiquement associ\u00e9 \u00e0 l\u2019art, \u00e0 la culture et au savoir. Le hall de l\u2019immeuble devait accueillir les habitants et les visiteurs en \u00e9voquant cet esprit et cette histoire.<\/p>\n\n<p>En lien avec <a href=\"https:\/\/artistics.com\/fr\/artiste\/guillaume-chansarel\/\">Guillaume Chansarel<\/a>, l\u2019artiste pressenti pour le projet, Artistics a formul\u00e9 une proposition et, une fois l\u2019option finale retenue, coordonn\u00e9 sa production jusqu\u2019\u00e0 l\u2019accrochage final. Intitul\u00e9 Paris extramuros, ce tableau de 2,20m de hauteur fait merveilleusement le lien entre la modernit\u00e9 du b\u00e2timent et les lieux iconiques de son environnement.<\/p><\/div><\/div><div style=\"height:35px\" aria-hidden=\"true\" class=\"wp-block-spacer\"><\/div><div class=\"wp-block-media-text alignwide is-stacked-on-mobile is-vertically-aligned-top\"><figure class=\"wp-block-media-text__media\"><img decoding=\"async\" width=\"683\" height=\"1024\" src=\"https:\/\/artistics.com\/wp-content\/uploads\/2025\/01\/unsaid-paris-0812-683x1024.jpeg\" alt=\"\" class=\"wp-image-75453 size-full\" srcset=\"https:\/\/artistics.com\/wp-content\/uploads\/2025\/01\/unsaid-paris-0812-683x1024.jpeg 683w, https:\/\/artistics.com\/wp-content\/uploads\/2025\/01\/unsaid-paris-0812-200x300.jpeg 200w, https:\/\/artistics.com\/wp-content\/uploads\/2025\/01\/unsaid-paris-0812-768x1151.jpeg 768w, https:\/\/artistics.com\/wp-content\/uploads\/2025\/01\/unsaid-paris-0812-550x824.jpeg 550w, https:\/\/artistics.com\/wp-content\/uploads\/2025\/01\/unsaid-paris-0812-300x450.jpeg 300w, https:\/\/artistics.com\/wp-content\/uploads\/2025\/01\/unsaid-paris-0812.jpeg 1020w\" sizes=\"(max-width: 683px) 100vw, 683px\" \/><\/figure><div class=\"wp-block-media-text__content\"><p><strong>Etude de cas n\u00b03<\/strong><\/p>\n\n<p>Pour procurer aux visiteurs de son flagship parisien une exp\u00e9rience exceptionnelle, la Maison de joaillerie Unsaid a souhait\u00e9 faire dialoguer ses cr\u00e9ations avec celles d\u2019artistes contemporains ayant une d\u00e9marche proche des valeurs de la marque. Parmi les artistes pr\u00e9sent\u00e9s par Artistics, leur choix s\u2019est port\u00e9 sur Mattia Bosco et Romain Langlois, deux cr\u00e9ateurs \u00e0 l\u2019univers min\u00e9ral, dont l\u2019\u0153uvre est marqu\u00e9e par un souci de durabilit\u00e9 et une r\u00e9flexion sur l\u2019id\u00e9e de transformation.<\/p>\n\n<p><a href=\"https:\/\/artistics.com\/fr\/artiste\/mattia-bosco\/\">Mattia Bosco<\/a> a cr\u00e9\u00e9 une sculpture monumentale en marbre, partiellement rehauss\u00e9e \u00e0 la feuille d\u2019or, dont les formes et les couleurs entrent en r\u00e9sonnance avec l\u2019espace qui l\u2019accueille, con\u00e7u par les architectes de Dimore Studio. La pi\u00e8ce en bronze Sleeping Beauty, de <a href=\"https:\/\/artistics.com\/fr\/artiste\/romain-langlois\/\">Romain Langlois<\/a>, est pr\u00e9sent\u00e9e au deuxi\u00e8me \u00e9tage de cet ancien h\u00f4tel particulier, proche de la Place Vend\u00f4me.<\/p>\n\n<p>Artistics est intervenu \u00e0 chaque phase du projet, depuis la pr\u00e9-s\u00e9lection des artistes jusqu\u2019\u00e0 l\u2019installation des pi\u00e8ces. <a href=\"https:\/\/artistics.com\/fr\/artzine\/le-flagship-parisien-de-unsaid-accueille-deux-sculptures-de-mattia-bosco-et-romain-langlois\/\">Plus d&rsquo;infos<\/a>.<\/p><\/div><\/div><div style=\"height:35px\" aria-hidden=\"true\" class=\"wp-block-spacer\"><\/div><div class=\"wp-block-media-text alignwide has-media-on-the-right is-stacked-on-mobile is-vertically-aligned-top\"><div class=\"wp-block-media-text__content\"><h2 class=\"wp-block-heading\" id=\"h-service-tout-compris\">Service \u00ab tout compris \u00bb<\/h2>\n\n<p>Artistics vous accompagne tout au long du projet, avec une constante attention au d\u00e9tail pour vous assurer une livraison ponctuelle et sans accroc.<\/p>\n\n<p>Nous vous offrons un service \u00ab\u00a0tout compris\u00a0\u00bb : encadrement ou r\u00e9alisation de socles sur-mesure, livraison \u00e0 l\u2019adresse de votre choix partout dans le monde, assurance voire installation.<\/p><\/div><figure class=\"wp-block-media-text__media\"><img decoding=\"async\" width=\"683\" height=\"1024\" src=\"https:\/\/artistics.com\/wp-content\/uploads\/2023\/02\/p-20210317-172238-vhdr-on-hp-683x1024.jpeg\" alt=\"\" class=\"wp-image-1755 size-full\" srcset=\"https:\/\/artistics.com\/wp-content\/uploads\/2023\/02\/p-20210317-172238-vhdr-on-hp-683x1024.jpeg 683w, https:\/\/artistics.com\/wp-content\/uploads\/2023\/02\/p-20210317-172238-vhdr-on-hp-200x300.jpeg 200w, https:\/\/artistics.com\/wp-content\/uploads\/2023\/02\/p-20210317-172238-vhdr-on-hp-768x1152.jpeg 768w, https:\/\/artistics.com\/wp-content\/uploads\/2023\/02\/p-20210317-172238-vhdr-on-hp-1024x1536.jpeg 1024w, https:\/\/artistics.com\/wp-content\/uploads\/2023\/02\/p-20210317-172238-vhdr-on-hp-1366x2048.jpeg 1366w, https:\/\/artistics.com\/wp-content\/uploads\/2023\/02\/p-20210317-172238-vhdr-on-hp-550x825.jpeg 550w, https:\/\/artistics.com\/wp-content\/uploads\/2023\/02\/p-20210317-172238-vhdr-on-hp-300x450.jpeg 300w, https:\/\/artistics.com\/wp-content\/uploads\/2023\/02\/p-20210317-172238-vhdr-on-hp-120x180.jpeg 120w, https:\/\/artistics.com\/wp-content\/uploads\/2023\/02\/p-20210317-172238-vhdr-on-hp-scaled.jpeg 1707w\" sizes=\"(max-width: 683px) 100vw, 683px\" \/><\/figure><\/div><div style=\"height:35px\" aria-hidden=\"true\" class=\"wp-block-spacer\"><\/div><hr class=\"wp-block-separator has-alpha-channel-opacity\"\/><div style=\"height:35px\" aria-hidden=\"true\" class=\"wp-block-spacer\"><\/div><h2 class=\"wp-block-heading\" id=\"h-le-leasing-d-oeuvres-d-art-pour-les-entreprises\">Le leasing d\u2019\u0153uvres d\u2019art pour les entreprises<\/h2><p>La galerie Artistics a mis en place une solution de location avec option d\u2019achat pour permettre aux entreprises et aux professionnels lib\u00e9raux d\u2019ouvrir leur espace \u00e0 l\u2019art contemporain de mani\u00e8re avantageuse.<\/p><p>L\u2019art contemporain vous permet d\u2019offrir un environnement de travail stimulant \u00e0 vos collaborateurs. Il accueille vos visiteurs, clients et partenaires dans des locaux qui refl\u00e8tent vos valeurs. Si vous exercez votre activit\u00e9 professionnelle en France ou en Belgique, vous pouvez acqu\u00e9rir des \u0153uvres en \u00e9talant les co\u00fbts et en d\u00e9duisant les loyers de votre r\u00e9sultat imposable.<\/p><p>Pour conna\u00eetre les modalit\u00e9s de cette solution propos\u00e9e par Artistics en partenariat avec la soci\u00e9t\u00e9 Bail Art, <a href=\"https:\/\/artistics.com\/fr\/le-leasing-doeuvres-dart\/\">cliquez ici<\/a>.<\/p>","protected":false},"excerpt":{"rendered":"<p>Services aux professionnels Notre \u00e9quipe apporte une assistance sur mesure aux professionnels qui ont un projet d&rsquo;acquisition d&rsquo;\u0153uvres d&rsquo;art. Nous comptons parmi nos clients des h\u00f4tels de prestige, des promoteurs immobiliers, des banques priv\u00e9es&#8230; Nous travaillons en direct avec eux ou en \u00e9troite collaboration avec les architectes d&rsquo;int\u00e9rieur, art advisors, consultants en h\u00f4tellerie qui sont [&hellip;]<\/p>\n","protected":false},"author":1,"featured_media":0,"parent":0,"menu_order":0,"comment_status":"closed","ping_status":"closed","template":"","meta":{"_acf_changed":false,"_searchwp_excluded":"","inline_featured_image":false,"footnotes":""},"class_list":["post-717","page","type-page","status-publish","hentry"],"acf":[],"yoast_head":"<!-- This site is optimized with the Yoast SEO Premium plugin v27.3 (Yoast SEO v27.3) - https:\/\/yoast.com\/product\/yoast-seo-premium-wordpress\/ -->\n<title>Services pour les professionnels | Artistics<\/title>\n<meta name=\"robots\" content=\"index, follow, max-snippet:-1, max-image-preview:large, max-video-preview:-1\" \/>\n<link rel=\"canonical\" href=\"https:\/\/artistics.com\/fr\/services-pour-les-professionnels\/\" \/>\n<meta property=\"og:locale\" content=\"fr_FR\" \/>\n<meta property=\"og:type\" content=\"article\" \/>\n<meta property=\"og:title\" content=\"Services pour les professionnels\" \/>\n<meta property=\"og:description\" content=\"Services aux professionnels Notre \u00e9quipe apporte une assistance sur mesure aux professionnels qui ont un projet d&rsquo;acquisition d&rsquo;\u0153uvres d&rsquo;art. Nous comptons parmi nos clients des h\u00f4tels de prestige, des promoteurs immobiliers, des banques priv\u00e9es&#8230; Nous travaillons en direct avec eux ou en \u00e9troite collaboration avec les architectes d&rsquo;int\u00e9rieur, art advisors, consultants en h\u00f4tellerie qui sont [&hellip;]\" \/>\n<meta property=\"og:url\" content=\"https:\/\/artistics.com\/fr\/services-pour-les-professionnels\/\" \/>\n<meta property=\"og:site_name\" content=\"Artistics\" \/>\n<meta property=\"article:publisher\" content=\"https:\/\/www.facebook.com\/ArtisticsMag\" \/>\n<meta property=\"article:modified_time\" content=\"2025-01-28T17:59:40+00:00\" \/>\n<meta property=\"og:image\" content=\"https:\/\/artistics.com\/wp-content\/uploads\/2023\/02\/barricada-2-ac-l-metal-sculpture-by-alejandro-vega-beuvrin-6-copie-2.jpeg\" \/>\n\t<meta property=\"og:image:width\" content=\"579\" \/>\n\t<meta property=\"og:image:height\" content=\"869\" \/>\n\t<meta property=\"og:image:type\" content=\"image\/jpeg\" \/>\n<meta name=\"twitter:card\" content=\"summary_large_image\" \/>\n<meta name=\"twitter:site\" content=\"@Artistics_FR\" \/>\n<meta name=\"twitter:label1\" content=\"Dur\u00e9e de lecture estim\u00e9e\" \/>\n\t<meta name=\"twitter:data1\" content=\"5 minutes\" \/>\n<script type=\"application\/ld+json\" class=\"yoast-schema-graph\">{\"@context\":\"https:\\\/\\\/schema.org\",\"@graph\":[{\"@type\":\"WebPage\",\"@id\":\"https:\\\/\\\/artistics.com\\\/fr\\\/services-pour-les-professionnels\\\/\",\"url\":\"https:\\\/\\\/artistics.com\\\/fr\\\/services-pour-les-professionnels\\\/\",\"name\":\"Services pour les professionnels | Artistics\",\"isPartOf\":{\"@id\":\"https:\\\/\\\/artistics.com\\\/fr\\\/#website\"},\"primaryImageOfPage\":{\"@id\":\"https:\\\/\\\/artistics.com\\\/fr\\\/services-pour-les-professionnels\\\/#primaryimage\"},\"image\":{\"@id\":\"https:\\\/\\\/artistics.com\\\/fr\\\/services-pour-les-professionnels\\\/#primaryimage\"},\"thumbnailUrl\":\"https:\\\/\\\/artistics.com\\\/wp-content\\\/uploads\\\/2023\\\/02\\\/barricada-2-ac-l-metal-sculpture-by-alejandro-vega-beuvrin-6-copie-2.jpeg\",\"datePublished\":\"2022-09-11T18:58:32+00:00\",\"dateModified\":\"2025-01-28T17:59:40+00:00\",\"breadcrumb\":{\"@id\":\"https:\\\/\\\/artistics.com\\\/fr\\\/services-pour-les-professionnels\\\/#breadcrumb\"},\"inLanguage\":\"fr-FR\",\"potentialAction\":[{\"@type\":\"ReadAction\",\"target\":[\"https:\\\/\\\/artistics.com\\\/fr\\\/services-pour-les-professionnels\\\/\"]}]},{\"@type\":\"ImageObject\",\"inLanguage\":\"fr-FR\",\"@id\":\"https:\\\/\\\/artistics.com\\\/fr\\\/services-pour-les-professionnels\\\/#primaryimage\",\"url\":\"https:\\\/\\\/artistics.com\\\/wp-content\\\/uploads\\\/2023\\\/02\\\/barricada-2-ac-l-metal-sculpture-by-alejandro-vega-beuvrin-6-copie-2.jpeg\",\"contentUrl\":\"https:\\\/\\\/artistics.com\\\/wp-content\\\/uploads\\\/2023\\\/02\\\/barricada-2-ac-l-metal-sculpture-by-alejandro-vega-beuvrin-6-copie-2.jpeg\"},{\"@type\":\"BreadcrumbList\",\"@id\":\"https:\\\/\\\/artistics.com\\\/fr\\\/services-pour-les-professionnels\\\/#breadcrumb\",\"itemListElement\":[{\"@type\":\"ListItem\",\"position\":1,\"name\":\"Achat \u0153uvre d'art\",\"item\":\"https:\\\/\\\/artistics.com\\\/fr\\\/\"},{\"@type\":\"ListItem\",\"position\":2,\"name\":\"Services pour les professionnels\"}]},{\"@type\":\"WebSite\",\"@id\":\"https:\\\/\\\/artistics.com\\\/fr\\\/#website\",\"url\":\"https:\\\/\\\/artistics.com\\\/fr\\\/\",\"name\":\"Artistics\",\"description\":\"The online art gallery\",\"publisher\":{\"@id\":\"https:\\\/\\\/artistics.com\\\/fr\\\/#organization\"},\"potentialAction\":[{\"@type\":\"SearchAction\",\"target\":{\"@type\":\"EntryPoint\",\"urlTemplate\":\"https:\\\/\\\/artistics.com\\\/fr\\\/?s={search_term_string}\"},\"query-input\":{\"@type\":\"PropertyValueSpecification\",\"valueRequired\":true,\"valueName\":\"search_term_string\"}}],\"inLanguage\":\"fr-FR\"},{\"@type\":\"Organization\",\"@id\":\"https:\\\/\\\/artistics.com\\\/fr\\\/#organization\",\"name\":\"Artistics\",\"url\":\"https:\\\/\\\/artistics.com\\\/fr\\\/\",\"logo\":{\"@type\":\"ImageObject\",\"inLanguage\":\"fr-FR\",\"@id\":\"https:\\\/\\\/artistics.com\\\/fr\\\/#\\\/schema\\\/logo\\\/image\\\/\",\"url\":\"https:\\\/\\\/artistics.com\\\/wp-content\\\/uploads\\\/2023\\\/02\\\/artistics-logo-web-1.svg\",\"contentUrl\":\"https:\\\/\\\/artistics.com\\\/wp-content\\\/uploads\\\/2023\\\/02\\\/artistics-logo-web-1.svg\",\"caption\":\"Artistics\"},\"image\":{\"@id\":\"https:\\\/\\\/artistics.com\\\/fr\\\/#\\\/schema\\\/logo\\\/image\\\/\"},\"sameAs\":[\"https:\\\/\\\/www.facebook.com\\\/ArtisticsMag\",\"https:\\\/\\\/x.com\\\/Artistics_FR\",\"http:\\\/\\\/www.linkedin.com\\\/company\\\/artistics\",\"https:\\\/\\\/www.instagram.com\\\/artistics_com\\\/\",\"http:\\\/\\\/www.pinterest.com\\\/ArtisticsMag\"],\"hasMerchantReturnPolicy\":{\"@type\":\"MerchantReturnPolicy\",\"merchantReturnLink\":\"https:\\\/\\\/artistics.com\\\/free-return-policy\\\/\"}}]}<\/script>\n<!-- \/ Yoast SEO Premium plugin. -->","yoast_head_json":{"title":"Services pour les professionnels | Artistics","robots":{"index":"index","follow":"follow","max-snippet":"max-snippet:-1","max-image-preview":"max-image-preview:large","max-video-preview":"max-video-preview:-1"},"canonical":"https:\/\/artistics.com\/fr\/services-pour-les-professionnels\/","og_locale":"fr_FR","og_type":"article","og_title":"Services pour les professionnels","og_description":"Services aux professionnels Notre \u00e9quipe apporte une assistance sur mesure aux professionnels qui ont un projet d&rsquo;acquisition d&rsquo;\u0153uvres d&rsquo;art. Nous comptons parmi nos clients des h\u00f4tels de prestige, des promoteurs immobiliers, des banques priv\u00e9es&#8230; Nous travaillons en direct avec eux ou en \u00e9troite collaboration avec les architectes d&rsquo;int\u00e9rieur, art advisors, consultants en h\u00f4tellerie qui sont [&hellip;]","og_url":"https:\/\/artistics.com\/fr\/services-pour-les-professionnels\/","og_site_name":"Artistics","article_publisher":"https:\/\/www.facebook.com\/ArtisticsMag","article_modified_time":"2025-01-28T17:59:40+00:00","og_image":[{"width":579,"height":869,"url":"https:\/\/artistics.com\/wp-content\/uploads\/2023\/02\/barricada-2-ac-l-metal-sculpture-by-alejandro-vega-beuvrin-6-copie-2.jpeg","type":"image\/jpeg"}],"twitter_card":"summary_large_image","twitter_site":"@Artistics_FR","twitter_misc":{"Dur\u00e9e de lecture estim\u00e9e":"5 minutes"},"schema":{"@context":"https:\/\/schema.org","@graph":[{"@type":"WebPage","@id":"https:\/\/artistics.com\/fr\/services-pour-les-professionnels\/","url":"https:\/\/artistics.com\/fr\/services-pour-les-professionnels\/","name":"Services pour les professionnels | Artistics","isPartOf":{"@id":"https:\/\/artistics.com\/fr\/#website"},"primaryImageOfPage":{"@id":"https:\/\/artistics.com\/fr\/services-pour-les-professionnels\/#primaryimage"},"image":{"@id":"https:\/\/artistics.com\/fr\/services-pour-les-professionnels\/#primaryimage"},"thumbnailUrl":"https:\/\/artistics.com\/wp-content\/uploads\/2023\/02\/barricada-2-ac-l-metal-sculpture-by-alejandro-vega-beuvrin-6-copie-2.jpeg","datePublished":"2022-09-11T18:58:32+00:00","dateModified":"2025-01-28T17:59:40+00:00","breadcrumb":{"@id":"https:\/\/artistics.com\/fr\/services-pour-les-professionnels\/#breadcrumb"},"inLanguage":"fr-FR","potentialAction":[{"@type":"ReadAction","target":["https:\/\/artistics.com\/fr\/services-pour-les-professionnels\/"]}]},{"@type":"ImageObject","inLanguage":"fr-FR","@id":"https:\/\/artistics.com\/fr\/services-pour-les-professionnels\/#primaryimage","url":"https:\/\/artistics.com\/wp-content\/uploads\/2023\/02\/barricada-2-ac-l-metal-sculpture-by-alejandro-vega-beuvrin-6-copie-2.jpeg","contentUrl":"https:\/\/artistics.com\/wp-content\/uploads\/2023\/02\/barricada-2-ac-l-metal-sculpture-by-alejandro-vega-beuvrin-6-copie-2.jpeg"},{"@type":"BreadcrumbList","@id":"https:\/\/artistics.com\/fr\/services-pour-les-professionnels\/#breadcrumb","itemListElement":[{"@type":"ListItem","position":1,"name":"Achat \u0153uvre d'art","item":"https:\/\/artistics.com\/fr\/"},{"@type":"ListItem","position":2,"name":"Services pour les professionnels"}]},{"@type":"WebSite","@id":"https:\/\/artistics.com\/fr\/#website","url":"https:\/\/artistics.com\/fr\/","name":"Artistics","description":"The online art gallery","publisher":{"@id":"https:\/\/artistics.com\/fr\/#organization"},"potentialAction":[{"@type":"SearchAction","target":{"@type":"EntryPoint","urlTemplate":"https:\/\/artistics.com\/fr\/?s={search_term_string}"},"query-input":{"@type":"PropertyValueSpecification","valueRequired":true,"valueName":"search_term_string"}}],"inLanguage":"fr-FR"},{"@type":"Organization","@id":"https:\/\/artistics.com\/fr\/#organization","name":"Artistics","url":"https:\/\/artistics.com\/fr\/","logo":{"@type":"ImageObject","inLanguage":"fr-FR","@id":"https:\/\/artistics.com\/fr\/#\/schema\/logo\/image\/","url":"https:\/\/artistics.com\/wp-content\/uploads\/2023\/02\/artistics-logo-web-1.svg","contentUrl":"https:\/\/artistics.com\/wp-content\/uploads\/2023\/02\/artistics-logo-web-1.svg","caption":"Artistics"},"image":{"@id":"https:\/\/artistics.com\/fr\/#\/schema\/logo\/image\/"},"sameAs":["https:\/\/www.facebook.com\/ArtisticsMag","https:\/\/x.com\/Artistics_FR","http:\/\/www.linkedin.com\/company\/artistics","https:\/\/www.instagram.com\/artistics_com\/","http:\/\/www.pinterest.com\/ArtisticsMag"],"hasMerchantReturnPolicy":{"@type":"MerchantReturnPolicy","merchantReturnLink":"https:\/\/artistics.com\/free-return-policy\/"}}]}},"_links":{"self":[{"href":"https:\/\/artistics.com\/fr\/wp-json\/wp\/v2\/pages\/717","targetHints":{"allow":["GET"]}}],"collection":[{"href":"https:\/\/artistics.com\/fr\/wp-json\/wp\/v2\/pages"}],"about":[{"href":"https:\/\/artistics.com\/fr\/wp-json\/wp\/v2\/types\/page"}],"author":[{"embeddable":true,"href":"https:\/\/artistics.com\/fr\/wp-json\/wp\/v2\/users\/1"}],"replies":[{"embeddable":true,"href":"https:\/\/artistics.com\/fr\/wp-json\/wp\/v2\/comments?post=717"}],"version-history":[{"count":1,"href":"https:\/\/artistics.com\/fr\/wp-json\/wp\/v2\/pages\/717\/revisions"}],"predecessor-version":[{"id":75461,"href":"https:\/\/artistics.com\/fr\/wp-json\/wp\/v2\/pages\/717\/revisions\/75461"}],"wp:attachment":[{"href":"https:\/\/artistics.com\/fr\/wp-json\/wp\/v2\/media?parent=717"}],"curies":[{"name":"wp","href":"https:\/\/api.w.org\/{rel}","templated":true}]}}