{"id":533,"date":"2022-09-14T12:34:50","date_gmt":"2022-09-14T10:34:50","guid":{"rendered":"https:\/\/2022.devartistics.com\/accueil\/"},"modified":"2024-01-10T11:55:34","modified_gmt":"2024-01-10T10:55:34","slug":"accueil","status":"publish","type":"page","link":"https:\/\/artistics.com\/fr\/","title":{"rendered":"Accueil"},"content":{"rendered":"<div class=\"wp-block-columns gap-5 is-layout-flex wp-container-core-columns-is-layout-9d6595d7 wp-block-columns-is-layout-flex\"><div class=\"wp-block-column pe-0 pe-lg-5 is-layout-flow wp-block-column-is-layout-flow\" style=\"flex-basis:60%\"><h3 class=\"wp-block-heading h1\" id=\"h-vous-faciliter-l-acquisition-d-oeuvres-d-art-en-ligne\">Vous faciliter l\u2019acquisition d\u2019\u0153uvres d\u2019art en ligne<\/h3>\n\n<div style=\"height:11px\" aria-hidden=\"true\" class=\"wp-block-spacer\"><\/div>\n\n<p>Notre mission est de vous faire d\u00e9couvrir les artistes que nous admirons et de vous faciliter l\u2019acquisition de leurs \u0153uvres.<\/p>\n\n<p>Nous vous garantissons une information transparente, des conseillers toujours disponibles pour r\u00e9pondre \u00e0 vos questions et un service premium jusqu\u2019apr\u00e8s la livraison. Nous exp\u00e9dions partout dans le monde gr\u00e2ce \u00e0 un r\u00e9seau de transporteurs professionnels et assurons le retour gratuit de l\u2019\u0153uvre si pour quelque raison, vous d\u00e9cidiez de ne pas la garder.<\/p>\n\n<div style=\"height:11px\" aria-hidden=\"true\" class=\"wp-block-spacer\"><\/div>\n\n<div id=\"accordion-block_d347d09dea39a03e353651de4b0b1bbd\" class=\"accordion my-3 artcs-accordion\">\n                <div class=\"accordion-item border-0 border-bottom\">\n                <h4 class=\"accordion-header artcs-body-text\" id=\"entry-title-1\">\n                    <button class=\"accordion-button ps-0 collapsed\" type=\"button\" data-bs-toggle=\"collapse\" data-bs-target=\"#entry-description-1\" aria-expanded=\"true\" aria-controls=\"collapse section Artistics.com, qu\u2019est-ce que c\u2019est ?\">\n\t                    Artistics.com, qu\u2019est-ce que c\u2019est ?                    <\/button>\n                <\/h4>\n                <div id=\"entry-description-1\" class=\"accordion-collapse collapse\" aria-labelledby=\"entry-title-1\" data-bs-parent=\"#accordion-block_d347d09dea39a03e353651de4b0b1bbd\">\n                    <div class=\"accordion-body small opacity-60 pb-3 px-0\">\n\t                    <p>Artistics.com est la plateforme de vente en ligne de la galerie d\u2019art contemporain Artistics, fond\u00e9e en 2013 et bas\u00e9e \u00e0 Paris, France. Ce site vous permet de d\u00e9couvrir les artistes internationaux s\u00e9lectionn\u00e9s par la galerie et d\u2019acqu\u00e9rir leurs oeuvres en ligne. Pour en savoir plus sur la galerie, consultez notre rubrique <a href=\"https:\/\/artistics.com\/fr\/qui-sommes-nous\/\">Qui sommes-nous ?<\/a> Et pour connaitre les avis de nos clients, collect\u00e9s par un organisme tiers (Avis V\u00e9rifi\u00e9s) qui garantit leur authenticit\u00e9, <a href=\"https:\/\/www.avis-verifies.com\/avis-clients\/artistics.com\">cliquez ici<\/a>.<\/p>\n                    <\/div>\n                <\/div>\n            <\/div>\n                <div class=\"accordion-item border-0 border-bottom\">\n                <h4 class=\"accordion-header artcs-body-text\" id=\"entry-title-2\">\n                    <button class=\"accordion-button ps-0 collapsed\" type=\"button\" data-bs-toggle=\"collapse\" data-bs-target=\"#entry-description-2\" aria-expanded=\"true\" aria-controls=\"collapse section Une question ou besoin d\u2019\u00eatre accompagn\u00e9 dans votre choix ?\">\n\t                    Une question ou besoin d\u2019\u00eatre accompagn\u00e9 dans votre choix ?                    <\/button>\n                <\/h4>\n                <div id=\"entry-description-2\" class=\"accordion-collapse collapse\" aria-labelledby=\"entry-title-2\" data-bs-parent=\"#accordion-block_d347d09dea39a03e353651de4b0b1bbd\">\n                    <div class=\"accordion-body small opacity-60 pb-3 px-0\">\n\t                    <p>Nos conseillers sont \u00e0 votre disposition via le tchat en ligne disponible en bas de page, ou bien par email \u00e0 contact@artistics.com ou encore au t\u00e9l\u00e9phone : +331.40.28.92.28 (du lundi au vendredi, de 9h \u00e0 19h (GMT+1). Nous vous invitons \u00e9galement \u00e0 consulter notre rubrique <a href=\"https:\/\/artistics.com\/fr\/faq-acheteur\/\">FAQ Acheteur<\/a> o\u00f9 vous trouverez les r\u00e9ponses aux questions qui nous sont le plus fr\u00e9quemment pos\u00e9es.<\/p>\n                    <\/div>\n                <\/div>\n            <\/div>\n    <\/div>\n\n<div style=\"height:11px\" aria-hidden=\"true\" class=\"wp-block-spacer\"><\/div>\n\n<div class=\"wp-block-buttons is-content-justification-left is-layout-flex wp-container-core-buttons-is-layout-fdcfc74e wp-block-buttons-is-layout-flex\"><div class=\"wp-block-button is-style-fill\"><a class=\"wp-block-button__link wp-element-button\" href=\"https:\/\/artistics.com\/fr\/acheter-sur-artistics\/\">D\u00e9couvrir tous nos services<\/a><\/div><\/div><\/div>\n\n<div class=\"wp-block-column is-layout-flow wp-block-column-is-layout-flow\" style=\"flex-basis:40%\"><h3 class=\"wp-block-heading h1\" id=\"h-des-services-dedies-aux-architectes-d-interieur-et-aux-entreprises\">Des services d\u00e9di\u00e9s aux architectes d\u2019int\u00e9rieur et aux entreprises<\/h3>\n\n<div style=\"height:11px\" aria-hidden=\"true\" class=\"wp-block-spacer\"><\/div>\n\n<p>Nous collaborons r\u00e9guli\u00e8rement avec des architectes et des architectes d\u2019int\u00e9rieur pour identifier les \u0153uvres d\u2019art qui s\u2019int\u00e8grent parfaitement \u00e0 leurs projets. Nous accompagnons \u00e9galement nos clients dans la r\u00e9alisation d\u2019\u0153uvres de commande, en r\u00e9sonance directe avec un projet architectural, un projet d\u2019am\u00e9nagement ou un site particulier.<\/p>\n\n<p>Notre objectif est de vous faire gagner du temps en vous offrant le service le plus complet possible. Nous pouvons prendre en charge les prestations associ\u00e9es \u00e0 la mise en valeur de l\u2019\u0153uvre (montage, encadrement, cr\u00e9ation de socles\u2026) ainsi que sa livraison voire son installation.<\/p>\n\n<div style=\"height:11px\" aria-hidden=\"true\" class=\"wp-block-spacer\"><\/div>\n\n<div class=\"wp-block-buttons is-horizontal is-layout-flex wp-block-buttons-is-layout-flex\"><div class=\"wp-block-button is-style-fill\"><a class=\"wp-block-button__link wp-element-button\" href=\"https:\/\/artistics.com\/fr\/services-pour-les-professionnels\/\">Nos services aux professionnels<\/a><\/div><\/div><\/div><\/div>","protected":false},"excerpt":{"rendered":"<p>Vous faciliter l\u2019acquisition d\u2019\u0153uvres d\u2019art en ligne Notre mission est de vous faire d\u00e9couvrir les artistes que nous admirons et de vous faciliter l\u2019acquisition de leurs \u0153uvres. Nous vous garantissons une information transparente, des conseillers toujours disponibles pour r\u00e9pondre \u00e0 vos questions et un service premium jusqu\u2019apr\u00e8s la livraison. Nous exp\u00e9dions partout dans le monde [&hellip;]<\/p>\n","protected":false},"author":1,"featured_media":33047,"parent":0,"menu_order":0,"comment_status":"closed","ping_status":"closed","template":"","meta":{"_acf_changed":false,"_searchwp_excluded":"","inline_featured_image":false,"footnotes":""},"class_list":["post-533","page","type-page","status-publish","has-post-thumbnail","hentry"],"acf":[],"yoast_head":"<!-- This site is optimized with the Yoast SEO Premium plugin v27.3 (Yoast SEO v27.3) - https:\/\/yoast.com\/product\/yoast-seo-premium-wordpress\/ -->\n<title>Artistics | Achat d&#039;\u0153uvres d&#039;art en ligne<\/title>\n<meta name=\"description\" content=\"Achetez en ligne une \u0153uvre d\u2019art originale. Artistics vous offre les garanties d\u2019un achat en confiance : conseil personnalis\u00e9, retours gratuits.\" \/>\n<meta name=\"robots\" content=\"index, follow, max-snippet:-1, max-image-preview:large, max-video-preview:-1\" \/>\n<link rel=\"canonical\" href=\"https:\/\/artistics.com\/fr\/\" \/>\n<meta property=\"og:locale\" content=\"fr_FR\" \/>\n<meta property=\"og:type\" content=\"article\" \/>\n<meta property=\"og:title\" content=\"Accueil\" \/>\n<meta property=\"og:description\" content=\"Achetez en ligne une \u0153uvre d\u2019art originale. Artistics vous offre les garanties d\u2019un achat en confiance : conseil personnalis\u00e9, retours gratuits.\" \/>\n<meta property=\"og:url\" content=\"https:\/\/artistics.com\/fr\/\" \/>\n<meta property=\"og:site_name\" content=\"Artistics\" \/>\n<meta property=\"article:publisher\" content=\"https:\/\/www.facebook.com\/ArtisticsMag\" \/>\n<meta property=\"article:modified_time\" content=\"2024-01-10T10:55:34+00:00\" \/>\n<meta property=\"og:image\" content=\"https:\/\/artistics.com\/wp-content\/uploads\/2023\/04\/artistics-site-image.jpeg\" \/>\n\t<meta property=\"og:image:width\" content=\"1200\" \/>\n\t<meta property=\"og:image:height\" content=\"675\" \/>\n\t<meta property=\"og:image:type\" content=\"image\/jpeg\" \/>\n<meta name=\"twitter:card\" content=\"summary_large_image\" \/>\n<meta name=\"twitter:site\" content=\"@Artistics_FR\" \/>\n<meta name=\"twitter:label1\" content=\"Dur\u00e9e de lecture estim\u00e9e\" \/>\n\t<meta name=\"twitter:data1\" content=\"1 minute\" \/>\n<script type=\"application\/ld+json\" class=\"yoast-schema-graph\">{\"@context\":\"https:\\\/\\\/schema.org\",\"@graph\":[{\"@type\":\"WebPage\",\"@id\":\"https:\\\/\\\/artistics.com\\\/fr\\\/\",\"url\":\"https:\\\/\\\/artistics.com\\\/fr\\\/\",\"name\":\"Artistics | Achat d'\u0153uvres d'art en ligne\",\"isPartOf\":{\"@id\":\"https:\\\/\\\/artistics.com\\\/fr\\\/#website\"},\"primaryImageOfPage\":{\"@id\":\"https:\\\/\\\/artistics.com\\\/fr\\\/#primaryimage\"},\"image\":{\"@id\":\"https:\\\/\\\/artistics.com\\\/fr\\\/#primaryimage\"},\"thumbnailUrl\":\"https:\\\/\\\/artistics.com\\\/wp-content\\\/uploads\\\/2023\\\/04\\\/artistics-site-image.jpeg\",\"datePublished\":\"2022-09-14T10:34:50+00:00\",\"dateModified\":\"2024-01-10T10:55:34+00:00\",\"description\":\"Achetez en ligne une \u0153uvre d\u2019art originale. Artistics vous offre les garanties d\u2019un achat en confiance : conseil personnalis\u00e9, retours gratuits.\",\"breadcrumb\":{\"@id\":\"https:\\\/\\\/artistics.com\\\/fr\\\/#breadcrumb\"},\"inLanguage\":\"fr-FR\",\"potentialAction\":[{\"@type\":\"ReadAction\",\"target\":[\"https:\\\/\\\/artistics.com\\\/fr\\\/\"]}]},{\"@type\":\"ImageObject\",\"inLanguage\":\"fr-FR\",\"@id\":\"https:\\\/\\\/artistics.com\\\/fr\\\/#primaryimage\",\"url\":\"https:\\\/\\\/artistics.com\\\/wp-content\\\/uploads\\\/2023\\\/04\\\/artistics-site-image.jpeg\",\"contentUrl\":\"https:\\\/\\\/artistics.com\\\/wp-content\\\/uploads\\\/2023\\\/04\\\/artistics-site-image.jpeg\",\"width\":1200,\"height\":675},{\"@type\":\"BreadcrumbList\",\"@id\":\"https:\\\/\\\/artistics.com\\\/fr\\\/#breadcrumb\",\"itemListElement\":[{\"@type\":\"ListItem\",\"position\":1,\"name\":\"Achat \u0153uvre d'art\",\"item\":\"https:\\\/\\\/artistics.com\\\/fr\\\/\"},{\"@type\":\"ListItem\",\"position\":2,\"name\":\"Accueil\"}]},{\"@type\":\"WebSite\",\"@id\":\"https:\\\/\\\/artistics.com\\\/fr\\\/#website\",\"url\":\"https:\\\/\\\/artistics.com\\\/fr\\\/\",\"name\":\"Artistics\",\"description\":\"The online art gallery\",\"publisher\":{\"@id\":\"https:\\\/\\\/artistics.com\\\/fr\\\/#organization\"},\"potentialAction\":[{\"@type\":\"SearchAction\",\"target\":{\"@type\":\"EntryPoint\",\"urlTemplate\":\"https:\\\/\\\/artistics.com\\\/fr\\\/?s={search_term_string}\"},\"query-input\":{\"@type\":\"PropertyValueSpecification\",\"valueRequired\":true,\"valueName\":\"search_term_string\"}}],\"inLanguage\":\"fr-FR\"},{\"@type\":\"Organization\",\"@id\":\"https:\\\/\\\/artistics.com\\\/fr\\\/#organization\",\"name\":\"Artistics\",\"url\":\"https:\\\/\\\/artistics.com\\\/fr\\\/\",\"logo\":{\"@type\":\"ImageObject\",\"inLanguage\":\"fr-FR\",\"@id\":\"https:\\\/\\\/artistics.com\\\/fr\\\/#\\\/schema\\\/logo\\\/image\\\/\",\"url\":\"https:\\\/\\\/artistics.com\\\/wp-content\\\/uploads\\\/2023\\\/02\\\/artistics-logo-web-1.svg\",\"contentUrl\":\"https:\\\/\\\/artistics.com\\\/wp-content\\\/uploads\\\/2023\\\/02\\\/artistics-logo-web-1.svg\",\"caption\":\"Artistics\"},\"image\":{\"@id\":\"https:\\\/\\\/artistics.com\\\/fr\\\/#\\\/schema\\\/logo\\\/image\\\/\"},\"sameAs\":[\"https:\\\/\\\/www.facebook.com\\\/ArtisticsMag\",\"https:\\\/\\\/x.com\\\/Artistics_FR\",\"http:\\\/\\\/www.linkedin.com\\\/company\\\/artistics\",\"https:\\\/\\\/www.instagram.com\\\/artistics_com\\\/\",\"http:\\\/\\\/www.pinterest.com\\\/ArtisticsMag\"],\"hasMerchantReturnPolicy\":{\"@type\":\"MerchantReturnPolicy\",\"merchantReturnLink\":\"https:\\\/\\\/artistics.com\\\/free-return-policy\\\/\"}}]}<\/script>\n<!-- \/ Yoast SEO Premium plugin. -->","yoast_head_json":{"title":"Artistics | Achat d'\u0153uvres d'art en ligne","description":"Achetez en ligne une \u0153uvre d\u2019art originale. Artistics vous offre les garanties d\u2019un achat en confiance : conseil personnalis\u00e9, retours gratuits.","robots":{"index":"index","follow":"follow","max-snippet":"max-snippet:-1","max-image-preview":"max-image-preview:large","max-video-preview":"max-video-preview:-1"},"canonical":"https:\/\/artistics.com\/fr\/","og_locale":"fr_FR","og_type":"article","og_title":"Accueil","og_description":"Achetez en ligne une \u0153uvre d\u2019art originale. Artistics vous offre les garanties d\u2019un achat en confiance : conseil personnalis\u00e9, retours gratuits.","og_url":"https:\/\/artistics.com\/fr\/","og_site_name":"Artistics","article_publisher":"https:\/\/www.facebook.com\/ArtisticsMag","article_modified_time":"2024-01-10T10:55:34+00:00","og_image":[{"width":1200,"height":675,"url":"https:\/\/artistics.com\/wp-content\/uploads\/2023\/04\/artistics-site-image.jpeg","type":"image\/jpeg"}],"twitter_card":"summary_large_image","twitter_site":"@Artistics_FR","twitter_misc":{"Dur\u00e9e de lecture estim\u00e9e":"1 minute"},"schema":{"@context":"https:\/\/schema.org","@graph":[{"@type":"WebPage","@id":"https:\/\/artistics.com\/fr\/","url":"https:\/\/artistics.com\/fr\/","name":"Artistics | Achat d'\u0153uvres d'art en ligne","isPartOf":{"@id":"https:\/\/artistics.com\/fr\/#website"},"primaryImageOfPage":{"@id":"https:\/\/artistics.com\/fr\/#primaryimage"},"image":{"@id":"https:\/\/artistics.com\/fr\/#primaryimage"},"thumbnailUrl":"https:\/\/artistics.com\/wp-content\/uploads\/2023\/04\/artistics-site-image.jpeg","datePublished":"2022-09-14T10:34:50+00:00","dateModified":"2024-01-10T10:55:34+00:00","description":"Achetez en ligne une \u0153uvre d\u2019art originale. Artistics vous offre les garanties d\u2019un achat en confiance : conseil personnalis\u00e9, retours gratuits.","breadcrumb":{"@id":"https:\/\/artistics.com\/fr\/#breadcrumb"},"inLanguage":"fr-FR","potentialAction":[{"@type":"ReadAction","target":["https:\/\/artistics.com\/fr\/"]}]},{"@type":"ImageObject","inLanguage":"fr-FR","@id":"https:\/\/artistics.com\/fr\/#primaryimage","url":"https:\/\/artistics.com\/wp-content\/uploads\/2023\/04\/artistics-site-image.jpeg","contentUrl":"https:\/\/artistics.com\/wp-content\/uploads\/2023\/04\/artistics-site-image.jpeg","width":1200,"height":675},{"@type":"BreadcrumbList","@id":"https:\/\/artistics.com\/fr\/#breadcrumb","itemListElement":[{"@type":"ListItem","position":1,"name":"Achat \u0153uvre d'art","item":"https:\/\/artistics.com\/fr\/"},{"@type":"ListItem","position":2,"name":"Accueil"}]},{"@type":"WebSite","@id":"https:\/\/artistics.com\/fr\/#website","url":"https:\/\/artistics.com\/fr\/","name":"Artistics","description":"The online art gallery","publisher":{"@id":"https:\/\/artistics.com\/fr\/#organization"},"potentialAction":[{"@type":"SearchAction","target":{"@type":"EntryPoint","urlTemplate":"https:\/\/artistics.com\/fr\/?s={search_term_string}"},"query-input":{"@type":"PropertyValueSpecification","valueRequired":true,"valueName":"search_term_string"}}],"inLanguage":"fr-FR"},{"@type":"Organization","@id":"https:\/\/artistics.com\/fr\/#organization","name":"Artistics","url":"https:\/\/artistics.com\/fr\/","logo":{"@type":"ImageObject","inLanguage":"fr-FR","@id":"https:\/\/artistics.com\/fr\/#\/schema\/logo\/image\/","url":"https:\/\/artistics.com\/wp-content\/uploads\/2023\/02\/artistics-logo-web-1.svg","contentUrl":"https:\/\/artistics.com\/wp-content\/uploads\/2023\/02\/artistics-logo-web-1.svg","caption":"Artistics"},"image":{"@id":"https:\/\/artistics.com\/fr\/#\/schema\/logo\/image\/"},"sameAs":["https:\/\/www.facebook.com\/ArtisticsMag","https:\/\/x.com\/Artistics_FR","http:\/\/www.linkedin.com\/company\/artistics","https:\/\/www.instagram.com\/artistics_com\/","http:\/\/www.pinterest.com\/ArtisticsMag"],"hasMerchantReturnPolicy":{"@type":"MerchantReturnPolicy","merchantReturnLink":"https:\/\/artistics.com\/free-return-policy\/"}}]}},"_links":{"self":[{"href":"https:\/\/artistics.com\/fr\/wp-json\/wp\/v2\/pages\/533","targetHints":{"allow":["GET"]}}],"collection":[{"href":"https:\/\/artistics.com\/fr\/wp-json\/wp\/v2\/pages"}],"about":[{"href":"https:\/\/artistics.com\/fr\/wp-json\/wp\/v2\/types\/page"}],"author":[{"embeddable":true,"href":"https:\/\/artistics.com\/fr\/wp-json\/wp\/v2\/users\/1"}],"replies":[{"embeddable":true,"href":"https:\/\/artistics.com\/fr\/wp-json\/wp\/v2\/comments?post=533"}],"version-history":[{"count":4,"href":"https:\/\/artistics.com\/fr\/wp-json\/wp\/v2\/pages\/533\/revisions"}],"predecessor-version":[{"id":35276,"href":"https:\/\/artistics.com\/fr\/wp-json\/wp\/v2\/pages\/533\/revisions\/35276"}],"wp:featuredmedia":[{"embeddable":true,"href":"https:\/\/artistics.com\/fr\/wp-json\/wp\/v2\/media\/33047"}],"wp:attachment":[{"href":"https:\/\/artistics.com\/fr\/wp-json\/wp\/v2\/media?parent=533"}],"curies":[{"name":"wp","href":"https:\/\/api.w.org\/{rel}","templated":true}]}}