{"id":1834,"date":"2022-09-22T19:15:53","date_gmt":"2022-09-22T17:15:53","guid":{"rendered":"https:\/\/2022.devartistics.com\/conditions-generales-de-vente\/"},"modified":"2023-02-14T10:33:58","modified_gmt":"2023-02-14T09:33:58","slug":"conditions-generales-de-vente","status":"publish","type":"page","link":"https:\/\/artistics.com\/fr\/conditions-generales-de-vente\/","title":{"rendered":"Conditions G\u00e9n\u00e9rales de Vente"},"content":{"rendered":"<div style=\"height:35px\" aria-hidden=\"true\" class=\"wp-block-spacer\"><\/div><h2 class=\"wp-block-heading\">Acceptation des conditions g\u00e9n\u00e9rales de vente &#8211; Modifications<\/h2><div style=\"height:35px\" aria-hidden=\"true\" class=\"wp-block-spacer\"><\/div><p>L&rsquo;acc\u00e8s au Site Web, ainsi que les proc\u00e9dures de consultation et d&rsquo;utilisation de celui-ci, sont soumis \u00e0 l&rsquo;acceptation sans r\u00e9serve des pr\u00e9sentes conditions g\u00e9n\u00e9rales de vente et d&rsquo;utilisation. La confirmation d&rsquo;une commande entra\u00eene l&rsquo;acceptation pleine et enti\u00e8re des pr\u00e9sentes.<br\/>Les pr\u00e9sentes conditions g\u00e9n\u00e9rales pouvant faire l&rsquo;objet de modifications \u00e0 tout moment, les conditions applicables sont celles en vigueur et consultables sur le Site Web \u00e0 la date d&rsquo;acc\u00e8s et de consultation de ce Site Web par l&rsquo;utilisateur.<\/p><div style=\"height:35px\" aria-hidden=\"true\" class=\"wp-block-spacer\"><\/div><h2 class=\"wp-block-heading\">Acheter une \u0153uvre<\/h2><div style=\"height:35px\" aria-hidden=\"true\" class=\"wp-block-spacer\"><\/div><p>Chaque \u0153uvre pr\u00e9sent\u00e9e sur le Site est accompagn\u00e9e d\u2019un descriptif complet portant sur ses caract\u00e9ristiques, son prix, son d\u00e9partement de localisation g\u00e9ographique et les frais de livraison \u00e0 la charge de l\u2019acheteur. Pour acqu\u00e9rir une \u0153uvre, il suffit de la placer dans son panier (\u00ab Mettre au panier \u00bb), de confirmer sa commande (\u00ab Terminer ma commande \u00bb) et de payer le prix (\u00ab Paiement \u00bb). <\/p><div style=\"height:35px\" aria-hidden=\"true\" class=\"wp-block-spacer\"><\/div><h2 class=\"wp-block-heading\">Contrat de vente<\/h2><div style=\"height:35px\" aria-hidden=\"true\" class=\"wp-block-spacer\"><\/div><p>Conform\u00e9ment aux dispositions du Code Civil relatives \u00e0 la conclusion des contrats en ligne, le contrat sera conclu lorsque vous cliquerez sur le boutton vous permettant de confirmer votre commande apr\u00e8s avoir visualis\u00e9 le d\u00e9tail de celle-ci et en particulier son prix total et avoir eu la possibilit\u00e9 de corriger d&rsquo;\u00e9ventuelles erreurs. Vous reconnaitrez ainsi votre obligation de paiement.<\/p><p>Les contrats conclus sur notre site internet (donn\u00e9es relatives \u00e0 votre commandes et CGV en vigeur au jour de votre commande) sont archiv\u00e9s pour une dur\u00e9e de 10 ans. Vous pouvez acc\u00e9der aux contrats archiv\u00e9s en en faisant la demande par courrier \u00e9lectronique \u00e0 l&rsquo;adresse <a href=\"mailto:contact@artistics.com\">contact@artistics.com<\/a>, ou par voie postale: Artistics &#8211; 16, Rue de Turbigo &#8211; 75002 Paris.<\/p><div style=\"height:35px\" aria-hidden=\"true\" class=\"wp-block-spacer\"><\/div><h2 class=\"wp-block-heading\">Confirmation des commandes<\/h2><div style=\"height:35px\" aria-hidden=\"true\" class=\"wp-block-spacer\"><\/div><p>Un email de confirmation est adress\u00e9 \u00e0 l\u2019acheteur dans un d\u00e9lai de un jour ouvr\u00e9 \u00e0 compter de l\u2019enregistrement de la commande. Chaque \u0153uvre \u00e9tant unique ou reproduite en quantit\u00e9s limit\u00e9es, la vente est toujours conclue sous la condition suspensive de sa disponibilit\u00e9.<\/p><div style=\"height:35px\" aria-hidden=\"true\" class=\"wp-block-spacer\"><\/div><h2 class=\"wp-block-heading\">Cession des droits d\u2019auteur<\/h2><div style=\"height:35px\" aria-hidden=\"true\" class=\"wp-block-spacer\"><\/div><p>En cas d\u2019acquisition d\u2019une de ses \u0153uvres par un client du Site, l\u2019Artiste c\u00e8de \u00e0 l\u2019acqu\u00e9reur, sans limitation de dur\u00e9e, le support de l\u2019\u0153uvre consid\u00e9r\u00e9e, ainsi que l\u2019ensemble des droits patrimoniaux qui lui sont attach\u00e9s, \u00e0 savoir le droit de repr\u00e9sentation et de reproduction dans le cadre d\u00e9fini ci-dessous, conform\u00e9ment aux dispositions de l\u2019 <a href=\"https:\/\/www.legifrance.gouv.fr\/codes\/article_lc\/LEGIARTI000006278922\" rel=\"nofollow\">article L. 122-7 du Code de la propri\u00e9t\u00e9 intellectuelle<\/a>, et \u00e0 ne conserver que ses droits moraux.<\/p><p>L\u2019acqu\u00e9reur pourra exposer l\u2019\u0153uvre en tout lieu de son choix, la pr\u00e9senter au public, y compris \u00e0 un public d\u00e9localis\u00e9, la c\u00e9der, la pr\u00eater ou la louer.<\/p><div style=\"height:35px\" aria-hidden=\"true\" class=\"wp-block-spacer\"><\/div><h2 class=\"wp-block-heading\">Prix des \u0153uvres<\/h2><div style=\"height:35px\" aria-hidden=\"true\" class=\"wp-block-spacer\"><\/div><p>Le prix de chaque \u0153uvre indiqu\u00e9 sur le Site est exprim\u00e9 en euros et en dollars, Toutes Taxes Comprises. Ce prix est major\u00e9 des frais de mise \u00e0 disposition et de livraison (frais d&#8217;emballage, d&rsquo;exp\u00e9dition, d\u2019assurance, etc.) \u00e9ventuellement dus.<\/p><p>Le prix d\u2019une \u0153uvre peut \u00eatre modifi\u00e9 \u00e0 tout moment, \u00e0 la hausse ou \u00e0 la baisse. Le prix factur\u00e9 correspondant dans tous les cas au prix affich\u00e9 sur le Site au moment o\u00f9 la commande est valid\u00e9e par l\u2019acheteur.<\/p><p>En cas de livraison dans un pays autre que la France, ses Collectivit\u00e9s d\u2019outre- mer ou ext\u00e9rieur \u00e0 l\u2019Union europ\u00e9enne, le prix factur\u00e9 est le prix hors taxes. Si des droits de douane, des taxes locales ou droits d&rsquo;importation sont exigibles, ces droits sont \u00e0 la charge de l\u2019acheteur et rel\u00e8vent de son enti\u00e8re responsabilit\u00e9, tant en termes de d\u00e9clarations que de paiements aux autorit\u00e9s et\/organismes comp\u00e9tents. Il lui appartient de se renseigner aupr\u00e8s des autorit\u00e9s comp\u00e9tentes.<\/p><div style=\"height:35px\" aria-hidden=\"true\" class=\"wp-block-spacer\"><\/div><h2 class=\"wp-block-heading\">Moyens de paiement<\/h2><div style=\"height:35px\" aria-hidden=\"true\" class=\"wp-block-spacer\"><\/div><p>Le r\u00e8glement peut s\u2019effectuer selon les modalit\u00e9s suivantes :<\/p><ul class=\"wp-block-list\"><li>par carte bancaire,<\/li>\n\n<li>par virement bancaire,<\/li>\n\n<li>par Paypal<\/li>\n\n<li>par ch\u00e8que bancaire sous r\u00e9serve que le ch\u00e8que soit payable en France.<\/li><\/ul><p>Le transfert de propri\u00e9t\u00e9 de l\u2019\u0153uvre intervient apr\u00e8s le paiement int\u00e9gral du prix et de ses accessoires.<\/p><p>En cas de d\u00e9faut de paiement pour quelle que cause que se soit, la vente sera automatiquement r\u00e9volue et l\u2019\u0153uvre remise en vente.<\/p><p>Dans le cas o\u00f9 l&rsquo;acheteur aurait choisi de b\u00e9n\u00e9ficier de la possibilit\u00e9 de paiement en trois fois et qu&rsquo;il n&rsquo;honore pas au moins un des versements pr\u00e9vus, il sera tenu de restituer les \u0153uvres \u00e0 la Soci\u00e9t\u00e9, et celle-ci conservera le montant int\u00e9gral des paiements d\u00e9j\u00e0 effectu\u00e9s, \u00e0 titre de clause p\u00e9nale.<\/p><div style=\"height:35px\" aria-hidden=\"true\" class=\"wp-block-spacer\"><\/div><h2 class=\"wp-block-heading\">Livraison des \u0153uvres<\/h2><div style=\"height:35px\" aria-hidden=\"true\" class=\"wp-block-spacer\"><\/div><p>Le d\u00e9lai de livraison sur le territoire de la France m\u00e9tropolitaine est au plus de 60 jours \u00e0 compter de la validation du r\u00e8glement au profit du Site. Ce d\u00e9lai maximum de livraison est port\u00e9 \u00e0 90 jours pour tout autre lieu.<\/p><p>La livraison est effectu\u00e9e \u00e0 l\u2019adresse indiqu\u00e9e par l\u2019acheteur sur le bon de commande, pendant les heures ouvrables.<\/p><p>Les frais de livraison et les frais annexes d\u00e9pendent de la nature de l\u2019\u0153uvre, de ses dimensions d\u2019encombrement, de son poids et du lieu de livraison.<\/p><div style=\"height:35px\" aria-hidden=\"true\" class=\"wp-block-spacer\"><\/div><h2 class=\"wp-block-heading\">R\u00e9serves<\/h2><div style=\"height:35px\" aria-hidden=\"true\" class=\"wp-block-spacer\"><\/div><p>L\u2019acheteur s\u2019oblige, d\u00e8s sa r\u00e9ception, \u00e0 d\u00e9baller et \u00e0 contr\u00f4ler l\u2019\u00e9tat de l\u2019\u0153uvre en pr\u00e9sence du transporteur et \u00e0 \u00e9mettre toutes les r\u00e9serves qu\u2019il juge utiles aupr\u00e8s de ce dernier, par \u00e9crit et sans d\u00e9lai, et au plus tard dans les 48 heures qui suivent par courrier \u00e9lectronique adress\u00e9 \u00e0 : <a href=\"mailto:contact@artistics.com\">contact@artistics.com<\/a><\/p><p>Tout produit n&rsquo;ayant pas fait l&rsquo;objet de r\u00e9serves communiqu\u00e9es par lettre recommand\u00e9e avec demande d\u2019avis de r\u00e9ception dans les 3 jours de sa r\u00e9ception au transporteur, conform\u00e9ment \u00e0 l&rsquo; <a href=\"https:\/\/www.legifrance.gouv.fr\/codes\/article_lc\/LEGIARTI000021486442\" rel=\"nofollow\">article L. 133-3 du Code de commerce<\/a>, et dont copie sera adress\u00e9e simultan\u00e9ment au Site, sera consid\u00e9r\u00e9 accept\u00e9 par le client.<\/p><div style=\"height:35px\" aria-hidden=\"true\" class=\"wp-block-spacer\"><\/div><h2 class=\"wp-block-heading\">Conformit\u00e9 des \u0153uvres<\/h2><div style=\"height:35px\" aria-hidden=\"true\" class=\"wp-block-spacer\"><\/div><p>Les \u0153uvres vendues sur le Site sont toutes originales. Un certificat d\u2019authenticit\u00e9 \u00e9tabli par l\u2019Artiste, auteur de l\u2019\u0153uvre, sera remis \u00e0 l\u2019acheteur.<\/p><p>S\u2019il s\u2019agit d\u2019\u0153uvres en \u00e9dition limit\u00e9e, elles sont reproduites dans une quantit\u00e9 conforme aux r\u00e8gles applicables et r\u00e9guli\u00e8rement num\u00e9rot\u00e9es.<\/p><div style=\"height:35px\" aria-hidden=\"true\" class=\"wp-block-spacer\"><\/div><h2 class=\"wp-block-heading\">Droit de r\u00e9tractation<\/h2><div style=\"height:35px\" aria-hidden=\"true\" class=\"wp-block-spacer\"><\/div><p>Vous avez le droit de vous r\u00e9tracter du pr\u00e9sent contrat sans donner de motif dans un d\u00e9lai de quatorze jours. Le d\u00e9lai de r\u00e9tractation expire quatorze jours apr\u00e8s le jour o\u00f9 vous-m\u00eame, ou un tiers autre que le transporteur et d\u00e9sign\u00e9 par vous, prend physiquement possession du dernier bien.<\/p><p>Pour exercer le droit de r\u00e9tractation, vous devez nous notifier votre d\u00e9cision de r\u00e9tractation du pr\u00e9sent contrat au moyen d\u2019une d\u00e9claration d\u00e9nu\u00e9e d\u2019ambigu\u00eft\u00e9 :<\/p><p>\u00b7 Par lettre envoy\u00e9e par voie postale \u00e0 l\u2019adresse suivante : ARTISTICS SAS, 16 rue de Turbigo, 75002 Paris &#8211; France<br\/>ou<br\/>\u00b7 Par courrier \u00e9lectronique \u00e0 l\u2019adresse suivante : <a href=\"mailto:contact@artistics.com\">contact@artistics.com<\/a><\/p><p>Pour que le d\u00e9lai de r\u00e9tractation soit respect\u00e9, il suffit que vous transmettiez votre communication relative \u00e0 l\u2019exercice du droit de r\u00e9tractation avant l\u2019expiration du d\u00e9lai de r\u00e9tractation.<\/p><p>Vous devrez remettre l\u2019\u0153uvre dans son emballage d\u2019origine et la renvoyer \u00e0 ARTISTICS SAS, 16 rue de Turbigo, 75 002 Paris-France, sans retard excessif et, en tout \u00e9tat de cause, au plus tard quatorze jours apr\u00e8s que vous nous aurez communiqu\u00e9 votre d\u00e9cision de r\u00e9tractation du pr\u00e9sent contrat. Ce d\u00e9lai est r\u00e9put\u00e9 respect\u00e9 si vous renvoyez le bien avant l\u2019expiration du d\u00e9lai de quatorze jours.<\/p><div style=\"height:35px\" aria-hidden=\"true\" class=\"wp-block-spacer\"><\/div><h2 class=\"wp-block-heading\">Effets de la r\u00e9tractation<\/h2><div style=\"height:35px\" aria-hidden=\"true\" class=\"wp-block-spacer\"><\/div><p>En cas de r\u00e9tractation de votre part du pr\u00e9sent contrat, nous vous rembourserons tous les paiements re\u00e7us de vous, y compris les frais de livraison (\u00e0 l\u2019exception des frais suppl\u00e9mentaires d\u00e9coulant du fait que vous avez choisi, le cas \u00e9ch\u00e9ant, un mode de livraison autre que le mode moins co\u00fbteux de livraison standard propos\u00e9 par nous) sans retard excessif et, en tout \u00e9tat de cause, au plus tard quatorze jours \u00e0 compter du jour o\u00f9 nous sommes inform\u00e9s de votre d\u00e9cision de r\u00e9tractation du pr\u00e9sent contrat. Nous proc\u00e9derons au remboursement en utilisant le m\u00eame moyen de paiement que celui que vous aurez utilis\u00e9 pour la transaction initiale, sauf si vous convenez express\u00e9ment d\u2019un moyen diff\u00e9rent; en tout \u00e9tat de cause, ce remboursement n\u2019occasionnera pas de frais pour vous.<\/p><p>Nous pouvons diff\u00e9rer le remboursement jusqu\u2019\u00e0 ce que nous ayons re\u00e7u le bien ou jusqu\u2019\u00e0 ce que vous ayez fourni une preuve d\u2019exp\u00e9dition du bien, la date retenue \u00e9tant celle du premier de ces faits. Votre responsabilit\u00e9 n\u2019est engag\u00e9e qu\u2019\u00e0 l\u2019\u00e9gard de la d\u00e9pr\u00e9ciation du bien r\u00e9sultant de manipulations autres que celles n\u00e9cessaires pour \u00e9tablir la nature, les caract\u00e9ristiques et le bon fonctionnement de ce bien. Votre responsabilit\u00e9 n\u2019est engag\u00e9e qu\u2019\u00e0 l\u2019\u00e9gard de la d\u00e9pr\u00e9ciation du bien r\u00e9sultant de manipulations autres que celles n\u00e9cessaires pour \u00e9tablir la nature, les caract\u00e9ristiques et le bon fonctionnement de ce bien.<\/p><div style=\"height:35px\" aria-hidden=\"true\" class=\"wp-block-spacer\"><\/div><h2 class=\"wp-block-heading\">Informations \u00e9ditoriales<\/h2><div style=\"height:35px\" aria-hidden=\"true\" class=\"wp-block-spacer\"><\/div><p>Le Site diffuse diff\u00e9rents contenus \u00e0 caract\u00e8re \u00e9ditorial (articles, dossiers, informations pratiques, etc.) r\u00e9alis\u00e9s par ses soins. Ces contenus et services ne sont propos\u00e9s qu\u2019\u00e0 titre informatif. Si elle s\u2019engage \u00e0 mettre en oeuvre tous les moyens dont elle dispose pour offrir aux internautes des contenus et des services de qualit\u00e9, le Soci\u00e9t\u00e9 ne garantit pas, en revanche, l\u2019exhaustivit\u00e9, l&rsquo;exactitude ou la mise \u00e0 jour desdits contenus et services.<\/p><div style=\"height:35px\" aria-hidden=\"true\" class=\"wp-block-spacer\"><\/div><h2 class=\"wp-block-heading\">Liens hypertextes et cookies<\/h2><div style=\"height:35px\" aria-hidden=\"true\" class=\"wp-block-spacer\"><\/div><p>Le Site peut contenir des liens hypertextes vers des sites tiers. Le choix d&rsquo;activer ces liens rel\u00e8ve de la pleine et enti\u00e8re responsabilit\u00e9 de l\u2019utilisateur du Site, lequel est inform\u00e9 que le Site n&rsquo;exerce aucun contr\u00f4le sur ces sites et leur contenu, et d\u00e9cline toute responsabilit\u00e9 quant \u00e0 leur acc\u00e8s, contenu, disponibilit\u00e9 ou utilisation, ainsi qu\u2019aux cons\u00e9quences de toute nature pouvant r\u00e9sulter de leur consultation.<\/p><p>Par ailleurs, pour faciliter l\u2019utilisation des services par l\u2019utilisateur du Site, des cookies peuvent \u00eatre implant\u00e9s dans l&rsquo;ordinateur de l&rsquo;internaute. Si l&rsquo;utilisateur peut s\u2019y opposer en configurant son ordinateur \u00e0 cette fin, il est inform\u00e9 que cela peut avoir pour effet de perturber l\u2019utilisation du Site, ce qu\u2019il accepte sans r\u00e9serve.<\/p><div style=\"height:35px\" aria-hidden=\"true\" class=\"wp-block-spacer\"><\/div><h2 class=\"wp-block-heading\">Protection des donn\u00e9es personnelles<\/h2><div style=\"height:35px\" aria-hidden=\"true\" class=\"wp-block-spacer\"><\/div><p>Les informations et donn\u00e9es concernant les clients du Site sont recueillies pour permettre la gestion des commandes et de l\u2019apr\u00e8s-vente. Elles pourront \u00eatre communiqu\u00e9es aux prestataires du Site charg\u00e9s de l\u2019ex\u00e9cution des services et commandes pour leur gestion, ex\u00e9cution, traitement et paiement. Mais elles ne pourront \u00eatre utilis\u00e9es par des tiers \u00e0 d\u2019autres fins sans leur autorisation.<\/p><p>Conform\u00e9ment \u00e0 la loi du 6 janvier 1978 modifi\u00e9e, l\u2019acheteur dispose d&rsquo;un droit d&rsquo;acc\u00e8s, de rectification et d\u2019opposition qu\u2019il peut exercer \u00e0 l\u2019adresse mail suivante : <a href=\"mailto:contact@artistics.com\">contact@artistics.com<\/a><\/p><div style=\"height:35px\" aria-hidden=\"true\" class=\"wp-block-spacer\"><\/div><h2 class=\"wp-block-heading\">Loi applicable \u2013 Comp\u00e9tence<\/h2><div style=\"height:35px\" aria-hidden=\"true\" class=\"wp-block-spacer\"><\/div><p>Le pr\u00e9sent contrat est soumis \u00e0 la loi fran\u00e7aise.<br\/>La langue officielle du pr\u00e9sent contrat est la langue fran\u00e7aise.<br\/>En cas de litige, les tribunaux fran\u00e7ais seront seuls comp\u00e9tents.<\/p><p><\/p>","protected":false},"excerpt":{"rendered":"<p>Acceptation des conditions g\u00e9n\u00e9rales de vente &#8211; Modifications L&rsquo;acc\u00e8s au Site Web, ainsi que les proc\u00e9dures de consultation et d&rsquo;utilisation de celui-ci, sont soumis \u00e0 l&rsquo;acceptation sans r\u00e9serve des pr\u00e9sentes conditions g\u00e9n\u00e9rales de vente et d&rsquo;utilisation. La confirmation d&rsquo;une commande entra\u00eene l&rsquo;acceptation pleine et enti\u00e8re des pr\u00e9sentes.Les pr\u00e9sentes conditions g\u00e9n\u00e9rales pouvant faire l&rsquo;objet de modifications [&hellip;]<\/p>\n","protected":false},"author":1,"featured_media":0,"parent":0,"menu_order":0,"comment_status":"closed","ping_status":"closed","template":"","meta":{"_acf_changed":false,"_searchwp_excluded":"","inline_featured_image":false,"footnotes":""},"class_list":["post-1834","page","type-page","status-publish","hentry"],"acf":[],"yoast_head":"<!-- This site is optimized with the Yoast SEO Premium plugin v27.3 (Yoast SEO v27.3) - https:\/\/yoast.com\/product\/yoast-seo-premium-wordpress\/ -->\n<title>Conditions G\u00e9n\u00e9rales de Vente | Artistics<\/title>\n<meta name=\"robots\" content=\"index, follow, max-snippet:-1, max-image-preview:large, max-video-preview:-1\" \/>\n<link rel=\"canonical\" href=\"https:\/\/artistics.com\/fr\/conditions-generales-de-vente\/\" \/>\n<meta property=\"og:locale\" content=\"fr_FR\" \/>\n<meta property=\"og:type\" content=\"article\" \/>\n<meta property=\"og:title\" content=\"Conditions G\u00e9n\u00e9rales de Vente\" \/>\n<meta property=\"og:description\" content=\"Acceptation des conditions g\u00e9n\u00e9rales de vente &#8211; Modifications L&rsquo;acc\u00e8s au Site Web, ainsi que les proc\u00e9dures de consultation et d&rsquo;utilisation de celui-ci, sont soumis \u00e0 l&rsquo;acceptation sans r\u00e9serve des pr\u00e9sentes conditions g\u00e9n\u00e9rales de vente et d&rsquo;utilisation. La confirmation d&rsquo;une commande entra\u00eene l&rsquo;acceptation pleine et enti\u00e8re des pr\u00e9sentes.Les pr\u00e9sentes conditions g\u00e9n\u00e9rales pouvant faire l&rsquo;objet de modifications [&hellip;]\" \/>\n<meta property=\"og:url\" content=\"https:\/\/artistics.com\/fr\/conditions-generales-de-vente\/\" \/>\n<meta property=\"og:site_name\" content=\"Artistics\" \/>\n<meta property=\"article:publisher\" content=\"https:\/\/www.facebook.com\/ArtisticsMag\" \/>\n<meta property=\"article:modified_time\" content=\"2023-02-14T09:33:58+00:00\" \/>\n<meta property=\"og:image\" content=\"https:\/\/artistics.com\/wp-content\/uploads\/2023\/04\/artistics-site-image.jpeg\" \/>\n\t<meta property=\"og:image:width\" content=\"1200\" \/>\n\t<meta property=\"og:image:height\" content=\"675\" \/>\n\t<meta property=\"og:image:type\" content=\"image\/jpeg\" \/>\n<meta name=\"twitter:card\" content=\"summary_large_image\" \/>\n<meta name=\"twitter:site\" content=\"@Artistics_FR\" \/>\n<meta name=\"twitter:label1\" content=\"Dur\u00e9e de lecture estim\u00e9e\" \/>\n\t<meta name=\"twitter:data1\" content=\"9 minutes\" \/>\n<script type=\"application\/ld+json\" class=\"yoast-schema-graph\">{\"@context\":\"https:\\\/\\\/schema.org\",\"@graph\":[{\"@type\":\"WebPage\",\"@id\":\"https:\\\/\\\/artistics.com\\\/fr\\\/conditions-generales-de-vente\\\/\",\"url\":\"https:\\\/\\\/artistics.com\\\/fr\\\/conditions-generales-de-vente\\\/\",\"name\":\"Conditions G\u00e9n\u00e9rales de Vente | Artistics\",\"isPartOf\":{\"@id\":\"https:\\\/\\\/artistics.com\\\/fr\\\/#website\"},\"datePublished\":\"2022-09-22T17:15:53+00:00\",\"dateModified\":\"2023-02-14T09:33:58+00:00\",\"breadcrumb\":{\"@id\":\"https:\\\/\\\/artistics.com\\\/fr\\\/conditions-generales-de-vente\\\/#breadcrumb\"},\"inLanguage\":\"fr-FR\",\"potentialAction\":[{\"@type\":\"ReadAction\",\"target\":[\"https:\\\/\\\/artistics.com\\\/fr\\\/conditions-generales-de-vente\\\/\"]}]},{\"@type\":\"BreadcrumbList\",\"@id\":\"https:\\\/\\\/artistics.com\\\/fr\\\/conditions-generales-de-vente\\\/#breadcrumb\",\"itemListElement\":[{\"@type\":\"ListItem\",\"position\":1,\"name\":\"Achat \u0153uvre d'art\",\"item\":\"https:\\\/\\\/artistics.com\\\/fr\\\/\"},{\"@type\":\"ListItem\",\"position\":2,\"name\":\"Conditions G\u00e9n\u00e9rales de Vente\"}]},{\"@type\":\"WebSite\",\"@id\":\"https:\\\/\\\/artistics.com\\\/fr\\\/#website\",\"url\":\"https:\\\/\\\/artistics.com\\\/fr\\\/\",\"name\":\"Artistics\",\"description\":\"The online art gallery\",\"publisher\":{\"@id\":\"https:\\\/\\\/artistics.com\\\/fr\\\/#organization\"},\"potentialAction\":[{\"@type\":\"SearchAction\",\"target\":{\"@type\":\"EntryPoint\",\"urlTemplate\":\"https:\\\/\\\/artistics.com\\\/fr\\\/?s={search_term_string}\"},\"query-input\":{\"@type\":\"PropertyValueSpecification\",\"valueRequired\":true,\"valueName\":\"search_term_string\"}}],\"inLanguage\":\"fr-FR\"},{\"@type\":\"Organization\",\"@id\":\"https:\\\/\\\/artistics.com\\\/fr\\\/#organization\",\"name\":\"Artistics\",\"url\":\"https:\\\/\\\/artistics.com\\\/fr\\\/\",\"logo\":{\"@type\":\"ImageObject\",\"inLanguage\":\"fr-FR\",\"@id\":\"https:\\\/\\\/artistics.com\\\/fr\\\/#\\\/schema\\\/logo\\\/image\\\/\",\"url\":\"https:\\\/\\\/artistics.com\\\/wp-content\\\/uploads\\\/2023\\\/02\\\/artistics-logo-web-1.svg\",\"contentUrl\":\"https:\\\/\\\/artistics.com\\\/wp-content\\\/uploads\\\/2023\\\/02\\\/artistics-logo-web-1.svg\",\"caption\":\"Artistics\"},\"image\":{\"@id\":\"https:\\\/\\\/artistics.com\\\/fr\\\/#\\\/schema\\\/logo\\\/image\\\/\"},\"sameAs\":[\"https:\\\/\\\/www.facebook.com\\\/ArtisticsMag\",\"https:\\\/\\\/x.com\\\/Artistics_FR\",\"http:\\\/\\\/www.linkedin.com\\\/company\\\/artistics\",\"https:\\\/\\\/www.instagram.com\\\/artistics_com\\\/\",\"http:\\\/\\\/www.pinterest.com\\\/ArtisticsMag\"],\"hasMerchantReturnPolicy\":{\"@type\":\"MerchantReturnPolicy\",\"merchantReturnLink\":\"https:\\\/\\\/artistics.com\\\/free-return-policy\\\/\"}}]}<\/script>\n<!-- \/ Yoast SEO Premium plugin. -->","yoast_head_json":{"title":"Conditions G\u00e9n\u00e9rales de Vente | Artistics","robots":{"index":"index","follow":"follow","max-snippet":"max-snippet:-1","max-image-preview":"max-image-preview:large","max-video-preview":"max-video-preview:-1"},"canonical":"https:\/\/artistics.com\/fr\/conditions-generales-de-vente\/","og_locale":"fr_FR","og_type":"article","og_title":"Conditions G\u00e9n\u00e9rales de Vente","og_description":"Acceptation des conditions g\u00e9n\u00e9rales de vente &#8211; Modifications L&rsquo;acc\u00e8s au Site Web, ainsi que les proc\u00e9dures de consultation et d&rsquo;utilisation de celui-ci, sont soumis \u00e0 l&rsquo;acceptation sans r\u00e9serve des pr\u00e9sentes conditions g\u00e9n\u00e9rales de vente et d&rsquo;utilisation. La confirmation d&rsquo;une commande entra\u00eene l&rsquo;acceptation pleine et enti\u00e8re des pr\u00e9sentes.Les pr\u00e9sentes conditions g\u00e9n\u00e9rales pouvant faire l&rsquo;objet de modifications [&hellip;]","og_url":"https:\/\/artistics.com\/fr\/conditions-generales-de-vente\/","og_site_name":"Artistics","article_publisher":"https:\/\/www.facebook.com\/ArtisticsMag","article_modified_time":"2023-02-14T09:33:58+00:00","og_image":[{"width":1200,"height":675,"url":"https:\/\/artistics.com\/wp-content\/uploads\/2023\/04\/artistics-site-image.jpeg","type":"image\/jpeg"}],"twitter_card":"summary_large_image","twitter_site":"@Artistics_FR","twitter_misc":{"Dur\u00e9e de lecture estim\u00e9e":"9 minutes"},"schema":{"@context":"https:\/\/schema.org","@graph":[{"@type":"WebPage","@id":"https:\/\/artistics.com\/fr\/conditions-generales-de-vente\/","url":"https:\/\/artistics.com\/fr\/conditions-generales-de-vente\/","name":"Conditions G\u00e9n\u00e9rales de Vente | Artistics","isPartOf":{"@id":"https:\/\/artistics.com\/fr\/#website"},"datePublished":"2022-09-22T17:15:53+00:00","dateModified":"2023-02-14T09:33:58+00:00","breadcrumb":{"@id":"https:\/\/artistics.com\/fr\/conditions-generales-de-vente\/#breadcrumb"},"inLanguage":"fr-FR","potentialAction":[{"@type":"ReadAction","target":["https:\/\/artistics.com\/fr\/conditions-generales-de-vente\/"]}]},{"@type":"BreadcrumbList","@id":"https:\/\/artistics.com\/fr\/conditions-generales-de-vente\/#breadcrumb","itemListElement":[{"@type":"ListItem","position":1,"name":"Achat \u0153uvre d'art","item":"https:\/\/artistics.com\/fr\/"},{"@type":"ListItem","position":2,"name":"Conditions G\u00e9n\u00e9rales de Vente"}]},{"@type":"WebSite","@id":"https:\/\/artistics.com\/fr\/#website","url":"https:\/\/artistics.com\/fr\/","name":"Artistics","description":"The online art gallery","publisher":{"@id":"https:\/\/artistics.com\/fr\/#organization"},"potentialAction":[{"@type":"SearchAction","target":{"@type":"EntryPoint","urlTemplate":"https:\/\/artistics.com\/fr\/?s={search_term_string}"},"query-input":{"@type":"PropertyValueSpecification","valueRequired":true,"valueName":"search_term_string"}}],"inLanguage":"fr-FR"},{"@type":"Organization","@id":"https:\/\/artistics.com\/fr\/#organization","name":"Artistics","url":"https:\/\/artistics.com\/fr\/","logo":{"@type":"ImageObject","inLanguage":"fr-FR","@id":"https:\/\/artistics.com\/fr\/#\/schema\/logo\/image\/","url":"https:\/\/artistics.com\/wp-content\/uploads\/2023\/02\/artistics-logo-web-1.svg","contentUrl":"https:\/\/artistics.com\/wp-content\/uploads\/2023\/02\/artistics-logo-web-1.svg","caption":"Artistics"},"image":{"@id":"https:\/\/artistics.com\/fr\/#\/schema\/logo\/image\/"},"sameAs":["https:\/\/www.facebook.com\/ArtisticsMag","https:\/\/x.com\/Artistics_FR","http:\/\/www.linkedin.com\/company\/artistics","https:\/\/www.instagram.com\/artistics_com\/","http:\/\/www.pinterest.com\/ArtisticsMag"],"hasMerchantReturnPolicy":{"@type":"MerchantReturnPolicy","merchantReturnLink":"https:\/\/artistics.com\/free-return-policy\/"}}]}},"_links":{"self":[{"href":"https:\/\/artistics.com\/fr\/wp-json\/wp\/v2\/pages\/1834","targetHints":{"allow":["GET"]}}],"collection":[{"href":"https:\/\/artistics.com\/fr\/wp-json\/wp\/v2\/pages"}],"about":[{"href":"https:\/\/artistics.com\/fr\/wp-json\/wp\/v2\/types\/page"}],"author":[{"embeddable":true,"href":"https:\/\/artistics.com\/fr\/wp-json\/wp\/v2\/users\/1"}],"replies":[{"embeddable":true,"href":"https:\/\/artistics.com\/fr\/wp-json\/wp\/v2\/comments?post=1834"}],"version-history":[{"count":0,"href":"https:\/\/artistics.com\/fr\/wp-json\/wp\/v2\/pages\/1834\/revisions"}],"wp:attachment":[{"href":"https:\/\/artistics.com\/fr\/wp-json\/wp\/v2\/media?parent=1834"}],"curies":[{"name":"wp","href":"https:\/\/api.w.org\/{rel}","templated":true}]}}