{"id":1814,"date":"2022-09-22T19:16:16","date_gmt":"2022-09-22T17:16:16","guid":{"rendered":"https:\/\/2022.devartistics.com\/mentions-legales\/"},"modified":"2023-02-14T18:57:42","modified_gmt":"2023-02-14T17:57:42","slug":"mentions-legales","status":"publish","type":"page","link":"https:\/\/artistics.com\/fr\/mentions-legales\/","title":{"rendered":"Mentions l\u00e9gales"},"content":{"rendered":"<h2 class=\"wp-block-heading\">Editeur<\/h2><div style=\"height:35px\" aria-hidden=\"true\" class=\"wp-block-spacer\"><\/div><p>Le site artistics.com est \u00e9dit\u00e9 par la soci\u00e9t\u00e9 Artistics, SAS au capital social de 56 727,10 \u20ac, immatricul\u00e9e au registre du commerce et des soci\u00e9t\u00e9s de Paris sous le num\u00e9ro 793 208 117. Le si\u00e8ge social est situ\u00e9 :<br>16 rue de Turbigo, 75002 Paris, France.<br>La soci\u00e9t\u00e9 Artistics est assujettie \u00e0 la TVA et identifi\u00e9e par un num\u00e9ro individuel en application de l&rsquo;article 286 ter du code g\u00e9n\u00e9ral des imp\u00f4ts. Son num\u00e9ro individuel d&rsquo;identification est FR90793208117<br>Code APE : 4791A<br>T\u00e9l\u00e9phone : +33 1 40 28 92 28<\/p><p>Nos conseillers sont \u00e0 votre disposition du lundi au vendredi de 9 heures \u00e0 19 heures.<\/p><p>Adresse postale : Artistics, 16 rue de Turbigo, 75002 Paris<br>Courriel : contact@artistics.com<\/p><p>Le Directeur de la Publication du Site est Sonia Rameau<br>Le Directeur Technique du site est Nicolas Menoux<br>Le Directeur Editorial du site est Christophe Salet<\/p><div style=\"height:35px\" aria-hidden=\"true\" class=\"wp-block-spacer\"><\/div><h2 class=\"wp-block-heading\">H\u00e9bergeur<\/h2><div style=\"height:35px\" aria-hidden=\"true\" class=\"wp-block-spacer\"><\/div><p>Le site Artistics est h\u00e9berg\u00e9 par la soci\u00e9t\u00e9 OVH, SAS au capital de 10 000 000 \u20ac immatricul\u00e9e au RCS Roubaix \u2013 Tourcoing 424 761 419 00045 Code APE : 6202A N\u00b0 TVA : FR 22 424 761 419<br>Si\u00e8ge social : 2 rue Kellermann &#8211; 59100 Roubaix &#8211; France.<br>T\u00e9l\u00e9phone : 0 820 698 765<\/p><div style=\"height:35px\" aria-hidden=\"true\" class=\"wp-block-spacer\"><\/div><h2 class=\"wp-block-heading\">Propri\u00e9t\u00e9 intellectuelle<\/h2><div style=\"height:35px\" aria-hidden=\"true\" class=\"wp-block-spacer\"><\/div><p>La structure g\u00e9n\u00e9rale du site artistics.com, ainsi que les textes, graphiques, images, sons et vid\u00e9os la composant, sont la propri\u00e9t\u00e9 de la soci\u00e9t\u00e9 Artistics ou de ses partenaires. Toute repr\u00e9sentation et\/ou reproduction et\/ou exploitation partielle ou totale de ce site, par quelque proc\u00e9d\u00e9 que ce soit, sans l&rsquo;autorisation pr\u00e9alable et par \u00e9crit de la soci\u00e9t\u00e9 Artistics ou de ses partenaires est strictement interdite et serait susceptible de constituer une contrefa\u00e7on au sens des articles L 335-2 et suivants du Code de la propri\u00e9t\u00e9 intellectuelle.<br>La marque Artistics est une marque d\u00e9pos\u00e9e par la soci\u00e9t\u00e9 Artistics. Toute repr\u00e9sentation et\/ou reproduction et\/ou exploitation partielle ou totale de cette marque, de quelque nature que ce soit, est totalement prohib\u00e9e.<br>Les utilisateurs du site s\u2019engagent \u00e0 faire leurs meilleurs efforts pour signaler \u00e0 Artistics toute violation de droit de propri\u00e9t\u00e9 intellectuelle qu\u2019ils pourraient constater.<\/p><div style=\"height:35px\" aria-hidden=\"true\" class=\"wp-block-spacer\"><\/div><h2 class=\"wp-block-heading\">Loi informatique et libert\u00e9<\/h2><div style=\"height:35px\" aria-hidden=\"true\" class=\"wp-block-spacer\"><\/div><p>Conform\u00e9ment \u00e0 la loi Informatique et Libert\u00e9 78-17 du 6 janvier 1978 modifi\u00e9e, vous disposez d&rsquo;un droit d&rsquo;opposition (art. 38), d&rsquo;acc\u00e8s (art. 39), de rectification ou de suppression (art. 40) des donn\u00e9es qui vous concernent. Vous pouvez exercer ce droit en vous adressant \u00e0 Artistics. Ce droit s&rsquo;exerce, en justifiant de son identit\u00e9 :<\/p><ul class=\"wp-block-list\"><li>par voie postale : Artistics, 16 rue de Turbigo, 75002 Paris.<\/li>\n\n<li>par courrier \u00e9lectronique : contact@artistics.com<\/li><\/ul><p>Toutes les donn\u00e9es personnelles qui sont recueillies sont trait\u00e9es avec la plus stricte confidentialit\u00e9. En particulier, Artistics s\u2019engage \u00e0 respecter la confidentialit\u00e9 des messages courriels transmis au moyen d\u2019une messagerie \u00e9lectronique. Le site Artistics utilise l&rsquo;outil statistique Google Analytics, lequel enregistre les adresses des pages consult\u00e9es sur Artistics.com. Aucune donn\u00e9e de type personnelle ne sera donc enregistr\u00e9e dans le cadre de la politique de donn\u00e9es statistiques.<\/p><p>Le site utilise \u00e9galement un cookie.<br>Le cookie est un indicateur d\u00e9pos\u00e9 par notre site sur le disque dur de votre ordinateur et n\u2019a pour but que de vous simplifier la navigation lors de vos visites ult\u00e9rieures.<br>Notre site Internet peut utiliser la technologie des cookies afin :<\/p><ul class=\"wp-block-list\"><li>d\u2019\u00e9laborer des statistiques sur la navigation du site ;<\/li>\n\n<li>de garantir le fonctionnement de certaines applications du site, pour lesquelles les cookies sont n\u00e9cessaires ;<\/li>\n\n<li>de garder en m\u00e9moire votre identifiant.<\/li><\/ul><p>Encore une fois aucune donn\u00e9e \u00e0 caract\u00e8re personnel ne sera collect\u00e9e.<\/p>","protected":false},"excerpt":{"rendered":"<p>Editeur Le site artistics.com est \u00e9dit\u00e9 par la soci\u00e9t\u00e9 Artistics, SAS au capital social de 56 727,10 \u20ac, immatricul\u00e9e au registre du commerce et des soci\u00e9t\u00e9s de Paris sous le num\u00e9ro 793 208 117. Le si\u00e8ge social est situ\u00e9 :16 rue de Turbigo, 75002 Paris, France.La soci\u00e9t\u00e9 Artistics est assujettie \u00e0 la TVA et identifi\u00e9e [&hellip;]<\/p>\n","protected":false},"author":1,"featured_media":0,"parent":0,"menu_order":0,"comment_status":"closed","ping_status":"closed","template":"","meta":{"_acf_changed":false,"_searchwp_excluded":"","inline_featured_image":false,"footnotes":""},"class_list":["post-1814","page","type-page","status-publish","hentry"],"acf":[],"yoast_head":"<!-- This site is optimized with the Yoast SEO Premium plugin v27.3 (Yoast SEO v27.3) - https:\/\/yoast.com\/product\/yoast-seo-premium-wordpress\/ -->\n<title>Mentions l\u00e9gales | Artistics<\/title>\n<meta name=\"robots\" content=\"index, follow, max-snippet:-1, max-image-preview:large, max-video-preview:-1\" \/>\n<link rel=\"canonical\" href=\"https:\/\/artistics.com\/fr\/mentions-legales\/\" \/>\n<meta property=\"og:locale\" content=\"fr_FR\" \/>\n<meta property=\"og:type\" content=\"article\" \/>\n<meta property=\"og:title\" content=\"Mentions l\u00e9gales\" \/>\n<meta property=\"og:description\" content=\"Editeur Le site artistics.com est \u00e9dit\u00e9 par la soci\u00e9t\u00e9 Artistics, SAS au capital social de 56 727,10 \u20ac, immatricul\u00e9e au registre du commerce et des soci\u00e9t\u00e9s de Paris sous le num\u00e9ro 793 208 117. Le si\u00e8ge social est situ\u00e9 :16 rue de Turbigo, 75002 Paris, France.La soci\u00e9t\u00e9 Artistics est assujettie \u00e0 la TVA et identifi\u00e9e [&hellip;]\" \/>\n<meta property=\"og:url\" content=\"https:\/\/artistics.com\/fr\/mentions-legales\/\" \/>\n<meta property=\"og:site_name\" content=\"Artistics\" \/>\n<meta property=\"article:publisher\" content=\"https:\/\/www.facebook.com\/ArtisticsMag\" \/>\n<meta property=\"article:modified_time\" content=\"2023-02-14T17:57:42+00:00\" \/>\n<meta property=\"og:image\" content=\"https:\/\/artistics.com\/wp-content\/uploads\/2023\/04\/artistics-site-image.jpeg\" \/>\n\t<meta property=\"og:image:width\" content=\"1200\" \/>\n\t<meta property=\"og:image:height\" content=\"675\" \/>\n\t<meta property=\"og:image:type\" content=\"image\/jpeg\" \/>\n<meta name=\"twitter:card\" content=\"summary_large_image\" \/>\n<meta name=\"twitter:site\" content=\"@Artistics_FR\" \/>\n<meta name=\"twitter:label1\" content=\"Dur\u00e9e de lecture estim\u00e9e\" \/>\n\t<meta name=\"twitter:data1\" content=\"3 minutes\" \/>\n<script type=\"application\/ld+json\" class=\"yoast-schema-graph\">{\"@context\":\"https:\\\/\\\/schema.org\",\"@graph\":[{\"@type\":\"WebPage\",\"@id\":\"https:\\\/\\\/artistics.com\\\/fr\\\/mentions-legales\\\/\",\"url\":\"https:\\\/\\\/artistics.com\\\/fr\\\/mentions-legales\\\/\",\"name\":\"Mentions l\u00e9gales | Artistics\",\"isPartOf\":{\"@id\":\"https:\\\/\\\/artistics.com\\\/fr\\\/#website\"},\"datePublished\":\"2022-09-22T17:16:16+00:00\",\"dateModified\":\"2023-02-14T17:57:42+00:00\",\"breadcrumb\":{\"@id\":\"https:\\\/\\\/artistics.com\\\/fr\\\/mentions-legales\\\/#breadcrumb\"},\"inLanguage\":\"fr-FR\",\"potentialAction\":[{\"@type\":\"ReadAction\",\"target\":[\"https:\\\/\\\/artistics.com\\\/fr\\\/mentions-legales\\\/\"]}]},{\"@type\":\"BreadcrumbList\",\"@id\":\"https:\\\/\\\/artistics.com\\\/fr\\\/mentions-legales\\\/#breadcrumb\",\"itemListElement\":[{\"@type\":\"ListItem\",\"position\":1,\"name\":\"Achat \u0153uvre d'art\",\"item\":\"https:\\\/\\\/artistics.com\\\/fr\\\/\"},{\"@type\":\"ListItem\",\"position\":2,\"name\":\"Mentions l\u00e9gales\"}]},{\"@type\":\"WebSite\",\"@id\":\"https:\\\/\\\/artistics.com\\\/fr\\\/#website\",\"url\":\"https:\\\/\\\/artistics.com\\\/fr\\\/\",\"name\":\"Artistics\",\"description\":\"The online art gallery\",\"publisher\":{\"@id\":\"https:\\\/\\\/artistics.com\\\/fr\\\/#organization\"},\"potentialAction\":[{\"@type\":\"SearchAction\",\"target\":{\"@type\":\"EntryPoint\",\"urlTemplate\":\"https:\\\/\\\/artistics.com\\\/fr\\\/?s={search_term_string}\"},\"query-input\":{\"@type\":\"PropertyValueSpecification\",\"valueRequired\":true,\"valueName\":\"search_term_string\"}}],\"inLanguage\":\"fr-FR\"},{\"@type\":\"Organization\",\"@id\":\"https:\\\/\\\/artistics.com\\\/fr\\\/#organization\",\"name\":\"Artistics\",\"url\":\"https:\\\/\\\/artistics.com\\\/fr\\\/\",\"logo\":{\"@type\":\"ImageObject\",\"inLanguage\":\"fr-FR\",\"@id\":\"https:\\\/\\\/artistics.com\\\/fr\\\/#\\\/schema\\\/logo\\\/image\\\/\",\"url\":\"https:\\\/\\\/artistics.com\\\/wp-content\\\/uploads\\\/2023\\\/02\\\/artistics-logo-web-1.svg\",\"contentUrl\":\"https:\\\/\\\/artistics.com\\\/wp-content\\\/uploads\\\/2023\\\/02\\\/artistics-logo-web-1.svg\",\"caption\":\"Artistics\"},\"image\":{\"@id\":\"https:\\\/\\\/artistics.com\\\/fr\\\/#\\\/schema\\\/logo\\\/image\\\/\"},\"sameAs\":[\"https:\\\/\\\/www.facebook.com\\\/ArtisticsMag\",\"https:\\\/\\\/x.com\\\/Artistics_FR\",\"http:\\\/\\\/www.linkedin.com\\\/company\\\/artistics\",\"https:\\\/\\\/www.instagram.com\\\/artistics_com\\\/\",\"http:\\\/\\\/www.pinterest.com\\\/ArtisticsMag\"],\"hasMerchantReturnPolicy\":{\"@type\":\"MerchantReturnPolicy\",\"merchantReturnLink\":\"https:\\\/\\\/artistics.com\\\/free-return-policy\\\/\"}}]}<\/script>\n<!-- \/ Yoast SEO Premium plugin. -->","yoast_head_json":{"title":"Mentions l\u00e9gales | Artistics","robots":{"index":"index","follow":"follow","max-snippet":"max-snippet:-1","max-image-preview":"max-image-preview:large","max-video-preview":"max-video-preview:-1"},"canonical":"https:\/\/artistics.com\/fr\/mentions-legales\/","og_locale":"fr_FR","og_type":"article","og_title":"Mentions l\u00e9gales","og_description":"Editeur Le site artistics.com est \u00e9dit\u00e9 par la soci\u00e9t\u00e9 Artistics, SAS au capital social de 56 727,10 \u20ac, immatricul\u00e9e au registre du commerce et des soci\u00e9t\u00e9s de Paris sous le num\u00e9ro 793 208 117. Le si\u00e8ge social est situ\u00e9 :16 rue de Turbigo, 75002 Paris, France.La soci\u00e9t\u00e9 Artistics est assujettie \u00e0 la TVA et identifi\u00e9e [&hellip;]","og_url":"https:\/\/artistics.com\/fr\/mentions-legales\/","og_site_name":"Artistics","article_publisher":"https:\/\/www.facebook.com\/ArtisticsMag","article_modified_time":"2023-02-14T17:57:42+00:00","og_image":[{"width":1200,"height":675,"url":"https:\/\/artistics.com\/wp-content\/uploads\/2023\/04\/artistics-site-image.jpeg","type":"image\/jpeg"}],"twitter_card":"summary_large_image","twitter_site":"@Artistics_FR","twitter_misc":{"Dur\u00e9e de lecture estim\u00e9e":"3 minutes"},"schema":{"@context":"https:\/\/schema.org","@graph":[{"@type":"WebPage","@id":"https:\/\/artistics.com\/fr\/mentions-legales\/","url":"https:\/\/artistics.com\/fr\/mentions-legales\/","name":"Mentions l\u00e9gales | Artistics","isPartOf":{"@id":"https:\/\/artistics.com\/fr\/#website"},"datePublished":"2022-09-22T17:16:16+00:00","dateModified":"2023-02-14T17:57:42+00:00","breadcrumb":{"@id":"https:\/\/artistics.com\/fr\/mentions-legales\/#breadcrumb"},"inLanguage":"fr-FR","potentialAction":[{"@type":"ReadAction","target":["https:\/\/artistics.com\/fr\/mentions-legales\/"]}]},{"@type":"BreadcrumbList","@id":"https:\/\/artistics.com\/fr\/mentions-legales\/#breadcrumb","itemListElement":[{"@type":"ListItem","position":1,"name":"Achat \u0153uvre d'art","item":"https:\/\/artistics.com\/fr\/"},{"@type":"ListItem","position":2,"name":"Mentions l\u00e9gales"}]},{"@type":"WebSite","@id":"https:\/\/artistics.com\/fr\/#website","url":"https:\/\/artistics.com\/fr\/","name":"Artistics","description":"The online art gallery","publisher":{"@id":"https:\/\/artistics.com\/fr\/#organization"},"potentialAction":[{"@type":"SearchAction","target":{"@type":"EntryPoint","urlTemplate":"https:\/\/artistics.com\/fr\/?s={search_term_string}"},"query-input":{"@type":"PropertyValueSpecification","valueRequired":true,"valueName":"search_term_string"}}],"inLanguage":"fr-FR"},{"@type":"Organization","@id":"https:\/\/artistics.com\/fr\/#organization","name":"Artistics","url":"https:\/\/artistics.com\/fr\/","logo":{"@type":"ImageObject","inLanguage":"fr-FR","@id":"https:\/\/artistics.com\/fr\/#\/schema\/logo\/image\/","url":"https:\/\/artistics.com\/wp-content\/uploads\/2023\/02\/artistics-logo-web-1.svg","contentUrl":"https:\/\/artistics.com\/wp-content\/uploads\/2023\/02\/artistics-logo-web-1.svg","caption":"Artistics"},"image":{"@id":"https:\/\/artistics.com\/fr\/#\/schema\/logo\/image\/"},"sameAs":["https:\/\/www.facebook.com\/ArtisticsMag","https:\/\/x.com\/Artistics_FR","http:\/\/www.linkedin.com\/company\/artistics","https:\/\/www.instagram.com\/artistics_com\/","http:\/\/www.pinterest.com\/ArtisticsMag"],"hasMerchantReturnPolicy":{"@type":"MerchantReturnPolicy","merchantReturnLink":"https:\/\/artistics.com\/free-return-policy\/"}}]}},"_links":{"self":[{"href":"https:\/\/artistics.com\/fr\/wp-json\/wp\/v2\/pages\/1814","targetHints":{"allow":["GET"]}}],"collection":[{"href":"https:\/\/artistics.com\/fr\/wp-json\/wp\/v2\/pages"}],"about":[{"href":"https:\/\/artistics.com\/fr\/wp-json\/wp\/v2\/types\/page"}],"author":[{"embeddable":true,"href":"https:\/\/artistics.com\/fr\/wp-json\/wp\/v2\/users\/1"}],"replies":[{"embeddable":true,"href":"https:\/\/artistics.com\/fr\/wp-json\/wp\/v2\/comments?post=1814"}],"version-history":[{"count":0,"href":"https:\/\/artistics.com\/fr\/wp-json\/wp\/v2\/pages\/1814\/revisions"}],"wp:attachment":[{"href":"https:\/\/artistics.com\/fr\/wp-json\/wp\/v2\/media?parent=1814"}],"curies":[{"name":"wp","href":"https:\/\/api.w.org\/{rel}","templated":true}]}}