{"id":1571,"date":"2022-04-07T17:28:49","date_gmt":"2022-04-07T15:28:49","guid":{"rendered":"https:\/\/2022.devartistics.com\/protection-des-donnees-personnelles\/"},"modified":"2023-02-14T18:56:58","modified_gmt":"2023-02-14T17:56:58","slug":"protection-des-donnees-personnelles","status":"publish","type":"page","link":"https:\/\/artistics.com\/fr\/protection-des-donnees-personnelles\/","title":{"rendered":"Protection des donn\u00e9es personnelles"},"content":{"rendered":"<p>La soci\u00e9t\u00e9 SAS Artistics est responsable du traitement des donn\u00e9es \u00e0 caract\u00e8re personnel.<\/p><div style=\"height:35px\" aria-hidden=\"true\" class=\"wp-block-spacer\"><\/div><h2 class=\"wp-block-heading\">Loi informatique et libert\u00e9<\/h2><div style=\"height:35px\" aria-hidden=\"true\" class=\"wp-block-spacer\"><\/div><p>Conform\u00e9ment \u00e0 la loi Informatique et Libert\u00e9 78-17 du 6 janvier 1978 modifi\u00e9e, vous disposez d&rsquo;un droit d&rsquo;opposition (art. 38), d&rsquo;acc\u00e8s (art. 39), de rectification ou de suppression (art. 40) des donn\u00e9es qui vous concernent. Vous pouvez exercer ce droit en vous adressant \u00e0 Artistics. Ce droit s&rsquo;exerce, en justifiant de son identit\u00e9 :<\/p><ul class=\"wp-block-list\"><li>par voie postale : Artistics, 16 rue de Turbigo, 75002 Paris.<\/li>\n\n<li>par courrier \u00e9lectronique : contact@artistics.com<\/li><\/ul><p>Toutes les donn\u00e9es personnelles qui sont recueillies sont trait\u00e9es avec la plus stricte confidentialit\u00e9. En particulier, Artistics s\u2019engage \u00e0 respecter la confidentialit\u00e9 des messages courriels transmis au moyen d\u2019une messagerie \u00e9lectronique.<\/p><p>Le site Artistics utilise l&rsquo;outil statistique Google Analytics, lequel enregistre les adresses des pages consult\u00e9es sur Artistics.com. Aucune donn\u00e9e de type personnelle ne sera donc enregistr\u00e9e dans le cadre de la politique de donn\u00e9es statistiques.<\/p><p>Les donn\u00e9es personnelles collect\u00e9es sur notre site sont utilis\u00e9es pour r\u00e9aliser le traitement des commandes et g\u00e9rer la relation commerciale (livraison, facturation, service apr\u00e8s-vente).<\/p><p>Nous pouvons \u00e9galement utiliser vos donn\u00e9es \u00e0 des fins publicitaires, soit apr\u00e8s avoir recueilli votre consentement, soit dans les limites autoris\u00e9es par la loi. Nous sommes \u00e9galement susceptibles d&rsquo;utiliser vos donn\u00e9es pour satisfaire le cas \u00e9ch\u00e9ant \u00e0 nos obligations l\u00e9gales et\/ou r\u00e8glementaires.<\/p><div style=\"height:35px\" aria-hidden=\"true\" class=\"wp-block-spacer\"><\/div><h2 class=\"wp-block-heading\">Liens hypertextes et cookies<\/h2><div style=\"height:35px\" aria-hidden=\"true\" class=\"wp-block-spacer\"><\/div><p>Le site utilise \u00e9galement un cookie.<br>Le cookie est un indicateur d\u00e9pos\u00e9 par notre site sur le disque dur de votre ordinateur et n\u2019a pour but que de vous simplifier la navigation lors de vos visites ult\u00e9rieures.<\/p><p>Notre site Internet peut utiliser la technologie des cookies afin :<\/p><ul class=\"wp-block-list\"><li>d\u2019\u00e9laborer des statistiques sur la navigation du site ;<\/li>\n\n<li>de garantir le fonctionnement de certaines applications du site, pour lesquelles les cookies sont n\u00e9cessaires ;<\/li>\n\n<li>de garder en m\u00e9moire votre identifiant.<\/li><\/ul><p>L&rsquo;utilisation de cookies, propres ou tiers, n&rsquo;\u00e9tant pas n\u00e9cessaires au fonctionnement du site n\u00e9cessite un consentement expr\u00e8s de votre part. Vous pouvez manifester votre consentement ou vous opposer \u00e0 l&rsquo;utilisation des cookies en param\u00e9trant votre dispositif de connexion de mani\u00e8re appropri\u00e9e. Reportez-vous pour cela notamment au guide d&rsquo;utilisation de votre navigateur.<\/p><p>Le Site peut contenir des liens hypertextes vers des sites tiers. Le choix d&rsquo;activer ces liens rel\u00e8ve de la pleine et enti\u00e8re responsabilit\u00e9 de l\u2019utilisateur du Site, lequel est inform\u00e9 que le Site n&rsquo;exerce aucun contr\u00f4le sur ces sites et leur contenu, et d\u00e9cline toute responsabilit\u00e9 quant \u00e0 leur acc\u00e8s, contenu, disponibilit\u00e9 ou utilisation, ainsi qu\u2019aux cons\u00e9quences de toute nature pouvant r\u00e9sulter de leur consultation.<\/p><p>Par ailleurs, pour faciliter l\u2019utilisation des services par l\u2019utilisateur du Site, des cookies peuvent \u00eatre implant\u00e9s dans l&rsquo;ordinateur de l&rsquo;internaute. Si l&rsquo;utilisateur peut s\u2019y opposer en configurant son ordinateur \u00e0 cette fin, il est inform\u00e9 que cela peut avoir pour effet de perturber l\u2019utilisation du Site, ce qu\u2019il accepte sans r\u00e9serve.<\/p><p>Un cookie est un petit fichier de texte que nous stockons sur votre appareil avec votre consentement. Notre site web utilise les cookies afin de vous distinguer des autres utilisateurs de notre site web. Les cookies nous fournissent \u00e9galement des informations sur la mani\u00e8re dont ce site web est utilis\u00e9, ce qui nous permet de le tenir \u00e0 jour, de veiller \u00e0 sa pertinence et d&rsquo;en corriger les erreurs dans toute la mesure du possible. D&rsquo;autres informations concernant les types de cookies susceptibles d&rsquo;\u00eatre utilis\u00e9s sur ce site web figurent ci-dessous :<\/p><p>Cookies strictement n\u00e9cessaires. Il s&rsquo;agit des cookies essentiels au fonctionnement de notre site web. Ceux-ci comprennent, par exemple, les cookies qui vous permettent de vous connecter \u00e0 des zones s\u00e9curis\u00e9es de notre site web ou d&rsquo;utiliser un panier pour vos achats.<\/p><p>Artistics utilise :<\/p><ul class=\"wp-block-list\"><li>Cookies analytiques\/de performance. Ces cookies nous permettent de reconna\u00eetre et de compter le nombre de visiteurs venant sur notre site web, ainsi que de voir comment les visiteurs se d\u00e9placent sur notre site web lorsqu&rsquo;ils l&rsquo;utilisent. Cela nous aide \u00e0 am\u00e9liorer le fonctionnement de notre site web , notamment en veillant \u00e0 ce que les utilisateurs trouvent facilement ce qu&rsquo;ils cherchent.<\/li>\n\n<li>Cookies de fonctionnalit\u00e9. Ces cookies sont utilis\u00e9s afin de vous reconna\u00eetre lorsque vous revenez sur notre site web. Cela nous permet de personnaliser le contenu \u00e0 votre attention, de vous appeler par votre nom et de retenir vos pr\u00e9f\u00e9rences (par ex., vos choix de langue ou de r\u00e9gion).<\/li>\n\n<li>Cookies de ciblage. Ces cookies enregistrent votre visite sur notre site web, les pages que vous avez consult\u00e9es et les liens que vous avez suivis. Nous nous servons de ces informations afin que notre site web et les publicit\u00e9s qui y sont affich\u00e9es correspondent mieux \u00e0 vos centres d&rsquo;int\u00e9r\u00eats. Il est \u00e9galement possible que nous communiquions ces informations \u00e0 des tiers \u00e0 cet effet.<\/li><\/ul><div style=\"height:35px\" aria-hidden=\"true\" class=\"wp-block-spacer\"><\/div><h2 class=\"wp-block-heading\">Protection des donn\u00e9es personnelles<\/h2><div style=\"height:35px\" aria-hidden=\"true\" class=\"wp-block-spacer\"><\/div><p>Les informations et donn\u00e9es concernant les clients du Site sont recueillies pour permettre la gestion des commandes et de l\u2019apr\u00e8s-vente. Elles pourront \u00eatre communiqu\u00e9es aux prestataires du Site charg\u00e9s de l\u2019ex\u00e9cution des services et commandes pour leur gestion, ex\u00e9cution, traitement et paiement. Mais elles ne pourront \u00eatre utilis\u00e9es par des tiers \u00e0 d\u2019autres fins sans leur autorisation.<\/p><p>Conform\u00e9ment \u00e0 la loi du 6 janvier 1978 modifi\u00e9e, l\u2019acheteur dispose d&rsquo;un droit d&rsquo;acc\u00e8s, de rectification et d\u2019opposition qu\u2019il peut exercer \u00e0 l\u2019adresse mail suivante : <a href=\"mailto:contact@artistics.com\">contact@artistics.com<\/a><\/p><div style=\"height:35px\" aria-hidden=\"true\" class=\"wp-block-spacer\"><\/div><h2 class=\"wp-block-heading\">FAQ : Comment puis-je \u00eatre certain que les informations personnelles que je donne sont en s\u00e9curit\u00e9 ?<\/h2><div style=\"height:35px\" aria-hidden=\"true\" class=\"wp-block-spacer\"><\/div><p>Artistics s\u2019engage \u00e0 ne jamais divulguer \u00e0 aucun partenaire ou partie tierce les informations personnelles (nom, pr\u00e9nom, num\u00e9ro de t\u00e9l\u00e9phone, adresse email&#8230;) que vous saisissez sur le site. Nous n\u2019utiliserons ces informations que dans le cadre du service que nous vous apportons.<\/p><p>Si vous vous inscrivez \u00e0 notre newsletter, nous pourrons utiliser votre adresse \u00e9lectronique afin de vous adresser des informations concernant nos produits et services. Vous pouvez \u00e0 tout moment nous demander de cesser d&rsquo;utiliser vos donn\u00e9es \u00e0 caract\u00e8re personnel aux fins de prospection directe. Vous pouvez refuser de recevoir de messages marketing de notre part en suivant les instructions ci-dessous.<\/p><div style=\"height:35px\" aria-hidden=\"true\" class=\"wp-block-spacer\"><\/div><h2 class=\"wp-block-heading\">D\u00e9sinscription aux newsletters<\/h2><div style=\"height:35px\" aria-hidden=\"true\" class=\"wp-block-spacer\"><\/div><p>Pour ne plus recevoir les newsletters Artistics, le destinataire peut se d\u00e9sinscrire facilement de la liste de diffusion en cliquant sur \u00ab\u00a0unsubscibre from the list\u00a0\u00bb en bas de l&rsquo;e-mail re\u00e7u.<\/p><figure class=\"wp-block-image size-full\"><img decoding=\"async\" width=\"539\" height=\"54\" src=\"https:\/\/artistics.com\/wp-content\/uploads\/2023\/01\/telechargement.jpeg\" alt=\"\" class=\"wp-image-1187\" srcset=\"https:\/\/artistics.com\/wp-content\/uploads\/2023\/01\/telechargement.jpeg 539w, https:\/\/artistics.com\/wp-content\/uploads\/2023\/01\/telechargement-300x30.jpeg 300w, https:\/\/artistics.com\/wp-content\/uploads\/2023\/01\/telechargement-180x18.jpeg 180w\" sizes=\"(max-width: 539px) 100vw, 539px\" \/><\/figure>","protected":false},"excerpt":{"rendered":"<p>La soci\u00e9t\u00e9 SAS Artistics est responsable du traitement des donn\u00e9es \u00e0 caract\u00e8re personnel. Loi informatique et libert\u00e9 Conform\u00e9ment \u00e0 la loi Informatique et Libert\u00e9 78-17 du 6 janvier 1978 modifi\u00e9e, vous disposez d&rsquo;un droit d&rsquo;opposition (art. 38), d&rsquo;acc\u00e8s (art. 39), de rectification ou de suppression (art. 40) des donn\u00e9es qui vous concernent. Vous pouvez exercer [&hellip;]<\/p>\n","protected":false},"author":1,"featured_media":0,"parent":0,"menu_order":0,"comment_status":"closed","ping_status":"closed","template":"","meta":{"_acf_changed":false,"_searchwp_excluded":"","inline_featured_image":false,"footnotes":""},"class_list":["post-1571","page","type-page","status-publish","hentry"],"acf":[],"yoast_head":"<!-- This site is optimized with the Yoast SEO Premium plugin v27.3 (Yoast SEO v27.3) - https:\/\/yoast.com\/product\/yoast-seo-premium-wordpress\/ -->\n<title>Protection des donn\u00e9es personnelles | Artistics<\/title>\n<meta name=\"robots\" content=\"index, follow, max-snippet:-1, max-image-preview:large, max-video-preview:-1\" \/>\n<link rel=\"canonical\" href=\"https:\/\/artistics.com\/fr\/protection-des-donnees-personnelles\/\" \/>\n<meta property=\"og:locale\" content=\"fr_FR\" \/>\n<meta property=\"og:type\" content=\"article\" \/>\n<meta property=\"og:title\" content=\"Protection des donn\u00e9es personnelles\" \/>\n<meta property=\"og:description\" content=\"La soci\u00e9t\u00e9 SAS Artistics est responsable du traitement des donn\u00e9es \u00e0 caract\u00e8re personnel. Loi informatique et libert\u00e9 Conform\u00e9ment \u00e0 la loi Informatique et Libert\u00e9 78-17 du 6 janvier 1978 modifi\u00e9e, vous disposez d&rsquo;un droit d&rsquo;opposition (art. 38), d&rsquo;acc\u00e8s (art. 39), de rectification ou de suppression (art. 40) des donn\u00e9es qui vous concernent. Vous pouvez exercer [&hellip;]\" \/>\n<meta property=\"og:url\" content=\"https:\/\/artistics.com\/fr\/protection-des-donnees-personnelles\/\" \/>\n<meta property=\"og:site_name\" content=\"Artistics\" \/>\n<meta property=\"article:publisher\" content=\"https:\/\/www.facebook.com\/ArtisticsMag\" \/>\n<meta property=\"article:modified_time\" content=\"2023-02-14T17:56:58+00:00\" \/>\n<meta property=\"og:image\" content=\"https:\/\/artistics.com\/wp-content\/uploads\/2023\/01\/telechargement.jpeg\" \/>\n<meta name=\"twitter:card\" content=\"summary_large_image\" \/>\n<meta name=\"twitter:site\" content=\"@Artistics_FR\" \/>\n<meta name=\"twitter:label1\" content=\"Dur\u00e9e de lecture estim\u00e9e\" \/>\n\t<meta name=\"twitter:data1\" content=\"5 minutes\" \/>\n<script type=\"application\/ld+json\" class=\"yoast-schema-graph\">{\"@context\":\"https:\\\/\\\/schema.org\",\"@graph\":[{\"@type\":\"WebPage\",\"@id\":\"https:\\\/\\\/artistics.com\\\/fr\\\/protection-des-donnees-personnelles\\\/\",\"url\":\"https:\\\/\\\/artistics.com\\\/fr\\\/protection-des-donnees-personnelles\\\/\",\"name\":\"Protection des donn\u00e9es personnelles | Artistics\",\"isPartOf\":{\"@id\":\"https:\\\/\\\/artistics.com\\\/fr\\\/#website\"},\"primaryImageOfPage\":{\"@id\":\"https:\\\/\\\/artistics.com\\\/fr\\\/protection-des-donnees-personnelles\\\/#primaryimage\"},\"image\":{\"@id\":\"https:\\\/\\\/artistics.com\\\/fr\\\/protection-des-donnees-personnelles\\\/#primaryimage\"},\"thumbnailUrl\":\"https:\\\/\\\/artistics.com\\\/wp-content\\\/uploads\\\/2023\\\/01\\\/telechargement.jpeg\",\"datePublished\":\"2022-04-07T15:28:49+00:00\",\"dateModified\":\"2023-02-14T17:56:58+00:00\",\"breadcrumb\":{\"@id\":\"https:\\\/\\\/artistics.com\\\/fr\\\/protection-des-donnees-personnelles\\\/#breadcrumb\"},\"inLanguage\":\"fr-FR\",\"potentialAction\":[{\"@type\":\"ReadAction\",\"target\":[\"https:\\\/\\\/artistics.com\\\/fr\\\/protection-des-donnees-personnelles\\\/\"]}]},{\"@type\":\"ImageObject\",\"inLanguage\":\"fr-FR\",\"@id\":\"https:\\\/\\\/artistics.com\\\/fr\\\/protection-des-donnees-personnelles\\\/#primaryimage\",\"url\":\"https:\\\/\\\/artistics.com\\\/wp-content\\\/uploads\\\/2023\\\/01\\\/telechargement.jpeg\",\"contentUrl\":\"https:\\\/\\\/artistics.com\\\/wp-content\\\/uploads\\\/2023\\\/01\\\/telechargement.jpeg\"},{\"@type\":\"BreadcrumbList\",\"@id\":\"https:\\\/\\\/artistics.com\\\/fr\\\/protection-des-donnees-personnelles\\\/#breadcrumb\",\"itemListElement\":[{\"@type\":\"ListItem\",\"position\":1,\"name\":\"Achat \u0153uvre d'art\",\"item\":\"https:\\\/\\\/artistics.com\\\/fr\\\/\"},{\"@type\":\"ListItem\",\"position\":2,\"name\":\"Protection des donn\u00e9es personnelles\"}]},{\"@type\":\"WebSite\",\"@id\":\"https:\\\/\\\/artistics.com\\\/fr\\\/#website\",\"url\":\"https:\\\/\\\/artistics.com\\\/fr\\\/\",\"name\":\"Artistics\",\"description\":\"The online art gallery\",\"publisher\":{\"@id\":\"https:\\\/\\\/artistics.com\\\/fr\\\/#organization\"},\"potentialAction\":[{\"@type\":\"SearchAction\",\"target\":{\"@type\":\"EntryPoint\",\"urlTemplate\":\"https:\\\/\\\/artistics.com\\\/fr\\\/?s={search_term_string}\"},\"query-input\":{\"@type\":\"PropertyValueSpecification\",\"valueRequired\":true,\"valueName\":\"search_term_string\"}}],\"inLanguage\":\"fr-FR\"},{\"@type\":\"Organization\",\"@id\":\"https:\\\/\\\/artistics.com\\\/fr\\\/#organization\",\"name\":\"Artistics\",\"url\":\"https:\\\/\\\/artistics.com\\\/fr\\\/\",\"logo\":{\"@type\":\"ImageObject\",\"inLanguage\":\"fr-FR\",\"@id\":\"https:\\\/\\\/artistics.com\\\/fr\\\/#\\\/schema\\\/logo\\\/image\\\/\",\"url\":\"https:\\\/\\\/artistics.com\\\/wp-content\\\/uploads\\\/2023\\\/02\\\/artistics-logo-web-1.svg\",\"contentUrl\":\"https:\\\/\\\/artistics.com\\\/wp-content\\\/uploads\\\/2023\\\/02\\\/artistics-logo-web-1.svg\",\"caption\":\"Artistics\"},\"image\":{\"@id\":\"https:\\\/\\\/artistics.com\\\/fr\\\/#\\\/schema\\\/logo\\\/image\\\/\"},\"sameAs\":[\"https:\\\/\\\/www.facebook.com\\\/ArtisticsMag\",\"https:\\\/\\\/x.com\\\/Artistics_FR\",\"http:\\\/\\\/www.linkedin.com\\\/company\\\/artistics\",\"https:\\\/\\\/www.instagram.com\\\/artistics_com\\\/\",\"http:\\\/\\\/www.pinterest.com\\\/ArtisticsMag\"],\"hasMerchantReturnPolicy\":{\"@type\":\"MerchantReturnPolicy\",\"merchantReturnLink\":\"https:\\\/\\\/artistics.com\\\/free-return-policy\\\/\"}}]}<\/script>\n<!-- \/ Yoast SEO Premium plugin. -->","yoast_head_json":{"title":"Protection des donn\u00e9es personnelles | Artistics","robots":{"index":"index","follow":"follow","max-snippet":"max-snippet:-1","max-image-preview":"max-image-preview:large","max-video-preview":"max-video-preview:-1"},"canonical":"https:\/\/artistics.com\/fr\/protection-des-donnees-personnelles\/","og_locale":"fr_FR","og_type":"article","og_title":"Protection des donn\u00e9es personnelles","og_description":"La soci\u00e9t\u00e9 SAS Artistics est responsable du traitement des donn\u00e9es \u00e0 caract\u00e8re personnel. Loi informatique et libert\u00e9 Conform\u00e9ment \u00e0 la loi Informatique et Libert\u00e9 78-17 du 6 janvier 1978 modifi\u00e9e, vous disposez d&rsquo;un droit d&rsquo;opposition (art. 38), d&rsquo;acc\u00e8s (art. 39), de rectification ou de suppression (art. 40) des donn\u00e9es qui vous concernent. Vous pouvez exercer [&hellip;]","og_url":"https:\/\/artistics.com\/fr\/protection-des-donnees-personnelles\/","og_site_name":"Artistics","article_publisher":"https:\/\/www.facebook.com\/ArtisticsMag","article_modified_time":"2023-02-14T17:56:58+00:00","og_image":[{"url":"https:\/\/artistics.com\/wp-content\/uploads\/2023\/01\/telechargement.jpeg","type":"","width":"","height":""}],"twitter_card":"summary_large_image","twitter_site":"@Artistics_FR","twitter_misc":{"Dur\u00e9e de lecture estim\u00e9e":"5 minutes"},"schema":{"@context":"https:\/\/schema.org","@graph":[{"@type":"WebPage","@id":"https:\/\/artistics.com\/fr\/protection-des-donnees-personnelles\/","url":"https:\/\/artistics.com\/fr\/protection-des-donnees-personnelles\/","name":"Protection des donn\u00e9es personnelles | Artistics","isPartOf":{"@id":"https:\/\/artistics.com\/fr\/#website"},"primaryImageOfPage":{"@id":"https:\/\/artistics.com\/fr\/protection-des-donnees-personnelles\/#primaryimage"},"image":{"@id":"https:\/\/artistics.com\/fr\/protection-des-donnees-personnelles\/#primaryimage"},"thumbnailUrl":"https:\/\/artistics.com\/wp-content\/uploads\/2023\/01\/telechargement.jpeg","datePublished":"2022-04-07T15:28:49+00:00","dateModified":"2023-02-14T17:56:58+00:00","breadcrumb":{"@id":"https:\/\/artistics.com\/fr\/protection-des-donnees-personnelles\/#breadcrumb"},"inLanguage":"fr-FR","potentialAction":[{"@type":"ReadAction","target":["https:\/\/artistics.com\/fr\/protection-des-donnees-personnelles\/"]}]},{"@type":"ImageObject","inLanguage":"fr-FR","@id":"https:\/\/artistics.com\/fr\/protection-des-donnees-personnelles\/#primaryimage","url":"https:\/\/artistics.com\/wp-content\/uploads\/2023\/01\/telechargement.jpeg","contentUrl":"https:\/\/artistics.com\/wp-content\/uploads\/2023\/01\/telechargement.jpeg"},{"@type":"BreadcrumbList","@id":"https:\/\/artistics.com\/fr\/protection-des-donnees-personnelles\/#breadcrumb","itemListElement":[{"@type":"ListItem","position":1,"name":"Achat \u0153uvre d'art","item":"https:\/\/artistics.com\/fr\/"},{"@type":"ListItem","position":2,"name":"Protection des donn\u00e9es personnelles"}]},{"@type":"WebSite","@id":"https:\/\/artistics.com\/fr\/#website","url":"https:\/\/artistics.com\/fr\/","name":"Artistics","description":"The online art gallery","publisher":{"@id":"https:\/\/artistics.com\/fr\/#organization"},"potentialAction":[{"@type":"SearchAction","target":{"@type":"EntryPoint","urlTemplate":"https:\/\/artistics.com\/fr\/?s={search_term_string}"},"query-input":{"@type":"PropertyValueSpecification","valueRequired":true,"valueName":"search_term_string"}}],"inLanguage":"fr-FR"},{"@type":"Organization","@id":"https:\/\/artistics.com\/fr\/#organization","name":"Artistics","url":"https:\/\/artistics.com\/fr\/","logo":{"@type":"ImageObject","inLanguage":"fr-FR","@id":"https:\/\/artistics.com\/fr\/#\/schema\/logo\/image\/","url":"https:\/\/artistics.com\/wp-content\/uploads\/2023\/02\/artistics-logo-web-1.svg","contentUrl":"https:\/\/artistics.com\/wp-content\/uploads\/2023\/02\/artistics-logo-web-1.svg","caption":"Artistics"},"image":{"@id":"https:\/\/artistics.com\/fr\/#\/schema\/logo\/image\/"},"sameAs":["https:\/\/www.facebook.com\/ArtisticsMag","https:\/\/x.com\/Artistics_FR","http:\/\/www.linkedin.com\/company\/artistics","https:\/\/www.instagram.com\/artistics_com\/","http:\/\/www.pinterest.com\/ArtisticsMag"],"hasMerchantReturnPolicy":{"@type":"MerchantReturnPolicy","merchantReturnLink":"https:\/\/artistics.com\/free-return-policy\/"}}]}},"_links":{"self":[{"href":"https:\/\/artistics.com\/fr\/wp-json\/wp\/v2\/pages\/1571","targetHints":{"allow":["GET"]}}],"collection":[{"href":"https:\/\/artistics.com\/fr\/wp-json\/wp\/v2\/pages"}],"about":[{"href":"https:\/\/artistics.com\/fr\/wp-json\/wp\/v2\/types\/page"}],"author":[{"embeddable":true,"href":"https:\/\/artistics.com\/fr\/wp-json\/wp\/v2\/users\/1"}],"replies":[{"embeddable":true,"href":"https:\/\/artistics.com\/fr\/wp-json\/wp\/v2\/comments?post=1571"}],"version-history":[{"count":0,"href":"https:\/\/artistics.com\/fr\/wp-json\/wp\/v2\/pages\/1571\/revisions"}],"wp:attachment":[{"href":"https:\/\/artistics.com\/fr\/wp-json\/wp\/v2\/media?parent=1571"}],"curies":[{"name":"wp","href":"https:\/\/api.w.org\/{rel}","templated":true}]}}