{"id":1228,"date":"2022-09-22T19:19:13","date_gmt":"2022-09-22T17:19:13","guid":{"rendered":"https:\/\/2022.devartistics.com\/vous-etes-artiste\/"},"modified":"2024-04-24T10:53:33","modified_gmt":"2024-04-24T08:53:33","slug":"vous-etes-artiste","status":"publish","type":"page","link":"https:\/\/artistics.com\/fr\/vous-etes-artiste\/","title":{"rendered":"Vous \u00eates artiste"},"content":{"rendered":"<div style=\"height:35px\" aria-hidden=\"true\" class=\"wp-block-spacer\"><\/div><h2 class=\"wp-block-heading\" id=\"h-comment-exposer-sur-artistics\">Comment exposer sur Artistics ?<\/h2><div style=\"height:35px\" aria-hidden=\"true\" class=\"wp-block-spacer\"><\/div><p>Vous \u00eates artiste et vous souhaitez pr\u00e9senter vos \u0153uvres sur Artistics.com ?<br>Nous sommes en permanence \u00e0 la recherche de nouveaux talents. Faisons connaissance !<\/p><p>Nous nous engageons \u00e0 examiner avec attention tous les travaux d\u2019artistes que nous recevons, toutefois, devant l&rsquo;afflux des candidatures, nous ne sommes plus en mesure de r\u00e9pondre individuellement aux demandes concernant le suivi de votre dossier. Sans r\u00e9ponse de notre part dans un d\u00e9lai de 6 semaines maximum, veuillez consid\u00e9rer que votre candidature n&rsquo;a pas \u00e9t\u00e9 retenue.<\/p><p>Ce que nous proposons :<\/p><ul class=\"wp-block-list\"><li>Nous travaillons ensemble \u00e0 la cr\u00e9ation de votre page de profil et de votre portfolio sur Artistics (en fran\u00e7ais et en anglais), afin de pr\u00e9senter votre parcours et votre travail de la mani\u00e8re le plus valorisante possible.<\/li>\n\n<li>Nous venons r\u00e9aliser une vid\u00e9o de pr\u00e9sentation dans votre atelier, afin de permettre aux amateurs d\u2019art et aux collectionneurs de d\u00e9couvrir votre d\u00e9marche de mani\u00e8re directe.<\/li>\n\n<li>Nous assurons une mise en avant r\u00e9guli\u00e8re de votre travail : sur les r\u00e9seaux sociaux, aupr\u00e8s de notre fichier de collectionneurs et d\u2019amateurs d\u2019art, dans les m\u00e9dias et au travers de divers partenariats.<\/li>\n\n<li>Nous prenons en charge l\u2019exp\u00e9dition de vos \u0153uvres partout dans le monde, directement depuis votre atelier.<\/li><\/ul><p>L\u2019ensemble de ces prestations est gratuite d\u00e8s lors que vous \u00eates s\u00e9lectionn\u00e9. Artistics se r\u00e9mun\u00e8re uniquement en pr\u00e9levant une commission sur chaque vente.<\/p><p>Ce que nous recherchons :<\/p><p>Artistics propose exclusivement des \u0153uvres originales r\u00e9alis\u00e9es par des artistes vivants dans les domaines suivants : sculpture, peinture, c\u00e9ramique, dessin et photographie.<\/p><p>Les artistes pr\u00e9sents sur Artistics sont s\u00e9lectionn\u00e9s sur la base de leur portfolio et de leur parcours. Toutes les candidatures sont examin\u00e9es par un comit\u00e9 de s\u00e9lection compos\u00e9 des membres d\u2019Artistics et d\u2019un groupe de collectionneurs. Sont examin\u00e9s : la qualit\u00e9 esth\u00e9tique des \u0153uvres, le niveau de ma\u00eetrise technique, le sens de la d\u00e9marche artistique et le parcours de l\u2019artiste.<\/p><p>La d\u00e9cision prise par notre comit\u00e9 de s\u00e9lection n\u2019est pas un jugement sur la qualit\u00e9 ou l\u2019int\u00e9r\u00eat de votre travail. Elle est l\u2019expression des sensibilit\u00e9s qui composent ce comit\u00e9 et se base (au-del\u00e0 des crit\u00e8res mentionn\u00e9s ci-dessus) sur :<\/p><ul class=\"wp-block-list\"><li>notre volont\u00e9 de maintenir une s\u00e9lection coh\u00e9rente.<\/li>\n\n<li>notre appr\u00e9ciation de notre capacit\u00e9 \u00e0 vendre vos oeuvres en ligne.<\/li><\/ul><div style=\"height:35px\" aria-hidden=\"true\" class=\"wp-block-spacer\"><\/div><div class=\"wp-block-group p-4 has-background\" style=\"background-color:#f8f1e0\"><div class=\"wp-block-group__inner-container is-layout-constrained wp-block-group-is-layout-constrained\"><h2 class=\"wp-block-heading\" id=\"h-pour-soumettre-votre-candidature\">Pour soumettre votre candidature :<\/h2>\n\n<div style=\"height:35px\" aria-hidden=\"true\" class=\"wp-block-spacer\"><\/div>\n\n<p>Pour que votre candidature soit examin\u00e9e par notre comit\u00e9 de s\u00e9lection, merci de nous adresser les \u00e9l\u00e9ments suivants \u00e0 : <a href=\"mailto:artistes@artistics.com\">artistes@artistics.com<\/a><\/p>\n\n<ul class=\"wp-block-list\"><li>une s\u00e9lection de 10 \u0153uvres que vous envisagez de pr\u00e9senter sur Artistics (format jpeg ou PDF), en pr\u00e9cisant obligatoirement pour chacune : la technique, l\u2019ann\u00e9e de r\u00e9alisation, le format, le prix envisag\u00e9.<\/li>\n\n<li>un CV d\u00e9crivant votre parcours (formation, expositions, distinctions obtenues) et une pr\u00e9sentation de votre d\u00e9marche.<\/li>\n\n<li>l\u2019adresse de votre site web si vous en poss\u00e9dez un, ou de tout autre portfolio en ligne (Instagram, blog, page sur autre plateforme d\u2019exposition ou de vente).<\/li><\/ul>\n\n<p>Merci d&rsquo;\u00e9viter de nous envoyer des fichiers photo trop lourds par e-mail. Maximum : 6Mo par envoi.<\/p>\n\n<p>Merci de nous pr\u00e9ciser si vous \u00eates d\u00e9j\u00e0 repr\u00e9sent\u00e9 par une galerie et, le cas \u00e9ch\u00e9ant, laquelle (nom et adresse ou site web).<\/p>\n\n<p>N\u2019oubliez pas d\u2019indiquer : nom, pr\u00e9nom et num\u00e9ro de t\u00e9l\u00e9phone afin que nous puissions vous contacter plus facilement.<\/p><\/div><\/div><div style=\"height:35px\" aria-hidden=\"true\" class=\"wp-block-spacer\"><\/div><p>Nous recevons chaque semaine un grand nombre de candidatures. La proc\u00e9dure d\u00e9taill\u00e9e ci-dessus nous permet d\u2019assurer \u00e0 chacun un traitement \u00e9quitable. Par cons\u00e9quent :<\/p><ul class=\"wp-block-list\"><li>Seuls les dossiers soumis via cette proc\u00e9dure seront examin\u00e9s.<\/li>\n\n<li>Seuls les dossiers complets seront examin\u00e9s.<\/li><\/ul><p>Merci de votre compr\u00e9hension et bonne chance !<\/p>","protected":false},"excerpt":{"rendered":"<p>Comment exposer sur Artistics ? Vous \u00eates artiste et vous souhaitez pr\u00e9senter vos \u0153uvres sur Artistics.com ?Nous sommes en permanence \u00e0 la recherche de nouveaux talents. Faisons connaissance ! Nous nous engageons \u00e0 examiner avec attention tous les travaux d\u2019artistes que nous recevons, toutefois, devant l&rsquo;afflux des candidatures, nous ne sommes plus en mesure de [&hellip;]<\/p>\n","protected":false},"author":1,"featured_media":0,"parent":0,"menu_order":0,"comment_status":"closed","ping_status":"closed","template":"","meta":{"_acf_changed":false,"_searchwp_excluded":"","inline_featured_image":false,"footnotes":""},"class_list":["post-1228","page","type-page","status-publish","hentry"],"acf":[],"yoast_head":"<!-- This site is optimized with the Yoast SEO Premium plugin v27.3 (Yoast SEO v27.3) - https:\/\/yoast.com\/product\/yoast-seo-premium-wordpress\/ -->\n<title>Vous \u00eates artiste | Artistics<\/title>\n<meta name=\"robots\" content=\"noindex, follow\" \/>\n<meta property=\"og:locale\" content=\"fr_FR\" \/>\n<meta property=\"og:type\" content=\"article\" \/>\n<meta property=\"og:title\" content=\"Vous \u00eates artiste\" \/>\n<meta property=\"og:description\" content=\"Comment exposer sur Artistics ? Vous \u00eates artiste et vous souhaitez pr\u00e9senter vos \u0153uvres sur Artistics.com ?Nous sommes en permanence \u00e0 la recherche de nouveaux talents. Faisons connaissance ! Nous nous engageons \u00e0 examiner avec attention tous les travaux d\u2019artistes que nous recevons, toutefois, devant l&rsquo;afflux des candidatures, nous ne sommes plus en mesure de [&hellip;]\" \/>\n<meta property=\"og:url\" content=\"https:\/\/artistics.com\/fr\/vous-etes-artiste\/\" \/>\n<meta property=\"og:site_name\" content=\"Artistics\" \/>\n<meta property=\"article:publisher\" content=\"https:\/\/www.facebook.com\/ArtisticsMag\" \/>\n<meta property=\"article:modified_time\" content=\"2024-04-24T08:53:33+00:00\" \/>\n<meta property=\"og:image\" content=\"https:\/\/artistics.com\/wp-content\/uploads\/2023\/04\/artistics-site-image.jpeg\" \/>\n\t<meta property=\"og:image:width\" content=\"1200\" \/>\n\t<meta property=\"og:image:height\" content=\"675\" \/>\n\t<meta property=\"og:image:type\" content=\"image\/jpeg\" \/>\n<meta name=\"twitter:card\" content=\"summary_large_image\" \/>\n<meta name=\"twitter:site\" content=\"@Artistics_FR\" \/>\n<meta name=\"twitter:label1\" content=\"Dur\u00e9e de lecture estim\u00e9e\" \/>\n\t<meta name=\"twitter:data1\" content=\"3 minutes\" \/>\n<script type=\"application\/ld+json\" class=\"yoast-schema-graph\">{\"@context\":\"https:\\\/\\\/schema.org\",\"@graph\":[{\"@type\":\"WebPage\",\"@id\":\"https:\\\/\\\/artistics.com\\\/fr\\\/vous-etes-artiste\\\/\",\"url\":\"https:\\\/\\\/artistics.com\\\/fr\\\/vous-etes-artiste\\\/\",\"name\":\"Vous \u00eates artiste | Artistics\",\"isPartOf\":{\"@id\":\"https:\\\/\\\/artistics.com\\\/fr\\\/#website\"},\"datePublished\":\"2022-09-22T17:19:13+00:00\",\"dateModified\":\"2024-04-24T08:53:33+00:00\",\"breadcrumb\":{\"@id\":\"https:\\\/\\\/artistics.com\\\/fr\\\/vous-etes-artiste\\\/#breadcrumb\"},\"inLanguage\":\"fr-FR\",\"potentialAction\":[{\"@type\":\"ReadAction\",\"target\":[\"https:\\\/\\\/artistics.com\\\/fr\\\/vous-etes-artiste\\\/\"]}]},{\"@type\":\"BreadcrumbList\",\"@id\":\"https:\\\/\\\/artistics.com\\\/fr\\\/vous-etes-artiste\\\/#breadcrumb\",\"itemListElement\":[{\"@type\":\"ListItem\",\"position\":1,\"name\":\"Achat \u0153uvre d'art\",\"item\":\"https:\\\/\\\/artistics.com\\\/fr\\\/\"},{\"@type\":\"ListItem\",\"position\":2,\"name\":\"Vous \u00eates artiste\"}]},{\"@type\":\"WebSite\",\"@id\":\"https:\\\/\\\/artistics.com\\\/fr\\\/#website\",\"url\":\"https:\\\/\\\/artistics.com\\\/fr\\\/\",\"name\":\"Artistics\",\"description\":\"The online art gallery\",\"publisher\":{\"@id\":\"https:\\\/\\\/artistics.com\\\/fr\\\/#organization\"},\"potentialAction\":[{\"@type\":\"SearchAction\",\"target\":{\"@type\":\"EntryPoint\",\"urlTemplate\":\"https:\\\/\\\/artistics.com\\\/fr\\\/?s={search_term_string}\"},\"query-input\":{\"@type\":\"PropertyValueSpecification\",\"valueRequired\":true,\"valueName\":\"search_term_string\"}}],\"inLanguage\":\"fr-FR\"},{\"@type\":\"Organization\",\"@id\":\"https:\\\/\\\/artistics.com\\\/fr\\\/#organization\",\"name\":\"Artistics\",\"url\":\"https:\\\/\\\/artistics.com\\\/fr\\\/\",\"logo\":{\"@type\":\"ImageObject\",\"inLanguage\":\"fr-FR\",\"@id\":\"https:\\\/\\\/artistics.com\\\/fr\\\/#\\\/schema\\\/logo\\\/image\\\/\",\"url\":\"https:\\\/\\\/artistics.com\\\/wp-content\\\/uploads\\\/2023\\\/02\\\/artistics-logo-web-1.svg\",\"contentUrl\":\"https:\\\/\\\/artistics.com\\\/wp-content\\\/uploads\\\/2023\\\/02\\\/artistics-logo-web-1.svg\",\"caption\":\"Artistics\"},\"image\":{\"@id\":\"https:\\\/\\\/artistics.com\\\/fr\\\/#\\\/schema\\\/logo\\\/image\\\/\"},\"sameAs\":[\"https:\\\/\\\/www.facebook.com\\\/ArtisticsMag\",\"https:\\\/\\\/x.com\\\/Artistics_FR\",\"http:\\\/\\\/www.linkedin.com\\\/company\\\/artistics\",\"https:\\\/\\\/www.instagram.com\\\/artistics_com\\\/\",\"http:\\\/\\\/www.pinterest.com\\\/ArtisticsMag\"],\"hasMerchantReturnPolicy\":{\"@type\":\"MerchantReturnPolicy\",\"merchantReturnLink\":\"https:\\\/\\\/artistics.com\\\/free-return-policy\\\/\"}}]}<\/script>\n<!-- \/ Yoast SEO Premium plugin. -->","yoast_head_json":{"title":"Vous \u00eates artiste | Artistics","robots":{"index":"noindex","follow":"follow"},"og_locale":"fr_FR","og_type":"article","og_title":"Vous \u00eates artiste","og_description":"Comment exposer sur Artistics ? Vous \u00eates artiste et vous souhaitez pr\u00e9senter vos \u0153uvres sur Artistics.com ?Nous sommes en permanence \u00e0 la recherche de nouveaux talents. Faisons connaissance ! Nous nous engageons \u00e0 examiner avec attention tous les travaux d\u2019artistes que nous recevons, toutefois, devant l&rsquo;afflux des candidatures, nous ne sommes plus en mesure de [&hellip;]","og_url":"https:\/\/artistics.com\/fr\/vous-etes-artiste\/","og_site_name":"Artistics","article_publisher":"https:\/\/www.facebook.com\/ArtisticsMag","article_modified_time":"2024-04-24T08:53:33+00:00","og_image":[{"width":1200,"height":675,"url":"https:\/\/artistics.com\/wp-content\/uploads\/2023\/04\/artistics-site-image.jpeg","type":"image\/jpeg"}],"twitter_card":"summary_large_image","twitter_site":"@Artistics_FR","twitter_misc":{"Dur\u00e9e de lecture estim\u00e9e":"3 minutes"},"schema":{"@context":"https:\/\/schema.org","@graph":[{"@type":"WebPage","@id":"https:\/\/artistics.com\/fr\/vous-etes-artiste\/","url":"https:\/\/artistics.com\/fr\/vous-etes-artiste\/","name":"Vous \u00eates artiste | Artistics","isPartOf":{"@id":"https:\/\/artistics.com\/fr\/#website"},"datePublished":"2022-09-22T17:19:13+00:00","dateModified":"2024-04-24T08:53:33+00:00","breadcrumb":{"@id":"https:\/\/artistics.com\/fr\/vous-etes-artiste\/#breadcrumb"},"inLanguage":"fr-FR","potentialAction":[{"@type":"ReadAction","target":["https:\/\/artistics.com\/fr\/vous-etes-artiste\/"]}]},{"@type":"BreadcrumbList","@id":"https:\/\/artistics.com\/fr\/vous-etes-artiste\/#breadcrumb","itemListElement":[{"@type":"ListItem","position":1,"name":"Achat \u0153uvre d'art","item":"https:\/\/artistics.com\/fr\/"},{"@type":"ListItem","position":2,"name":"Vous \u00eates artiste"}]},{"@type":"WebSite","@id":"https:\/\/artistics.com\/fr\/#website","url":"https:\/\/artistics.com\/fr\/","name":"Artistics","description":"The online art gallery","publisher":{"@id":"https:\/\/artistics.com\/fr\/#organization"},"potentialAction":[{"@type":"SearchAction","target":{"@type":"EntryPoint","urlTemplate":"https:\/\/artistics.com\/fr\/?s={search_term_string}"},"query-input":{"@type":"PropertyValueSpecification","valueRequired":true,"valueName":"search_term_string"}}],"inLanguage":"fr-FR"},{"@type":"Organization","@id":"https:\/\/artistics.com\/fr\/#organization","name":"Artistics","url":"https:\/\/artistics.com\/fr\/","logo":{"@type":"ImageObject","inLanguage":"fr-FR","@id":"https:\/\/artistics.com\/fr\/#\/schema\/logo\/image\/","url":"https:\/\/artistics.com\/wp-content\/uploads\/2023\/02\/artistics-logo-web-1.svg","contentUrl":"https:\/\/artistics.com\/wp-content\/uploads\/2023\/02\/artistics-logo-web-1.svg","caption":"Artistics"},"image":{"@id":"https:\/\/artistics.com\/fr\/#\/schema\/logo\/image\/"},"sameAs":["https:\/\/www.facebook.com\/ArtisticsMag","https:\/\/x.com\/Artistics_FR","http:\/\/www.linkedin.com\/company\/artistics","https:\/\/www.instagram.com\/artistics_com\/","http:\/\/www.pinterest.com\/ArtisticsMag"],"hasMerchantReturnPolicy":{"@type":"MerchantReturnPolicy","merchantReturnLink":"https:\/\/artistics.com\/free-return-policy\/"}}]}},"_links":{"self":[{"href":"https:\/\/artistics.com\/fr\/wp-json\/wp\/v2\/pages\/1228","targetHints":{"allow":["GET"]}}],"collection":[{"href":"https:\/\/artistics.com\/fr\/wp-json\/wp\/v2\/pages"}],"about":[{"href":"https:\/\/artistics.com\/fr\/wp-json\/wp\/v2\/types\/page"}],"author":[{"embeddable":true,"href":"https:\/\/artistics.com\/fr\/wp-json\/wp\/v2\/users\/1"}],"replies":[{"embeddable":true,"href":"https:\/\/artistics.com\/fr\/wp-json\/wp\/v2\/comments?post=1228"}],"version-history":[{"count":2,"href":"https:\/\/artistics.com\/fr\/wp-json\/wp\/v2\/pages\/1228\/revisions"}],"predecessor-version":[{"id":54371,"href":"https:\/\/artistics.com\/fr\/wp-json\/wp\/v2\/pages\/1228\/revisions\/54371"}],"wp:attachment":[{"href":"https:\/\/artistics.com\/fr\/wp-json\/wp\/v2\/media?parent=1228"}],"curies":[{"name":"wp","href":"https:\/\/api.w.org\/{rel}","templated":true}]}}