{"id":1093,"date":"2022-09-22T19:17:56","date_gmt":"2022-09-22T17:17:56","guid":{"rendered":"https:\/\/2022.devartistics.com\/le-leasing-doeuvres-dart\/"},"modified":"2023-03-09T15:54:54","modified_gmt":"2023-03-09T14:54:54","slug":"le-leasing-doeuvres-dart","status":"publish","type":"page","link":"https:\/\/artistics.com\/fr\/le-leasing-doeuvres-dart\/","title":{"rendered":"Le leasing d&rsquo;oeuvres d&rsquo;art"},"content":{"rendered":"<h2 class=\"wp-block-heading\">Le leasing d&rsquo;oeuvres d&rsquo;art pour les entreprises et les professions lib\u00e9rales<\/h2><div style=\"height:35px\" aria-hidden=\"true\" class=\"wp-block-spacer\"><\/div><div class=\"wp-block-media-text alignfull has-media-on-the-right is-stacked-on-mobile is-vertically-aligned-center\"><div class=\"wp-block-media-text__content\"><p>Salles de r\u00e9ception ou de r\u00e9union, bureaux, halls de si\u00e8ges sociaux&#8230; Le leasing d\u2019\u0153uvres d\u2019art vous permet d\u2019agr\u00e9menter vos locaux professionnels de mani\u00e8re avantageuse.<\/p>\n\n<p>La galerie d\u2019art en ligne Artistics s\u2019est associ\u00e9e \u00e0 la soci\u00e9t\u00e9 Bail Art, leader du leasing d\u2019\u0153uvres d\u2019art, pour proposer aux entreprises et aux professions lib\u00e9rales une solution de location avec option d\u2019achat adapt\u00e9e \u00e0 leurs besoins.<\/p>\n\n<p>Compte tenu des dispositions fiscales valables dans chaque pays, cette offre de leasing ne peut \u00eatre propos\u00e9e qu&rsquo;aux entreprises ou professionnels exer\u00e7ant leur activit\u00e9 <strong>en France ou en Belgique<\/strong>.<\/p><\/div><figure class=\"wp-block-media-text__media\"><img decoding=\"async\" width=\"958\" height=\"603\" src=\"https:\/\/artistics.com\/wp-content\/uploads\/2023\/01\/leasing.jpeg\" alt=\"\" class=\"wp-image-1090 size-full\" srcset=\"https:\/\/artistics.com\/wp-content\/uploads\/2023\/01\/leasing.jpeg 958w, https:\/\/artistics.com\/wp-content\/uploads\/2023\/01\/leasing-300x189.jpeg 300w, https:\/\/artistics.com\/wp-content\/uploads\/2023\/01\/leasing-768x483.jpeg 768w, https:\/\/artistics.com\/wp-content\/uploads\/2023\/01\/leasing-550x346.jpeg 550w, https:\/\/artistics.com\/wp-content\/uploads\/2023\/01\/leasing-180x113.jpeg 180w\" sizes=\"(max-width: 958px) 100vw, 958px\" \/><\/figure><\/div><div style=\"height:55px\" aria-hidden=\"true\" class=\"wp-block-spacer\"><\/div><h2 class=\"wp-block-heading\">Les 4 avantages du leasing d\u2019oeuvres d&rsquo;art<\/h2><div style=\"height:35px\" aria-hidden=\"true\" class=\"wp-block-spacer\"><\/div><div class=\"wp-block-columns is-layout-flex wp-container-core-columns-is-layout-9d6595d7 wp-block-columns-is-layout-flex\"><div class=\"wp-block-column p-4 pb-3 rounded-3 has-background is-layout-flow wp-block-column-is-layout-flow\" style=\"background-color:#efefea\"><p class=\"has-text-align-center\"><strong>REDUCTION D&rsquo;IMP\u00d4T<\/strong><\/p>\n\n<p class=\"small\">Fiscalement, les loyers sont d\u00e9ductibles du r\u00e9sultat imposable et diminuent ainsi l\u2019IS (Entreprises) ou l\u2019IRPP (Professions lib\u00e9rales)<\/p><\/div>\n\n<div class=\"wp-block-column p-4 pb-3 rounded-3 has-background is-layout-flow wp-block-column-is-layout-flow\" style=\"background-color:#efefea\"><p class=\"has-text-align-center\"><strong>\u00c9TALEMENT DES CO\u00dbTS<\/strong><\/p>\n\n<p class=\"small\">La location permet d\u2019\u00e9taler le co\u00fbt de l\u2019achat sur plusieurs ann\u00e9es (de 13 \u00e0 60 mois).<\/p><\/div><\/div><div class=\"wp-block-columns is-layout-flex wp-container-core-columns-is-layout-9d6595d7 wp-block-columns-is-layout-flex\"><div class=\"wp-block-column p-4 pb-3 rounded-3 has-background is-layout-flow wp-block-column-is-layout-flow\" style=\"background-color:#efefea\"><p class=\"has-text-align-center\"><strong>POSSIBILIT\u00c9 D\u2019ACQUISITION \u00c0 MOINDRE CO\u00dbT<\/strong><\/p>\n\n<p class=\"small\">Au terme du contrat de location, vous pouvez lever l\u2019option d\u2019achat afin d\u2019acqu\u00e9rir l\u2019\u0153uvre pour une valeur r\u00e9siduelle correspondant \u00e0 3% de sa valeur initiale.<\/p><\/div>\n\n<div class=\"wp-block-column p-4 pb-3 rounded-3 has-background is-layout-flow wp-block-column-is-layout-flow\" style=\"background-color:#efefea\"><p class=\"has-text-align-center\"><strong>VALORISATION DE VOTRE IMAGE<\/strong><\/p>\n\n<p class=\"small\">La pr\u00e9sence d\u2019\u0153uvres d\u2019art dans vos locaux vous permet d\u2019affirmer votre diff\u00e9rence et de valoriser l\u2019image de votre entreprise aupr\u00e8s de vos partenaires et de vos clients.<\/p><\/div><\/div><p class=\"has-text-align-center\" style=\"font-size:15px\">NB: La location n\u2019alt\u00e8re pas la capacit\u00e9 d\u2019emprunt et all\u00e8ge le haut du bilan (hors IFRS)<\/p><div style=\"height:35px\" aria-hidden=\"true\" class=\"wp-block-spacer\"><\/div><p>L\u2019utilisation de ce type de financement pour l\u2019acquisition d\u2019\u0153uvres d\u2019art entre dans le cadre de la d\u00e9coration et l\u2019am\u00e9nagement des bureaux au compte 6068 du plan comptable g\u00e9n\u00e9ral, au m\u00eame titre que la location de v\u00e9g\u00e9taux, de mobilier ou l\u2019achat d\u2019\u00e9l\u00e9ments d\u2019am\u00e9nagement des espaces professionnels.<\/p><p>En compl\u00e9ment de l\u2019article 238 bis AB du Code G\u00e9n\u00e9ral des Imp\u00f4ts, le leasing favorise l\u2019introduction d\u2019\u0153uvres d\u2019art dans les espaces professionnels. Il soutient la cr\u00e9ation artistique et encourage les soci\u00e9t\u00e9s \u00e0 diffuser les valeurs de cr\u00e9ativit\u00e9 et d\u2019ouverture v\u00e9hicul\u00e9es par l\u2019art.<\/p><div style=\"height:35px\" aria-hidden=\"true\" class=\"wp-block-spacer\"><\/div><h2 class=\"wp-block-heading\">Un exemple concret ?<\/h2><div style=\"height:35px\" aria-hidden=\"true\" class=\"wp-block-spacer\"><\/div><figure class=\"wp-block-table is-style-stripes\"><table class=\"has-fixed-layout\"><tbody><tr><td><\/td><td class=\"has-text-align-center\" data-align=\"center\"><strong>ACHAT DIRECT<\/strong><\/td><td class=\"has-text-align-center\" data-align=\"center\"><strong>LEASING<\/strong><\/td><\/tr><tr><td>Valeur du bien<\/td><td class=\"has-text-align-center\" data-align=\"center\">10 000 \u20ac<\/td><td class=\"has-text-align-center\" data-align=\"center\">10 000\u20ac<\/td><\/tr><tr><td>Achat<\/td><td class=\"has-text-align-center\" data-align=\"center\">Achat comptant non d\u00e9ductible<\/td><td class=\"has-text-align-center\" data-align=\"center\">24 mensualit\u00e9s de 496 \u20ac HT*<br>(paiement \u00e0 \u00e9choir)<\/td><\/tr><tr><td>Propri\u00e9t\u00e9<\/td><td class=\"has-text-align-center\" data-align=\"center\">Actif de l\u2019entreprise<\/td><td class=\"has-text-align-center\" data-align=\"center\">Lev\u00e9e de l\u2019option d\u2019achat possible par l\u2019entreprise<\/td><\/tr><tr><td>Economie d&rsquo;imp\u00f4t g\u00e9n\u00e9r\u00e9e<\/td><td class=\"has-text-align-center\" data-align=\"center\">0 \u20ac<\/td><td class=\"has-text-align-center\" data-align=\"center\">3 847 \u20ac <\/td><\/tr><tr><td>Co\u00fbt global <\/td><td class=\"has-text-align-center\" data-align=\"center\">10 000 \u20ac<\/td><td class=\"has-text-align-center\" data-align=\"center\">8 064 \u20ac<\/td><\/tr><\/tbody><\/table><figcaption class=\"wp-element-caption\"><br>* Calcul de l\u2019\u00e9conomie : 496 \u20ac de charges permettent 160 \u20ac d\u2019\u00e9conomie d\u2019imp\u00f4t mensuelle multipli\u00e9 par 24 mois = 3 847 \u20ac d\u2019\u00e9conomie totale sur la dur\u00e9e du contrat.<br><\/figcaption><\/figure><div style=\"height:35px\" aria-hidden=\"true\" class=\"wp-block-spacer\"><\/div><h2 class=\"wp-block-heading\">Pourquoi louer des \u0153uvres d\u2019art s\u00e9lectionn\u00e9es par Artistics ?<\/h2><div style=\"height:35px\" aria-hidden=\"true\" class=\"wp-block-spacer\"><\/div><p class=\"has-text-align-left\"><strong>LA QUALIT\u00c9 ET LA DIVERSIT\u00c9 DU CHOIX<\/strong><\/p><ul class=\"wp-block-list\"><li>Artistics repr\u00e9sente plusieurs dizaines d\u2019artistes internationaux, s\u00e9lectionn\u00e9s par des experts.<\/li>\n\n<li>Nous vous proposons pr\u00e8s de deux mille oeuvres (peintures, sculptures et photos) dans une grande vari\u00e9t\u00e9 de styles et de th\u00e8mes.<\/li>\n\n<li>Sur demande, nos \u00e9quipes identifient des artistes qui correspondent plus pr\u00e9cis\u00e9ment \u00e0 vos recherches.<\/li>\n\n<li>Vous pouvez faire appel \u00e0 l\u2019un de nos artistes pour r\u00e9aliser une commande sp\u00e9ciale.<\/li><\/ul><p class=\"has-text-align-left mt-4\"><strong>L\u2019 ACCOMPAGNEMENT PERSONNALIS\u00c9<\/strong><\/p><ul class=\"wp-block-list\"><li>Artistics vous apporte un conseil et un accompagnement sur-mesure, quel que soit votre budget.<\/li>\n\n<li>Nous analysons vos exigences et vos contraintes pour vous proposer une s\u00e9lection d\u2019\u0153uvres personnalis\u00e9e.<\/li>\n\n<li>Nous vous soumettons des recommandations d\u2019accrochage, et d\u2019installation des \u0153uvres dans vos locaux.<\/li><\/ul><div class=\"wp-block-group alignfull has-text-color has-background\" style=\"color:#000000;background-color:#ffffff\"><div class=\"wp-block-group__inner-container is-layout-flow wp-block-group-is-layout-flow\"><div style=\"height:64px\" aria-hidden=\"true\" class=\"wp-block-spacer\"><\/div>\n\n<p class=\"has-text-align-center has-small-font-size\" style=\"line-height:.9\"><strong>POUR PLUS D&rsquo;INFORMATIONS<\/strong><\/p>\n\n<div class=\"wp-block-buttons is-horizontal is-content-justification-center is-layout-flex wp-container-core-buttons-is-layout-499968f5 wp-block-buttons-is-layout-flex\"><div class=\"wp-block-button has-custom-width wp-block-button__width-25 artcs-contact-us\"><a class=\"wp-block-button__link has-text-color has-background wp-element-button\" style=\"border-radius:50px;color:#ffffff;background-color:#000000\">Contactez-nous<\/a><\/div><\/div>\n\n<div style=\"height:64px\" aria-hidden=\"true\" class=\"wp-block-spacer\"><\/div><\/div><\/div>","protected":false},"excerpt":{"rendered":"<p>Le leasing d&rsquo;oeuvres d&rsquo;art pour les entreprises et les professions lib\u00e9rales Salles de r\u00e9ception ou de r\u00e9union, bureaux, halls de si\u00e8ges sociaux&#8230; Le leasing d\u2019\u0153uvres d\u2019art vous permet d\u2019agr\u00e9menter vos locaux professionnels de mani\u00e8re avantageuse. La galerie d\u2019art en ligne Artistics s\u2019est associ\u00e9e \u00e0 la soci\u00e9t\u00e9 Bail Art, leader du leasing d\u2019\u0153uvres d\u2019art, pour proposer [&hellip;]<\/p>\n","protected":false},"author":1,"featured_media":0,"parent":0,"menu_order":0,"comment_status":"closed","ping_status":"closed","template":"","meta":{"_acf_changed":false,"_searchwp_excluded":"","inline_featured_image":false,"footnotes":""},"class_list":["post-1093","page","type-page","status-publish","hentry"],"acf":[],"yoast_head":"<!-- This site is optimized with the Yoast SEO Premium plugin v27.3 (Yoast SEO v27.3) - https:\/\/yoast.com\/product\/yoast-seo-premium-wordpress\/ -->\n<title>Le leasing d&#039;oeuvres d&#039;art | Artistics<\/title>\n<meta name=\"robots\" content=\"index, follow, max-snippet:-1, max-image-preview:large, max-video-preview:-1\" \/>\n<link rel=\"canonical\" href=\"https:\/\/artistics.com\/fr\/le-leasing-doeuvres-dart\/\" \/>\n<meta property=\"og:locale\" content=\"fr_FR\" \/>\n<meta property=\"og:type\" content=\"article\" \/>\n<meta property=\"og:title\" content=\"Le leasing d&#039;oeuvres d&#039;art\" \/>\n<meta property=\"og:description\" content=\"Le leasing d&rsquo;oeuvres d&rsquo;art pour les entreprises et les professions lib\u00e9rales Salles de r\u00e9ception ou de r\u00e9union, bureaux, halls de si\u00e8ges sociaux&#8230; Le leasing d\u2019\u0153uvres d\u2019art vous permet d\u2019agr\u00e9menter vos locaux professionnels de mani\u00e8re avantageuse. La galerie d\u2019art en ligne Artistics s\u2019est associ\u00e9e \u00e0 la soci\u00e9t\u00e9 Bail Art, leader du leasing d\u2019\u0153uvres d\u2019art, pour proposer [&hellip;]\" \/>\n<meta property=\"og:url\" content=\"https:\/\/artistics.com\/fr\/le-leasing-doeuvres-dart\/\" \/>\n<meta property=\"og:site_name\" content=\"Artistics\" \/>\n<meta property=\"article:publisher\" content=\"https:\/\/www.facebook.com\/ArtisticsMag\" \/>\n<meta property=\"article:modified_time\" content=\"2023-03-09T14:54:54+00:00\" \/>\n<meta property=\"og:image\" content=\"https:\/\/artistics.com\/wp-content\/uploads\/2023\/01\/leasing.jpeg\" \/>\n<meta name=\"twitter:card\" content=\"summary_large_image\" \/>\n<meta name=\"twitter:site\" content=\"@Artistics_FR\" \/>\n<meta name=\"twitter:label1\" content=\"Dur\u00e9e de lecture estim\u00e9e\" \/>\n\t<meta name=\"twitter:data1\" content=\"3 minutes\" \/>\n<script type=\"application\/ld+json\" class=\"yoast-schema-graph\">{\"@context\":\"https:\\\/\\\/schema.org\",\"@graph\":[{\"@type\":\"WebPage\",\"@id\":\"https:\\\/\\\/artistics.com\\\/fr\\\/le-leasing-doeuvres-dart\\\/\",\"url\":\"https:\\\/\\\/artistics.com\\\/fr\\\/le-leasing-doeuvres-dart\\\/\",\"name\":\"Le leasing d'oeuvres d'art | Artistics\",\"isPartOf\":{\"@id\":\"https:\\\/\\\/artistics.com\\\/fr\\\/#website\"},\"primaryImageOfPage\":{\"@id\":\"https:\\\/\\\/artistics.com\\\/fr\\\/le-leasing-doeuvres-dart\\\/#primaryimage\"},\"image\":{\"@id\":\"https:\\\/\\\/artistics.com\\\/fr\\\/le-leasing-doeuvres-dart\\\/#primaryimage\"},\"thumbnailUrl\":\"https:\\\/\\\/artistics.com\\\/wp-content\\\/uploads\\\/2023\\\/01\\\/leasing.jpeg\",\"datePublished\":\"2022-09-22T17:17:56+00:00\",\"dateModified\":\"2023-03-09T14:54:54+00:00\",\"breadcrumb\":{\"@id\":\"https:\\\/\\\/artistics.com\\\/fr\\\/le-leasing-doeuvres-dart\\\/#breadcrumb\"},\"inLanguage\":\"fr-FR\",\"potentialAction\":[{\"@type\":\"ReadAction\",\"target\":[\"https:\\\/\\\/artistics.com\\\/fr\\\/le-leasing-doeuvres-dart\\\/\"]}]},{\"@type\":\"ImageObject\",\"inLanguage\":\"fr-FR\",\"@id\":\"https:\\\/\\\/artistics.com\\\/fr\\\/le-leasing-doeuvres-dart\\\/#primaryimage\",\"url\":\"https:\\\/\\\/artistics.com\\\/wp-content\\\/uploads\\\/2023\\\/01\\\/leasing.jpeg\",\"contentUrl\":\"https:\\\/\\\/artistics.com\\\/wp-content\\\/uploads\\\/2023\\\/01\\\/leasing.jpeg\"},{\"@type\":\"BreadcrumbList\",\"@id\":\"https:\\\/\\\/artistics.com\\\/fr\\\/le-leasing-doeuvres-dart\\\/#breadcrumb\",\"itemListElement\":[{\"@type\":\"ListItem\",\"position\":1,\"name\":\"Achat \u0153uvre d'art\",\"item\":\"https:\\\/\\\/artistics.com\\\/fr\\\/\"},{\"@type\":\"ListItem\",\"position\":2,\"name\":\"Le leasing d&rsquo;oeuvres d&rsquo;art\"}]},{\"@type\":\"WebSite\",\"@id\":\"https:\\\/\\\/artistics.com\\\/fr\\\/#website\",\"url\":\"https:\\\/\\\/artistics.com\\\/fr\\\/\",\"name\":\"Artistics\",\"description\":\"The online art gallery\",\"publisher\":{\"@id\":\"https:\\\/\\\/artistics.com\\\/fr\\\/#organization\"},\"potentialAction\":[{\"@type\":\"SearchAction\",\"target\":{\"@type\":\"EntryPoint\",\"urlTemplate\":\"https:\\\/\\\/artistics.com\\\/fr\\\/?s={search_term_string}\"},\"query-input\":{\"@type\":\"PropertyValueSpecification\",\"valueRequired\":true,\"valueName\":\"search_term_string\"}}],\"inLanguage\":\"fr-FR\"},{\"@type\":\"Organization\",\"@id\":\"https:\\\/\\\/artistics.com\\\/fr\\\/#organization\",\"name\":\"Artistics\",\"url\":\"https:\\\/\\\/artistics.com\\\/fr\\\/\",\"logo\":{\"@type\":\"ImageObject\",\"inLanguage\":\"fr-FR\",\"@id\":\"https:\\\/\\\/artistics.com\\\/fr\\\/#\\\/schema\\\/logo\\\/image\\\/\",\"url\":\"https:\\\/\\\/artistics.com\\\/wp-content\\\/uploads\\\/2023\\\/02\\\/artistics-logo-web-1.svg\",\"contentUrl\":\"https:\\\/\\\/artistics.com\\\/wp-content\\\/uploads\\\/2023\\\/02\\\/artistics-logo-web-1.svg\",\"caption\":\"Artistics\"},\"image\":{\"@id\":\"https:\\\/\\\/artistics.com\\\/fr\\\/#\\\/schema\\\/logo\\\/image\\\/\"},\"sameAs\":[\"https:\\\/\\\/www.facebook.com\\\/ArtisticsMag\",\"https:\\\/\\\/x.com\\\/Artistics_FR\",\"http:\\\/\\\/www.linkedin.com\\\/company\\\/artistics\",\"https:\\\/\\\/www.instagram.com\\\/artistics_com\\\/\",\"http:\\\/\\\/www.pinterest.com\\\/ArtisticsMag\"],\"hasMerchantReturnPolicy\":{\"@type\":\"MerchantReturnPolicy\",\"merchantReturnLink\":\"https:\\\/\\\/artistics.com\\\/free-return-policy\\\/\"}}]}<\/script>\n<!-- \/ Yoast SEO Premium plugin. -->","yoast_head_json":{"title":"Le leasing d'oeuvres d'art | Artistics","robots":{"index":"index","follow":"follow","max-snippet":"max-snippet:-1","max-image-preview":"max-image-preview:large","max-video-preview":"max-video-preview:-1"},"canonical":"https:\/\/artistics.com\/fr\/le-leasing-doeuvres-dart\/","og_locale":"fr_FR","og_type":"article","og_title":"Le leasing d'oeuvres d'art","og_description":"Le leasing d&rsquo;oeuvres d&rsquo;art pour les entreprises et les professions lib\u00e9rales Salles de r\u00e9ception ou de r\u00e9union, bureaux, halls de si\u00e8ges sociaux&#8230; Le leasing d\u2019\u0153uvres d\u2019art vous permet d\u2019agr\u00e9menter vos locaux professionnels de mani\u00e8re avantageuse. La galerie d\u2019art en ligne Artistics s\u2019est associ\u00e9e \u00e0 la soci\u00e9t\u00e9 Bail Art, leader du leasing d\u2019\u0153uvres d\u2019art, pour proposer [&hellip;]","og_url":"https:\/\/artistics.com\/fr\/le-leasing-doeuvres-dart\/","og_site_name":"Artistics","article_publisher":"https:\/\/www.facebook.com\/ArtisticsMag","article_modified_time":"2023-03-09T14:54:54+00:00","og_image":[{"url":"https:\/\/artistics.com\/wp-content\/uploads\/2023\/01\/leasing.jpeg","type":"","width":"","height":""}],"twitter_card":"summary_large_image","twitter_site":"@Artistics_FR","twitter_misc":{"Dur\u00e9e de lecture estim\u00e9e":"3 minutes"},"schema":{"@context":"https:\/\/schema.org","@graph":[{"@type":"WebPage","@id":"https:\/\/artistics.com\/fr\/le-leasing-doeuvres-dart\/","url":"https:\/\/artistics.com\/fr\/le-leasing-doeuvres-dart\/","name":"Le leasing d'oeuvres d'art | Artistics","isPartOf":{"@id":"https:\/\/artistics.com\/fr\/#website"},"primaryImageOfPage":{"@id":"https:\/\/artistics.com\/fr\/le-leasing-doeuvres-dart\/#primaryimage"},"image":{"@id":"https:\/\/artistics.com\/fr\/le-leasing-doeuvres-dart\/#primaryimage"},"thumbnailUrl":"https:\/\/artistics.com\/wp-content\/uploads\/2023\/01\/leasing.jpeg","datePublished":"2022-09-22T17:17:56+00:00","dateModified":"2023-03-09T14:54:54+00:00","breadcrumb":{"@id":"https:\/\/artistics.com\/fr\/le-leasing-doeuvres-dart\/#breadcrumb"},"inLanguage":"fr-FR","potentialAction":[{"@type":"ReadAction","target":["https:\/\/artistics.com\/fr\/le-leasing-doeuvres-dart\/"]}]},{"@type":"ImageObject","inLanguage":"fr-FR","@id":"https:\/\/artistics.com\/fr\/le-leasing-doeuvres-dart\/#primaryimage","url":"https:\/\/artistics.com\/wp-content\/uploads\/2023\/01\/leasing.jpeg","contentUrl":"https:\/\/artistics.com\/wp-content\/uploads\/2023\/01\/leasing.jpeg"},{"@type":"BreadcrumbList","@id":"https:\/\/artistics.com\/fr\/le-leasing-doeuvres-dart\/#breadcrumb","itemListElement":[{"@type":"ListItem","position":1,"name":"Achat \u0153uvre d'art","item":"https:\/\/artistics.com\/fr\/"},{"@type":"ListItem","position":2,"name":"Le leasing d&rsquo;oeuvres d&rsquo;art"}]},{"@type":"WebSite","@id":"https:\/\/artistics.com\/fr\/#website","url":"https:\/\/artistics.com\/fr\/","name":"Artistics","description":"The online art gallery","publisher":{"@id":"https:\/\/artistics.com\/fr\/#organization"},"potentialAction":[{"@type":"SearchAction","target":{"@type":"EntryPoint","urlTemplate":"https:\/\/artistics.com\/fr\/?s={search_term_string}"},"query-input":{"@type":"PropertyValueSpecification","valueRequired":true,"valueName":"search_term_string"}}],"inLanguage":"fr-FR"},{"@type":"Organization","@id":"https:\/\/artistics.com\/fr\/#organization","name":"Artistics","url":"https:\/\/artistics.com\/fr\/","logo":{"@type":"ImageObject","inLanguage":"fr-FR","@id":"https:\/\/artistics.com\/fr\/#\/schema\/logo\/image\/","url":"https:\/\/artistics.com\/wp-content\/uploads\/2023\/02\/artistics-logo-web-1.svg","contentUrl":"https:\/\/artistics.com\/wp-content\/uploads\/2023\/02\/artistics-logo-web-1.svg","caption":"Artistics"},"image":{"@id":"https:\/\/artistics.com\/fr\/#\/schema\/logo\/image\/"},"sameAs":["https:\/\/www.facebook.com\/ArtisticsMag","https:\/\/x.com\/Artistics_FR","http:\/\/www.linkedin.com\/company\/artistics","https:\/\/www.instagram.com\/artistics_com\/","http:\/\/www.pinterest.com\/ArtisticsMag"],"hasMerchantReturnPolicy":{"@type":"MerchantReturnPolicy","merchantReturnLink":"https:\/\/artistics.com\/free-return-policy\/"}}]}},"_links":{"self":[{"href":"https:\/\/artistics.com\/fr\/wp-json\/wp\/v2\/pages\/1093","targetHints":{"allow":["GET"]}}],"collection":[{"href":"https:\/\/artistics.com\/fr\/wp-json\/wp\/v2\/pages"}],"about":[{"href":"https:\/\/artistics.com\/fr\/wp-json\/wp\/v2\/types\/page"}],"author":[{"embeddable":true,"href":"https:\/\/artistics.com\/fr\/wp-json\/wp\/v2\/users\/1"}],"replies":[{"embeddable":true,"href":"https:\/\/artistics.com\/fr\/wp-json\/wp\/v2\/comments?post=1093"}],"version-history":[{"count":0,"href":"https:\/\/artistics.com\/fr\/wp-json\/wp\/v2\/pages\/1093\/revisions"}],"wp:attachment":[{"href":"https:\/\/artistics.com\/fr\/wp-json\/wp\/v2\/media?parent=1093"}],"curies":[{"name":"wp","href":"https:\/\/api.w.org\/{rel}","templated":true}]}}